{"id":24242,"date":"2023-07-10T10:29:51","date_gmt":"2023-07-10T14:29:51","guid":{"rendered":"https:\/\/enertik.com\/cl\/?post_type=product&#038;p=24242"},"modified":"2026-04-09T04:28:19","modified_gmt":"2026-04-09T08:28:19","slug":"bateria-de-litio-ritar-48v-100ah-4-8kwh","status":"publish","type":"product","link":"https:\/\/enertik.com\/cl\/tienda\/baterias\/litio\/bateria-de-litio-ritar-48v-100ah-48kwh\/","title":{"rendered":"Bater\u00eda de Litio &#8211; Ritar 48V 100Ah (4.8kWh)"},"content":{"rendered":"\t\t<div data-elementor-type=\"product-post\" data-elementor-id=\"24242\" class=\"elementor elementor-24242\" data-elementor-post-type=\"product\">\n\t\t\t\t\t\t<section class=\"wd-negative-gap elementor-section elementor-top-section elementor-element elementor-element-a656b70 Product_Description elementor-section-boxed elementor-section-height-default elementor-section-height-default\" data-id=\"a656b70\" data-element_type=\"section\" data-e-type=\"section\">\n\t\t\t\t\t\t<div class=\"elementor-container elementor-column-gap-default\">\n\t\t\t\t\t<div class=\"elementor-column elementor-col-100 elementor-top-column elementor-element elementor-element-fe43622\" data-id=\"fe43622\" data-element_type=\"column\" data-e-type=\"column\" data-settings=\"{&quot;background_background&quot;:&quot;classic&quot;}\">\n\t\t\t<div class=\"elementor-widget-wrap elementor-element-populated\">\n\t\t\t\t\t\t<section class=\"wd-negative-gap elementor-section elementor-inner-section elementor-element elementor-element-9ba1238 elementor-section-boxed elementor-section-height-default elementor-section-height-default\" data-id=\"9ba1238\" data-element_type=\"section\" data-e-type=\"section\">\n\t\t\t\t\t\t<div class=\"elementor-container elementor-column-gap-default\">\n\t\t\t\t\t<div class=\"elementor-column elementor-col-100 elementor-inner-column elementor-element elementor-element-2c1cf09\" data-id=\"2c1cf09\" data-element_type=\"column\" data-e-type=\"column\">\n\t\t\t<div class=\"elementor-widget-wrap elementor-element-populated\">\n\t\t\t\t\t\t<div class=\"elementor-element elementor-element-4977bff elementor-widget elementor-widget-wd_tabs\" data-id=\"4977bff\" data-element_type=\"widget\" data-e-type=\"widget\" data-widget_type=\"wd_tabs.default\">\n\t\t\t\t<div class=\"elementor-widget-container\">\n\t\t\t\t\t\t\t<div class=\"wd-tabs tabs-design-default\">\n\t\t\t<div class=\"wd-tabs-header text-center\">\n\t\t\t\t\n\t\t\t\t\n\t\t\t\t<div class=\"wd-nav-wrapper wd-nav-tabs-wrapper wd-mb-action-swipe\">\n\t\t\t\t\t<ul class=\"wd-nav wd-nav-tabs wd-icon-pos-left wd-style-underline\">\n\t\t\t\t\t\t\t\t\t\t\t\t\t\n\t\t\t\t\t\t\t<li>\n\t\t\t\t\t\t\t\t<a href=\"#\" class=\"wd-nav-link\">\n\t\t\t\t\t\t\t\t\t\n\t\t\t\t\t\t\t\t\t<span class=\"nav-link-text wd-tabs-title\">\n\t\t\t\t\t\t\t\t\t\tDESCRIPCI\u00d3N\t\t\t\t\t\t\t\t\t<\/span>\n\t\t\t\t\t\t\t\t<\/a>\n\t\t\t\t\t\t\t<\/li>\n\n\t\t\t\t\t\t\t\t\t\t\t\t\t\n\t\t\t\t\t\t\t<li>\n\t\t\t\t\t\t\t\t<a href=\"#\" class=\"wd-nav-link\">\n\t\t\t\t\t\t\t\t\t\n\t\t\t\t\t\t\t\t\t<span class=\"nav-link-text wd-tabs-title\">\n\t\t\t\t\t\t\t\t\t\tESPECIFICACIONES\t\t\t\t\t\t\t\t\t<\/span>\n\t\t\t\t\t\t\t\t<\/a>\n\t\t\t\t\t\t\t<\/li>\n\n\t\t\t\t\t\t\t\t\t\t\t<\/ul>\n\t\t\t\t<\/div>\n\t\t\t<\/div>\n\n\t\t\t<div class=\"wd-tabs-content-wrapper\">\n\t\t\t\t\t\t\t\t\t\t\t\t\t\t\n\t\t\t\t\t<div class=\"wd-tab-content wd-entry-content\">\n\t\t\t\t\t\t\t\t\t\t\t\t\t<div >\n\t\t\t\t\t\t\t\t<h2>VENTAJAS<\/h2><ul><li>Expectativa de vida de la bater\u00eda mayor a 10 a\u00f1os (dependiendo de las condiciones de uso)<\/li><li>Hecha con materias de LiFePO4, retiene 80% de capacidad inicial despu\u00e9s de pasar 3500 ciclos de 100%DoD<\/li><li>Alta potencia espec\u00edfica. Capacidad de ofrecer corrientes muy altas<\/li><li>Alta densidad energ\u00e9tica con sistema de gesti\u00f3n y protecci\u00f3n inteligente avanzado independientes para carga y descarga<\/li><li>Disyuntor integrado<\/li><li>Excelente recuperaci\u00f3n de la descarga profunda<\/li><li>Dise\u00f1o est\u00e1ndar 3U 19\u201d para estar instalada en gabinetes de aparatos electr\u00f3nicos modulares<\/li><li>Permite montaje en pared<\/li><li>Barra de leds indicadores de porcentajes de carga<\/li><li>Funcionamiento en paralelo hasta 15 unidades<\/li><li>Puede funcionar con la mayor\u00eda de las marcas de inversores<\/li><li>Sin mantenimiento<\/li><\/ul>\t\t\t\t\t\t\t<\/div>\n\t\t\t\t\t\t\t\t\t\t\t<\/div>\n\n\t\t\t\t\t\t\t\t\t\t\t\t\t\t\n\t\t\t\t\t<div class=\"wd-tab-content wd-entry-content\">\n\t\t\t\t\t\t\t\t\t\t\t\t\t<div >\n\t\t\t\t\t\t\t\t<table>\n<tbody>\n<tr>\n<td class=\"tbLeft\">Marca<\/td>\n<td>Ritar<\/td>\n<\/tr>\n<tr class=\"tbBorderNone\">\n<td class=\"tbLeft\">Modelo<\/td>\n<td>R-LFP48V100Ah<\/td>\n<\/tr>\n<tr>\n<td class=\"tbTit\" colspan=\"3\">Especificaciones el\u00e9ctricas<\/td>\n<\/tr>\n<tr>\n<td class=\"tbLeft\">Tensi\u00f3n nominal<\/td>\n<td>48V<\/td>\n<\/tr>\n<tr>\n<td class=\"tbLeft\">Capacidad nominal<\/td>\n<td>100Ah<\/td>\n<\/tr>\n<tr class=\"tbBorderNone\">\n<td class=\"tbLeft\">Capacidad energ\u00e9tica total<\/td>\n<td>4800Wh<\/td>\n<\/tr>\n<tr>\n<td class=\"tbTit\" colspan=\"3\">Datos de carga y descarga<\/td>\n<\/tr>\n<tr>\n<td class=\"tbLeft\">Corriente de carga m\u00e1xima<\/td>\n<td>100A<\/td>\n<\/tr>\n<tr>\n<td class=\"tbLeft\">Corriente de carga recomendada<\/td>\n<td>50A<\/td>\n<\/tr>\n<tr>\n<td class=\"tbLeft\">Rango de tensi\u00f3n de carga<\/td>\n<td>52.5 ~ 54.0V<\/td>\n<\/tr>\n<tr>\n<td class=\"tbLeft\">Tensi\u00f3n de ecualizaci\u00f3n recomendada<\/td>\n<td>52.5V<\/td>\n<\/tr>\n<tr>\n<td class=\"tbLeft\">Tensi\u00f3n de flote recomendada<\/td>\n<td>50.5V<\/td>\n<\/tr>\n<tr>\n<td class=\"tbLeft\">Corriente de descarga m\u00e1xima continua<\/td>\n<td>100A<\/td>\n<\/tr>\n<tr>\n<td class=\"tbLeft\">Corriente de descarga en pico<\/td>\n<td>150A @2 segundos<\/td>\n<\/tr>\n<tr>\n<td class=\"tbLeft\">Tensi\u00f3n de descarga completa<\/td>\n<td>42V (Aplicaciones de respaldo) \/ 45V (Aplicaciones de ciclos)<\/td>\n<\/tr>\n<tr class=\"tbBorderNone\">\n<td class=\"tbLeft\">Resistencia interna<\/td>\n<td>&lt;10 m\u03a9<\/td>\n<\/tr>\n<tr>\n<td class=\"tbTit\" colspan=\"3\">Datos de la bater\u00eda<\/td>\n<\/tr>\n<tr>\n<td class=\"tbLeft\">Vida \u00fatil<\/td>\n<td>&gt; 10 a\u00f1os \u2502&gt;3500 ciclos<\/td>\n<\/tr>\n<tr>\n<td class=\"tbLeft\">Protecciones<\/td>\n<td>Cortocircuito, Sobretensi\u00f3n, Baja tensi\u00f3n, Sobrecorriente\n\nSobretemperatura, Baja temperatura<\/td>\n<\/tr>\n<tr>\n<td class=\"tbLeft\">Conexi\u00f3n en paralelo<\/td>\n<td>M\u00e1x. 15 unidades<\/td>\n<\/tr>\n<tr class=\"tbBorderNone\">\n<td class=\"tbLeft\">Interfaz de comunicaci\u00f3n<\/td>\n<td>RS485, CAN<\/td>\n<\/tr>\n<tr>\n<td class=\"tbTit\" colspan=\"3\">Ambiente<\/td>\n<\/tr>\n<tr>\n<td class=\"tbLeft\">Temperatura de trabajo<\/td>\n<td>0~+55\u00b0C<\/td>\n<\/tr>\n<tr>\n<td class=\"tbLeft\">Humedad<\/td>\n<td>0~95% RH (sin condensaci\u00f3n)<\/td>\n<\/tr>\n<tr>\n<td class=\"tbLeft\">Altitud<\/td>\n<td>&lt; 2000 m.s.n.m<\/td>\n<\/tr>\n<tr>\n<td class=\"tbLeft\">Dimensiones (mm)<\/td>\n<td>442 x 400 x 130.5<\/td>\n<\/tr>\n<tr>\n<td class=\"tbLeft\">Peso neto (kg)<\/td>\n<td>38.7<\/td>\n<\/tr>\n<\/tbody>\n<\/table>\t\t\t\t\t\t\t<\/div>\n\t\t\t\t\t\t\t\t\t\t\t<\/div>\n\n\t\t\t\t\t\t\t<\/div>\n\t\t<\/div>\n\t\t\t\t\t\t<\/div>\n\t\t\t\t<\/div>\n\t\t\t\t\t<\/div>\n\t\t<\/div>\n\t\t\t\t\t<\/div>\n\t\t<\/section>\n\t\t\t\t\t<\/div>\n\t\t<\/div>\n\t\t\t\t\t<\/div>\n\t\t<\/section>\n\t\t\t\t<section class=\"wd-negative-gap elementor-section elementor-top-section elementor-element elementor-element-d3d5b05 Link_Buttons elementor-section-boxed elementor-section-height-default elementor-section-height-default\" data-id=\"d3d5b05\" data-element_type=\"section\" data-e-type=\"section\" data-settings=\"{&quot;background_background&quot;:&quot;classic&quot;}\">\n\t\t\t\t\t\t<div class=\"elementor-container elementor-column-gap-custom\">\n\t\t\t\t\t<div class=\"elementor-column elementor-col-16 elementor-top-column elementor-element elementor-element-f13d3de\" data-id=\"f13d3de\" data-element_type=\"column\" data-e-type=\"column\">\n\t\t\t<div class=\"elementor-widget-wrap elementor-element-populated\">\n\t\t\t\t\t\t<div class=\"elementor-element elementor-element-8ddc495 elementor-view-framed elementor-shape-circle elementor-position-block-start elementor-mobile-position-block-start elementor-widget elementor-widget-icon-box\" data-id=\"8ddc495\" data-element_type=\"widget\" data-e-type=\"widget\" data-widget_type=\"icon-box.default\">\n\t\t\t\t\t\t\t<div class=\"elementor-icon-box-wrapper\">\n\n\t\t\t\t\t\t<div class=\"elementor-icon-box-icon\">\n\t\t\t\t<a href=\"https:\/\/enertik.com\/wp-content\/uploads\/sites\/3\/documentos\/manuales\/user-guide-rack-type-48v-51.2v-ress-battery-v1.1.pdf\" target=\"_blank\" class=\"elementor-icon\" tabindex=\"-1\">\n\t\t\t\t<svg aria-hidden=\"true\" class=\"e-font-icon-svg e-fas-book\" viewBox=\"0 0 448 512\" xmlns=\"http:\/\/www.w3.org\/2000\/svg\"><path d=\"M448 360V24c0-13.3-10.7-24-24-24H96C43 0 0 43 0 96v320c0 53 43 96 96 96h328c13.3 0 24-10.7 24-24v-16c0-7.5-3.5-14.3-8.9-18.7-4.2-15.4-4.2-59.3 0-74.7 5.4-4.3 8.9-11.1 8.9-18.6zM128 134c0-3.3 2.7-6 6-6h212c3.3 0 6 2.7 6 6v20c0 3.3-2.7 6-6 6H134c-3.3 0-6-2.7-6-6v-20zm0 64c0-3.3 2.7-6 6-6h212c3.3 0 6 2.7 6 6v20c0 3.3-2.7 6-6 6H134c-3.3 0-6-2.7-6-6v-20zm253.4 250H96c-17.7 0-32-14.3-32-32 0-17.6 14.4-32 32-32h285.4c-1.9 17.1-1.9 46.9 0 64z\"><\/path><\/svg>\t\t\t\t<\/a>\n\t\t\t<\/div>\n\t\t\t\n\t\t\t\t\t\t<div class=\"elementor-icon-box-content\">\n\n\t\t\t\t\n\t\t\t\t\t\t\t\t\t<p class=\"elementor-icon-box-description\">\n\t\t\t\t\t\tMANUAL\t\t\t\t\t<\/p>\n\t\t\t\t\n\t\t\t<\/div>\n\t\t\t\n\t\t<\/div>\n\t\t\t\t\t\t<\/div>\n\t\t\t\t\t<\/div>\n\t\t<\/div>\n\t\t\t\t<div class=\"elementor-column elementor-col-16 elementor-top-column elementor-element elementor-element-f847fb1\" data-id=\"f847fb1\" data-element_type=\"column\" data-e-type=\"column\">\n\t\t\t<div class=\"elementor-widget-wrap elementor-element-populated\">\n\t\t\t\t\t\t<div class=\"elementor-element elementor-element-395fefc elementor-view-framed elementor-shape-circle elementor-position-block-start elementor-mobile-position-block-start elementor-widget elementor-widget-icon-box\" data-id=\"395fefc\" data-element_type=\"widget\" data-e-type=\"widget\" data-widget_type=\"icon-box.default\">\n\t\t\t\t\t\t\t<div class=\"elementor-icon-box-wrapper\">\n\n\t\t\t\t\t\t<div class=\"elementor-icon-box-icon\">\n\t\t\t\t<a href=\"https:\/\/enertik.com\/wp-content\/uploads\/sites\/3\/documentos\/folletos\/datasheet_-48v100ah-li-ion-battery-rack-type-for-ress-v1.1.pdf\" target=\"_blank\" class=\"elementor-icon\" tabindex=\"-1\">\n\t\t\t\t<svg aria-hidden=\"true\" class=\"e-font-icon-svg e-fas-book-open\" viewBox=\"0 0 576 512\" xmlns=\"http:\/\/www.w3.org\/2000\/svg\"><path d=\"M542.22 32.05c-54.8 3.11-163.72 14.43-230.96 55.59-4.64 2.84-7.27 7.89-7.27 13.17v363.87c0 11.55 12.63 18.85 23.28 13.49 69.18-34.82 169.23-44.32 218.7-46.92 16.89-.89 30.02-14.43 30.02-30.66V62.75c.01-17.71-15.35-31.74-33.77-30.7zM264.73 87.64C197.5 46.48 88.58 35.17 33.78 32.05 15.36 31.01 0 45.04 0 62.75V400.6c0 16.24 13.13 29.78 30.02 30.66 49.49 2.6 149.59 12.11 218.77 46.95 10.62 5.35 23.21-1.94 23.21-13.46V100.63c0-5.29-2.62-10.14-7.27-12.99z\"><\/path><\/svg>\t\t\t\t<\/a>\n\t\t\t<\/div>\n\t\t\t\n\t\t\t\t\t\t<div class=\"elementor-icon-box-content\">\n\n\t\t\t\t\n\t\t\t\t\t\t\t\t\t<p class=\"elementor-icon-box-description\">\n\t\t\t\t\t\tFOLLETO\t\t\t\t\t<\/p>\n\t\t\t\t\n\t\t\t<\/div>\n\t\t\t\n\t\t<\/div>\n\t\t\t\t\t\t<\/div>\n\t\t\t\t\t<\/div>\n\t\t<\/div>\n\t\t\t\t<div class=\"elementor-column elementor-col-16 elementor-top-column elementor-element elementor-element-edace6c\" data-id=\"edace6c\" data-element_type=\"column\" data-e-type=\"column\">\n\t\t\t<div class=\"elementor-widget-wrap elementor-element-populated\">\n\t\t\t\t\t\t<div class=\"elementor-element elementor-element-d4f58b9 elementor-view-framed elementor-shape-circle elementor-position-block-start elementor-mobile-position-block-start elementor-widget elementor-widget-icon-box\" data-id=\"d4f58b9\" data-element_type=\"widget\" data-e-type=\"widget\" data-widget_type=\"icon-box.default\">\n\t\t\t\t\t\t\t<div class=\"elementor-icon-box-wrapper\">\n\n\t\t\t\t\t\t<div class=\"elementor-icon-box-icon\">\n\t\t\t\t<a href=\"https:\/\/enertik.com\/wp-content\/uploads\/sites\/3\/documentos\/manuales\/48v-li-ion-battery-installation-guide-dec-2023.pdf\" target=\"_blank\" class=\"elementor-icon\" tabindex=\"-1\">\n\t\t\t\t<svg aria-hidden=\"true\" class=\"e-font-icon-svg e-fas-book-reader\" viewBox=\"0 0 512 512\" xmlns=\"http:\/\/www.w3.org\/2000\/svg\"><path d=\"M352 96c0-53.02-42.98-96-96-96s-96 42.98-96 96 42.98 96 96 96 96-42.98 96-96zM233.59 241.1c-59.33-36.32-155.43-46.3-203.79-49.05C13.55 191.13 0 203.51 0 219.14v222.8c0 14.33 11.59 26.28 26.49 27.05 43.66 2.29 131.99 10.68 193.04 41.43 9.37 4.72 20.48-1.71 20.48-11.87V252.56c-.01-4.67-2.32-8.95-6.42-11.46zm248.61-49.05c-48.35 2.74-144.46 12.73-203.78 49.05-4.1 2.51-6.41 6.96-6.41 11.63v245.79c0 10.19 11.14 16.63 20.54 11.9 61.04-30.72 149.32-39.11 192.97-41.4 14.9-.78 26.49-12.73 26.49-27.06V219.14c-.01-15.63-13.56-28.01-29.81-27.09z\"><\/path><\/svg>\t\t\t\t<\/a>\n\t\t\t<\/div>\n\t\t\t\n\t\t\t\t\t\t<div class=\"elementor-icon-box-content\">\n\n\t\t\t\t\n\t\t\t\t\t\t\t\t\t<p class=\"elementor-icon-box-description\">\n\t\t\t\t\t\tGU\u00cdA DE INSTALACI\u00d3N\t\t\t\t\t<\/p>\n\t\t\t\t\n\t\t\t<\/div>\n\t\t\t\n\t\t<\/div>\n\t\t\t\t\t\t<\/div>\n\t\t\t\t\t<\/div>\n\t\t<\/div>\n\t\t\t\t<div class=\"elementor-column elementor-col-16 elementor-top-column elementor-element elementor-element-2af98c1\" data-id=\"2af98c1\" data-element_type=\"column\" data-e-type=\"column\">\n\t\t\t<div class=\"elementor-widget-wrap elementor-element-populated\">\n\t\t\t\t\t\t<div class=\"elementor-element elementor-element-7907487 elementor-view-framed elementor-shape-circle elementor-position-block-start elementor-mobile-position-block-start elementor-widget elementor-widget-icon-box\" data-id=\"7907487\" data-element_type=\"widget\" data-e-type=\"widget\" data-widget_type=\"icon-box.default\">\n\t\t\t\t\t\t\t<div class=\"elementor-icon-box-wrapper\">\n\n\t\t\t\t\t\t<div class=\"elementor-icon-box-icon\">\n\t\t\t\t<a href=\"https:\/\/enertik.com\/wp-content\/uploads\/sites\/2\/documentos\/otros\/r-lfp48v100ah-msds.pdf\" target=\"_blank\" class=\"elementor-icon\" tabindex=\"-1\">\n\t\t\t\t<svg aria-hidden=\"true\" class=\"e-font-icon-svg e-far-list-alt\" viewBox=\"0 0 512 512\" xmlns=\"http:\/\/www.w3.org\/2000\/svg\"><path d=\"M464 32H48C21.49 32 0 53.49 0 80v352c0 26.51 21.49 48 48 48h416c26.51 0 48-21.49 48-48V80c0-26.51-21.49-48-48-48zm-6 400H54a6 6 0 0 1-6-6V86a6 6 0 0 1 6-6h404a6 6 0 0 1 6 6v340a6 6 0 0 1-6 6zm-42-92v24c0 6.627-5.373 12-12 12H204c-6.627 0-12-5.373-12-12v-24c0-6.627 5.373-12 12-12h200c6.627 0 12 5.373 12 12zm0-96v24c0 6.627-5.373 12-12 12H204c-6.627 0-12-5.373-12-12v-24c0-6.627 5.373-12 12-12h200c6.627 0 12 5.373 12 12zm0-96v24c0 6.627-5.373 12-12 12H204c-6.627 0-12-5.373-12-12v-24c0-6.627 5.373-12 12-12h200c6.627 0 12 5.373 12 12zm-252 12c0 19.882-16.118 36-36 36s-36-16.118-36-36 16.118-36 36-36 36 16.118 36 36zm0 96c0 19.882-16.118 36-36 36s-36-16.118-36-36 16.118-36 36-36 36 16.118 36 36zm0 96c0 19.882-16.118 36-36 36s-36-16.118-36-36 16.118-36 36-36 36 16.118 36 36z\"><\/path><\/svg>\t\t\t\t<\/a>\n\t\t\t<\/div>\n\t\t\t\n\t\t\t\t\t\t<div class=\"elementor-icon-box-content\">\n\n\t\t\t\t\n\t\t\t\t\t\t\t\t\t<p class=\"elementor-icon-box-description\">\n\t\t\t\t\t\tSAFETY DATA SHEET\t\t\t\t\t<\/p>\n\t\t\t\t\n\t\t\t<\/div>\n\t\t\t\n\t\t<\/div>\n\t\t\t\t\t\t<\/div>\n\t\t\t\t\t<\/div>\n\t\t<\/div>\n\t\t\t\t<div class=\"elementor-column elementor-col-16 elementor-top-column elementor-element elementor-element-94f093b\" data-id=\"94f093b\" data-element_type=\"column\" data-e-type=\"column\">\n\t\t\t<div class=\"elementor-widget-wrap elementor-element-populated\">\n\t\t\t\t\t\t<div class=\"elementor-element elementor-element-46db8cc elementor-view-framed elementor-shape-circle elementor-position-block-start elementor-mobile-position-block-start elementor-widget elementor-widget-icon-box\" data-id=\"46db8cc\" data-element_type=\"widget\" data-e-type=\"widget\" data-widget_type=\"icon-box.default\">\n\t\t\t\t\t\t\t<div class=\"elementor-icon-box-wrapper\">\n\n\t\t\t\t\t\t<div class=\"elementor-icon-box-icon\">\n\t\t\t\t<a href=\"https:\/\/enertik.com\/wp-content\/uploads\/sites\/3\/documentos\/otros\/ritar-lithium-pc-software-v2.7.rar\" target=\"_blank\" class=\"elementor-icon\" tabindex=\"-1\">\n\t\t\t\t<svg aria-hidden=\"true\" class=\"e-font-icon-svg e-fas-tools\" viewBox=\"0 0 512 512\" xmlns=\"http:\/\/www.w3.org\/2000\/svg\"><path d=\"M501.1 395.7L384 278.6c-23.1-23.1-57.6-27.6-85.4-13.9L192 158.1V96L64 0 0 64l96 128h62.1l106.6 106.6c-13.6 27.8-9.2 62.3 13.9 85.4l117.1 117.1c14.6 14.6 38.2 14.6 52.7 0l52.7-52.7c14.5-14.6 14.5-38.2 0-52.7zM331.7 225c28.3 0 54.9 11 74.9 31l19.4 19.4c15.8-6.9 30.8-16.5 43.8-29.5 37.1-37.1 49.7-89.3 37.9-136.7-2.2-9-13.5-12.1-20.1-5.5l-74.4 74.4-67.9-11.3L334 98.9l74.4-74.4c6.6-6.6 3.4-17.9-5.7-20.2-47.4-11.7-99.6.9-136.6 37.9-28.5 28.5-41.9 66.1-41.2 103.6l82.1 82.1c8.1-1.9 16.5-2.9 24.7-2.9zm-103.9 82l-56.7-56.7L18.7 402.8c-25 25-25 65.5 0 90.5s65.5 25 90.5 0l123.6-123.6c-7.6-19.9-9.9-41.6-5-62.7zM64 472c-13.2 0-24-10.8-24-24 0-13.3 10.7-24 24-24s24 10.7 24 24c0 13.2-10.7 24-24 24z\"><\/path><\/svg>\t\t\t\t<\/a>\n\t\t\t<\/div>\n\t\t\t\n\t\t\t\t\t\t<div class=\"elementor-icon-box-content\">\n\n\t\t\t\t\n\t\t\t\t\t\t\t\t\t<p class=\"elementor-icon-box-description\">\n\t\t\t\t\t\tSOFTWARE PC\t\t\t\t\t<\/p>\n\t\t\t\t\n\t\t\t<\/div>\n\t\t\t\n\t\t<\/div>\n\t\t\t\t\t\t<\/div>\n\t\t\t\t\t<\/div>\n\t\t<\/div>\n\t\t\t\t<div class=\"elementor-column elementor-col-16 elementor-top-column elementor-element elementor-element-b569470\" data-id=\"b569470\" data-element_type=\"column\" data-e-type=\"column\">\n\t\t\t<div class=\"elementor-widget-wrap elementor-element-populated\">\n\t\t\t\t\t\t<div class=\"elementor-element elementor-element-193153e elementor-view-framed elementor-shape-circle elementor-position-block-start elementor-mobile-position-block-start elementor-widget elementor-widget-icon-box\" data-id=\"193153e\" data-element_type=\"widget\" data-e-type=\"widget\" data-widget_type=\"icon-box.default\">\n\t\t\t\t\t\t\t<div class=\"elementor-icon-box-wrapper\">\n\n\t\t\t\t\t\t<div class=\"elementor-icon-box-icon\">\n\t\t\t\t<a href=\"https:\/\/enertik.com\/wp-content\/uploads\/sites\/3\/documentos\/certificados\/r-lfp48v100ah-certs.zip\" target=\"_blank\" class=\"elementor-icon\" tabindex=\"-1\">\n\t\t\t\t<svg aria-hidden=\"true\" class=\"e-font-icon-svg e-fas-medal\" viewBox=\"0 0 512 512\" xmlns=\"http:\/\/www.w3.org\/2000\/svg\"><path d=\"M223.75 130.75L154.62 15.54A31.997 31.997 0 0 0 127.18 0H16.03C3.08 0-4.5 14.57 2.92 25.18l111.27 158.96c29.72-27.77 67.52-46.83 109.56-53.39zM495.97 0H384.82c-11.24 0-21.66 5.9-27.44 15.54l-69.13 115.21c42.04 6.56 79.84 25.62 109.56 53.38L509.08 25.18C516.5 14.57 508.92 0 495.97 0zM256 160c-97.2 0-176 78.8-176 176s78.8 176 176 176 176-78.8 176-176-78.8-176-176-176zm92.52 157.26l-37.93 36.96 8.97 52.22c1.6 9.36-8.26 16.51-16.65 12.09L256 393.88l-46.9 24.65c-8.4 4.45-18.25-2.74-16.65-12.09l8.97-52.22-37.93-36.96c-6.82-6.64-3.05-18.23 6.35-19.59l52.43-7.64 23.43-47.52c2.11-4.28 6.19-6.39 10.28-6.39 4.11 0 8.22 2.14 10.33 6.39l23.43 47.52 52.43 7.64c9.4 1.36 13.17 12.95 6.35 19.59z\"><\/path><\/svg>\t\t\t\t<\/a>\n\t\t\t<\/div>\n\t\t\t\n\t\t\t\t\t\t<div class=\"elementor-icon-box-content\">\n\n\t\t\t\t\n\t\t\t\t\t\t\t\t\t<p class=\"elementor-icon-box-description\">\n\t\t\t\t\t\tDESCARGAR CERTIFICADOS*\t\t\t\t\t<\/p>\n\t\t\t\t\n\t\t\t<\/div>\n\t\t\t\n\t\t<\/div>\n\t\t\t\t\t\t<\/div>\n\t\t\t\t\t<\/div>\n\t\t<\/div>\n\t\t\t\t\t<\/div>\n\t\t<\/section>\n\t\t\t\t<section class=\"wd-negative-gap elementor-section elementor-top-section elementor-element elementor-element-498ac9b elementor-section-boxed elementor-section-height-default elementor-section-height-default\" data-id=\"498ac9b\" data-element_type=\"section\" data-e-type=\"section\">\n\t\t\t\t\t\t<div class=\"elementor-container elementor-column-gap-default\">\n\t\t\t\t\t<div class=\"elementor-column elementor-col-100 elementor-top-column elementor-element elementor-element-6c5a661\" data-id=\"6c5a661\" data-element_type=\"column\" data-e-type=\"column\">\n\t\t\t<div class=\"elementor-widget-wrap elementor-element-populated\">\n\t\t\t\t\t\t<div class=\"elementor-element elementor-element-d9a91fe color-scheme-inherit text-left elementor-widget elementor-widget-text-editor\" data-id=\"d9a91fe\" data-element_type=\"widget\" data-e-type=\"widget\" data-widget_type=\"text-editor.default\">\n\t\t\t\t\t\t\t\t\t<p><span data-sheets-root=\"1\">*Certificados disponibles:<br \/>&#8211; IEC 61000<br \/>&#8211; UN38.3<br \/><\/span><\/p>\t\t\t\t\t\t\t\t<\/div>\n\t\t\t\t\t<\/div>\n\t\t<\/div>\n\t\t\t\t\t<\/div>\n\t\t<\/section>\n\t\t\t\t<\/div>\n\t\t","protected":false},"excerpt":{"rendered":"<p>Las bater\u00edas de litio de Ritar 48V tienen muy buena relaci\u00f3n precio-calidad y son compatibles con los inversores-cargadores m\u00e1s populares en el mercado.<br \/>\nSon compatibles con inversores de las siguientes marcas: Victron, Growatt (con el cable incluido), Enertik, SMA (con el cable RITAR-RS485-V)<br \/>\nEl dise\u00f1o de rack 3U facilita su manejo, acceso, instalaci\u00f3n e integraci\u00f3n en sistemas actuales.<br \/>\nFabricadas con materias de LiFePO4 de alta calidad: Densidad energ\u00e9tica alta, permite uso con ciclos muy profundos, expectativa de vida mayor que 10 a\u00f1os y rendimiento impecable.<\/p>\n","protected":false},"featured_media":32368,"comment_status":"open","ping_status":"closed","template":"","meta":{"_relevanssi_hide_post":"","_relevanssi_hide_content":"","_relevanssi_pin_for_all":"","_relevanssi_pin_keywords":"","_relevanssi_unpin_keywords":"","_relevanssi_related_keywords":"","_relevanssi_related_include_ids":"","_relevanssi_related_exclude_ids":"","_relevanssi_related_no_append":"","_relevanssi_related_not_related":"","_relevanssi_related_posts":"","_relevanssi_noindex_reason":"","inline_featured_image":false},"product_brand":[],"product_cat":[1733,1737],"product_tag":[],"class_list":{"0":"post-24242","1":"product","2":"type-product","3":"status-publish","4":"has-post-thumbnail","6":"product_cat-baterias","7":"product_cat-litio","8":"pa_marca-ritar","9":"pa_mpn-r-lfp48v100ah","10":"pa_voltaje-48v","12":"first","13":"outofstock","14":"sale","15":"taxable","16":"shipping-taxable","17":"purchasable","18":"product-type-simple"},"bundled_by":[],"bundle_stock_status":"outofstock","bundle_stock_quantity":0,"bundle_virtual":false,"bundle_layout":"","bundle_add_to_cart_form_location":"","bundle_editable_in_cart":false,"bundle_sold_individually_context":"","bundle_item_grouping":"","bundle_min_size":"","bundle_max_size":"","bundle_price":[],"bundled_items":[],"bundle_sell_ids":[],"group_of_quantity":0,"min_quantity":0,"max_quantity":"","exclude_order_quantity_value_rules":"no","exclude_category_quantity_rules":"no","combine_variations":"no","exclude_global_add_ons":[],"addons":[],"_links":{"self":[{"href":"https:\/\/enertik.com\/cl\/wp-json\/wp\/v2\/product\/24242","targetHints":{"allow":["GET"]}}],"collection":[{"href":"https:\/\/enertik.com\/cl\/wp-json\/wp\/v2\/product"}],"about":[{"href":"https:\/\/enertik.com\/cl\/wp-json\/wp\/v2\/types\/product"}],"replies":[{"embeddable":true,"href":"https:\/\/enertik.com\/cl\/wp-json\/wp\/v2\/comments?post=24242"}],"version-history":[{"count":0,"href":"https:\/\/enertik.com\/cl\/wp-json\/wp\/v2\/product\/24242\/revisions"}],"wp:featuredmedia":[{"embeddable":true,"href":"https:\/\/enertik.com\/cl\/wp-json\/wp\/v2\/media\/32368"}],"wp:attachment":[{"href":"https:\/\/enertik.com\/cl\/wp-json\/wp\/v2\/media?parent=24242"}],"wp:term":[{"taxonomy":"product_brand","embeddable":true,"href":"https:\/\/enertik.com\/cl\/wp-json\/wp\/v2\/product_brand?post=24242"},{"taxonomy":"product_cat","embeddable":true,"href":"https:\/\/enertik.com\/cl\/wp-json\/wp\/v2\/product_cat?post=24242"},{"taxonomy":"product_tag","embeddable":true,"href":"https:\/\/enertik.com\/cl\/wp-json\/wp\/v2\/product_tag?post=24242"}],"curies":[{"name":"wp","href":"https:\/\/api.w.org\/{rel}","templated":true}]}}