{"id":24237,"date":"2023-07-10T10:26:05","date_gmt":"2023-07-10T14:26:05","guid":{"rendered":"https:\/\/enertik.com\/cl\/?post_type=product&#038;p=24237"},"modified":"2026-04-09T04:34:17","modified_gmt":"2026-04-09T08:34:17","slug":"bateria-de-litio-ritar-25-6v-100ah-2-56kwh-con-bluetooth-calentamiento","status":"publish","type":"product","link":"https:\/\/enertik.com\/cl\/tienda\/baterias\/litio\/bateria-de-litio-ritar-256v-100ah-256kwh\/","title":{"rendered":"Bater\u00eda de Litio &#8211; Ritar 25.6V 100Ah (2.56kWh)"},"content":{"rendered":"\t\t<div data-elementor-type=\"product-post\" data-elementor-id=\"24237\" class=\"elementor elementor-24237\" data-elementor-post-type=\"product\">\n\t\t\t\t\t\t<section class=\"wd-negative-gap elementor-section elementor-top-section elementor-element elementor-element-a656b70 Product_Description elementor-section-boxed elementor-section-height-default elementor-section-height-default\" data-id=\"a656b70\" data-element_type=\"section\" data-e-type=\"section\">\n\t\t\t\t\t\t<div class=\"elementor-container elementor-column-gap-default\">\n\t\t\t\t\t<div class=\"elementor-column elementor-col-100 elementor-top-column elementor-element elementor-element-fe43622\" data-id=\"fe43622\" data-element_type=\"column\" data-e-type=\"column\" data-settings=\"{&quot;background_background&quot;:&quot;classic&quot;}\">\n\t\t\t<div class=\"elementor-widget-wrap elementor-element-populated\">\n\t\t\t\t\t\t<section class=\"wd-negative-gap elementor-section elementor-inner-section elementor-element elementor-element-9ba1238 elementor-section-boxed elementor-section-height-default elementor-section-height-default\" data-id=\"9ba1238\" data-element_type=\"section\" data-e-type=\"section\">\n\t\t\t\t\t\t<div class=\"elementor-container elementor-column-gap-default\">\n\t\t\t\t\t<div class=\"elementor-column elementor-col-100 elementor-inner-column elementor-element elementor-element-2c1cf09\" data-id=\"2c1cf09\" data-element_type=\"column\" data-e-type=\"column\">\n\t\t\t<div class=\"elementor-widget-wrap elementor-element-populated\">\n\t\t\t\t\t\t<div class=\"elementor-element elementor-element-4977bff elementor-widget elementor-widget-wd_tabs\" data-id=\"4977bff\" data-element_type=\"widget\" data-e-type=\"widget\" data-widget_type=\"wd_tabs.default\">\n\t\t\t\t<div class=\"elementor-widget-container\">\n\t\t\t\t\t\t\t<div class=\"wd-tabs tabs-design-default\">\n\t\t\t<div class=\"wd-tabs-header text-center\">\n\t\t\t\t\n\t\t\t\t\n\t\t\t\t<div class=\"wd-nav-wrapper wd-nav-tabs-wrapper wd-mb-action-swipe\">\n\t\t\t\t\t<ul class=\"wd-nav wd-nav-tabs wd-icon-pos-left wd-style-underline\">\n\t\t\t\t\t\t\t\t\t\t\t\t\t\n\t\t\t\t\t\t\t<li>\n\t\t\t\t\t\t\t\t<a href=\"#\" class=\"wd-nav-link\">\n\t\t\t\t\t\t\t\t\t\n\t\t\t\t\t\t\t\t\t<span class=\"nav-link-text wd-tabs-title\">\n\t\t\t\t\t\t\t\t\t\tDESCRIPCI\u00d3N\t\t\t\t\t\t\t\t\t<\/span>\n\t\t\t\t\t\t\t\t<\/a>\n\t\t\t\t\t\t\t<\/li>\n\n\t\t\t\t\t\t\t\t\t\t\t\t\t\n\t\t\t\t\t\t\t<li>\n\t\t\t\t\t\t\t\t<a href=\"#\" class=\"wd-nav-link\">\n\t\t\t\t\t\t\t\t\t\n\t\t\t\t\t\t\t\t\t<span class=\"nav-link-text wd-tabs-title\">\n\t\t\t\t\t\t\t\t\t\tESPECIFICACIONES\t\t\t\t\t\t\t\t\t<\/span>\n\t\t\t\t\t\t\t\t<\/a>\n\t\t\t\t\t\t\t<\/li>\n\n\t\t\t\t\t\t\t\t\t\t\t<\/ul>\n\t\t\t\t<\/div>\n\t\t\t<\/div>\n\n\t\t\t<div class=\"wd-tabs-content-wrapper\">\n\t\t\t\t\t\t\t\t\t\t\t\t\t\t\n\t\t\t\t\t<div class=\"wd-tab-content wd-entry-content\">\n\t\t\t\t\t\t\t\t\t\t\t\t\t<div >\n\t\t\t\t\t\t\t\t<h2>VENTAJAS<\/h2><ul><li>Reemplazo perfecto para las bater\u00edas de plomo-\u00e1cido AGM<\/li><li>Compacto, est\u00e9tico, seguro, confiable, sin mantenimiento ni curva de aprendizaje<\/li><li>No hace falta establecer comunicaci\u00f3n con el inversor-cargador, puede usarse como si fuera una bater\u00eda de AGM<\/li><li>Hecha con materias de LiFePO4, retiene 80% de capacidad inicial despu\u00e9s de pasar 3500 ciclos de 80%DoD<\/li><li>Monitoreo y control por Bluetooth<\/li><li>Con el calentador auxiliar integrado se garantiza el funcionamiento en bajas temperaturas<\/li><li>Amplio rango de temperatura de trabajo (-20~+55\u00b0C), buen comportamiento a bajas temperaturas<\/li><li>Grado de protecci\u00f3n IP65 (Variante G2) \/ IP30 (Variante G3)<\/li><li>Comunicaci\u00f3n BMS con el inversor (Variante G3)<\/li><li>Expectativa de vida mayor que las bater\u00edas AGM<\/li><li>Alta potencia espec\u00edfica. Capacidad de ofrecer corrientes muy altas<\/li><li>Mejores prestaciones que las bater\u00edas de GEL y AGM<\/li><li>Excelente recuperaci\u00f3n de la descarga profunda<\/li><li>Leds indicadores de porcentajes de carga<\/li><li>Funcionamiento en paralelo o en serie (no ambos al mismo momento) hasta 4 unidades para expandir la capacidad\/tensi\u00f3n del banco<\/li><li>Sin mantenimiento<\/li><li>Valores de carga y descarga escritas en la carcasa, facilita la instalaci\u00f3n y configuraci\u00f3n del inversor-cargador<\/li><\/ul><h2>PROTECCIONES<\/h2><ul><li>Unidad de control BMS inteligente<\/li><li>Sobretensi\u00f3n<\/li><li>Sobretemperatura<\/li><li>Sobrecarga<\/li><li>Tensi\u00f3n baja<\/li><li>Temperatura baja<\/li><li>Descarga excesiva<\/li><li>Corriente excesiva<\/li><li>Cortocircuito<\/li><\/ul>\t\t\t\t\t\t\t<\/div>\n\t\t\t\t\t\t\t\t\t\t\t<\/div>\n\n\t\t\t\t\t\t\t\t\t\t\t\t\t\t\n\t\t\t\t\t<div class=\"wd-tab-content wd-entry-content\">\n\t\t\t\t\t\t\t\t\t\t\t\t\t<div >\n\t\t\t\t\t\t\t\t<p>\u00a0<\/p><table><tbody><tr><td class=\"tbLeft\">Marca<\/td><td>Ritar<\/td><\/tr><tr class=\"tbBorderNone\"><td class=\"tbLeft\">Modelo<\/td><td>LFP25.6V100AH G2 \/ G3<\/td><\/tr><tr><td class=\"tbTit\" colspan=\"3\">Especificaciones el\u00e9ctricas<\/td><\/tr><tr><td class=\"tbLeft\">Estructura y disposici\u00f3n de celdas<\/td><td>3.2V104Ah, 8 en serie<\/td><\/tr><tr><td class=\"tbLeft\">Tensi\u00f3n nominal<\/td><td>25.6V<\/td><\/tr><tr><td class=\"tbLeft\">Capacidad nominal<\/td><td>100Ah<\/td><\/tr><tr class=\"tbBorderNone\"><td class=\"tbLeft\">Capacidad energ\u00e9tica total<\/td><td>2560Wh<\/td><\/tr><tr><td class=\"tbTit\" colspan=\"3\">Datos de carga y descarga<\/td><\/tr><tr><td class=\"tbLeft\">Corriente de carga m\u00e1xima<\/td><td>100A<\/td><\/tr><tr><td class=\"tbLeft\">Corriente de carga recomendada<\/td><td>50A<\/td><\/tr><tr><td class=\"tbLeft\">Rango de tensi\u00f3n de carga aplicable<\/td><td>28.4 ~ 29.2V<\/td><\/tr><tr><td class=\"tbLeft\">Corriente de descarga m\u00e1xima<\/td><td>100A<\/td><\/tr><tr><td class=\"tbLeft\">Tensi\u00f3n de descarga completa<\/td><td>22.4V<\/td><\/tr><tr><td class=\"tbLeft\">Alarma de sobretensi\u00f3n<\/td><td>3.55V por celda \/ 28.0V total<\/td><\/tr><tr><td class=\"tbLeft\">Protecci\u00f3n contra sobretensi\u00f3n<\/td><td>3.7V por celda \/ 29.6V total (Retardo : 1000ms)<\/td><\/tr><tr><td class=\"tbLeft\">Desactivaci\u00f3n autom\u00e1tica de protecci\u00f3n contra sobretensi\u00f3n<\/td><td>3.45V por celda \/ 27.6V total<\/td><\/tr><tr><td class=\"tbLeft\">Alarma de tensi\u00f3n baja<\/td><td>2.8V por celda \/ 22.4V total<\/td><\/tr><tr><td class=\"tbLeft\">Protecci\u00f3n contra tensi\u00f3n baja<\/td><td>2.5V por celda \/ 20V total (Retardo : 1000ms)<\/td><\/tr><tr><td class=\"tbLeft\">Desactivaci\u00f3n autom\u00e1tica de protecci\u00f3n contra tensi\u00f3n baja<\/td><td>2.8V por celda \/ 22.4V total<\/td><\/tr><tr><td class=\"tbLeft\">Alarma de sobrecorriente (carga)<\/td><td>60A<\/td><\/tr><tr><td class=\"tbLeft\">Protecci\u00f3n contra sobrecorriente (carga)<\/td><td>110A (Retardo:15S)<\/td><\/tr><tr><td class=\"tbLeft\">Desactivaci\u00f3n autom\u00e1tica de protecci\u00f3n contra sobrecorriente (carga)<\/td><td>Pasado 1 min x 3 veces m\u00e1x. o comienzo de descarga<\/td><\/tr><tr><td class=\"tbLeft\">Protecci\u00f3n contra sobrecorriente (descarga)<\/td><td>115A (Retardo:15S)<br \/>y despu\u00e9s 120A (Retardo:200ms)<\/td><\/tr><tr class=\"tbBorderNone\"><td class=\"tbLeft\">Desactivaci\u00f3n autom\u00e1tica de protecci\u00f3n contra sobrecorriente (descarga)<\/td><td>Pasado 1 min x 3 veces m\u00e1x. o comienzo de carga<\/td><\/tr><tr><td class=\"tbTit\" colspan=\"3\">Datos de la bater\u00eda<\/td><\/tr><tr><td class=\"tbLeft\">Comunicaci\u00f3n (Variante G3)<\/td><td>CAN (Compatible con Victron) \/ RS485 (Reservado)<\/td><\/tr><tr><td class=\"tbLeft\">Vida \u00fatil<\/td><td>&gt; 10 a\u00f1os \u2502&gt;3500 ciclos<\/td><\/tr><tr><td class=\"tbLeft\">LEDs indicadoras<\/td><td>SOC, ALM, RUN, ON\/OFF<\/td><\/tr><tr><td class=\"tbLeft\">Conexi\u00f3n en paralelo<\/td><td>M\u00e1x. 4 unidades<\/td><\/tr><tr class=\"tbBorderNone\"><td class=\"tbLeft\">Conexi\u00f3n de serie<\/td><td>M\u00e1x. 4 unidades<\/td><\/tr><tr><td class=\"tbTit\" colspan=\"3\">Ambiente<\/td><\/tr><tr><td class=\"tbLeft\">Temperatura de trabajo<\/td><td>-20~+55\u00b0C<\/td><\/tr><tr><td class=\"tbLeft\">Grado de protecci\u00f3n<\/td><td>IP65 (Variante G2) \/ IP30 (Variante G3)<\/td><\/tr><tr><td class=\"tbLeft\">Humedad<\/td><td>0~95% RH (sin condensaci\u00f3n)<\/td><\/tr><tr><td class=\"tbLeft\">Altitud<\/td><td>&lt; 2000 m.s.n.m<\/td><\/tr><tr><td class=\"tbLeft\">Temperatura de trabajo<\/td><td>-20~+55\u00b0C<\/td><\/tr><tr><td class=\"tbLeft\">Dimensiones (mm)<\/td><td>522 x 240 x 219<\/td><\/tr><tr><td class=\"tbLeft\">Peso neto (kg)<\/td><td>20.5<\/td><\/tr><\/tbody><\/table>\t\t\t\t\t\t\t<\/div>\n\t\t\t\t\t\t\t\t\t\t\t<\/div>\n\n\t\t\t\t\t\t\t<\/div>\n\t\t<\/div>\n\t\t\t\t\t\t<\/div>\n\t\t\t\t<\/div>\n\t\t\t\t\t<\/div>\n\t\t<\/div>\n\t\t\t\t\t<\/div>\n\t\t<\/section>\n\t\t\t\t\t<\/div>\n\t\t<\/div>\n\t\t\t\t\t<\/div>\n\t\t<\/section>\n\t\t\t\t<section class=\"wd-negative-gap elementor-section elementor-top-section elementor-element elementor-element-d3d5b05 Link_Buttons elementor-section-boxed elementor-section-height-default elementor-section-height-default\" data-id=\"d3d5b05\" data-element_type=\"section\" data-e-type=\"section\" data-settings=\"{&quot;background_background&quot;:&quot;classic&quot;}\">\n\t\t\t\t\t\t<div class=\"elementor-container elementor-column-gap-custom\">\n\t\t\t\t\t<div class=\"elementor-column elementor-col-16 elementor-top-column elementor-element elementor-element-f13d3de\" data-id=\"f13d3de\" data-element_type=\"column\" data-e-type=\"column\">\n\t\t\t<div class=\"elementor-widget-wrap elementor-element-populated\">\n\t\t\t\t\t\t<div class=\"elementor-element elementor-element-8ddc495 elementor-view-framed elementor-shape-circle elementor-position-block-start elementor-mobile-position-block-start elementor-widget elementor-widget-icon-box\" data-id=\"8ddc495\" data-element_type=\"widget\" data-e-type=\"widget\" data-widget_type=\"icon-box.default\">\n\t\t\t\t\t\t\t<div class=\"elementor-icon-box-wrapper\">\n\n\t\t\t\t\t\t<div class=\"elementor-icon-box-icon\">\n\t\t\t\t<a href=\"https:\/\/enertik.com\/wp-content\/uploads\/sites\/3\/documentos\/manuales\/user-guide-new-generation-12.8v-25.6v-v1.0.pdf\" target=\"_blank\" class=\"elementor-icon\" tabindex=\"-1\">\n\t\t\t\t<svg aria-hidden=\"true\" class=\"e-font-icon-svg e-fas-book\" viewBox=\"0 0 448 512\" xmlns=\"http:\/\/www.w3.org\/2000\/svg\"><path d=\"M448 360V24c0-13.3-10.7-24-24-24H96C43 0 0 43 0 96v320c0 53 43 96 96 96h328c13.3 0 24-10.7 24-24v-16c0-7.5-3.5-14.3-8.9-18.7-4.2-15.4-4.2-59.3 0-74.7 5.4-4.3 8.9-11.1 8.9-18.6zM128 134c0-3.3 2.7-6 6-6h212c3.3 0 6 2.7 6 6v20c0 3.3-2.7 6-6 6H134c-3.3 0-6-2.7-6-6v-20zm0 64c0-3.3 2.7-6 6-6h212c3.3 0 6 2.7 6 6v20c0 3.3-2.7 6-6 6H134c-3.3 0-6-2.7-6-6v-20zm253.4 250H96c-17.7 0-32-14.3-32-32 0-17.6 14.4-32 32-32h285.4c-1.9 17.1-1.9 46.9 0 64z\"><\/path><\/svg>\t\t\t\t<\/a>\n\t\t\t<\/div>\n\t\t\t\n\t\t\t\t\t\t<div class=\"elementor-icon-box-content\">\n\n\t\t\t\t\n\t\t\t\t\t\t\t\t\t<p class=\"elementor-icon-box-description\">\n\t\t\t\t\t\tMANUAL\t\t\t\t\t<\/p>\n\t\t\t\t\n\t\t\t<\/div>\n\t\t\t\n\t\t<\/div>\n\t\t\t\t\t\t<\/div>\n\t\t\t\t\t<\/div>\n\t\t<\/div>\n\t\t\t\t<div class=\"elementor-column elementor-col-16 elementor-top-column elementor-element elementor-element-f847fb1\" data-id=\"f847fb1\" data-element_type=\"column\" data-e-type=\"column\">\n\t\t\t<div class=\"elementor-widget-wrap elementor-element-populated\">\n\t\t\t\t\t\t<div class=\"elementor-element elementor-element-395fefc elementor-view-framed elementor-shape-circle elementor-position-block-start elementor-mobile-position-block-start elementor-widget elementor-widget-icon-box\" data-id=\"395fefc\" data-element_type=\"widget\" data-e-type=\"widget\" data-widget_type=\"icon-box.default\">\n\t\t\t\t\t\t\t<div class=\"elementor-icon-box-wrapper\">\n\n\t\t\t\t\t\t<div class=\"elementor-icon-box-icon\">\n\t\t\t\t<a href=\"https:\/\/enertik.com\/wp-content\/uploads\/sites\/3\/documentos\/folletos\/datasheet_-new-generation-li-ion-battery.pdf\" target=\"_blank\" class=\"elementor-icon\" tabindex=\"-1\">\n\t\t\t\t<svg aria-hidden=\"true\" class=\"e-font-icon-svg e-fas-book-open\" viewBox=\"0 0 576 512\" xmlns=\"http:\/\/www.w3.org\/2000\/svg\"><path d=\"M542.22 32.05c-54.8 3.11-163.72 14.43-230.96 55.59-4.64 2.84-7.27 7.89-7.27 13.17v363.87c0 11.55 12.63 18.85 23.28 13.49 69.18-34.82 169.23-44.32 218.7-46.92 16.89-.89 30.02-14.43 30.02-30.66V62.75c.01-17.71-15.35-31.74-33.77-30.7zM264.73 87.64C197.5 46.48 88.58 35.17 33.78 32.05 15.36 31.01 0 45.04 0 62.75V400.6c0 16.24 13.13 29.78 30.02 30.66 49.49 2.6 149.59 12.11 218.77 46.95 10.62 5.35 23.21-1.94 23.21-13.46V100.63c0-5.29-2.62-10.14-7.27-12.99z\"><\/path><\/svg>\t\t\t\t<\/a>\n\t\t\t<\/div>\n\t\t\t\n\t\t\t\t\t\t<div class=\"elementor-icon-box-content\">\n\n\t\t\t\t\n\t\t\t\t\t\t\t\t\t<p class=\"elementor-icon-box-description\">\n\t\t\t\t\t\tFOLLETO\t\t\t\t\t<\/p>\n\t\t\t\t\n\t\t\t<\/div>\n\t\t\t\n\t\t<\/div>\n\t\t\t\t\t\t<\/div>\n\t\t\t\t\t<\/div>\n\t\t<\/div>\n\t\t\t\t<div class=\"elementor-column elementor-col-16 elementor-top-column elementor-element elementor-element-f3342cd\" data-id=\"f3342cd\" data-element_type=\"column\" data-e-type=\"column\">\n\t\t\t<div class=\"elementor-widget-wrap elementor-element-populated\">\n\t\t\t\t\t\t<div class=\"elementor-element elementor-element-3f70ca2 elementor-view-framed elementor-shape-circle elementor-position-block-start elementor-mobile-position-block-start elementor-widget elementor-widget-icon-box\" data-id=\"3f70ca2\" data-element_type=\"widget\" data-e-type=\"widget\" data-widget_type=\"icon-box.default\">\n\t\t\t\t\t\t\t<div class=\"elementor-icon-box-wrapper\">\n\n\t\t\t\t\t\t<div class=\"elementor-icon-box-icon\">\n\t\t\t\t<a href=\"https:\/\/play.google.com\/store\/apps\/details?id=com.ritarpower.bluetooth.li&#038;pli=1\" target=\"_blank\" class=\"elementor-icon\" tabindex=\"-1\" rel=\"noopener\">\n\t\t\t\t<svg aria-hidden=\"true\" class=\"e-font-icon-svg e-fab-android\" viewBox=\"0 0 576 512\" xmlns=\"http:\/\/www.w3.org\/2000\/svg\"><path d=\"M420.55,301.93a24,24,0,1,1,24-24,24,24,0,0,1-24,24m-265.1,0a24,24,0,1,1,24-24,24,24,0,0,1-24,24m273.7-144.48,47.94-83a10,10,0,1,0-17.27-10h0l-48.54,84.07a301.25,301.25,0,0,0-246.56,0L116.18,64.45a10,10,0,1,0-17.27,10h0l47.94,83C64.53,202.22,8.24,285.55,0,384H576c-8.24-98.45-64.54-181.78-146.85-226.55\"><\/path><\/svg>\t\t\t\t<\/a>\n\t\t\t<\/div>\n\t\t\t\n\t\t\t\t\t\t<div class=\"elementor-icon-box-content\">\n\n\t\t\t\t\n\t\t\t\t\t\t\t\t\t<p class=\"elementor-icon-box-description\">\n\t\t\t\t\t\tAPP ANDROID\t\t\t\t\t<\/p>\n\t\t\t\t\n\t\t\t<\/div>\n\t\t\t\n\t\t<\/div>\n\t\t\t\t\t\t<\/div>\n\t\t\t\t\t<\/div>\n\t\t<\/div>\n\t\t\t\t<div class=\"elementor-column elementor-col-16 elementor-top-column elementor-element elementor-element-55ef3cb\" data-id=\"55ef3cb\" data-element_type=\"column\" data-e-type=\"column\">\n\t\t\t<div class=\"elementor-widget-wrap elementor-element-populated\">\n\t\t\t\t\t\t<div class=\"elementor-element elementor-element-917503f elementor-view-framed elementor-shape-circle elementor-position-block-start elementor-mobile-position-block-start elementor-widget elementor-widget-icon-box\" data-id=\"917503f\" data-element_type=\"widget\" data-e-type=\"widget\" data-widget_type=\"icon-box.default\">\n\t\t\t\t\t\t\t<div class=\"elementor-icon-box-wrapper\">\n\n\t\t\t\t\t\t<div class=\"elementor-icon-box-icon\">\n\t\t\t\t<a href=\"https:\/\/apps.apple.com\/tw\/app\/bluetooth-li\/id1632166972\" target=\"_blank\" class=\"elementor-icon\" tabindex=\"-1\" rel=\"noopener\">\n\t\t\t\t<svg aria-hidden=\"true\" class=\"e-font-icon-svg e-fab-app-store-ios\" viewBox=\"0 0 448 512\" xmlns=\"http:\/\/www.w3.org\/2000\/svg\"><path d=\"M400 32H48C21.5 32 0 53.5 0 80v352c0 26.5 21.5 48 48 48h352c26.5 0 48-21.5 48-48V80c0-26.5-21.5-48-48-48zM127 384.5c-5.5 9.6-17.8 12.8-27.3 7.3-9.6-5.5-12.8-17.8-7.3-27.3l14.3-24.7c16.1-4.9 29.3-1.1 39.6 11.4L127 384.5zm138.9-53.9H84c-11 0-20-9-20-20s9-20 20-20h51l65.4-113.2-20.5-35.4c-5.5-9.6-2.2-21.8 7.3-27.3 9.6-5.5 21.8-2.2 27.3 7.3l8.9 15.4 8.9-15.4c5.5-9.6 17.8-12.8 27.3-7.3 9.6 5.5 12.8 17.8 7.3 27.3l-85.8 148.6h62.1c20.2 0 31.5 23.7 22.7 40zm98.1 0h-29l19.6 33.9c5.5 9.6 2.2 21.8-7.3 27.3-9.6 5.5-21.8 2.2-27.3-7.3-32.9-56.9-57.5-99.7-74-128.1-16.7-29-4.8-58 7.1-67.8 13.1 22.7 32.7 56.7 58.9 102h52c11 0 20 9 20 20 0 11.1-9 20-20 20z\"><\/path><\/svg>\t\t\t\t<\/a>\n\t\t\t<\/div>\n\t\t\t\n\t\t\t\t\t\t<div class=\"elementor-icon-box-content\">\n\n\t\t\t\t\n\t\t\t\t\t\t\t\t\t<p class=\"elementor-icon-box-description\">\n\t\t\t\t\t\tAPP IOS\t\t\t\t\t<\/p>\n\t\t\t\t\n\t\t\t<\/div>\n\t\t\t\n\t\t<\/div>\n\t\t\t\t\t\t<\/div>\n\t\t\t\t\t<\/div>\n\t\t<\/div>\n\t\t\t\t<div class=\"elementor-column elementor-col-16 elementor-top-column elementor-element elementor-element-8706200\" data-id=\"8706200\" data-element_type=\"column\" data-e-type=\"column\">\n\t\t\t<div class=\"elementor-widget-wrap elementor-element-populated\">\n\t\t\t\t\t\t<div class=\"elementor-element elementor-element-b08fad5 elementor-view-framed elementor-shape-circle elementor-position-block-start elementor-mobile-position-block-start elementor-widget elementor-widget-icon-box\" data-id=\"b08fad5\" data-element_type=\"widget\" data-e-type=\"widget\" data-widget_type=\"icon-box.default\">\n\t\t\t\t\t\t\t<div class=\"elementor-icon-box-wrapper\">\n\n\t\t\t\t\t\t<div class=\"elementor-icon-box-icon\">\n\t\t\t\t<a href=\"https:\/\/enertik.com\/wp-content\/uploads\/sites\/2\/documentos\/otros\/lfp25.6v100ah-msds.pdf\" target=\"_blank\" class=\"elementor-icon\" tabindex=\"-1\">\n\t\t\t\t<svg aria-hidden=\"true\" class=\"e-font-icon-svg e-far-list-alt\" viewBox=\"0 0 512 512\" xmlns=\"http:\/\/www.w3.org\/2000\/svg\"><path d=\"M464 32H48C21.49 32 0 53.49 0 80v352c0 26.51 21.49 48 48 48h416c26.51 0 48-21.49 48-48V80c0-26.51-21.49-48-48-48zm-6 400H54a6 6 0 0 1-6-6V86a6 6 0 0 1 6-6h404a6 6 0 0 1 6 6v340a6 6 0 0 1-6 6zm-42-92v24c0 6.627-5.373 12-12 12H204c-6.627 0-12-5.373-12-12v-24c0-6.627 5.373-12 12-12h200c6.627 0 12 5.373 12 12zm0-96v24c0 6.627-5.373 12-12 12H204c-6.627 0-12-5.373-12-12v-24c0-6.627 5.373-12 12-12h200c6.627 0 12 5.373 12 12zm0-96v24c0 6.627-5.373 12-12 12H204c-6.627 0-12-5.373-12-12v-24c0-6.627 5.373-12 12-12h200c6.627 0 12 5.373 12 12zm-252 12c0 19.882-16.118 36-36 36s-36-16.118-36-36 16.118-36 36-36 36 16.118 36 36zm0 96c0 19.882-16.118 36-36 36s-36-16.118-36-36 16.118-36 36-36 36 16.118 36 36zm0 96c0 19.882-16.118 36-36 36s-36-16.118-36-36 16.118-36 36-36 36 16.118 36 36z\"><\/path><\/svg>\t\t\t\t<\/a>\n\t\t\t<\/div>\n\t\t\t\n\t\t\t\t\t\t<div class=\"elementor-icon-box-content\">\n\n\t\t\t\t\n\t\t\t\t\t\t\t\t\t<p class=\"elementor-icon-box-description\">\n\t\t\t\t\t\tSAFETY DATA SHEET\t\t\t\t\t<\/p>\n\t\t\t\t\n\t\t\t<\/div>\n\t\t\t\n\t\t<\/div>\n\t\t\t\t\t\t<\/div>\n\t\t\t\t\t<\/div>\n\t\t<\/div>\n\t\t\t\t<div class=\"elementor-column elementor-col-16 elementor-top-column elementor-element elementor-element-60fab89\" data-id=\"60fab89\" data-element_type=\"column\" data-e-type=\"column\">\n\t\t\t<div class=\"elementor-widget-wrap elementor-element-populated\">\n\t\t\t\t\t\t<div class=\"elementor-element elementor-element-70a66c1 elementor-view-framed elementor-shape-circle elementor-position-block-start elementor-mobile-position-block-start elementor-widget elementor-widget-icon-box\" data-id=\"70a66c1\" data-element_type=\"widget\" data-e-type=\"widget\" data-widget_type=\"icon-box.default\">\n\t\t\t\t\t\t\t<div class=\"elementor-icon-box-wrapper\">\n\n\t\t\t\t\t\t<div class=\"elementor-icon-box-icon\">\n\t\t\t\t<a href=\"https:\/\/enertik.com\/wp-content\/uploads\/sites\/3\/documentos\/certificados\/lfp25.6v100ah-certs.zip\" target=\"_blank\" class=\"elementor-icon\" tabindex=\"-1\">\n\t\t\t\t<svg aria-hidden=\"true\" class=\"e-font-icon-svg e-fas-medal\" viewBox=\"0 0 512 512\" xmlns=\"http:\/\/www.w3.org\/2000\/svg\"><path d=\"M223.75 130.75L154.62 15.54A31.997 31.997 0 0 0 127.18 0H16.03C3.08 0-4.5 14.57 2.92 25.18l111.27 158.96c29.72-27.77 67.52-46.83 109.56-53.39zM495.97 0H384.82c-11.24 0-21.66 5.9-27.44 15.54l-69.13 115.21c42.04 6.56 79.84 25.62 109.56 53.38L509.08 25.18C516.5 14.57 508.92 0 495.97 0zM256 160c-97.2 0-176 78.8-176 176s78.8 176 176 176 176-78.8 176-176-78.8-176-176-176zm92.52 157.26l-37.93 36.96 8.97 52.22c1.6 9.36-8.26 16.51-16.65 12.09L256 393.88l-46.9 24.65c-8.4 4.45-18.25-2.74-16.65-12.09l8.97-52.22-37.93-36.96c-6.82-6.64-3.05-18.23 6.35-19.59l52.43-7.64 23.43-47.52c2.11-4.28 6.19-6.39 10.28-6.39 4.11 0 8.22 2.14 10.33 6.39l23.43 47.52 52.43 7.64c9.4 1.36 13.17 12.95 6.35 19.59z\"><\/path><\/svg>\t\t\t\t<\/a>\n\t\t\t<\/div>\n\t\t\t\n\t\t\t\t\t\t<div class=\"elementor-icon-box-content\">\n\n\t\t\t\t\n\t\t\t\t\t\t\t\t\t<p class=\"elementor-icon-box-description\">\n\t\t\t\t\t\tDESCARGAR CERTIFICADOS*\t\t\t\t\t<\/p>\n\t\t\t\t\n\t\t\t<\/div>\n\t\t\t\n\t\t<\/div>\n\t\t\t\t\t\t<\/div>\n\t\t\t\t\t<\/div>\n\t\t<\/div>\n\t\t\t\t\t<\/div>\n\t\t<\/section>\n\t\t\t\t<section class=\"wd-negative-gap elementor-section elementor-top-section elementor-element elementor-element-70ea03a elementor-section-boxed elementor-section-height-default elementor-section-height-default\" data-id=\"70ea03a\" data-element_type=\"section\" data-e-type=\"section\">\n\t\t\t\t\t\t<div class=\"elementor-container elementor-column-gap-default\">\n\t\t\t\t\t<div class=\"elementor-column elementor-col-100 elementor-top-column elementor-element elementor-element-1b4b178\" data-id=\"1b4b178\" data-element_type=\"column\" data-e-type=\"column\">\n\t\t\t<div class=\"elementor-widget-wrap elementor-element-populated\">\n\t\t\t\t\t\t<div class=\"elementor-element elementor-element-c4a9363 color-scheme-inherit text-left elementor-widget elementor-widget-text-editor\" data-id=\"c4a9363\" data-element_type=\"widget\" data-e-type=\"widget\" data-widget_type=\"text-editor.default\">\n\t\t\t\t\t\t\t\t\t<p><span data-sheets-root=\"1\">*Certificados disponibles:<br \/>&#8211; IEC 62619<br \/>&#8211; UN38.3<br \/><\/span><\/p>\t\t\t\t\t\t\t\t<\/div>\n\t\t\t\t\t<\/div>\n\t\t<\/div>\n\t\t\t\t\t<\/div>\n\t\t<\/section>\n\t\t\t\t<\/div>\n\t\t","protected":false},"excerpt":{"rendered":"<p>Las bater\u00edas de litio de Ritar serie 25.6V de ciclo profundo est\u00e1n dise\u00f1adas para reemplazar las bater\u00edas de AGM y GEL tradicionales en diversos sistemas. No necesitan establecer comunicaci\u00f3n con los inversores-cargadores lo cual simplifica mucho su integraci\u00f3n y est\u00e1n exentas de las complicaciones de las bater\u00edas de litio. Son m\u00e1s ligeras y peque\u00f1as que las anteriores, tienen mejor rendimiento y estabilidad, y soportan m\u00e1s profundidad y carga y descarga. Estas bater\u00edas tienen m\u00f3dulo de bluetooth integrado para el monitoreo remoto y tienen m\u00f3dulo de calentamiento auxiliar que permite su uso en temperaturas extremadamente bajas (hasta -20 grados cent\u00edgrados). Tienen varios mecanismos de protecci\u00f3n inteligente que aseguran un funcionamiento seguro.<\/p>\n","protected":false},"featured_media":39191,"comment_status":"open","ping_status":"closed","template":"","meta":{"_relevanssi_hide_post":"","_relevanssi_hide_content":"","_relevanssi_pin_for_all":"","_relevanssi_pin_keywords":"","_relevanssi_unpin_keywords":"","_relevanssi_related_keywords":"","_relevanssi_related_include_ids":"","_relevanssi_related_exclude_ids":"","_relevanssi_related_no_append":"","_relevanssi_related_not_related":"","_relevanssi_related_posts":"","_relevanssi_noindex_reason":"","inline_featured_image":false},"product_brand":[],"product_cat":[1733,1737],"product_tag":[],"class_list":{"0":"post-24237","1":"product","2":"type-product","3":"status-publish","4":"has-post-thumbnail","6":"product_cat-baterias","7":"product_cat-litio","8":"pa_marca-ritar","9":"pa_mpn-lfp25-6v100ah-g2","10":"pa_voltaje-24v","12":"first","13":"instock","14":"sale","15":"taxable","16":"shipping-taxable","17":"purchasable","18":"product-type-variable","19":"has-default-attributes"},"bundled_by":[],"bundle_stock_status":"instock","bundle_stock_quantity":null,"bundle_virtual":false,"bundle_layout":"","bundle_add_to_cart_form_location":"","bundle_editable_in_cart":false,"bundle_sold_individually_context":"","bundle_item_grouping":"","bundle_min_size":"","bundle_max_size":"","bundle_price":[],"bundled_items":[],"bundle_sell_ids":[],"group_of_quantity":0,"min_quantity":0,"max_quantity":"","exclude_order_quantity_value_rules":"no","exclude_category_quantity_rules":"no","combine_variations":"no","exclude_global_add_ons":[],"addons":[],"_links":{"self":[{"href":"https:\/\/enertik.com\/cl\/wp-json\/wp\/v2\/product\/24237","targetHints":{"allow":["GET"]}}],"collection":[{"href":"https:\/\/enertik.com\/cl\/wp-json\/wp\/v2\/product"}],"about":[{"href":"https:\/\/enertik.com\/cl\/wp-json\/wp\/v2\/types\/product"}],"replies":[{"embeddable":true,"href":"https:\/\/enertik.com\/cl\/wp-json\/wp\/v2\/comments?post=24237"}],"version-history":[{"count":0,"href":"https:\/\/enertik.com\/cl\/wp-json\/wp\/v2\/product\/24237\/revisions"}],"wp:featuredmedia":[{"embeddable":true,"href":"https:\/\/enertik.com\/cl\/wp-json\/wp\/v2\/media\/39191"}],"wp:attachment":[{"href":"https:\/\/enertik.com\/cl\/wp-json\/wp\/v2\/media?parent=24237"}],"wp:term":[{"taxonomy":"product_brand","embeddable":true,"href":"https:\/\/enertik.com\/cl\/wp-json\/wp\/v2\/product_brand?post=24237"},{"taxonomy":"product_cat","embeddable":true,"href":"https:\/\/enertik.com\/cl\/wp-json\/wp\/v2\/product_cat?post=24237"},{"taxonomy":"product_tag","embeddable":true,"href":"https:\/\/enertik.com\/cl\/wp-json\/wp\/v2\/product_tag?post=24237"}],"curies":[{"name":"wp","href":"https:\/\/api.w.org\/{rel}","templated":true}]}}