{"id":17136,"date":"2023-05-12T12:00:13","date_gmt":"2023-05-12T16:00:13","guid":{"rendered":"https:\/\/test.enertik.com\/cl\/?post_type=product&#038;p=17136"},"modified":"2026-04-02T05:41:50","modified_gmt":"2026-04-02T08:41:50","slug":"variador-de-frecuencia-de-corriente-alterna-trifasico-750w-enertik","status":"publish","type":"product","link":"https:\/\/enertik.com\/cl\/tienda\/otros-productos\/vfd-de-corriente-alterna\/variador-de-frecuencia-de-corriente-alterna-trifasico-075kw-enertik\/","title":{"rendered":"Variador de Frecuencia &#8211; Trif\u00e1sico &#8211; 0.75kW"},"content":{"rendered":"\t\t<div data-elementor-type=\"product-post\" data-elementor-id=\"17136\" class=\"elementor elementor-17136\" data-elementor-post-type=\"product\">\n\t\t\t\t\t\t<section class=\"wd-negative-gap elementor-section elementor-top-section elementor-element elementor-element-dfcf1ad Product_Description elementor-section-boxed elementor-section-height-default elementor-section-height-default\" data-id=\"dfcf1ad\" data-element_type=\"section\" data-e-type=\"section\">\n\t\t\t\t\t\t<div class=\"elementor-container elementor-column-gap-default\">\n\t\t\t\t\t<div class=\"elementor-column elementor-col-100 elementor-top-column elementor-element elementor-element-aa8b2b1\" data-id=\"aa8b2b1\" data-element_type=\"column\" data-e-type=\"column\" data-settings=\"{&quot;background_background&quot;:&quot;classic&quot;}\">\n\t\t\t<div class=\"elementor-widget-wrap elementor-element-populated\">\n\t\t\t\t\t\t<section class=\"wd-negative-gap elementor-section elementor-inner-section elementor-element elementor-element-66f0bc2 elementor-section-boxed elementor-section-height-default elementor-section-height-default\" data-id=\"66f0bc2\" data-element_type=\"section\" data-e-type=\"section\">\n\t\t\t\t\t\t<div class=\"elementor-container elementor-column-gap-default\">\n\t\t\t\t\t<div class=\"elementor-column elementor-col-100 elementor-inner-column elementor-element elementor-element-77640d7\" data-id=\"77640d7\" data-element_type=\"column\" data-e-type=\"column\">\n\t\t\t<div class=\"elementor-widget-wrap elementor-element-populated\">\n\t\t\t\t\t\t<div class=\"elementor-element elementor-element-5ca0529 elementor-widget elementor-widget-wd_tabs\" data-id=\"5ca0529\" data-element_type=\"widget\" data-e-type=\"widget\" data-widget_type=\"wd_tabs.default\">\n\t\t\t\t<div class=\"elementor-widget-container\">\n\t\t\t\t\t\t\t<div class=\"wd-tabs tabs-design-default\">\n\t\t\t<div class=\"wd-tabs-header text-center\">\n\t\t\t\t\n\t\t\t\t\n\t\t\t\t<div class=\"wd-nav-wrapper wd-nav-tabs-wrapper wd-mb-action-swipe\">\n\t\t\t\t\t<ul class=\"wd-nav wd-nav-tabs wd-icon-pos-left wd-style-underline\">\n\t\t\t\t\t\t\t\t\t\t\t\t\t\n\t\t\t\t\t\t\t<li>\n\t\t\t\t\t\t\t\t<a href=\"#\" class=\"wd-nav-link\">\n\t\t\t\t\t\t\t\t\t\n\t\t\t\t\t\t\t\t\t<span class=\"nav-link-text wd-tabs-title\">\n\t\t\t\t\t\t\t\t\t\tDESCRIPCI\u00d3N\t\t\t\t\t\t\t\t\t<\/span>\n\t\t\t\t\t\t\t\t<\/a>\n\t\t\t\t\t\t\t<\/li>\n\n\t\t\t\t\t\t\t\t\t\t\t\t\t\n\t\t\t\t\t\t\t<li>\n\t\t\t\t\t\t\t\t<a href=\"#\" class=\"wd-nav-link\">\n\t\t\t\t\t\t\t\t\t\n\t\t\t\t\t\t\t\t\t<span class=\"nav-link-text wd-tabs-title\">\n\t\t\t\t\t\t\t\t\t\tESPECIFICACIONES\t\t\t\t\t\t\t\t\t<\/span>\n\t\t\t\t\t\t\t\t<\/a>\n\t\t\t\t\t\t\t<\/li>\n\n\t\t\t\t\t\t\t\t\t\t\t<\/ul>\n\t\t\t\t<\/div>\n\t\t\t<\/div>\n\n\t\t\t<div class=\"wd-tabs-content-wrapper\">\n\t\t\t\t\t\t\t\t\t\t\t\t\t\t\n\t\t\t\t\t<div class=\"wd-tab-content wd-entry-content\">\n\t\t\t\t\t\t\t\t\t\t\t\t\t<div >\n\t\t\t\t\t\t\t\t<h2>VENTAJAS<\/h2><ul><li>Se puede utilizar para controlar casi todos los motores de inducci\u00f3n de CA as\u00edncronos<\/li><li>Controla de forma precisa la velocidad del motor, con muy buen rendimiento de aceleraci\u00f3n y desaceleraci\u00f3n<\/li><li>Varios modos de control : Voltage\/Frecuencia (V\/F) y Open-loop Sensorless Vector Control (SVC)<\/li><li>Torque inicial fuerte: : 150 % de torque a 0,5 Hz<\/li><li>Alarga la vida \u00fatil de los motores, previene arranques bruscos y paros bruscos con inercia residual tanto en momentos normales y como en momentos de falla el\u00e9ctrica<\/li><li>Reduce dr\u00e1sticamente la corriente de pico cuando un motor se enciende, protege el sistema el\u00e9ctrica o el sistema solar y alargar la vida \u00fatil del motor<\/li><li>Aumento de torque autom\u00e1tico y compensaci\u00f3n de deslizamiento<\/li><li>Proporciona un control de velocidad preciso con &lt;0.5% de margen de variaci\u00f3<\/li><li>Proporciona ondas de salida perfectas y su reacci\u00f3n con corriente es precisa<\/li><li>Funci\u00f3n de desaceleraci\u00f3n suave autom\u00e1tica en momentos de falla el\u00e9ctrica<\/li><li>Amplio rango de voltaje de entrada<\/li><li>Los componentes electr\u00f3nicos est\u00e1n recubiertos de una capa de pasta protectora para resistir entornos hostiles<\/li><li>Control por temporizador<\/li><li>Incorpora una fuente de 10VCC \/ 24VCC para conectar con sensores externos<\/li><li>Serie completa de terminales de entrada \/ salida de se\u00f1ales programables<\/li><li>Comunicaci\u00f3n RS-485 MODBUS (RTU) incorporada para aplicaci\u00f3n industrial<\/li><li>Teclado de control externo remoto con funci\u00f3n de bloqueo completo\/parcial y pantalla num\u00e9rica LCD<\/li><li>Instalaci\u00f3n sencilla con montaje en pared o riles de DIN<\/li><\/ul><p>\u00a0<\/p><h2>PROTECCIONES DEL EQUIPO<\/h2><ul><li>Detecci\u00f3n de cortocircuito del motor al encender<\/li><li>P\u00e9rdida de fase en salida<\/li><li>Sobrecorriente<\/li><li>Sobretensi\u00f3n<\/li><li>Tensi\u00f3n baja<\/li><li>Sobrecalentamiento<\/li><li>Sobrecarga<\/li><\/ul>\t\t\t\t\t\t\t<\/div>\n\t\t\t\t\t\t\t\t\t\t\t<\/div>\n\n\t\t\t\t\t\t\t\t\t\t\t\t\t\t\n\t\t\t\t\t<div class=\"wd-tab-content wd-entry-content\">\n\t\t\t\t\t\t\t\t\t\t\t\t\t<div >\n\t\t\t\t\t\t\t\t<table><tbody><tr class=\"tbBorderNone\"><td class=\"tbLeft\">Modelo<\/td><td>VFD-0.75G-T4<\/td><\/tr><tr><td class=\"tbTit\" colspan=\"2\">Especificaciones generales<\/td><\/tr><tr><td class=\"tbLeft\">Capacidad nominal<\/td><td>1.5kVA<\/td><\/tr><tr><td class=\"tbLeft\">Corriente de entrada<\/td><td>3.4A<\/td><\/tr><tr><td class=\"tbLeft\">Corriente de salida<\/td><td>2.1A<\/td><\/tr><tr><td class=\"tbLeft\">Motores compatibles<\/td><td>M\u00e1x. 0.75kW \/ 1HP Trif\u00e1sicos<\/td><\/tr><tr class=\"tbBorderNone\"><td class=\"tbLeft\">Resistencia de frenado recomendada<\/td><td>M\u00ednima 240\u03a9, 635\u03a9 @ 100% torque de frenado<br \/>Consumo: 0.1kW @10% \/ 0.6kW @50% \/ 0.9kW @80%<\/td><\/tr><tr><td class=\"tbTit\" colspan=\"2\">Tensi\u00f3n y frecuencia de entrada<\/td><\/tr><tr><td class=\"tbLeft\">Tensi\u00f3n de entrada<\/td><td>380VCA(-15%)~440VCA(+10%)<\/td><\/tr><tr class=\"tbBorderNone\"><td class=\"tbLeft\">Frecuencia de entrada<\/td><td>50\/60 Hz\u00a0\u00b15%\u00a0(47.5 ~ 63Hz)<\/td><\/tr><tr><td class=\"tbTit\" colspan=\"2\">Tensi\u00f3n y frecuencia de salida<\/td><\/tr><tr><td class=\"tbLeft\">Tensi\u00f3n de salida<\/td><td>0 ~ Tensi\u00f3n en la entrada<\/td><\/tr><tr class=\"tbBorderNone\"><td class=\"tbLeft\">Frecuencia de salida<\/td><td>0.1 ~ 500HZ<\/td><\/tr><tr><td class=\"tbTit\" colspan=\"2\">Caracter\u00edsticas del variador<\/td><\/tr><tr><td class=\"tbLeft\">Frecuencia m\u00e1xima<\/td><td>0 ~ 500HZ (V\/F, SVC)<\/td><\/tr><tr><td class=\"tbLeft\">Frecuencia de onda portadora<\/td><td>0.8KHz~8KHz, (m\u00e1x. 16KHz), ajuste din\u00e1mico autom\u00e1tico seg\u00fan la carga detectada<\/td><\/tr><tr><td class=\"tbLeft\">Resoluci\u00f3n de frecuencia de entrada<\/td><td>Digital:\u00a00.01Hz<br \/>An\u00e1logo: Frecuencia m\u00e1xima \u00d70.025%<\/td><\/tr><tr><td class=\"tbLeft\">Modos de trabajo<\/td><td>V\/F, SVC<\/td><\/tr><tr><td class=\"tbLeft\">Torque inicial<\/td><td>0.5Hz\/150%(SVC)<\/td><\/tr><tr><td class=\"tbLeft\">Proporci\u00f3n de velocidad ajustable<\/td><td>1:100 (SVC)<\/td><\/tr><tr><td class=\"tbLeft\">Precisi\u00f3n de control de velocidad<\/td><td>\u00b10.5%(SVC)<\/td><\/tr><tr><td class=\"tbLeft\">Capacidad de sobrecarga<\/td><td>60 segundos @ 150% de corriente nominal<br \/>12 segundos @ 170% de corriente nominal<br \/>1.5 segundos @ 190% de corriente nominal<\/td><\/tr><tr><td class=\"tbLeft\">Impulsor de torque<\/td><td>Autom\u00e1tico<br \/>Manual :\u00a00.1%~30.0%<\/td><\/tr><tr><td class=\"tbLeft\">Curvas de V\/F<\/td><td>Lineal, Multipuntos, Cuadrada<br \/>(1.2 power, 1.4 power, 1.6 power, 1.8 power, 2 power)<\/td><\/tr><tr><td class=\"tbLeft\">Separaci\u00f3n de V\/F<\/td><td>Completa, Media<\/td><\/tr><tr><td class=\"tbLeft\">Aceleraci\u00f3n \/ Desaceleraci\u00f3n<\/td><td>0.0~6500.0s. (Lineal, Curva S)<\/td><\/tr><tr><td class=\"tbLeft\">Freno CC<\/td><td>0.00Hz\u00a0~ Frecuencia m\u00e1xima @\u00a00.0s~36.0s,\u00a00.0%~100.0% corriente<\/td><\/tr><tr><td class=\"tbLeft\">Control de JOG<\/td><td>0.00Hz\u00a0~ Frecuencia m\u00e1xima (Por defecto : 5Hz) @\u00a00.0s~6500.0s.<\/td><\/tr><tr><td class=\"tbLeft\">PID Incorporado<\/td><td>S\u00ed<\/td><\/tr><tr><td class=\"tbLeft\">Regulaci\u00f3n de voltaje<\/td><td>S\u00ed, el voltaje a la salida se mantiene estable aunque el voltaje de entrada se fluct\u00fae<\/td><\/tr><tr><td class=\"tbLeft\">Prevenci\u00f3n de paros repentinos intermitentes (tripping)<\/td><td>S\u00ed (Protecci\u00f3n contra sobretensi\u00f3n y sobrecorriente)<\/td><\/tr><tr class=\"tbBorderNone\"><td class=\"tbLeft\">Limitador de corriente \/ torque de reacci\u00f3n r\u00e1pida<\/td><td>S\u00ed<\/td><\/tr><tr><td class=\"tbTit\" colspan=\"2\">Interfaces de se\u00f1al<\/td><\/tr><tr><td class=\"tbLeft\">Comandos<\/td><td>Panel de control<br \/>Terminales de control<br \/>Puerto de comunicaci\u00f3n<\/td><\/tr><tr><td class=\"tbLeft\">Control de frecuencia<\/td><td>Configuraci\u00f3n digital<br \/>Por voltaje<br \/>Por pulsos<br \/>Por puerto de comunicaci\u00f3n<\/td><\/tr><tr><td class=\"tbLeft\">Terminales de entrada<\/td><td>- 5 terminales de entrada digital, uno de los cuales admite entrada de pulsos de alta frecuencia de hasta 50 kHz<br \/>- 1 terminal de entrada anal\u00f3gica compatible con entrada de voltaje de 0 ~ 10 V o entrada de corriente de 0 ~ 20 mA<br \/>-\u00a01 entrada anal\u00f3gica de potenci\u00f3metro giratorio<\/td><\/tr><tr><td class=\"tbLeft\">Terminales de salida<\/td><td>- 1 terminal de salida de pulsos de alta velocidad compatible con salida de se\u00f1al de onda escalonada de 50 kHz<br \/>-\u00a01 terminal de salida de rel\u00e9<br \/>-\u00a01 terminal de salida anal\u00f3gica compatible con salida de corriente de 0~20 mA o salida de voltaje de 0~10 V<\/td><\/tr><tr><td class=\"tbLeft\">Puerto de comunicaci\u00f3n<\/td><td>RS-485. - Con MODBUS (RTU)<\/td><\/tr><tr><td class=\"tbTit\" colspan=\"2\">Ambiente<\/td><\/tr><tr><td class=\"tbLeft\">Temperatura de trabajo<\/td><td>10\u00b0C ~ 50\u00b0C<br \/>Potencia de salida -1%\/\u00a0\u00b0C (Se aplica desde los 40\u00b0C)<\/td><\/tr><tr class=\"tbBorderNone\"><td class=\"tbLeft\">Humedad<\/td><td>&lt; 95% RH<\/td><\/tr><tr><td class=\"tbTit\" colspan=\"2\">Dise\u00f1o<\/td><\/tr><tr><td class=\"tbLeft\">Ruido generado<\/td><td>M\u00e1x. 50dBA<\/td><\/tr><tr><td class=\"tbLeft\">Protecciones<\/td><td>Detecci\u00f3n de cortocircuito del motor al encender<br \/>P\u00e9rdida de fase de salida<br \/>Sobrecorriente<br \/>Sobretensi\u00f3n<br \/>Tensi\u00f3n baja<br \/>Sobrecalentamiento<br \/>Sobrecarga<\/td><\/tr><tr class=\"tbBorderNone\"><td class=\"tbLeft\">Est\u00e1ndar de seguridad<\/td><td>IEC 61800-5-1<\/td><\/tr><tr><td class=\"tbTit\" colspan=\"2\">Caracter\u00edsticas f\u00edsicas<\/td><\/tr><tr><td class=\"tbLeft\">Dimensiones(mm)<\/td><td>173 x 94 x\u00a0146<\/td><\/tr><tr><td class=\"tbLeft\">Peso(kg)<\/td><td>1.4<\/td><\/tr><\/tbody><\/table><p>*Consulte el manual completo para obtener consejos sobre la comunicaci\u00f3n\/control v\u00eda MODBUS, conocer el efecto de temperatura y altura sobre el rendimiento del equipo, y saber c\u00f3mo elegir los accesorios, cables y dispositivos de protecci\u00f3n adecuados.,etc.<\/p>\t\t\t\t\t\t\t<\/div>\n\t\t\t\t\t\t\t\t\t\t\t<\/div>\n\n\t\t\t\t\t\t\t<\/div>\n\t\t<\/div>\n\t\t\t\t\t\t<\/div>\n\t\t\t\t<\/div>\n\t\t\t\t\t<\/div>\n\t\t<\/div>\n\t\t\t\t\t<\/div>\n\t\t<\/section>\n\t\t\t\t\t<\/div>\n\t\t<\/div>\n\t\t\t\t\t<\/div>\n\t\t<\/section>\n\t\t\t\t<section class=\"wd-negative-gap elementor-section elementor-top-section elementor-element elementor-element-20d0ebc Link_Buttons elementor-section-boxed elementor-section-height-default elementor-section-height-default\" data-id=\"20d0ebc\" data-element_type=\"section\" data-e-type=\"section\" data-settings=\"{&quot;background_background&quot;:&quot;classic&quot;}\">\n\t\t\t\t\t\t<div class=\"elementor-container elementor-column-gap-custom\">\n\t\t\t\t\t<div class=\"elementor-column elementor-col-100 elementor-top-column elementor-element elementor-element-74e5539\" data-id=\"74e5539\" data-element_type=\"column\" data-e-type=\"column\">\n\t\t\t<div class=\"elementor-widget-wrap elementor-element-populated\">\n\t\t\t\t\t\t<div class=\"elementor-element elementor-element-212252e elementor-view-framed elementor-shape-circle elementor-position-block-start elementor-mobile-position-block-start elementor-widget elementor-widget-icon-box\" data-id=\"212252e\" data-element_type=\"widget\" data-e-type=\"widget\" data-widget_type=\"icon-box.default\">\n\t\t\t\t\t\t\t<div class=\"elementor-icon-box-wrapper\">\n\n\t\t\t\t\t\t<div class=\"elementor-icon-box-icon\">\n\t\t\t\t<a href=\"https:\/\/enertik.com\/wp-content\/uploads\/sites\/2\/documentos\/manuales\/vfd-0.75-3.7k-user-manual.pdf\" target=\"_blank\" class=\"elementor-icon\" tabindex=\"-1\">\n\t\t\t\t<svg aria-hidden=\"true\" class=\"e-font-icon-svg e-fas-book\" viewBox=\"0 0 448 512\" xmlns=\"http:\/\/www.w3.org\/2000\/svg\"><path d=\"M448 360V24c0-13.3-10.7-24-24-24H96C43 0 0 43 0 96v320c0 53 43 96 96 96h328c13.3 0 24-10.7 24-24v-16c0-7.5-3.5-14.3-8.9-18.7-4.2-15.4-4.2-59.3 0-74.7 5.4-4.3 8.9-11.1 8.9-18.6zM128 134c0-3.3 2.7-6 6-6h212c3.3 0 6 2.7 6 6v20c0 3.3-2.7 6-6 6H134c-3.3 0-6-2.7-6-6v-20zm0 64c0-3.3 2.7-6 6-6h212c3.3 0 6 2.7 6 6v20c0 3.3-2.7 6-6 6H134c-3.3 0-6-2.7-6-6v-20zm253.4 250H96c-17.7 0-32-14.3-32-32 0-17.6 14.4-32 32-32h285.4c-1.9 17.1-1.9 46.9 0 64z\"><\/path><\/svg>\t\t\t\t<\/a>\n\t\t\t<\/div>\n\t\t\t\n\t\t\t\t\t\t<div class=\"elementor-icon-box-content\">\n\n\t\t\t\t\n\t\t\t\t\t\t\t\t\t<p class=\"elementor-icon-box-description\">\n\t\t\t\t\t\tMANUAL\t\t\t\t\t<\/p>\n\t\t\t\t\n\t\t\t<\/div>\n\t\t\t\n\t\t<\/div>\n\t\t\t\t\t\t<\/div>\n\t\t\t\t\t<\/div>\n\t\t<\/div>\n\t\t\t\t\t<\/div>\n\t\t<\/section>\n\t\t\t\t<\/div>\n\t\t","protected":false},"excerpt":{"rendered":"<p>Variador de Frecuencia de Corriente Alterna Enertik<\/p>\n<p>Potencia del motor compatible:\u00a0 hasta 0.75kW \/ 1HP<\/p>\n<p>Modos de control : V\/F, SVC<\/p>\n<p><strong>Tensi\u00f3n nominal de entrada: 380V <em>Trif\u00e1sica<\/em><\/strong><\/p>\n<p><strong>Tensi\u00f3n nominal del motor compatible: 380V <em>Trif\u00e1sica<\/em><\/strong><\/p>\n","protected":false},"featured_media":17097,"comment_status":"open","ping_status":"closed","template":"","meta":{"_relevanssi_hide_post":"","_relevanssi_hide_content":"","_relevanssi_pin_for_all":"","_relevanssi_pin_keywords":"","_relevanssi_unpin_keywords":"","_relevanssi_related_keywords":"","_relevanssi_related_include_ids":"","_relevanssi_related_exclude_ids":"","_relevanssi_related_no_append":"","_relevanssi_related_not_related":"","_relevanssi_related_posts":"","_relevanssi_noindex_reason":"","inline_featured_image":false},"product_brand":[],"product_cat":[3710],"product_tag":[1958],"class_list":{"0":"post-17136","1":"product","2":"type-product","3":"status-publish","4":"has-post-thumbnail","6":"product_cat-vfd-de-corriente-alterna","7":"product_tag-nuevos","8":"pa_gtin-4209","9":"pa_marca-enertik","10":"pa_potencia-750w","12":"first","13":"instock","14":"taxable","15":"shipping-taxable","16":"purchasable","17":"product-type-simple"},"bundled_by":[],"bundle_stock_status":"instock","bundle_stock_quantity":40,"bundle_virtual":false,"bundle_layout":"","bundle_add_to_cart_form_location":"","bundle_editable_in_cart":false,"bundle_sold_individually_context":"","bundle_item_grouping":"","bundle_min_size":"","bundle_max_size":"","bundle_price":[],"bundled_items":[],"bundle_sell_ids":[],"group_of_quantity":0,"min_quantity":0,"max_quantity":"","exclude_order_quantity_value_rules":"no","exclude_category_quantity_rules":"no","combine_variations":"no","exclude_global_add_ons":[],"addons":[],"_links":{"self":[{"href":"https:\/\/enertik.com\/cl\/wp-json\/wp\/v2\/product\/17136","targetHints":{"allow":["GET"]}}],"collection":[{"href":"https:\/\/enertik.com\/cl\/wp-json\/wp\/v2\/product"}],"about":[{"href":"https:\/\/enertik.com\/cl\/wp-json\/wp\/v2\/types\/product"}],"replies":[{"embeddable":true,"href":"https:\/\/enertik.com\/cl\/wp-json\/wp\/v2\/comments?post=17136"}],"version-history":[{"count":0,"href":"https:\/\/enertik.com\/cl\/wp-json\/wp\/v2\/product\/17136\/revisions"}],"wp:featuredmedia":[{"embeddable":true,"href":"https:\/\/enertik.com\/cl\/wp-json\/wp\/v2\/media\/17097"}],"wp:attachment":[{"href":"https:\/\/enertik.com\/cl\/wp-json\/wp\/v2\/media?parent=17136"}],"wp:term":[{"taxonomy":"product_brand","embeddable":true,"href":"https:\/\/enertik.com\/cl\/wp-json\/wp\/v2\/product_brand?post=17136"},{"taxonomy":"product_cat","embeddable":true,"href":"https:\/\/enertik.com\/cl\/wp-json\/wp\/v2\/product_cat?post=17136"},{"taxonomy":"product_tag","embeddable":true,"href":"https:\/\/enertik.com\/cl\/wp-json\/wp\/v2\/product_tag?post=17136"}],"curies":[{"name":"wp","href":"https:\/\/api.w.org\/{rel}","templated":true}]}}