{"id":17049,"date":"2023-05-11T10:08:04","date_gmt":"2023-05-11T14:08:04","guid":{"rendered":"https:\/\/test.enertik.com\/cl\/?post_type=product&#038;p=17049"},"modified":"2026-04-02T05:41:49","modified_gmt":"2026-04-02T08:41:49","slug":"banco-de-energia-portatil-solar-con-salida-1200w-y-almacenamiento-768wh-enertik-bep-1-2k","status":"publish","type":"product","link":"https:\/\/enertik.com\/cl\/tienda\/respaldo-de-energia\/generadores-portatiles\/generador-electrico-portatil-salida-1200w-almacenamiento-768wh\/","title":{"rendered":"Generador El\u00e9ctrico Port\u00e1til &#8211; Salida 1200W \/ Almacenamiento 768Wh"},"content":{"rendered":"\t\t<div data-elementor-type=\"product-post\" data-elementor-id=\"17049\" class=\"elementor elementor-17049\" data-elementor-post-type=\"product\">\n\t\t\t\t\t\t<section class=\"wd-negative-gap elementor-section elementor-top-section elementor-element elementor-element-920d562 Product_Description elementor-section-boxed elementor-section-height-default elementor-section-height-default\" data-id=\"920d562\" data-element_type=\"section\" data-e-type=\"section\">\n\t\t\t\t\t\t<div class=\"elementor-container elementor-column-gap-default\">\n\t\t\t\t\t<div class=\"elementor-column elementor-col-100 elementor-top-column elementor-element elementor-element-d25e824\" data-id=\"d25e824\" data-element_type=\"column\" data-e-type=\"column\" data-settings=\"{&quot;background_background&quot;:&quot;classic&quot;}\">\n\t\t\t<div class=\"elementor-widget-wrap elementor-element-populated\">\n\t\t\t\t\t\t<section class=\"wd-negative-gap elementor-section elementor-inner-section elementor-element elementor-element-e7e7fb4 elementor-section-boxed elementor-section-height-default elementor-section-height-default\" data-id=\"e7e7fb4\" data-element_type=\"section\" data-e-type=\"section\">\n\t\t\t\t\t\t<div class=\"elementor-container elementor-column-gap-default\">\n\t\t\t\t\t<div class=\"elementor-column elementor-col-100 elementor-inner-column elementor-element elementor-element-0329ae6\" data-id=\"0329ae6\" data-element_type=\"column\" data-e-type=\"column\">\n\t\t\t<div class=\"elementor-widget-wrap elementor-element-populated\">\n\t\t\t\t\t\t<div class=\"elementor-element elementor-element-4f16015 elementor-widget elementor-widget-wd_tabs\" data-id=\"4f16015\" data-element_type=\"widget\" data-e-type=\"widget\" data-widget_type=\"wd_tabs.default\">\n\t\t\t\t<div class=\"elementor-widget-container\">\n\t\t\t\t\t\t\t<div class=\"wd-tabs tabs-design-default\">\n\t\t\t<div class=\"wd-tabs-header text-center\">\n\t\t\t\t\n\t\t\t\t\n\t\t\t\t<div class=\"wd-nav-wrapper wd-nav-tabs-wrapper wd-mb-action-swipe\">\n\t\t\t\t\t<ul class=\"wd-nav wd-nav-tabs wd-icon-pos-left wd-style-underline\">\n\t\t\t\t\t\t\t\t\t\t\t\t\t\n\t\t\t\t\t\t\t<li>\n\t\t\t\t\t\t\t\t<a href=\"#\" class=\"wd-nav-link\">\n\t\t\t\t\t\t\t\t\t\n\t\t\t\t\t\t\t\t\t<span class=\"nav-link-text wd-tabs-title\">\n\t\t\t\t\t\t\t\t\t\tDESCRIPCI\u00d3N\t\t\t\t\t\t\t\t\t<\/span>\n\t\t\t\t\t\t\t\t<\/a>\n\t\t\t\t\t\t\t<\/li>\n\n\t\t\t\t\t\t\t\t\t\t\t\t\t\n\t\t\t\t\t\t\t<li>\n\t\t\t\t\t\t\t\t<a href=\"#\" class=\"wd-nav-link\">\n\t\t\t\t\t\t\t\t\t\n\t\t\t\t\t\t\t\t\t<span class=\"nav-link-text wd-tabs-title\">\n\t\t\t\t\t\t\t\t\t\tESPECIFICACIONES\t\t\t\t\t\t\t\t\t<\/span>\n\t\t\t\t\t\t\t\t<\/a>\n\t\t\t\t\t\t\t<\/li>\n\n\t\t\t\t\t\t\t\t\t\t\t<\/ul>\n\t\t\t\t<\/div>\n\t\t\t<\/div>\n\n\t\t\t<div class=\"wd-tabs-content-wrapper\">\n\t\t\t\t\t\t\t\t\t\t\t\t\t\t\n\t\t\t\t\t<div class=\"wd-tab-content wd-entry-content\">\n\t\t\t\t\t\t\t\t\t\t\t\t\t<div >\n\t\t\t\t\t\t\t\t<h2>VENTAJAS<\/h2><div id=\"1653922194332-e106eafb-4eea8590-8091\" class=\"vc_tta-panel vc_active\" data-vc-content=\".vc_tta-panel-body\"><div class=\"vc_tta-panel-body\"><div class=\"wpb_text_column wpb_content_element vc_custom_1655386521598\"><div class=\"wpb_wrapper\"><ul class=\"ulMiddle\"><li>Sistema port\u00e1til todo en uno: Incorpora un inversor-cargador potente, un regulador solar MPPT de alta eficiencia, y una bater\u00eda de litio de alta calidad con BMS<\/li><li>Dise\u00f1o compacto con ruedas<\/li><li>Cuatro salidas CA de senoidal pura, dos salidas de USB-A (PD) y dos salidas de USB-C (PD), todas funcionan simult\u00e1neamente<\/li><li>Sistema de carga potente, carga r\u00e1pida de 0% a 90% en 1 hora sin importar usar paneles solares o CA como fuente<\/li><li>Dise\u00f1ado para suministrar energ\u00eda a la mayor\u00eda de los electrodom\u00e9sticos y productos electr\u00f3nicos, aguanta potencia en pico de doble de la potencia nominal<\/li><li>Cargador con paneles solares : seguidor MPPT de alta eficiencia con amplio rango de entrada, admite paneles solares tanto convencionales como plegables \/ port\u00e1tiles<\/li><li>Cargador con corriente alterna\u00a0 : toma de corriente convencional para enchufar a la pared o generador<\/li><li>Conectores MC4 para paneles incluidos<\/li><li>Temporizador de carga programable para aprovechar al m\u00e1ximo la energ\u00eda solar y horario fuera de punta de CA<\/li><li>Prioridad de carga seleccionable (energ\u00eda desde solar o CA)<\/li><li>Prioridad de salida seleccionable (energ\u00eda desde paneles solares, bater\u00eda, CA)<\/li><li>Bot\u00f3n de encendido para salida, bot\u00f3n de encendido para la bater\u00eda y disyuntor para la entrada independientes para controlar el equipo de forma sencilla<\/li><li>Funci\u00f3n de monitoreo y control por WiFi integrada<\/li><li>Pantalla LCD integrada<\/li><\/ul><p>\u00a0<\/p><h2>PROTECCIONES\u00a0<\/h2><ul><li>Sobrecarga<\/li><li>Sobrecalentamiento<\/li><li>Cortocircuito<\/li><\/ul><\/div><\/div><\/div><\/div>\t\t\t\t\t\t\t<\/div>\n\t\t\t\t\t\t\t\t\t\t\t<\/div>\n\n\t\t\t\t\t\t\t\t\t\t\t\t\t\t\n\t\t\t\t\t<div class=\"wd-tab-content wd-entry-content\">\n\t\t\t\t\t\t\t\t\t\t\t\t\t<div >\n\t\t\t\t\t\t\t\t<table><tbody><tr class=\"tbBorderNone\"><td class=\"tbLeft\">Modelo<\/td><td>BEP-1.2K<\/td><\/tr><tr><td class=\"tbTit\" colspan=\"2\">Entrada desde CA<\/td><\/tr><tr><td class=\"tbLeft\">Tensi\u00f3n de entrada nominal<\/td><td>230VCA<\/td><\/tr><tr><td class=\"tbLeft\">Rango de tensi\u00f3n de entrada<\/td><td>90~280VCA<\/td><\/tr><tr class=\"tbBorderNone\"><td class=\"tbLeft\">Frecuencia de entrada<\/td><td>50Hz \/ 60Hz (Reconocimiento autom\u00e1tico)<\/td><\/tr><tr><td class=\"tbTit\" colspan=\"2\">Entrada desde paneles solares (regulador solar)<\/td><\/tr><tr><td class=\"tbLeft\">Tecnolog\u00eda<\/td><td>MPPT<\/td><\/tr><tr><td class=\"tbLeft\">Potencia m\u00e1xima de entrada desde paneles solares<\/td><td>2000W<\/td><\/tr><tr><td class=\"tbLeft\">Rango de voltaje funcional para MPPT<\/td><td>60~300VCC<\/td><\/tr><tr><td class=\"tbLeft\">Tensi\u00f3n de entrada m\u00ednima desde paneles solares<\/td><td>120VCC<\/td><\/tr><tr><td class=\"tbLeft\">Tensi\u00f3n de entrada m\u00e1xima desde paneles solares<\/td><td>350VCC<\/td><\/tr><tr class=\"tbBorderNone\"><td class=\"tbLeft\">Corriente de entrada m\u00e1xima desde paneles<\/td><td>12A<\/td><\/tr><tr><td class=\"tbTit\" colspan=\"2\">Cargador<\/td><\/tr><tr><td class=\"tbLeft\">Corriente de carga m\u00e1xima - solar<\/td><td>30A<\/td><\/tr><tr><td class=\"tbLeft\">Corriente de carga m\u00e1xima - CA<\/td><td>30A<\/td><\/tr><tr class=\"tbBorderNone\"><td class=\"tbLeft\">Corriente de carga m\u00e1xima - entrada h\u00edbrida solar + CA<\/td><td>30A<\/td><\/tr><tr><td class=\"tbTit\" colspan=\"2\">Caracter\u00edsticas de la bater\u00eda integrada<\/td><\/tr><tr><td class=\"tbLeft\">Capacidad de almacenamiento nominal<\/td><td>768Wh<\/td><\/tr><tr><td class=\"tbLeft\">Tensi\u00f3n nominal<\/td><td>25.6VCC<\/td><\/tr><tr><td class=\"tbLeft\">Tensi\u00f3n de carga completa<\/td><td>29.2VCC<\/td><\/tr><tr><td class=\"tbLeft\">Tensi\u00f3n de descarga completa<\/td><td>20VCC<\/td><\/tr><tr><td class=\"tbLeft\">Capacidad en Ah<\/td><td>30Ah<\/td><\/tr><tr><td class=\"tbLeft\">Corriente de descarga m\u00e1xima continua<\/td><td>60A<\/td><\/tr><tr><td class=\"tbLeft\">Corriente de descarga m\u00e1xima en pico<\/td><td>65A<\/td><\/tr><tr><td class=\"tbLeft\">Control y protecci\u00f3n<\/td><td>Por el BMS integrado y el cargador integrado<\/td><\/tr><tr><td class=\"tbLeft\">Corriente de carga m\u00e1xima<\/td><td>30A (1C)<\/td><\/tr><tr><td class=\"tbLeft\">Resistencia interna<\/td><td>&lt;0.6\u03a9<\/td><\/tr><tr class=\"tbBorderNone\"><td class=\"tbLeft\">Vida \u00fatil<\/td><td>\u2265 2500 ciclos para llegar a 80% de la capacidad inicial<\/td><\/tr><tr><td class=\"tbTit\" colspan=\"2\">Salida<\/td><\/tr><tr><td class=\"tbLeft\">Potencia de salida<\/td><td>1200VA\/1200W<\/td><\/tr><tr><td class=\"tbLeft\">Tensi\u00f3n de salida (regulaci\u00f3n en modo de bater\u00eda)<\/td><td>230VCA (\u00b1 5%)<\/td><\/tr><tr><td class=\"tbLeft\">Frecuencia de salida<\/td><td>50Hz<\/td><\/tr><tr><td class=\"tbLeft\">Capacidad para manejar potencia en pico<\/td><td>2400VA @5 segundos<\/td><\/tr><tr><td class=\"tbLeft\">Eficiencia de conversi\u00f3n<\/td><td>90~93%<\/td><\/tr><tr><td class=\"tbLeft\">Tiempo de transferencia<\/td><td>10~20ms<\/td><\/tr><tr><td class=\"tbLeft\">Forma de onda<\/td><td>Senoidal pura<\/td><\/tr><tr><td class=\"tbLeft\">Enchufes CA<\/td><td>4 universales<\/td><\/tr><tr class=\"tbBorderNone\"><td class=\"tbLeft\">Conectores USB<\/td><td>2 x USB-A (18W, PD3.0)<br \/>2 x USB-C (65W, PD3.0)<\/td><\/tr><tr><td class=\"tbTit\" colspan=\"2\">Ambiente<\/td><\/tr><tr><td class=\"tbLeft\">Temperatura de trabajo<\/td><td>-10\u00b0C ~ 50\u00b0C<\/td><\/tr><tr class=\"tbBorderNone\"><td class=\"tbLeft\">Humedad<\/td><td>5% ~ 95% HR (Sin condensaci\u00f3n)<\/td><\/tr><tr><td class=\"tbTit\" colspan=\"2\">Caracter\u00edsticas f\u00edsicas<\/td><\/tr><tr><td class=\"tbLeft\">Dimensiones (mm)<\/td><td>450 x 280 x 330<\/td><\/tr><tr><td class=\"tbLeft\">Peso neto<\/td><td>20kg<\/td><\/tr><\/tbody><\/table>\t\t\t\t\t\t\t<\/div>\n\t\t\t\t\t\t\t\t\t\t\t<\/div>\n\n\t\t\t\t\t\t\t<\/div>\n\t\t<\/div>\n\t\t\t\t\t\t<\/div>\n\t\t\t\t<\/div>\n\t\t\t\t\t<\/div>\n\t\t<\/div>\n\t\t\t\t\t<\/div>\n\t\t<\/section>\n\t\t\t\t\t<\/div>\n\t\t<\/div>\n\t\t\t\t\t<\/div>\n\t\t<\/section>\n\t\t\t\t<section class=\"wd-negative-gap elementor-section elementor-top-section elementor-element elementor-element-1cd3791 Link_Buttons elementor-section-boxed elementor-section-height-default elementor-section-height-default\" data-id=\"1cd3791\" data-element_type=\"section\" data-e-type=\"section\" data-settings=\"{&quot;background_background&quot;:&quot;classic&quot;}\">\n\t\t\t\t\t\t<div class=\"elementor-container elementor-column-gap-custom\">\n\t\t\t\t\t<div class=\"elementor-column elementor-col-33 elementor-top-column elementor-element elementor-element-ffb6447\" data-id=\"ffb6447\" data-element_type=\"column\" data-e-type=\"column\">\n\t\t\t<div class=\"elementor-widget-wrap elementor-element-populated\">\n\t\t\t\t\t\t<div class=\"elementor-element elementor-element-2b94139 elementor-view-framed elementor-shape-circle elementor-position-block-start elementor-mobile-position-block-start elementor-widget elementor-widget-icon-box\" data-id=\"2b94139\" data-element_type=\"widget\" data-e-type=\"widget\" data-widget_type=\"icon-box.default\">\n\t\t\t\t\t\t\t<div class=\"elementor-icon-box-wrapper\">\n\n\t\t\t\t\t\t<div class=\"elementor-icon-box-icon\">\n\t\t\t\t<a href=\"https:\/\/enertik.com\/wp-content\/uploads\/sites\/2\/documentos\/manuales\/portable-energy-bank-1.2k-2.5k-manual-20230404c.pdf\" target=\"_blank\" class=\"elementor-icon\" tabindex=\"-1\">\n\t\t\t\t<svg aria-hidden=\"true\" class=\"e-font-icon-svg e-fas-book\" viewBox=\"0 0 448 512\" xmlns=\"http:\/\/www.w3.org\/2000\/svg\"><path d=\"M448 360V24c0-13.3-10.7-24-24-24H96C43 0 0 43 0 96v320c0 53 43 96 96 96h328c13.3 0 24-10.7 24-24v-16c0-7.5-3.5-14.3-8.9-18.7-4.2-15.4-4.2-59.3 0-74.7 5.4-4.3 8.9-11.1 8.9-18.6zM128 134c0-3.3 2.7-6 6-6h212c3.3 0 6 2.7 6 6v20c0 3.3-2.7 6-6 6H134c-3.3 0-6-2.7-6-6v-20zm0 64c0-3.3 2.7-6 6-6h212c3.3 0 6 2.7 6 6v20c0 3.3-2.7 6-6 6H134c-3.3 0-6-2.7-6-6v-20zm253.4 250H96c-17.7 0-32-14.3-32-32 0-17.6 14.4-32 32-32h285.4c-1.9 17.1-1.9 46.9 0 64z\"><\/path><\/svg>\t\t\t\t<\/a>\n\t\t\t<\/div>\n\t\t\t\n\t\t\t\t\t\t<div class=\"elementor-icon-box-content\">\n\n\t\t\t\t\n\t\t\t\t\t\t\t\t\t<p class=\"elementor-icon-box-description\">\n\t\t\t\t\t\tMANUAL\t\t\t\t\t<\/p>\n\t\t\t\t\n\t\t\t<\/div>\n\t\t\t\n\t\t<\/div>\n\t\t\t\t\t\t<\/div>\n\t\t\t\t\t<\/div>\n\t\t<\/div>\n\t\t\t\t<div class=\"elementor-column elementor-col-33 elementor-top-column elementor-element elementor-element-7f0b996\" data-id=\"7f0b996\" data-element_type=\"column\" data-e-type=\"column\">\n\t\t\t<div class=\"elementor-widget-wrap elementor-element-populated\">\n\t\t\t\t\t\t<div class=\"elementor-element elementor-element-1755769 elementor-view-framed elementor-shape-circle elementor-position-block-start elementor-mobile-position-block-start elementor-widget elementor-widget-icon-box\" data-id=\"1755769\" data-element_type=\"widget\" data-e-type=\"widget\" data-widget_type=\"icon-box.default\">\n\t\t\t\t\t\t\t<div class=\"elementor-icon-box-wrapper\">\n\n\t\t\t\t\t\t<div class=\"elementor-icon-box-icon\">\n\t\t\t\t<a href=\"https:\/\/play.google.com\/store\/apps\/details?id=uni.UNI199C480\" target=\"_blank\" class=\"elementor-icon\" tabindex=\"-1\" rel=\"noopener\">\n\t\t\t\t<svg aria-hidden=\"true\" class=\"e-font-icon-svg e-fab-google-play\" viewBox=\"0 0 512 512\" xmlns=\"http:\/\/www.w3.org\/2000\/svg\"><path d=\"M325.3 234.3L104.6 13l280.8 161.2-60.1 60.1zM47 0C34 6.8 25.3 19.2 25.3 35.3v441.3c0 16.1 8.7 28.5 21.7 35.3l256.6-256L47 0zm425.2 225.6l-58.9-34.1-65.7 64.5 65.7 64.5 60.1-34.1c18-14.3 18-46.5-1.2-60.8zM104.6 499l280.8-161.2-60.1-60.1L104.6 499z\"><\/path><\/svg>\t\t\t\t<\/a>\n\t\t\t<\/div>\n\t\t\t\n\t\t\t\t\t\t<div class=\"elementor-icon-box-content\">\n\n\t\t\t\t\n\t\t\t\t\t\t\t\t\t<p class=\"elementor-icon-box-description\">\n\t\t\t\t\t\tAPP ANDROID\t\t\t\t\t<\/p>\n\t\t\t\t\n\t\t\t<\/div>\n\t\t\t\n\t\t<\/div>\n\t\t\t\t\t\t<\/div>\n\t\t\t\t\t<\/div>\n\t\t<\/div>\n\t\t\t\t<div class=\"elementor-column elementor-col-33 elementor-top-column elementor-element elementor-element-b36b686\" data-id=\"b36b686\" data-element_type=\"column\" data-e-type=\"column\">\n\t\t\t<div class=\"elementor-widget-wrap elementor-element-populated\">\n\t\t\t\t\t\t<div class=\"elementor-element elementor-element-05cfce1 elementor-view-framed elementor-shape-circle elementor-position-block-start elementor-mobile-position-block-start elementor-widget elementor-widget-icon-box\" data-id=\"05cfce1\" data-element_type=\"widget\" data-e-type=\"widget\" data-widget_type=\"icon-box.default\">\n\t\t\t\t\t\t\t<div class=\"elementor-icon-box-wrapper\">\n\n\t\t\t\t\t\t<div class=\"elementor-icon-box-icon\">\n\t\t\t\t<a href=\"https:\/\/apps.apple.com\/app\/i-solar\/id1632580672\" target=\"_blank\" class=\"elementor-icon\" tabindex=\"-1\" rel=\"noopener\">\n\t\t\t\t<svg aria-hidden=\"true\" class=\"e-font-icon-svg e-fab-app-store-ios\" viewBox=\"0 0 448 512\" xmlns=\"http:\/\/www.w3.org\/2000\/svg\"><path d=\"M400 32H48C21.5 32 0 53.5 0 80v352c0 26.5 21.5 48 48 48h352c26.5 0 48-21.5 48-48V80c0-26.5-21.5-48-48-48zM127 384.5c-5.5 9.6-17.8 12.8-27.3 7.3-9.6-5.5-12.8-17.8-7.3-27.3l14.3-24.7c16.1-4.9 29.3-1.1 39.6 11.4L127 384.5zm138.9-53.9H84c-11 0-20-9-20-20s9-20 20-20h51l65.4-113.2-20.5-35.4c-5.5-9.6-2.2-21.8 7.3-27.3 9.6-5.5 21.8-2.2 27.3 7.3l8.9 15.4 8.9-15.4c5.5-9.6 17.8-12.8 27.3-7.3 9.6 5.5 12.8 17.8 7.3 27.3l-85.8 148.6h62.1c20.2 0 31.5 23.7 22.7 40zm98.1 0h-29l19.6 33.9c5.5 9.6 2.2 21.8-7.3 27.3-9.6 5.5-21.8 2.2-27.3-7.3-32.9-56.9-57.5-99.7-74-128.1-16.7-29-4.8-58 7.1-67.8 13.1 22.7 32.7 56.7 58.9 102h52c11 0 20 9 20 20 0 11.1-9 20-20 20z\"><\/path><\/svg>\t\t\t\t<\/a>\n\t\t\t<\/div>\n\t\t\t\n\t\t\t\t\t\t<div class=\"elementor-icon-box-content\">\n\n\t\t\t\t\n\t\t\t\t\t\t\t\t\t<p class=\"elementor-icon-box-description\">\n\t\t\t\t\t\tAPP IOS\t\t\t\t\t<\/p>\n\t\t\t\t\n\t\t\t<\/div>\n\t\t\t\n\t\t<\/div>\n\t\t\t\t\t\t<\/div>\n\t\t\t\t\t<\/div>\n\t\t<\/div>\n\t\t\t\t\t<\/div>\n\t\t<\/section>\n\t\t\t\t<\/div>\n\t\t","protected":false},"excerpt":{"rendered":"<p>Modelo Voltronic : Portable Energy Bank (PEB) 1.2K<\/p>\n<p class=\"p1\">Este generador el\u00e9ctrico port\u00e1til tiene un regulador solar que usa la energ\u00eda solar recolectada por los paneles solares para cargar la bater\u00eda integrada de alta capacidad, y cuenta con un inversor integrado que convierte la energ\u00eda almacenada en la bater\u00eda en corriente alterna que da salida CA para alimentar todo tipo de dispositivos, desde luces y herramientas el\u00e9ctricas hasta equipos de oficina y electrodom\u00e9sticos. Usted puede aprovechar al m\u00e1ximo la energ\u00eda solar disponible para cargar la bater\u00eda, y en ocasiones, tambi\u00e9n puede cargarla enchuf\u00e1ndolo en la pared o al generador.<span class=\"Apple-converted-space\">\u00a0 <\/span>Cuenta con 2 salidas USB-A, 2 salidas USB-C,\u00a0 y 4 enchufes convencionales a toda potencia CA de onda senoidal pura id\u00e9nticos a los que encontramos en la pared de la casa. Todas estas salidas funcionan simult\u00e1neamente. No importa que uses paneles solares o red\/generadores, la bater\u00eda integrada puede ser cargada en menos de una hora en plena potencia.<\/p>\n<p class=\"p1\">Arquitectura del equipo:<\/p>\n<p>&#8211; Inversor-cargador de senoidal pura 1200W<\/p>\n<p>&#8211; Bater\u00eda de litio de 24V 768Wh<\/p>\n<p>&#8211; Regulador solar con amplio voltaje y potencia de entrada y corriente de carga 30A<\/p>\n<p>Consulte el siguiente apartado para m\u00e1s informaci\u00f3n.<\/p>\n","protected":false},"featured_media":17052,"comment_status":"open","ping_status":"closed","template":"","meta":{"_relevanssi_hide_post":"","_relevanssi_hide_content":"","_relevanssi_pin_for_all":"","_relevanssi_pin_keywords":"","_relevanssi_unpin_keywords":"","_relevanssi_related_keywords":"","_relevanssi_related_include_ids":"","_relevanssi_related_exclude_ids":"","_relevanssi_related_no_append":"","_relevanssi_related_not_related":"","_relevanssi_related_posts":"","_relevanssi_noindex_reason":"","inline_featured_image":false},"product_brand":[],"product_cat":[3711],"product_tag":[],"class_list":{"0":"post-17049","1":"product","2":"type-product","3":"status-publish","4":"has-post-thumbnail","6":"product_cat-generador-electrico-portatil","7":"pa_gtin-4203","8":"pa_marca-enertik","9":"pa_marca-voltronic","10":"pa_voltaje-24v","12":"first","13":"instock","14":"taxable","15":"shipping-taxable","16":"purchasable","17":"product-type-simple"},"bundled_by":[],"bundle_stock_status":"instock","bundle_stock_quantity":9,"bundle_virtual":false,"bundle_layout":"","bundle_add_to_cart_form_location":"","bundle_editable_in_cart":false,"bundle_sold_individually_context":"","bundle_item_grouping":"","bundle_min_size":"","bundle_max_size":"","bundle_price":[],"bundled_items":[],"bundle_sell_ids":[],"group_of_quantity":0,"min_quantity":0,"max_quantity":"","exclude_order_quantity_value_rules":"no","exclude_category_quantity_rules":"no","combine_variations":"no","exclude_global_add_ons":[],"addons":[],"_links":{"self":[{"href":"https:\/\/enertik.com\/cl\/wp-json\/wp\/v2\/product\/17049","targetHints":{"allow":["GET"]}}],"collection":[{"href":"https:\/\/enertik.com\/cl\/wp-json\/wp\/v2\/product"}],"about":[{"href":"https:\/\/enertik.com\/cl\/wp-json\/wp\/v2\/types\/product"}],"replies":[{"embeddable":true,"href":"https:\/\/enertik.com\/cl\/wp-json\/wp\/v2\/comments?post=17049"}],"version-history":[{"count":0,"href":"https:\/\/enertik.com\/cl\/wp-json\/wp\/v2\/product\/17049\/revisions"}],"wp:featuredmedia":[{"embeddable":true,"href":"https:\/\/enertik.com\/cl\/wp-json\/wp\/v2\/media\/17052"}],"wp:attachment":[{"href":"https:\/\/enertik.com\/cl\/wp-json\/wp\/v2\/media?parent=17049"}],"wp:term":[{"taxonomy":"product_brand","embeddable":true,"href":"https:\/\/enertik.com\/cl\/wp-json\/wp\/v2\/product_brand?post=17049"},{"taxonomy":"product_cat","embeddable":true,"href":"https:\/\/enertik.com\/cl\/wp-json\/wp\/v2\/product_cat?post=17049"},{"taxonomy":"product_tag","embeddable":true,"href":"https:\/\/enertik.com\/cl\/wp-json\/wp\/v2\/product_tag?post=17049"}],"curies":[{"name":"wp","href":"https:\/\/api.w.org\/{rel}","templated":true}]}}