{"id":16526,"date":"2023-05-02T05:02:06","date_gmt":"2023-05-02T09:02:06","guid":{"rendered":"https:\/\/test.enertik.com\/cl\/?post_type=product&#038;p=16526"},"modified":"2026-04-17T11:16:01","modified_gmt":"2026-04-17T15:16:01","slug":"banco-de-baterias-de-litio-potente-de-alta-tension-para-ess-de-30kw-enertik-614-4v-30kwh","status":"publish","type":"product","link":"https:\/\/enertik.com\/cl\/tienda\/baterias-de-ciclo-profundo\/litio\/banco-de-baterias-de-litio-potente-de-alta-tension-para-ess-de-30kw-enertik-614-4v-30kwh\/","title":{"rendered":"Banco de Bater\u00edas de Litio Potente de Alta Tensi\u00f3n para ESS de 30kW &#8211; Enertik 614.4V 30kWh"},"content":{"rendered":"\t\t<div data-elementor-type=\"product-post\" data-elementor-id=\"16526\" class=\"elementor elementor-16526\" data-elementor-post-type=\"product\">\n\t\t\t\t\t\t<section class=\"wd-negative-gap elementor-section elementor-top-section elementor-element elementor-element-920d562 Product_Description elementor-section-boxed elementor-section-height-default elementor-section-height-default\" data-id=\"920d562\" data-element_type=\"section\" data-e-type=\"section\">\n\t\t\t\t\t\t<div class=\"elementor-container elementor-column-gap-default\">\n\t\t\t\t\t<div class=\"elementor-column elementor-col-100 elementor-top-column elementor-element elementor-element-d25e824\" data-id=\"d25e824\" data-element_type=\"column\" data-e-type=\"column\" data-settings=\"{&quot;background_background&quot;:&quot;classic&quot;}\">\n\t\t\t<div class=\"elementor-widget-wrap elementor-element-populated\">\n\t\t\t\t\t\t<section class=\"wd-negative-gap elementor-section elementor-inner-section elementor-element elementor-element-e7e7fb4 elementor-section-boxed elementor-section-height-default elementor-section-height-default\" data-id=\"e7e7fb4\" data-element_type=\"section\" data-e-type=\"section\">\n\t\t\t\t\t\t<div class=\"elementor-container elementor-column-gap-default\">\n\t\t\t\t\t<div class=\"elementor-column elementor-col-100 elementor-inner-column elementor-element elementor-element-0329ae6\" data-id=\"0329ae6\" data-element_type=\"column\" data-e-type=\"column\">\n\t\t\t<div class=\"elementor-widget-wrap elementor-element-populated\">\n\t\t\t\t\t\t<div class=\"elementor-element elementor-element-4f16015 elementor-widget elementor-widget-wd_tabs\" data-id=\"4f16015\" data-element_type=\"widget\" data-e-type=\"widget\" data-widget_type=\"wd_tabs.default\">\n\t\t\t\t<div class=\"elementor-widget-container\">\n\t\t\t\t\t\t\t<div class=\"wd-tabs tabs-design-default\">\n\t\t\t<div class=\"wd-tabs-header text-center\">\n\t\t\t\t\n\t\t\t\t\n\t\t\t\t<div class=\"wd-nav-wrapper wd-nav-tabs-wrapper wd-mb-action-swipe\">\n\t\t\t\t\t<ul class=\"wd-nav wd-nav-tabs wd-icon-pos-left wd-style-underline\">\n\t\t\t\t\t\t\t\t\t\t\t\t\t\n\t\t\t\t\t\t\t<li>\n\t\t\t\t\t\t\t\t<a href=\"#\" class=\"wd-nav-link\">\n\t\t\t\t\t\t\t\t\t\n\t\t\t\t\t\t\t\t\t<span class=\"nav-link-text wd-tabs-title\">\n\t\t\t\t\t\t\t\t\t\tDESCRIPCI\u00d3N\t\t\t\t\t\t\t\t\t<\/span>\n\t\t\t\t\t\t\t\t<\/a>\n\t\t\t\t\t\t\t<\/li>\n\n\t\t\t\t\t\t\t\t\t\t\t\t\t\n\t\t\t\t\t\t\t<li>\n\t\t\t\t\t\t\t\t<a href=\"#\" class=\"wd-nav-link\">\n\t\t\t\t\t\t\t\t\t\n\t\t\t\t\t\t\t\t\t<span class=\"nav-link-text wd-tabs-title\">\n\t\t\t\t\t\t\t\t\t\tESPECIFICACIONES\t\t\t\t\t\t\t\t\t<\/span>\n\t\t\t\t\t\t\t\t<\/a>\n\t\t\t\t\t\t\t<\/li>\n\n\t\t\t\t\t\t\t\t\t\t\t<\/ul>\n\t\t\t\t<\/div>\n\t\t\t<\/div>\n\n\t\t\t<div class=\"wd-tabs-content-wrapper\">\n\t\t\t\t\t\t\t\t\t\t\t\t\t\t\n\t\t\t\t\t<div class=\"wd-tab-content wd-entry-content\">\n\t\t\t\t\t\t\t\t\t\t\t\t\t<div >\n\t\t\t\t\t\t\t\t<h2>VENTAJAS<\/h2><div id=\"1653922194332-e106eafb-4eea8590-8091\" class=\"vc_tta-panel vc_active\" data-vc-content=\".vc_tta-panel-body\"><div class=\"vc_tta-panel-body\"><div class=\"wpb_text_column wpb_content_element vc_custom_1655386521598\"><div class=\"wpb_wrapper\"><ul class=\"ulMiddle\"><li>Dise\u00f1ada para trabajar con el inversor h\u00edbrido resistente al agua - HGWP-30K-48P<\/li><li>Forma un sistema de almacenamiento de gran potencia junto con el inversor<\/li><li>Alta potencia espec\u00edfica de 30KWh con todos beneficios de litio<\/li><li>El sistema de almacenamiento de alta tensi\u00f3n modular ayuda a aumentar la eficiencia de conversi\u00f3n y reducir las complicaciones de instalaci\u00f3n (cables gruesos, demasiadas interconexiones y accesorios de protecci\u00f3n., etc)<\/li><li>Instalaci\u00f3n sencilla y r\u00e1pida<\/li><li>Expectativa de vida mayor que las bater\u00edas AGM<\/li><li>Expectativa de vida de la bater\u00eda mayor a 15 a\u00f1os (dependiendo de las condiciones de uso)<\/li><li class=\"ulBgColor\">Excelente recuperaci\u00f3n de la descarga profunda<\/li><li>Sin mantenimiento<\/li><li>Durabilidad de m\u00e1s de 6000 ciclos con un 90% de DoD<\/li><li>Capacidad de descarga de hasta un 80%, para recuperarse sin ning\u00fan problema y sin p\u00e9rdida de capacidad<\/li><\/ul><\/div><\/div><\/div><\/div>\t\t\t\t\t\t\t<\/div>\n\t\t\t\t\t\t\t\t\t\t\t<\/div>\n\n\t\t\t\t\t\t\t\t\t\t\t\t\t\t\n\t\t\t\t\t<div class=\"wd-tab-content wd-entry-content\">\n\t\t\t\t\t\t\t\t\t\t\t\t\t<div >\n\t\t\t\t\t\t\t\t<h3 style=\"text-align: center;\">\u00a0<\/h3><table><tbody><tr class=\"tbBorderNone\"><td class=\"tbLeft\">Modelo<\/td><td colspan=\"2\">ESS-EC-614-50<\/td><\/tr><tr><td class=\"tbTit\" colspan=\"3\">Constituci\u00f3n del banco<\/td><\/tr><tr><td class=\"tbLeft\">Voltaje por m\u00f3dulo<\/td><td colspan=\"2\">102.4VCC<\/td><\/tr><tr><td class=\"tbLeft\">Capacidad por m\u00f3dulo<\/td><td colspan=\"2\">50Ah<\/td><\/tr><tr><td class=\"tbLeft\">Energ\u00eda total por m\u00f3dulo<\/td><td colspan=\"2\">5120Wh<\/td><\/tr><tr><td class=\"tbLeft\">Peso por m\u00f3dulo<\/td><td colspan=\"2\">51.3Kg<\/td><\/tr><tr><td class=\"tbLeft\">Dimensiones por m\u00f3dulo<\/td><td colspan=\"2\">220 x 630 x 320<\/td><\/tr><tr><td class=\"tbLeft\">Peso de la unidad de controlador<\/td><td colspan=\"2\">9.95Kg<\/td><\/tr><tr><td class=\"tbLeft\">Dimensiones de la unidad de controlador<\/td><td colspan=\"2\">220 x 630 x 210<\/td><\/tr><tr><td class=\"tbLeft\">Sistema de acoplamiento<\/td><td colspan=\"2\">En serie<\/td><\/tr><tr class=\"tbBorderNone\"><td class=\"tbLeft\">N\u00famero de m\u00f3dulos en total<\/td><td colspan=\"2\">6 m\u00f3dulos + 1 controlador<\/td><\/tr><tr><td class=\"tbTit\" colspan=\"3\">Sistema del banco de bater\u00edas<\/td><\/tr><tr><td class=\"tbLeft\">Voltaje nominal del sistema<\/td><td colspan=\"2\">614.4VCC<\/td><\/tr><tr><td class=\"tbLeft\">Tensi\u00f3n de carga completa<\/td><td colspan=\"2\">672VCC<\/td><\/tr><tr><td class=\"tbLeft\">Tensi\u00f3n de descarga completa<\/td><td colspan=\"2\">537.6VCC<\/td><\/tr><tr><td class=\"tbLeft\">Capacidad del sistema<\/td><td colspan=\"2\">50Ah<\/td><\/tr><tr><td class=\"tbLeft\">Energ\u00eda total del sistema<\/td><td colspan=\"2\">30000Wh (30kWh)<\/td><\/tr><tr><td class=\"tbLeft\">Corriente de descarga m\u00e1xima (continua)<\/td><td colspan=\"2\">60A<\/td><\/tr><tr><td class=\"tbLeft\">Corriente de descarga\u00a0m\u00e1xima\u00a0(en pico)<\/td><td colspan=\"2\">75A<\/td><\/tr><tr><td class=\"tbLeft\">Protecci\u00f3n<\/td><td colspan=\"2\">Sistema de control inteligente<br \/>basado en microprocesador y software (BMS + Disyintor)<\/td><\/tr><tr><td class=\"tbLeft\">Corriente de carga nominal<\/td><td colspan=\"2\">10A<\/td><\/tr><tr><td class=\"tbLeft\">Corriente de carga m\u00e1xima<\/td><td colspan=\"2\">25A<\/td><\/tr><tr><td class=\"tbLeft\">Forma de carga est\u00e1ndar<\/td><td colspan=\"2\">1. A 0.2C con corriente constante hasta completa;<br \/>2. Con tensi\u00f3n constante hasta que la corriente caiga a &lt;0.05C<\/td><\/tr><tr><td class=\"tbLeft\">Vida \u00fatil<\/td><td colspan=\"2\">Mantiene 80% de capacidad total<br \/>tras 6000 ciclos completos de uso<\/td><\/tr><tr><td class=\"tbLeft\">Resistencia interna<\/td><td colspan=\"2\">\u226420m ohm<\/td><\/tr><tr class=\"tbBorderNone\"><td class=\"tbLeft\">Seguridad<\/td><td colspan=\"2\">IEC 62619, UN38.3<\/td><\/tr><tr><td class=\"tbTit\" colspan=\"3\">Ambiente \/ Caracter\u00edsticas f\u00edsicas<\/td><\/tr><tr><td class=\"tbLeft\" colspan=\"2\">Temperatura de trabajo<\/td><td>0\u00b0C~55 \u00b0C<\/td><\/tr><tr><td class=\"tbLeft\" colspan=\"2\">Dimensiones<\/td><td>220 x 630 x 1280 &amp; 220 x 630 x 1070<\/td><\/tr><tr><td class=\"tbLeft\" colspan=\"2\">Peso<\/td><td>328Kg<\/td><\/tr><\/tbody><\/table>\t\t\t\t\t\t\t<\/div>\n\t\t\t\t\t\t\t\t\t\t\t<\/div>\n\n\t\t\t\t\t\t\t<\/div>\n\t\t<\/div>\n\t\t\t\t\t\t<\/div>\n\t\t\t\t<\/div>\n\t\t\t\t\t<\/div>\n\t\t<\/div>\n\t\t\t\t\t<\/div>\n\t\t<\/section>\n\t\t\t\t\t<\/div>\n\t\t<\/div>\n\t\t\t\t\t<\/div>\n\t\t<\/section>\n\t\t\t\t<section class=\"wd-negative-gap elementor-section elementor-top-section elementor-element elementor-element-1cd3791 Link_Buttons elementor-section-boxed elementor-section-height-default elementor-section-height-default\" data-id=\"1cd3791\" data-element_type=\"section\" data-e-type=\"section\" data-settings=\"{&quot;background_background&quot;:&quot;classic&quot;}\">\n\t\t\t\t\t\t<div class=\"elementor-container elementor-column-gap-custom\">\n\t\t\t\t\t<div class=\"elementor-column elementor-col-100 elementor-top-column elementor-element elementor-element-ffb6447\" data-id=\"ffb6447\" data-element_type=\"column\" data-e-type=\"column\">\n\t\t\t<div class=\"elementor-widget-wrap elementor-element-populated\">\n\t\t\t\t\t\t<div class=\"elementor-element elementor-element-2b94139 elementor-view-framed elementor-shape-circle elementor-position-block-start elementor-mobile-position-block-start elementor-widget elementor-widget-icon-box\" data-id=\"2b94139\" data-element_type=\"widget\" data-e-type=\"widget\" data-widget_type=\"icon-box.default\">\n\t\t\t\t\t\t\t<div class=\"elementor-icon-box-wrapper\">\n\n\t\t\t\t\t\t<div class=\"elementor-icon-box-icon\">\n\t\t\t\t<a href=\"https:\/\/enertik.com\/wp-content\/uploads\/sites\/2\/documentos\/manuales\/ess-ec-lithium-battery-modules-manual-20230206.pdf\" target=\"_blank\" class=\"elementor-icon\" tabindex=\"-1\">\n\t\t\t\t<svg aria-hidden=\"true\" class=\"e-font-icon-svg e-fas-book\" viewBox=\"0 0 448 512\" xmlns=\"http:\/\/www.w3.org\/2000\/svg\"><path d=\"M448 360V24c0-13.3-10.7-24-24-24H96C43 0 0 43 0 96v320c0 53 43 96 96 96h328c13.3 0 24-10.7 24-24v-16c0-7.5-3.5-14.3-8.9-18.7-4.2-15.4-4.2-59.3 0-74.7 5.4-4.3 8.9-11.1 8.9-18.6zM128 134c0-3.3 2.7-6 6-6h212c3.3 0 6 2.7 6 6v20c0 3.3-2.7 6-6 6H134c-3.3 0-6-2.7-6-6v-20zm0 64c0-3.3 2.7-6 6-6h212c3.3 0 6 2.7 6 6v20c0 3.3-2.7 6-6 6H134c-3.3 0-6-2.7-6-6v-20zm253.4 250H96c-17.7 0-32-14.3-32-32 0-17.6 14.4-32 32-32h285.4c-1.9 17.1-1.9 46.9 0 64z\"><\/path><\/svg>\t\t\t\t<\/a>\n\t\t\t<\/div>\n\t\t\t\n\t\t\t\t\t\t<div class=\"elementor-icon-box-content\">\n\n\t\t\t\t\n\t\t\t\t\t\t\t\t\t<p class=\"elementor-icon-box-description\">\n\t\t\t\t\t\tMANUAL\t\t\t\t\t<\/p>\n\t\t\t\t\n\t\t\t<\/div>\n\t\t\t\n\t\t<\/div>\n\t\t\t\t\t\t<\/div>\n\t\t\t\t\t<\/div>\n\t\t<\/div>\n\t\t\t\t\t<\/div>\n\t\t<\/section>\n\t\t\t\t<\/div>\n\t\t","protected":false},"excerpt":{"rendered":"<p>Modelo Voltronic : EnergyCube 605<\/p>\n<p>M\u00f3dulo de bater\u00eda para inversor h\u00edbrido resistente al agua HGWP-30K-48P (Infinisolar WP 30KW).<\/p>\n<p>Capacidad de almacenamiento: 30kWh<\/p>\n<p>Arquitectura de alta tensi\u00f3n 614V<\/p>\n","protected":false},"featured_media":16527,"comment_status":"open","ping_status":"closed","template":"","meta":{"_relevanssi_hide_post":"","_relevanssi_hide_content":"","_relevanssi_pin_for_all":"","_relevanssi_pin_keywords":"","_relevanssi_unpin_keywords":"","_relevanssi_related_keywords":"","_relevanssi_related_include_ids":"","_relevanssi_related_exclude_ids":"","_relevanssi_related_no_append":"","_relevanssi_related_not_related":"","_relevanssi_related_posts":"","_relevanssi_noindex_reason":"","inline_featured_image":false},"product_brand":[],"product_cat":[1733,1732,1691,1737],"product_tag":[],"class_list":{"0":"post-16526","1":"product","2":"type-product","3":"status-publish","4":"has-post-thumbnail","6":"product_cat-baterias","7":"product_cat-almacenamiento-ess","8":"product_cat-inversores-con-conexion-a-red","9":"product_cat-litio","10":"pa_gtin-4201","11":"pa_marca-enertik","12":"pa_marca-voltronic","13":"pa_mpn-ess-ec-614-50","14":"pa_serie-serie-hgwp","16":"first","17":"instock","18":"taxable","19":"shipping-taxable","20":"purchasable","21":"product-type-simple"},"bundled_by":[],"bundle_stock_status":"instock","bundle_stock_quantity":1,"bundle_virtual":false,"bundle_layout":"","bundle_add_to_cart_form_location":"","bundle_editable_in_cart":false,"bundle_sold_individually_context":"","bundle_item_grouping":"","bundle_min_size":"","bundle_max_size":"","bundle_price":[],"bundled_items":[],"bundle_sell_ids":[],"group_of_quantity":0,"min_quantity":0,"max_quantity":"","exclude_order_quantity_value_rules":"no","exclude_category_quantity_rules":"no","combine_variations":"no","exclude_global_add_ons":[],"addons":[],"_links":{"self":[{"href":"https:\/\/enertik.com\/cl\/wp-json\/wp\/v2\/product\/16526","targetHints":{"allow":["GET"]}}],"collection":[{"href":"https:\/\/enertik.com\/cl\/wp-json\/wp\/v2\/product"}],"about":[{"href":"https:\/\/enertik.com\/cl\/wp-json\/wp\/v2\/types\/product"}],"replies":[{"embeddable":true,"href":"https:\/\/enertik.com\/cl\/wp-json\/wp\/v2\/comments?post=16526"}],"version-history":[{"count":0,"href":"https:\/\/enertik.com\/cl\/wp-json\/wp\/v2\/product\/16526\/revisions"}],"wp:featuredmedia":[{"embeddable":true,"href":"https:\/\/enertik.com\/cl\/wp-json\/wp\/v2\/media\/16527"}],"wp:attachment":[{"href":"https:\/\/enertik.com\/cl\/wp-json\/wp\/v2\/media?parent=16526"}],"wp:term":[{"taxonomy":"product_brand","embeddable":true,"href":"https:\/\/enertik.com\/cl\/wp-json\/wp\/v2\/product_brand?post=16526"},{"taxonomy":"product_cat","embeddable":true,"href":"https:\/\/enertik.com\/cl\/wp-json\/wp\/v2\/product_cat?post=16526"},{"taxonomy":"product_tag","embeddable":true,"href":"https:\/\/enertik.com\/cl\/wp-json\/wp\/v2\/product_tag?post=16526"}],"curies":[{"name":"wp","href":"https:\/\/api.w.org\/{rel}","templated":true}]}}