{"id":16072,"date":"2023-04-11T09:35:42","date_gmt":"2023-04-11T12:35:42","guid":{"rendered":"https:\/\/test.enertik.com\/cl\/tienda\/sin%20categor\u00eda\/clip-de-acero-inoxidable-para-fijacion-de-1-2-cables\/"},"modified":"2026-04-02T05:39:48","modified_gmt":"2026-04-02T08:39:48","slug":"clip-de-acero-inoxidable-para-fijacion-de-1-2-cables","status":"publish","type":"product","link":"https:\/\/enertik.com\/cl\/tienda\/otros-productos\/accesorios-y-protecciones\/conectores-mc4\/clip-de-acero-inoxidable-para-fijacion-de-1-2-cables\/","title":{"rendered":"Clip de Acero Inoxidable para Fijaci\u00f3n de 1-2 Cables"},"content":{"rendered":"","protected":false},"excerpt":{"rendered":"<p>Este clip de acero inoxidable est\u00e1 dise\u00f1ado especialmente para fijar y organizar los cables fotovoltaicos, dej\u00e1ndolos m\u00e1s accesibles, est\u00e9ticos y protegidos. Se puede colocar en el marco de la parte reversa del panel.<\/p>\n","protected":false},"featured_media":16224,"comment_status":"open","ping_status":"closed","template":"","meta":{"_relevanssi_hide_post":"","_relevanssi_hide_content":"","_relevanssi_pin_for_all":"","_relevanssi_pin_keywords":"","_relevanssi_unpin_keywords":"","_relevanssi_related_keywords":"","_relevanssi_related_include_ids":"","_relevanssi_related_exclude_ids":"","_relevanssi_related_no_append":"","_relevanssi_related_not_related":"","_relevanssi_related_posts":"","_relevanssi_noindex_reason":"","inline_featured_image":false},"product_brand":[],"product_cat":[5481],"product_tag":[],"class_list":{"0":"post-16072","1":"product","2":"type-product","3":"status-publish","4":"has-post-thumbnail","6":"product_cat-accesorios-materiales-electricos","7":"pa_gtin-4075","9":"first","10":"instock","11":"taxable","12":"shipping-taxable","13":"purchasable","14":"product-type-simple"},"bundled_by":["11832","11830"],"bundle_stock_status":"instock","bundle_stock_quantity":9041,"bundle_virtual":false,"bundle_layout":"","bundle_add_to_cart_form_location":"","bundle_editable_in_cart":false,"bundle_sold_individually_context":"","bundle_item_grouping":"","bundle_min_size":"","bundle_max_size":"","bundle_price":[],"bundled_items":[],"bundle_sell_ids":[],"group_of_quantity":0,"min_quantity":0,"max_quantity":30,"exclude_order_quantity_value_rules":"no","exclude_category_quantity_rules":"no","combine_variations":"no","exclude_global_add_ons":[],"addons":[],"_links":{"self":[{"href":"https:\/\/enertik.com\/cl\/wp-json\/wp\/v2\/product\/16072","targetHints":{"allow":["GET"]}}],"collection":[{"href":"https:\/\/enertik.com\/cl\/wp-json\/wp\/v2\/product"}],"about":[{"href":"https:\/\/enertik.com\/cl\/wp-json\/wp\/v2\/types\/product"}],"replies":[{"embeddable":true,"href":"https:\/\/enertik.com\/cl\/wp-json\/wp\/v2\/comments?post=16072"}],"version-history":[{"count":0,"href":"https:\/\/enertik.com\/cl\/wp-json\/wp\/v2\/product\/16072\/revisions"}],"wp:featuredmedia":[{"embeddable":true,"href":"https:\/\/enertik.com\/cl\/wp-json\/wp\/v2\/media\/16224"}],"wp:attachment":[{"href":"https:\/\/enertik.com\/cl\/wp-json\/wp\/v2\/media?parent=16072"}],"wp:term":[{"taxonomy":"product_brand","embeddable":true,"href":"https:\/\/enertik.com\/cl\/wp-json\/wp\/v2\/product_brand?post=16072"},{"taxonomy":"product_cat","embeddable":true,"href":"https:\/\/enertik.com\/cl\/wp-json\/wp\/v2\/product_cat?post=16072"},{"taxonomy":"product_tag","embeddable":true,"href":"https:\/\/enertik.com\/cl\/wp-json\/wp\/v2\/product_tag?post=16072"}],"curies":[{"name":"wp","href":"https:\/\/api.w.org\/{rel}","templated":true}]}}