{"id":16064,"date":"2023-04-11T09:35:39","date_gmt":"2023-04-11T12:35:39","guid":{"rendered":"https:\/\/test.enertik.com\/cl\/tienda\/sin%20categor\u00eda\/termo-solar-presurizado-heat-pipe-de-acero-inoxidable-premium-150l\/"},"modified":"2026-04-18T05:11:15","modified_gmt":"2026-04-18T09:11:15","slug":"termo-solar-presurizado-heat-pipe-de-acero-inoxidable-premium-150l","status":"publish","type":"product","link":"https:\/\/enertik.com\/cl\/tienda\/solar-termica\/termos-solares-presurizados\/termo-solar-presurizado-heat-pipe-de-acero-inoxidable-premium-150l\/","title":{"rendered":"Termo Solar Presurizado Heat Pipe de Acero Inoxidable Premium 150L"},"content":{"rendered":"\t\t<div data-elementor-type=\"product-post\" data-elementor-id=\"16064\" class=\"elementor elementor-16064\" data-elementor-post-type=\"product\">\n\t\t\t\t\t\t<section class=\"wd-negative-gap elementor-section elementor-top-section elementor-element elementor-element-aee2d1c Product_Description elementor-section-boxed elementor-section-height-default elementor-section-height-default\" data-id=\"aee2d1c\" data-element_type=\"section\" data-e-type=\"section\">\n\t\t\t\t\t\t<div class=\"elementor-container elementor-column-gap-default\">\n\t\t\t\t\t<div class=\"elementor-column elementor-col-100 elementor-top-column elementor-element elementor-element-d7cba33\" data-id=\"d7cba33\" data-element_type=\"column\" data-e-type=\"column\" data-settings=\"{&quot;background_background&quot;:&quot;classic&quot;}\">\n\t\t\t<div class=\"elementor-widget-wrap elementor-element-populated\">\n\t\t\t\t\t\t<section class=\"wd-negative-gap elementor-section elementor-inner-section elementor-element elementor-element-9eb4cfc elementor-section-boxed elementor-section-height-default elementor-section-height-default\" data-id=\"9eb4cfc\" data-element_type=\"section\" data-e-type=\"section\">\n\t\t\t\t\t\t<div class=\"elementor-container elementor-column-gap-default\">\n\t\t\t\t\t<div class=\"elementor-column elementor-col-100 elementor-inner-column elementor-element elementor-element-d18e9d3\" data-id=\"d18e9d3\" data-element_type=\"column\" data-e-type=\"column\">\n\t\t\t<div class=\"elementor-widget-wrap elementor-element-populated\">\n\t\t\t\t\t\t<div class=\"elementor-element elementor-element-a027e7d elementor-widget elementor-widget-wd_tabs\" data-id=\"a027e7d\" data-element_type=\"widget\" data-e-type=\"widget\" data-widget_type=\"wd_tabs.default\">\n\t\t\t\t<div class=\"elementor-widget-container\">\n\t\t\t\t\t\t\t<div class=\"wd-tabs tabs-design-default\">\n\t\t\t<div class=\"wd-tabs-header text-center\">\n\t\t\t\t\n\t\t\t\t\n\t\t\t\t<div class=\"wd-nav-wrapper wd-nav-tabs-wrapper wd-mb-action-swipe\">\n\t\t\t\t\t<ul class=\"wd-nav wd-nav-tabs wd-icon-pos-left wd-style-underline\">\n\t\t\t\t\t\t\t\t\t\t\t\t\t\n\t\t\t\t\t\t\t<li>\n\t\t\t\t\t\t\t\t<a href=\"#\" class=\"wd-nav-link\">\n\t\t\t\t\t\t\t\t\t\n\t\t\t\t\t\t\t\t\t<span class=\"nav-link-text wd-tabs-title\">\n\t\t\t\t\t\t\t\t\t\tVENTAJAS\t\t\t\t\t\t\t\t\t<\/span>\n\t\t\t\t\t\t\t\t<\/a>\n\t\t\t\t\t\t\t<\/li>\n\n\t\t\t\t\t\t\t\t\t\t\t\t\t\n\t\t\t\t\t\t\t<li>\n\t\t\t\t\t\t\t\t<a href=\"#\" class=\"wd-nav-link\">\n\t\t\t\t\t\t\t\t\t\n\t\t\t\t\t\t\t\t\t<span class=\"nav-link-text wd-tabs-title\">\n\t\t\t\t\t\t\t\t\t\tESPECIFICACIONES\t\t\t\t\t\t\t\t\t<\/span>\n\t\t\t\t\t\t\t\t<\/a>\n\t\t\t\t\t\t\t<\/li>\n\n\t\t\t\t\t\t\t\t\t\t\t<\/ul>\n\t\t\t\t<\/div>\n\t\t\t<\/div>\n\n\t\t\t<div class=\"wd-tabs-content-wrapper\">\n\t\t\t\t\t\t\t\t\t\t\t\t\t\t\n\t\t\t\t\t<div class=\"wd-tab-content wd-entry-content\">\n\t\t\t\t\t\t\t\t\t\t\t\t\t<div >\n\t\t\t\t\t\t\t\t<ul class=\"ulMiddle\"><li class=\"ulBgColor\">100% construido en acero inoxidable de alta calidad SUS304-2B<\/li><li>Tanque externo de mayor espesor<\/li><li class=\"ulBgColor\">Mayor resistencia a la corrosi\u00f3n<\/li><li>Extremadamente resistente a la oxidaci\u00f3n<\/li><li class=\"ulBgColor\">Recomendado para ciudades cercanas al mar<\/li><li>Acero durable de por vida (en condiciones naturales normales)<\/li><\/ul>\t\t\t\t\t\t\t<\/div>\n\t\t\t\t\t\t\t\t\t\t\t<\/div>\n\n\t\t\t\t\t\t\t\t\t\t\t\t\t\t\n\t\t\t\t\t<div class=\"wd-tab-content wd-entry-content\">\n\t\t\t\t\t\t\t\t\t\t\t\t\t<div >\n\t\t\t\t\t\t\t\t<table><tbody><tr class=\"tbBorderNone\"><td class=\"tbLeft\">Modelo<\/td><td colspan=\"3\">SWP-150i<\/td><\/tr><tr><td class=\"tbTit\" colspan=\"4\">Especificaciones generales<\/td><\/tr><tr><td class=\"tbLeft\">Tipo<\/td><td colspan=\"3\">termo solar<\/td><\/tr><tr><td class=\"tbLeft\">Sistema<\/td><td colspan=\"3\">Presurizado<\/td><\/tr><tr><td class=\"tbLeft\">Tecnolog\u00eda<\/td><td colspan=\"3\">HEAT PIPE<\/td><\/tr><tr><td class=\"tbLeft\">Presi\u00f3n m\u00e1xima de trabajo<\/td><td colspan=\"3\">6 bar<\/td><\/tr><tr><td class=\"tbLeft\">Estructura de soporte \/ espesor (mm)<\/td><td colspan=\"3\">Acero Inoxidable SUS304-2B \/ 1.2mm<\/td><\/tr><tr><td class=\"tbLeft\">Dimensiones (mm)<\/td><td colspan=\"3\">1150 x 1700 x 1530<\/td><\/tr><tr><td class=\"tbLeft\">\u00c1ngulo de inclinaci\u00f3n<\/td><td colspan=\"3\">45\u00b0<\/td><\/tr><tr><td class=\"tbLeft\">Cantidad de usuarios \/ personas<\/td><td colspan=\"3\">3 ~ 5<\/td><\/tr><tr class=\"tbBorderNone\"><td class=\"tbLeft\">Vida \u00fatil m\u00e1xima<\/td><td colspan=\"3\">M\u00e1s de 15 a\u00f1os<\/td><\/tr><tr><td class=\"tbTit\" colspan=\"4\">Especificaciones del estanque<\/td><\/tr><tr><td class=\"tbLeft\">Capacidad del estanque (L)<\/td><td colspan=\"3\">150<\/td><\/tr><tr><td class=\"tbLeft\">Material estanque interno \/ espesor (mm)<\/td><td colspan=\"3\">Acero Inoxidable SUS304-2B \/ 0.51<\/td><\/tr><tr><td class=\"tbLeft\">Material estanque externo \/ espesor (mm)<\/td><td colspan=\"3\">Acero Inoxidable SUS304-2B \/ 0.40<\/td><\/tr><tr><td class=\"tbLeft\">Di\u00e1metro estanque interno \/ externo (mm)<\/td><td colspan=\"3\">360 \/ 460<\/td><\/tr><tr class=\"tbBorderNone\"><td class=\"tbLeft\">Aislamiento t\u00e9rmico \/ espesor (mm)<\/td><td colspan=\"3\">Espuma de poliuretano de alta densidad \/ 50<\/td><\/tr><tr><td class=\"tbTit\" colspan=\"4\">Especificaciones de los tubos<\/td><\/tr><tr><td class=\"tbLeft\">Tipo<\/td><td colspan=\"3\">Heat Pipe \u2013 SW-HP<\/td><\/tr><tr><td class=\"tbLeft\">Cantidad<\/td><td colspan=\"3\">15<\/td><\/tr><tr><td class=\"tbLeft\">Di\u00e1metro (mm)<\/td><td colspan=\"3\">58<\/td><\/tr><tr><td class=\"tbLeft\">Longitud (mm)<\/td><td colspan=\"3\">1800<\/td><\/tr><tr><td class=\"tbLeft\">Material<\/td><td colspan=\"3\">vidrio \u2013 cristal borosilicato<\/td><\/tr><tr class=\"tbBorderNone\"><td class=\"tbLeft\">Barra de magnesio<\/td><td colspan=\"3\">S\u00ed<\/td><\/tr><tr><td class=\"tbTit\" colspan=\"4\">Especificaciones de temperatura<\/td><\/tr><tr><td class=\"tbLeft\">Temperatura promedio en verano<\/td><td colspan=\"3\">70\u00baC ~ 85\u00baC \/ 8250 ~ 10500 Kcal<\/td><\/tr><tr><td class=\"tbLeft\">Temperatura promedio en invierno<\/td><td colspan=\"3\">45\u00baC ~ 55\u00baC \/ 4500 ~ 6000 Kcal<\/td><\/tr><tr><td class=\"tbLeft\">Temperatura promedio inicial (verano)<\/td><td colspan=\"3\">\u2264 65\u00baC a los 90 min<\/td><\/tr><tr class=\"tbBorderNone\"><td class=\"tbLeft\">Preservaci\u00f3n del calor en estanque<\/td><td colspan=\"3\">60 ~ 72h<\/td><\/tr><tr><td class=\"tbTit\" colspan=\"4\">Especificaciones del embalaje<\/td><\/tr><tr><td class=\"tbLeft\">\u00a0<\/td><td>Cantidad de bultos<\/td><td>Dimensiones (mm)<\/td><td>Peso neto (kg)<\/td><\/tr><tr><td class=\"tbLeft\">termo solar<\/td><td>1<\/td><td>1340 x 490 x 500<\/td><td>19<\/td><\/tr><tr><td class=\"tbLeft\">Tubos<\/td><td>1<\/td><td>1860 x 350 x 240<\/td><td>32<\/td><\/tr><tr><td class=\"tbLeft\">Soportes<\/td><td>1<\/td><td>1780 x 250 x 120<\/td><td>11<\/td><\/tr><\/tbody><\/table>\t\t\t\t\t\t\t<\/div>\n\t\t\t\t\t\t\t\t\t\t\t<\/div>\n\n\t\t\t\t\t\t\t<\/div>\n\t\t<\/div>\n\t\t\t\t\t\t<\/div>\n\t\t\t\t<\/div>\n\t\t\t\t\t<\/div>\n\t\t<\/div>\n\t\t\t\t\t<\/div>\n\t\t<\/section>\n\t\t\t\t\t<\/div>\n\t\t<\/div>\n\t\t\t\t\t<\/div>\n\t\t<\/section>\n\t\t\t\t<section class=\"wd-negative-gap elementor-section elementor-top-section elementor-element elementor-element-c835f7c Link_Buttons elementor-section-boxed elementor-section-height-default elementor-section-height-default\" data-id=\"c835f7c\" data-element_type=\"section\" data-e-type=\"section\" data-settings=\"{&quot;background_background&quot;:&quot;classic&quot;}\">\n\t\t\t\t\t\t<div class=\"elementor-container elementor-column-gap-custom\">\n\t\t\t\t\t<div class=\"elementor-column elementor-col-100 elementor-top-column elementor-element elementor-element-ab7d07e\" data-id=\"ab7d07e\" data-element_type=\"column\" data-e-type=\"column\">\n\t\t\t<div class=\"elementor-widget-wrap elementor-element-populated\">\n\t\t\t\t\t\t<div class=\"elementor-element elementor-element-4c2aee5 elementor-view-framed elementor-shape-circle elementor-position-block-start elementor-mobile-position-block-start elementor-widget elementor-widget-icon-box\" data-id=\"4c2aee5\" data-element_type=\"widget\" data-e-type=\"widget\" data-widget_type=\"icon-box.default\">\n\t\t\t\t\t\t\t<div class=\"elementor-icon-box-wrapper\">\n\n\t\t\t\t\t\t<div class=\"elementor-icon-box-icon\">\n\t\t\t\t<a href=\"https:\/\/enertik.com\/wp-content\/uploads\/sites\/3\/documentos\/manuales\/manual_swp_heat_pipe-2.pdf\" target=\"_blank\" class=\"elementor-icon\" tabindex=\"-1\">\n\t\t\t\t<svg aria-hidden=\"true\" class=\"e-font-icon-svg e-fas-book\" viewBox=\"0 0 448 512\" xmlns=\"http:\/\/www.w3.org\/2000\/svg\"><path d=\"M448 360V24c0-13.3-10.7-24-24-24H96C43 0 0 43 0 96v320c0 53 43 96 96 96h328c13.3 0 24-10.7 24-24v-16c0-7.5-3.5-14.3-8.9-18.7-4.2-15.4-4.2-59.3 0-74.7 5.4-4.3 8.9-11.1 8.9-18.6zM128 134c0-3.3 2.7-6 6-6h212c3.3 0 6 2.7 6 6v20c0 3.3-2.7 6-6 6H134c-3.3 0-6-2.7-6-6v-20zm0 64c0-3.3 2.7-6 6-6h212c3.3 0 6 2.7 6 6v20c0 3.3-2.7 6-6 6H134c-3.3 0-6-2.7-6-6v-20zm253.4 250H96c-17.7 0-32-14.3-32-32 0-17.6 14.4-32 32-32h285.4c-1.9 17.1-1.9 46.9 0 64z\"><\/path><\/svg>\t\t\t\t<\/a>\n\t\t\t<\/div>\n\t\t\t\n\t\t\t\t\t\t<div class=\"elementor-icon-box-content\">\n\n\t\t\t\t\n\t\t\t\t\t\t\t\t\t<p class=\"elementor-icon-box-description\">\n\t\t\t\t\t\tMANUAL\t\t\t\t\t<\/p>\n\t\t\t\t\n\t\t\t<\/div>\n\t\t\t\n\t\t<\/div>\n\t\t\t\t\t\t<\/div>\n\t\t\t\t\t<\/div>\n\t\t<\/div>\n\t\t\t\t\t<\/div>\n\t\t<\/section>\n\t\t\t\t<\/div>\n\t\t","protected":false},"excerpt":{"rendered":"<p>Ahorramos hasta un 85% en gas y electricidad si calentamos agua con un termo solar.<\/p>\n<p>Capacidad: 150L.<\/p>\n<p>Presi\u00f3n m\u00e1xima de trabajo: 6 bar.<\/p>\n<p>Cantidad de usuarios: 3~5.<\/p>\n<p>Tanque interno de acero inoxidable 304 + Tanque externo de acero inoxidable 304<\/p>\n<p>Espuma de poliuretano de alta densidad como aislante.<\/p>\n<p>Tubo de vidrio tricapa HEAT PIPE de alta calidad.<\/p>\n<p>Temperatura promedio en invierno 45\u00baC ~ 55\u00baC.<\/p>\n<p>Preservaci\u00f3n del calor en tanque durante 60 ~ 72h.<\/p>\n<p>Vida \u00fatil: 15 a\u00f1os.<\/p>\n<p><strong>[ Incluye: barra de magnesio, resistencia el\u00e9ctrica y v\u00e1lvula de presi\u00f3n. ]<\/strong><\/p>\n","protected":false},"featured_media":16129,"comment_status":"open","ping_status":"closed","template":"","meta":{"_relevanssi_hide_post":"","_relevanssi_hide_content":"","_relevanssi_pin_for_all":"","_relevanssi_pin_keywords":"","_relevanssi_unpin_keywords":"","_relevanssi_related_keywords":"","_relevanssi_related_include_ids":"","_relevanssi_related_exclude_ids":"","_relevanssi_related_no_append":"","_relevanssi_related_not_related":"","_relevanssi_related_posts":"","_relevanssi_noindex_reason":"","inline_featured_image":false},"product_brand":[],"product_cat":[1710],"product_tag":[5123],"class_list":{"0":"post-16064","1":"product","2":"type-product","3":"status-publish","4":"has-post-thumbnail","6":"product_cat-termos-solares-presurizados","7":"product_tag-termo-solar-presurizado","8":"pa_litros-150l","9":"pa_marca-enertik","10":"pa_material-acero-inox-premium","11":"pa_mpn-swp-150i","12":"pa_mpn-swp-150ism","14":"first","15":"instock","16":"taxable","17":"shipping-taxable","18":"purchasable","19":"product-type-variable","20":"has-default-attributes"},"bundled_by":[],"bundle_stock_status":"instock","bundle_stock_quantity":null,"bundle_virtual":false,"bundle_layout":"","bundle_add_to_cart_form_location":"","bundle_editable_in_cart":false,"bundle_sold_individually_context":"","bundle_item_grouping":"","bundle_min_size":"","bundle_max_size":"","bundle_price":[],"bundled_items":[],"bundle_sell_ids":[],"group_of_quantity":0,"min_quantity":0,"max_quantity":"","exclude_order_quantity_value_rules":"no","exclude_category_quantity_rules":"no","combine_variations":"no","exclude_global_add_ons":false,"addons":[{"name":"Opciones de embalaje:","type":"multiple_choice","position":0,"required":true,"title_format":"label","default":"0","description_enable":false,"description":"","placeholder_enable":false,"placeholder":"","display":"radiobutton","restrictions_type":"any_text","adjust_price":false,"price":"","price_type":"flat_fee","restrictions":false,"min":"0","max":"0","options":[{"label":"Caj\u00f3n de madera para env\u00edo de tubos de vidrio (1 caj\u00f3n por cada unidad comprada)","price":"33350","price_type":"quantity_based","image":0,"visibility":true},{"label":"Sin Embalaje (Retiro en bodega)","price":"","price_type":"flat_fee","image":0,"visibility":true}],"id":1747195486}],"_links":{"self":[{"href":"https:\/\/enertik.com\/cl\/wp-json\/wp\/v2\/product\/16064","targetHints":{"allow":["GET"]}}],"collection":[{"href":"https:\/\/enertik.com\/cl\/wp-json\/wp\/v2\/product"}],"about":[{"href":"https:\/\/enertik.com\/cl\/wp-json\/wp\/v2\/types\/product"}],"replies":[{"embeddable":true,"href":"https:\/\/enertik.com\/cl\/wp-json\/wp\/v2\/comments?post=16064"}],"version-history":[{"count":0,"href":"https:\/\/enertik.com\/cl\/wp-json\/wp\/v2\/product\/16064\/revisions"}],"wp:featuredmedia":[{"embeddable":true,"href":"https:\/\/enertik.com\/cl\/wp-json\/wp\/v2\/media\/16129"}],"wp:attachment":[{"href":"https:\/\/enertik.com\/cl\/wp-json\/wp\/v2\/media?parent=16064"}],"wp:term":[{"taxonomy":"product_brand","embeddable":true,"href":"https:\/\/enertik.com\/cl\/wp-json\/wp\/v2\/product_brand?post=16064"},{"taxonomy":"product_cat","embeddable":true,"href":"https:\/\/enertik.com\/cl\/wp-json\/wp\/v2\/product_cat?post=16064"},{"taxonomy":"product_tag","embeddable":true,"href":"https:\/\/enertik.com\/cl\/wp-json\/wp\/v2\/product_tag?post=16064"}],"curies":[{"name":"wp","href":"https:\/\/api.w.org\/{rel}","templated":true}]}}