{"id":16016,"date":"2023-04-11T09:35:30","date_gmt":"2023-04-11T12:35:30","guid":{"rendered":"https:\/\/test.enertik.com\/cl\/tienda\/sin%20categor\u00eda\/ablandador-suavizador-de-agua-12-5l\/"},"modified":"2026-04-02T05:39:07","modified_gmt":"2026-04-02T08:39:07","slug":"ablandador-suavizador-de-agua-12-5l","status":"publish","type":"product","link":"https:\/\/enertik.com\/cl\/tienda\/otros-productos\/tratamiento-de-agua\/ablandador-suavizador-de-agua-125l\/","title":{"rendered":"Ablandador \/ Suavizador de Agua 12.5L"},"content":{"rendered":"\t\t<div data-elementor-type=\"product-post\" data-elementor-id=\"16016\" class=\"elementor elementor-16016\" data-elementor-post-type=\"product\">\n\t\t\t\t\t\t<section class=\"wd-negative-gap elementor-section elementor-top-section elementor-element elementor-element-5e24a49 Product_Description elementor-section-boxed elementor-section-height-default elementor-section-height-default\" data-id=\"5e24a49\" data-element_type=\"section\" data-e-type=\"section\">\n\t\t\t\t\t\t<div class=\"elementor-container elementor-column-gap-default\">\n\t\t\t\t\t<div class=\"elementor-column elementor-col-100 elementor-top-column elementor-element elementor-element-260b38b\" data-id=\"260b38b\" data-element_type=\"column\" data-e-type=\"column\" data-settings=\"{&quot;background_background&quot;:&quot;classic&quot;}\">\n\t\t\t<div class=\"elementor-widget-wrap elementor-element-populated\">\n\t\t\t\t\t\t<section class=\"wd-negative-gap elementor-section elementor-inner-section elementor-element elementor-element-e8a0c72 elementor-section-boxed elementor-section-height-default elementor-section-height-default\" data-id=\"e8a0c72\" data-element_type=\"section\" data-e-type=\"section\">\n\t\t\t\t\t\t<div class=\"elementor-container elementor-column-gap-default\">\n\t\t\t\t\t<div class=\"elementor-column elementor-col-100 elementor-inner-column elementor-element elementor-element-3ee669e\" data-id=\"3ee669e\" data-element_type=\"column\" data-e-type=\"column\">\n\t\t\t<div class=\"elementor-widget-wrap elementor-element-populated\">\n\t\t\t\t\t\t<div class=\"elementor-element elementor-element-11c4658 elementor-widget elementor-widget-wd_tabs\" data-id=\"11c4658\" data-element_type=\"widget\" data-e-type=\"widget\" data-widget_type=\"wd_tabs.default\">\n\t\t\t\t<div class=\"elementor-widget-container\">\n\t\t\t\t\t\t\t<div class=\"wd-tabs tabs-design-default\">\n\t\t\t<div class=\"wd-tabs-header text-center\">\n\t\t\t\t\n\t\t\t\t\n\t\t\t\t<div class=\"wd-nav-wrapper wd-nav-tabs-wrapper wd-mb-action-swipe\">\n\t\t\t\t\t<ul class=\"wd-nav wd-nav-tabs wd-icon-pos-left wd-style-underline\">\n\t\t\t\t\t\t\t\t\t\t\t\t\t\n\t\t\t\t\t\t\t<li>\n\t\t\t\t\t\t\t\t<a href=\"#\" class=\"wd-nav-link\">\n\t\t\t\t\t\t\t\t\t\n\t\t\t\t\t\t\t\t\t<span class=\"nav-link-text wd-tabs-title\">\n\t\t\t\t\t\t\t\t\t\tDESCRIPCI\u00d3N\t\t\t\t\t\t\t\t\t<\/span>\n\t\t\t\t\t\t\t\t<\/a>\n\t\t\t\t\t\t\t<\/li>\n\n\t\t\t\t\t\t\t\t\t\t\t\t\t\n\t\t\t\t\t\t\t<li>\n\t\t\t\t\t\t\t\t<a href=\"#\" class=\"wd-nav-link\">\n\t\t\t\t\t\t\t\t\t\n\t\t\t\t\t\t\t\t\t<span class=\"nav-link-text wd-tabs-title\">\n\t\t\t\t\t\t\t\t\t\tESPECIFICACIONES\t\t\t\t\t\t\t\t\t<\/span>\n\t\t\t\t\t\t\t\t<\/a>\n\t\t\t\t\t\t\t<\/li>\n\n\t\t\t\t\t\t\t\t\t\t\t<\/ul>\n\t\t\t\t<\/div>\n\t\t\t<\/div>\n\n\t\t\t<div class=\"wd-tabs-content-wrapper\">\n\t\t\t\t\t\t\t\t\t\t\t\t\t\t\n\t\t\t\t\t<div class=\"wd-tab-content wd-entry-content\">\n\t\t\t\t\t\t\t\t\t\t\t\t\t<div >\n\t\t\t\t\t\t\t\t<h2>\u00bfQu\u00e9 son los ablandadores de agua?<\/h2><div id=\"1653922194332-e106eafb-4eea8590-8091\" class=\"vc_tta-panel vc_active\" data-vc-content=\".vc_tta-panel-body\"><div class=\"vc_tta-panel-body\"><div class=\"wpb_text_column wpb_content_element vc_custom_1655386521598\"><div class=\"wpb_wrapper\">\u00a0<\/div><\/div><\/div><\/div><p>El ablandador de agua o descalcificador (tambi\u00e9n denominado suavizador de agua), es un aparato que, por medios mec\u00e1nicos o qu\u00edmicos trata el agua para reducir el contenido de sales minerales.<\/p><p>El agua con alto contenido de sales de calcio o magnesio (agua dura) tiende a formar incrustaciones minerales en las paredes de las tuber\u00edas. Estas incrustaciones, en algunos casos bloquean casi la totalidad de la secci\u00f3n del tubo, e incluso da\u00f1an sus termos solares o calderas.<\/p><p>De este modo, las sales se adhieren con m\u00e1s frecuencia a las tuber\u00edas de agua caliente as\u00ed como a las superficies de las m\u00e1quinas que trabajen o produzcan agua caliente. Un ejemplo de esto son las cafeteras y los calentadores de agua o termos solares. El calcio y magnesio al adherirse a las resistencias calentadores forma una capa que evita el contacto del agua con las resistencias, causando un sobrecalentamiento y la ruptura de la resistencia.<\/p><p>El agua dura tambi\u00e9n mancha todas las superficies que toca, por ejemplo cuando se limpian vidrios, pisos y mesadas. Adem\u00e1s, cuando entra en contacto con el jab\u00f3n, reduce su capacidad de crear espuma, obligando a aumentar el tiempo de uso. Los detergentes tambi\u00e9n son afectados, forzando a emplear mayor concentraci\u00f3n del producto para cumplir con su misi\u00f3n de lavado.<\/p><p>La corrosi\u00f3n galv\u00e1nica empeora en presencia de los iones de estos metales. Las paredes de un calentador de agua se corroen con mayor velocidad obligando a cambiar con mayor frecuencia los \u00e1nodos o barras de magnesio.<\/p><p>\u00a0<\/p><h2>\u00bfC\u00f3mo funcionan los ablandadores de agua Enertik?<\/h2><p>Los ablandadores de agua funcionan removiendo la dureza del agua producida por el calcio, magnesio y otros metales mediante un proceso de intercambio i\u00f3nico con esferas de resina. Al circular el agua por el ablandador se intercambian los iones de de estos compuestos por iones de sodio. Los ablandadores Enertik realizan un proceso de autoregeneraci\u00f3n controlado electr\u00f3nicamente que dota nuevamente a la resina de iones de sodio manteniendo su alta eficiencia.<\/p><p>De esta forma, con resina cati\u00f3nica se retienen los iones de calcio, magnesio y otros metales, sustituy\u00e9ndose por sodio. Una vez que el sodio se ha agotado, la resina se regenera con salmuera (soluci\u00f3n saturada de cloruro de sodio), desplazando la dureza a drenaje y recargado la resina de sodio.<\/p>\t\t\t\t\t\t\t<\/div>\n\t\t\t\t\t\t\t\t\t\t\t<\/div>\n\n\t\t\t\t\t\t\t\t\t\t\t\t\t\t\n\t\t\t\t\t<div class=\"wd-tab-content wd-entry-content\">\n\t\t\t\t\t\t\t\t\t\t\t\t\t<div >\n\t\t\t\t\t\t\t\t<table><tbody><tr class=\"tbBorderNone\"><td class=\"tbLeft\">Modelo<\/td><td>SW-AG-M1<\/td><\/tr><tr class=\"tbBorderNone\"><td class=\"tbTit\" colspan=\"2\">Especificaciones t\u00e9cnicas<\/td><\/tr><tr><td class=\"tbLeft\">Tipo de v\u00e1lvula<\/td><td>V\u00e1lvula ablandadora electr\u00f3nica<\/td><\/tr><tr><td class=\"tbLeft\">Modo de regeneraci\u00f3n<\/td><td>Temporizador \/ mezcla de medidor de temporizador<\/td><\/tr><tr><td class=\"tbLeft\">Volumen de resina<\/td><td>12.5 litros<\/td><\/tr><tr><td class=\"tbLeft\">Tanque de resina<\/td><td>1017<\/td><\/tr><tr><td class=\"tbLeft\">Cantidad de sal requerida<\/td><td>10 kg<\/td><\/tr><tr><td class=\"tbLeft\">Tasa de flujo<\/td><td>\u22641200 litros\/h<\/td><\/tr><tr class=\"tbBorderNone\"><td class=\"tbLeft\">Presi\u00f3n de trabajo<\/td><td>0,15-0,5 Mpa<\/td><\/tr><tr class=\"tbBorderNone\"><td class=\"tbTit\" colspan=\"2\">Especificaciones el\u00e9ctricas<\/td><\/tr><tr><td class=\"tbLeft\">Voltaje de entrada<\/td><td>220VCA<\/td><\/tr><tr class=\"tbBorderNone\"><td class=\"tbLeft\">Frecuencia<\/td><td>50 \/ 60Hz (reconocimiento autom\u00e1tico)<\/td><\/tr><tr><td class=\"tbTit\" colspan=\"2\">Especificaciones f\u00edsicas<\/td><\/tr><tr><td class=\"tbLeft\">Di\u00e1metro de entrada<\/td><td>3\/4\u2033<\/td><\/tr><tr><td class=\"tbLeft\">Di\u00e1metro ca\u00f1o de salida<\/td><td>3\/4\u2033<\/td><\/tr><tr><td class=\"tbLeft\">Di\u00e1metro de drenaje<\/td><td>12 mm<\/td><\/tr><tr><td class=\"tbLeft\">Tama\u00f1o del tanque de salmuera<\/td><td>17\u2033 \/ gabinete<\/td><\/tr><tr><td class=\"tbLeft\">Tama\u00f1o del tubo central<\/td><td>17\u2033<\/td><\/tr><tr><td class=\"tbLeft\">V\u00e1lvula de salmuera<\/td><td>S\u00ed<\/td><\/tr><tr><td class=\"tbLeft\">Dimensiones (mm)<\/td><td>330 x 470 x 660<\/td><\/tr><tr class=\"tbBorderNone\"><td class=\"tbLeft\">Peso neto (kg)<\/td><td>\u226420 (sin sal)<\/td><\/tr><tr><td class=\"tbTit\" colspan=\"2\">Especificaciones del embalaje<\/td><\/tr><tr><td class=\"tbLeft\">Dimensiones (mm)<\/td><td>376 x 520 x 750<\/td><\/tr><\/tbody><\/table>\t\t\t\t\t\t\t<\/div>\n\t\t\t\t\t\t\t\t\t\t\t<\/div>\n\n\t\t\t\t\t\t\t<\/div>\n\t\t<\/div>\n\t\t\t\t\t\t<\/div>\n\t\t\t\t<\/div>\n\t\t\t\t\t<\/div>\n\t\t<\/div>\n\t\t\t\t\t<\/div>\n\t\t<\/section>\n\t\t\t\t\t<\/div>\n\t\t<\/div>\n\t\t\t\t\t<\/div>\n\t\t<\/section>\n\t\t\t\t<section class=\"wd-negative-gap elementor-section elementor-top-section elementor-element elementor-element-474e307 Link_Buttons elementor-section-boxed elementor-section-height-default elementor-section-height-default\" data-id=\"474e307\" data-element_type=\"section\" data-e-type=\"section\" data-settings=\"{&quot;background_background&quot;:&quot;classic&quot;}\">\n\t\t\t\t\t\t<div class=\"elementor-container elementor-column-gap-custom\">\n\t\t\t\t\t<div class=\"elementor-column elementor-col-100 elementor-top-column elementor-element elementor-element-838b915\" data-id=\"838b915\" data-element_type=\"column\" data-e-type=\"column\">\n\t\t\t<div class=\"elementor-widget-wrap elementor-element-populated\">\n\t\t\t\t\t\t<div class=\"elementor-element elementor-element-78e3777 elementor-view-framed elementor-shape-circle elementor-position-block-start elementor-mobile-position-block-start elementor-widget elementor-widget-icon-box\" data-id=\"78e3777\" data-element_type=\"widget\" data-e-type=\"widget\" data-widget_type=\"icon-box.default\">\n\t\t\t\t\t\t\t<div class=\"elementor-icon-box-wrapper\">\n\n\t\t\t\t\t\t<div class=\"elementor-icon-box-icon\">\n\t\t\t\t<a href=\"https:\/\/enertik.com\/wp-content\/uploads\/sites\/2\/documentos\/manuales\/manual_sw_ag.pdf\" target=\"_blank\" class=\"elementor-icon\" tabindex=\"-1\">\n\t\t\t\t<svg aria-hidden=\"true\" class=\"e-font-icon-svg e-fas-book\" viewBox=\"0 0 448 512\" xmlns=\"http:\/\/www.w3.org\/2000\/svg\"><path d=\"M448 360V24c0-13.3-10.7-24-24-24H96C43 0 0 43 0 96v320c0 53 43 96 96 96h328c13.3 0 24-10.7 24-24v-16c0-7.5-3.5-14.3-8.9-18.7-4.2-15.4-4.2-59.3 0-74.7 5.4-4.3 8.9-11.1 8.9-18.6zM128 134c0-3.3 2.7-6 6-6h212c3.3 0 6 2.7 6 6v20c0 3.3-2.7 6-6 6H134c-3.3 0-6-2.7-6-6v-20zm0 64c0-3.3 2.7-6 6-6h212c3.3 0 6 2.7 6 6v20c0 3.3-2.7 6-6 6H134c-3.3 0-6-2.7-6-6v-20zm253.4 250H96c-17.7 0-32-14.3-32-32 0-17.6 14.4-32 32-32h285.4c-1.9 17.1-1.9 46.9 0 64z\"><\/path><\/svg>\t\t\t\t<\/a>\n\t\t\t<\/div>\n\t\t\t\n\t\t\t\t\t\t<div class=\"elementor-icon-box-content\">\n\n\t\t\t\t\n\t\t\t\t\t\t\t\t\t<p class=\"elementor-icon-box-description\">\n\t\t\t\t\t\tMANUAL\t\t\t\t\t<\/p>\n\t\t\t\t\n\t\t\t<\/div>\n\t\t\t\n\t\t<\/div>\n\t\t\t\t\t\t<\/div>\n\t\t\t\t\t<\/div>\n\t\t<\/div>\n\t\t\t\t\t<\/div>\n\t\t<\/section>\n\t\t\t\t<\/div>\n\t\t","protected":false},"excerpt":{"rendered":"<p>Volumen de resina : 12,5L. El agua con alto contenido de sales de calcio o magnesio (agua dura) tiende a formar incrustaciones minerales en las paredes de las tuber\u00edas. Estas incrustaciones, en algunos casos bloquean casi la totalidad de la secci\u00f3n del tubo, e incluso da\u00f1an sus termos solares o calderas. Este ablandador de agua funciona removiendo la dureza del agua producida por el calcio, magnesio y otros metales mediante un proceso de intercambio i\u00f3nico con esferas de resina. Al circular el agua por el ablandador se intercambian los iones de de estos compuestos por iones de sodio. Los ablandadores Enertik realizan un proceso de autoregeneraci\u00f3n controlado electr\u00f3nicamente que dota nuevamente a la resina de iones de sodio manteniendo su alta eficiencia.<\/p>\n","protected":false},"featured_media":16230,"comment_status":"open","ping_status":"closed","template":"","meta":{"_relevanssi_hide_post":"","_relevanssi_hide_content":"","_relevanssi_pin_for_all":"","_relevanssi_pin_keywords":"","_relevanssi_unpin_keywords":"","_relevanssi_related_keywords":"","_relevanssi_related_include_ids":"","_relevanssi_related_exclude_ids":"","_relevanssi_related_no_append":"","_relevanssi_related_not_related":"","_relevanssi_related_posts":"","_relevanssi_noindex_reason":"","inline_featured_image":false},"product_brand":[],"product_cat":[1966],"product_tag":[],"class_list":{"0":"post-16016","1":"product","2":"type-product","3":"status-publish","4":"has-post-thumbnail","6":"product_cat-tratamiento-de-agua","7":"pa_gtin-4355","8":"pa_marca-enertik","10":"first","11":"instock","12":"taxable","13":"shipping-taxable","14":"purchasable","15":"product-type-simple"},"bundled_by":[],"bundle_stock_status":"instock","bundle_stock_quantity":17,"bundle_virtual":false,"bundle_layout":"","bundle_add_to_cart_form_location":"","bundle_editable_in_cart":false,"bundle_sold_individually_context":"","bundle_item_grouping":"","bundle_min_size":"","bundle_max_size":"","bundle_price":[],"bundled_items":[],"bundle_sell_ids":[],"group_of_quantity":0,"min_quantity":0,"max_quantity":"","exclude_order_quantity_value_rules":"no","exclude_category_quantity_rules":"no","combine_variations":"no","exclude_global_add_ons":[],"addons":[],"_links":{"self":[{"href":"https:\/\/enertik.com\/cl\/wp-json\/wp\/v2\/product\/16016","targetHints":{"allow":["GET"]}}],"collection":[{"href":"https:\/\/enertik.com\/cl\/wp-json\/wp\/v2\/product"}],"about":[{"href":"https:\/\/enertik.com\/cl\/wp-json\/wp\/v2\/types\/product"}],"replies":[{"embeddable":true,"href":"https:\/\/enertik.com\/cl\/wp-json\/wp\/v2\/comments?post=16016"}],"version-history":[{"count":0,"href":"https:\/\/enertik.com\/cl\/wp-json\/wp\/v2\/product\/16016\/revisions"}],"wp:featuredmedia":[{"embeddable":true,"href":"https:\/\/enertik.com\/cl\/wp-json\/wp\/v2\/media\/16230"}],"wp:attachment":[{"href":"https:\/\/enertik.com\/cl\/wp-json\/wp\/v2\/media?parent=16016"}],"wp:term":[{"taxonomy":"product_brand","embeddable":true,"href":"https:\/\/enertik.com\/cl\/wp-json\/wp\/v2\/product_brand?post=16016"},{"taxonomy":"product_cat","embeddable":true,"href":"https:\/\/enertik.com\/cl\/wp-json\/wp\/v2\/product_cat?post=16016"},{"taxonomy":"product_tag","embeddable":true,"href":"https:\/\/enertik.com\/cl\/wp-json\/wp\/v2\/product_tag?post=16016"}],"curies":[{"name":"wp","href":"https:\/\/api.w.org\/{rel}","templated":true}]}}