{"id":11816,"date":"2023-02-21T12:12:05","date_gmt":"2023-02-21T15:12:05","guid":{"rendered":"https:\/\/test.enertik.com\/cl\/?post_type=product&#038;p=11816"},"modified":"2026-01-19T05:44:23","modified_gmt":"2026-01-19T08:44:23","slug":"kit-solar-off-grid-basico","status":"publish","type":"product","link":"https:\/\/enertik.com\/cl\/tienda\/fotovoltaica\/kits-solares-sin-conexion-a-red\/kit-solar-off-grid-basico\/","title":{"rendered":"Kit Solar Off-Grid &#8211; B\u00e1sico"},"content":{"rendered":"\t\t<div data-elementor-type=\"product-post\" data-elementor-id=\"11816\" class=\"elementor elementor-11816\" data-elementor-post-type=\"product\">\n\t\t\t\t\t\t<section class=\"wd-negative-gap elementor-section elementor-top-section elementor-element elementor-element-c2099f9 Product_Description elementor-section-boxed elementor-section-height-default elementor-section-height-default\" data-id=\"c2099f9\" data-element_type=\"section\" data-e-type=\"section\">\n\t\t\t\t\t\t<div class=\"elementor-container elementor-column-gap-default\">\n\t\t\t\t\t<div class=\"elementor-column elementor-col-100 elementor-top-column elementor-element elementor-element-16b9095\" data-id=\"16b9095\" data-element_type=\"column\" data-e-type=\"column\" data-settings=\"{&quot;background_background&quot;:&quot;classic&quot;}\">\n\t\t\t<div class=\"elementor-widget-wrap elementor-element-populated\">\n\t\t\t\t\t\t<section class=\"wd-negative-gap elementor-section elementor-inner-section elementor-element elementor-element-b5d510c elementor-section-boxed elementor-section-height-default elementor-section-height-default\" data-id=\"b5d510c\" data-element_type=\"section\" data-e-type=\"section\">\n\t\t\t\t\t\t<div class=\"elementor-container elementor-column-gap-default\">\n\t\t\t\t\t<div class=\"elementor-column elementor-col-100 elementor-inner-column elementor-element elementor-element-b5e8b22\" data-id=\"b5e8b22\" data-element_type=\"column\" data-e-type=\"column\">\n\t\t\t<div class=\"elementor-widget-wrap elementor-element-populated\">\n\t\t\t\t\t\t<div class=\"elementor-element elementor-element-fa3755f elementor-widget elementor-widget-wd_tabs\" data-id=\"fa3755f\" data-element_type=\"widget\" data-e-type=\"widget\" data-widget_type=\"wd_tabs.default\">\n\t\t\t\t<div class=\"elementor-widget-container\">\n\t\t\t\t\t\t\t<div class=\"wd-tabs tabs-design-default\">\n\t\t\t<div class=\"wd-tabs-header text-center\">\n\t\t\t\t\n\t\t\t\t\n\t\t\t\t<div class=\"wd-nav-wrapper wd-nav-tabs-wrapper wd-mb-action-swipe\">\n\t\t\t\t\t<ul class=\"wd-nav wd-nav-tabs wd-icon-pos-left wd-style-underline\">\n\t\t\t\t\t\t\t\t\t\t\t\t\t\n\t\t\t\t\t\t\t<li>\n\t\t\t\t\t\t\t\t<a href=\"#\" class=\"wd-nav-link\">\n\t\t\t\t\t\t\t\t\t\n\t\t\t\t\t\t\t\t\t<span class=\"nav-link-text wd-tabs-title\">\n\t\t\t\t\t\t\t\t\t\tDESCRIPCI\u00d3N\t\t\t\t\t\t\t\t\t<\/span>\n\t\t\t\t\t\t\t\t<\/a>\n\t\t\t\t\t\t\t<\/li>\n\n\t\t\t\t\t\t\t\t\t\t\t<\/ul>\n\t\t\t\t<\/div>\n\t\t\t<\/div>\n\n\t\t\t<div class=\"wd-tabs-content-wrapper\">\n\t\t\t\t\t\t\t\t\t\t\t\t\t\t\n\t\t\t\t\t<div class=\"wd-tab-content wd-entry-content\">\n\t\t\t\t\t\t\t\t\t\t\t\t\t<div >\n\t\t\t\t\t\t\t\t<h2>VENTAJAS<\/h2><div id=\"1653922194332-e106eafb-4eea8590-8091\" class=\"vc_tta-panel vc_active\" data-vc-content=\".vc_tta-panel-body\"><div class=\"vc_tta-panel-body\"><div class=\"wpb_text_column wpb_content_element vc_custom_1655386521598\"><div class=\"wpb_wrapper\"><ul class=\"ulMiddle\"><li>Instalaci\u00f3n sencilla<\/li><li>Funcionamiento silencioso \u2013 no genera ruidos<\/li><li>Amigable con el medio ambiente<\/li><li>Independiente de empresas proveedoras de energ\u00eda<\/li><li>Suministro continuo \/ ininterrumpido<\/li><li>Expectativa de vida de la bater\u00eda de 6 a 8 a\u00f1os (dependiendo de las condiciones de uso)<\/li><\/ul><p>\u00a0<\/p><\/div><h2>TABLA DE CONSUMOS (ORIENTATIVO)<\/h2><\/div><\/div><\/div><table><tbody><tr class=\"tbBorderNone\"><td class=\"tbTit2\">Equipo<\/td><td class=\"tbTit2\">Cantidad<\/td><td class=\"tbTit2\">Potencia [W]<\/td><td class=\"tbTit2\">Tensi\u00f3n [V]<\/td><td class=\"tbTit2\">Uso [horas]<\/td><td class=\"tbTit2\">Consumo [Wh\/d\u00eda]<\/td><\/tr><tr><td class=\"tbLeft\">Inversor (autoconsumo)<\/td><td>1<\/td><td>4.8<\/td><td>24<\/td><td>24<\/td><td>115.2<\/td><\/tr><tr><td class=\"tbLeft\">Luminarias bajo consumo (no LED)<\/td><td>4<\/td><td>10<\/td><td>220<\/td><td>4<\/td><td>160<\/td><\/tr><tr><td class=\"tbLeft\">Televisor LCD\/LED<\/td><td>1<\/td><td>100<\/td><td>220<\/td><td>5<\/td><td>500<\/td><\/tr><tr><td class=\"tbLeft\">Minicomponente<\/td><td>1<\/td><td>80<\/td><td>220<\/td><td>3<\/td><td>240<\/td><\/tr><tr><td class=\"tbLeft\">Cargador USB de 1~2.1A<\/td><td>2<\/td><td>5<\/td><td>220<\/td><td>6<\/td><td>60<\/td><\/tr><tr><td class=\"tbLeft\">Notebook \/ Netbook<\/td><td>1<\/td><td>40<\/td><td>220<\/td><td>4<\/td><td>160<\/td><\/tr><tr><td class=\"tbLeft\">Ventilador de pie \/ turbo<\/td><td>1<\/td><td>90<\/td><td>220<\/td><td>4<\/td><td>360<\/td><\/tr><tr class=\"tbBorderNone\"><td class=\"tbLeft\">TOTAL<\/td><td>\u00a0<\/td><td>360<\/td><td>\u00a0<\/td><td>\u00a0<\/td><td>1595.2<\/td><\/tr><\/tbody><\/table><p>\u00a0<\/p><h2>GENERACI\u00d3N MENSUAL (KWH\/D\u00cdA)\u00a0<\/h2><p>\u00a0<\/p><p><a href=\"https:\/\/enertik.com\/ar\/wp-content\/uploads\/sites\/2\/imagenes\/kits\/chart-kit2es.svg\"><img decoding=\"async\" class=\" wd-lazy-fade wp-image-15872 aligncenter\" title=\"Rendimiento Kit Solar Off Grid Basico Kit03\" src=\"https:\/\/enertik.com\/cl\/wp-content\/themes\/woodmart\/images\/lazy.svg\" data-src=\"https:\/\/enertik.com\/ar\/wp-content\/uploads\/sites\/2\/imagenes\/kits\/chart-kit2es.svg\" alt=\"Chart Kit2es\" width=\"800\" \/><\/a><\/p>\t\t\t\t\t\t\t<\/div>\n\t\t\t\t\t\t\t\t\t\t\t<\/div>\n\n\t\t\t\t\t\t\t<\/div>\n\t\t<\/div>\n\t\t\t\t\t\t<\/div>\n\t\t\t\t<\/div>\n\t\t\t\t\t<\/div>\n\t\t<\/div>\n\t\t\t\t\t<\/div>\n\t\t<\/section>\n\t\t\t\t\t<\/div>\n\t\t<\/div>\n\t\t\t\t\t<\/div>\n\t\t<\/section>\n\t\t\t\t<\/div>\n\t\t","protected":false},"excerpt":{"rendered":"<p>Kit solar b\u00e1sico para abastecer a cargas hasta 600W de forma independiente e ininterrumpida (incluye bater\u00edas para almacenar energ\u00eda de excedente). Potencia: 600W. Sistema de 24V &#8211; 220V.<\/p>\n","protected":false},"featured_media":31513,"comment_status":"open","ping_status":"closed","template":"","meta":{"_relevanssi_hide_post":"","_relevanssi_hide_content":"","_relevanssi_pin_for_all":"","_relevanssi_pin_keywords":"","_relevanssi_unpin_keywords":"","_relevanssi_related_keywords":"","_relevanssi_related_include_ids":"","_relevanssi_related_exclude_ids":"","_relevanssi_related_no_append":"","_relevanssi_related_not_related":"","_relevanssi_related_posts":"","_relevanssi_noindex_reason":"","inline_featured_image":false},"product_brand":[],"product_cat":[1695],"product_tag":[],"class_list":{"0":"post-11816","1":"product","2":"type-product","3":"status-publish","4":"has-post-thumbnail","6":"product_cat-kits-solares-sin-conexion-a-red","7":"pa_marca-enertik","8":"pa_mpn-kit03","10":"first","11":"instock","12":"virtual","13":"taxable","14":"product-type-bundle"},"bundled_by":[],"bundle_stock_status":"insufficientstock","bundle_stock_quantity":0,"bundle_virtual":false,"bundle_layout":"default","bundle_add_to_cart_form_location":"default","bundle_editable_in_cart":false,"bundle_sold_individually_context":"product","bundle_item_grouping":"parent","bundle_min_size":"","bundle_max_size":"","bundle_price":{"price":{"min":{"incl_tax":"646900","excl_tax":"543616"},"max":{"incl_tax":"727700","excl_tax":"611514"}},"regular_price":{"min":{"incl_tax":"697100","excl_tax":"585800"},"max":{"incl_tax":"777900","excl_tax":"653698"}}},"bundled_items":[{"bundled_item_id":1,"product_id":10757,"menu_order":0,"quantity_min":2,"quantity_max":2,"quantity_default":2,"priced_individually":true,"shipped_individually":false,"override_title":false,"title":"Bater\u00eda de Ciclo Profundo AGM - Ritar 12V 150Ah","override_description":true,"description":"","optional":false,"hide_thumbnail":false,"discount":"","override_variations":false,"allowed_variations":[],"override_default_variation_attributes":false,"default_variation_attributes":[],"single_product_visibility":"visible","cart_visibility":"visible","order_visibility":"visible","single_product_price_visibility":"visible","cart_price_visibility":"visible","order_price_visibility":"visible","stock_status":"in_stock"},{"bundled_item_id":2,"product_id":11663,"menu_order":1,"quantity_min":1,"quantity_max":1,"quantity_default":1,"priced_individually":true,"shipped_individually":false,"override_title":false,"title":"Inversor de Potencia 24V - 220V 600W","override_description":true,"description":"","optional":false,"hide_thumbnail":false,"discount":"","override_variations":false,"allowed_variations":[],"override_default_variation_attributes":false,"default_variation_attributes":[],"single_product_visibility":"visible","cart_visibility":"visible","order_visibility":"visible","single_product_price_visibility":"visible","cart_price_visibility":"visible","order_price_visibility":"visible","stock_status":"in_stock"},{"bundled_item_id":3,"product_id":11357,"menu_order":2,"quantity_min":2,"quantity_max":2,"quantity_default":2,"priced_individually":true,"shipped_individually":false,"override_title":false,"title":"Panel Solar Enertik Policristalino 310W","override_description":true,"description":"","optional":false,"hide_thumbnail":false,"discount":"","override_variations":false,"allowed_variations":[],"override_default_variation_attributes":false,"default_variation_attributes":[],"single_product_visibility":"visible","cart_visibility":"visible","order_visibility":"visible","single_product_price_visibility":"visible","cart_price_visibility":"visible","order_price_visibility":"visible","stock_status":"out_of_stock"},{"bundled_item_id":102,"product_id":10769,"menu_order":3,"quantity_min":1,"quantity_max":1,"quantity_default":1,"priced_individually":true,"shipped_individually":false,"override_title":false,"title":"Regulador de Carga para Paneles Solares - Con USB - 20A 12\/24V","override_description":true,"description":"","optional":false,"hide_thumbnail":false,"discount":"","override_variations":false,"allowed_variations":[],"override_default_variation_attributes":false,"default_variation_attributes":[],"single_product_visibility":"visible","cart_visibility":"visible","order_visibility":"visible","single_product_price_visibility":"visible","cart_price_visibility":"visible","order_price_visibility":"visible","stock_status":"in_stock"},{"bundled_item_id":130,"product_id":10547,"menu_order":4,"quantity_min":10,"quantity_max":30,"quantity_default":10,"priced_individually":true,"shipped_individually":false,"override_title":false,"title":"Cable Fotovoltaico Bipolar 4mm\u00b2 - Negro+Rojo (1 Metro)","override_description":true,"description":"","optional":false,"hide_thumbnail":false,"discount":"","override_variations":false,"allowed_variations":[],"override_default_variation_attributes":false,"default_variation_attributes":[],"single_product_visibility":"visible","cart_visibility":"visible","order_visibility":"visible","single_product_price_visibility":"visible","cart_price_visibility":"visible","order_price_visibility":"visible","stock_status":"in_stock"},{"bundled_item_id":97,"product_id":20987,"menu_order":5,"quantity_min":4,"quantity_max":10,"quantity_default":4,"priced_individually":true,"shipped_individually":false,"override_title":false,"title":"Cable para Bater\u00edas 10mm\u00b2 (8 AWG, Negro, 1 Metro)","override_description":true,"description":"","optional":false,"hide_thumbnail":false,"discount":"","override_variations":false,"allowed_variations":[],"override_default_variation_attributes":false,"default_variation_attributes":[],"single_product_visibility":"visible","cart_visibility":"visible","order_visibility":"visible","single_product_price_visibility":"visible","cart_price_visibility":"visible","order_price_visibility":"visible","stock_status":"in_stock"},{"bundled_item_id":98,"product_id":11412,"menu_order":6,"quantity_min":8,"quantity_max":8,"quantity_default":8,"priced_individually":true,"shipped_individually":false,"override_title":false,"title":"Terminal Ojal para Bater\u00edas - Sc10-6","override_description":true,"description":"","optional":false,"hide_thumbnail":false,"discount":"","override_variations":false,"allowed_variations":[],"override_default_variation_attributes":false,"default_variation_attributes":[],"single_product_visibility":"visible","cart_visibility":"visible","order_visibility":"visible","single_product_price_visibility":"visible","cart_price_visibility":"visible","order_price_visibility":"visible","stock_status":"in_stock"},{"bundled_item_id":99,"product_id":11163,"menu_order":7,"quantity_min":1,"quantity_max":1,"quantity_default":1,"priced_individually":true,"shipped_individually":false,"override_title":false,"title":"Conector MC4 (Par Macho\/Hembra) 1000V","override_description":true,"description":"","optional":false,"hide_thumbnail":false,"discount":"","override_variations":false,"allowed_variations":[],"override_default_variation_attributes":false,"default_variation_attributes":[],"single_product_visibility":"visible","cart_visibility":"visible","order_visibility":"visible","single_product_price_visibility":"visible","cart_price_visibility":"visible","order_price_visibility":"visible","stock_status":"in_stock"},{"bundled_item_id":100,"product_id":11165,"menu_order":8,"quantity_min":1,"quantity_max":1,"quantity_default":1,"priced_individually":true,"shipped_individually":false,"override_title":false,"title":"Conector MC4 Bra (2 Entradas) 1000V","override_description":true,"description":"","optional":false,"hide_thumbnail":false,"discount":"","override_variations":false,"allowed_variations":[],"override_default_variation_attributes":false,"default_variation_attributes":[],"single_product_visibility":"visible","cart_visibility":"visible","order_visibility":"visible","single_product_price_visibility":"visible","cart_price_visibility":"visible","order_price_visibility":"visible","stock_status":"in_stock"}],"bundle_sell_ids":[],"group_of_quantity":0,"min_quantity":0,"max_quantity":"","exclude_order_quantity_value_rules":"no","exclude_category_quantity_rules":"no","combine_variations":"no","exclude_global_add_ons":[],"addons":[],"_links":{"self":[{"href":"https:\/\/enertik.com\/cl\/wp-json\/wp\/v2\/product\/11816","targetHints":{"allow":["GET"]}}],"collection":[{"href":"https:\/\/enertik.com\/cl\/wp-json\/wp\/v2\/product"}],"about":[{"href":"https:\/\/enertik.com\/cl\/wp-json\/wp\/v2\/types\/product"}],"replies":[{"embeddable":true,"href":"https:\/\/enertik.com\/cl\/wp-json\/wp\/v2\/comments?post=11816"}],"version-history":[{"count":0,"href":"https:\/\/enertik.com\/cl\/wp-json\/wp\/v2\/product\/11816\/revisions"}],"wp:featuredmedia":[{"embeddable":true,"href":"https:\/\/enertik.com\/cl\/wp-json\/wp\/v2\/media\/31513"}],"wp:attachment":[{"href":"https:\/\/enertik.com\/cl\/wp-json\/wp\/v2\/media?parent=11816"}],"wp:term":[{"taxonomy":"product_brand","embeddable":true,"href":"https:\/\/enertik.com\/cl\/wp-json\/wp\/v2\/product_brand?post=11816"},{"taxonomy":"product_cat","embeddable":true,"href":"https:\/\/enertik.com\/cl\/wp-json\/wp\/v2\/product_cat?post=11816"},{"taxonomy":"product_tag","embeddable":true,"href":"https:\/\/enertik.com\/cl\/wp-json\/wp\/v2\/product_tag?post=11816"}],"curies":[{"name":"wp","href":"https:\/\/api.w.org\/{rel}","templated":true}]}}