{"id":11808,"date":"2023-02-21T12:06:30","date_gmt":"2023-02-21T15:06:30","guid":{"rendered":"https:\/\/test.enertik.com\/cl\/?post_type=product&#038;p=11808"},"modified":"2026-04-02T16:55:41","modified_gmt":"2026-04-02T19:55:41","slug":"ionizador-solar-para-piscina","status":"publish","type":"product","link":"https:\/\/enertik.com\/cl\/tienda\/otros-productos\/ionizador-solar-para-piscinas\/ionizador-solar-para-piscina\/","title":{"rendered":"Ionizador Solar para Piscina"},"content":{"rendered":"\t\t<div data-elementor-type=\"product-post\" data-elementor-id=\"11808\" class=\"elementor elementor-11808\" data-elementor-post-type=\"product\">\n\t\t\t\t\t\t<section class=\"wd-negative-gap elementor-section elementor-top-section elementor-element elementor-element-d454b85 Product_Description elementor-section-boxed elementor-section-height-default elementor-section-height-default\" data-id=\"d454b85\" data-element_type=\"section\" data-e-type=\"section\">\n\t\t\t\t\t\t<div class=\"elementor-container elementor-column-gap-default\">\n\t\t\t\t\t<div class=\"elementor-column elementor-col-100 elementor-top-column elementor-element elementor-element-b7da0ed\" data-id=\"b7da0ed\" data-element_type=\"column\" data-e-type=\"column\" data-settings=\"{&quot;background_background&quot;:&quot;classic&quot;}\">\n\t\t\t<div class=\"elementor-widget-wrap elementor-element-populated\">\n\t\t\t\t\t\t<section class=\"wd-negative-gap elementor-section elementor-inner-section elementor-element elementor-element-d05c3f6 elementor-section-boxed elementor-section-height-default elementor-section-height-default\" data-id=\"d05c3f6\" data-element_type=\"section\" data-e-type=\"section\">\n\t\t\t\t\t\t<div class=\"elementor-container elementor-column-gap-default\">\n\t\t\t\t\t<div class=\"elementor-column elementor-col-100 elementor-inner-column elementor-element elementor-element-0273d4c\" data-id=\"0273d4c\" data-element_type=\"column\" data-e-type=\"column\">\n\t\t\t<div class=\"elementor-widget-wrap elementor-element-populated\">\n\t\t\t\t\t\t<div class=\"elementor-element elementor-element-e590f86 elementor-widget elementor-widget-wd_tabs\" data-id=\"e590f86\" data-element_type=\"widget\" data-e-type=\"widget\" data-widget_type=\"wd_tabs.default\">\n\t\t\t\t<div class=\"elementor-widget-container\">\n\t\t\t\t\t\t\t<div class=\"wd-tabs tabs-design-default\">\n\t\t\t<div class=\"wd-tabs-header text-center\">\n\t\t\t\t\n\t\t\t\t\n\t\t\t\t<div class=\"wd-nav-wrapper wd-nav-tabs-wrapper wd-mb-action-swipe\">\n\t\t\t\t\t<ul class=\"wd-nav wd-nav-tabs wd-icon-pos-left wd-style-underline\">\n\t\t\t\t\t\t\t\t\t\t\t\t\t\n\t\t\t\t\t\t\t<li>\n\t\t\t\t\t\t\t\t<a href=\"#\" class=\"wd-nav-link\">\n\t\t\t\t\t\t\t\t\t\n\t\t\t\t\t\t\t\t\t<span class=\"nav-link-text wd-tabs-title\">\n\t\t\t\t\t\t\t\t\t\tDESCRIPCI\u00d3N\t\t\t\t\t\t\t\t\t<\/span>\n\t\t\t\t\t\t\t\t<\/a>\n\t\t\t\t\t\t\t<\/li>\n\n\t\t\t\t\t\t\t\t\t\t\t\t\t\n\t\t\t\t\t\t\t<li>\n\t\t\t\t\t\t\t\t<a href=\"#\" class=\"wd-nav-link\">\n\t\t\t\t\t\t\t\t\t\n\t\t\t\t\t\t\t\t\t<span class=\"nav-link-text wd-tabs-title\">\n\t\t\t\t\t\t\t\t\t\tESPECIFICACIONES\t\t\t\t\t\t\t\t\t<\/span>\n\t\t\t\t\t\t\t\t<\/a>\n\t\t\t\t\t\t\t<\/li>\n\n\t\t\t\t\t\t\t\t\t\t\t<\/ul>\n\t\t\t\t<\/div>\n\t\t\t<\/div>\n\n\t\t\t<div class=\"wd-tabs-content-wrapper\">\n\t\t\t\t\t\t\t\t\t\t\t\t\t\t\n\t\t\t\t\t<div class=\"wd-tab-content wd-entry-content\">\n\t\t\t\t\t\t\t\t\t\t\t\t\t<div >\n\t\t\t\t\t\t\t\t<h2>VENTAJAS<\/h2><ul class=\"ulMiddle\"><li>Ahorro del 90% en cloro<\/li><li>Uso seguro. No es t\u00f3xico ni perjudicial para la salud<\/li><li>Puede ser usado incluso en piscinas con peces<\/li><li>Flota en la piscina como una boya<\/li><li>Controla y elimina algas y bacterias<\/li><li>No da\u00f1a la piscina ni sus accesorios<\/li><li>Una unidad mantiene hasta 100.000 litros de agua<\/li><li>F\u00e1cil de instalar y usar, seguro y fiable<\/li><li>No requiere uso adicional de alguicida en tu piscina<\/li><li>Nadar con el ionizador solar es perfectamente seguro y normal<\/li><\/ul><p>\u00a0<\/p><h2>\u00bfQu\u00e9 es un ionizador solar de piscinas?<\/h2><p>Ionizar es desintegrar la materia \u00e1tomo por \u00e1tomo. Este proceso ocurre en la naturaleza en todos los niveles y es de este modo como el agua adquiere una peque\u00f1a cantidad de minerales para la preservaci\u00f3n de su pureza.<\/p><p>El ionizador solar Enertik genera una peque\u00f1a carga de electricidad suministrada por el panel de control, que reactiva los electrodos acelerando la reacci\u00f3n electro qu\u00edmica. Permitiendo de esta manera que se mantenga la frescura y limpieza del agua, evitando el crecimiento de algas y bacterias.<\/p><p>\u00a0<\/p><h2>\u00bfC\u00f3mo funciona el ionizador solar?<\/h2><p>En el instante que los \u00e1tomos de los electrodos de cobre y plata de nuestro equipamiento est\u00e1n ionizados, estos se propagan en el agua. Aquellos iones ejercen un efecto letal sobre la formaci\u00f3n de vida microsc\u00f3pica.<\/p><p>Un experimento de la Universidad de Arizona ha demostrado que los minerales de iones, junto con una peque\u00f1a cantidad de cloro (0.4 ~ 0.9ppm) son mil veces m\u00e1s efectivo previniendo algas y bacterias. Una vez que estos minerales sean disueltos en el agua, estos permanecen por extensos per\u00edodos de tiempo.<\/p><p>Como la sal en el oc\u00e9ano, los iones no se evaporan incluso en extremas e intensas condiciones de calor. Contrariamente, el cloro es un elemento muy ligero que tiende a evaporarse f\u00e1cilmente, especialmente en climas c\u00e1lidos.<\/p><p>\u00a0<\/p><h2>\u00bfEs seguro el mineral incorporado en el agua del ionizador?<\/h2><p>No solo es seguro, estos son reconocidos como minerales esenciales para el cuerpo humano. Las concentraciones obtenidas t\u00edpicamente para esos usos son permitidas para el agua potable por la agencia de protecci\u00f3n medio ambiental. El ionizador solar Enertik es tambi\u00e9n perfecto como una medida de control para algas y bacterias en piscinas con peces, porque estos no son t\u00f3xicos.<\/p><h5>\u00a0<\/h5><h2>\u00bfCu\u00e1nto tiempo puede funcionar el ionizador en condiciones normales?<\/h2><p>El ionizador solar Enertik est\u00e1 dise\u00f1ado para que dure tanto como su piscina. El panel de control no ser\u00e1 afectado por su uso. Los electrodos poseen tambi\u00e9n una gran duraci\u00f3n, pero si llegase al l\u00edmite de su vida \u00fatil pueden ser reemplazados tan a menudo como sea necesario.<\/p><h5>\u00a0<\/h5><h2>\u00bfEs necesario que el ionizador permanezca activo todo el tiempo?<\/h2><p>No es necesario, ni deseable, dado que ser\u00eda innecesario para el uso y\/o desgaste de los electrodos. El ionizador debe ser utilizado en las primeras semanas del recambio de agua, con el objetivo de obtener la concentraci\u00f3n de iones y luego un par de d\u00edas por semana para mantener el nivel adecuado de iones. Si la piscina es grande, o si se requiere de la adici\u00f3n de agua por p\u00e9rdida o evaporaci\u00f3n, es necesario mantener el ionizador en el agua de forma permanente.\u00a0<b>Nadar con el ionizador solar es perfectamente seguro y normal.<\/b><\/p><p>\u00a0<\/p><h3 style=\"text-align: center;\">VENTAJAS DEL IONIZADOR VS. CLORO<\/h3><table><tbody><tr><td class=\"tbTit\">\u00a0<\/td><td class=\"tbTit2\">IONIZADOR<\/td><td class=\"tbTit2\">CLORO<\/td><\/tr><tr><td class=\"tbLeft\">\u00bfEs perjudicial para los ojos o la piel?<\/td><td><b>No<\/b><\/td><td>S\u00ed<\/td><\/tr><tr><td class=\"tbLeft\">\u00bfPuede provocar c\u00e1ncer?<\/td><td><b>No<\/b><\/td><td>S\u00ed<\/td><\/tr><tr><td class=\"tbLeft\">Es t\u00f3xico para los pulmones?<\/td><td><b>No<\/b><\/td><td>S\u00ed<\/td><\/tr><tr><td class=\"tbLeft\">\u00bfEs absorbido por la piel?<\/td><td><b>No<\/b><\/td><td>S\u00ed<\/td><\/tr><tr><td class=\"tbLeft\">\u00bfPerjudica el medio ambiente?<\/td><td><b>No<\/b><\/td><td>S\u00ed<\/td><\/tr><tr><td class=\"tbLeft\">\u00bfDesti\u00f1e o arruina el traje de ba\u00f1o?<\/td><td><b>No<\/b><\/td><td>S\u00ed<\/td><\/tr><tr><td class=\"tbLeft\">Produce benceno en tubos de PVC?<\/td><td><b>No<\/b><\/td><td>S\u00ed<\/td><\/tr><tr><td class=\"tbLeft\">\u00bfProduce olor?<\/td><td><b>No<\/b><\/td><td>S\u00ed<\/td><\/tr><tr><td class=\"tbLeft\">\u00bfEs peligroso para almacenar y\/o manipular?<\/td><td><b>No<\/b><\/td><td>S\u00ed<\/td><\/tr><tr><td class=\"tbLeft\">Se evapora?<\/td><td><b>No<\/b><\/td><td>S\u00ed<\/td><\/tr><tr><td class=\"tbLeft\">\u00bfPuede da\u00f1ar la piscina y acessorios?<\/td><td><b>No<\/b><\/td><td>S\u00ed<\/td><\/tr><tr><td class=\"tbLeft\">\u00bfSe requiere de \u00e1cido cian\u00farico para estabilizar?<\/td><td><b>No<\/b><\/td><td>S\u00ed<\/td><\/tr><tr><td class=\"tbLeft\">\u00bfSu uso es econ\u00f3micamente costoso?<\/td><td><b>No<\/b><\/td><td>S\u00ed<\/td><\/tr><tr><td class=\"tbLeft\">\u00bfDestruye algas y bacterias?<\/td><td><b>S\u00ed<\/b><\/td><td>S\u00ed<\/td><\/tr><tr><td class=\"tbLeft\">\u00bfMata a los virus?<\/td><td><b>S\u00ed<\/b><\/td><td>No<\/td><\/tr><\/tbody><\/table>\t\t\t\t\t\t\t<\/div>\n\t\t\t\t\t\t\t\t\t\t\t<\/div>\n\n\t\t\t\t\t\t\t\t\t\t\t\t\t\t\n\t\t\t\t\t<div class=\"wd-tab-content wd-entry-content\">\n\t\t\t\t\t\t\t\t\t\t\t\t\t<div >\n\t\t\t\t\t\t\t\t<h3>\u00a0<\/h3><h3 style=\"text-align: center;\">ESPECIFICACIONES T\u00c9CNICAS<\/h3><table><tbody><tr class=\"tbBorderNone\"><td class=\"tbLeft\">Modelo<\/td><td>SPI<\/td><\/tr><tr class=\"tbBorderNone\"><td class=\"tbTit\" colspan=\"2\">Especificaciones t\u00e9cnicas del panel solar<\/td><\/tr><tr><td class=\"tbLeft\">Potencia m\u00e1xima<\/td><td>2W<\/td><\/tr><tr><td class=\"tbLeft\">Voltaje nominal<\/td><td>6VCC<\/td><\/tr><tr class=\"tbBorderNone\"><td class=\"tbLeft\">Celda solar<\/td><td>Silicio monocristalino<\/td><\/tr><tr><td class=\"tbTit\" colspan=\"2\">Especificaciones f\u00edsicas<\/td><\/tr><tr><td class=\"tbLeft\">\u00c1nodo<\/td><td>Aleaci\u00f3n de f\u00f3sforo, bronce y cobre<\/td><\/tr><tr><td class=\"tbLeft\">Dimensiones (mm)<\/td><td>200 x 200 x 140<\/td><\/tr><tr class=\"tbBorderNone\"><td class=\"tbLeft\">Peso neto (kg)<\/td><td>0.6<\/td><\/tr><tr><td class=\"tbTit\" colspan=\"2\">Especificaciones del embalaje<\/td><\/tr><tr><td class=\"tbLeft\">Cantidad de bultos<\/td><td>1<\/td><\/tr><tr><td class=\"tbLeft\">Dimensiones (mm)<\/td><td>240 x 230 x 160<\/td><\/tr><tr class=\"tbBorderNone\"><td class=\"tbLeft\">Peso neto (kg)<\/td><td>0.9<\/td><\/tr><\/tbody><\/table><h3 style=\"text-align: center;\">COMPONENTES DEL KIT<\/h3><table><tbody><tr><td class=\"tbTit3\">Descripci\u00f3n<\/td><td class=\"tbTit3\">Cantidad<\/td><\/tr><tr><td class=\"tbLeft\">Ionizador purificador<\/td><td>1<\/td><\/tr><tr><td class=\"tbLeft\">Cepillo de alambre<\/td><td>1<\/td><\/tr><tr><td class=\"tbLeft\">L\u00e1minas de testeo<\/td><td>30<\/td><\/tr><\/tbody><\/table>\t\t\t\t\t\t\t<\/div>\n\t\t\t\t\t\t\t\t\t\t\t<\/div>\n\n\t\t\t\t\t\t\t<\/div>\n\t\t<\/div>\n\t\t\t\t\t\t<\/div>\n\t\t\t\t<\/div>\n\t\t\t\t\t<\/div>\n\t\t<\/div>\n\t\t\t\t\t<\/div>\n\t\t<\/section>\n\t\t\t\t\t<\/div>\n\t\t<\/div>\n\t\t\t\t\t<\/div>\n\t\t<\/section>\n\t\t\t\t<section class=\"wd-negative-gap elementor-section elementor-top-section elementor-element elementor-element-411e102 Link_Buttons elementor-section-boxed elementor-section-height-default elementor-section-height-default\" data-id=\"411e102\" data-element_type=\"section\" data-e-type=\"section\" data-settings=\"{&quot;background_background&quot;:&quot;classic&quot;}\">\n\t\t\t\t\t\t<div class=\"elementor-container elementor-column-gap-custom\">\n\t\t\t\t\t<div class=\"elementor-column elementor-col-100 elementor-top-column elementor-element elementor-element-fcc669c\" data-id=\"fcc669c\" data-element_type=\"column\" data-e-type=\"column\">\n\t\t\t<div class=\"elementor-widget-wrap elementor-element-populated\">\n\t\t\t\t\t\t<div class=\"elementor-element elementor-element-4af0b9e elementor-view-framed elementor-shape-circle elementor-position-block-start elementor-mobile-position-block-start elementor-widget elementor-widget-icon-box\" data-id=\"4af0b9e\" data-element_type=\"widget\" data-e-type=\"widget\" data-widget_type=\"icon-box.default\">\n\t\t\t\t\t\t\t<div class=\"elementor-icon-box-wrapper\">\n\n\t\t\t\t\t\t<div class=\"elementor-icon-box-icon\">\n\t\t\t\t<a href=\"https:\/\/enertik.com\/wp-content\/uploads\/sites\/2\/documentos\/manuales\/manual_spi.pdf\" target=\"_blank\" class=\"elementor-icon\" tabindex=\"-1\">\n\t\t\t\t<svg aria-hidden=\"true\" class=\"e-font-icon-svg e-fas-book\" viewBox=\"0 0 448 512\" xmlns=\"http:\/\/www.w3.org\/2000\/svg\"><path d=\"M448 360V24c0-13.3-10.7-24-24-24H96C43 0 0 43 0 96v320c0 53 43 96 96 96h328c13.3 0 24-10.7 24-24v-16c0-7.5-3.5-14.3-8.9-18.7-4.2-15.4-4.2-59.3 0-74.7 5.4-4.3 8.9-11.1 8.9-18.6zM128 134c0-3.3 2.7-6 6-6h212c3.3 0 6 2.7 6 6v20c0 3.3-2.7 6-6 6H134c-3.3 0-6-2.7-6-6v-20zm0 64c0-3.3 2.7-6 6-6h212c3.3 0 6 2.7 6 6v20c0 3.3-2.7 6-6 6H134c-3.3 0-6-2.7-6-6v-20zm253.4 250H96c-17.7 0-32-14.3-32-32 0-17.6 14.4-32 32-32h285.4c-1.9 17.1-1.9 46.9 0 64z\"><\/path><\/svg>\t\t\t\t<\/a>\n\t\t\t<\/div>\n\t\t\t\n\t\t\t\t\t\t<div class=\"elementor-icon-box-content\">\n\n\t\t\t\t\n\t\t\t\t\t\t\t\t\t<p class=\"elementor-icon-box-description\">\n\t\t\t\t\t\tMANUAL\t\t\t\t\t<\/p>\n\t\t\t\t\n\t\t\t<\/div>\n\t\t\t\n\t\t<\/div>\n\t\t\t\t\t\t<\/div>\n\t\t\t\t\t<\/div>\n\t\t<\/div>\n\t\t\t\t\t<\/div>\n\t\t<\/section>\n\t\t\t\t<\/div>\n\t\t","protected":false},"excerpt":{"rendered":"<p>Ahorro del 90% en cloro. Mucho m\u00e1s seguro que cloro \/ alguicida. Flota en la piscina como una boya. Controla y elimina algas y bacterias y elimina la necesidad de usar alguicida. Una unidad matiene hasta 100.000 litros de agua. Puede ser usado incluso en piscinas con peces<\/p>\n","protected":false},"featured_media":9988,"comment_status":"open","ping_status":"closed","template":"","meta":{"_relevanssi_hide_post":"","_relevanssi_hide_content":"","_relevanssi_pin_for_all":"","_relevanssi_pin_keywords":"","_relevanssi_unpin_keywords":"","_relevanssi_related_keywords":"","_relevanssi_related_include_ids":"","_relevanssi_related_exclude_ids":"","_relevanssi_related_no_append":"","_relevanssi_related_not_related":"","_relevanssi_related_posts":"","_relevanssi_noindex_reason":"","inline_featured_image":false},"product_brand":[],"product_cat":[1966],"product_tag":[],"class_list":{"0":"post-11808","1":"product","2":"type-product","3":"status-publish","4":"has-post-thumbnail","6":"product_cat-tratamiento-de-agua","7":"pa_marca-enertik","8":"pa_mpn-spi","10":"first","11":"instock","12":"taxable","13":"shipping-taxable","14":"purchasable","15":"product-type-simple"},"bundled_by":[],"bundle_stock_status":"instock","bundle_stock_quantity":79,"bundle_virtual":false,"bundle_layout":"","bundle_add_to_cart_form_location":"","bundle_editable_in_cart":false,"bundle_sold_individually_context":"","bundle_item_grouping":"","bundle_min_size":"","bundle_max_size":"","bundle_price":[],"bundled_items":[],"bundle_sell_ids":[],"group_of_quantity":0,"min_quantity":0,"max_quantity":"","exclude_order_quantity_value_rules":"no","exclude_category_quantity_rules":"no","combine_variations":"no","exclude_global_add_ons":[],"addons":[],"_links":{"self":[{"href":"https:\/\/enertik.com\/cl\/wp-json\/wp\/v2\/product\/11808","targetHints":{"allow":["GET"]}}],"collection":[{"href":"https:\/\/enertik.com\/cl\/wp-json\/wp\/v2\/product"}],"about":[{"href":"https:\/\/enertik.com\/cl\/wp-json\/wp\/v2\/types\/product"}],"replies":[{"embeddable":true,"href":"https:\/\/enertik.com\/cl\/wp-json\/wp\/v2\/comments?post=11808"}],"version-history":[{"count":0,"href":"https:\/\/enertik.com\/cl\/wp-json\/wp\/v2\/product\/11808\/revisions"}],"wp:featuredmedia":[{"embeddable":true,"href":"https:\/\/enertik.com\/cl\/wp-json\/wp\/v2\/media\/9988"}],"wp:attachment":[{"href":"https:\/\/enertik.com\/cl\/wp-json\/wp\/v2\/media?parent=11808"}],"wp:term":[{"taxonomy":"product_brand","embeddable":true,"href":"https:\/\/enertik.com\/cl\/wp-json\/wp\/v2\/product_brand?post=11808"},{"taxonomy":"product_cat","embeddable":true,"href":"https:\/\/enertik.com\/cl\/wp-json\/wp\/v2\/product_cat?post=11808"},{"taxonomy":"product_tag","embeddable":true,"href":"https:\/\/enertik.com\/cl\/wp-json\/wp\/v2\/product_tag?post=11808"}],"curies":[{"name":"wp","href":"https:\/\/api.w.org\/{rel}","templated":true}]}}