{"id":11774,"date":"2023-02-21T11:25:42","date_gmt":"2023-02-21T14:25:42","guid":{"rendered":"https:\/\/test.enertik.com\/cl\/?post_type=product&#038;p=11774"},"modified":"2026-04-02T05:42:38","modified_gmt":"2026-04-02T08:42:38","slug":"estabilizador-de-voltaje-ferrorresonante-tipo-compensacion-200kva-trifasico","status":"publish","type":"product","link":"https:\/\/enertik.com\/cl\/tienda\/estabilizadores-de-voltaje\/estabilizador-de-voltaje-ferrorresonante-tipo-compensacion-200kva-trifasico\/","title":{"rendered":"Estabilizador de Voltaje Ferrorresonante (Tipo Compensaci\u00f3n) 200KVA &#8211; Trif\u00e1sico"},"content":{"rendered":"\t\t<div data-elementor-type=\"product-post\" data-elementor-id=\"11774\" class=\"elementor elementor-11774\" data-elementor-post-type=\"product\">\n\t\t\t\t\t\t<section class=\"wd-negative-gap elementor-section elementor-top-section elementor-element elementor-element-15ddf4d Product_Description elementor-section-boxed elementor-section-height-default elementor-section-height-default\" data-id=\"15ddf4d\" data-element_type=\"section\" data-e-type=\"section\">\n\t\t\t\t\t\t<div class=\"elementor-container elementor-column-gap-default\">\n\t\t\t\t\t<div class=\"elementor-column elementor-col-100 elementor-top-column elementor-element elementor-element-5e33072\" data-id=\"5e33072\" data-element_type=\"column\" data-e-type=\"column\" data-settings=\"{&quot;background_background&quot;:&quot;classic&quot;}\">\n\t\t\t<div class=\"elementor-widget-wrap elementor-element-populated\">\n\t\t\t\t\t\t<section class=\"wd-negative-gap elementor-section elementor-inner-section elementor-element elementor-element-81b9bd9 elementor-section-boxed elementor-section-height-default elementor-section-height-default\" data-id=\"81b9bd9\" data-element_type=\"section\" data-e-type=\"section\">\n\t\t\t\t\t\t<div class=\"elementor-container elementor-column-gap-default\">\n\t\t\t\t\t<div class=\"elementor-column elementor-col-100 elementor-inner-column elementor-element elementor-element-c71fc43\" data-id=\"c71fc43\" data-element_type=\"column\" data-e-type=\"column\">\n\t\t\t<div class=\"elementor-widget-wrap elementor-element-populated\">\n\t\t\t\t\t\t<div class=\"elementor-element elementor-element-fadfe97 elementor-widget elementor-widget-wd_tabs\" data-id=\"fadfe97\" data-element_type=\"widget\" data-e-type=\"widget\" data-widget_type=\"wd_tabs.default\">\n\t\t\t\t<div class=\"elementor-widget-container\">\n\t\t\t\t\t\t\t<div class=\"wd-tabs tabs-design-default\">\n\t\t\t<div class=\"wd-tabs-header text-center\">\n\t\t\t\t\n\t\t\t\t\n\t\t\t\t<div class=\"wd-nav-wrapper wd-nav-tabs-wrapper wd-mb-action-swipe\">\n\t\t\t\t\t<ul class=\"wd-nav wd-nav-tabs wd-icon-pos-left wd-style-underline\">\n\t\t\t\t\t\t\t\t\t\t\t\t\t\n\t\t\t\t\t\t\t<li>\n\t\t\t\t\t\t\t\t<a href=\"#\" class=\"wd-nav-link\">\n\t\t\t\t\t\t\t\t\t\n\t\t\t\t\t\t\t\t\t<span class=\"nav-link-text wd-tabs-title\">\n\t\t\t\t\t\t\t\t\t\tDESCRIPCI\u00d3N\t\t\t\t\t\t\t\t\t<\/span>\n\t\t\t\t\t\t\t\t<\/a>\n\t\t\t\t\t\t\t<\/li>\n\n\t\t\t\t\t\t\t\t\t\t\t\t\t\n\t\t\t\t\t\t\t<li>\n\t\t\t\t\t\t\t\t<a href=\"#\" class=\"wd-nav-link\">\n\t\t\t\t\t\t\t\t\t\n\t\t\t\t\t\t\t\t\t<span class=\"nav-link-text wd-tabs-title\">\n\t\t\t\t\t\t\t\t\t\tESPECIFICACIONES\t\t\t\t\t\t\t\t\t<\/span>\n\t\t\t\t\t\t\t\t<\/a>\n\t\t\t\t\t\t\t<\/li>\n\n\t\t\t\t\t\t\t\t\t\t\t<\/ul>\n\t\t\t\t<\/div>\n\t\t\t<\/div>\n\n\t\t\t<div class=\"wd-tabs-content-wrapper\">\n\t\t\t\t\t\t\t\t\t\t\t\t\t\t\n\t\t\t\t\t<div class=\"wd-tab-content wd-entry-content\">\n\t\t\t\t\t\t\t\t\t\t\t\t\t<div >\n\t\t\t\t\t\t\t\t<h2>CARACTER\u00cdSTICAS DESTACADAS<\/h2><ul><li class=\"ulBgColor\">Funci\u00f3n de eliminaci\u00f3n de transitorios<\/li><li>Display con el voltaje de entrada y salida<\/li><li class=\"ulBgColor\">Control por microprocesador para garantizar alta confiabilidad<\/li><li>Supresi\u00f3n de picos<\/li><li class=\"ulBgColor\">Medici\u00f3n de corriente por fase<\/li><li>Selecci\u00f3n de retardo en la conexi\u00f3n<\/li><\/ul><p>\u00a0<\/p><h2>PROTECCIONES DEL EQUIPO<\/h2><ul><li>Sobrecarga<\/li><li class=\"ulBgColor\">Alto voltaje de entrada<\/li><li>Bajo voltaje de entrada<\/li><li class=\"ulBgColor\">Sobre temperatura<\/li><li>Funci\u00f3n Bypass<\/li><li>Secuencia de fase*<br \/><br \/>*Los estabilizadores trif\u00e1sicos incluyen un protector de secuencia de fase, que exige que las fases est\u00e9n conectadas en el orden adecuado para permitir el encendido del dispositivo.<\/li><\/ul><p>\u00a0<\/p><h2>SOBRE ESTABILIZADORES CON SERVOMOTOR<\/h2><p>Son adecuados para cualquier tarea, especialmente para herramientas, m\u00e1quinas, equipos industriales y motores.<\/p><p>Son adecuados para refrigeradores, aire acondicionados, bombas de agua, hornos de microondas y tambi\u00e9n para productos electr\u00f3nicos, por ejemplo: TV, computadora, radio, luces, ordenador port\u00e1til, etc.<\/p><h5>VENTAJAS:<\/h5><ul><li class=\"ulBgColor\">Variaci\u00f3n de la voltaje de salida \u00b13%<\/li><li>Funciona con cualquier aparato el\u00e9ctrico o electr\u00f3nico<\/li><li class=\"ulBgColor\">Son m\u00e1s eficientes que los estabilizadores con rel\u00e9<\/li><\/ul><h5>DESVENTAJAS:<\/h5><ul><li class=\"ulBgColor\">Mayor peso y tama\u00f1o<\/li><li>Son m\u00e1s costosos<\/li><li class=\"ulBgColor\">Lenta regulaci\u00f3n de salida (&lt;500ms)<\/li><\/ul><h2>USOS DE LOS ESTABILIZADORES DE VOLTAJE<\/h2><p>Cuando se trata de proteger equipos sensibles y caros, equipos industriales o que tienen grandes demandas de energ\u00eda la mejor opci\u00f3n suelen ser los estabilizadores m\u00e1s precisos (electromec\u00e1nicos con servomotor). Si por el contrario hablamos de equipos dom\u00e9sticos no especialmente sensibles, ser\u00e1 adecuado optar por una opci\u00f3n m\u00e1s econ\u00f3mica (electr\u00f3nicos con rel\u00e9).Veamos algunos ejemplos:<\/p><p>\u2022 Los estabilizadores electr\u00f3nicos tendr\u00e1n sentido para proteger equipos poco delicados y que no generen grandes demandas de energ\u00eda. En general, cualquier aparato el\u00e9ctrico o electr\u00f3nico del hogar que no supere la potencia m\u00e1xima se podr\u00e1 proteger con un estabilizador de este tipo. Por ejemplo, televisores y equipos de audio, peque\u00f1os electrodom\u00e9sticos, calderas, etc.<\/p><p>\u2022 Los estabilizadores electromec\u00e1nicos tendr\u00e1n sentido para proteger equipos m\u00e1s delicados o aquellos que generen grandes demandas de energ\u00eda. En general, cualquier aparato el\u00e9ctrico o electr\u00f3nico del hogar que no supere la potencia m\u00e1xima, pero tambi\u00e9n equipos industriales, bombas o motores. Este tipo de estabilizadores son tambi\u00e9n adecuados para su empleo a la salida de generadores o grupos electr\u00f3genos que no est\u00e9n regulados.<\/p><p>En el entorno inform\u00e1tico, los estabilizadores de voltaje son adecuados para proteger los perif\u00e9ricos menos cr\u00edticos y especialmente las impresoras l\u00e1ser. No son aptos para proteger ordenadores o servidores, porque al no disponer de bater\u00edas no pueden garantizar la continuidad el\u00e9ctrica en caso de un fallo total en el suministro, para estos casos la mejor opci\u00f3n son los inversores\/cargadores.<\/p><p><b>Estabilizadores electr\u00f3nicos (con rel\u00e9).<\/b> Se basan en el empleo de un autotransformador con varios puntos de trabajo entre los que se conmuta seg\u00fan sea el voltaje de entrada. Habitualmente tienen tres modos de trabajo: normal (el voltaje de salida es la misma que el de la entrada), boost (cuando el voltaje de entrada es baja, se aumenta el voltaje de salida) y buck (cuando el voltaje de entrada es alta, se reduce el voltaje de salida). Son los m\u00e1s econ\u00f3micos y su precisi\u00f3n es baja; t\u00edpicamente en torno al 8~10%. Sus tiempos de respuesta son r\u00e1pidos (menos de 20ms) y al usar un autotransformador incorporan el beneficio a\u00f1adido de filtrar los ruidos de media y alta frecuencia, as\u00ed como recortar los picos transitorios de sobretensi\u00f3n.<\/p><p><b>Estabilizadores electromec\u00e1nicos (con servomotor).<\/b> Se basan en el empleo de un autotransformador de variaci\u00f3n continua sobre el que se posiciona una escobilla accionada por un servomotor. Su precisi\u00f3n es mucho mayor que la de un estabilizador electr\u00f3nico, siendo su valor t\u00edpico inferior al 3%. Su velocidad de respuesta es m\u00e1s lenta (menos de 500ms) y depende de la velocidad del servomotor, que responder\u00e1 m\u00e1s r\u00e1pido a variaciones peque\u00f1as y con mayor lentitud a variaciones grandes en el voltaje de entrada. Al igual que los estabilizadores electr\u00f3nicos, filtran ruidos y recortan picos transitorios.<\/p>\t\t\t\t\t\t\t<\/div>\n\t\t\t\t\t\t\t\t\t\t\t<\/div>\n\n\t\t\t\t\t\t\t\t\t\t\t\t\t\t\n\t\t\t\t\t<div class=\"wd-tab-content wd-entry-content\">\n\t\t\t\t\t\t\t\t\t\t\t\t\t<div >\n\t\t\t\t\t\t\t\t<table><tbody><tr><td class=\"tbLeft\">Modelo<\/td><td>EVC-200KVA \u2013 TRIF\u00c1SICO<\/td><\/tr><tr><td class=\"tbLeft\">Potencia<\/td><td>200.000VA (200KVA)<\/td><\/tr><tr class=\"tbBorderNone\"><td class=\"tbLeft\">Tipo de conmutaci\u00f3n<\/td><td>DE COMPENSACI\u00d3N (FERRORESONANTE)<\/td><\/tr><tr><td class=\"tbTit\" colspan=\"2\">Entrada<\/td><\/tr><tr class=\"tbBorderNone\"><td class=\"tbLeft\">Rango de voltaje de entrada<\/td><td>300~465VCA<\/td><\/tr><tr><td class=\"tbTit\" colspan=\"2\">Salida<\/td><\/tr><tr><td class=\"tbLeft\">Voltaje de salida<\/td><td>380VCA \u00b1 3%<\/td><\/tr><tr class=\"tbBorderNone\"><td class=\"tbLeft\">Corriente m\u00e1xima por fase<\/td><td>242.42A<\/td><\/tr><tr><td class=\"tbTit\" colspan=\"2\">Datos generales<\/td><\/tr><tr><td class=\"tbLeft\">Frecuencia<\/td><td>50Hz<\/td><\/tr><tr><td class=\"tbLeft\">Retardo<\/td><td>1s<\/td><\/tr><tr><td class=\"tbLeft\">Protecci\u00f3n contra sobrecarga y corto circuito<\/td><td>Con termomagn\u00e9tica<\/td><\/tr><tr><td class=\"tbLeft\">Funci\u00f3n Bypass<\/td><td>S\u00ed<\/td><\/tr><tr><td class=\"tbLeft\">Humedad<\/td><td>0-95%( sin condensaci\u00f3n)<\/td><\/tr><tr><td class=\"tbLeft\">Protecci\u00f3n por sobre voltaje<\/td><td>245V+\/-5V (Voltaje de fase \u2013 neutro)<\/td><\/tr><tr><td class=\"tbLeft\">Temperatura de operaci\u00f3n<\/td><td>0\u00b0C ~ 45\u00b0C<\/td><\/tr><tr class=\"tbBorderNone\"><td class=\"tbLeft\">Eficiencia<\/td><td>&gt; 98%<\/td><\/tr><tr><td class=\"tbTit\" colspan=\"2\">Especificaciones f\u00edsicas<\/td><\/tr><tr><td class=\"tbLeft\">Peso neto (kg)<\/td><td>511<\/td><\/tr><tr><td class=\"tbLeft\">Dimensiones (Largo x Ancho x Alto) en mm<\/td><td>800 x 120 x 1500<\/td><\/tr><\/tbody><\/table>\t\t\t\t\t\t\t<\/div>\n\t\t\t\t\t\t\t\t\t\t\t<\/div>\n\n\t\t\t\t\t\t\t<\/div>\n\t\t<\/div>\n\t\t\t\t\t\t<\/div>\n\t\t\t\t<\/div>\n\t\t\t\t\t<\/div>\n\t\t<\/div>\n\t\t\t\t\t<\/div>\n\t\t<\/section>\n\t\t\t\t\t<\/div>\n\t\t<\/div>\n\t\t\t\t\t<\/div>\n\t\t<\/section>\n\t\t\t\t<section class=\"wd-negative-gap elementor-section elementor-top-section elementor-element elementor-element-0595723 Link_Buttons elementor-section-boxed elementor-section-height-default elementor-section-height-default\" data-id=\"0595723\" data-element_type=\"section\" data-e-type=\"section\" data-settings=\"{&quot;background_background&quot;:&quot;classic&quot;}\">\n\t\t\t\t\t\t<div class=\"elementor-container elementor-column-gap-custom\">\n\t\t\t\t\t<div class=\"elementor-column elementor-col-100 elementor-top-column elementor-element elementor-element-54dbb36\" data-id=\"54dbb36\" data-element_type=\"column\" data-e-type=\"column\">\n\t\t\t<div class=\"elementor-widget-wrap elementor-element-populated\">\n\t\t\t\t\t\t<div class=\"elementor-element elementor-element-9d26019 elementor-view-framed elementor-shape-circle elementor-position-block-start elementor-mobile-position-block-start elementor-widget elementor-widget-icon-box\" data-id=\"9d26019\" data-element_type=\"widget\" data-e-type=\"widget\" data-widget_type=\"icon-box.default\">\n\t\t\t\t\t\t\t<div class=\"elementor-icon-box-wrapper\">\n\n\t\t\t\t\t\t<div class=\"elementor-icon-box-icon\">\n\t\t\t\t<a href=\"https:\/\/enertik.com\/wp-content\/uploads\/sites\/3\/documentos\/manuales\/manual-estabilizador-_-elevador-de-tension-ferrorresonante-200kva---trifasico.pdf\" target=\"_blank\" class=\"elementor-icon\" tabindex=\"-1\">\n\t\t\t\t<svg aria-hidden=\"true\" class=\"e-font-icon-svg e-fas-book\" viewBox=\"0 0 448 512\" xmlns=\"http:\/\/www.w3.org\/2000\/svg\"><path d=\"M448 360V24c0-13.3-10.7-24-24-24H96C43 0 0 43 0 96v320c0 53 43 96 96 96h328c13.3 0 24-10.7 24-24v-16c0-7.5-3.5-14.3-8.9-18.7-4.2-15.4-4.2-59.3 0-74.7 5.4-4.3 8.9-11.1 8.9-18.6zM128 134c0-3.3 2.7-6 6-6h212c3.3 0 6 2.7 6 6v20c0 3.3-2.7 6-6 6H134c-3.3 0-6-2.7-6-6v-20zm0 64c0-3.3 2.7-6 6-6h212c3.3 0 6 2.7 6 6v20c0 3.3-2.7 6-6 6H134c-3.3 0-6-2.7-6-6v-20zm253.4 250H96c-17.7 0-32-14.3-32-32 0-17.6 14.4-32 32-32h285.4c-1.9 17.1-1.9 46.9 0 64z\"><\/path><\/svg>\t\t\t\t<\/a>\n\t\t\t<\/div>\n\t\t\t\n\t\t\t\t\t\t<div class=\"elementor-icon-box-content\">\n\n\t\t\t\t\n\t\t\t\t\t\t\t\t\t<p class=\"elementor-icon-box-description\">\n\t\t\t\t\t\tMANUAL\t\t\t\t\t<\/p>\n\t\t\t\t\n\t\t\t<\/div>\n\t\t\t\n\t\t<\/div>\n\t\t\t\t\t\t<\/div>\n\t\t\t\t\t<\/div>\n\t\t<\/div>\n\t\t\t\t\t<\/div>\n\t\t<\/section>\n\t\t\t\t<\/div>\n\t\t","protected":false},"excerpt":{"rendered":"<p>Potencia: 200KVA. Entrada 300-465VCa. Trif\u00e1sico.<\/p>\n","protected":false},"featured_media":32106,"comment_status":"open","ping_status":"closed","template":"","meta":{"_relevanssi_hide_post":"","_relevanssi_hide_content":"","_relevanssi_pin_for_all":"","_relevanssi_pin_keywords":"","_relevanssi_unpin_keywords":"","_relevanssi_related_keywords":"","_relevanssi_related_include_ids":"","_relevanssi_related_exclude_ids":"","_relevanssi_related_no_append":"","_relevanssi_related_not_related":"","_relevanssi_related_posts":"","_relevanssi_noindex_reason":"","inline_featured_image":false},"product_brand":[],"product_cat":[1741],"product_tag":[],"class_list":{"0":"post-11774","1":"product","2":"type-product","3":"status-publish","4":"has-post-thumbnail","6":"product_cat-estabilizadores-de-voltaje","7":"pa_gtin-4193","8":"pa_marca-enertik","10":"first","11":"outofstock","12":"taxable","13":"shipping-taxable","14":"purchasable","15":"product-type-simple"},"bundled_by":[],"bundle_stock_status":"outofstock","bundle_stock_quantity":0,"bundle_virtual":false,"bundle_layout":"","bundle_add_to_cart_form_location":"","bundle_editable_in_cart":false,"bundle_sold_individually_context":"","bundle_item_grouping":"","bundle_min_size":"","bundle_max_size":"","bundle_price":[],"bundled_items":[],"bundle_sell_ids":[],"group_of_quantity":0,"min_quantity":0,"max_quantity":"","exclude_order_quantity_value_rules":"no","exclude_category_quantity_rules":"no","combine_variations":"no","exclude_global_add_ons":[],"addons":[],"_links":{"self":[{"href":"https:\/\/enertik.com\/cl\/wp-json\/wp\/v2\/product\/11774","targetHints":{"allow":["GET"]}}],"collection":[{"href":"https:\/\/enertik.com\/cl\/wp-json\/wp\/v2\/product"}],"about":[{"href":"https:\/\/enertik.com\/cl\/wp-json\/wp\/v2\/types\/product"}],"replies":[{"embeddable":true,"href":"https:\/\/enertik.com\/cl\/wp-json\/wp\/v2\/comments?post=11774"}],"version-history":[{"count":0,"href":"https:\/\/enertik.com\/cl\/wp-json\/wp\/v2\/product\/11774\/revisions"}],"wp:featuredmedia":[{"embeddable":true,"href":"https:\/\/enertik.com\/cl\/wp-json\/wp\/v2\/media\/32106"}],"wp:attachment":[{"href":"https:\/\/enertik.com\/cl\/wp-json\/wp\/v2\/media?parent=11774"}],"wp:term":[{"taxonomy":"product_brand","embeddable":true,"href":"https:\/\/enertik.com\/cl\/wp-json\/wp\/v2\/product_brand?post=11774"},{"taxonomy":"product_cat","embeddable":true,"href":"https:\/\/enertik.com\/cl\/wp-json\/wp\/v2\/product_cat?post=11774"},{"taxonomy":"product_tag","embeddable":true,"href":"https:\/\/enertik.com\/cl\/wp-json\/wp\/v2\/product_tag?post=11774"}],"curies":[{"name":"wp","href":"https:\/\/api.w.org\/{rel}","templated":true}]}}