{"id":11734,"date":"2023-02-21T11:24:55","date_gmt":"2023-02-21T14:24:55","guid":{"rendered":"https:\/\/test.enertik.com\/cl\/?post_type=product&#038;p=11734"},"modified":"2026-04-10T05:42:19","modified_gmt":"2026-04-10T09:42:19","slug":"bomba-de-calor-todo-en-uno-12-17kw","status":"publish","type":"product","link":"https:\/\/enertik.com\/cl\/tienda\/bombas-de-calor\/bomba-de-calor-todo-en-uno-1217kw\/","title":{"rendered":"Bomba de Calor Todo-en-Uno 12.17Kw"},"content":{"rendered":"\t\t<div data-elementor-type=\"product-post\" data-elementor-id=\"11734\" class=\"elementor elementor-11734\" data-elementor-post-type=\"product\">\n\t\t\t\t\t\t<section class=\"wd-negative-gap elementor-section elementor-top-section elementor-element elementor-element-3b35867 Product_Description elementor-section-boxed elementor-section-height-default elementor-section-height-default\" data-id=\"3b35867\" data-element_type=\"section\" data-e-type=\"section\">\n\t\t\t\t\t\t<div class=\"elementor-container elementor-column-gap-default\">\n\t\t\t\t\t<div class=\"elementor-column elementor-col-100 elementor-top-column elementor-element elementor-element-6b68e76\" data-id=\"6b68e76\" data-element_type=\"column\" data-e-type=\"column\" data-settings=\"{&quot;background_background&quot;:&quot;classic&quot;}\">\n\t\t\t<div class=\"elementor-widget-wrap elementor-element-populated\">\n\t\t\t\t\t\t<section class=\"wd-negative-gap elementor-section elementor-inner-section elementor-element elementor-element-bead3dd elementor-section-boxed elementor-section-height-default elementor-section-height-default\" data-id=\"bead3dd\" data-element_type=\"section\" data-e-type=\"section\">\n\t\t\t\t\t\t<div class=\"elementor-container elementor-column-gap-default\">\n\t\t\t\t\t<div class=\"elementor-column elementor-col-100 elementor-inner-column elementor-element elementor-element-173f238\" data-id=\"173f238\" data-element_type=\"column\" data-e-type=\"column\">\n\t\t\t<div class=\"elementor-widget-wrap elementor-element-populated\">\n\t\t\t\t\t\t<div class=\"elementor-element elementor-element-c6c3ecd elementor-widget elementor-widget-wd_tabs\" data-id=\"c6c3ecd\" data-element_type=\"widget\" data-e-type=\"widget\" data-widget_type=\"wd_tabs.default\">\n\t\t\t\t<div class=\"elementor-widget-container\">\n\t\t\t\t\t\t\t<div class=\"wd-tabs tabs-design-default\">\n\t\t\t<div class=\"wd-tabs-header text-center\">\n\t\t\t\t\n\t\t\t\t\n\t\t\t\t<div class=\"wd-nav-wrapper wd-nav-tabs-wrapper wd-mb-action-swipe\">\n\t\t\t\t\t<ul class=\"wd-nav wd-nav-tabs wd-icon-pos-left wd-style-underline\">\n\t\t\t\t\t\t\t\t\t\t\t\t\t\n\t\t\t\t\t\t\t<li>\n\t\t\t\t\t\t\t\t<a href=\"#\" class=\"wd-nav-link\">\n\t\t\t\t\t\t\t\t\t\n\t\t\t\t\t\t\t\t\t<span class=\"nav-link-text wd-tabs-title\">\n\t\t\t\t\t\t\t\t\t\tDESCRIPCI\u00d3N\t\t\t\t\t\t\t\t\t<\/span>\n\t\t\t\t\t\t\t\t<\/a>\n\t\t\t\t\t\t\t<\/li>\n\n\t\t\t\t\t\t\t\t\t\t\t\t\t\n\t\t\t\t\t\t\t<li>\n\t\t\t\t\t\t\t\t<a href=\"#\" class=\"wd-nav-link\">\n\t\t\t\t\t\t\t\t\t\n\t\t\t\t\t\t\t\t\t<span class=\"nav-link-text wd-tabs-title\">\n\t\t\t\t\t\t\t\t\t\tESPECIFICACIONES\t\t\t\t\t\t\t\t\t<\/span>\n\t\t\t\t\t\t\t\t<\/a>\n\t\t\t\t\t\t\t<\/li>\n\n\t\t\t\t\t\t\t\t\t\t\t<\/ul>\n\t\t\t\t<\/div>\n\t\t\t<\/div>\n\n\t\t\t<div class=\"wd-tabs-content-wrapper\">\n\t\t\t\t\t\t\t\t\t\t\t\t\t\t\n\t\t\t\t\t<div class=\"wd-tab-content wd-entry-content\">\n\t\t\t\t\t\t\t\t\t\t\t\t\t<div >\n\t\t\t\t\t\t\t\t<h2>BOMBAS DE CALOR<\/h2><p>Las bombas de calor Enertik \u2013 L\u00ednea BC son m\u00e1quinas t\u00e9rmicas que toman calor de un espacio fr\u00edo y lo transfieren a otro m\u00e1s caliente. Los equipos para piscina y TODO-EN-UNO poseen un compresor Mitsubishi con tecnolog\u00eda inverter y un motor&nbsp;rotatorio<span style=\"font-size: 14px;\"> CC sin escobilla, que permite el calentamiento del agua a doble velocidad.<\/span><\/p><p>Su operaci\u00f3n es s\u00faper silenciosa, con un nivel de ruido de entre 20 y 35 dB, y con una funci\u00f3n de arranque suave con control de corriente preciso que protege el circuito dom\u00e9stico. Adem\u00e1s cuenta con funci\u00f3n de monitoreo y control por wifi integrado.<\/p><p>Las bombas de calor son una tecnolog\u00eda de calefacci\u00f3n y enfriamiento que utiliza energ\u00eda el\u00e9ctrica para mover el calor de un lugar a otro. En lugar de quemar combustible para producir calor, como lo hacen los sistemas de calefacci\u00f3n convencionales, las bombas de calor extraen calor del aire, del suelo o del agua y lo utilizan para calentar un edificio.<\/p><p>Una de las principales ventajas de las bombas de calor es que son muy eficientes. Porque utilizan electricidad en lugar de combustible para producir calor, suelen ser mucho m\u00e1s eficientes que los sistemas de calefacci\u00f3n convencionales. Adem\u00e1s, las bombas de calor pueden ser utilizadas tanto para calentar como para enfriar un edificio, lo que las convierte en una opci\u00f3n vers\u00e1til para el control del clima en el hogar o en la oficina.<\/p><p><span style=\"font-family: Arial; font-size: 14px; font-style: normal; font-variant-caps: normal;\">Las bombas de calor pueden tomar la electricidad de la red, pero tambi\u00e9n pueden complementarse con sistemas fotovoltaicos de varias maneras :<\/span> Una de ellas es utilizando paneles solares fotovoltaicos para generar electricidad y alimentar la bomba de calor. De esta manera, se puede utilizar energ\u00eda solar para calentar o enfriar un edificio de manera eficiente y sostenible. <\/p><h2>VENTAJAS<\/h2><ul><li class=\"ulBgColor\">Nivel de eficiencia energ\u00e9tica europea A+++ con un COP promedio de 4.5<\/li><li>Soluci\u00f3n para calefacci\u00f3n, refrigeraci\u00f3n (aire acondicionado) y agua caliente en un equipo \u00fanico<\/li><li class=\"ulBgColor\">La funci\u00f3n de arranque suave con control de corriente preciso protege el circuito dom\u00e9stico<\/li><li>El motor CC sin escobilla y el compresor MITSUBISHI con tecnolog\u00eda Inverter permiten el calentamiento a doble velocidad<\/li><li class=\"ulBgColor\">Con el intercambiador Danfoss se consigue un \u00e1rea de reacci\u00f3n t\u00e9rmica grande y un COP alto<\/li><li>Chip inteligente y EEV con algoritmo avanzado permiten un control muy preciso a lo largo de todo el sistema<\/li><li class=\"ulBgColor\">Cambio r\u00e1pido entre distintos modos de operaci\u00f3n<\/li><li>La integraci\u00f3n con bomba de circulaci\u00f3n, calentador auxiliar y tanque de expansi\u00f3n le otorga una confiabilidad extraordinaria<\/li><li class=\"ulBgColor\">Buen rendimiento bajo condiciones de temperatura ambiental baja<\/li><li>H\u00e9lices dise\u00f1ados con ingenier\u00eda geom\u00e9trica y material avanzada y v\u00e1lvula cuatridireccional de alta calidad<\/li><li class=\"ulBgColor\">La pantalla t\u00e1ctil multicolor permite el monitoreo y el control del equipo de manera f\u00e1cil y c\u00f3moda<\/li><li>Funci\u00f3n de monitoreo y control por Wifi integrada<\/li><\/ul><h2>\u00bfQu\u00e9 significa COP?<\/h2><p>El COP (coeficiente de operatividad o coeficiente de rendimiento) de una bomba de calor es la raz\u00f3n entre el calentamiento o enfriamiento proporcionado y la electricidad consumida. Los coeficiente mayores equivalen a menores costes operativos.&nbsp;<\/p><p>Por ejemplo: Si una bomba de calor tiene una capacidad de calefacci\u00f3n de 16.5kW pero solo necesita 1.5kW de consumo, en este caso el COP es 16.5 \/ 1.5 = 11.&nbsp;<br>Es decir, en este caso por cada kW que consume a la entrada, la bomba de calor da 11kW de energ\u00eda en forma de calor a la salida.<\/p>\t\t\t\t\t\t\t<\/div>\n\t\t\t\t\t\t\t\t\t\t\t<\/div>\n\n\t\t\t\t\t\t\t\t\t\t\t\t\t\t\n\t\t\t\t\t<div class=\"wd-tab-content wd-entry-content\">\n\t\t\t\t\t\t\t\t\t\t\t\t\t<div >\n\t\t\t\t\t\t\t\t<table>\n<tbody>\n<tr class=\"tbBorderNone\">\n<td class=\"tbLeft\">Modelo<\/td>\n<td>BC-F120HCR4<\/td>\n<\/tr>\n<tr>\n<td class=\"tbTit\" colspan=\"2\">Especificaciones t\u00e9cnicas<\/td>\n<\/tr>\n<tr>\n<td class=\"tbLeft\">Fuente de alimentaci\u00f3n<\/td>\n<td>220~240VCA \/ 50Hz<\/td>\n<\/tr>\n<tr>\n<td class=\"tbLeft\">Entrada nominal del calentador el\u00e9ctrico (kW)<\/td>\n<td>3<\/td>\n<\/tr>\n<tr>\n<td class=\"tbLeft\">Potencia de entrada m\u00e1xima (kW)<\/td>\n<td>7.4 (4.4+3)<\/td>\n<\/tr>\n<tr>\n<td class=\"tbLeft\">Corriente m\u00e1xima de funcionamiento (A)<\/td>\n<td>33.7 (20 + 13.7)<\/td>\n<\/tr>\n<tr class=\"tbBorderNone\">\n<td class=\"tbLeft\">Compresor<\/td>\n<td>Mitsubishi el\u00e9ctrico \u2013 tecnolog\u00eda inverter<\/td>\n<\/tr>\n<tr>\n<td class=\"tbSubTit\" colspan=\"2\">Calefacci\u00f3n \u2013 Temperatura ambiente 7\u00ba C DB \/ 6\u00ba C WB; temp. entrada 30\u00ba C, salida 35\u00ba C<\/td>\n<\/tr>\n<tr>\n<td class=\"tbLeft\">Capacidad de calefacci\u00f3n m\u00e1xima (kW)<\/td>\n<td>12.17<\/td>\n<\/tr>\n<tr>\n<td class=\"tbLeft\">Potencia de entrada (kW)<\/td>\n<td>2.680<\/td>\n<\/tr>\n<tr class=\"tbBorderNone\">\n<td class=\"tbLeft\">COP<\/td>\n<td>4.54<\/td>\n<\/tr>\n<tr>\n<td class=\"tbSubTit\" colspan=\"2\">Calefacci\u00f3n \u2013 Temperatura ambiente 7\u00ba C DB \/ 6\u00ba C WB; temp. entrada 50\u00ba C \u2013 salida 55\u00ba C<\/td>\n<\/tr>\n<tr>\n<td class=\"tbLeft\">Capacidad de calefacci\u00f3n m\u00e1xima (kW)<\/td>\n<td>10.35<\/td>\n<\/tr>\n<tr>\n<td class=\"tbLeft\">Potencia de entrada (kW)<\/td>\n<td>4<\/td>\n<\/tr>\n<tr class=\"tbBorderNone\">\n<td class=\"tbLeft\">COP<\/td>\n<td>2.59<\/td>\n<\/tr>\n<tr>\n<td class=\"tbSubTit\" colspan=\"2\">Refrigeraci\u00f3n \u2013 Temperatura ambiente 35\u00ba C DB; temp. entrada 12\u00ba C \u2013 salida 7\u00ba C<\/td>\n<\/tr>\n<tr>\n<td class=\"tbLeft\">Capacidad de refrigeraci\u00f3n m\u00e1xima (kW)<\/td>\n<td>10.16<\/td>\n<\/tr>\n<tr>\n<td class=\"tbLeft\">Potencia de entrada (kW)<\/td>\n<td>3.620<\/td>\n<\/tr>\n<tr class=\"tbBorderNone\">\n<td class=\"tbLeft\">COP<\/td>\n<td>2.81<\/td>\n<\/tr>\n<tr>\n<td class=\"tbSubTit\" colspan=\"2\">Agua caliente \u2013 Temperatura ambiente 20\u00ba C DB \/ 15\u00ba C WB; temp. entrada 15\u00ba C \u2013 salida 55\u00ba C<\/td>\n<\/tr>\n<tr>\n<td class=\"tbLeft\">Capacidad de calefacci\u00f3n m\u00e1xima (kW)<\/td>\n<td>14.36<\/td>\n<\/tr>\n<tr>\n<td class=\"tbLeft\">Potencia de entrada (kW)<\/td>\n<td>2.973<\/td>\n<\/tr>\n<tr class=\"tbBorderNone\">\n<td class=\"tbLeft\">COP<\/td>\n<td>4.83<\/td>\n<\/tr>\n<tr class=\"tbTit\">\n<td class=\"tbTit\" colspan=\"2\">Especificaciones generales<\/td>\n<\/tr>\n<tr>\n<td class=\"tbLeft\">Intercambiador de calor del lado del aire<\/td>\n<td>Intercambiador de calor con aletas<\/td>\n<\/tr>\n<tr>\n<td class=\"tbLeft\">Intercambiador de calor del lado del agua<\/td>\n<td>Intercambiador de calor de placas (Danfoss)<\/td>\n<\/tr>\n<tr>\n<td class=\"tbLeft\">Tanque de Expansi\u00f3n (L)<\/td>\n<td>2<\/td>\n<\/tr>\n<tr>\n<td class=\"tbLeft\">Pantalla<\/td>\n<td>T\u00e1ctil color de 4 pulgadas<\/td>\n<\/tr>\n<tr>\n<td class=\"tbLeft\">Caudal de Agua (m\u00b3\/h)<\/td>\n<td>2.1<\/td>\n<\/tr>\n<tr>\n<td class=\"tbLeft\">Ca\u00edda de presi\u00f3n de agua (kPa)<\/td>\n<td>22<\/td>\n<\/tr>\n<tr>\n<td class=\"tbLeft\">Conexiones de agua<\/td>\n<td>1 1\/4\u2033<\/td>\n<\/tr>\n<tr>\n<td class=\"tbLeft\">Presi\u00f3n sonora a 1m<\/td>\n<td>58 dB(A)<\/td>\n<\/tr>\n<tr>\n<td class=\"tbLeft\">Rango de temperatura de funcionamiento<\/td>\n<td>-20\u00ba C ~ 43\u00ba C<\/td>\n<\/tr>\n<tr>\n<td class=\"tbLeft\">Temperatura m\u00e1xima de agua en salida<\/td>\n<td>60\u00ba C<\/td>\n<\/tr>\n<tr>\n<td class=\"tbLeft\">Tipo de refrigerante<\/td>\n<td>R32<\/td>\n<\/tr>\n<tr>\n<td class=\"tbLeft\">Grado de protecci\u00f3n<\/td>\n<td>IPX4<\/td>\n<\/tr>\n<tr class=\"tbBorderNone\">\n<td class=\"tbLeft\">Prueba de choque el\u00e9ctrico<\/td>\n<td>I<\/td>\n<\/tr>\n<tr class=\"tbTit\">\n<td class=\"tbTit\" colspan=\"2\">Especificaciones f\u00edsicas<\/td>\n<\/tr>\n<tr>\n<td class=\"tbLeft\">Dimensiones (mm)<\/td>\n<td>1338 x 450 x 870<\/td>\n<\/tr>\n<tr>\n<td class=\"tbLeft\">Peso neto (kg)<\/td>\n<td>97<\/td>\n<\/tr>\n<\/tbody>\n<\/table>\t\t\t\t\t\t\t<\/div>\n\t\t\t\t\t\t\t\t\t\t\t<\/div>\n\n\t\t\t\t\t\t\t<\/div>\n\t\t<\/div>\n\t\t\t\t\t\t<\/div>\n\t\t\t\t<\/div>\n\t\t\t\t\t<\/div>\n\t\t<\/div>\n\t\t\t\t\t<\/div>\n\t\t<\/section>\n\t\t\t\t\t<\/div>\n\t\t<\/div>\n\t\t\t\t\t<\/div>\n\t\t<\/section>\n\t\t\t\t<section class=\"wd-negative-gap elementor-section elementor-top-section elementor-element elementor-element-48093e2 Link_Buttons elementor-section-boxed elementor-section-height-default elementor-section-height-default\" data-id=\"48093e2\" data-element_type=\"section\" data-e-type=\"section\" data-settings=\"{&quot;background_background&quot;:&quot;classic&quot;}\">\n\t\t\t\t\t\t<div class=\"elementor-container elementor-column-gap-custom\">\n\t\t\t\t\t<div class=\"elementor-column elementor-col-33 elementor-top-column elementor-element elementor-element-92a70c8\" data-id=\"92a70c8\" data-element_type=\"column\" data-e-type=\"column\">\n\t\t\t<div class=\"elementor-widget-wrap elementor-element-populated\">\n\t\t\t\t\t\t<div class=\"elementor-element elementor-element-15d46f9 elementor-view-framed elementor-shape-circle elementor-position-block-start elementor-mobile-position-block-start elementor-widget elementor-widget-icon-box\" data-id=\"15d46f9\" data-element_type=\"widget\" data-e-type=\"widget\" data-widget_type=\"icon-box.default\">\n\t\t\t\t\t\t\t<div class=\"elementor-icon-box-wrapper\">\n\n\t\t\t\t\t\t<div class=\"elementor-icon-box-icon\">\n\t\t\t\t<a href=\"https:\/\/play.google.com\/store\/apps\/details?id=com.tuya.smartlife\" target=\"_blank\" class=\"elementor-icon\" tabindex=\"-1\" rel=\"noopener\">\n\t\t\t\t<svg aria-hidden=\"true\" class=\"e-font-icon-svg e-fab-google-play\" viewBox=\"0 0 512 512\" xmlns=\"http:\/\/www.w3.org\/2000\/svg\"><path d=\"M325.3 234.3L104.6 13l280.8 161.2-60.1 60.1zM47 0C34 6.8 25.3 19.2 25.3 35.3v441.3c0 16.1 8.7 28.5 21.7 35.3l256.6-256L47 0zm425.2 225.6l-58.9-34.1-65.7 64.5 65.7 64.5 60.1-34.1c18-14.3 18-46.5-1.2-60.8zM104.6 499l280.8-161.2-60.1-60.1L104.6 499z\"><\/path><\/svg>\t\t\t\t<\/a>\n\t\t\t<\/div>\n\t\t\t\n\t\t\t\t\t\t<div class=\"elementor-icon-box-content\">\n\n\t\t\t\t\n\t\t\t\t\t\t\t\t\t<p class=\"elementor-icon-box-description\">\n\t\t\t\t\t\tAPLICACI\u00d3N ANDROID\t\t\t\t\t<\/p>\n\t\t\t\t\n\t\t\t<\/div>\n\t\t\t\n\t\t<\/div>\n\t\t\t\t\t\t<\/div>\n\t\t\t\t\t<\/div>\n\t\t<\/div>\n\t\t\t\t<div class=\"elementor-column elementor-col-33 elementor-top-column elementor-element elementor-element-f098e4e\" data-id=\"f098e4e\" data-element_type=\"column\" data-e-type=\"column\">\n\t\t\t<div class=\"elementor-widget-wrap elementor-element-populated\">\n\t\t\t\t\t\t<div class=\"elementor-element elementor-element-3186eba elementor-view-framed elementor-shape-circle elementor-position-block-start elementor-mobile-position-block-start elementor-widget elementor-widget-icon-box\" data-id=\"3186eba\" data-element_type=\"widget\" data-e-type=\"widget\" data-widget_type=\"icon-box.default\">\n\t\t\t\t\t\t\t<div class=\"elementor-icon-box-wrapper\">\n\n\t\t\t\t\t\t<div class=\"elementor-icon-box-icon\">\n\t\t\t\t<a href=\"https:\/\/apps.apple.com\/app\/smart-life-smart-living\/id1115101477\" target=\"_blank\" class=\"elementor-icon\" tabindex=\"-1\" rel=\"noopener\">\n\t\t\t\t<svg aria-hidden=\"true\" class=\"e-font-icon-svg e-fab-app-store-ios\" viewBox=\"0 0 448 512\" xmlns=\"http:\/\/www.w3.org\/2000\/svg\"><path d=\"M400 32H48C21.5 32 0 53.5 0 80v352c0 26.5 21.5 48 48 48h352c26.5 0 48-21.5 48-48V80c0-26.5-21.5-48-48-48zM127 384.5c-5.5 9.6-17.8 12.8-27.3 7.3-9.6-5.5-12.8-17.8-7.3-27.3l14.3-24.7c16.1-4.9 29.3-1.1 39.6 11.4L127 384.5zm138.9-53.9H84c-11 0-20-9-20-20s9-20 20-20h51l65.4-113.2-20.5-35.4c-5.5-9.6-2.2-21.8 7.3-27.3 9.6-5.5 21.8-2.2 27.3 7.3l8.9 15.4 8.9-15.4c5.5-9.6 17.8-12.8 27.3-7.3 9.6 5.5 12.8 17.8 7.3 27.3l-85.8 148.6h62.1c20.2 0 31.5 23.7 22.7 40zm98.1 0h-29l19.6 33.9c5.5 9.6 2.2 21.8-7.3 27.3-9.6 5.5-21.8 2.2-27.3-7.3-32.9-56.9-57.5-99.7-74-128.1-16.7-29-4.8-58 7.1-67.8 13.1 22.7 32.7 56.7 58.9 102h52c11 0 20 9 20 20 0 11.1-9 20-20 20z\"><\/path><\/svg>\t\t\t\t<\/a>\n\t\t\t<\/div>\n\t\t\t\n\t\t\t\t\t\t<div class=\"elementor-icon-box-content\">\n\n\t\t\t\t\n\t\t\t\t\t\t\t\t\t<p class=\"elementor-icon-box-description\">\n\t\t\t\t\t\tAPLICACI\u00d3N APPLE IOS\t\t\t\t\t<\/p>\n\t\t\t\t\n\t\t\t<\/div>\n\t\t\t\n\t\t<\/div>\n\t\t\t\t\t\t<\/div>\n\t\t\t\t\t<\/div>\n\t\t<\/div>\n\t\t\t\t<div class=\"elementor-column elementor-col-33 elementor-top-column elementor-element elementor-element-38b715f\" data-id=\"38b715f\" data-element_type=\"column\" data-e-type=\"column\">\n\t\t\t<div class=\"elementor-widget-wrap elementor-element-populated\">\n\t\t\t\t\t\t<div class=\"elementor-element elementor-element-8894830 elementor-view-framed elementor-shape-circle elementor-position-block-start elementor-mobile-position-block-start elementor-widget elementor-widget-icon-box\" data-id=\"8894830\" data-element_type=\"widget\" data-e-type=\"widget\" data-widget_type=\"icon-box.default\">\n\t\t\t\t\t\t\t<div class=\"elementor-icon-box-wrapper\">\n\n\t\t\t\t\t\t<div class=\"elementor-icon-box-icon\">\n\t\t\t\t<a href=\"https:\/\/enertik.com\/wp-content\/uploads\/sites\/2\/documentos\/manuales\/manual-bomba-de-calor-bc-f90_f120_f200.pdf\" target=\"_blank\" class=\"elementor-icon\" tabindex=\"-1\">\n\t\t\t\t<svg aria-hidden=\"true\" class=\"e-font-icon-svg e-fas-book\" viewBox=\"0 0 448 512\" xmlns=\"http:\/\/www.w3.org\/2000\/svg\"><path d=\"M448 360V24c0-13.3-10.7-24-24-24H96C43 0 0 43 0 96v320c0 53 43 96 96 96h328c13.3 0 24-10.7 24-24v-16c0-7.5-3.5-14.3-8.9-18.7-4.2-15.4-4.2-59.3 0-74.7 5.4-4.3 8.9-11.1 8.9-18.6zM128 134c0-3.3 2.7-6 6-6h212c3.3 0 6 2.7 6 6v20c0 3.3-2.7 6-6 6H134c-3.3 0-6-2.7-6-6v-20zm0 64c0-3.3 2.7-6 6-6h212c3.3 0 6 2.7 6 6v20c0 3.3-2.7 6-6 6H134c-3.3 0-6-2.7-6-6v-20zm253.4 250H96c-17.7 0-32-14.3-32-32 0-17.6 14.4-32 32-32h285.4c-1.9 17.1-1.9 46.9 0 64z\"><\/path><\/svg>\t\t\t\t<\/a>\n\t\t\t<\/div>\n\t\t\t\n\t\t\t\t\t\t<div class=\"elementor-icon-box-content\">\n\n\t\t\t\t\n\t\t\t\t\t\t\t\t\t<p class=\"elementor-icon-box-description\">\n\t\t\t\t\t\tMANUAL\t\t\t\t\t<\/p>\n\t\t\t\t\n\t\t\t<\/div>\n\t\t\t\n\t\t<\/div>\n\t\t\t\t\t\t<\/div>\n\t\t\t\t\t<\/div>\n\t\t<\/div>\n\t\t\t\t\t<\/div>\n\t\t<\/section>\n\t\t\t\t<\/div>\n\t\t","protected":false},"excerpt":{"rendered":"<p>Tama\u00f1o (Potencia de salida equivalente &#8211; Capacidad de calefacci\u00f3n m\u00e1xima ) : 12,17kW. Esta bomba de calor da todo lo que necesites con respecto a la climatizaci\u00f3n y la temperatura. Re\u00fane en un solo equipo todas las funciones necesarias para convertir un hogar o un local en un ambiente c\u00f3modo &#8211; Calefacci\u00f3n, Refrigeraci\u00f3n (aire acondicionado) y Agua Caliente. Tiene nivel de eficiencia energ\u00e9tica europea A+++ con un COP promedio de 4.5. Es decir, por cada 1kW de energ\u00eda consumida el equipo es capaz de calentar o refrigerar con una potencia de 4.5kW (m\u00e1ximo te\u00f3rico), lo cual es extremadamente eficiente. Ayuda a reducir el uso de la electricidad, ahorrando dinero y cuidando el medio ambiente. Tiene la funci\u00f3n de monitoreo y control por Wifi integrada, y viene con un panel de control remoto f\u00edsico.<\/p>\n","protected":false},"featured_media":32673,"comment_status":"open","ping_status":"closed","template":"","meta":{"_relevanssi_hide_post":"","_relevanssi_hide_content":"","_relevanssi_pin_for_all":"","_relevanssi_pin_keywords":"","_relevanssi_unpin_keywords":"","_relevanssi_related_keywords":"","_relevanssi_related_include_ids":"","_relevanssi_related_exclude_ids":"","_relevanssi_related_no_append":"","_relevanssi_related_not_related":"","_relevanssi_related_posts":"","_relevanssi_noindex_reason":"","inline_featured_image":false},"product_brand":[],"product_cat":[1739],"product_tag":[1958],"class_list":{"0":"post-11734","1":"product","2":"type-product","3":"status-publish","4":"has-post-thumbnail","6":"product_cat-bombas-de-calor","7":"product_tag-nuevos","8":"pa_gtin-4181","9":"pa_marca-enertik","10":"pa_mpn-bc-f120hcr4","12":"first","13":"outofstock","14":"taxable","15":"shipping-taxable","16":"purchasable","17":"product-type-simple"},"bundled_by":[],"bundle_stock_status":"outofstock","bundle_stock_quantity":0,"bundle_virtual":false,"bundle_layout":"","bundle_add_to_cart_form_location":"","bundle_editable_in_cart":false,"bundle_sold_individually_context":"","bundle_item_grouping":"","bundle_min_size":"","bundle_max_size":"","bundle_price":[],"bundled_items":[],"bundle_sell_ids":[],"group_of_quantity":0,"min_quantity":0,"max_quantity":"","exclude_order_quantity_value_rules":"no","exclude_category_quantity_rules":"no","combine_variations":"no","exclude_global_add_ons":[],"addons":[],"_links":{"self":[{"href":"https:\/\/enertik.com\/cl\/wp-json\/wp\/v2\/product\/11734","targetHints":{"allow":["GET"]}}],"collection":[{"href":"https:\/\/enertik.com\/cl\/wp-json\/wp\/v2\/product"}],"about":[{"href":"https:\/\/enertik.com\/cl\/wp-json\/wp\/v2\/types\/product"}],"replies":[{"embeddable":true,"href":"https:\/\/enertik.com\/cl\/wp-json\/wp\/v2\/comments?post=11734"}],"version-history":[{"count":0,"href":"https:\/\/enertik.com\/cl\/wp-json\/wp\/v2\/product\/11734\/revisions"}],"wp:featuredmedia":[{"embeddable":true,"href":"https:\/\/enertik.com\/cl\/wp-json\/wp\/v2\/media\/32673"}],"wp:attachment":[{"href":"https:\/\/enertik.com\/cl\/wp-json\/wp\/v2\/media?parent=11734"}],"wp:term":[{"taxonomy":"product_brand","embeddable":true,"href":"https:\/\/enertik.com\/cl\/wp-json\/wp\/v2\/product_brand?post=11734"},{"taxonomy":"product_cat","embeddable":true,"href":"https:\/\/enertik.com\/cl\/wp-json\/wp\/v2\/product_cat?post=11734"},{"taxonomy":"product_tag","embeddable":true,"href":"https:\/\/enertik.com\/cl\/wp-json\/wp\/v2\/product_tag?post=11734"}],"curies":[{"name":"wp","href":"https:\/\/api.w.org\/{rel}","templated":true}]}}