{"id":11725,"date":"2023-02-21T11:24:54","date_gmt":"2023-02-21T14:24:54","guid":{"rendered":"https:\/\/test.enertik.com\/cl\/?post_type=product&#038;p=11725"},"modified":"2026-04-09T04:31:26","modified_gmt":"2026-04-09T08:31:26","slug":"cargador-automatico-de-baterias-trifasico-100a-48120v","status":"publish","type":"product","link":"https:\/\/enertik.com\/cl\/tienda\/cargador-automatico-de-baterias-trifasico-100a-48120v\/","title":{"rendered":"Cargador Autom\u00e1tico de Bater\u00edas Trif\u00e1sico &#8211; 100A 48~120V"},"content":{"rendered":"\t\t<div data-elementor-type=\"product-post\" data-elementor-id=\"11725\" class=\"elementor elementor-11725\" data-elementor-post-type=\"product\">\n\t\t\t\t\t\t<section class=\"wd-negative-gap elementor-section elementor-top-section elementor-element elementor-element-c84bcd8 Product_Description elementor-section-boxed elementor-section-height-default elementor-section-height-default\" data-id=\"c84bcd8\" data-element_type=\"section\" data-e-type=\"section\">\n\t\t\t\t\t\t<div class=\"elementor-container elementor-column-gap-default\">\n\t\t\t\t\t<div class=\"elementor-column elementor-col-100 elementor-top-column elementor-element elementor-element-771a036\" data-id=\"771a036\" data-element_type=\"column\" data-e-type=\"column\" data-settings=\"{&quot;background_background&quot;:&quot;classic&quot;}\">\n\t\t\t<div class=\"elementor-widget-wrap elementor-element-populated\">\n\t\t\t\t\t\t<section class=\"wd-negative-gap elementor-section elementor-inner-section elementor-element elementor-element-e67104b elementor-section-boxed elementor-section-height-default elementor-section-height-default\" data-id=\"e67104b\" data-element_type=\"section\" data-e-type=\"section\">\n\t\t\t\t\t\t<div class=\"elementor-container elementor-column-gap-default\">\n\t\t\t\t\t<div class=\"elementor-column elementor-col-100 elementor-inner-column elementor-element elementor-element-5ed43b9\" data-id=\"5ed43b9\" data-element_type=\"column\" data-e-type=\"column\">\n\t\t\t<div class=\"elementor-widget-wrap elementor-element-populated\">\n\t\t\t\t\t\t<div class=\"elementor-element elementor-element-27341f3 elementor-widget elementor-widget-wd_tabs\" data-id=\"27341f3\" data-element_type=\"widget\" data-e-type=\"widget\" data-widget_type=\"wd_tabs.default\">\n\t\t\t\t<div class=\"elementor-widget-container\">\n\t\t\t\t\t\t\t<div class=\"wd-tabs tabs-design-default\">\n\t\t\t<div class=\"wd-tabs-header text-center\">\n\t\t\t\t\n\t\t\t\t\n\t\t\t\t<div class=\"wd-nav-wrapper wd-nav-tabs-wrapper wd-mb-action-swipe\">\n\t\t\t\t\t<ul class=\"wd-nav wd-nav-tabs wd-icon-pos-left wd-style-underline\">\n\t\t\t\t\t\t\t\t\t\t\t\t\t\n\t\t\t\t\t\t\t<li>\n\t\t\t\t\t\t\t\t<a href=\"#\" class=\"wd-nav-link\">\n\t\t\t\t\t\t\t\t\t\n\t\t\t\t\t\t\t\t\t<span class=\"nav-link-text wd-tabs-title\">\n\t\t\t\t\t\t\t\t\t\tESPECIFICACIONES\t\t\t\t\t\t\t\t\t<\/span>\n\t\t\t\t\t\t\t\t<\/a>\n\t\t\t\t\t\t\t<\/li>\n\n\t\t\t\t\t\t\t\t\t\t\t<\/ul>\n\t\t\t\t<\/div>\n\t\t\t<\/div>\n\n\t\t\t<div class=\"wd-tabs-content-wrapper\">\n\t\t\t\t\t\t\t\t\t\t\t\t\t\t\n\t\t\t\t\t<div class=\"wd-tab-content wd-entry-content\">\n\t\t\t\t\t\t\t\t\t\t\t\t\t<div >\n\t\t\t\t\t\t\t\t<table>\n<tbody>\n<tr class=\"tbBorderNone\">\n<td>Modelo<\/td>\n<td>AC-100-48<\/td>\n<\/tr>\n<tr>\n<td class=\"tbTit\"colspan=\"2\">Entrada<\/td>\n<\/tr>\n<tr>\n<td>Tensi\u00f3n de entrada<\/td>\n<td>trif\u00e1sico, 3ph+PE<\/td>\n<\/tr>\n<tr>\n<td>Rango de tensi\u00f3n de entrada<\/td>\n<td>276 ~ 480VCA<\/td>\n<\/tr>\n<tr>\n<td>Frecuencia<\/td>\n<td>45 ~ 65Hz<\/td>\n<\/tr>\n<tr>\n<td>Factor de potencia (coseno de fi)<\/td>\n<td>\u22650.99 entrada nominal y salida a plena carga<\/td>\n<\/tr>\n<tr>\n<td>THDI<\/td>\n<td>&lt;5% entrada nominal y salida a plena carga<\/td>\n<\/tr>\n<tr class=\"tbBorderNone\">\n<td>Tiempo de inicio suave<\/td>\n<td>5 ~ 10 segundos<\/td>\n<\/tr>\n<tr>\n<td class=\"tbTit\" colspan=\"2\">Salida<\/td>\n<\/tr>\n<tr>\n<td>Voltaje de salida (VCC)<\/td>\n<td>48VCC \/ 60VCC \/ 80VCC \/ 100VCC \/ 120VCC (Ajustable)<\/td>\n<\/tr>\n<tr>\n<td>Corriente nominal<\/td>\n<td>0 ~ 100A<\/td>\n<\/tr>\n<tr>\n<td>Potencia nominal de salida (kW)<\/td>\n<td>4.8kW \/ 6kW \/ 8kW \/ 10kW \/ 10kW<\/td>\n<\/tr>\n<tr>\n<td>Tipo de conexi\u00f3n<\/td>\n<td>REMA \/ Anderson \/ cable para bater\u00eda GB (Optional)<\/td>\n<\/tr>\n<tr>\n<td>Eficiencia<\/td>\n<td>93%<\/td>\n<\/tr>\n<tr>\n<td>Precisi\u00f3n de regulaci\u00f3n de voltaje<\/td>\n<td>\u2264\u00b11% @ sin carga<\/td>\n<\/tr>\n<tr>\n<td>Precisi\u00f3n de regulaci\u00f3n actual<\/td>\n<td>\u2264\u00b12% @Iout&gt;50A\n\u22644A @Iout\u226450A<\/td>\n<\/tr>\n<tr class=\"tbBorderNone\">\n<td>Diferencia de reparto actual<\/td>\n<td>5% @ &gt;10% de la carga<\/td>\n<\/tr>\n<tr>\n<td class=\"tbTit\" colspan=\"2\">Protecci\u00f3n<\/td>\n<\/tr>\n<tr>\n<td>Sobre voltaje<\/td>\n<td>S\u00ed<\/td>\n<\/tr>\n<tr>\n<td>Bajo voltaje<\/td>\n<td>S\u00ed<\/td>\n<\/tr>\n<tr>\n<td>Sobrecarga<\/td>\n<td>S\u00ed<\/td>\n<\/tr>\n<tr>\n<td>Polaridad<\/td>\n<td>S\u00ed<\/td>\n<\/tr>\n<tr class=\"tbBorderNone\">\n<td>Cortocircuito<\/td>\n<td>S\u00ed<\/td>\n<\/tr>\n<tr>\n<td class=\"tbTit\"colspan=\"2\">Ambiente<\/td>\n<\/tr>\n<tr>\n<td>Temperatura de trabajo<\/td>\n<td>-10 ~ 50\u00baC<\/td>\n<\/tr>\n<tr>\n<td>Humedad<\/td>\n<td>5 ~ 95% Rh sin condensaci\u00f3n<\/td>\n<\/tr>\n<tr class=\"tbBorderNone\">\n<td>Refrigeraci\u00f3n<\/td>\n<td>Forzada<\/td>\n<\/tr>\n<tr>\n<td class=\"tbTit\" colspan=\"2\">Especificaciones generales<\/td>\n<\/tr>\n<tr>\n<td>Puerto de comunicaci\u00f3n<\/td>\n<td>RS232\/RS485\/CAN<\/td>\n<\/tr>\n<tr>\n<td>Dimensiones (mm)<\/td>\n<td>178 x 600 x 417<\/td>\n<\/tr>\n<tr>\n<td>Peso neto (kg)<\/td>\n<td>16.5<\/td>\n<\/tr>\n<\/tbody>\n<\/table>\t\t\t\t\t\t\t<\/div>\n\t\t\t\t\t\t\t\t\t\t\t<\/div>\n\n\t\t\t\t\t\t\t<\/div>\n\t\t<\/div>\n\t\t\t\t\t\t<\/div>\n\t\t\t\t<\/div>\n\t\t\t\t\t<\/div>\n\t\t<\/div>\n\t\t\t\t\t<\/div>\n\t\t<\/section>\n\t\t\t\t\t<\/div>\n\t\t<\/div>\n\t\t\t\t\t<\/div>\n\t\t<\/section>\n\t\t\t\t<section class=\"wd-negative-gap elementor-section elementor-top-section elementor-element elementor-element-cc74f66 Link_Buttons elementor-section-boxed elementor-section-height-default elementor-section-height-default\" data-id=\"cc74f66\" data-element_type=\"section\" data-e-type=\"section\" data-settings=\"{&quot;background_background&quot;:&quot;classic&quot;}\">\n\t\t\t\t\t\t<div class=\"elementor-container elementor-column-gap-custom\">\n\t\t\t\t\t<div class=\"elementor-column elementor-col-100 elementor-top-column elementor-element elementor-element-160da40\" data-id=\"160da40\" data-element_type=\"column\" data-e-type=\"column\">\n\t\t\t<div class=\"elementor-widget-wrap elementor-element-populated\">\n\t\t\t\t\t\t<div class=\"elementor-element elementor-element-1719139 elementor-view-framed elementor-shape-circle elementor-position-block-start elementor-mobile-position-block-start elementor-widget elementor-widget-icon-box\" data-id=\"1719139\" data-element_type=\"widget\" data-e-type=\"widget\" data-widget_type=\"icon-box.default\">\n\t\t\t\t\t\t\t<div class=\"elementor-icon-box-wrapper\">\n\n\t\t\t\t\t\t<div class=\"elementor-icon-box-icon\">\n\t\t\t\t<a href=\"https:\/\/enertik.com\/ar\/wp-content\/uploads\/sites\/2\/documentos\/manuales\/manual-cargador-automatico-de-baterias-trifasico-48v-100a-200a.pdf\" target=\"_blank\" class=\"elementor-icon\" tabindex=\"-1\">\n\t\t\t\t<svg aria-hidden=\"true\" class=\"e-font-icon-svg e-fas-book\" viewBox=\"0 0 448 512\" xmlns=\"http:\/\/www.w3.org\/2000\/svg\"><path d=\"M448 360V24c0-13.3-10.7-24-24-24H96C43 0 0 43 0 96v320c0 53 43 96 96 96h328c13.3 0 24-10.7 24-24v-16c0-7.5-3.5-14.3-8.9-18.7-4.2-15.4-4.2-59.3 0-74.7 5.4-4.3 8.9-11.1 8.9-18.6zM128 134c0-3.3 2.7-6 6-6h212c3.3 0 6 2.7 6 6v20c0 3.3-2.7 6-6 6H134c-3.3 0-6-2.7-6-6v-20zm0 64c0-3.3 2.7-6 6-6h212c3.3 0 6 2.7 6 6v20c0 3.3-2.7 6-6 6H134c-3.3 0-6-2.7-6-6v-20zm253.4 250H96c-17.7 0-32-14.3-32-32 0-17.6 14.4-32 32-32h285.4c-1.9 17.1-1.9 46.9 0 64z\"><\/path><\/svg>\t\t\t\t<\/a>\n\t\t\t<\/div>\n\t\t\t\n\t\t\t\t\t\t<div class=\"elementor-icon-box-content\">\n\n\t\t\t\t\n\t\t\t\t\t\t\t\t\t<p class=\"elementor-icon-box-description\">\n\t\t\t\t\t\tMANUAL\t\t\t\t\t<\/p>\n\t\t\t\t\n\t\t\t<\/div>\n\t\t\t\n\t\t<\/div>\n\t\t\t\t\t\t<\/div>\n\t\t\t\t\t<\/div>\n\t\t<\/div>\n\t\t\t\t\t<\/div>\n\t\t<\/section>\n\t\t\t\t<\/div>\n\t\t","protected":false},"excerpt":{"rendered":"<p>Modelo Voltronic : Automate 100A<\/p>\n<p>Un cargador vers\u00e1til construido con tecnolog\u00edas m\u00e1s avanzadas. Entrada AC Trif\u00e1sica, Carga a las bater\u00edas con\u00a0100A (m\u00e1x.) a 48~120V (Voltaje Ajustable)<\/p>\n","protected":false},"featured_media":9498,"comment_status":"open","ping_status":"closed","template":"","meta":{"_relevanssi_hide_post":"","_relevanssi_hide_content":"","_relevanssi_pin_for_all":"","_relevanssi_pin_keywords":"","_relevanssi_unpin_keywords":"","_relevanssi_related_keywords":"","_relevanssi_related_include_ids":"","_relevanssi_related_exclude_ids":"","_relevanssi_related_no_append":"","_relevanssi_related_not_related":"","_relevanssi_related_posts":"","_relevanssi_noindex_reason":"","inline_featured_image":false},"product_brand":[],"product_cat":[1740,1747],"product_tag":[1958],"class_list":{"0":"post-11725","1":"product","2":"type-product","3":"status-publish","4":"has-post-thumbnail","6":"product_cat-cargadores-de-baterias","7":"product_cat-cargadores-para-vehiculos-electricos","8":"product_tag-nuevos","9":"pa_corriente-100a","10":"pa_gtin-4172","11":"pa_marca-enertik","12":"pa_mpn-ac-100-48","13":"pa_serie-serie-ac","14":"pa_voltaje-48-120vdc","16":"first","17":"instock","18":"taxable","19":"shipping-taxable","20":"purchasable","21":"product-type-simple"},"bundled_by":[],"bundle_stock_status":"instock","bundle_stock_quantity":2,"bundle_virtual":false,"bundle_layout":"","bundle_add_to_cart_form_location":"","bundle_editable_in_cart":false,"bundle_sold_individually_context":"","bundle_item_grouping":"","bundle_min_size":"","bundle_max_size":"","bundle_price":[],"bundled_items":[],"bundle_sell_ids":[],"group_of_quantity":0,"min_quantity":0,"max_quantity":"","exclude_order_quantity_value_rules":"no","exclude_category_quantity_rules":"no","combine_variations":"no","exclude_global_add_ons":[],"addons":[],"_links":{"self":[{"href":"https:\/\/enertik.com\/cl\/wp-json\/wp\/v2\/product\/11725","targetHints":{"allow":["GET"]}}],"collection":[{"href":"https:\/\/enertik.com\/cl\/wp-json\/wp\/v2\/product"}],"about":[{"href":"https:\/\/enertik.com\/cl\/wp-json\/wp\/v2\/types\/product"}],"replies":[{"embeddable":true,"href":"https:\/\/enertik.com\/cl\/wp-json\/wp\/v2\/comments?post=11725"}],"version-history":[{"count":0,"href":"https:\/\/enertik.com\/cl\/wp-json\/wp\/v2\/product\/11725\/revisions"}],"wp:featuredmedia":[{"embeddable":true,"href":"https:\/\/enertik.com\/cl\/wp-json\/wp\/v2\/media\/9498"}],"wp:attachment":[{"href":"https:\/\/enertik.com\/cl\/wp-json\/wp\/v2\/media?parent=11725"}],"wp:term":[{"taxonomy":"product_brand","embeddable":true,"href":"https:\/\/enertik.com\/cl\/wp-json\/wp\/v2\/product_brand?post=11725"},{"taxonomy":"product_cat","embeddable":true,"href":"https:\/\/enertik.com\/cl\/wp-json\/wp\/v2\/product_cat?post=11725"},{"taxonomy":"product_tag","embeddable":true,"href":"https:\/\/enertik.com\/cl\/wp-json\/wp\/v2\/product_tag?post=11725"}],"curies":[{"name":"wp","href":"https:\/\/api.w.org\/{rel}","templated":true}]}}