{"id":11711,"date":"2023-02-21T11:24:32","date_gmt":"2023-02-21T14:24:32","guid":{"rendered":"https:\/\/test.enertik.com\/cl\/?post_type=product&#038;p=11711"},"modified":"2026-04-09T04:31:26","modified_gmt":"2026-04-09T08:31:26","slug":"sistema-de-almacenamiento-ess-offgrid-8kw-48v","status":"publish","type":"product","link":"https:\/\/enertik.com\/cl\/tienda\/respaldo-de-energia\/inversores-con-bateria-ess\/sistema-de-almacenamiento-ess-offgrid-8kw-48v\/","title":{"rendered":"Sistema de Almacenamiento ESS &#8211; OffGrid 8KW 48V"},"content":{"rendered":"\t\t<div data-elementor-type=\"product-post\" data-elementor-id=\"11711\" class=\"elementor elementor-11711\" data-elementor-post-type=\"product\">\n\t\t\t\t\t\t<section class=\"wd-negative-gap elementor-section elementor-top-section elementor-element elementor-element-d4761c6 Product_Description elementor-section-boxed elementor-section-height-default elementor-section-height-default\" data-id=\"d4761c6\" data-element_type=\"section\" data-e-type=\"section\">\n\t\t\t\t\t\t<div class=\"elementor-container elementor-column-gap-default\">\n\t\t\t\t\t<div class=\"elementor-column elementor-col-100 elementor-top-column elementor-element elementor-element-ad05804\" data-id=\"ad05804\" data-element_type=\"column\" data-e-type=\"column\" data-settings=\"{&quot;background_background&quot;:&quot;classic&quot;}\">\n\t\t\t<div class=\"elementor-widget-wrap elementor-element-populated\">\n\t\t\t\t\t\t<section class=\"wd-negative-gap elementor-section elementor-inner-section elementor-element elementor-element-e3f1e33 elementor-section-boxed elementor-section-height-default elementor-section-height-default\" data-id=\"e3f1e33\" data-element_type=\"section\" data-e-type=\"section\">\n\t\t\t\t\t\t<div class=\"elementor-container elementor-column-gap-default\">\n\t\t\t\t\t<div class=\"elementor-column elementor-col-100 elementor-inner-column elementor-element elementor-element-b24913f\" data-id=\"b24913f\" data-element_type=\"column\" data-e-type=\"column\">\n\t\t\t<div class=\"elementor-widget-wrap elementor-element-populated\">\n\t\t\t\t\t\t<div class=\"elementor-element elementor-element-c491212 elementor-widget elementor-widget-wd_tabs\" data-id=\"c491212\" data-element_type=\"widget\" data-e-type=\"widget\" data-widget_type=\"wd_tabs.default\">\n\t\t\t\t<div class=\"elementor-widget-container\">\n\t\t\t\t\t\t\t<div class=\"wd-tabs tabs-design-default\">\n\t\t\t<div class=\"wd-tabs-header text-center\">\n\t\t\t\t\n\t\t\t\t\n\t\t\t\t<div class=\"wd-nav-wrapper wd-nav-tabs-wrapper wd-mb-action-swipe\">\n\t\t\t\t\t<ul class=\"wd-nav wd-nav-tabs wd-icon-pos-left wd-style-underline\">\n\t\t\t\t\t\t\t\t\t\t\t\t\t\n\t\t\t\t\t\t\t<li>\n\t\t\t\t\t\t\t\t<a href=\"#\" class=\"wd-nav-link\">\n\t\t\t\t\t\t\t\t\t\n\t\t\t\t\t\t\t\t\t<span class=\"nav-link-text wd-tabs-title\">\n\t\t\t\t\t\t\t\t\t\tDESCRIPCI\u00d3N\t\t\t\t\t\t\t\t\t<\/span>\n\t\t\t\t\t\t\t\t<\/a>\n\t\t\t\t\t\t\t<\/li>\n\n\t\t\t\t\t\t\t\t\t\t\t\t\t\n\t\t\t\t\t\t\t<li>\n\t\t\t\t\t\t\t\t<a href=\"#\" class=\"wd-nav-link\">\n\t\t\t\t\t\t\t\t\t\n\t\t\t\t\t\t\t\t\t<span class=\"nav-link-text wd-tabs-title\">\n\t\t\t\t\t\t\t\t\t\tESPECIFICACIONES\t\t\t\t\t\t\t\t\t<\/span>\n\t\t\t\t\t\t\t\t<\/a>\n\t\t\t\t\t\t\t<\/li>\n\n\t\t\t\t\t\t\t\t\t\t\t<\/ul>\n\t\t\t\t<\/div>\n\t\t\t<\/div>\n\n\t\t\t<div class=\"wd-tabs-content-wrapper\">\n\t\t\t\t\t\t\t\t\t\t\t\t\t\t\n\t\t\t\t\t<div class=\"wd-tab-content wd-entry-content\">\n\t\t\t\t\t\t\t\t\t\t\t\t\t<div >\n\t\t\t\t\t\t\t\t<h2>VENTAJAS<\/h2><ul><li class=\"ulBgColor\">Sistema todo-en-uno con inversor off-grid + bater\u00eda de litio<\/li><li>Salida senoidal pura<\/li><li class=\"ulBgColor\">Regulador solar MPPT de ALTA POTENCIA incorporado<\/li><li>Pantalla con color LCD de 5\" con botones t\u00e1ctiles<\/li><li class=\"ulBgColor\">LED anular multicolor RGB personalizable<\/li><li>Dise\u00f1o para operaci\u00f3n continua las 24 horas<\/li><li class=\"ulBgColor\">Prioridad seleccionable (red\/grupo, solar o bater\u00edas)<\/li><li>Alta eficiencia para ahorrar energ\u00eda<\/li><li class=\"ulBgColor\">Arranque de grupo electr\u00f3geno (dispone de salida de contactos secos para el arranque de un generador autom\u00e1ticamente)<\/li><li>Funcionamiento en paralelo hasta 3 unidades (Placa para paralelizar integrada en el equipo)<\/li><li class=\"ulBgColor\">Monitoreo v\u00eda WiFi incorporado (Aplicaci\u00f3n para Android y iOS disponibles desde Play Store y App Store)<\/li><li>Las bater\u00edas y el inversor se comunican entre s\u00ed sin problema para trabajar conjuntamente de forma \u00f3ptima<\/li><li class=\"ulBgColor\">Permite guardar reportes de funcionamiento en pendrive USB<\/li><li>M\u00f3dulo de bater\u00eda estandarizado de alta calidad y expandible hasta 10 unidades<\/li><li class=\"ulBgColor\">M\u00f3dulo de bater\u00eda con una vida \u00fatil m\u00e1xima de 8000 ciclos<\/li><li>Bater\u00eda de calidad superior con una vida \u00fatil larga y capacidad de descarga instant\u00e1nea de hasta 192A<\/li><\/ul><p>\u00a0<\/p><h2>SOBRE SISTEMAS DE ALMACENAMIENTO DE ENERG\u00cdA TODO-EN UNO (ESS)<\/h2><p>El sistema de almacenamiento de energ\u00eda es un sistema todo-en-uno que consiste en un inversor off-grid (sin conexi\u00f3n a red) con backup o h\u00edbrido, un cargador de bater\u00eda, un regulador solar MPPT (puede ser de m\u00faltiples entradas) y un grupo de bater\u00edas de litio. Estos elementos se comunican entre s\u00ed y se ajustan sus acciones de forma din\u00e1mica para ofrecer energ\u00eda al hogar o cualquier otro tipo de instalaciones en todo tiempo.<\/p><p>En los \u00faltimos a\u00f1os estos dispositivos se han hecho muy populares en pa\u00edses desarrollados tales como Estados Unidos, Europa y Jap\u00f3n porque ofrece una integraci\u00f3n f\u00e1cil y completa del sistema fotovoltaico a las viviendas\/comercios, facilitando la instalaci\u00f3n y el mantenimiento del mismo. Ya que todos los elementos son fabricados por la misma compa\u00f1\u00eda y puestos en prueba en conjunto en su laboratorio, la integraci\u00f3n est\u00e1 garantizada. De esta forma nos libera de las preocupaciones con respecto a la compatibilidad entre distintos elementos de un sistema fotovoltaico. Adem\u00e1s, cuenta con un dise\u00f1o m\u00e1s est\u00e9tico, limpio y compacto. El f\u00e1cil acceso a este tipo de sistemas nos permite realizar todos los ajustes y mantenimiento en un solo lugar sin tener que lidiar con muchos equipos y cables, y con el Wifi integrado podemos monitorear y cambiar los par\u00e1metros con comodidad.<\/p><p>Para establecer un sistema de almacenamiento de energ\u00eda, primero elegimos el inversor-cargador a utilizar, que tambi\u00e9n sirve como el centro de comando del sistema, y luego le ponemos m\u00f3dulos de bater\u00eda ESS seg\u00fan la capacidad de respaldo que necesitamos. Podemos incluso agregar m\u00e1s m\u00f3dulos de bater\u00eda al sistema en el futuro para expandir la capacidad de almacenamiento. La instalaci\u00f3n ser\u00e1 f\u00e1cil y r\u00e1pida.<\/p>\t\t\t\t\t\t\t<\/div>\n\t\t\t\t\t\t\t\t\t\t\t<\/div>\n\n\t\t\t\t\t\t\t\t\t\t\t\t\t\t\n\t\t\t\t\t<div class=\"wd-tab-content wd-entry-content\">\n\t\t\t\t\t\t\t\t\t\t\t\t\t<div >\n\t\t\t\t\t\t\t\t<table>\n<tbody>\n<tr>\n<td class=\"tbLeft\">Modelo<\/td>\n<td>IESS-8K-48<\/td>\n<\/tr>\n<tr>\n<td class=\"tbLeft\">Potencia continua<\/td>\n<td>8000VA \/ 8000W<\/td>\n<\/tr>\n<tr class=\"tbBorderNone\">\n<td class=\"tbLeft\">Funci\u00f3n en paralelo<\/td>\n<td>Hasta 3 unidades<\/td>\n<\/tr>\n<tr class=\"tbBorderNone\">\n<td class=\"tbTit\" colspan=\"2\">Entrada<\/td>\n<\/tr>\n<tr>\n<td class=\"tbLeft\">Voltaje nominal<\/td>\n<td>230VCA<\/td>\n<\/tr>\n<tr>\n<td class=\"tbLeft\">Rango de voltaje aceptable<\/td>\n<td>90 ~ 280VCA<\/td>\n<\/tr>\n<tr>\n<td class=\"tbLeft\">Frecuencia<\/td>\n<td>50 \/ 60Hz (reconocimiento autom\u00e1tico)<\/td>\n<\/tr>\n<tr class=\"tbBorderNone\">\n<td class=\"tbLeft\">Autoconsumo<\/td>\n<td>&lt;75W<\/td>\n<\/tr>\n<tr class=\"tbBorderNone\">\n<td class=\"tbTit\" colspan=\"2\">Salida<\/td>\n<\/tr>\n<tr>\n<td class=\"tbLeft\">Regulaci\u00f3n de voltaje (modo inversor)<\/td>\n<td>230VCA<\/td>\n<\/tr>\n<tr>\n<td class=\"tbLeft\">Potencia de pico<\/td>\n<td>16000VA<\/td>\n<\/tr>\n<tr>\n<td class=\"tbLeft\">Tiempo de transferencia<\/td>\n<td>15ms ~ 20ms<\/td>\n<\/tr>\n<tr class=\"tbBorderNone\">\n<td class=\"tbLeft\">Forma de onda<\/td>\n<td>Senoidal pura<\/td>\n<\/tr>\n<tr class=\"tbBorderNone\">\n<td class=\"tbTit\" colspan=\"2\">CARGADOR Y REGULADOR SOLAR<\/td>\n<\/tr>\n<tr>\n<td class=\"tbLeft\">Tipo<\/td>\n<td>MPPT<\/td>\n<\/tr>\n<tr>\n<td class=\"tbLeft\">Potencia m\u00e1xima de panel<\/td>\n<td>8000W (4000W x 2)<\/td>\n<\/tr>\n<tr>\n<td class=\"tbLeft\">Voltaje de entrada MPPT<\/td>\n<td>90VCC ~ 450VCC<\/td>\n<\/tr>\n<tr>\n<td class=\"tbLeft\">Voltaje de entrada nominal (m\u00ednimo)<\/td>\n<td colspan=\"2\">360VCC<\/td>\n<\/tr>\n<tr>\n<td class=\"tbLeft\">Voltaje de entrada m\u00e1ximo<\/td>\n<td colspan=\"2\">500VCC<\/td>\n<\/tr>\n\n<tr>\n<td class=\"tbLeft\">Corriente m\u00e1xima - regulador solar<\/td>\n<td>150A<\/td>\n<\/tr>\n<tr>\n<td class=\"tbLeft\">Corriente m\u00e1xima - cargador (CA)<\/td>\n<td>120A<\/td>\n<\/tr>\n<tr>\n<td class=\"tbLeft\">Corriente m\u00e1xima - cargador (CA+Solar)<\/td>\n<td>150A<\/td>\n<\/tr>\n<tr>\n<td class=\"tbLeft\">Corriente de entrada M\u00e1xima desde Paneles (Isc)<\/td>\n<td>18A x 2<\/td>\n<\/tr>\n<tr class=\"tbBorderNone\">\n<td class=\"tbLeft\">Eficiencia<\/td>\n<td>93%<\/td>\n<\/tr>\n<tr>\n<td class=\"tbTit\" colspan=\"2\">Ambiente<\/td>\n<\/tr>\n<tr>\n<td class=\"tbLeft\">Temperatura de operaci\u00f3n<\/td>\n<td>-10 ~ 50 \u00b0C<\/td>\n<\/tr>\n<tr class=\"tbBorderNone\">\n<td class=\"tbLeft\">Humedad relativa<\/td>\n<td>5 ~ 95% (sin condensaci\u00f3n)<\/td>\n<\/tr>\n<tr>\n<td class=\"tbTit\" colspan=\"2\">Especificaciones f\u00edsicas<\/td>\n<\/tr>\n<tr>\n<td class=\"tbLeft\">Puerto de comunicaci\u00f3n<\/td>\n<td>USB \/ RS232 \/ RS485 \/ WiFi \/ Dry-contact<\/td>\n<\/tr>\n<tr>\n<td class=\"tbLeft\">Dimensiones (mm)<\/td>\n<td>214 x 621 x 500<\/td>\n<\/tr>\n<tr class=\"tbBorderNone\">\n<td class=\"tbLeft\">Peso neto (kg)<\/td>\n<td>25<\/td>\n<\/tr>\n<tr>\n<td class=\"tbTit\" colspan=\"2\">M\u00f3dulo de bater\u00eda requerido (no incluido)<\/td>\n<\/tr>\n<tr class=\"tbBorderNone\">\n<td class=\"tbLeft\">Modelo<\/td>\n<td>ESS II-4810<\/td>\n<\/tr>\n<tr class=\"tbBorderNone\">\n<td class=\"tbSubTit\" colspan=\"2\">Especificaciones t\u00e9cnicas<\/td>\n<\/tr>\n<tr>\n<td class=\"tbLeft\">Tensi\u00f3n nominal<\/td>\n<td>48VCC<\/td>\n<\/tr>\n<tr>\n<td class=\"tbLeft\">Capacidad nominal<\/td>\n<td>4800Wh<\/td>\n<\/tr>\n<tr>\n<td class=\"tbLeft\">Rango de voltaje<\/td>\n<td>36.8VCC ~ 56VCC<\/td>\n<\/tr>\n<tr>\n<td class=\"tbLeft\">Corriente de carga normal<\/td>\n<td>20A (0.2C)<\/td>\n<\/tr>\n<tr>\n<td class=\"tbLeft\">Corriente de carga m\u00e1xima<\/td>\n<td>50A (0.5C)<\/td>\n<\/tr>\n<tr>\n<td class=\"tbLeft\">Corriente continua de descarga<\/td>\n<td>150A<\/td>\n<\/tr>\n<tr>\n<td class=\"tbLeft\">Corriente continua de descarga (pico)<\/td>\n<td>192A a 1min<\/td>\n<\/tr>\n<tr>\n<td class=\"tbLeft\">Resistencia interna<\/td>\n<td>&lt;20m ohm<\/td>\n<\/tr>\n<tr>\n<td class=\"tbLeft\">Dimensiones (mm)<\/td>\n<td>214 x 621 x 550<\/td>\n<\/tr>\n<tr>\n<td class=\"tbLeft\">Peso neto (kg)<\/td>\n<td>55<\/td>\n<\/tr>\n<\/tbody>\n<\/table>\t\t\t\t\t\t\t<\/div>\n\t\t\t\t\t\t\t\t\t\t\t<\/div>\n\n\t\t\t\t\t\t\t<\/div>\n\t\t<\/div>\n\t\t\t\t\t\t<\/div>\n\t\t\t\t<\/div>\n\t\t\t\t\t<\/div>\n\t\t<\/div>\n\t\t\t\t\t<\/div>\n\t\t<\/section>\n\t\t\t\t\t<\/div>\n\t\t<\/div>\n\t\t\t\t\t<\/div>\n\t\t<\/section>\n\t\t\t\t<section class=\"wd-negative-gap elementor-section elementor-top-section elementor-element elementor-element-2f2e2bc Link_Buttons elementor-section-boxed elementor-section-height-default elementor-section-height-default\" data-id=\"2f2e2bc\" data-element_type=\"section\" data-e-type=\"section\" data-settings=\"{&quot;background_background&quot;:&quot;classic&quot;}\">\n\t\t\t\t\t\t<div class=\"elementor-container elementor-column-gap-custom\">\n\t\t\t\t\t<div class=\"elementor-column elementor-col-20 elementor-top-column elementor-element elementor-element-39a9263\" data-id=\"39a9263\" data-element_type=\"column\" data-e-type=\"column\">\n\t\t\t<div class=\"elementor-widget-wrap elementor-element-populated\">\n\t\t\t\t\t\t<div class=\"elementor-element elementor-element-be8b7d5 elementor-view-framed elementor-shape-circle elementor-position-block-start elementor-mobile-position-block-start elementor-widget elementor-widget-icon-box\" data-id=\"be8b7d5\" data-element_type=\"widget\" data-e-type=\"widget\" data-widget_type=\"icon-box.default\">\n\t\t\t\t\t\t\t<div class=\"elementor-icon-box-wrapper\">\n\n\t\t\t\t\t\t<div class=\"elementor-icon-box-icon\">\n\t\t\t\t<a href=\"https:\/\/enertik.com\/ar\/wp-content\/uploads\/sites\/2\/documentos\/manuales\/manual-inversor-iess-8k-48.pdf\" target=\"_blank\" class=\"elementor-icon\" tabindex=\"-1\">\n\t\t\t\t<svg aria-hidden=\"true\" class=\"e-font-icon-svg e-fas-book\" viewBox=\"0 0 448 512\" xmlns=\"http:\/\/www.w3.org\/2000\/svg\"><path d=\"M448 360V24c0-13.3-10.7-24-24-24H96C43 0 0 43 0 96v320c0 53 43 96 96 96h328c13.3 0 24-10.7 24-24v-16c0-7.5-3.5-14.3-8.9-18.7-4.2-15.4-4.2-59.3 0-74.7 5.4-4.3 8.9-11.1 8.9-18.6zM128 134c0-3.3 2.7-6 6-6h212c3.3 0 6 2.7 6 6v20c0 3.3-2.7 6-6 6H134c-3.3 0-6-2.7-6-6v-20zm0 64c0-3.3 2.7-6 6-6h212c3.3 0 6 2.7 6 6v20c0 3.3-2.7 6-6 6H134c-3.3 0-6-2.7-6-6v-20zm253.4 250H96c-17.7 0-32-14.3-32-32 0-17.6 14.4-32 32-32h285.4c-1.9 17.1-1.9 46.9 0 64z\"><\/path><\/svg>\t\t\t\t<\/a>\n\t\t\t<\/div>\n\t\t\t\n\t\t\t\t\t\t<div class=\"elementor-icon-box-content\">\n\n\t\t\t\t\n\t\t\t\t\t\t\t\t\t<p class=\"elementor-icon-box-description\">\n\t\t\t\t\t\tMANUAL\t\t\t\t\t<\/p>\n\t\t\t\t\n\t\t\t<\/div>\n\t\t\t\n\t\t<\/div>\n\t\t\t\t\t\t<\/div>\n\t\t\t\t\t<\/div>\n\t\t<\/div>\n\t\t\t\t<div class=\"elementor-column elementor-col-20 elementor-top-column elementor-element elementor-element-f2bb46e\" data-id=\"f2bb46e\" data-element_type=\"column\" data-e-type=\"column\">\n\t\t\t<div class=\"elementor-widget-wrap elementor-element-populated\">\n\t\t\t\t\t\t<div class=\"elementor-element elementor-element-f033377 elementor-view-framed elementor-shape-circle elementor-position-block-start elementor-mobile-position-block-start elementor-widget elementor-widget-icon-box\" data-id=\"f033377\" data-element_type=\"widget\" data-e-type=\"widget\" data-widget_type=\"icon-box.default\">\n\t\t\t\t\t\t\t<div class=\"elementor-icon-box-wrapper\">\n\n\t\t\t\t\t\t<div class=\"elementor-icon-box-icon\">\n\t\t\t\t<a href=\"https:\/\/enertik.com\/ar\/wp-content\/uploads\/sites\/2\/documentos\/manuales\/accesorios-necesarios-inversor-iess-8k-48.pdf\" target=\"_blank\" class=\"elementor-icon\" tabindex=\"-1\">\n\t\t\t\t<svg aria-hidden=\"true\" class=\"e-font-icon-svg e-fas-project-diagram\" viewBox=\"0 0 640 512\" xmlns=\"http:\/\/www.w3.org\/2000\/svg\"><path d=\"M384 320H256c-17.67 0-32 14.33-32 32v128c0 17.67 14.33 32 32 32h128c17.67 0 32-14.33 32-32V352c0-17.67-14.33-32-32-32zM192 32c0-17.67-14.33-32-32-32H32C14.33 0 0 14.33 0 32v128c0 17.67 14.33 32 32 32h95.72l73.16 128.04C211.98 300.98 232.4 288 256 288h.28L192 175.51V128h224V64H192V32zM608 0H480c-17.67 0-32 14.33-32 32v128c0 17.67 14.33 32 32 32h128c17.67 0 32-14.33 32-32V32c0-17.67-14.33-32-32-32z\"><\/path><\/svg>\t\t\t\t<\/a>\n\t\t\t<\/div>\n\t\t\t\n\t\t\t\t\t\t<div class=\"elementor-icon-box-content\">\n\n\t\t\t\t\n\t\t\t\t\t\t\t\t\t<p class=\"elementor-icon-box-description\">\n\t\t\t\t\t\tFORMA DE CONEXI\u00d3N\t\t\t\t\t<\/p>\n\t\t\t\t\n\t\t\t<\/div>\n\t\t\t\n\t\t<\/div>\n\t\t\t\t\t\t<\/div>\n\t\t\t\t\t<\/div>\n\t\t<\/div>\n\t\t\t\t<div class=\"elementor-column elementor-col-20 elementor-top-column elementor-element elementor-element-0cbb181\" data-id=\"0cbb181\" data-element_type=\"column\" data-e-type=\"column\">\n\t\t\t<div class=\"elementor-widget-wrap elementor-element-populated\">\n\t\t\t\t\t\t<div class=\"elementor-element elementor-element-885278e elementor-view-framed elementor-shape-circle elementor-position-block-start elementor-mobile-position-block-start elementor-widget elementor-widget-icon-box\" data-id=\"885278e\" data-element_type=\"widget\" data-e-type=\"widget\" data-widget_type=\"icon-box.default\">\n\t\t\t\t\t\t\t<div class=\"elementor-icon-box-wrapper\">\n\n\t\t\t\t\t\t<div class=\"elementor-icon-box-icon\">\n\t\t\t\t<a href=\"https:\/\/play.google.com\/store\/apps\/details?id=com.eybond.smartclient.energymate\" target=\"_blank\" class=\"elementor-icon\" tabindex=\"-1\" rel=\"noopener\">\n\t\t\t\t<svg aria-hidden=\"true\" class=\"e-font-icon-svg e-fab-google-play\" viewBox=\"0 0 512 512\" xmlns=\"http:\/\/www.w3.org\/2000\/svg\"><path d=\"M325.3 234.3L104.6 13l280.8 161.2-60.1 60.1zM47 0C34 6.8 25.3 19.2 25.3 35.3v441.3c0 16.1 8.7 28.5 21.7 35.3l256.6-256L47 0zm425.2 225.6l-58.9-34.1-65.7 64.5 65.7 64.5 60.1-34.1c18-14.3 18-46.5-1.2-60.8zM104.6 499l280.8-161.2-60.1-60.1L104.6 499z\"><\/path><\/svg>\t\t\t\t<\/a>\n\t\t\t<\/div>\n\t\t\t\n\t\t\t\t\t\t<div class=\"elementor-icon-box-content\">\n\n\t\t\t\t\n\t\t\t\t\t\t\t\t\t<p class=\"elementor-icon-box-description\">\n\t\t\t\t\t\tAPP ANDROID\t\t\t\t\t<\/p>\n\t\t\t\t\n\t\t\t<\/div>\n\t\t\t\n\t\t<\/div>\n\t\t\t\t\t\t<\/div>\n\t\t\t\t\t<\/div>\n\t\t<\/div>\n\t\t\t\t<div class=\"elementor-column elementor-col-20 elementor-top-column elementor-element elementor-element-afea445\" data-id=\"afea445\" data-element_type=\"column\" data-e-type=\"column\">\n\t\t\t<div class=\"elementor-widget-wrap elementor-element-populated\">\n\t\t\t\t\t\t<div class=\"elementor-element elementor-element-52c37ae elementor-view-framed elementor-shape-circle elementor-position-block-start elementor-mobile-position-block-start elementor-widget elementor-widget-icon-box\" data-id=\"52c37ae\" data-element_type=\"widget\" data-e-type=\"widget\" data-widget_type=\"icon-box.default\">\n\t\t\t\t\t\t\t<div class=\"elementor-icon-box-wrapper\">\n\n\t\t\t\t\t\t<div class=\"elementor-icon-box-icon\">\n\t\t\t\t<a href=\"https:\/\/apps.apple.com\/app\/energy-mate\/id1672569936\" target=\"_blank\" class=\"elementor-icon\" tabindex=\"-1\" rel=\"noopener\">\n\t\t\t\t<svg aria-hidden=\"true\" class=\"e-font-icon-svg e-fab-app-store-ios\" viewBox=\"0 0 448 512\" xmlns=\"http:\/\/www.w3.org\/2000\/svg\"><path d=\"M400 32H48C21.5 32 0 53.5 0 80v352c0 26.5 21.5 48 48 48h352c26.5 0 48-21.5 48-48V80c0-26.5-21.5-48-48-48zM127 384.5c-5.5 9.6-17.8 12.8-27.3 7.3-9.6-5.5-12.8-17.8-7.3-27.3l14.3-24.7c16.1-4.9 29.3-1.1 39.6 11.4L127 384.5zm138.9-53.9H84c-11 0-20-9-20-20s9-20 20-20h51l65.4-113.2-20.5-35.4c-5.5-9.6-2.2-21.8 7.3-27.3 9.6-5.5 21.8-2.2 27.3 7.3l8.9 15.4 8.9-15.4c5.5-9.6 17.8-12.8 27.3-7.3 9.6 5.5 12.8 17.8 7.3 27.3l-85.8 148.6h62.1c20.2 0 31.5 23.7 22.7 40zm98.1 0h-29l19.6 33.9c5.5 9.6 2.2 21.8-7.3 27.3-9.6 5.5-21.8 2.2-27.3-7.3-32.9-56.9-57.5-99.7-74-128.1-16.7-29-4.8-58 7.1-67.8 13.1 22.7 32.7 56.7 58.9 102h52c11 0 20 9 20 20 0 11.1-9 20-20 20z\"><\/path><\/svg>\t\t\t\t<\/a>\n\t\t\t<\/div>\n\t\t\t\n\t\t\t\t\t\t<div class=\"elementor-icon-box-content\">\n\n\t\t\t\t\n\t\t\t\t\t\t\t\t\t<p class=\"elementor-icon-box-description\">\n\t\t\t\t\t\tAPP IOS\t\t\t\t\t<\/p>\n\t\t\t\t\n\t\t\t<\/div>\n\t\t\t\n\t\t<\/div>\n\t\t\t\t\t\t<\/div>\n\t\t\t\t\t<\/div>\n\t\t<\/div>\n\t\t\t\t<div class=\"elementor-column elementor-col-20 elementor-top-column elementor-element elementor-element-9195ec3\" data-id=\"9195ec3\" data-element_type=\"column\" data-e-type=\"column\">\n\t\t\t<div class=\"elementor-widget-wrap elementor-element-populated\">\n\t\t\t\t\t\t<div class=\"elementor-element elementor-element-db41f7c elementor-view-framed elementor-shape-circle elementor-position-block-start elementor-mobile-position-block-start elementor-widget elementor-widget-icon-box\" data-id=\"db41f7c\" data-element_type=\"widget\" data-e-type=\"widget\" data-widget_type=\"icon-box.default\">\n\t\t\t\t\t\t\t<div class=\"elementor-icon-box-wrapper\">\n\n\t\t\t\t\t\t<div class=\"elementor-icon-box-icon\">\n\t\t\t\t<a href=\"https:\/\/enertik.com\/wp-content\/uploads\/sites\/2\/documentos\/manuales\/energy-mate-app-user-manual-20230628.pdf\" target=\"_blank\" class=\"elementor-icon\" tabindex=\"-1\">\n\t\t\t\t<svg aria-hidden=\"true\" class=\"e-font-icon-svg e-fas-book\" viewBox=\"0 0 448 512\" xmlns=\"http:\/\/www.w3.org\/2000\/svg\"><path d=\"M448 360V24c0-13.3-10.7-24-24-24H96C43 0 0 43 0 96v320c0 53 43 96 96 96h328c13.3 0 24-10.7 24-24v-16c0-7.5-3.5-14.3-8.9-18.7-4.2-15.4-4.2-59.3 0-74.7 5.4-4.3 8.9-11.1 8.9-18.6zM128 134c0-3.3 2.7-6 6-6h212c3.3 0 6 2.7 6 6v20c0 3.3-2.7 6-6 6H134c-3.3 0-6-2.7-6-6v-20zm0 64c0-3.3 2.7-6 6-6h212c3.3 0 6 2.7 6 6v20c0 3.3-2.7 6-6 6H134c-3.3 0-6-2.7-6-6v-20zm253.4 250H96c-17.7 0-32-14.3-32-32 0-17.6 14.4-32 32-32h285.4c-1.9 17.1-1.9 46.9 0 64z\"><\/path><\/svg>\t\t\t\t<\/a>\n\t\t\t<\/div>\n\t\t\t\n\t\t\t\t\t\t<div class=\"elementor-icon-box-content\">\n\n\t\t\t\t\n\t\t\t\t\t\t\t\t\t<p class=\"elementor-icon-box-description\">\n\t\t\t\t\t\tMANUAL DE LA APP\t\t\t\t\t<\/p>\n\t\t\t\t\n\t\t\t<\/div>\n\t\t\t\n\t\t<\/div>\n\t\t\t\t\t\t<\/div>\n\t\t\t\t\t<\/div>\n\t\t<\/div>\n\t\t\t\t\t<\/div>\n\t\t<\/section>\n\t\t\t\t<\/div>\n\t\t","protected":false},"excerpt":{"rendered":"<p>(Sistema de 8kW sin conexi\u00f3n a red)<br \/>\nInversor de ESS + M\u00f3dulo(s) de Bater\u00edas de ESS = Sistema de Almacenamiento de Energ\u00eda (ESS)<br \/>\nEste producto contiene: Inversor de ESS + 1 M\u00f3dulo de Bater\u00eda de ESS<\/p>\n<p>El sistema de almacenamiento de energ\u00eda es un sistema todo-en-uno que consiste en un inversor off-grid (sin conexi\u00f3n a red) con backup o h\u00edbrido, un cargador de bater\u00eda, un regulador solar MPPT (puede ser de m\u00faltiples entradas) y un grupo de bater\u00edas de litio. Estos elementos se comunican entre s\u00ed y se ajustan sus acciones de forma din\u00e1mica para ofrecer energ\u00eda al hogar o cualquier otro tipo de instalaciones en todo tiempo. Dado que son elementos modulares, su instalaci\u00f3n y mantenimiento ser\u00e1 mucho m\u00e1s f\u00e1cil que un sistema con todos los aparatos separados. Esta caracter\u00edstica tambi\u00e9n nos libera de la preocupaci\u00f3n sobre la compatibilidad y comunicaci\u00f3n con las bater\u00edas de litio.<\/p>\n","protected":false},"featured_media":9405,"comment_status":"open","ping_status":"closed","template":"","meta":{"_relevanssi_hide_post":"","_relevanssi_hide_content":"","_relevanssi_pin_for_all":"","_relevanssi_pin_keywords":"","_relevanssi_unpin_keywords":"","_relevanssi_related_keywords":"","_relevanssi_related_include_ids":"","_relevanssi_related_exclude_ids":"","_relevanssi_related_no_append":"","_relevanssi_related_not_related":"","_relevanssi_related_posts":"","_relevanssi_noindex_reason":"","inline_featured_image":false},"product_brand":[],"product_cat":[1723,1732],"product_tag":[1958],"class_list":{"0":"post-11711","1":"product","2":"type-product","3":"status-publish","4":"has-post-thumbnail","6":"product_cat-inversores-cargadores","7":"product_cat-almacenamiento-ess","8":"product_tag-nuevos","9":"pa_gtin-4171","10":"pa_marca-enertik","11":"pa_marca-voltronic","12":"pa_mpn-iess-8k-48","13":"pa_potencia-8000w","14":"pa_serie-serie-iess","15":"pa_voltaje-48v","17":"first","18":"instock","19":"sale","20":"taxable","21":"shipping-taxable","22":"purchasable","23":"product-type-simple"},"bundled_by":[],"bundle_stock_status":"instock","bundle_stock_quantity":2,"bundle_virtual":false,"bundle_layout":"","bundle_add_to_cart_form_location":"","bundle_editable_in_cart":false,"bundle_sold_individually_context":"","bundle_item_grouping":"","bundle_min_size":"","bundle_max_size":"","bundle_price":[],"bundled_items":[],"bundle_sell_ids":[],"group_of_quantity":0,"min_quantity":0,"max_quantity":"","exclude_order_quantity_value_rules":"no","exclude_category_quantity_rules":"no","combine_variations":"no","exclude_global_add_ons":[],"addons":[],"_links":{"self":[{"href":"https:\/\/enertik.com\/cl\/wp-json\/wp\/v2\/product\/11711","targetHints":{"allow":["GET"]}}],"collection":[{"href":"https:\/\/enertik.com\/cl\/wp-json\/wp\/v2\/product"}],"about":[{"href":"https:\/\/enertik.com\/cl\/wp-json\/wp\/v2\/types\/product"}],"replies":[{"embeddable":true,"href":"https:\/\/enertik.com\/cl\/wp-json\/wp\/v2\/comments?post=11711"}],"version-history":[{"count":0,"href":"https:\/\/enertik.com\/cl\/wp-json\/wp\/v2\/product\/11711\/revisions"}],"wp:featuredmedia":[{"embeddable":true,"href":"https:\/\/enertik.com\/cl\/wp-json\/wp\/v2\/media\/9405"}],"wp:attachment":[{"href":"https:\/\/enertik.com\/cl\/wp-json\/wp\/v2\/media?parent=11711"}],"wp:term":[{"taxonomy":"product_brand","embeddable":true,"href":"https:\/\/enertik.com\/cl\/wp-json\/wp\/v2\/product_brand?post=11711"},{"taxonomy":"product_cat","embeddable":true,"href":"https:\/\/enertik.com\/cl\/wp-json\/wp\/v2\/product_cat?post=11711"},{"taxonomy":"product_tag","embeddable":true,"href":"https:\/\/enertik.com\/cl\/wp-json\/wp\/v2\/product_tag?post=11711"}],"curies":[{"name":"wp","href":"https:\/\/api.w.org\/{rel}","templated":true}]}}