{"id":11697,"date":"2023-02-21T11:24:10","date_gmt":"2023-02-21T14:24:10","guid":{"rendered":"https:\/\/test.enertik.com\/cl\/?post_type=product&#038;p=11697"},"modified":"2026-04-09T04:31:26","modified_gmt":"2026-04-09T08:31:26","slug":"sistema-de-almacenamiento-ess-hibrido-5-5kw-48v","status":"publish","type":"product","link":"https:\/\/enertik.com\/cl\/tienda\/respaldo-de-energia\/inversores-con-bateria-ess\/sistema-de-almacenamiento-ess-hibrido-55kw-48v\/","title":{"rendered":"Sistema de Almacenamiento ESS &#8211; H\u00edbrido 5.5KW 48V"},"content":{"rendered":"\t\t<div data-elementor-type=\"product-post\" data-elementor-id=\"11697\" class=\"elementor elementor-11697\" data-elementor-post-type=\"product\">\n\t\t\t\t\t\t<section class=\"wd-negative-gap elementor-section elementor-top-section elementor-element elementor-element-6b63ea6 Product_Description elementor-section-boxed elementor-section-height-default elementor-section-height-default\" data-id=\"6b63ea6\" data-element_type=\"section\" data-e-type=\"section\">\n\t\t\t\t\t\t<div class=\"elementor-container elementor-column-gap-default\">\n\t\t\t\t\t<div class=\"elementor-column elementor-col-100 elementor-top-column elementor-element elementor-element-0501fc7\" data-id=\"0501fc7\" data-element_type=\"column\" data-e-type=\"column\" data-settings=\"{&quot;background_background&quot;:&quot;classic&quot;}\">\n\t\t\t<div class=\"elementor-widget-wrap elementor-element-populated\">\n\t\t\t\t\t\t<section class=\"wd-negative-gap elementor-section elementor-inner-section elementor-element elementor-element-6ddc1a0 elementor-section-boxed elementor-section-height-default elementor-section-height-default\" data-id=\"6ddc1a0\" data-element_type=\"section\" data-e-type=\"section\">\n\t\t\t\t\t\t<div class=\"elementor-container elementor-column-gap-default\">\n\t\t\t\t\t<div class=\"elementor-column elementor-col-100 elementor-inner-column elementor-element elementor-element-a998338\" data-id=\"a998338\" data-element_type=\"column\" data-e-type=\"column\">\n\t\t\t<div class=\"elementor-widget-wrap elementor-element-populated\">\n\t\t\t\t\t\t<div class=\"elementor-element elementor-element-dfac343 elementor-widget elementor-widget-wd_tabs\" data-id=\"dfac343\" data-element_type=\"widget\" data-e-type=\"widget\" data-widget_type=\"wd_tabs.default\">\n\t\t\t\t<div class=\"elementor-widget-container\">\n\t\t\t\t\t\t\t<div class=\"wd-tabs tabs-design-default\">\n\t\t\t<div class=\"wd-tabs-header text-center\">\n\t\t\t\t\n\t\t\t\t\n\t\t\t\t<div class=\"wd-nav-wrapper wd-nav-tabs-wrapper wd-mb-action-swipe\">\n\t\t\t\t\t<ul class=\"wd-nav wd-nav-tabs wd-icon-pos-left wd-style-underline\">\n\t\t\t\t\t\t\t\t\t\t\t\t\t\n\t\t\t\t\t\t\t<li>\n\t\t\t\t\t\t\t\t<a href=\"#\" class=\"wd-nav-link\">\n\t\t\t\t\t\t\t\t\t\n\t\t\t\t\t\t\t\t\t<span class=\"nav-link-text wd-tabs-title\">\n\t\t\t\t\t\t\t\t\t\tDESCRIPCI\u00d3N\t\t\t\t\t\t\t\t\t<\/span>\n\t\t\t\t\t\t\t\t<\/a>\n\t\t\t\t\t\t\t<\/li>\n\n\t\t\t\t\t\t\t\t\t\t\t\t\t\n\t\t\t\t\t\t\t<li>\n\t\t\t\t\t\t\t\t<a href=\"#\" class=\"wd-nav-link\">\n\t\t\t\t\t\t\t\t\t\n\t\t\t\t\t\t\t\t\t<span class=\"nav-link-text wd-tabs-title\">\n\t\t\t\t\t\t\t\t\t\tESPECIFICACIONES\t\t\t\t\t\t\t\t\t<\/span>\n\t\t\t\t\t\t\t\t<\/a>\n\t\t\t\t\t\t\t<\/li>\n\n\t\t\t\t\t\t\t\t\t\t\t<\/ul>\n\t\t\t\t<\/div>\n\t\t\t<\/div>\n\n\t\t\t<div class=\"wd-tabs-content-wrapper\">\n\t\t\t\t\t\t\t\t\t\t\t\t\t\t\n\t\t\t\t\t<div class=\"wd-tab-content wd-entry-content\">\n\t\t\t\t\t\t\t\t\t\t\t\t\t<div >\n\t\t\t\t\t\t\t\t<h2>VENTAJAS<\/h2><ul><li class=\"ulBgColor\">Sistema todo-en-uno con inversor h\u00edbrido + bater\u00eda de litio<\/li><li>Salida senoidal pura<\/li><li class=\"ulBgColor\">Prioridad de suministro programable para panel, bater\u00eda o red<\/li><li>Rango de voltaje de entrada seleccionable<\/li><li class=\"ulBgColor\">M\u00faltiples modos de operaci\u00f3n programables: ON-GRID, OFF-GRID y ON-GRID con respaldo<\/li><li>Temporizador incorporado para varios modos de operaci\u00f3n ENCENDIDO \/ APAGADO<\/li><li class=\"ulBgColor\">Las bater\u00edas y el inversor se comunican entre s\u00ed sin problema para trabajar conjuntamente de forma \u00f3ptima<\/li><li>M\u00f3dulo de bater\u00eda estandarizado de alta calidad y expandible hasta 10 unidades<\/li><li class=\"ulBgColor\">M\u00f3dulo de bater\u00eda con una vida \u00fatil m\u00e1xima de 8000 ciclos<\/li><li>Bater\u00eda de calidad superior con una vida \u00fatil larga y capacidad de descarga instant\u00e1nea de hasta 192A<\/li><\/ul><p>\u00a0<\/p><h2>SOBRE SISTEMAS DE ALMACENAMIENTO DE ENERG\u00cdA TODO-EN UNO (ESS)<\/h2><p>El sistema de almacenamiento de energ\u00eda es un sistema todo-en-uno que consiste en un inversor off-grid (sin conexi\u00f3n a red) con backup o h\u00edbrido, un cargador de bater\u00eda, un regulador solar MPPT (puede ser de m\u00faltiples entradas) y un grupo de bater\u00edas de litio. Estos elementos se comunican entre s\u00ed y se ajustan sus acciones de forma din\u00e1mica para ofrecer energ\u00eda al hogar o cualquier otro tipo de instalaciones en todo tiempo.<\/p><p>En los \u00faltimos a\u00f1os estos dispositivos se han hecho muy populares en pa\u00edses desarrollados tales como Estados Unidos, Europa y Jap\u00f3n porque ofrece una integraci\u00f3n f\u00e1cil y completa del sistema fotovoltaico a las viviendas\/comercios, facilitando la instalaci\u00f3n y el mantenimiento del mismo. Ya que todos los elementos son fabricados por la misma compa\u00f1\u00eda y puestos en prueba en conjunto en su laboratorio, la integraci\u00f3n est\u00e1 garantizada. De esta forma nos libera de las preocupaciones con respecto a la compatibilidad entre distintos elementos de un sistema fotovoltaico. Adem\u00e1s, cuenta con un dise\u00f1o m\u00e1s est\u00e9tico, limpio y compacto. El f\u00e1cil acceso a este tipo de sistemas nos permite realizar todos los ajustes y mantenimiento en un solo lugar sin tener que lidiar con muchos equipos y cables, y con el Wifi integrado podemos monitorear y cambiar los par\u00e1metros con comodidad.<\/p><p>Para establecer un sistema de almacenamiento de energ\u00eda, primero elegimos el inversor-cargador a utilizar, que tambi\u00e9n sirve como el centro de comando del sistema, y luego le ponemos m\u00f3dulos de bater\u00eda ESS seg\u00fan la capacidad de respaldo que necesitamos. Podemos incluso agregar m\u00e1s m\u00f3dulos de bater\u00eda al sistema en el futuro para expandir la capacidad de almacenamiento. La instalaci\u00f3n ser\u00e1 f\u00e1cil y r\u00e1pida.<\/p>\t\t\t\t\t\t\t<\/div>\n\t\t\t\t\t\t\t\t\t\t\t<\/div>\n\n\t\t\t\t\t\t\t\t\t\t\t\t\t\t\n\t\t\t\t\t<div class=\"wd-tab-content wd-entry-content\">\n\t\t\t\t\t\t\t\t\t\t\t\t\t<div >\n\t\t\t\t\t\t\t\t<table>\n<tbody>\n<tr>\n<td class=\"tbLeft\">Modelo<\/td>\n<td>HGESS-5.5K-48<\/td>\n<\/tr>\n<tr>\n<td class=\"tbLeft\">Potencia nominal de salida<\/td>\n<td>5500W<\/td>\n<\/tr>\n<tr>\n<td class=\"tbLeft\">Potencia m\u00e1xima de panel<\/td>\n<td>6500W<\/td>\n<\/tr>\n<tr>\n<td class=\"tbLeft\">Potencia m\u00e1xima de carga MPPT<\/td>\n<td>2880W<\/td>\n<\/tr>\n<tr class=\"tbBorderNone\">\n<td class=\"tbLeft\">N\u00famero m\u00e1ximo de m\u00f3dulos de bater\u00edas<\/td>\n<td>10<\/td>\n<\/tr>\n<tr>\n<td class=\"tbTit\" colspan=\"2\">Modo ON-GRID<\/td>\n<\/tr>\n<tr>\n<td class=\"tbSubTit\" colspan=\"2\">Entrada CC \u2013 PV<\/td>\n<\/tr>\n<tr>\n<td class=\"tbLeft\">Voltaje nominal CC<\/td>\n<td>360VCC<\/td>\n<\/tr>\n<tr>\n<td class=\"tbLeft\">Voltaje de entrada m\u00e1ximo<\/td>\n<td>500VCC<\/td>\n<\/tr>\n<tr>\n<td class=\"tbLeft\">Voltaje de arranque<\/td>\n<td>116VCC<\/td>\n<\/tr>\n<tr>\n<td class=\"tbLeft\">Rango de voltaje de MPPT<\/td>\n<td>120 ~ 450VCC<\/td>\n<\/tr>\n<tr class=\"tbBorderNone\">\n<td class=\"tbLeft\">Cantidad de MPPT \/ conexiones p\/MPPT<\/td>\n<td>2 \/ 2 x 13A<\/td>\n<\/tr>\n<tr>\n<td class=\"tbSubTit\" colspan=\"2\">Salida CA<\/td>\n<\/tr>\n<tr>\n<td class=\"tbLeft\">Voltaje de salida<\/td>\n<td>220VCA<\/td>\n<\/tr>\n<tr>\n<td class=\"tbLeft\">Rango de voltaje<\/td>\n<td>184 ~ 264.5VCA<\/td>\n<\/tr>\n<tr>\n<td class=\"tbLeft\">Corriente de salida<\/td>\n<td>23.9A<\/td>\n<\/tr>\n<tr class=\"tbBorderNone\">\n<td class=\"tbLeft\">Factor de potencia<\/td>\n<td>&gt; 0.99<\/td>\n<\/tr>\n<tr>\n<td class=\"tbTit\" colspan=\"2\">Modo OFF-GRID<\/td>\n<\/tr>\n<tr class=\"tbSubTit\">\n<td class=\"tbSubTit\" colspan=\"2\">Entrada<\/td>\n<\/tr>\n<tr>\n<td class=\"tbLeft\">Voltaje de arranque<\/td>\n<td>140VCA<\/td>\n<\/tr>\n<tr>\n<td class=\"tbLeft\">Voltaje de reinicio autom\u00e1tico<\/td>\n<td>180VCA<\/td>\n<\/tr>\n<tr>\n<td class=\"tbLeft\">Rango de voltaje<\/td>\n<td>170 ~ 280VCA<\/td>\n<\/tr>\n<tr class=\"tbBorderNone\">\n<td class=\"tbLeft\">Corriente m\u00e1xima CA<\/td>\n<td>40A<\/td>\n<\/tr>\n<tr class=\"tbSubTit\">\n<td class=\"tbSubTit\" colspan=\"2\">Entrada de panel (CC)<\/td>\n<\/tr>\n<tr>\n<td class=\"tbLeft\">Voltaje nominal CC<\/td>\n<td>360VCC<\/td>\n<\/tr>\n<tr>\n<td class=\"tbLeft\">Voltaje de entrada m\u00e1ximo<\/td>\n<td>500VCC<\/td>\n<\/tr>\n<tr>\n<td class=\"tbLeft\">Rango de voltaje de MPPT<\/td>\n<td>120 ~ 450 VCC<\/td>\n<\/tr>\n<tr class=\"tbBorderNone\">\n<td class=\"tbLeft\">Corriente de entrada m\u00e1xima desde paneles (Isc)<\/td>\n<td>2 X 13A<\/td>\n<\/tr>\n<tr>\n<td class=\"tbSubTit\" colspan=\"2\">Salida modo bater\u00eda (CA)<\/td>\n<\/tr>\n<tr>\n<td class=\"tbLeft\">Voltaje de salida<\/td>\n<td>220VCA<\/td>\n<\/tr>\n<tr class=\"tbBorderNone\">\n<td class=\"tbLeft\">Forma de onda<\/td>\n<td>Senoidal pura<\/td>\n<\/tr>\n<tr>\n<td class=\"tbTit\" colspan=\"2\">Modo H\u00cdBRIDO<\/td>\n<\/tr>\n<tr class=\"td.tbSubTit\">\n<td class=\"tbSubTit\" colspan=\"2\">Entrada de panel (CC)<\/td>\n<\/tr>\n<tr>\n<td class=\"tbLeft\">Voltaje nominal CC<\/td>\n<td>360VCC<\/td>\n<\/tr>\n<tr>\n<td class=\"tbLeft\">Voltaje de entrada m\u00e1ximo<\/td>\n<td>500VCC<\/td>\n<\/tr>\n<tr>\n<td class=\"tbLeft\">Voltaje de arranque<\/td>\n<td>116VCC<\/td>\n<\/tr>\n<tr>\n<td class=\"tbLeft\">Voltaje de trabajo<\/td>\n<td>150VCC<\/td>\n<\/tr>\n<tr>\n<td class=\"tbLeft\">Rango de voltaje de MPPT<\/td>\n<td>120 ~ 450 VCC<\/td>\n<\/tr>\n<tr class=\"tbBorderNone\">\n<td class=\"tbLeft\">Cantidad de MPPT \/ conexiones p\/MPPT<\/td>\n<td>2 \/ 2 X 13A<\/td>\n<\/tr>\n<tr class=\"tbSubTit\">\n<td class=\"tbSubTit\" colspan=\"2\">Salida de red (CA)<\/td>\n<\/tr>\n<tr>\n<td class=\"tbLeft\">Voltaje de salida<\/td>\n<td>220VCA<\/td>\n<\/tr>\n<tr class=\"tbBorderNone\">\n<td class=\"tbLeft\">Corriente de salida<\/td>\n<td>23.9A<\/td>\n<\/tr>\n<tr class=\"tbSubTit\">\n<td class=\"tbSubTit\" colspan=\"2\">Entrada<\/td>\n<\/tr>\n<tr>\n<td class=\"tbLeft\">Voltaje de arranque<\/td>\n<td>140VCA<\/td>\n<\/tr>\n<tr>\n<td class=\"tbLeft\">Voltaje de reinicio autom\u00e1tico<\/td>\n<td>180VCA<\/td>\n<\/tr>\n<tr>\n<td class=\"tbLeft\">Rango de voltaje<\/td>\n<td>170 ~ 280VCA<\/td>\n<\/tr>\n<tr class=\"tbBorderNone\">\n<td class=\"tbLeft\">Corriente m\u00e1xima CA<\/td>\n<td>40A<\/td>\n<\/tr>\n<tr>\n<td class=\"tbSubTit\" colspan=\"2\">Salida modo bater\u00eda (CA)<\/td>\n<\/tr>\n<tr class=\"tbBorderNone\">\n<td class=\"tbLeft\">Voltaje de salida<\/td>\n<td>220VCA<\/td>\n<\/tr>\n<tr>\n<td class=\"tbSubTit\" colspan=\"2\">Bater\u00eda y cargador<\/td>\n<\/tr>\n<tr>\n<td class=\"tbLeft\">Voltaje nominal CC<\/td>\n<td>48VCC<\/td>\n<\/tr>\n<tr class=\"tbBorderNone\">\n<td class=\"tbLeft\">Corriente m\u00e1x. de carga<\/td>\n<td>100A<\/td>\n<\/tr>\n<tr>\n<td class=\"tbTit\" colspan=\"2\">Ambiente<\/td>\n<\/tr>\n<tr>\n<td class=\"tbLeft\">Temperatura de operaci\u00f3n<\/td>\n<td>-10 ~ 55 \u00b0C<\/td>\n<\/tr>\n<tr class=\"tbBorderNone\">\n<td class=\"tbLeft\">Humedad relativa<\/td>\n<td>0 ~ 90% (sin condensaci\u00f3n)<\/td>\n<\/tr>\n<tr>\n<td class=\"tbTit\" colspan=\"2\">Especificaciones f\u00edsicas<\/td>\n<\/tr>\n<tr>\n<td class=\"tbLeft\">Puerto de comunicaci\u00f3n<\/td>\n<td>USB \/ RS232<\/td>\n<\/tr>\n<tr>\n<td class=\"tbLeft\">Dimensiones (mm)<\/td>\n<td>214 x 621 x 500<\/td>\n<\/tr>\n<tr class=\"tbBorderNone\">\n<td class=\"tbLeft\">Peso neto (kg)<\/td>\n<td>25<\/td>\n<\/tr>\n<tr>\n<td class=\"tbTit\" colspan=\"2\">M\u00f3dulo de bater\u00eda<\/td>\n<\/tr>\n<tr class=\"tbBorderNone\">\n<td class=\"tbLeft\">Modelo<\/td>\n<td>ESS II-4810<\/td>\n<\/tr>\n<tr>\n<td class=\"tbSubTit\" colspan=\"2\">Especificaciones t\u00e9cnicas<\/td>\n<\/tr>\n<tr>\n<td class=\"tbLeft\">Tensi\u00f3n nominal<\/td>\n<td>48VCC<\/td>\n<\/tr>\n<tr>\n<td class=\"tbLeft\">Capacidad nominal<\/td>\n<td>4800Wh<\/td>\n<\/tr>\n<tr>\n<td class=\"tbLeft\">Rango de voltaje<\/td>\n<td>36.8VCC ~ 56VCC<\/td>\n<\/tr>\n<tr>\n<td class=\"tbLeft\">Corriente de carga normal<\/td>\n<td>20A (0.2C)<\/td>\n<\/tr>\n<tr>\n<td class=\"tbLeft\">Corriente de carga m\u00e1xima<\/td>\n<td>50A (0.5C)<\/td>\n<\/tr>\n<tr>\n<td class=\"tbLeft\">Corriente continua de descarga<\/td>\n<td>150A<\/td>\n<\/tr>\n<tr>\n<td class=\"tbLeft\">Corriente continua de descarga (pico)<\/td>\n<td>192A a 1min<\/td>\n<\/tr>\n<tr>\n<td class=\"tbLeft\">Resistencia interna<\/td>\n<td>&lt;20m ohm<\/td>\n<\/tr>\n<tr>\n<td class=\"tbLeft\">Dimensiones (mm)<\/td>\n<td>214 x 621 x 550<\/td>\n<\/tr>\n<tr>\n<td class=\"tbLeft\">Peso neto (kg)<\/td>\n<td>55<\/td>\n<\/tr>\n<\/tbody>\n<\/table>\t\t\t\t\t\t\t<\/div>\n\t\t\t\t\t\t\t\t\t\t\t<\/div>\n\n\t\t\t\t\t\t\t<\/div>\n\t\t<\/div>\n\t\t\t\t\t\t<\/div>\n\t\t\t\t<\/div>\n\t\t\t\t\t<\/div>\n\t\t<\/div>\n\t\t\t\t\t<\/div>\n\t\t<\/section>\n\t\t\t\t\t<\/div>\n\t\t<\/div>\n\t\t\t\t\t<\/div>\n\t\t<\/section>\n\t\t\t\t<section class=\"wd-negative-gap elementor-section elementor-top-section elementor-element elementor-element-d0415af Link_Buttons elementor-section-boxed elementor-section-height-default elementor-section-height-default\" data-id=\"d0415af\" data-element_type=\"section\" data-e-type=\"section\" data-settings=\"{&quot;background_background&quot;:&quot;classic&quot;}\">\n\t\t\t\t\t\t<div class=\"elementor-container elementor-column-gap-custom\">\n\t\t\t\t\t<div class=\"elementor-column elementor-col-20 elementor-top-column elementor-element elementor-element-55a1d9e\" data-id=\"55a1d9e\" data-element_type=\"column\" data-e-type=\"column\">\n\t\t\t<div class=\"elementor-widget-wrap elementor-element-populated\">\n\t\t\t\t\t\t<div class=\"elementor-element elementor-element-c0d4ec8 elementor-view-framed elementor-shape-circle elementor-position-block-start elementor-mobile-position-block-start elementor-widget elementor-widget-icon-box\" data-id=\"c0d4ec8\" data-element_type=\"widget\" data-e-type=\"widget\" data-widget_type=\"icon-box.default\">\n\t\t\t\t\t\t\t<div class=\"elementor-icon-box-wrapper\">\n\n\t\t\t\t\t\t<div class=\"elementor-icon-box-icon\">\n\t\t\t\t<a href=\"https:\/\/enertik.com\/ar\/wp-content\/uploads\/sites\/2\/documentos\/manuales\/manual-inversor-solar-hgess-55k-48.pdf\" target=\"_blank\" class=\"elementor-icon\" tabindex=\"-1\">\n\t\t\t\t<svg aria-hidden=\"true\" class=\"e-font-icon-svg e-fas-book\" viewBox=\"0 0 448 512\" xmlns=\"http:\/\/www.w3.org\/2000\/svg\"><path d=\"M448 360V24c0-13.3-10.7-24-24-24H96C43 0 0 43 0 96v320c0 53 43 96 96 96h328c13.3 0 24-10.7 24-24v-16c0-7.5-3.5-14.3-8.9-18.7-4.2-15.4-4.2-59.3 0-74.7 5.4-4.3 8.9-11.1 8.9-18.6zM128 134c0-3.3 2.7-6 6-6h212c3.3 0 6 2.7 6 6v20c0 3.3-2.7 6-6 6H134c-3.3 0-6-2.7-6-6v-20zm0 64c0-3.3 2.7-6 6-6h212c3.3 0 6 2.7 6 6v20c0 3.3-2.7 6-6 6H134c-3.3 0-6-2.7-6-6v-20zm253.4 250H96c-17.7 0-32-14.3-32-32 0-17.6 14.4-32 32-32h285.4c-1.9 17.1-1.9 46.9 0 64z\"><\/path><\/svg>\t\t\t\t<\/a>\n\t\t\t<\/div>\n\t\t\t\n\t\t\t\t\t\t<div class=\"elementor-icon-box-content\">\n\n\t\t\t\t\n\t\t\t\t\t\t\t\t\t<p class=\"elementor-icon-box-description\">\n\t\t\t\t\t\tMANUAL\t\t\t\t\t<\/p>\n\t\t\t\t\n\t\t\t<\/div>\n\t\t\t\n\t\t<\/div>\n\t\t\t\t\t\t<\/div>\n\t\t\t\t\t<\/div>\n\t\t<\/div>\n\t\t\t\t<div class=\"elementor-column elementor-col-20 elementor-top-column elementor-element elementor-element-f7eae4c\" data-id=\"f7eae4c\" data-element_type=\"column\" data-e-type=\"column\">\n\t\t\t<div class=\"elementor-widget-wrap elementor-element-populated\">\n\t\t\t\t\t\t<div class=\"elementor-element elementor-element-13b8024 elementor-view-framed elementor-shape-circle elementor-position-block-start elementor-mobile-position-block-start elementor-widget elementor-widget-icon-box\" data-id=\"13b8024\" data-element_type=\"widget\" data-e-type=\"widget\" data-widget_type=\"icon-box.default\">\n\t\t\t\t\t\t\t<div class=\"elementor-icon-box-wrapper\">\n\n\t\t\t\t\t\t<div class=\"elementor-icon-box-icon\">\n\t\t\t\t<a href=\"https:\/\/enertik.com\/ar\/wp-content\/uploads\/sites\/2\/documentos\/manuales\/accesorios-necesarios-inversor-hgess-55k-48.pdf\" target=\"_blank\" class=\"elementor-icon\" tabindex=\"-1\">\n\t\t\t\t<svg aria-hidden=\"true\" class=\"e-font-icon-svg e-fas-project-diagram\" viewBox=\"0 0 640 512\" xmlns=\"http:\/\/www.w3.org\/2000\/svg\"><path d=\"M384 320H256c-17.67 0-32 14.33-32 32v128c0 17.67 14.33 32 32 32h128c17.67 0 32-14.33 32-32V352c0-17.67-14.33-32-32-32zM192 32c0-17.67-14.33-32-32-32H32C14.33 0 0 14.33 0 32v128c0 17.67 14.33 32 32 32h95.72l73.16 128.04C211.98 300.98 232.4 288 256 288h.28L192 175.51V128h224V64H192V32zM608 0H480c-17.67 0-32 14.33-32 32v128c0 17.67 14.33 32 32 32h128c17.67 0 32-14.33 32-32V32c0-17.67-14.33-32-32-32z\"><\/path><\/svg>\t\t\t\t<\/a>\n\t\t\t<\/div>\n\t\t\t\n\t\t\t\t\t\t<div class=\"elementor-icon-box-content\">\n\n\t\t\t\t\n\t\t\t\t\t\t\t\t\t<p class=\"elementor-icon-box-description\">\n\t\t\t\t\t\tFORMA DE CONEXI\u00d3N\t\t\t\t\t<\/p>\n\t\t\t\t\n\t\t\t<\/div>\n\t\t\t\n\t\t<\/div>\n\t\t\t\t\t\t<\/div>\n\t\t\t\t\t<\/div>\n\t\t<\/div>\n\t\t\t\t<div class=\"elementor-column elementor-col-20 elementor-top-column elementor-element elementor-element-e78b760\" data-id=\"e78b760\" data-element_type=\"column\" data-e-type=\"column\">\n\t\t\t<div class=\"elementor-widget-wrap elementor-element-populated\">\n\t\t\t\t\t\t<div class=\"elementor-element elementor-element-f922c81 elementor-view-framed elementor-shape-circle elementor-position-block-start elementor-mobile-position-block-start elementor-widget elementor-widget-icon-box\" data-id=\"f922c81\" data-element_type=\"widget\" data-e-type=\"widget\" data-widget_type=\"icon-box.default\">\n\t\t\t\t\t\t\t<div class=\"elementor-icon-box-wrapper\">\n\n\t\t\t\t\t\t<div class=\"elementor-icon-box-icon\">\n\t\t\t\t<a href=\"https:\/\/play.google.com\/store\/apps\/details?id=com.eybond.smartclient.energymate\" target=\"_blank\" class=\"elementor-icon\" tabindex=\"-1\" rel=\"noopener\">\n\t\t\t\t<svg aria-hidden=\"true\" class=\"e-font-icon-svg e-fab-google-play\" viewBox=\"0 0 512 512\" xmlns=\"http:\/\/www.w3.org\/2000\/svg\"><path d=\"M325.3 234.3L104.6 13l280.8 161.2-60.1 60.1zM47 0C34 6.8 25.3 19.2 25.3 35.3v441.3c0 16.1 8.7 28.5 21.7 35.3l256.6-256L47 0zm425.2 225.6l-58.9-34.1-65.7 64.5 65.7 64.5 60.1-34.1c18-14.3 18-46.5-1.2-60.8zM104.6 499l280.8-161.2-60.1-60.1L104.6 499z\"><\/path><\/svg>\t\t\t\t<\/a>\n\t\t\t<\/div>\n\t\t\t\n\t\t\t\t\t\t<div class=\"elementor-icon-box-content\">\n\n\t\t\t\t\n\t\t\t\t\t\t\t\t\t<p class=\"elementor-icon-box-description\">\n\t\t\t\t\t\tAPP ANDROID\t\t\t\t\t<\/p>\n\t\t\t\t\n\t\t\t<\/div>\n\t\t\t\n\t\t<\/div>\n\t\t\t\t\t\t<\/div>\n\t\t\t\t\t<\/div>\n\t\t<\/div>\n\t\t\t\t<div class=\"elementor-column elementor-col-20 elementor-top-column elementor-element elementor-element-4e2ee8e\" data-id=\"4e2ee8e\" data-element_type=\"column\" data-e-type=\"column\">\n\t\t\t<div class=\"elementor-widget-wrap elementor-element-populated\">\n\t\t\t\t\t\t<div class=\"elementor-element elementor-element-9e35c6c elementor-view-framed elementor-shape-circle elementor-position-block-start elementor-mobile-position-block-start elementor-widget elementor-widget-icon-box\" data-id=\"9e35c6c\" data-element_type=\"widget\" data-e-type=\"widget\" data-widget_type=\"icon-box.default\">\n\t\t\t\t\t\t\t<div class=\"elementor-icon-box-wrapper\">\n\n\t\t\t\t\t\t<div class=\"elementor-icon-box-icon\">\n\t\t\t\t<a href=\"https:\/\/apps.apple.com\/app\/energy-mate\/id1672569936\" target=\"_blank\" class=\"elementor-icon\" tabindex=\"-1\" rel=\"noopener\">\n\t\t\t\t<svg aria-hidden=\"true\" class=\"e-font-icon-svg e-fab-app-store-ios\" viewBox=\"0 0 448 512\" xmlns=\"http:\/\/www.w3.org\/2000\/svg\"><path d=\"M400 32H48C21.5 32 0 53.5 0 80v352c0 26.5 21.5 48 48 48h352c26.5 0 48-21.5 48-48V80c0-26.5-21.5-48-48-48zM127 384.5c-5.5 9.6-17.8 12.8-27.3 7.3-9.6-5.5-12.8-17.8-7.3-27.3l14.3-24.7c16.1-4.9 29.3-1.1 39.6 11.4L127 384.5zm138.9-53.9H84c-11 0-20-9-20-20s9-20 20-20h51l65.4-113.2-20.5-35.4c-5.5-9.6-2.2-21.8 7.3-27.3 9.6-5.5 21.8-2.2 27.3 7.3l8.9 15.4 8.9-15.4c5.5-9.6 17.8-12.8 27.3-7.3 9.6 5.5 12.8 17.8 7.3 27.3l-85.8 148.6h62.1c20.2 0 31.5 23.7 22.7 40zm98.1 0h-29l19.6 33.9c5.5 9.6 2.2 21.8-7.3 27.3-9.6 5.5-21.8 2.2-27.3-7.3-32.9-56.9-57.5-99.7-74-128.1-16.7-29-4.8-58 7.1-67.8 13.1 22.7 32.7 56.7 58.9 102h52c11 0 20 9 20 20 0 11.1-9 20-20 20z\"><\/path><\/svg>\t\t\t\t<\/a>\n\t\t\t<\/div>\n\t\t\t\n\t\t\t\t\t\t<div class=\"elementor-icon-box-content\">\n\n\t\t\t\t\n\t\t\t\t\t\t\t\t\t<p class=\"elementor-icon-box-description\">\n\t\t\t\t\t\tAPP IOS\t\t\t\t\t<\/p>\n\t\t\t\t\n\t\t\t<\/div>\n\t\t\t\n\t\t<\/div>\n\t\t\t\t\t\t<\/div>\n\t\t\t\t\t<\/div>\n\t\t<\/div>\n\t\t\t\t<div class=\"elementor-column elementor-col-20 elementor-top-column elementor-element elementor-element-c73ca5e\" data-id=\"c73ca5e\" data-element_type=\"column\" data-e-type=\"column\">\n\t\t\t<div class=\"elementor-widget-wrap elementor-element-populated\">\n\t\t\t\t\t\t<div class=\"elementor-element elementor-element-d2917e3 elementor-view-framed elementor-shape-circle elementor-position-block-start elementor-mobile-position-block-start elementor-widget elementor-widget-icon-box\" data-id=\"d2917e3\" data-element_type=\"widget\" data-e-type=\"widget\" data-widget_type=\"icon-box.default\">\n\t\t\t\t\t\t\t<div class=\"elementor-icon-box-wrapper\">\n\n\t\t\t\t\t\t<div class=\"elementor-icon-box-icon\">\n\t\t\t\t<a href=\"https:\/\/enertik.com\/wp-content\/uploads\/sites\/2\/documentos\/manuales\/energy-mate-app-user-manual-20230628.pdf\" target=\"_blank\" class=\"elementor-icon\" tabindex=\"-1\">\n\t\t\t\t<svg aria-hidden=\"true\" class=\"e-font-icon-svg e-fas-book\" viewBox=\"0 0 448 512\" xmlns=\"http:\/\/www.w3.org\/2000\/svg\"><path d=\"M448 360V24c0-13.3-10.7-24-24-24H96C43 0 0 43 0 96v320c0 53 43 96 96 96h328c13.3 0 24-10.7 24-24v-16c0-7.5-3.5-14.3-8.9-18.7-4.2-15.4-4.2-59.3 0-74.7 5.4-4.3 8.9-11.1 8.9-18.6zM128 134c0-3.3 2.7-6 6-6h212c3.3 0 6 2.7 6 6v20c0 3.3-2.7 6-6 6H134c-3.3 0-6-2.7-6-6v-20zm0 64c0-3.3 2.7-6 6-6h212c3.3 0 6 2.7 6 6v20c0 3.3-2.7 6-6 6H134c-3.3 0-6-2.7-6-6v-20zm253.4 250H96c-17.7 0-32-14.3-32-32 0-17.6 14.4-32 32-32h285.4c-1.9 17.1-1.9 46.9 0 64z\"><\/path><\/svg>\t\t\t\t<\/a>\n\t\t\t<\/div>\n\t\t\t\n\t\t\t\t\t\t<div class=\"elementor-icon-box-content\">\n\n\t\t\t\t\n\t\t\t\t\t\t\t\t\t<p class=\"elementor-icon-box-description\">\n\t\t\t\t\t\tMANUAL DE LA APP\t\t\t\t\t<\/p>\n\t\t\t\t\n\t\t\t<\/div>\n\t\t\t\n\t\t<\/div>\n\t\t\t\t\t\t<\/div>\n\t\t\t\t\t<\/div>\n\t\t<\/div>\n\t\t\t\t\t<\/div>\n\t\t<\/section>\n\t\t\t\t<\/div>\n\t\t","protected":false},"excerpt":{"rendered":"<p>(Sistema de 5,5kW H\u00edbrido con conexi\u00f3n a red)<br \/>\nInversor de ESS + M\u00f3dulo(s) de Bater\u00edas de ESS = Sistema de Almacenamiento de Energ\u00eda (ESS)<br \/>\nEste producto contiene: Inversor de ESS + 1 M\u00f3dulo de Bater\u00eda de ESS<\/p>\n<p>El sistema de almacenamiento de energ\u00eda es un sistema todo-en-uno que consiste en un inversor off-grid (sin conexi\u00f3n a red) con backup o h\u00edbrido, un cargador de bater\u00eda, un regulador solar MPPT (puede ser de m\u00faltiples entradas) y un grupo de bater\u00edas de litio. Estos elementos se comunican entre s\u00ed y se ajustan sus acciones de forma din\u00e1mica para ofrecer energ\u00eda al hogar o cualquier otro tipo de instalaciones en todo tiempo. Dado que son elementos modulares, su instalaci\u00f3n y mantenimiento ser\u00e1 mucho m\u00e1s f\u00e1cil que un sistema con todos los aparatos separados. Esta caracter\u00edstica tambi\u00e9n nos libera de la preocupaci\u00f3n sobre la compatibilidad y comunicaci\u00f3n con las bater\u00edas de litio.<\/p>\n","protected":false},"featured_media":17089,"comment_status":"open","ping_status":"closed","template":"","meta":{"_relevanssi_hide_post":"","_relevanssi_hide_content":"","_relevanssi_pin_for_all":"","_relevanssi_pin_keywords":"","_relevanssi_unpin_keywords":"","_relevanssi_related_keywords":"","_relevanssi_related_include_ids":"","_relevanssi_related_exclude_ids":"","_relevanssi_related_no_append":"","_relevanssi_related_not_related":"","_relevanssi_related_posts":"","_relevanssi_noindex_reason":"","inline_featured_image":false},"product_brand":[],"product_cat":[1694,1732],"product_tag":[1958],"class_list":{"0":"post-11697","1":"product","2":"type-product","3":"status-publish","4":"has-post-thumbnail","6":"product_cat-con-backup-hibrido","7":"product_cat-almacenamiento-ess","8":"product_tag-nuevos","9":"pa_gtin-4170","10":"pa_marca-enertik","11":"pa_marca-voltronic","12":"pa_mpn-hgess-5-5k-48","13":"pa_potencia-5500w","14":"pa_voltaje-48v","16":"first","17":"instock","18":"sale","19":"taxable","20":"shipping-taxable","21":"purchasable","22":"product-type-simple"},"bundled_by":[],"bundle_stock_status":"instock","bundle_stock_quantity":3,"bundle_virtual":false,"bundle_layout":"","bundle_add_to_cart_form_location":"","bundle_editable_in_cart":false,"bundle_sold_individually_context":"","bundle_item_grouping":"","bundle_min_size":"","bundle_max_size":"","bundle_price":[],"bundled_items":[],"bundle_sell_ids":[],"group_of_quantity":0,"min_quantity":0,"max_quantity":"","exclude_order_quantity_value_rules":"no","exclude_category_quantity_rules":"no","combine_variations":"no","exclude_global_add_ons":[],"addons":[],"_links":{"self":[{"href":"https:\/\/enertik.com\/cl\/wp-json\/wp\/v2\/product\/11697","targetHints":{"allow":["GET"]}}],"collection":[{"href":"https:\/\/enertik.com\/cl\/wp-json\/wp\/v2\/product"}],"about":[{"href":"https:\/\/enertik.com\/cl\/wp-json\/wp\/v2\/types\/product"}],"replies":[{"embeddable":true,"href":"https:\/\/enertik.com\/cl\/wp-json\/wp\/v2\/comments?post=11697"}],"version-history":[{"count":0,"href":"https:\/\/enertik.com\/cl\/wp-json\/wp\/v2\/product\/11697\/revisions"}],"wp:featuredmedia":[{"embeddable":true,"href":"https:\/\/enertik.com\/cl\/wp-json\/wp\/v2\/media\/17089"}],"wp:attachment":[{"href":"https:\/\/enertik.com\/cl\/wp-json\/wp\/v2\/media?parent=11697"}],"wp:term":[{"taxonomy":"product_brand","embeddable":true,"href":"https:\/\/enertik.com\/cl\/wp-json\/wp\/v2\/product_brand?post=11697"},{"taxonomy":"product_cat","embeddable":true,"href":"https:\/\/enertik.com\/cl\/wp-json\/wp\/v2\/product_cat?post=11697"},{"taxonomy":"product_tag","embeddable":true,"href":"https:\/\/enertik.com\/cl\/wp-json\/wp\/v2\/product_tag?post=11697"}],"curies":[{"name":"wp","href":"https:\/\/api.w.org\/{rel}","templated":true}]}}