{"id":11693,"date":"2023-02-21T11:24:10","date_gmt":"2023-02-21T14:24:10","guid":{"rendered":"https:\/\/test.enertik.com\/cl\/?post_type=product&#038;p=11693"},"modified":"2026-04-09T04:28:22","modified_gmt":"2026-04-09T08:28:22","slug":"banco-de-baterias-de-litio-pylontech-48v-3550wh","status":"publish","type":"product","link":"https:\/\/enertik.com\/cl\/tienda\/baterias-de-ciclo-profundo\/litio\/banco-de-baterias-de-litio-pylontech-48v-3550wh\/","title":{"rendered":"Pylontech Force\u2013L2 &#8211; M\u00f3dulo de Bater\u00eda 48V 74Ah 3550Wh"},"content":{"rendered":"","protected":false},"excerpt":{"rendered":"<p>M\u00f3dulo de bater\u00eda para el sistema Pylontech Force-L2<br \/>\nBater\u00eda de Litio 48V Force-L2 Sistema expandible hasta 4 m\u00f3dulos. Ideal para sistema fotovoltaico y UPS. Tiene doble de capacidad utilizable y una expectativa de vida mayor (en comparaci\u00f3n con la misma capacidad de FLA \/ AGM \/ GEL). No requiere mantenimiento.<\/p>\n","protected":false},"featured_media":28214,"comment_status":"open","ping_status":"closed","template":"","meta":{"_relevanssi_hide_post":"","_relevanssi_hide_content":"","_relevanssi_pin_for_all":"","_relevanssi_pin_keywords":"","_relevanssi_unpin_keywords":"","_relevanssi_related_keywords":"","_relevanssi_related_include_ids":"","_relevanssi_related_exclude_ids":"","_relevanssi_related_no_append":"","_relevanssi_related_not_related":"","_relevanssi_related_posts":"","_relevanssi_noindex_reason":"","inline_featured_image":false},"product_brand":[],"product_cat":[1733,1737],"product_tag":[],"class_list":{"0":"post-11693","1":"product","2":"type-product","3":"status-publish","4":"has-post-thumbnail","6":"product_cat-baterias","7":"product_cat-litio","8":"pa_marca-pylontech","9":"pa_mpn-fl4874m","11":"first","12":"instock","13":"sale","14":"taxable","15":"shipping-taxable","16":"purchasable","17":"product-type-simple"},"bundled_by":["11823","11824","11825","16526","34213"],"bundle_stock_status":"instock","bundle_stock_quantity":14,"bundle_virtual":false,"bundle_layout":"","bundle_add_to_cart_form_location":"","bundle_editable_in_cart":false,"bundle_sold_individually_context":"","bundle_item_grouping":"","bundle_min_size":"","bundle_max_size":"","bundle_price":[],"bundled_items":[],"bundle_sell_ids":[],"group_of_quantity":0,"min_quantity":0,"max_quantity":"","exclude_order_quantity_value_rules":"no","exclude_category_quantity_rules":"no","combine_variations":"no","exclude_global_add_ons":[],"addons":[],"_links":{"self":[{"href":"https:\/\/enertik.com\/cl\/wp-json\/wp\/v2\/product\/11693","targetHints":{"allow":["GET"]}}],"collection":[{"href":"https:\/\/enertik.com\/cl\/wp-json\/wp\/v2\/product"}],"about":[{"href":"https:\/\/enertik.com\/cl\/wp-json\/wp\/v2\/types\/product"}],"replies":[{"embeddable":true,"href":"https:\/\/enertik.com\/cl\/wp-json\/wp\/v2\/comments?post=11693"}],"version-history":[{"count":0,"href":"https:\/\/enertik.com\/cl\/wp-json\/wp\/v2\/product\/11693\/revisions"}],"wp:featuredmedia":[{"embeddable":true,"href":"https:\/\/enertik.com\/cl\/wp-json\/wp\/v2\/media\/28214"}],"wp:attachment":[{"href":"https:\/\/enertik.com\/cl\/wp-json\/wp\/v2\/media?parent=11693"}],"wp:term":[{"taxonomy":"product_brand","embeddable":true,"href":"https:\/\/enertik.com\/cl\/wp-json\/wp\/v2\/product_brand?post=11693"},{"taxonomy":"product_cat","embeddable":true,"href":"https:\/\/enertik.com\/cl\/wp-json\/wp\/v2\/product_cat?post=11693"},{"taxonomy":"product_tag","embeddable":true,"href":"https:\/\/enertik.com\/cl\/wp-json\/wp\/v2\/product_tag?post=11693"}],"curies":[{"name":"wp","href":"https:\/\/api.w.org\/{rel}","templated":true}]}}