{"id":11641,"date":"2023-02-21T11:23:22","date_gmt":"2023-02-21T14:23:22","guid":{"rendered":"https:\/\/test.enertik.com\/cl\/?post_type=product&#038;p=11641"},"modified":"2026-04-09T04:28:57","modified_gmt":"2026-04-09T08:28:57","slug":"conector-de-cables-para-bombas-mizu","status":"publish","type":"product","link":"https:\/\/enertik.com\/cl\/tienda\/bombeo-solar\/bombas-solares\/sumergibles\/conector-de-cables-para-bombas-mizu\/","title":{"rendered":"Conector de Cables para Bombas Mizu"},"content":{"rendered":"","protected":false},"excerpt":{"rendered":"<p>Este conector resistente al agua sirve para empalmar o conectar cables que est\u00e1n dentro del agua. \u00a0Muy \u00fatil en aplicaciones de bombeo ya que en este escenario de uso los cables suelen entrar en contacto con el agua en alg\u00fan nivel del sistema y conseguir una aislaci\u00f3n adecuada para los mismos es importante para garantizar el rendimiento y la seguridad del sistema.<\/p>\n<p>&nbsp;<\/p>\n<p>*El v\u00eddeo de demostraci\u00f3n sirve solamente como un ejemplo. En el v\u00eddeo se us\u00f3 un conector de la marca Cellpack para demostrar el funcionamiento de un conector resistente al agua.<\/p>\n","protected":false},"featured_media":8988,"comment_status":"open","ping_status":"closed","template":"","meta":{"_relevanssi_hide_post":"","_relevanssi_hide_content":"","_relevanssi_pin_for_all":"","_relevanssi_pin_keywords":"","_relevanssi_unpin_keywords":"","_relevanssi_related_keywords":"","_relevanssi_related_include_ids":"","_relevanssi_related_exclude_ids":"","_relevanssi_related_no_append":"","_relevanssi_related_not_related":"","_relevanssi_related_posts":"","_relevanssi_noindex_reason":"","inline_featured_image":false},"product_brand":[],"product_cat":[1716,1717],"product_tag":[1958],"class_list":{"0":"post-11641","1":"product","2":"type-product","3":"status-publish","4":"has-post-thumbnail","6":"product_cat-bombas-solares","7":"product_cat-sumergibles","8":"product_tag-nuevos","9":"pa_gtin-4065","10":"pa_marca-mizu","11":"pa_mpn-m-wpc","13":"first","14":"instock","15":"taxable","16":"shipping-taxable","17":"purchasable","18":"product-type-simple"},"bundled_by":[],"bundle_stock_status":"instock","bundle_stock_quantity":260,"bundle_virtual":false,"bundle_layout":"","bundle_add_to_cart_form_location":"","bundle_editable_in_cart":false,"bundle_sold_individually_context":"","bundle_item_grouping":"","bundle_min_size":"","bundle_max_size":"","bundle_price":[],"bundled_items":[],"bundle_sell_ids":[],"group_of_quantity":0,"min_quantity":0,"max_quantity":"","exclude_order_quantity_value_rules":"no","exclude_category_quantity_rules":"no","combine_variations":"no","exclude_global_add_ons":[],"addons":[],"_links":{"self":[{"href":"https:\/\/enertik.com\/cl\/wp-json\/wp\/v2\/product\/11641","targetHints":{"allow":["GET"]}}],"collection":[{"href":"https:\/\/enertik.com\/cl\/wp-json\/wp\/v2\/product"}],"about":[{"href":"https:\/\/enertik.com\/cl\/wp-json\/wp\/v2\/types\/product"}],"replies":[{"embeddable":true,"href":"https:\/\/enertik.com\/cl\/wp-json\/wp\/v2\/comments?post=11641"}],"version-history":[{"count":0,"href":"https:\/\/enertik.com\/cl\/wp-json\/wp\/v2\/product\/11641\/revisions"}],"wp:featuredmedia":[{"embeddable":true,"href":"https:\/\/enertik.com\/cl\/wp-json\/wp\/v2\/media\/8988"}],"wp:attachment":[{"href":"https:\/\/enertik.com\/cl\/wp-json\/wp\/v2\/media?parent=11641"}],"wp:term":[{"taxonomy":"product_brand","embeddable":true,"href":"https:\/\/enertik.com\/cl\/wp-json\/wp\/v2\/product_brand?post=11641"},{"taxonomy":"product_cat","embeddable":true,"href":"https:\/\/enertik.com\/cl\/wp-json\/wp\/v2\/product_cat?post=11641"},{"taxonomy":"product_tag","embeddable":true,"href":"https:\/\/enertik.com\/cl\/wp-json\/wp\/v2\/product_tag?post=11641"}],"curies":[{"name":"wp","href":"https:\/\/api.w.org\/{rel}","templated":true}]}}