{"id":10992,"date":"2023-02-21T11:11:45","date_gmt":"2023-02-21T14:11:45","guid":{"rendered":"https:\/\/test.enertik.com\/cl\/?post_type=product&#038;p=10992"},"modified":"2026-04-02T12:31:22","modified_gmt":"2026-04-02T15:31:22","slug":"valvula-mezcladora-termostatica","status":"publish","type":"product","link":"https:\/\/enertik.com\/cl\/tienda\/otros-productos\/accesorios-y-protecciones\/valvula-mezcladora-termostatica\/","title":{"rendered":"V\u00e1lvula Mezcladora Termost\u00e1tica"},"content":{"rendered":"\t\t<div data-elementor-type=\"product-post\" data-elementor-id=\"10992\" class=\"elementor elementor-10992\" data-elementor-post-type=\"product\">\n\t\t\t\t\t\t<section class=\"wd-negative-gap elementor-section elementor-top-section elementor-element elementor-element-c4a962e Product_Description elementor-section-boxed elementor-section-height-default elementor-section-height-default\" data-id=\"c4a962e\" data-element_type=\"section\" data-e-type=\"section\">\n\t\t\t\t\t\t<div class=\"elementor-container elementor-column-gap-default\">\n\t\t\t\t\t<div class=\"elementor-column elementor-col-100 elementor-top-column elementor-element elementor-element-d8a2dc3\" data-id=\"d8a2dc3\" data-element_type=\"column\" data-e-type=\"column\" data-settings=\"{&quot;background_background&quot;:&quot;classic&quot;}\">\n\t\t\t<div class=\"elementor-widget-wrap elementor-element-populated\">\n\t\t\t\t\t\t<section class=\"wd-negative-gap elementor-section elementor-inner-section elementor-element elementor-element-8dc1412 elementor-section-boxed elementor-section-height-default elementor-section-height-default\" data-id=\"8dc1412\" data-element_type=\"section\" data-e-type=\"section\">\n\t\t\t\t\t\t<div class=\"elementor-container elementor-column-gap-default\">\n\t\t\t\t\t<div class=\"elementor-column elementor-col-100 elementor-inner-column elementor-element elementor-element-2e28a0f\" data-id=\"2e28a0f\" data-element_type=\"column\" data-e-type=\"column\">\n\t\t\t<div class=\"elementor-widget-wrap elementor-element-populated\">\n\t\t\t\t\t\t<div class=\"elementor-element elementor-element-adde881 elementor-widget elementor-widget-wd_tabs\" data-id=\"adde881\" data-element_type=\"widget\" data-e-type=\"widget\" data-widget_type=\"wd_tabs.default\">\n\t\t\t\t<div class=\"elementor-widget-container\">\n\t\t\t\t\t\t\t<div class=\"wd-tabs tabs-design-default\">\n\t\t\t<div class=\"wd-tabs-header text-center\">\n\t\t\t\t\n\t\t\t\t\n\t\t\t\t<div class=\"wd-nav-wrapper wd-nav-tabs-wrapper wd-mb-action-swipe\">\n\t\t\t\t\t<ul class=\"wd-nav wd-nav-tabs wd-icon-pos-left wd-style-underline\">\n\t\t\t\t\t\t\t\t\t\t\t\t\t\n\t\t\t\t\t\t\t<li>\n\t\t\t\t\t\t\t\t<a href=\"#\" class=\"wd-nav-link\">\n\t\t\t\t\t\t\t\t\t\n\t\t\t\t\t\t\t\t\t<span class=\"nav-link-text wd-tabs-title\">\n\t\t\t\t\t\t\t\t\t\tESPECIFICACIONES\t\t\t\t\t\t\t\t\t<\/span>\n\t\t\t\t\t\t\t\t<\/a>\n\t\t\t\t\t\t\t<\/li>\n\n\t\t\t\t\t\t\t\t\t\t\t<\/ul>\n\t\t\t\t<\/div>\n\t\t\t<\/div>\n\n\t\t\t<div class=\"wd-tabs-content-wrapper\">\n\t\t\t\t\t\t\t\t\t\t\t\t\t\t\n\t\t\t\t\t<div class=\"wd-tab-content wd-entry-content\">\n\t\t\t\t\t\t\t\t\t\t\t\t\t<div >\n\t\t\t\t\t\t\t\t<table><tbody><tr><td class=\"tbLeft\">Modelo<\/td><td>SW-VM<\/td><\/tr><tr><td class=\"tbLeft\">Tipo<\/td><td>Termost\u00e1tica de 3 v\u00edas<\/td><\/tr><tr><td class=\"tbLeft\">Medida<\/td><td>3\/4\u2033<\/td><\/tr><tr><td class=\"tbLeft\">Rango de presi\u00f3n<\/td><td>0.03 \u2013 1 MPa<\/td><\/tr><tr><td class=\"tbLeft\">Rango de presi\u00f3n recomendado<\/td><td>0.1 \u2013 0.5 MPa<\/td><\/tr><tr><td class=\"tbLeft\">Temperatura m\u00e1xima<\/td><td>90\u00baC<\/td><\/tr><tr><td class=\"tbLeft\">Rango de temperatura fr\u00edo<\/td><td>5\u00baC ~ 29\u00baC<\/td><\/tr><tr><td class=\"tbLeft\">Rango de temperatura caliente<\/td><td>50\u00baC ~ 95\u00baC<\/td><\/tr><tr><td class=\"tbLeft\">Rango de temperatura salida<\/td><td>30\u00baC ~ 50\u00baC<\/td><\/tr><tr><td class=\"tbLeft\">Tolerancia de temperatura<\/td><td>\u00b12\u00baC<\/td><\/tr><tr><td class=\"tbLeft\">Posici\u00f3n de trabajo<\/td><td>vertical<\/td><\/tr><tr><td class=\"tbLeft\">Presi\u00f3n de trabajo<\/td><td>de 3 a 4.9 bar<sup>*<\/sup><\/td><\/tr><tr><td class=\"tbLeft\">Peso neto (kg)<\/td><td>0.96<\/td><\/tr><\/tbody><\/table><p class=\"center\"><sup>*<\/sup><b>NOTA:\u00a0<\/b>la presi\u00f3n de agua fr\u00eda debe ser la misma que la de agua caliente<\/p>\t\t\t\t\t\t\t<\/div>\n\t\t\t\t\t\t\t\t\t\t\t<\/div>\n\n\t\t\t\t\t\t\t<\/div>\n\t\t<\/div>\n\t\t\t\t\t\t<\/div>\n\t\t\t\t<\/div>\n\t\t\t\t\t<\/div>\n\t\t<\/div>\n\t\t\t\t\t<\/div>\n\t\t<\/section>\n\t\t\t\t\t<\/div>\n\t\t<\/div>\n\t\t\t\t\t<\/div>\n\t\t<\/section>\n\t\t\t\t<\/div>\n\t\t","protected":false},"excerpt":{"rendered":"<p>3\/4&#8243;. Rango de presi\u00f3n 0.03 &#8211; 1 MPa. Presi\u00f3n de trabajo de 3 a 4.9 bar (la presi\u00f3n de agua fr\u00eda debe ser la misma que la de agua caliente). Entrada : Fr\u00edo: 5\u00baC ~ 29\u00baC, Caliente: 50\u00baC ~ 95\u00baC. Salida : 30\u00baC ~ 50\u00baC ajustable<\/p>\n","protected":false},"featured_media":9207,"comment_status":"open","ping_status":"closed","template":"","meta":{"_relevanssi_hide_post":"","_relevanssi_hide_content":"","_relevanssi_pin_for_all":"","_relevanssi_pin_keywords":"","_relevanssi_unpin_keywords":"","_relevanssi_related_keywords":"","_relevanssi_related_include_ids":"","_relevanssi_related_exclude_ids":"","_relevanssi_related_no_append":"","_relevanssi_related_not_related":"","_relevanssi_related_posts":"","_relevanssi_noindex_reason":"","inline_featured_image":false},"product_brand":[],"product_cat":[1712,1713,4961],"product_tag":[],"class_list":{"0":"post-10992","1":"product","2":"type-product","3":"status-publish","4":"has-post-thumbnail","6":"product_cat-atmosfericos","7":"product_cat-presurizados","8":"product_cat-presurizados-con-serpentin","9":"pa_marca-enertik","10":"pa_mpn-sw-vm","12":"first","13":"instock","14":"taxable","15":"shipping-taxable","16":"purchasable","17":"product-type-simple"},"bundled_by":[],"bundle_stock_status":"instock","bundle_stock_quantity":147,"bundle_virtual":false,"bundle_layout":"","bundle_add_to_cart_form_location":"","bundle_editable_in_cart":false,"bundle_sold_individually_context":"","bundle_item_grouping":"","bundle_min_size":"","bundle_max_size":"","bundle_price":[],"bundled_items":[],"bundle_sell_ids":[],"group_of_quantity":0,"min_quantity":0,"max_quantity":20,"exclude_order_quantity_value_rules":"no","exclude_category_quantity_rules":"no","combine_variations":"no","exclude_global_add_ons":[],"addons":[],"_links":{"self":[{"href":"https:\/\/enertik.com\/cl\/wp-json\/wp\/v2\/product\/10992","targetHints":{"allow":["GET"]}}],"collection":[{"href":"https:\/\/enertik.com\/cl\/wp-json\/wp\/v2\/product"}],"about":[{"href":"https:\/\/enertik.com\/cl\/wp-json\/wp\/v2\/types\/product"}],"replies":[{"embeddable":true,"href":"https:\/\/enertik.com\/cl\/wp-json\/wp\/v2\/comments?post=10992"}],"version-history":[{"count":0,"href":"https:\/\/enertik.com\/cl\/wp-json\/wp\/v2\/product\/10992\/revisions"}],"wp:featuredmedia":[{"embeddable":true,"href":"https:\/\/enertik.com\/cl\/wp-json\/wp\/v2\/media\/9207"}],"wp:attachment":[{"href":"https:\/\/enertik.com\/cl\/wp-json\/wp\/v2\/media?parent=10992"}],"wp:term":[{"taxonomy":"product_brand","embeddable":true,"href":"https:\/\/enertik.com\/cl\/wp-json\/wp\/v2\/product_brand?post=10992"},{"taxonomy":"product_cat","embeddable":true,"href":"https:\/\/enertik.com\/cl\/wp-json\/wp\/v2\/product_cat?post=10992"},{"taxonomy":"product_tag","embeddable":true,"href":"https:\/\/enertik.com\/cl\/wp-json\/wp\/v2\/product_tag?post=10992"}],"curies":[{"name":"wp","href":"https:\/\/api.w.org\/{rel}","templated":true}]}}