{"id":10929,"date":"2023-02-21T11:10:34","date_gmt":"2023-02-21T14:10:34","guid":{"rendered":"https:\/\/test.enertik.com\/cl\/?post_type=product&#038;p=10929"},"modified":"2026-04-02T13:10:05","modified_gmt":"2026-04-02T16:10:05","slug":"termotanque-solar-atmosferico-galvanizado-200l","status":"publish","type":"product","link":"https:\/\/enertik.com\/cl\/tienda\/solar-termica\/termos-solares-atmosfericos\/termo-solar-atmosferico-galvanizado-200l\/","title":{"rendered":"Termo Solar Atmosf\u00e9rico Galvanizado 200L"},"content":{"rendered":"\t\t<div data-elementor-type=\"product-post\" data-elementor-id=\"10929\" class=\"elementor elementor-10929\" data-elementor-post-type=\"product\">\n\t\t\t\t\t\t<section class=\"wd-negative-gap elementor-section elementor-top-section elementor-element elementor-element-8728fce Product_Description elementor-section-boxed elementor-section-height-default elementor-section-height-default\" data-id=\"8728fce\" data-element_type=\"section\" data-e-type=\"section\">\n\t\t\t\t\t\t<div class=\"elementor-container elementor-column-gap-default\">\n\t\t\t\t\t<div class=\"elementor-column elementor-col-100 elementor-top-column elementor-element elementor-element-fc7e45f\" data-id=\"fc7e45f\" data-element_type=\"column\" data-e-type=\"column\" data-settings=\"{&quot;background_background&quot;:&quot;classic&quot;}\">\n\t\t\t<div class=\"elementor-widget-wrap elementor-element-populated\">\n\t\t\t\t\t\t<section class=\"wd-negative-gap elementor-section elementor-inner-section elementor-element elementor-element-932309d elementor-section-boxed elementor-section-height-default elementor-section-height-default\" data-id=\"932309d\" data-element_type=\"section\" data-e-type=\"section\">\n\t\t\t\t\t\t<div class=\"elementor-container elementor-column-gap-default\">\n\t\t\t\t\t<div class=\"elementor-column elementor-col-100 elementor-inner-column elementor-element elementor-element-407b985\" data-id=\"407b985\" data-element_type=\"column\" data-e-type=\"column\">\n\t\t\t<div class=\"elementor-widget-wrap elementor-element-populated\">\n\t\t\t\t\t\t<div class=\"elementor-element elementor-element-4472a92 elementor-widget elementor-widget-wd_tabs\" data-id=\"4472a92\" data-element_type=\"widget\" data-e-type=\"widget\" data-widget_type=\"wd_tabs.default\">\n\t\t\t\t<div class=\"elementor-widget-container\">\n\t\t\t\t\t\t\t<div class=\"wd-tabs tabs-design-default\">\n\t\t\t<div class=\"wd-tabs-header text-center\">\n\t\t\t\t\n\t\t\t\t\n\t\t\t\t<div class=\"wd-nav-wrapper wd-nav-tabs-wrapper wd-mb-action-swipe\">\n\t\t\t\t\t<ul class=\"wd-nav wd-nav-tabs wd-icon-pos-left wd-style-underline\">\n\t\t\t\t\t\t\t\t\t\t\t\t\t\n\t\t\t\t\t\t\t<li>\n\t\t\t\t\t\t\t\t<a href=\"#\" class=\"wd-nav-link\">\n\t\t\t\t\t\t\t\t\t\n\t\t\t\t\t\t\t\t\t<span class=\"nav-link-text wd-tabs-title\">\n\t\t\t\t\t\t\t\t\t\tESPECIFICACIONES\t\t\t\t\t\t\t\t\t<\/span>\n\t\t\t\t\t\t\t\t<\/a>\n\t\t\t\t\t\t\t<\/li>\n\n\t\t\t\t\t\t\t\t\t\t\t<\/ul>\n\t\t\t\t<\/div>\n\t\t\t<\/div>\n\n\t\t\t<div class=\"wd-tabs-content-wrapper\">\n\t\t\t\t\t\t\t\t\t\t\t\t\t\t\n\t\t\t\t\t<div class=\"wd-tab-content wd-entry-content\">\n\t\t\t\t\t\t\t\t\t\t\t\t\t<div >\n\t\t\t\t\t\t\t\t<table><tbody><tr class=\"tbBorderNone\"><td class=\"tbLeft\">Modelo<\/td><td colspan=\"3\">SW-200<\/td><\/tr><tr><td class=\"tbTit\" colspan=\"4\">Especificaciones generales<\/td><\/tr><tr><td class=\"tbLeft\">Tipo<\/td><td colspan=\"3\">Termotanque<\/td><\/tr><tr><td class=\"tbLeft\">Sistema<\/td><td colspan=\"3\">Atmosf\u00e9rico<\/td><\/tr><tr><td class=\"tbLeft\">Presi\u00f3n m\u00e1xima de trabajo<\/td><td colspan=\"3\">1 bar<\/td><\/tr><tr><td class=\"tbLeft\">Estructura de soporte \/ espesor (mm)<\/td><td colspan=\"3\">Acero Galvanizado \/ 1.5<\/td><\/tr><tr><td class=\"tbLeft\">Dimensiones (mm)<\/td><td colspan=\"3\">1520 x 1700 x 1530<\/td><\/tr><tr><td class=\"tbLeft\">\u00c1ngulo de inclinaci\u00f3n<\/td><td colspan=\"3\">45\u00b0<\/td><\/tr><tr><td class=\"tbLeft\">Cantidad de usuarios \/ personas<\/td><td colspan=\"3\">4 ~ 6<\/td><\/tr><tr class=\"tbBorderNone\"><td class=\"tbLeft\">Vida \u00fatil m\u00e1xima<\/td><td colspan=\"3\">M\u00e1s de 15 a\u00f1os<\/td><\/tr><tr><td class=\"tbTit\" colspan=\"4\">Especificaciones del tanque<\/td><\/tr><tr><td class=\"tbLeft\">Capacidad del tanque<\/td><td colspan=\"3\">200<\/td><\/tr><tr><td class=\"tbLeft\">Material tanque interno \/ espesor (mm)<\/td><td colspan=\"3\">Acero Inoxidable SUS304-2B \/ 0.51<\/td><\/tr><tr><td class=\"tbLeft\">Material tanque externo \/ espesor (mm)<\/td><td colspan=\"3\">Acero Galvanizado \/ 0.4<\/td><\/tr><tr><td class=\"tbLeft\">Di\u00e1metro tanque interno \/ externo (mm)<\/td><td colspan=\"3\">360 \/ 460<\/td><\/tr><tr class=\"tbBorderNone\"><td class=\"tbLeft\">Aislamiento t\u00e9rmico \/ espesor (mm)<\/td><td colspan=\"3\">Espuma de poliuretano de alta densidad \/ 50<\/td><\/tr><tr><td class=\"tbTit\" colspan=\"4\">Especificaciones de los tubos<\/td><\/tr><tr><td class=\"tbLeft\">Tipo<\/td><td colspan=\"3\">Atmosf\u00e9ricos \u2013 SW-TV<\/td><\/tr><tr><td class=\"tbLeft\">Cantidad<\/td><td colspan=\"3\">20<\/td><\/tr><tr><td class=\"tbLeft\">Di\u00e1metro (mm)<\/td><td colspan=\"3\">58<\/td><\/tr><tr><td class=\"tbLeft\">Longitud (mm)<\/td><td colspan=\"3\">1800<\/td><\/tr><tr><td class=\"tbLeft\">Material<\/td><td colspan=\"3\">vidrio \u2013 cristal borosilicato<\/td><\/tr><tr class=\"tbBorderNone\"><td class=\"tbLeft\">Barra de magnesio<\/td><td colspan=\"3\">S\u00ed<\/td><\/tr><tr><td class=\"tbTit\" colspan=\"4\">Especificaciones de temperatura<\/td><\/tr><tr><td class=\"tbLeft\">Temperatura promedio en verano<\/td><td colspan=\"3\">70\u00baC ~ 85\u00baC<\/td><\/tr><tr><td class=\"tbLeft\">Temperatura promedio en invierno<\/td><td colspan=\"3\">45\u00baC ~ 55\u00baC<\/td><\/tr><tr><td class=\"tbLeft\">Temperatura promedio inicial (verano)<\/td><td colspan=\"3\">\u2264 65\u00baC a los 90 min<\/td><\/tr><tr class=\"tbBorderNone\"><td class=\"tbLeft\">Preservaci\u00f3n del calor en tanque<\/td><td colspan=\"3\">60 ~ 72h<\/td><\/tr><tr><td class=\"tbTit\" colspan=\"4\">Especificaciones del embalaje<\/td><\/tr><tr><td class=\"tbLeft\">\u00a0<\/td><td>Cantidad de bultos<\/td><td>Dimensiones (mm)<\/td><td>Peso neto (kg)<\/td><\/tr><tr><td class=\"tbLeft\">Termotanque<\/td><td>1<\/td><td>1710 x 490 x 500<\/td><td>23<\/td><\/tr><tr><td class=\"tbLeft\">Tubos<\/td><td>2<\/td><td>1860 x 350 x 170<\/td><td>22<\/td><\/tr><tr><td class=\"tbLeft\">Soportes<\/td><td>1<\/td><td>1780 x 250 x 120<\/td><td>15<\/td><\/tr><\/tbody><\/table>\t\t\t\t\t\t\t<\/div>\n\t\t\t\t\t\t\t\t\t\t\t<\/div>\n\n\t\t\t\t\t\t\t<\/div>\n\t\t<\/div>\n\t\t\t\t\t\t<\/div>\n\t\t\t\t<\/div>\n\t\t\t\t\t<\/div>\n\t\t<\/div>\n\t\t\t\t\t<\/div>\n\t\t<\/section>\n\t\t\t\t\t<\/div>\n\t\t<\/div>\n\t\t\t\t\t<\/div>\n\t\t<\/section>\n\t\t\t\t<section class=\"wd-negative-gap elementor-section elementor-top-section elementor-element elementor-element-f15994a Link_Buttons elementor-section-boxed elementor-section-height-default elementor-section-height-default\" data-id=\"f15994a\" data-element_type=\"section\" data-e-type=\"section\" data-settings=\"{&quot;background_background&quot;:&quot;classic&quot;}\">\n\t\t\t\t\t\t<div class=\"elementor-container elementor-column-gap-custom\">\n\t\t\t\t\t<div class=\"elementor-column elementor-col-33 elementor-top-column elementor-element elementor-element-4091223\" data-id=\"4091223\" data-element_type=\"column\" data-e-type=\"column\">\n\t\t\t<div class=\"elementor-widget-wrap elementor-element-populated\">\n\t\t\t\t\t\t<div class=\"elementor-element elementor-element-f687048 elementor-view-framed elementor-shape-circle elementor-position-block-start elementor-mobile-position-block-start elementor-widget elementor-widget-icon-box\" data-id=\"f687048\" data-element_type=\"widget\" data-e-type=\"widget\" data-widget_type=\"icon-box.default\">\n\t\t\t\t\t\t\t<div class=\"elementor-icon-box-wrapper\">\n\n\t\t\t\t\t\t<div class=\"elementor-icon-box-icon\">\n\t\t\t\t<a href=\"https:\/\/enertik.com\/wp-content\/uploads\/sites\/3\/documentos\/manuales\/manual-termo-solar-sw-2.pdf\" target=\"_blank\" class=\"elementor-icon\" tabindex=\"-1\">\n\t\t\t\t<svg aria-hidden=\"true\" class=\"e-font-icon-svg e-fas-book\" viewBox=\"0 0 448 512\" xmlns=\"http:\/\/www.w3.org\/2000\/svg\"><path d=\"M448 360V24c0-13.3-10.7-24-24-24H96C43 0 0 43 0 96v320c0 53 43 96 96 96h328c13.3 0 24-10.7 24-24v-16c0-7.5-3.5-14.3-8.9-18.7-4.2-15.4-4.2-59.3 0-74.7 5.4-4.3 8.9-11.1 8.9-18.6zM128 134c0-3.3 2.7-6 6-6h212c3.3 0 6 2.7 6 6v20c0 3.3-2.7 6-6 6H134c-3.3 0-6-2.7-6-6v-20zm0 64c0-3.3 2.7-6 6-6h212c3.3 0 6 2.7 6 6v20c0 3.3-2.7 6-6 6H134c-3.3 0-6-2.7-6-6v-20zm253.4 250H96c-17.7 0-32-14.3-32-32 0-17.6 14.4-32 32-32h285.4c-1.9 17.1-1.9 46.9 0 64z\"><\/path><\/svg>\t\t\t\t<\/a>\n\t\t\t<\/div>\n\t\t\t\n\t\t\t\t\t\t<div class=\"elementor-icon-box-content\">\n\n\t\t\t\t\n\t\t\t\t\t\t\t\t\t<p class=\"elementor-icon-box-description\">\n\t\t\t\t\t\tMANUAL\t\t\t\t\t<\/p>\n\t\t\t\t\n\t\t\t<\/div>\n\t\t\t\n\t\t<\/div>\n\t\t\t\t\t\t<\/div>\n\t\t\t\t\t<\/div>\n\t\t<\/div>\n\t\t\t\t<div class=\"elementor-column elementor-col-33 elementor-top-column elementor-element elementor-element-ed72dab\" data-id=\"ed72dab\" data-element_type=\"column\" data-e-type=\"column\">\n\t\t\t<div class=\"elementor-widget-wrap elementor-element-populated\">\n\t\t\t\t\t\t<div class=\"elementor-element elementor-element-9aecbb0 elementor-view-framed elementor-shape-circle elementor-position-block-start elementor-mobile-position-block-start elementor-widget elementor-widget-icon-box\" data-id=\"9aecbb0\" data-element_type=\"widget\" data-e-type=\"widget\" data-widget_type=\"icon-box.default\">\n\t\t\t\t\t\t\t<div class=\"elementor-icon-box-wrapper\">\n\n\t\t\t\t\t\t<div class=\"elementor-icon-box-icon\">\n\t\t\t\t<a href=\"https:\/\/enertik.com\/wp-content\/uploads\/sites\/3\/instructivo-soporte-termo-solar-sw-2.pdf\" target=\"_blank\" class=\"elementor-icon\" tabindex=\"-1\">\n\t\t\t\t<svg aria-hidden=\"true\" class=\"e-font-icon-svg e-fas-book-reader\" viewBox=\"0 0 512 512\" xmlns=\"http:\/\/www.w3.org\/2000\/svg\"><path d=\"M352 96c0-53.02-42.98-96-96-96s-96 42.98-96 96 42.98 96 96 96 96-42.98 96-96zM233.59 241.1c-59.33-36.32-155.43-46.3-203.79-49.05C13.55 191.13 0 203.51 0 219.14v222.8c0 14.33 11.59 26.28 26.49 27.05 43.66 2.29 131.99 10.68 193.04 41.43 9.37 4.72 20.48-1.71 20.48-11.87V252.56c-.01-4.67-2.32-8.95-6.42-11.46zm248.61-49.05c-48.35 2.74-144.46 12.73-203.78 49.05-4.1 2.51-6.41 6.96-6.41 11.63v245.79c0 10.19 11.14 16.63 20.54 11.9 61.04-30.72 149.32-39.11 192.97-41.4 14.9-.78 26.49-12.73 26.49-27.06V219.14c-.01-15.63-13.56-28.01-29.81-27.09z\"><\/path><\/svg>\t\t\t\t<\/a>\n\t\t\t<\/div>\n\t\t\t\n\t\t\t\t\t\t<div class=\"elementor-icon-box-content\">\n\n\t\t\t\t\n\t\t\t\t\t\t\t\t\t<p class=\"elementor-icon-box-description\">\n\t\t\t\t\t\tINSTRUCTIVO DE ARMADO\t\t\t\t\t<\/p>\n\t\t\t\t\n\t\t\t<\/div>\n\t\t\t\n\t\t<\/div>\n\t\t\t\t\t\t<\/div>\n\t\t\t\t\t<\/div>\n\t\t<\/div>\n\t\t\t\t<div class=\"elementor-column elementor-col-33 elementor-top-column elementor-element elementor-element-a3a415a\" data-id=\"a3a415a\" data-element_type=\"column\" data-e-type=\"column\">\n\t\t\t<div class=\"elementor-widget-wrap elementor-element-populated\">\n\t\t\t\t\t\t<div class=\"elementor-element elementor-element-291bde2 elementor-view-framed elementor-shape-circle elementor-position-block-start elementor-mobile-position-block-start elementor-widget elementor-widget-icon-box\" data-id=\"291bde2\" data-element_type=\"widget\" data-e-type=\"widget\" data-widget_type=\"icon-box.default\">\n\t\t\t\t\t\t\t<div class=\"elementor-icon-box-wrapper\">\n\n\t\t\t\t\t\t<div class=\"elementor-icon-box-icon\">\n\t\t\t\t<a href=\"https:\/\/enertik.com\/wp-content\/uploads\/sites\/3\/documentos\/folletos\/ficha_sw-cl.pdf\" target=\"_blank\" class=\"elementor-icon\" tabindex=\"-1\">\n\t\t\t\t<svg aria-hidden=\"true\" class=\"e-font-icon-svg e-fas-book-open\" viewBox=\"0 0 576 512\" xmlns=\"http:\/\/www.w3.org\/2000\/svg\"><path d=\"M542.22 32.05c-54.8 3.11-163.72 14.43-230.96 55.59-4.64 2.84-7.27 7.89-7.27 13.17v363.87c0 11.55 12.63 18.85 23.28 13.49 69.18-34.82 169.23-44.32 218.7-46.92 16.89-.89 30.02-14.43 30.02-30.66V62.75c.01-17.71-15.35-31.74-33.77-30.7zM264.73 87.64C197.5 46.48 88.58 35.17 33.78 32.05 15.36 31.01 0 45.04 0 62.75V400.6c0 16.24 13.13 29.78 30.02 30.66 49.49 2.6 149.59 12.11 218.77 46.95 10.62 5.35 23.21-1.94 23.21-13.46V100.63c0-5.29-2.62-10.14-7.27-12.99z\"><\/path><\/svg>\t\t\t\t<\/a>\n\t\t\t<\/div>\n\t\t\t\n\t\t\t\t\t\t<div class=\"elementor-icon-box-content\">\n\n\t\t\t\t\n\t\t\t\t\t\t\t\t\t<p class=\"elementor-icon-box-description\">\n\t\t\t\t\t\tFOLLETO\t\t\t\t\t<\/p>\n\t\t\t\t\n\t\t\t<\/div>\n\t\t\t\n\t\t<\/div>\n\t\t\t\t\t\t<\/div>\n\t\t\t\t\t<\/div>\n\t\t<\/div>\n\t\t\t\t\t<\/div>\n\t\t<\/section>\n\t\t\t\t<\/div>\n\t\t","protected":false},"excerpt":{"rendered":"<p>(Tanque externo de acero galvanizado) Capacidad: 200L. Cantidad de usuarios: 4~6. Tanque interno de acero inoxidable 304. Espuma de poliuretano de alta densidad como aislante. Tubos de cristal borosilicato de alta calidad. Temperatura promedio en invierno 45\u00baC ~ 55\u00baC. Preservaci\u00f3n del calor en tanque durante 60 ~ 72h. Vida \u00fatil m\u00e1xima: 15 a\u00f1os.<\/p>\n","protected":false},"featured_media":9186,"comment_status":"open","ping_status":"closed","template":"","meta":{"_relevanssi_hide_post":"","_relevanssi_hide_content":"","_relevanssi_pin_for_all":"","_relevanssi_pin_keywords":"","_relevanssi_unpin_keywords":"","_relevanssi_related_keywords":"","_relevanssi_related_include_ids":"","_relevanssi_related_exclude_ids":"","_relevanssi_related_no_append":"","_relevanssi_related_not_related":"","_relevanssi_related_posts":"","_relevanssi_noindex_reason":"","inline_featured_image":false},"product_brand":[],"product_cat":[1709],"product_tag":[5122],"class_list":{"0":"post-10929","1":"product","2":"type-product","3":"status-publish","4":"has-post-thumbnail","6":"product_cat-termos-solares-atmosfericos","7":"product_tag-termo-solar-atmosferico","8":"pa_litros-200l","9":"pa_marca-enertik","10":"pa_material-acero-galvanizado","11":"pa_mpn-sw-200","12":"pa_mpn-sw-200sm","14":"first","15":"instock","16":"taxable","17":"shipping-taxable","18":"purchasable","19":"product-type-variable","20":"has-default-attributes"},"bundled_by":[],"bundle_stock_status":"instock","bundle_stock_quantity":null,"bundle_virtual":false,"bundle_layout":"","bundle_add_to_cart_form_location":"","bundle_editable_in_cart":false,"bundle_sold_individually_context":"","bundle_item_grouping":"","bundle_min_size":"","bundle_max_size":"","bundle_price":[],"bundled_items":[],"bundle_sell_ids":[],"group_of_quantity":0,"min_quantity":0,"max_quantity":"","exclude_order_quantity_value_rules":"no","exclude_category_quantity_rules":"no","combine_variations":"no","exclude_global_add_ons":false,"addons":[{"name":"Opciones de embalaje:","type":"multiple_choice","position":0,"required":true,"title_format":"label","default":"0","description_enable":false,"description":"","placeholder_enable":false,"placeholder":"","display":"radiobutton","restrictions_type":"any_text","adjust_price":false,"price":"","price_type":"flat_fee","restrictions":false,"min":"0","max":"0","options":[{"label":"Set de 2 cajones de madera para env\u00edo de tubos de vidrio (1 set por cada unidad comprada)","price":"66700","price_type":"quantity_based","image":0,"visibility":true},{"label":"Sin Embalaje (Retiro en bodega)","price":"","price_type":"flat_fee","image":0,"visibility":true}],"id":1747195940}],"_links":{"self":[{"href":"https:\/\/enertik.com\/cl\/wp-json\/wp\/v2\/product\/10929","targetHints":{"allow":["GET"]}}],"collection":[{"href":"https:\/\/enertik.com\/cl\/wp-json\/wp\/v2\/product"}],"about":[{"href":"https:\/\/enertik.com\/cl\/wp-json\/wp\/v2\/types\/product"}],"replies":[{"embeddable":true,"href":"https:\/\/enertik.com\/cl\/wp-json\/wp\/v2\/comments?post=10929"}],"version-history":[{"count":0,"href":"https:\/\/enertik.com\/cl\/wp-json\/wp\/v2\/product\/10929\/revisions"}],"wp:featuredmedia":[{"embeddable":true,"href":"https:\/\/enertik.com\/cl\/wp-json\/wp\/v2\/media\/9186"}],"wp:attachment":[{"href":"https:\/\/enertik.com\/cl\/wp-json\/wp\/v2\/media?parent=10929"}],"wp:term":[{"taxonomy":"product_brand","embeddable":true,"href":"https:\/\/enertik.com\/cl\/wp-json\/wp\/v2\/product_brand?post=10929"},{"taxonomy":"product_cat","embeddable":true,"href":"https:\/\/enertik.com\/cl\/wp-json\/wp\/v2\/product_cat?post=10929"},{"taxonomy":"product_tag","embeddable":true,"href":"https:\/\/enertik.com\/cl\/wp-json\/wp\/v2\/product_tag?post=10929"}],"curies":[{"name":"wp","href":"https:\/\/api.w.org\/{rel}","templated":true}]}}