{"id":10770,"date":"2023-02-21T11:09:38","date_gmt":"2023-02-21T14:09:38","guid":{"rendered":"https:\/\/test.enertik.com\/cl\/?post_type=product&#038;p=10770"},"modified":"2026-04-09T04:31:14","modified_gmt":"2026-04-09T08:31:14","slug":"regulador-de-carga-para-paneles-solares-con-usb-30a-12-24v","status":"publish","type":"product","link":"https:\/\/enertik.com\/cl\/tienda\/energia-solar-fotovoltaica\/reguladores-solares\/pwm\/regulador-de-carga-para-paneles-solares-con-usb-30a-12-24v\/","title":{"rendered":"Regulador de Carga para Paneles Solares &#8211; Con USB &#8211; 30A 12\/24V"},"content":{"rendered":"\t\t<div data-elementor-type=\"product-post\" data-elementor-id=\"10770\" class=\"elementor elementor-10770\" data-elementor-post-type=\"product\">\n\t\t\t\t\t\t<section class=\"wd-negative-gap elementor-section elementor-top-section elementor-element elementor-element-172645f Product_Description elementor-section-boxed elementor-section-height-default elementor-section-height-default\" data-id=\"172645f\" data-element_type=\"section\" data-e-type=\"section\">\n\t\t\t\t\t\t<div class=\"elementor-container elementor-column-gap-default\">\n\t\t\t\t\t<div class=\"elementor-column elementor-col-100 elementor-top-column elementor-element elementor-element-55b594a\" data-id=\"55b594a\" data-element_type=\"column\" data-e-type=\"column\" data-settings=\"{&quot;background_background&quot;:&quot;classic&quot;}\">\n\t\t\t<div class=\"elementor-widget-wrap elementor-element-populated\">\n\t\t\t\t\t\t<section class=\"wd-negative-gap elementor-section elementor-inner-section elementor-element elementor-element-7371ca6 elementor-section-boxed elementor-section-height-default elementor-section-height-default\" data-id=\"7371ca6\" data-element_type=\"section\" data-e-type=\"section\">\n\t\t\t\t\t\t<div class=\"elementor-container elementor-column-gap-default\">\n\t\t\t\t\t<div class=\"elementor-column elementor-col-100 elementor-inner-column elementor-element elementor-element-8434cd4\" data-id=\"8434cd4\" data-element_type=\"column\" data-e-type=\"column\">\n\t\t\t<div class=\"elementor-widget-wrap elementor-element-populated\">\n\t\t\t\t\t\t<div class=\"elementor-element elementor-element-8b1d36f elementor-widget elementor-widget-wd_tabs\" data-id=\"8b1d36f\" data-element_type=\"widget\" data-e-type=\"widget\" data-widget_type=\"wd_tabs.default\">\n\t\t\t\t<div class=\"elementor-widget-container\">\n\t\t\t\t\t\t\t<div class=\"wd-tabs tabs-design-default\">\n\t\t\t<div class=\"wd-tabs-header text-center\">\n\t\t\t\t\n\t\t\t\t\n\t\t\t\t<div class=\"wd-nav-wrapper wd-nav-tabs-wrapper wd-mb-action-swipe\">\n\t\t\t\t\t<ul class=\"wd-nav wd-nav-tabs wd-icon-pos-left wd-style-underline\">\n\t\t\t\t\t\t\t\t\t\t\t\t\t\n\t\t\t\t\t\t\t<li>\n\t\t\t\t\t\t\t\t<a href=\"#\" class=\"wd-nav-link\">\n\t\t\t\t\t\t\t\t\t\n\t\t\t\t\t\t\t\t\t<span class=\"nav-link-text wd-tabs-title\">\n\t\t\t\t\t\t\t\t\t\tDESCRIPCI\u00d3N\t\t\t\t\t\t\t\t\t<\/span>\n\t\t\t\t\t\t\t\t<\/a>\n\t\t\t\t\t\t\t<\/li>\n\n\t\t\t\t\t\t\t\t\t\t\t\t\t\n\t\t\t\t\t\t\t<li>\n\t\t\t\t\t\t\t\t<a href=\"#\" class=\"wd-nav-link\">\n\t\t\t\t\t\t\t\t\t\n\t\t\t\t\t\t\t\t\t<span class=\"nav-link-text wd-tabs-title\">\n\t\t\t\t\t\t\t\t\t\tESPECIFICACIONES\t\t\t\t\t\t\t\t\t<\/span>\n\t\t\t\t\t\t\t\t<\/a>\n\t\t\t\t\t\t\t<\/li>\n\n\t\t\t\t\t\t\t\t\t\t\t<\/ul>\n\t\t\t\t<\/div>\n\t\t\t<\/div>\n\n\t\t\t<div class=\"wd-tabs-content-wrapper\">\n\t\t\t\t\t\t\t\t\t\t\t\t\t\t\n\t\t\t\t\t<div class=\"wd-tab-content wd-entry-content\">\n\t\t\t\t\t\t\t\t\t\t\t\t\t<div >\n\t\t\t\t\t\t\t\t<h2>VENTAJAS<\/h2><ul><li class=\"ulBgColor\">Construcci\u00f3n robusta<\/li><li>Alta eficiencia<\/li><li class=\"ulBgColor\">Dise\u00f1o para montaje en pared<\/li><li>Sensor de temperatura<\/li><li class=\"ulBgColor\">Display LCD<\/li><li>Puertos USB<\/li><li class=\"ulBgColor\">Extiende la vida \u00fatil de la bater\u00eda a trav\u00e9s de un sensor de temperatura remoto preciso<\/li><li>Funci\u00f3n de estad\u00edsticas de energ\u00eda en tiempo real<\/li><\/ul><p>\u00a0<\/p><h2>PRECAUCI\u00d3N<\/h2><ul class=\"ulMiddle\"><li class=\"ulBgColor\">La salida de carga auxiliar puede manejar como m\u00e1ximo 50% de la corriente nominal del equipo. No es apta para conectar cargas de alta potencia como ser inversores.<\/li><\/ul><h2>\u00a0<\/h2>\t\t\t\t\t\t\t<\/div>\n\t\t\t\t\t\t\t\t\t\t\t<\/div>\n\n\t\t\t\t\t\t\t\t\t\t\t\t\t\t\n\t\t\t\t\t<div class=\"wd-tab-content wd-entry-content\">\n\t\t\t\t\t\t\t\t\t\t\t\t\t<div >\n\t\t\t\t\t\t\t\t<table><tbody><tr class=\"tbBorderNone\"><td class=\"tbLeft\">Modelo<\/td><td>MA-30-12\/24<\/td><\/tr><tr class=\"tbBorderNone\"><td class=\"tbTit\" colspan=\"3\">Especificaciones t\u00e9cnicas<\/td><\/tr><tr><td class=\"tbLeft\">Tensi\u00f3n de sistema<\/td><td>12V \/ 24V; reconocimiento autom\u00e1tico<\/td><\/tr><tr class=\"tbBorderNone\"><td class=\"tbLeft\">Consumo propio<\/td><td>&lt; 5mA<\/td><\/tr><tr class=\"tbBorderNone\"><td class=\"tbTit\" colspan=\"3\">Datos de entrada CC<\/td><\/tr><tr><td class=\"tbLeft\">Corriente del m\u00f3dulo<\/td><td>30A<\/td><\/tr><tr><td class=\"tbLeft\">Potencia m\u00e1xima de panel<\/td><td>450W (12V) | 900W (24V)<\/td><\/tr><tr class=\"tbBorderNone\"><td class=\"tbLeft\">Tensi\u00f3n m\u00e1xima en terminal del panel<\/td><td>55V<\/td><\/tr><tr class=\"tbBorderNone\"><td class=\"tbTit\" colspan=\"3\">Datos de salida CC<\/td><\/tr><tr><td class=\"tbLeft\">Corriente de salida<\/td><td>30A<\/td><\/tr><tr><td class=\"tbLeft\">Tipo de bater\u00eda<\/td><td>L\u00edquida | Gel | AGM (por defecto: GEL)<\/td><\/tr><tr><td class=\"tbLeft\">Tensi\u00f3n de absorci\u00f3n<\/td><td>14.5V \/ 29.0V<\/td><\/tr><tr><td class=\"tbLeft\">Tensi\u00f3n de ecualizaci\u00f3n<\/td><td>14.8V \/ 29.6V (L\u00edquida, AGM)<\/td><\/tr><tr><td class=\"tbLeft\">Tensi\u00f3n de flote<\/td><td>13.7V \/ 27.4V<\/td><\/tr><tr><td class=\"tbLeft\">Tensi\u00f3n de reconexi\u00f3n (LRV)<\/td><td>11.6~12.8V \/ 23.2~25.6V<\/td><\/tr><tr><td class=\"tbLeft\">Protecci\u00f3n contra descarga profunda (LVD)<\/td><td>10.8~11.8V \/ 21.6~23.6V<\/td><\/tr><tr><td class=\"tbLeft\">Protecci\u00f3n de sobrecarga<\/td><td>15.5 \/ 31.0V<\/td><\/tr><tr><td class=\"tbLeft\">Tensi\u00f3n m\u00e1xima en terminal de bater\u00eda<\/td><td>35V<\/td><\/tr><tr class=\"tbBorderNone\"><td class=\"tbLeft\">Compensaci\u00f3n de temperatura<\/td><td>-4.17mV\/K por celda (Absorci\u00f3n, Ecualizaci\u00f3n), -3.33mV\/K por celda (Flote)<\/td><\/tr><tr class=\"tbBorderNone\"><td class=\"tbTit\" colspan=\"3\">Datos de salida de carga<\/td><\/tr><tr><td class=\"tbLeft\">Corriente de salida<\/td><td>30A<\/td><\/tr><tr><td class=\"tbLeft\">Puerto USB<\/td><td>S\u00ed (5VCC, 2A)<\/td><\/tr><tr class=\"tbBorderNone\"><td class=\"tbLeft\">Modos<\/td><td>Siempre encendido, nocturno, vespertino, manual<\/td><\/tr><tr class=\"tbBorderNone\"><td class=\"tbTit\" colspan=\"3\">Datos generales<\/td><\/tr><tr><td class=\"tbLeft\">Tipo de conexi\u00f3n<\/td><td>Positivo com\u00fan<\/td><\/tr><tr><td class=\"tbLeft\">Grado de protecci\u00f3n<\/td><td>IP32<\/td><\/tr><tr><td class=\"tbLeft\">Temperatura ambiente<\/td><td>-20\u00b0C ~ +50\u00b0C<\/td><\/tr><tr><td class=\"tbLeft\">Humedad<\/td><td>0 ~ 100%RH<\/td><\/tr><tr><td class=\"tbLeft\">Altitud max.<\/td><td>4000m<\/td><\/tr><tr><td class=\"tbLeft\">Secci\u00f3n de cable min.<\/td><td>6 mm\u00b2<\/td><\/tr><tr class=\"tbBorderNone\"><td class=\"tbLeft\">Secci\u00f3n de cable m\u00e1x.<\/td><td>16 mm\u00b2<\/td><\/tr><tr class=\"tbBorderNone\"><td class=\"tbTit\" colspan=\"3\">Especificaciones f\u00edsicas<\/td><\/tr><tr><td class=\"tbLeft\">Dimensiones (mm)<\/td><td>189 x 96 x 53<\/td><\/tr><tr><td class=\"tbLeft\">Peso neto (kg)<\/td><td>0.420<\/td><\/tr><\/tbody><\/table>\t\t\t\t\t\t\t<\/div>\n\t\t\t\t\t\t\t\t\t\t\t<\/div>\n\n\t\t\t\t\t\t\t<\/div>\n\t\t<\/div>\n\t\t\t\t\t\t<\/div>\n\t\t\t\t<\/div>\n\t\t\t\t\t<\/div>\n\t\t<\/div>\n\t\t\t\t\t<\/div>\n\t\t<\/section>\n\t\t\t\t\t<\/div>\n\t\t<\/div>\n\t\t\t\t\t<\/div>\n\t\t<\/section>\n\t\t\t\t<section class=\"wd-negative-gap elementor-section elementor-top-section elementor-element elementor-element-5a0b851 Link_Buttons elementor-section-boxed elementor-section-height-default elementor-section-height-default\" data-id=\"5a0b851\" data-element_type=\"section\" data-e-type=\"section\" data-settings=\"{&quot;background_background&quot;:&quot;classic&quot;}\">\n\t\t\t\t\t\t<div class=\"elementor-container elementor-column-gap-custom\">\n\t\t\t\t\t<div class=\"elementor-column elementor-col-100 elementor-top-column elementor-element elementor-element-02cd8e0\" data-id=\"02cd8e0\" data-element_type=\"column\" data-e-type=\"column\">\n\t\t\t<div class=\"elementor-widget-wrap elementor-element-populated\">\n\t\t\t\t\t\t<div class=\"elementor-element elementor-element-3cb51ac elementor-view-framed elementor-shape-circle elementor-position-block-start elementor-mobile-position-block-start elementor-widget elementor-widget-icon-box\" data-id=\"3cb51ac\" data-element_type=\"widget\" data-e-type=\"widget\" data-widget_type=\"icon-box.default\">\n\t\t\t\t\t\t\t<div class=\"elementor-icon-box-wrapper\">\n\n\t\t\t\t\t\t<div class=\"elementor-icon-box-icon\">\n\t\t\t\t<a href=\"https:\/\/enertik.com\/wp-content\/uploads\/sites\/2\/documentos\/manuales\/manual-regulador-de-carga-solar-ma.pdf\" target=\"_blank\" class=\"elementor-icon\" tabindex=\"-1\">\n\t\t\t\t<svg aria-hidden=\"true\" class=\"e-font-icon-svg e-fas-book\" viewBox=\"0 0 448 512\" xmlns=\"http:\/\/www.w3.org\/2000\/svg\"><path d=\"M448 360V24c0-13.3-10.7-24-24-24H96C43 0 0 43 0 96v320c0 53 43 96 96 96h328c13.3 0 24-10.7 24-24v-16c0-7.5-3.5-14.3-8.9-18.7-4.2-15.4-4.2-59.3 0-74.7 5.4-4.3 8.9-11.1 8.9-18.6zM128 134c0-3.3 2.7-6 6-6h212c3.3 0 6 2.7 6 6v20c0 3.3-2.7 6-6 6H134c-3.3 0-6-2.7-6-6v-20zm0 64c0-3.3 2.7-6 6-6h212c3.3 0 6 2.7 6 6v20c0 3.3-2.7 6-6 6H134c-3.3 0-6-2.7-6-6v-20zm253.4 250H96c-17.7 0-32-14.3-32-32 0-17.6 14.4-32 32-32h285.4c-1.9 17.1-1.9 46.9 0 64z\"><\/path><\/svg>\t\t\t\t<\/a>\n\t\t\t<\/div>\n\t\t\t\n\t\t\t\t\t\t<div class=\"elementor-icon-box-content\">\n\n\t\t\t\t\n\t\t\t\t\t\t\t\t\t<p class=\"elementor-icon-box-description\">\n\t\t\t\t\t\tMANUAL\t\t\t\t\t<\/p>\n\t\t\t\t\n\t\t\t<\/div>\n\t\t\t\n\t\t<\/div>\n\t\t\t\t\t\t<\/div>\n\t\t\t\t\t<\/div>\n\t\t<\/div>\n\t\t\t\t\t<\/div>\n\t\t<\/section>\n\t\t\t\t<\/div>\n\t\t","protected":false},"excerpt":{"rendered":"<p>Compatible con bater\u00edas AGM, GEL y Litio. Corriente de salida: 30A. Voltaje de entrada m\u00e1ximo desde paneles: 55V. Reconocimiento de voltaje autom\u00e1tico. Incluye salida auxiliar. Permite montaje en pared. La pantalla integrada muestra todos los datos a tiempo real. Incorpora dos salidas USB. Se pued elegir entre distintos modos de control\/carga . Protecci\u00f3n contra sobrecalentamiento y monitoreo remoto con accesorios. Grado de protecci\u00f3n IP32. Est\u00e1 preparado para funcionar dentro del Internet de las Cosas (IoT) y tiene interfaz RS485(RJ11) incorporado<\/p>\n","protected":false},"featured_media":9233,"comment_status":"open","ping_status":"closed","template":"","meta":{"_relevanssi_hide_post":"","_relevanssi_hide_content":"","_relevanssi_pin_for_all":"","_relevanssi_pin_keywords":"","_relevanssi_unpin_keywords":"","_relevanssi_related_keywords":"","_relevanssi_related_include_ids":"","_relevanssi_related_exclude_ids":"","_relevanssi_related_no_append":"","_relevanssi_related_not_related":"","_relevanssi_related_posts":"","_relevanssi_noindex_reason":"","inline_featured_image":false},"product_brand":[],"product_cat":[1698,1697],"product_tag":[1958],"class_list":{"0":"post-10770","1":"product","2":"type-product","3":"status-publish","4":"has-post-thumbnail","6":"product_cat-pwm","7":"product_cat-reguladores-solares","8":"product_tag-nuevos","9":"pa_corriente-30a","10":"pa_gtin-3913","11":"pa_marca-enertik","12":"pa_mpn-ma-30-12-24","13":"pa_serie-serie-ma","14":"pa_voltaje-12v","15":"pa_voltaje-24v","17":"first","18":"instock","19":"taxable","20":"shipping-taxable","21":"purchasable","22":"product-type-simple"},"bundled_by":["11817"],"bundle_stock_status":"instock","bundle_stock_quantity":9,"bundle_virtual":false,"bundle_layout":"","bundle_add_to_cart_form_location":"","bundle_editable_in_cart":false,"bundle_sold_individually_context":"","bundle_item_grouping":"","bundle_min_size":"","bundle_max_size":"","bundle_price":[],"bundled_items":[],"bundle_sell_ids":[],"group_of_quantity":0,"min_quantity":0,"max_quantity":"","exclude_order_quantity_value_rules":"no","exclude_category_quantity_rules":"no","combine_variations":"no","exclude_global_add_ons":[],"addons":[],"_links":{"self":[{"href":"https:\/\/enertik.com\/cl\/wp-json\/wp\/v2\/product\/10770","targetHints":{"allow":["GET"]}}],"collection":[{"href":"https:\/\/enertik.com\/cl\/wp-json\/wp\/v2\/product"}],"about":[{"href":"https:\/\/enertik.com\/cl\/wp-json\/wp\/v2\/types\/product"}],"replies":[{"embeddable":true,"href":"https:\/\/enertik.com\/cl\/wp-json\/wp\/v2\/comments?post=10770"}],"version-history":[{"count":0,"href":"https:\/\/enertik.com\/cl\/wp-json\/wp\/v2\/product\/10770\/revisions"}],"wp:featuredmedia":[{"embeddable":true,"href":"https:\/\/enertik.com\/cl\/wp-json\/wp\/v2\/media\/9233"}],"wp:attachment":[{"href":"https:\/\/enertik.com\/cl\/wp-json\/wp\/v2\/media?parent=10770"}],"wp:term":[{"taxonomy":"product_brand","embeddable":true,"href":"https:\/\/enertik.com\/cl\/wp-json\/wp\/v2\/product_brand?post=10770"},{"taxonomy":"product_cat","embeddable":true,"href":"https:\/\/enertik.com\/cl\/wp-json\/wp\/v2\/product_cat?post=10770"},{"taxonomy":"product_tag","embeddable":true,"href":"https:\/\/enertik.com\/cl\/wp-json\/wp\/v2\/product_tag?post=10770"}],"curies":[{"name":"wp","href":"https:\/\/api.w.org\/{rel}","templated":true}]}}