{"id":10546,"date":"2023-02-21T11:08:55","date_gmt":"2023-02-21T14:08:55","guid":{"rendered":"https:\/\/test.enertik.com\/cl\/?post_type=product&#038;p=10546"},"modified":"2026-04-02T05:37:44","modified_gmt":"2026-04-02T08:37:44","slug":"cable-fotovoltaico-bipolar-2-5mm%c2%b2-negrorojo-1-metro","status":"publish","type":"product","link":"https:\/\/enertik.com\/cl\/tienda\/otros-productos\/accesorios-y-protecciones\/cable-fotovoltaico-bipolar-2-5mm%C2%B2-negrorojo-1-metro\/","title":{"rendered":"Cable Fotovoltaico Bipolar 2.5mm\u00b2 &#8211; Negro+Rojo (1 Metro)"},"content":{"rendered":"\t\t<div data-elementor-type=\"product-post\" data-elementor-id=\"10546\" class=\"elementor elementor-10546\" data-elementor-post-type=\"product\">\n\t\t\t\t\t\t<section class=\"wd-negative-gap elementor-section elementor-top-section elementor-element elementor-element-f99090b Product_Description elementor-section-boxed elementor-section-height-default elementor-section-height-default\" data-id=\"f99090b\" data-element_type=\"section\" data-e-type=\"section\">\n\t\t\t\t\t\t<div class=\"elementor-container elementor-column-gap-default\">\n\t\t\t\t\t<div class=\"elementor-column elementor-col-100 elementor-top-column elementor-element elementor-element-e4ed445\" data-id=\"e4ed445\" data-element_type=\"column\" data-e-type=\"column\" data-settings=\"{&quot;background_background&quot;:&quot;classic&quot;}\">\n\t\t\t<div class=\"elementor-widget-wrap elementor-element-populated\">\n\t\t\t\t\t\t<section class=\"wd-negative-gap elementor-section elementor-inner-section elementor-element elementor-element-2e5b566 elementor-section-boxed elementor-section-height-default elementor-section-height-default\" data-id=\"2e5b566\" data-element_type=\"section\" data-e-type=\"section\">\n\t\t\t\t\t\t<div class=\"elementor-container elementor-column-gap-default\">\n\t\t\t\t\t<div class=\"elementor-column elementor-col-100 elementor-inner-column elementor-element elementor-element-7ebc5d6\" data-id=\"7ebc5d6\" data-element_type=\"column\" data-e-type=\"column\">\n\t\t\t<div class=\"elementor-widget-wrap elementor-element-populated\">\n\t\t\t\t\t\t<div class=\"elementor-element elementor-element-7fa4965 elementor-widget elementor-widget-wd_tabs\" data-id=\"7fa4965\" data-element_type=\"widget\" data-e-type=\"widget\" data-widget_type=\"wd_tabs.default\">\n\t\t\t\t<div class=\"elementor-widget-container\">\n\t\t\t\t\t\t\t<div class=\"wd-tabs tabs-design-default\">\n\t\t\t<div class=\"wd-tabs-header text-center\">\n\t\t\t\t\n\t\t\t\t\n\t\t\t\t<div class=\"wd-nav-wrapper wd-nav-tabs-wrapper wd-mb-action-swipe\">\n\t\t\t\t\t<ul class=\"wd-nav wd-nav-tabs wd-icon-pos-left wd-style-underline\">\n\t\t\t\t\t\t\t\t\t\t\t\t\t\n\t\t\t\t\t\t\t<li>\n\t\t\t\t\t\t\t\t<a href=\"#\" class=\"wd-nav-link\">\n\t\t\t\t\t\t\t\t\t\n\t\t\t\t\t\t\t\t\t<span class=\"nav-link-text wd-tabs-title\">\n\t\t\t\t\t\t\t\t\t\tESPECIFICACIONES\t\t\t\t\t\t\t\t\t<\/span>\n\t\t\t\t\t\t\t\t<\/a>\n\t\t\t\t\t\t\t<\/li>\n\n\t\t\t\t\t\t\t\t\t\t\t<\/ul>\n\t\t\t\t<\/div>\n\t\t\t<\/div>\n\n\t\t\t<div class=\"wd-tabs-content-wrapper\">\n\t\t\t\t\t\t\t\t\t\t\t\t\t\t\n\t\t\t\t\t<div class=\"wd-tab-content wd-entry-content\">\n\t\t\t\t\t\t\t\t\t\t\t\t\t<div >\n\t\t\t\t\t\t\t\t\n<table>\n<tbody>\n<tr class=\"tbBorderNone\">\n<td class=\"tbLeft\">Modelo<\/td>\n<td>C40D1854BK-M<\/td>\n<\/tr>\n<tr class=\"tbBorderNone\">\n<td class=\"tbTit\" colspan=\"2\">Especificaciones t\u00e9cnicas<\/td>\n<\/tr>\n<tr>\n<td class=\"tbLeft\">Secci\u00f3n de cable<\/td>\n<td>2.5mm\u00b2<\/td>\n<\/tr>\n<tr>\n<td class=\"tbLeft\">Cantidad de conductores<\/td>\n<td>2<\/td>\n<\/tr>\n<tr>\n<td class=\"tbLeft\">Material conductor<\/td>\n<td>Cobre, esta\u00f1ado<\/td>\n<\/tr>\n<tr>\n<td class=\"tbLeft\">Voltaje<\/td>\n<td>1000V<\/td>\n<\/tr>\n<tr>\n<td class=\"tbLeft\">Inflamable<\/td>\n<td>No<\/td>\n<\/tr>\n<tr>\n<td class=\"tbLeft\">Temperatura<\/td>\n<td>-40\u00baC ~ 90\u00baC<\/td>\n<\/tr>\n<tr>\n<td class=\"tbLeft\">Recubrimiento externo<\/td>\n<td>XLPE Negro<\/td>\n<\/tr>\n<tr>\n<td class=\"tbLeft\">Aislaci\u00f3n interna<\/td>\n<td>XLPE Negro y XLPE Rojo<\/td>\n<\/tr>\n<tr class=\"tbBorderNone\">\n<td class=\"tbLeft\">Certificaci\u00f3n<\/td>\n<td>T\u00dcV EN50618<\/td>\n<\/tr>\n<\/tbody>\n<\/table>\n\t\t\t\t\t\t\t<\/div>\n\t\t\t\t\t\t\t\t\t\t\t<\/div>\n\n\t\t\t\t\t\t\t<\/div>\n\t\t<\/div>\n\t\t\t\t\t\t<\/div>\n\t\t\t\t<\/div>\n\t\t\t\t\t<\/div>\n\t\t<\/div>\n\t\t\t\t\t<\/div>\n\t\t<\/section>\n\t\t\t\t\t<\/div>\n\t\t<\/div>\n\t\t\t\t\t<\/div>\n\t\t<\/section>\n\t\t\t\t<\/div>\n\t\t","protected":false},"excerpt":{"rendered":"<p>Cable fotovoltaico bipolar de secci\u00f3n 2.5 mm. Tiene dos conductores y nos permite armar el sistema de forma est\u00e9tica y m\u00e1s organizada. Material: Cobre, esta\u00f1ado. Apto para grupos de paneles solares con tensi\u00f3n nominal menor que 1000V. Recubrimiento XLPE. T\u00dcV EN50618.<\/p>\n","protected":false},"featured_media":9447,"comment_status":"open","ping_status":"closed","template":"","meta":{"_relevanssi_hide_post":"","_relevanssi_hide_content":"","_relevanssi_pin_for_all":"","_relevanssi_pin_keywords":"","_relevanssi_unpin_keywords":"","_relevanssi_related_keywords":"","_relevanssi_related_include_ids":"","_relevanssi_related_exclude_ids":"","_relevanssi_related_no_append":"","_relevanssi_related_not_related":"","_relevanssi_related_posts":"","_relevanssi_noindex_reason":"","inline_featured_image":false},"product_brand":[],"product_cat":[1690],"product_tag":[],"class_list":{"0":"post-10546","1":"product","2":"type-product","3":"status-publish","4":"has-post-thumbnail","6":"product_cat-cables-fotovoltaicos","7":"pa_marca-enertik","8":"pa_mpn-c40d1854bk-m","10":"first","11":"instock","12":"taxable","13":"shipping-taxable","14":"purchasable","15":"product-type-simple"},"bundled_by":["11820"],"bundle_stock_status":"instock","bundle_stock_quantity":1940,"bundle_virtual":false,"bundle_layout":"","bundle_add_to_cart_form_location":"","bundle_editable_in_cart":false,"bundle_sold_individually_context":"","bundle_item_grouping":"","bundle_min_size":"","bundle_max_size":"","bundle_price":[],"bundled_items":[],"bundle_sell_ids":[],"group_of_quantity":10,"min_quantity":10,"max_quantity":"","exclude_order_quantity_value_rules":"no","exclude_category_quantity_rules":"no","combine_variations":"no","exclude_global_add_ons":[],"addons":[],"_links":{"self":[{"href":"https:\/\/enertik.com\/cl\/wp-json\/wp\/v2\/product\/10546","targetHints":{"allow":["GET"]}}],"collection":[{"href":"https:\/\/enertik.com\/cl\/wp-json\/wp\/v2\/product"}],"about":[{"href":"https:\/\/enertik.com\/cl\/wp-json\/wp\/v2\/types\/product"}],"replies":[{"embeddable":true,"href":"https:\/\/enertik.com\/cl\/wp-json\/wp\/v2\/comments?post=10546"}],"version-history":[{"count":0,"href":"https:\/\/enertik.com\/cl\/wp-json\/wp\/v2\/product\/10546\/revisions"}],"wp:featuredmedia":[{"embeddable":true,"href":"https:\/\/enertik.com\/cl\/wp-json\/wp\/v2\/media\/9447"}],"wp:attachment":[{"href":"https:\/\/enertik.com\/cl\/wp-json\/wp\/v2\/media?parent=10546"}],"wp:term":[{"taxonomy":"product_brand","embeddable":true,"href":"https:\/\/enertik.com\/cl\/wp-json\/wp\/v2\/product_brand?post=10546"},{"taxonomy":"product_cat","embeddable":true,"href":"https:\/\/enertik.com\/cl\/wp-json\/wp\/v2\/product_cat?post=10546"},{"taxonomy":"product_tag","embeddable":true,"href":"https:\/\/enertik.com\/cl\/wp-json\/wp\/v2\/product_tag?post=10546"}],"curies":[{"name":"wp","href":"https:\/\/api.w.org\/{rel}","templated":true}]}}