{"id":52426,"date":"2025-09-05T14:17:50","date_gmt":"2025-09-05T18:17:50","guid":{"rendered":"https:\/\/enertik.com\/cl\/?page_id=52426"},"modified":"2025-09-07T09:10:29","modified_gmt":"2025-09-07T12:10:29","slug":"calculadoras","status":"publish","type":"page","link":"https:\/\/enertik.com\/cl\/calculadoras\/","title":{"rendered":"Calculadoras"},"content":{"rendered":"\t\t<div data-elementor-type=\"wp-page\" data-elementor-id=\"52426\" class=\"elementor elementor-52426\" data-elementor-post-type=\"page\">\n\t\t\t\t\t\t<section class=\"wd-negative-gap elementor-section elementor-top-section elementor-element elementor-element-6ae5d25 elementor-section-boxed elementor-section-height-default elementor-section-height-default\" data-id=\"6ae5d25\" data-element_type=\"section\" data-e-type=\"section\">\n\t\t\t\t\t\t<div class=\"elementor-container elementor-column-gap-default\">\n\t\t\t\t\t<div class=\"elementor-column elementor-col-100 elementor-top-column elementor-element elementor-element-faf764a\" data-id=\"faf764a\" data-element_type=\"column\" data-e-type=\"column\">\n\t\t\t<div class=\"elementor-widget-wrap elementor-element-populated\">\n\t\t\t\t\t\t<div class=\"elementor-element elementor-element-70bcf3c elementor-widget elementor-widget-heading\" data-id=\"70bcf3c\" data-element_type=\"widget\" data-e-type=\"widget\" data-widget_type=\"heading.default\">\n\t\t\t\t\t<h1 class=\"elementor-heading-title elementor-size-default\">Calculador Solar y Secci\u00f3n de Cables<\/h1>\t\t\t\t<\/div>\n\t\t\t\t\t<\/div>\n\t\t<\/div>\n\t\t\t\t\t<\/div>\n\t\t<\/section>\n\t\t\t\t<section class=\"wd-negative-gap elementor-section elementor-top-section elementor-element elementor-element-c078e42 elementor-section-boxed elementor-section-height-default elementor-section-height-default\" data-id=\"c078e42\" data-element_type=\"section\" data-e-type=\"section\">\n\t\t\t\t\t\t<div class=\"elementor-container elementor-column-gap-default\">\n\t\t\t\t\t<div class=\"elementor-column elementor-col-100 elementor-top-column elementor-element elementor-element-97cc13e\" data-id=\"97cc13e\" data-element_type=\"column\" data-e-type=\"column\">\n\t\t\t<div class=\"elementor-widget-wrap elementor-element-populated\">\n\t\t\t\t\t\t<div class=\"elementor-element elementor-element-7283ea4 elementor-widget__width-initial elementor-widget elementor-widget-wd_text_block\" data-id=\"7283ea4\" data-element_type=\"widget\" data-e-type=\"widget\" data-widget_type=\"wd_text_block.default\">\n\t\t\t\t<div class=\"elementor-widget-container\">\n\t\t\t\t\t\t\t<div class=\"wd-text-block reset-last-child text-left\">\n\t\t\t\n\t\t\t<p>Con nuestra calculadora de conductores el\u00e9ctricos, podr\u00e1s determinar f\u00e1cilmente la secci\u00f3n del cable (en mm\u00b2 o AWG) adecuada para cualquier instalaci\u00f3n. Solo debes ingresar el voltaje, la corriente y la distancia para calcular la ca\u00edda de tensi\u00f3n y asegurar la m\u00e1xima eficiencia en tus circuitos de corriente continua, alterna monof\u00e1sica y trif\u00e1sica. Evita recalentamientos y p\u00e9rdidas de energ\u00eda escogiendo siempre el calibre correcto.<\/p><p>Si tu proyecto es de energ\u00eda solar, nuestra calculadora fotovoltaica es la herramienta ideal. Te ayuda a dimensionar tu sistema de paneles solares de manera r\u00e1pida y sencilla. Calcula cu\u00e1ntos paneles solares necesitas, la potencia del inversor y la capacidad de las bater\u00edas, ya sea para sistemas conectados a la red (on-grid) o para sistemas independientes (off-grid).<\/p>\n\t\t\t\t\t<\/div>\n\t\t\t\t\t\t<\/div>\n\t\t\t\t<\/div>\n\t\t\t\t\t<\/div>\n\t\t<\/div>\n\t\t\t\t\t<\/div>\n\t\t<\/section>\n\t\t\t\t<section class=\"wd-negative-gap elementor-section elementor-top-section elementor-element elementor-element-8eeafec elementor-section-full_width elementor-section-height-default elementor-section-height-default\" data-id=\"8eeafec\" data-element_type=\"section\" data-e-type=\"section\">\n\t\t\t\t\t\t<div class=\"elementor-container elementor-column-gap-default\">\n\t\t\t\t\t<div class=\"elementor-column elementor-col-50 elementor-top-column elementor-element elementor-element-b15c053\" data-id=\"b15c053\" data-element_type=\"column\" data-e-type=\"column\">\n\t\t\t<div class=\"elementor-widget-wrap elementor-element-populated\">\n\t\t\t\t\t\t<div class=\"elementor-element elementor-element-859ed59 elementor-widget elementor-widget-html\" data-id=\"859ed59\" data-element_type=\"widget\" data-e-type=\"widget\" data-widget_type=\"html.default\">\n\t\t\t\t\t<div id=\"enertik-solar-calculator-wrapper\" class=\"enertik-wrap\">\n<div class=\"enertik-container\">\n    <div class=\"enertik-card\">\n      <div class=\"enertik-card-header\">\n        <h1>\u2600\ufe0f Calculadora Solar<\/h1>\n        <p>Selecciona tu tipo de sistema y planifica tu proyecto.<\/p>\n      <\/div>\n      <div class=\"enertik-card-body\">\n<div class=\"mode-selector segmented\">\n          <button id=\"enertik-solar-on-grid-btn\" class=\"mode-btn active\"><span class=\"icon\">\u26a1<\/span><span>Conectado a Red (On-Grid)<\/span><\/button>\n          <button id=\"enertik-solar-off-grid-btn\" class=\"mode-btn off\"><span class=\"icon\">\ud83d\udd0b<\/span><span>Aislado (Off-Grid)<\/span><\/button>\n        <\/div>\n\n        <div id=\"enertik-solar-on-grid-inputs\">\n          <div class=\"form-section\">\n            <p class=\"section-description\">Ideal para reducir tu factura de luz aprovechando la red el\u00e9ctrica existente.<\/p>\n            <div class=\"form-row\">\n              <div class=\"form-group\">\n                <label for=\"enertik-solar-consumo-anual\">Consumo el\u00e9ctrico anual (kWh)<\/label>\n                <input type=\"number\" id=\"enertik-solar-consumo-anual\" value=\"4500\" min=\"1\" step=\"1\">\n              <\/div>\n              <div class=\"form-group\">\n                <label for=\"enertik-solar-objetivo-cobertura\">Cobertura deseada (%)<\/label>\n                <input type=\"number\" id=\"enertik-solar-objetivo-cobertura\" value=\"70\" min=\"1\" max=\"200\" step=\"1\">\n                <p class=\"help\">Ej.: 100% cubre todo tu consumo; 70% para reducir costo sin sobredimensionar.<\/p>\n              <\/div>\n            <\/div>\n\n            <div class=\"form-group\">\n              <label>Horas de Sol Pico <button type=\"button\" class=\"help-badge enertik-solar-hsp-trigger\">?<\/button><\/label>\n              \n        <div class=\"form-row hsp-loc-row hsp-loc-on\">\n          <div class=\"form-group\" style=\"flex:2\">\n            <label>Ubicaci\u00f3n<\/label>\n            <input type=\"text\" id=\"enertik-solar-place-on\" placeholder=\"Ciudad, direcci\u00f3n...\" data-gmaps=\"1\">\n            <small>Us\u00e1 el autocompletado para fijar coordenadas.<\/small>\n          <\/div>\n          <div class=\"form-group\" style=\"align-self:flex-end\">\n            <button type=\"button\" id=\"enertik-solar-climate-refresh-on\" class=\"btn-secondary\">Actualizar datos clim\u00e1ticos<\/button>\n            <small id=\"enertik-solar-climate-status-on\">HSP listo para la ubicaci\u00f3n<\/small>\n          <\/div>\n        <\/div>\n<div class=\"form-row\">\n                <div class=\"form-group\">\n                  <label for=\"enertik-solar-horas-sol-winter-on-grid\">Invierno<\/label>\n                  <input type=\"number\" id=\"enertik-solar-horas-sol-winter-on-grid\" value=\"3\" step=\"0.1\" min=\"0\" max=\"12\">\n                <\/div>\n                <div class=\"form-group\">\n                  <label for=\"enertik-solar-horas-sol-summer-on-grid\">Verano<\/label>\n                  <input type=\"number\" id=\"enertik-solar-horas-sol-summer-on-grid\" value=\"6\" step=\"0.1\" min=\"0\" max=\"12\">\n                <\/div>\n                <div class=\"form-group\">\n                  <label for=\"enertik-solar-horas-sol-avg-on-grid\">Promedio Anual<\/label>\n                  <input type=\"number\" id=\"enertik-solar-horas-sol-avg-on-grid\" value=\"4.5\" disabled>\n                <\/div>\n              <\/div>\n<p class=\"form-note help\">El c\u00e1lculo usa el promedio anual (autocalculado).<\/p>\n            <\/div>\n\n            <div class=\"form-row\">\n              <div class=\"form-group\">\n                <label for=\"enertik-solar-precio-kwh\">Precio de electricidad (Pesos\/kWh)<\/label>\n                <input type=\"number\" id=\"enertik-solar-precio-kwh\" value=\"180\" min=\"1\" step=\"1\">\n                <p class=\"help\">Todos los precios se expresan en <strong>pesos<\/strong>.<\/p>\n              <\/div>\n              <div class=\"form-group\">\n                <label for=\"enertik-solar-panel-wp-on\">Potencia por panel (Wp)<\/label>\n                <input type=\"number\" id=\"enertik-solar-panel-wp-on\" value=\"450\" min=\"100\" max=\"800\" step=\"10\">\n              <\/div>\n            <\/div>\n          <\/div>\n        <\/div>\n\n        <div id=\"enertik-solar-off-grid-inputs\" class=\"hidden enertik-hidden\">\n          <div class=\"form-section\">\n            <p class=\"section-description\">Calcula un sistema 100% autosuficiente, ideal para lugares sin acceso a la red.<\/p>\n\n            <h3>1. M\u00e9todo de ingreso de consumo<\/h3>\n            <div class=\"consumo-toggle\">\n              <label class=\"toggle-option active\">\n                <input type=\"radio\" name=\"consumo-mode\" id=\"enertik-solar-consumo-mode-directo\" value=\"directo\" checked>\n                <div class=\"icon\">\u26a1<\/div>\n                <div class=\"txt\">\n                  <strong>Consumo directo<\/strong>\n                  <span>Ingresar kWh\/d\u00eda<\/span>\n                <\/div>\n              <\/label>\n              <label class=\"toggle-option\">\n                <input type=\"radio\" name=\"consumo-mode\" id=\"enertik-solar-consumo-mode-cargas\" value=\"cargas\">\n                <div class=\"icon\">\ud83d\udd0c<\/div>\n                <div class=\"txt\">\n                  <strong>Por cargas<\/strong>\n                  <span>Lista de dispositivos<\/span>\n                <\/div>\n              <\/label>\n            <\/div>\n\n            <div id=\"enertik-solar-consumo-directo-section\">\n              <div class=\"form-row\">\n                <div class=\"form-group\">\n                  <label for=\"enertik-solar-consumo-diario-directo\">Consumo diario directo (kWh\/d\u00eda)<\/label>\n                  <input type=\"number\" id=\"enertik-solar-consumo-diario-directo\" value=\"3\" min=\"0.1\" step=\"0.1\">\n                  <p class=\"help\">Valor recomendado de inicio: 3 kWh\/d\u00eda.<\/p>\n                <\/div>\n              <\/div>\n            <\/div>\n\n            <div id=\"enertik-solar-consumo-cargas-section\" class=\"hidden\">\n              <h3>1b. C\u00e1lculo por Cargas<\/h3>\n              <div id=\"enertik-solar-appliance-list\"><\/div>\n              <button id=\"enertik-solar-add-appliance-btn\" class=\"add-btn\">+ A\u00f1adir carga<\/button>\n              <div class=\"form-group total-consumption\">\n                <strong>Consumo Diario Total (por cargas): <span id=\"enertik-solar-total-kwh-day\">0.00<\/span> kWh\/d\u00eda<\/strong>\n                <div class=\"help\">Cada carga: m\u00e1x. 24 horas\/d\u00eda (se limita autom\u00e1ticamente).<\/div>\n              <\/div>\n            <\/div>\n          <\/div>\n\n          <div class=\"form-section\">\n            <h3>2. Configura tu Sistema Aislado<\/h3>\n            <div class=\"form-row\">\n                <div class=\"form-group\">\n                    <label>Horas de Sol Pico <button type=\"button\" class=\"help-badge enertik-solar-hsp-trigger\">?<\/button><\/label>\n                    \n        <div class=\"form-row hsp-loc-row hsp-loc-off\">\n          <div class=\"form-group\" style=\"flex:2\">\n            <label>Ubicaci\u00f3n<\/label>\n            <input type=\"text\" id=\"enertik-solar-place-off\" placeholder=\"Ciudad, direcci\u00f3n...\" data-gmaps=\"1\">\n            <small>Us\u00e1 el autocompletado para fijar coordenadas.<\/small>\n          <\/div>\n          <div class=\"form-group\" style=\"align-self:flex-end\">\n            <button type=\"button\" id=\"enertik-solar-climate-refresh-off\" class=\"btn-secondary\">Actualizar datos clim\u00e1ticos<\/button>\n            <small id=\"enertik-solar-climate-status-off\">HSP listo para la ubicaci\u00f3n<\/small>\n          <\/div>\n        <\/div>\n<div class=\"form-row\">\n                        <div class=\"form-group\">\n                            <label for=\"enertik-solar-horas-sol-winter-off-grid\">Invierno<\/label>\n                            <input type=\"number\" id=\"enertik-solar-horas-sol-winter-off-grid\" value=\"3\" step=\"0.1\" min=\"0\" max=\"12\">\n                        <\/div>\n                        <div class=\"form-group\">\n                            <label for=\"enertik-solar-horas-sol-summer-off-grid\">Verano<\/label>\n                            <input type=\"number\" id=\"enertik-solar-horas-sol-summer-off-grid\" value=\"6\" step=\"0.1\" min=\"0\" max=\"12\">\n                        <\/div>\n                        <div class=\"form-group\">\n                            <label for=\"enertik-solar-horas-sol-avg-off-grid\">Promedio Anual<\/label>\n                            <input type=\"number\" id=\"enertik-solar-horas-sol-avg-off-grid\" value=\"4.5\" disabled>\n                        <\/div>\n                    <\/div>\n<p class=\"form-note help\">El c\u00e1lculo usa el promedio anual (autocalculado).<\/p>\n                <\/div>\n            <\/div>\n\n            <div class=\"form-row\">\n              <div class=\"form-group\">\n                <label for=\"enertik-solar-autonomy-days\">D\u00edas de Autonom\u00eda Sin Sol<\/label>\n                <input type=\"number\" id=\"enertik-solar-autonomy-days\" value=\"2\" min=\"1\" max=\"10\">\n              <\/div>\n              <div class=\"form-group\">\n                <label for=\"enertik-solar-peak-watts\">Potencia M\u00e1xima simult\u00e1nea (W)<\/label>\n                <input type=\"number\" id=\"enertik-solar-peak-watts\" value=\"3000\" min=\"0\" step=\"1\">\n                <p class=\"help\">Sugerencia: considerar picos de arranque (2\u00d7~3\u00d7).<\/p>\n              <\/div>\n              <div class=\"form-group\">\n                <label for=\"enertik-solar-panel-wp-off\">Potencia por panel (Wp)<\/label>\n                <input type=\"number\" id=\"enertik-solar-panel-wp-off\" value=\"450\" min=\"100\" max=\"800\" step=\"10\">\n              <\/div>\n            <\/div>\n\n            <div class=\"form-row\">\n              <div class=\"form-group\">\n                <label for=\"enertik-solar-battery-chem\">Qu\u00edmica de bater\u00eda<\/label>\n                <select id=\"enertik-solar-battery-chem\">\n                  <option value=\"lifepo4\" selected>LiFePO\u2084<\/option>\n                  <option value=\"agm\">AGM\/GEL<\/option>\n                <\/select>\n              <\/div>\n              <div class=\"form-group\">\n                <label for=\"enertik-solar-dc-bus\">Tensi\u00f3n del banco (Vdc)<\/label>\n                <select id=\"enertik-solar-dc-bus\">\n                  <option value=\"12\">12V<\/option>\n                  <option value=\"24\">24V<\/option>\n                  <option value=\"48\" selected>48V<\/option>\n                <\/select>\n              <\/div>\n            <\/div>\n          <\/div>\n        <\/div>\n\n        <button id=\"enertik-solar-calculateBtn\" class=\"calculate-btn\">Calcular Sistema<\/button>\n\n        <div class=\"disclaimer\" role=\"note\" aria-label=\"Aviso importante\">\n          <div class=\"disclaimer-icon\" aria-hidden=\"true\">\u26a0\ufe0f<\/div>\n          <div class=\"disclaimer-text\">\n            <strong>Aviso:<\/strong>\n            esta herramienta brinda estimaciones orientativas. Los resultados dependen de los datos ingresados y de supuestos de rendimiento, y no sustituyen el dimensionamiento, dise\u00f1o ni la verificaci\u00f3n en sitio por un profesional.\n            Tampoco constituyen oferta comercial. Los valores pueden variar por clima, sombras, calidad\/instalaci\u00f3n de equipos, p\u00e9rdidas y normativa vigente.\n            <u>Valid\u00e1 todo con un profesional antes de avanzar.<\/u>\n          <\/div>\n        <\/div>\n\n      <\/div>\n    <\/div>\n\n    <div id=\"enertik-solar-results-container\" class=\"results-card hidden enertik-hidden\">\n      <div class=\"results-header\">\n        <div class=\"results-heading\"><h2 id=\"enertik-solar-results-title\">Resultados Estimados<\/h2><div id=\"enertik-solar-generated-at\" class=\"results-meta\"><\/div><\/div>\n        <div class=\"actions-row\">\n          <button id=\"enertik-solar-pdf-results\" class=\"pdf-btn screen-only\">Descargar PDF<\/button>\n        <\/div>\n      <\/div>\n      <div id=\"enertik-solar-results-list\"><\/div>\n    <\/div>\n<\/div>\n\n<div id=\"enertik-solar-hsp-modal\" class=\"enertik-modal enertik-hidden\" role=\"dialog\" aria-modal=\"true\" aria-labelledby=\"enertik-solar-hsp-title\">\n  <div class=\"enertik-modal__backdrop\"><\/div>\n  <div class=\"enertik-modal__card\" role=\"document\">\n    <div class=\"enertik-modal__header\">\n      <h3 id=\"enertik-solar-hsp-title\">Gu\u00eda de Horas de Sol Pico<\/h3>\n      <button type=\"button\" class=\"enertik-modal__close\" aria-label=\"Cerrar\">\u00d7<\/button>\n    <\/div>\n    <div class=\"enertik-modal__body\" id=\"enertik-solar-hsp-content\"><\/div>\n  <\/div>\n<\/div>\n\n<\/div>\t\t\t\t<\/div>\n\t\t\t\t\t<\/div>\n\t\t<\/div>\n\t\t\t\t<div class=\"elementor-column elementor-col-50 elementor-top-column elementor-element elementor-element-4cbb8d4\" data-id=\"4cbb8d4\" data-element_type=\"column\" data-e-type=\"column\">\n\t\t\t<div class=\"elementor-widget-wrap elementor-element-populated\">\n\t\t\t\t\t\t<div class=\"elementor-element elementor-element-c906260 elementor-widget elementor-widget-html\" data-id=\"c906260\" data-element_type=\"widget\" data-e-type=\"widget\" data-widget_type=\"html.default\">\n\t\t\t\t\t  <div class=\"enertik-calc\"><!-- wrapper para scope de estilos -->\n    <div class=\"enertik-container\">\n      <div class=\"enertik-card\">\n        <header class=\"enertik-card-header\">\n          <h1>\u26a1 Calculadora de Cables<\/h1>\n          <p>Determine la secci\u00f3n del cable seg\u00fan la ca\u00edda de tensi\u00f3n.<\/p>\n        <\/header>\n\n        <main class=\"enertik-card-body\">\n          <form id=\"calculator-form\" novalidate>\n            <div class=\"form-group\">\n              <label for=\"circuit-type\"><strong>Tipo de Circuito<\/strong><\/label>\n              <select id=\"circuit-type\">\n                <option value=\"dc\">CC (Corriente Continua)<\/option>\n                <option value=\"ac-mono\">AC 1~ (Alterna Monof\u00e1sica)<\/option>\n                <option value=\"ac-tri\">AC 3~ (Alterna Trif\u00e1sica)<\/option>\n              <\/select>\n            <\/div>\n\n            <div class=\"form-row\">\n              <div class=\"form-group\">\n                <label for=\"voltage\"><strong>Voltaje (V)<\/strong><\/label>\n                <input type=\"number\" id=\"voltage\" placeholder=\"12\" required min=\"0\" step=\"0.5\" inputmode=\"decimal\" \/>\n              <\/div>\n              <div class=\"form-group\">\n                <label for=\"current\"><strong>Corriente (A)<\/strong><\/label>\n                <input type=\"number\" id=\"current\" placeholder=\"100\" required min=\"0\" step=\"0.5\" inputmode=\"decimal\" \/>\n              <\/div>\n              <div class=\"form-group\">\n                <label for=\"length\"><strong>Largo (m)<\/strong><\/label>\n                <input type=\"number\" id=\"length\" placeholder=\"2\" required min=\"0\" step=\"0.5\" inputmode=\"decimal\" \/>\n              <\/div>\n            <\/div>\n\n            <button type=\"submit\" class=\"calculate-btn\">Calcular<\/button>\n          <\/form>\n\n          <div class=\"equivalence-link-container\">\n            <a href=\"#\" id=\"open-modal-link\"><strong>Ver tabla de equivalencias AWG \u2194 mm\u00b2<\/strong><\/a>\n          <\/div>\n\n          <div id=\"advisory-box\" class=\"advisory\" role=\"note\" aria-live=\"polite\">\n            <div class=\"advisory-icon\" aria-hidden=\"true\">\u26a0\ufe0f<\/div>\n            <div class=\"advisory-text\">\n              <strong>Aviso:<\/strong> Lo ideal es mantener las ca\u00eddas de tensi\u00f3n en los cables alrededor del 1%. Ca\u00eddas superiores al 3% pueden reducir el rendimiento, provocar disparos de protecci\u00f3n y generar sobrecalentamiento en conductores y conexiones (referencia NEC\/IEC).\n            <\/div>\n          <\/div>\n        <\/main>\n      <\/div>\n\n      <div id=\"results-container\" class=\"results-card hidden\">\n        <div class=\"results-header\">\n          <h2>Opciones de Secci\u00f3n<\/h2>\n          <div class=\"unit-toggle\">\n            <button id=\"unit-mm2\" class=\"active\">mm\u00b2<\/button>\n            <button id=\"unit-awg\">AWG<\/button>\n          <\/div>\n        <\/div>\n\n        <div id=\"results-message\" class=\"results-message hidden\"><\/div>\n        <div id=\"results-list\"><\/div>\n\n        <div class=\"legend\" aria-label=\"Leyenda de colores\">\n          <p><span class=\"dot ok\"><\/span> Recomendado (&lt;3%)<\/p>\n          <p><span class=\"dot warn\"><\/span> No recomendado (3\u20135%)<\/p>\n          <p><span class=\"dot danger\"><\/span> Peligroso (&ge;5%)<\/p>\n        <\/div>\n      <\/div>\n    <\/div>\n\n    <div id=\"equivalence-modal\" class=\"modal-overlay hidden\">\n      <div class=\"modal-content\">\n        <button id=\"close-modal\" class=\"modal-close-btn\" aria-label=\"Cerrar\">&times;<\/button>\n        <h3>Tabla de Equivalencias<\/h3>\n        <p class=\"modal-subtitle\">Calibre AWG y su secci\u00f3n correspondiente en mm\u00b2.<\/p>\n        <div class=\"table-container\">\n          <table>\n            <thead>\n              <tr>\n                <th>AWG<\/th>\n                <th>Secci\u00f3n (mm\u00b2)<\/th>\n              <\/tr>\n            <\/thead>\n            <tbody id=\"equivalence-table-body\"><\/tbody>\n          <\/table>\n        <\/div>\n      <\/div>\n    <\/div>\n  <\/div>\n  \t\t\t\t<\/div>\n\t\t\t\t\t<\/div>\n\t\t<\/div>\n\t\t\t\t\t<\/div>\n\t\t<\/section>\n\t\t\t\t<\/div>\n\t\t","protected":false},"excerpt":{"rendered":"<p>Calculador Solar y Secci\u00f3n de Cables Con nuestra calculadora de conductores el\u00e9ctricos, podr\u00e1s determinar f\u00e1cilmente la secci\u00f3n del cable (en<\/p>\n","protected":false},"author":4030,"featured_media":0,"parent":0,"menu_order":0,"comment_status":"closed","ping_status":"closed","template":"","meta":{"_relevanssi_hide_post":"","_relevanssi_hide_content":"","_relevanssi_pin_for_all":"","_relevanssi_pin_keywords":"","_relevanssi_unpin_keywords":"","_relevanssi_related_keywords":"","_relevanssi_related_include_ids":"","_relevanssi_related_exclude_ids":"","_relevanssi_related_no_append":"","_relevanssi_related_not_related":"","_relevanssi_related_posts":"365,24767,4817,114,683,10337","_relevanssi_noindex_reason":"","inline_featured_image":false,"footnotes":""},"class_list":["post-52426","page","type-page","status-publish","hentry"],"amp_enabled":true,"_links":{"self":[{"href":"https:\/\/enertik.com\/cl\/wp-json\/wp\/v2\/pages\/52426","targetHints":{"allow":["GET"]}}],"collection":[{"href":"https:\/\/enertik.com\/cl\/wp-json\/wp\/v2\/pages"}],"about":[{"href":"https:\/\/enertik.com\/cl\/wp-json\/wp\/v2\/types\/page"}],"author":[{"embeddable":true,"href":"https:\/\/enertik.com\/cl\/wp-json\/wp\/v2\/users\/4030"}],"replies":[{"embeddable":true,"href":"https:\/\/enertik.com\/cl\/wp-json\/wp\/v2\/comments?post=52426"}],"version-history":[{"count":0,"href":"https:\/\/enertik.com\/cl\/wp-json\/wp\/v2\/pages\/52426\/revisions"}],"wp:attachment":[{"href":"https:\/\/enertik.com\/cl\/wp-json\/wp\/v2\/media?parent=52426"}],"curies":[{"name":"wp","href":"https:\/\/api.w.org\/{rel}","templated":true}]}}