{"id":46005,"date":"2025-04-16T01:49:27","date_gmt":"2025-04-16T05:49:27","guid":{"rendered":"https:\/\/enertik.com\/cl\/?page_id=46005"},"modified":"2025-04-21T01:16:56","modified_gmt":"2025-04-21T05:16:56","slug":"faq-accesorios-de-proteccion-para-sistemas-fotovoltaicos","status":"publish","type":"page","link":"https:\/\/enertik.com\/cl\/faq\/accesorios-de-proteccion-para-sistemas-fotovoltaicos\/","title":{"rendered":"FAQ &#8211; Accesorios de Protecci\u00f3n para Sistemas Fotovoltaicos"},"content":{"rendered":"\t\t<div data-elementor-type=\"wp-page\" data-elementor-id=\"46005\" class=\"elementor elementor-46005\" data-elementor-post-type=\"page\">\n\t\t\t\t\t\t<section class=\"wd-negative-gap elementor-section elementor-top-section elementor-element elementor-element-f7c86fe elementor-section-content-middle wd-section-stretch elementor-section-boxed elementor-section-height-default elementor-section-height-default\" data-id=\"f7c86fe\" data-element_type=\"section\" data-e-type=\"section\" data-settings=\"{&quot;background_background&quot;:&quot;classic&quot;}\">\n\t\t\t\t\t\t<div class=\"elementor-container elementor-column-gap-extended\">\n\t\t\t\t\t<div class=\"elementor-column elementor-col-100 elementor-top-column elementor-element elementor-element-2722bf3\" data-id=\"2722bf3\" data-element_type=\"column\" data-e-type=\"column\">\n\t\t\t<div class=\"elementor-widget-wrap elementor-element-populated\">\n\t\t\t\t\t\t<div class=\"elementor-element elementor-element-4b46573 wd-width-100 elementor-widget elementor-widget-wd_title\" data-id=\"4b46573\" data-element_type=\"widget\" data-e-type=\"widget\" data-widget_type=\"wd_title.default\">\n\t\t\t\t<div class=\"elementor-widget-container\">\n\t\t\t\t\t\t\t<div class=\"title-wrapper wd-set-mb reset-last-child wd-title-color-primary wd-title-style-default wd-title-size-medium text-left\">\n\n\t\t\t\t\t\t\t\t\t\t\t<div class=\"title-subtitle subtitle-color-primary subtitle-style-default wd-fontsize-xs\">\n\t\t\t\t\tFAQ\t\t\t\t<\/div>\n\t\t\t\n\t\t\t<div class=\"liner-continer\">\n\t\t\t\t<h4 class=\"woodmart-title-container title wd-fontsize-xl\">Preguntas Frecuentes y sus Respuestas: Accesorios de Protecci\u00f3n para Sistemas Fotovoltaicos<\/h4> \n\t\t\t\t\t\t\t<\/div>\n\n\t\t\t\t\t<\/div>\n\t\t\t\t\t\t<\/div>\n\t\t\t\t<\/div>\n\t\t\t\t\t<\/div>\n\t\t<\/div>\n\t\t\t\t\t<\/div>\n\t\t<\/section>\n\t\t\t\t<section class=\"wd-negative-gap elementor-section elementor-top-section elementor-element elementor-element-be6a26f elementor-section-boxed elementor-section-height-default elementor-section-height-default\" data-id=\"be6a26f\" data-element_type=\"section\" data-e-type=\"section\">\n\t\t\t\t\t\t<div class=\"elementor-container elementor-column-gap-default\">\n\t\t\t\t\t<div class=\"elementor-column elementor-col-100 elementor-top-column elementor-element elementor-element-9b33061\" data-id=\"9b33061\" data-element_type=\"column\" data-e-type=\"column\">\n\t\t\t<div class=\"elementor-widget-wrap elementor-element-populated\">\n\t\t\t\t\t\t<div class=\"elementor-element elementor-element-c7fb05c elementor-widget elementor-widget-button\" data-id=\"c7fb05c\" data-element_type=\"widget\" data-e-type=\"widget\" id=\"go-back-button\" data-widget_type=\"button.default\">\n\t\t\t\t\t\t\t\t\t\t<a class=\"elementor-button elementor-button-link elementor-size-sm\" href=\"#\">\n\t\t\t\t\t\t<span class=\"elementor-button-content-wrapper\">\n\t\t\t\t\t\t<span class=\"elementor-button-icon\">\n\t\t\t\t<svg aria-hidden=\"true\" class=\"e-font-icon-svg e-fas-long-arrow-alt-left\" viewBox=\"0 0 448 512\" xmlns=\"http:\/\/www.w3.org\/2000\/svg\"><path d=\"M134.059 296H436c6.627 0 12-5.373 12-12v-56c0-6.627-5.373-12-12-12H134.059v-46.059c0-21.382-25.851-32.09-40.971-16.971L7.029 239.029c-9.373 9.373-9.373 24.569 0 33.941l86.059 86.059c15.119 15.119 40.971 4.411 40.971-16.971V296z\"><\/path><\/svg>\t\t\t<\/span>\n\t\t\t\t\t\t\t\t\t<span class=\"elementor-button-text\">Volver<\/span>\n\t\t\t\t\t<\/span>\n\t\t\t\t\t<\/a>\n\t\t\t\t\t\t\t\t<\/div>\n\t\t\t\t<div class=\"elementor-element elementor-element-f3ad555 elementor-widget elementor-widget-html\" data-id=\"f3ad555\" data-element_type=\"widget\" data-e-type=\"widget\" data-widget_type=\"html.default\">\n\t\t\t\t\t<script type=\"text\/javascript\">\njQuery(document).ready(function() { jQuery('#go-back-button').on('click', function() {\nwindow.history.go(-1);\nreturn false; });\n}); <\/script>\t\t\t\t<\/div>\n\t\t\t\t\t<\/div>\n\t\t<\/div>\n\t\t\t\t\t<\/div>\n\t\t<\/section>\n\t\t\t\t<section class=\"wd-negative-gap elementor-section elementor-top-section elementor-element elementor-element-b315fcb elementor-section-boxed elementor-section-height-default elementor-section-height-default\" data-id=\"b315fcb\" data-element_type=\"section\" data-e-type=\"section\">\n\t\t\t\t\t\t<div class=\"elementor-container elementor-column-gap-default\">\n\t\t\t\t\t<div class=\"elementor-column elementor-col-100 elementor-top-column elementor-element elementor-element-bc7ae70\" data-id=\"bc7ae70\" data-element_type=\"column\" data-e-type=\"column\">\n\t\t\t<div class=\"elementor-widget-wrap elementor-element-populated\">\n\t\t\t\t\t\t<div class=\"elementor-element elementor-element-302da07 elementor-widget elementor-widget-accordion\" data-id=\"302da07\" data-element_type=\"widget\" data-e-type=\"widget\" data-widget_type=\"accordion.default\">\n\t\t\t\t\t\t\t<div class=\"elementor-accordion\">\n\t\t\t\t\t\t\t<div class=\"elementor-accordion-item\">\n\t\t\t\t\t<h4 id=\"elementor-tab-title-5051\" class=\"elementor-tab-title\" data-tab=\"1\" role=\"button\" aria-controls=\"elementor-tab-content-5051\" aria-expanded=\"false\">\n\t\t\t\t\t\t\t\t\t\t\t\t\t<span class=\"elementor-accordion-icon elementor-accordion-icon-left\" aria-hidden=\"true\">\n\t\t\t\t\t\t\t\t\t\t\t\t\t\t\t<span class=\"elementor-accordion-icon-closed\"><svg class=\"e-font-icon-svg e-fas-angle-down\" viewBox=\"0 0 320 512\" xmlns=\"http:\/\/www.w3.org\/2000\/svg\"><path d=\"M143 352.3L7 216.3c-9.4-9.4-9.4-24.6 0-33.9l22.6-22.6c9.4-9.4 24.6-9.4 33.9 0l96.4 96.4 96.4-96.4c9.4-9.4 24.6-9.4 33.9 0l22.6 22.6c9.4 9.4 9.4 24.6 0 33.9l-136 136c-9.2 9.4-24.4 9.4-33.8 0z\"><\/path><\/svg><\/span>\n\t\t\t\t\t\t\t\t<span class=\"elementor-accordion-icon-opened\"><svg class=\"e-font-icon-svg e-fas-angle-up\" viewBox=\"0 0 320 512\" xmlns=\"http:\/\/www.w3.org\/2000\/svg\"><path d=\"M177 159.7l136 136c9.4 9.4 9.4 24.6 0 33.9l-22.6 22.6c-9.4 9.4-24.6 9.4-33.9 0L160 255.9l-96.4 96.4c-9.4 9.4-24.6 9.4-33.9 0L7 329.7c-9.4-9.4-9.4-24.6 0-33.9l136-136c9.4-9.5 24.6-9.5 34-.1z\"><\/path><\/svg><\/span>\n\t\t\t\t\t\t\t\t\t\t\t\t\t\t<\/span>\n\t\t\t\t\t\t\t\t\t\t\t\t<a class=\"elementor-accordion-title\" tabindex=\"0\">\u00bfPor qu\u00e9 es importante la protecci\u00f3n en un sistema fotovoltaico?<\/a>\n\t\t\t\t\t<\/h4>\n\t\t\t\t\t<div id=\"elementor-tab-content-5051\" class=\"elementor-tab-content elementor-clearfix\" data-tab=\"1\" role=\"region\" aria-labelledby=\"elementor-tab-title-5051\"><p data-start=\"171\" data-end=\"466\">Los sistemas fotovoltaicos est\u00e1n expuestos a fluctuaciones el\u00e9ctricas, sobretensiones, rayos y cortocircuitos que pueden da\u00f1ar los paneles, inversores y bater\u00edas. Contar con accesorios de protecci\u00f3n ayuda a <strong data-start=\"378\" data-end=\"463\">prevenir fallas, reducir costos de reparaci\u00f3n y aumentar la seguridad del sistema<\/strong>.<\/p><\/div>\n\t\t\t\t<\/div>\n\t\t\t\t\t\t\t<div class=\"elementor-accordion-item\">\n\t\t\t\t\t<h4 id=\"elementor-tab-title-5052\" class=\"elementor-tab-title\" data-tab=\"2\" role=\"button\" aria-controls=\"elementor-tab-content-5052\" aria-expanded=\"false\">\n\t\t\t\t\t\t\t\t\t\t\t\t\t<span class=\"elementor-accordion-icon elementor-accordion-icon-left\" aria-hidden=\"true\">\n\t\t\t\t\t\t\t\t\t\t\t\t\t\t\t<span class=\"elementor-accordion-icon-closed\"><svg class=\"e-font-icon-svg e-fas-angle-down\" viewBox=\"0 0 320 512\" xmlns=\"http:\/\/www.w3.org\/2000\/svg\"><path d=\"M143 352.3L7 216.3c-9.4-9.4-9.4-24.6 0-33.9l22.6-22.6c9.4-9.4 24.6-9.4 33.9 0l96.4 96.4 96.4-96.4c9.4-9.4 24.6-9.4 33.9 0l22.6 22.6c9.4 9.4 9.4 24.6 0 33.9l-136 136c-9.2 9.4-24.4 9.4-33.8 0z\"><\/path><\/svg><\/span>\n\t\t\t\t\t\t\t\t<span class=\"elementor-accordion-icon-opened\"><svg class=\"e-font-icon-svg e-fas-angle-up\" viewBox=\"0 0 320 512\" xmlns=\"http:\/\/www.w3.org\/2000\/svg\"><path d=\"M177 159.7l136 136c9.4 9.4 9.4 24.6 0 33.9l-22.6 22.6c-9.4 9.4-24.6 9.4-33.9 0L160 255.9l-96.4 96.4c-9.4 9.4-24.6 9.4-33.9 0L7 329.7c-9.4-9.4-9.4-24.6 0-33.9l136-136c9.4-9.5 24.6-9.5 34-.1z\"><\/path><\/svg><\/span>\n\t\t\t\t\t\t\t\t\t\t\t\t\t\t<\/span>\n\t\t\t\t\t\t\t\t\t\t\t\t<a class=\"elementor-accordion-title\" tabindex=\"0\">\u00bfCu\u00e1les son los principales dispositivos de protecci\u00f3n en un sistema solar?<\/a>\n\t\t\t\t\t<\/h4>\n\t\t\t\t\t<div id=\"elementor-tab-content-5052\" class=\"elementor-tab-content elementor-clearfix\" data-tab=\"2\" role=\"region\" aria-labelledby=\"elementor-tab-title-5052\"><p><strong data-start=\"566\" data-end=\"621\">Los principlaes accesorios de protecci\u00f3n en sistemas solares:<\/strong><\/p><ul><li><strong data-start=\"627\" data-end=\"668\">Protector contra sobretensiones (SPD)<\/strong>: Evita da\u00f1os en inversores y paneles por descargas el\u00e9ctricas y rayos.<\/li><li><strong data-start=\"745\" data-end=\"765\">Fusibles o disyuntores CC solares : <\/strong>Protegen a los paneles contra sobrecorrientes y cortocircuitos, y pueden aislar a los paneles defectuosos, protegiendo la integridad del sistema.<\/li><li><strong data-start=\"745\" data-end=\"765\">Fusibles CC para bater\u00edas<\/strong>: Protegen contra sobrecorrientes y cortocircuitos entre la bater\u00eda y el inversor. Es crucial para la seguridad.<\/li><li><strong data-start=\"822\" data-end=\"855\">Seccionadores (llaves) de corriente DC<\/strong>: Permiten desconectar los paneles solares de forma segura para mantenimiento.<\/li><li><strong data-start=\"939\" data-end=\"970\">Disyuntores termomagn\u00e9ticos<\/strong>: Evitan sobrecargas en los circuitos el\u00e9ctricos.<\/li><\/ul><\/div>\n\t\t\t\t<\/div>\n\t\t\t\t\t\t\t<div class=\"elementor-accordion-item\">\n\t\t\t\t\t<h4 id=\"elementor-tab-title-5053\" class=\"elementor-tab-title\" data-tab=\"3\" role=\"button\" aria-controls=\"elementor-tab-content-5053\" aria-expanded=\"false\">\n\t\t\t\t\t\t\t\t\t\t\t\t\t<span class=\"elementor-accordion-icon elementor-accordion-icon-left\" aria-hidden=\"true\">\n\t\t\t\t\t\t\t\t\t\t\t\t\t\t\t<span class=\"elementor-accordion-icon-closed\"><svg class=\"e-font-icon-svg e-fas-angle-down\" viewBox=\"0 0 320 512\" xmlns=\"http:\/\/www.w3.org\/2000\/svg\"><path d=\"M143 352.3L7 216.3c-9.4-9.4-9.4-24.6 0-33.9l22.6-22.6c9.4-9.4 24.6-9.4 33.9 0l96.4 96.4 96.4-96.4c9.4-9.4 24.6-9.4 33.9 0l22.6 22.6c9.4 9.4 9.4 24.6 0 33.9l-136 136c-9.2 9.4-24.4 9.4-33.8 0z\"><\/path><\/svg><\/span>\n\t\t\t\t\t\t\t\t<span class=\"elementor-accordion-icon-opened\"><svg class=\"e-font-icon-svg e-fas-angle-up\" viewBox=\"0 0 320 512\" xmlns=\"http:\/\/www.w3.org\/2000\/svg\"><path d=\"M177 159.7l136 136c9.4 9.4 9.4 24.6 0 33.9l-22.6 22.6c-9.4 9.4-24.6 9.4-33.9 0L160 255.9l-96.4 96.4c-9.4 9.4-24.6 9.4-33.9 0L7 329.7c-9.4-9.4-9.4-24.6 0-33.9l136-136c9.4-9.5 24.6-9.5 34-.1z\"><\/path><\/svg><\/span>\n\t\t\t\t\t\t\t\t\t\t\t\t\t\t<\/span>\n\t\t\t\t\t\t\t\t\t\t\t\t<a class=\"elementor-accordion-title\" tabindex=\"0\">\u00bfQu\u00e9 pasa si no se usan dispositivos de protecci\u00f3n en un sistema solar?<\/a>\n\t\t\t\t\t<\/h4>\n\t\t\t\t\t<div id=\"elementor-tab-content-5053\" class=\"elementor-tab-content elementor-clearfix\" data-tab=\"3\" role=\"region\" aria-labelledby=\"elementor-tab-title-5053\"><p data-start=\"1223\" data-end=\"1611\">Si un sistema fotovoltaico no tiene la protecci\u00f3n adecuada, pueden ocurrir<\/p><ul><li data-start=\"1223\" data-end=\"1611\"><strong data-start=\"1303\" data-end=\"1342\">Cortocircuitos y da\u00f1os irreparables<\/strong> en paneles, inversores y bater\u00edas.<\/li><li data-start=\"1223\" data-end=\"1611\"><strong data-start=\"1382\" data-end=\"1405\">Riesgos de incendio<\/strong> debido a sobrecargas el\u00e9ctricas.<\/li><li data-start=\"1223\" data-end=\"1611\"><strong data-start=\"1443\" data-end=\"1485\">Afectaci\u00f3n de la vida \u00fatil del sistema<\/strong> por falta de protecci\u00f3n contra sobretensiones.<\/li><li data-start=\"1223\" data-end=\"1611\"><strong data-start=\"1537\" data-end=\"1560\">P\u00e9rdidas econ\u00f3micas<\/strong> por reparaciones o reemplazo de equipos da\u00f1ados.<\/li><\/ul><\/div>\n\t\t\t\t<\/div>\n\t\t\t\t\t\t\t<div class=\"elementor-accordion-item\">\n\t\t\t\t\t<h4 id=\"elementor-tab-title-5054\" class=\"elementor-tab-title\" data-tab=\"4\" role=\"button\" aria-controls=\"elementor-tab-content-5054\" aria-expanded=\"false\">\n\t\t\t\t\t\t\t\t\t\t\t\t\t<span class=\"elementor-accordion-icon elementor-accordion-icon-left\" aria-hidden=\"true\">\n\t\t\t\t\t\t\t\t\t\t\t\t\t\t\t<span class=\"elementor-accordion-icon-closed\"><svg class=\"e-font-icon-svg e-fas-angle-down\" viewBox=\"0 0 320 512\" xmlns=\"http:\/\/www.w3.org\/2000\/svg\"><path d=\"M143 352.3L7 216.3c-9.4-9.4-9.4-24.6 0-33.9l22.6-22.6c9.4-9.4 24.6-9.4 33.9 0l96.4 96.4 96.4-96.4c9.4-9.4 24.6-9.4 33.9 0l22.6 22.6c9.4 9.4 9.4 24.6 0 33.9l-136 136c-9.2 9.4-24.4 9.4-33.8 0z\"><\/path><\/svg><\/span>\n\t\t\t\t\t\t\t\t<span class=\"elementor-accordion-icon-opened\"><svg class=\"e-font-icon-svg e-fas-angle-up\" viewBox=\"0 0 320 512\" xmlns=\"http:\/\/www.w3.org\/2000\/svg\"><path d=\"M177 159.7l136 136c9.4 9.4 9.4 24.6 0 33.9l-22.6 22.6c-9.4 9.4-24.6 9.4-33.9 0L160 255.9l-96.4 96.4c-9.4 9.4-24.6 9.4-33.9 0L7 329.7c-9.4-9.4-9.4-24.6 0-33.9l136-136c9.4-9.5 24.6-9.5 34-.1z\"><\/path><\/svg><\/span>\n\t\t\t\t\t\t\t\t\t\t\t\t\t\t<\/span>\n\t\t\t\t\t\t\t\t\t\t\t\t<a class=\"elementor-accordion-title\" tabindex=\"0\">\u00bfCu\u00e1l es el accesorio que la gente suele olvidar en un sistema el\u00e9ctrico y que puede causar problemas?<\/a>\n\t\t\t\t\t<\/h4>\n\t\t\t\t\t<div id=\"elementor-tab-content-5054\" class=\"elementor-tab-content elementor-clearfix\" data-tab=\"4\" role=\"region\" aria-labelledby=\"elementor-tab-title-5054\"><p>Uno de los accesorios que m\u00e1s suele pasarse por alto en las instalaciones el\u00e9ctricas y fotovoltaicas es el <strong data-start=\"221\" data-end=\"312\">protector contra sobretensiones CC y CA (SPD, por sus siglas en ingl\u00e9s &#8211; Dispositivo de Protecci\u00f3n contra Sobretensiones)<\/strong>. Su ausencia puede generar problemas graves, ya que <strong data-start=\"365\" data-end=\"397\">un pico de voltaje repentino<\/strong> (por descargas atmosf\u00e9ricas o variaciones en la red) puede da\u00f1ar inversores, bater\u00edas, paneles solares o cualquier equipo conectado.<\/p><p data-start=\"532\" data-end=\"918\"><strong data-start=\"535\" data-end=\"569\">\u00bfPor qu\u00e9 es importante un DPS?<\/strong><\/p><ul><li data-start=\"532\" data-end=\"918\"><strong data-start=\"575\" data-end=\"616\">Protege contra rayos y sobretensiones<\/strong> que pueden quemar los equipos.<\/li><li data-start=\"532\" data-end=\"918\"><strong data-start=\"653\" data-end=\"693\">Evita da\u00f1os en inversores y bater\u00edas<\/strong> por picos de voltaje inesperados.<\/li><li data-start=\"532\" data-end=\"918\"><strong data-start=\"733\" data-end=\"786\">Reduce el riesgo de fallos en sistemas el\u00e9ctricos<\/strong> y alarga la vida \u00fatil de los dispositivos.<\/li><li data-start=\"532\" data-end=\"918\"><strong data-start=\"835\" data-end=\"915\">Previene gastos innecesarios en reparaciones o reemplazos de equipos da\u00f1ados<\/strong>.<\/li><\/ul><p data-start=\"532\" data-end=\"918\">Es fundamental instalar un <strong data-start=\"980\" data-end=\"1062\">DPS adecuado en las l\u00edneas de corriente continua (DC) y corriente alterna (AC)<\/strong> en cualquier sistema fotovoltaico o el\u00e9ctrico. Tambi\u00e9n es recomendable complementar con una <strong data-start=\"1155\" data-end=\"1188\">puesta a tierra bien dise\u00f1ada<\/strong> para asegurar que la energ\u00eda de un pico de voltaje se disipe de manera segura.<\/p><p data-start=\"1271\" data-end=\"1398\" data-is-last-node=\"\" data-is-only-node=\"\"><strong data-start=\"1274\" data-end=\"1395\">No subestimes la protecci\u00f3n contra sobretensiones. Puede evitar fallas costosas y garantizar la seguridad del sistema.<\/strong>\u00a0<strong>Por nuestra experiencia, la mayor\u00eda de las fallas se pueden evitar con el uso de los SPD CC y CA adecuados.<\/strong><\/p><\/div>\n\t\t\t\t<\/div>\n\t\t\t\t\t\t\t\t\t\t<script type=\"application\/ld+json\">{\"@context\":\"https:\\\/\\\/schema.org\",\"@type\":\"FAQPage\",\"mainEntity\":[{\"@type\":\"Question\",\"name\":\"\\u00bfPor qu\\u00e9 es importante la protecci\\u00f3n en un sistema fotovoltaico?\",\"acceptedAnswer\":{\"@type\":\"Answer\",\"text\":\"<p data-start=\\\"171\\\" data-end=\\\"466\\\">Los sistemas fotovoltaicos est\\u00e1n expuestos a fluctuaciones el\\u00e9ctricas, sobretensiones, rayos y cortocircuitos que pueden da\\u00f1ar los paneles, inversores y bater\\u00edas. Contar con accesorios de protecci\\u00f3n ayuda a <strong data-start=\\\"378\\\" data-end=\\\"463\\\">prevenir fallas, reducir costos de reparaci\\u00f3n y aumentar la seguridad del sistema<\\\/strong>.<\\\/p>\"}},{\"@type\":\"Question\",\"name\":\"\\u00bfCu\\u00e1les son los principales dispositivos de protecci\\u00f3n en un sistema solar?\",\"acceptedAnswer\":{\"@type\":\"Answer\",\"text\":\"<p><strong data-start=\\\"566\\\" data-end=\\\"621\\\">Los principlaes accesorios de protecci\\u00f3n en sistemas solares:<\\\/strong><\\\/p><ul><li><strong data-start=\\\"627\\\" data-end=\\\"668\\\">Protector contra sobretensiones (SPD)<\\\/strong>: Evita da\\u00f1os en inversores y paneles por descargas el\\u00e9ctricas y rayos.<\\\/li><li><strong data-start=\\\"745\\\" data-end=\\\"765\\\">Fusibles o disyuntores CC solares : <\\\/strong>Protegen a los paneles contra sobrecorrientes y cortocircuitos, y pueden aislar a los paneles defectuosos, protegiendo la integridad del sistema.<\\\/li><li><strong data-start=\\\"745\\\" data-end=\\\"765\\\">Fusibles CC para bater\\u00edas<\\\/strong>: Protegen contra sobrecorrientes y cortocircuitos entre la bater\\u00eda y el inversor. Es crucial para la seguridad.<\\\/li><li><strong data-start=\\\"822\\\" data-end=\\\"855\\\">Seccionadores (llaves) de corriente DC<\\\/strong>: Permiten desconectar los paneles solares de forma segura para mantenimiento.<\\\/li><li><strong data-start=\\\"939\\\" data-end=\\\"970\\\">Disyuntores termomagn\\u00e9ticos<\\\/strong>: Evitan sobrecargas en los circuitos el\\u00e9ctricos.<\\\/li><\\\/ul>\"}},{\"@type\":\"Question\",\"name\":\"\\u00bfQu\\u00e9 pasa si no se usan dispositivos de protecci\\u00f3n en un sistema solar?\",\"acceptedAnswer\":{\"@type\":\"Answer\",\"text\":\"<p data-start=\\\"1223\\\" data-end=\\\"1611\\\">Si un sistema fotovoltaico no tiene la protecci\\u00f3n adecuada, pueden ocurrir<\\\/p><ul><li data-start=\\\"1223\\\" data-end=\\\"1611\\\"><strong data-start=\\\"1303\\\" data-end=\\\"1342\\\">Cortocircuitos y da\\u00f1os irreparables<\\\/strong> en paneles, inversores y bater\\u00edas.<\\\/li><li data-start=\\\"1223\\\" data-end=\\\"1611\\\"><strong data-start=\\\"1382\\\" data-end=\\\"1405\\\">Riesgos de incendio<\\\/strong> debido a sobrecargas el\\u00e9ctricas.<\\\/li><li data-start=\\\"1223\\\" data-end=\\\"1611\\\"><strong data-start=\\\"1443\\\" data-end=\\\"1485\\\">Afectaci\\u00f3n de la vida \\u00fatil del sistema<\\\/strong> por falta de protecci\\u00f3n contra sobretensiones.<\\\/li><li data-start=\\\"1223\\\" data-end=\\\"1611\\\"><strong data-start=\\\"1537\\\" data-end=\\\"1560\\\">P\\u00e9rdidas econ\\u00f3micas<\\\/strong> por reparaciones o reemplazo de equipos da\\u00f1ados.<\\\/li><\\\/ul>\"}},{\"@type\":\"Question\",\"name\":\"\\u00bfCu\\u00e1l es el accesorio que la gente suele olvidar en un sistema el\\u00e9ctrico y que puede causar problemas?\",\"acceptedAnswer\":{\"@type\":\"Answer\",\"text\":\"<p>Uno de los accesorios que m\\u00e1s suele pasarse por alto en las instalaciones el\\u00e9ctricas y fotovoltaicas es el <strong data-start=\\\"221\\\" data-end=\\\"312\\\">protector contra sobretensiones CC y CA (SPD, por sus siglas en ingl\\u00e9s &#8211; Dispositivo de Protecci\\u00f3n contra Sobretensiones)<\\\/strong>. Su ausencia puede generar problemas graves, ya que <strong data-start=\\\"365\\\" data-end=\\\"397\\\">un pico de voltaje repentino<\\\/strong> (por descargas atmosf\\u00e9ricas o variaciones en la red) puede da\\u00f1ar inversores, bater\\u00edas, paneles solares o cualquier equipo conectado.<\\\/p><p data-start=\\\"532\\\" data-end=\\\"918\\\"><strong data-start=\\\"535\\\" data-end=\\\"569\\\">\\u00bfPor qu\\u00e9 es importante un DPS?<\\\/strong><\\\/p><ul><li data-start=\\\"532\\\" data-end=\\\"918\\\"><strong data-start=\\\"575\\\" data-end=\\\"616\\\">Protege contra rayos y sobretensiones<\\\/strong> que pueden quemar los equipos.<\\\/li><li data-start=\\\"532\\\" data-end=\\\"918\\\"><strong data-start=\\\"653\\\" data-end=\\\"693\\\">Evita da\\u00f1os en inversores y bater\\u00edas<\\\/strong> por picos de voltaje inesperados.<\\\/li><li data-start=\\\"532\\\" data-end=\\\"918\\\"><strong data-start=\\\"733\\\" data-end=\\\"786\\\">Reduce el riesgo de fallos en sistemas el\\u00e9ctricos<\\\/strong> y alarga la vida \\u00fatil de los dispositivos.<\\\/li><li data-start=\\\"532\\\" data-end=\\\"918\\\"><strong data-start=\\\"835\\\" data-end=\\\"915\\\">Previene gastos innecesarios en reparaciones o reemplazos de equipos da\\u00f1ados<\\\/strong>.<\\\/li><\\\/ul><p data-start=\\\"532\\\" data-end=\\\"918\\\">Es fundamental instalar un <strong data-start=\\\"980\\\" data-end=\\\"1062\\\">DPS adecuado en las l\\u00edneas de corriente continua (DC) y corriente alterna (AC)<\\\/strong> en cualquier sistema fotovoltaico o el\\u00e9ctrico. Tambi\\u00e9n es recomendable complementar con una <strong data-start=\\\"1155\\\" data-end=\\\"1188\\\">puesta a tierra bien dise\\u00f1ada<\\\/strong> para asegurar que la energ\\u00eda de un pico de voltaje se disipe de manera segura.<\\\/p><p data-start=\\\"1271\\\" data-end=\\\"1398\\\" data-is-last-node=\\\"\\\" data-is-only-node=\\\"\\\"><strong data-start=\\\"1274\\\" data-end=\\\"1395\\\">No subestimes la protecci\\u00f3n contra sobretensiones. Puede evitar fallas costosas y garantizar la seguridad del sistema.<\\\/strong>\\u00a0<strong>Por nuestra experiencia, la mayor\\u00eda de las fallas se pueden evitar con el uso de los SPD CC y CA adecuados.<\\\/strong><\\\/p>\"}}]}<\/script>\n\t\t\t\t\t<\/div>\n\t\t\t\t\t\t<\/div>\n\t\t\t\t\t<\/div>\n\t\t<\/div>\n\t\t\t\t\t<\/div>\n\t\t<\/section>\n\t\t\t\t<\/div>\n\t\t","protected":false},"excerpt":{"rendered":"<p>FAQ Preguntas Frecuentes y sus Respuestas: Accesorios de Protecci\u00f3n para Sistemas Fotovoltaicos Volver \u00bfPor qu\u00e9 es importante la protecci\u00f3n en<\/p>\n","protected":false},"author":4029,"featured_media":0,"parent":43658,"menu_order":0,"comment_status":"closed","ping_status":"closed","template":"","meta":{"_relevanssi_hide_post":"","_relevanssi_hide_content":"","_relevanssi_pin_for_all":"","_relevanssi_pin_keywords":"","_relevanssi_unpin_keywords":"","_relevanssi_related_keywords":"","_relevanssi_related_include_ids":"","_relevanssi_related_exclude_ids":"","_relevanssi_related_no_append":"","_relevanssi_related_not_related":"","_relevanssi_related_posts":"","_relevanssi_noindex_reason":"","inline_featured_image":false,"footnotes":""},"class_list":["post-46005","page","type-page","status-publish","hentry"],"amp_enabled":true,"_links":{"self":[{"href":"https:\/\/enertik.com\/cl\/wp-json\/wp\/v2\/pages\/46005","targetHints":{"allow":["GET"]}}],"collection":[{"href":"https:\/\/enertik.com\/cl\/wp-json\/wp\/v2\/pages"}],"about":[{"href":"https:\/\/enertik.com\/cl\/wp-json\/wp\/v2\/types\/page"}],"author":[{"embeddable":true,"href":"https:\/\/enertik.com\/cl\/wp-json\/wp\/v2\/users\/4029"}],"replies":[{"embeddable":true,"href":"https:\/\/enertik.com\/cl\/wp-json\/wp\/v2\/comments?post=46005"}],"version-history":[{"count":0,"href":"https:\/\/enertik.com\/cl\/wp-json\/wp\/v2\/pages\/46005\/revisions"}],"up":[{"embeddable":true,"href":"https:\/\/enertik.com\/cl\/wp-json\/wp\/v2\/pages\/43658"}],"wp:attachment":[{"href":"https:\/\/enertik.com\/cl\/wp-json\/wp\/v2\/media?parent=46005"}],"curies":[{"name":"wp","href":"https:\/\/api.w.org\/{rel}","templated":true}]}}