{"id":45976,"date":"2025-04-16T01:36:51","date_gmt":"2025-04-16T05:36:51","guid":{"rendered":"https:\/\/enertik.com\/cl\/?page_id=45976"},"modified":"2025-04-23T04:56:31","modified_gmt":"2025-04-23T08:56:31","slug":"faq-bombas-de-circulacion","status":"publish","type":"page","link":"https:\/\/enertik.com\/cl\/faq\/bombas-de-circulacion\/","title":{"rendered":"FAQ &#8211;  Bombas de Circulaci\u00f3n"},"content":{"rendered":"\t\t<div data-elementor-type=\"wp-page\" data-elementor-id=\"45976\" class=\"elementor elementor-45976\" data-elementor-post-type=\"page\">\n\t\t\t\t\t\t<section class=\"wd-negative-gap elementor-section elementor-top-section elementor-element elementor-element-f7c86fe elementor-section-content-middle wd-section-stretch elementor-section-boxed elementor-section-height-default elementor-section-height-default\" data-id=\"f7c86fe\" data-element_type=\"section\" data-e-type=\"section\" data-settings=\"{&quot;background_background&quot;:&quot;classic&quot;}\">\n\t\t\t\t\t\t<div class=\"elementor-container elementor-column-gap-extended\">\n\t\t\t\t\t<div class=\"elementor-column elementor-col-100 elementor-top-column elementor-element elementor-element-2722bf3\" data-id=\"2722bf3\" data-element_type=\"column\" data-e-type=\"column\">\n\t\t\t<div class=\"elementor-widget-wrap elementor-element-populated\">\n\t\t\t\t\t\t<div class=\"elementor-element elementor-element-4b46573 wd-width-100 elementor-widget elementor-widget-wd_title\" data-id=\"4b46573\" data-element_type=\"widget\" data-e-type=\"widget\" data-widget_type=\"wd_title.default\">\n\t\t\t\t<div class=\"elementor-widget-container\">\n\t\t\t\t\t\t\t<div class=\"title-wrapper wd-set-mb reset-last-child wd-title-color-primary wd-title-style-default wd-title-size-medium text-left\">\n\n\t\t\t\t\t\t\t\t\t\t\t<div class=\"title-subtitle subtitle-color-primary subtitle-style-default wd-fontsize-xs\">\n\t\t\t\t\tFAQ\t\t\t\t<\/div>\n\t\t\t\n\t\t\t<div class=\"liner-continer\">\n\t\t\t\t<h4 class=\"woodmart-title-container title wd-fontsize-xl\">Preguntas Frecuentes y sus Respuestas: Bombas de Circulaci\u00f3n<\/h4> \n\t\t\t\t\t\t\t<\/div>\n\n\t\t\t\t\t<\/div>\n\t\t\t\t\t\t<\/div>\n\t\t\t\t<\/div>\n\t\t\t\t\t<\/div>\n\t\t<\/div>\n\t\t\t\t\t<\/div>\n\t\t<\/section>\n\t\t\t\t<section class=\"wd-negative-gap elementor-section elementor-top-section elementor-element elementor-element-5510a66 elementor-section-boxed elementor-section-height-default elementor-section-height-default\" data-id=\"5510a66\" data-element_type=\"section\" data-e-type=\"section\">\n\t\t\t\t\t\t<div class=\"elementor-container elementor-column-gap-default\">\n\t\t\t\t\t<div class=\"elementor-column elementor-col-100 elementor-top-column elementor-element elementor-element-0c0d0ac\" data-id=\"0c0d0ac\" data-element_type=\"column\" data-e-type=\"column\">\n\t\t\t<div class=\"elementor-widget-wrap elementor-element-populated\">\n\t\t\t\t\t\t<div class=\"elementor-element elementor-element-f02e875 elementor-widget elementor-widget-button\" data-id=\"f02e875\" data-element_type=\"widget\" data-e-type=\"widget\" id=\"go-back-button\" data-widget_type=\"button.default\">\n\t\t\t\t\t\t\t\t\t\t<a class=\"elementor-button elementor-button-link elementor-size-sm\" href=\"#\">\n\t\t\t\t\t\t<span class=\"elementor-button-content-wrapper\">\n\t\t\t\t\t\t<span class=\"elementor-button-icon\">\n\t\t\t\t<svg aria-hidden=\"true\" class=\"e-font-icon-svg e-fas-long-arrow-alt-left\" viewBox=\"0 0 448 512\" xmlns=\"http:\/\/www.w3.org\/2000\/svg\"><path d=\"M134.059 296H436c6.627 0 12-5.373 12-12v-56c0-6.627-5.373-12-12-12H134.059v-46.059c0-21.382-25.851-32.09-40.971-16.971L7.029 239.029c-9.373 9.373-9.373 24.569 0 33.941l86.059 86.059c15.119 15.119 40.971 4.411 40.971-16.971V296z\"><\/path><\/svg>\t\t\t<\/span>\n\t\t\t\t\t\t\t\t\t<span class=\"elementor-button-text\">Volver<\/span>\n\t\t\t\t\t<\/span>\n\t\t\t\t\t<\/a>\n\t\t\t\t\t\t\t\t<\/div>\n\t\t\t\t<div class=\"elementor-element elementor-element-760a811 elementor-widget elementor-widget-html\" data-id=\"760a811\" data-element_type=\"widget\" data-e-type=\"widget\" data-widget_type=\"html.default\">\n\t\t\t\t\t<script type=\"text\/javascript\">\njQuery(document).ready(function() { jQuery('#go-back-button').on('click', function() {\nwindow.history.go(-1);\nreturn false; });\n}); <\/script>\t\t\t\t<\/div>\n\t\t\t\t\t<\/div>\n\t\t<\/div>\n\t\t\t\t\t<\/div>\n\t\t<\/section>\n\t\t\t\t<section class=\"wd-negative-gap elementor-section elementor-top-section elementor-element elementor-element-45e14b9 elementor-section-boxed elementor-section-height-default elementor-section-height-default\" data-id=\"45e14b9\" data-element_type=\"section\" data-e-type=\"section\">\n\t\t\t\t\t\t<div class=\"elementor-container elementor-column-gap-default\">\n\t\t\t\t\t<div class=\"elementor-column elementor-col-100 elementor-top-column elementor-element elementor-element-5f838f8\" data-id=\"5f838f8\" data-element_type=\"column\" data-e-type=\"column\">\n\t\t\t<div class=\"elementor-widget-wrap elementor-element-populated\">\n\t\t\t\t\t\t<div class=\"elementor-element elementor-element-1ffc140 elementor-widget elementor-widget-accordion\" data-id=\"1ffc140\" data-element_type=\"widget\" data-e-type=\"widget\" data-widget_type=\"accordion.default\">\n\t\t\t\t\t\t\t<div class=\"elementor-accordion\">\n\t\t\t\t\t\t\t<div class=\"elementor-accordion-item\">\n\t\t\t\t\t<h4 id=\"elementor-tab-title-3351\" class=\"elementor-tab-title\" data-tab=\"1\" role=\"button\" aria-controls=\"elementor-tab-content-3351\" aria-expanded=\"false\">\n\t\t\t\t\t\t\t\t\t\t\t\t\t<span class=\"elementor-accordion-icon elementor-accordion-icon-left\" aria-hidden=\"true\">\n\t\t\t\t\t\t\t\t\t\t\t\t\t\t\t<span class=\"elementor-accordion-icon-closed\"><svg class=\"e-font-icon-svg e-fas-angle-down\" viewBox=\"0 0 320 512\" xmlns=\"http:\/\/www.w3.org\/2000\/svg\"><path d=\"M143 352.3L7 216.3c-9.4-9.4-9.4-24.6 0-33.9l22.6-22.6c9.4-9.4 24.6-9.4 33.9 0l96.4 96.4 96.4-96.4c9.4-9.4 24.6-9.4 33.9 0l22.6 22.6c9.4 9.4 9.4 24.6 0 33.9l-136 136c-9.2 9.4-24.4 9.4-33.8 0z\"><\/path><\/svg><\/span>\n\t\t\t\t\t\t\t\t<span class=\"elementor-accordion-icon-opened\"><svg class=\"e-font-icon-svg e-fas-angle-up\" viewBox=\"0 0 320 512\" xmlns=\"http:\/\/www.w3.org\/2000\/svg\"><path d=\"M177 159.7l136 136c9.4 9.4 9.4 24.6 0 33.9l-22.6 22.6c-9.4 9.4-24.6 9.4-33.9 0L160 255.9l-96.4 96.4c-9.4 9.4-24.6 9.4-33.9 0L7 329.7c-9.4-9.4-9.4-24.6 0-33.9l136-136c9.4-9.5 24.6-9.5 34-.1z\"><\/path><\/svg><\/span>\n\t\t\t\t\t\t\t\t\t\t\t\t\t\t<\/span>\n\t\t\t\t\t\t\t\t\t\t\t\t<a class=\"elementor-accordion-title\" tabindex=\"0\">\u00bfQu\u00e9 es una bomba de circulaci\u00f3n y para qu\u00e9 sirve?<\/a>\n\t\t\t\t\t<\/h4>\n\t\t\t\t\t<div id=\"elementor-tab-content-3351\" class=\"elementor-tab-content elementor-clearfix\" data-tab=\"1\" role=\"region\" aria-labelledby=\"elementor-tab-title-3351\"><p data-start=\"243\" data-end=\"546\">Una <strong data-start=\"247\" data-end=\"271\">bomba de circulaci\u00f3n<\/strong> es un dispositivo dise\u00f1ado para mover l\u00edquidos dentro de un circuito cerrado, como en sistemas de calefacci\u00f3n, refrigeraci\u00f3n y energ\u00eda solar t\u00e9rmica. Se usa para garantizar un <strong data-start=\"448\" data-end=\"484\">flujo constante de agua caliente<\/strong> entre el dispositivo generador del calor y los equipos desde donde se utiliza el calor (por ejemplo, una un ventiloconvector, un radiador, un tanque de agua., etc). En circuitos donde la presi\u00f3n es insuficiente, la bomba de circulaci\u00f3n es crucial para el funcionamiento correcto del sistema.<\/p><\/div>\n\t\t\t\t<\/div>\n\t\t\t\t\t\t\t<div class=\"elementor-accordion-item\">\n\t\t\t\t\t<h4 id=\"elementor-tab-title-3352\" class=\"elementor-tab-title\" data-tab=\"2\" role=\"button\" aria-controls=\"elementor-tab-content-3352\" aria-expanded=\"false\">\n\t\t\t\t\t\t\t\t\t\t\t\t\t<span class=\"elementor-accordion-icon elementor-accordion-icon-left\" aria-hidden=\"true\">\n\t\t\t\t\t\t\t\t\t\t\t\t\t\t\t<span class=\"elementor-accordion-icon-closed\"><svg class=\"e-font-icon-svg e-fas-angle-down\" viewBox=\"0 0 320 512\" xmlns=\"http:\/\/www.w3.org\/2000\/svg\"><path d=\"M143 352.3L7 216.3c-9.4-9.4-9.4-24.6 0-33.9l22.6-22.6c9.4-9.4 24.6-9.4 33.9 0l96.4 96.4 96.4-96.4c9.4-9.4 24.6-9.4 33.9 0l22.6 22.6c9.4 9.4 9.4 24.6 0 33.9l-136 136c-9.2 9.4-24.4 9.4-33.8 0z\"><\/path><\/svg><\/span>\n\t\t\t\t\t\t\t\t<span class=\"elementor-accordion-icon-opened\"><svg class=\"e-font-icon-svg e-fas-angle-up\" viewBox=\"0 0 320 512\" xmlns=\"http:\/\/www.w3.org\/2000\/svg\"><path d=\"M177 159.7l136 136c9.4 9.4 9.4 24.6 0 33.9l-22.6 22.6c-9.4 9.4-24.6 9.4-33.9 0L160 255.9l-96.4 96.4c-9.4 9.4-24.6 9.4-33.9 0L7 329.7c-9.4-9.4-9.4-24.6 0-33.9l136-136c9.4-9.5 24.6-9.5 34-.1z\"><\/path><\/svg><\/span>\n\t\t\t\t\t\t\t\t\t\t\t\t\t\t<\/span>\n\t\t\t\t\t\t\t\t\t\t\t\t<a class=\"elementor-accordion-title\" tabindex=\"0\">\u00bfCu\u00e1les son las ventajas de usar una bomba de circulaci\u00f3n en sistemas solares t\u00e9rmicos?<\/a>\n\t\t\t\t\t<\/h4>\n\t\t\t\t\t<div id=\"elementor-tab-content-3352\" class=\"elementor-tab-content elementor-clearfix\" data-tab=\"2\" role=\"region\" aria-labelledby=\"elementor-tab-title-3352\"><ul><li><strong data-start=\"1132\" data-end=\"1185\">Optimiza el rendimiento del sistema solar t\u00e9rmico<\/strong> al garantizar un flujo de agua caliente eficiente.<\/li><li><strong data-start=\"1242\" data-end=\"1272\">Reduce la p\u00e9rdida de calor<\/strong> en el sistema al evitar que el agua caliente se quede estancada.<\/li><li><strong data-start=\"1343\" data-end=\"1385\">Evita la formaci\u00f3n de burbujas de aire<\/strong>, que pueden reducir la eficiencia t\u00e9rmica.<\/li><\/ul><\/div>\n\t\t\t\t<\/div>\n\t\t\t\t\t\t\t<div class=\"elementor-accordion-item\">\n\t\t\t\t\t<h4 id=\"elementor-tab-title-3353\" class=\"elementor-tab-title\" data-tab=\"3\" role=\"button\" aria-controls=\"elementor-tab-content-3353\" aria-expanded=\"false\">\n\t\t\t\t\t\t\t\t\t\t\t\t\t<span class=\"elementor-accordion-icon elementor-accordion-icon-left\" aria-hidden=\"true\">\n\t\t\t\t\t\t\t\t\t\t\t\t\t\t\t<span class=\"elementor-accordion-icon-closed\"><svg class=\"e-font-icon-svg e-fas-angle-down\" viewBox=\"0 0 320 512\" xmlns=\"http:\/\/www.w3.org\/2000\/svg\"><path d=\"M143 352.3L7 216.3c-9.4-9.4-9.4-24.6 0-33.9l22.6-22.6c9.4-9.4 24.6-9.4 33.9 0l96.4 96.4 96.4-96.4c9.4-9.4 24.6-9.4 33.9 0l22.6 22.6c9.4 9.4 9.4 24.6 0 33.9l-136 136c-9.2 9.4-24.4 9.4-33.8 0z\"><\/path><\/svg><\/span>\n\t\t\t\t\t\t\t\t<span class=\"elementor-accordion-icon-opened\"><svg class=\"e-font-icon-svg e-fas-angle-up\" viewBox=\"0 0 320 512\" xmlns=\"http:\/\/www.w3.org\/2000\/svg\"><path d=\"M177 159.7l136 136c9.4 9.4 9.4 24.6 0 33.9l-22.6 22.6c-9.4 9.4-24.6 9.4-33.9 0L160 255.9l-96.4 96.4c-9.4 9.4-24.6 9.4-33.9 0L7 329.7c-9.4-9.4-9.4-24.6 0-33.9l136-136c9.4-9.5 24.6-9.5 34-.1z\"><\/path><\/svg><\/span>\n\t\t\t\t\t\t\t\t\t\t\t\t\t\t<\/span>\n\t\t\t\t\t\t\t\t\t\t\t\t<a class=\"elementor-accordion-title\" tabindex=\"0\">\u00bfC\u00f3mo elegir una bomba de circulaci\u00f3n para un sistema solar t\u00e9rmico o un sistema con bomba de calor?<\/a>\n\t\t\t\t\t<\/h4>\n\t\t\t\t\t<div id=\"elementor-tab-content-3353\" class=\"elementor-tab-content elementor-clearfix\" data-tab=\"3\" role=\"region\" aria-labelledby=\"elementor-tab-title-3353\"><ul><li data-start=\"1516\" data-end=\"1924\"><strong data-start=\"1544\" data-end=\"1570\">Caudal (litros\/minuto)<\/strong> adecuado para el volumen del sistema.<\/li><li data-start=\"1516\" data-end=\"1924\"><strong data-start=\"1614\" data-end=\"1635\">Presi\u00f3n de bombeo<\/strong> suficiente para mover el agua a trav\u00e9s del circuito.<\/li><li data-start=\"1516\" data-end=\"1924\"><strong data-start=\"1694\" data-end=\"1735\">Compatibilidad con altas temperaturas<\/strong> (algunas bombas pueden operar hasta 90\u00b0C).<\/li><li data-start=\"1516\" data-end=\"1924\"><strong data-start=\"1784\" data-end=\"1810\">Alimentaci\u00f3n el\u00e9ctrica<\/strong>: Algunas funcionan con <strong data-start=\"1834\" data-end=\"1860\">corriente alterna (AC)<\/strong> y otras con <strong data-start=\"1873\" data-end=\"1921\">corriente continua (DC).<\/strong><\/li><\/ul><\/div>\n\t\t\t\t<\/div>\n\t\t\t\t\t\t\t\t\t\t<script type=\"application\/ld+json\">{\"@context\":\"https:\\\/\\\/schema.org\",\"@type\":\"FAQPage\",\"mainEntity\":[{\"@type\":\"Question\",\"name\":\"\\u00bfQu\\u00e9 es una bomba de circulaci\\u00f3n y para qu\\u00e9 sirve?\",\"acceptedAnswer\":{\"@type\":\"Answer\",\"text\":\"<p data-start=\\\"243\\\" data-end=\\\"546\\\">Una <strong data-start=\\\"247\\\" data-end=\\\"271\\\">bomba de circulaci\\u00f3n<\\\/strong> es un dispositivo dise\\u00f1ado para mover l\\u00edquidos dentro de un circuito cerrado, como en sistemas de calefacci\\u00f3n, refrigeraci\\u00f3n y energ\\u00eda solar t\\u00e9rmica. Se usa para garantizar un <strong data-start=\\\"448\\\" data-end=\\\"484\\\">flujo constante de agua caliente<\\\/strong> entre el dispositivo generador del calor y los equipos desde donde se utiliza el calor (por ejemplo, una un ventiloconvector, un radiador, un tanque de agua., etc). En circuitos donde la presi\\u00f3n es insuficiente, la bomba de circulaci\\u00f3n es crucial para el funcionamiento correcto del sistema.<\\\/p>\"}},{\"@type\":\"Question\",\"name\":\"\\u00bfCu\\u00e1les son las ventajas de usar una bomba de circulaci\\u00f3n en sistemas solares t\\u00e9rmicos?\",\"acceptedAnswer\":{\"@type\":\"Answer\",\"text\":\"<ul><li><strong data-start=\\\"1132\\\" data-end=\\\"1185\\\">Optimiza el rendimiento del sistema solar t\\u00e9rmico<\\\/strong> al garantizar un flujo de agua caliente eficiente.<\\\/li><li><strong data-start=\\\"1242\\\" data-end=\\\"1272\\\">Reduce la p\\u00e9rdida de calor<\\\/strong> en el sistema al evitar que el agua caliente se quede estancada.<\\\/li><li><strong data-start=\\\"1343\\\" data-end=\\\"1385\\\">Evita la formaci\\u00f3n de burbujas de aire<\\\/strong>, que pueden reducir la eficiencia t\\u00e9rmica.<\\\/li><\\\/ul>\"}},{\"@type\":\"Question\",\"name\":\"\\u00bfC\\u00f3mo elegir una bomba de circulaci\\u00f3n para un sistema solar t\\u00e9rmico o un sistema con bomba de calor?\",\"acceptedAnswer\":{\"@type\":\"Answer\",\"text\":\"<ul><li data-start=\\\"1516\\\" data-end=\\\"1924\\\"><strong data-start=\\\"1544\\\" data-end=\\\"1570\\\">Caudal (litros\\\/minuto)<\\\/strong> adecuado para el volumen del sistema.<\\\/li><li data-start=\\\"1516\\\" data-end=\\\"1924\\\"><strong data-start=\\\"1614\\\" data-end=\\\"1635\\\">Presi\\u00f3n de bombeo<\\\/strong> suficiente para mover el agua a trav\\u00e9s del circuito.<\\\/li><li data-start=\\\"1516\\\" data-end=\\\"1924\\\"><strong data-start=\\\"1694\\\" data-end=\\\"1735\\\">Compatibilidad con altas temperaturas<\\\/strong> (algunas bombas pueden operar hasta 90\\u00b0C).<\\\/li><li data-start=\\\"1516\\\" data-end=\\\"1924\\\"><strong data-start=\\\"1784\\\" data-end=\\\"1810\\\">Alimentaci\\u00f3n el\\u00e9ctrica<\\\/strong>: Algunas funcionan con <strong data-start=\\\"1834\\\" data-end=\\\"1860\\\">corriente alterna (AC)<\\\/strong> y otras con <strong data-start=\\\"1873\\\" data-end=\\\"1921\\\">corriente continua (DC).<\\\/strong><\\\/li><\\\/ul>\"}}]}<\/script>\n\t\t\t\t\t<\/div>\n\t\t\t\t\t\t<\/div>\n\t\t\t\t\t<\/div>\n\t\t<\/div>\n\t\t\t\t\t<\/div>\n\t\t<\/section>\n\t\t\t\t<\/div>\n\t\t","protected":false},"excerpt":{"rendered":"<p>FAQ Preguntas Frecuentes y sus Respuestas: Bombas de Circulaci\u00f3n Volver \u00bfQu\u00e9 es una bomba de circulaci\u00f3n y para qu\u00e9 sirve?<\/p>\n","protected":false},"author":4029,"featured_media":0,"parent":43658,"menu_order":0,"comment_status":"closed","ping_status":"closed","template":"","meta":{"_relevanssi_hide_post":"","_relevanssi_hide_content":"","_relevanssi_pin_for_all":"","_relevanssi_pin_keywords":"","_relevanssi_unpin_keywords":"","_relevanssi_related_keywords":"","_relevanssi_related_include_ids":"","_relevanssi_related_exclude_ids":"","_relevanssi_related_no_append":"","_relevanssi_related_not_related":"","_relevanssi_related_posts":"","_relevanssi_noindex_reason":"","inline_featured_image":false,"footnotes":""},"class_list":["post-45976","page","type-page","status-publish","hentry"],"amp_enabled":true,"_links":{"self":[{"href":"https:\/\/enertik.com\/cl\/wp-json\/wp\/v2\/pages\/45976","targetHints":{"allow":["GET"]}}],"collection":[{"href":"https:\/\/enertik.com\/cl\/wp-json\/wp\/v2\/pages"}],"about":[{"href":"https:\/\/enertik.com\/cl\/wp-json\/wp\/v2\/types\/page"}],"author":[{"embeddable":true,"href":"https:\/\/enertik.com\/cl\/wp-json\/wp\/v2\/users\/4029"}],"replies":[{"embeddable":true,"href":"https:\/\/enertik.com\/cl\/wp-json\/wp\/v2\/comments?post=45976"}],"version-history":[{"count":0,"href":"https:\/\/enertik.com\/cl\/wp-json\/wp\/v2\/pages\/45976\/revisions"}],"up":[{"embeddable":true,"href":"https:\/\/enertik.com\/cl\/wp-json\/wp\/v2\/pages\/43658"}],"wp:attachment":[{"href":"https:\/\/enertik.com\/cl\/wp-json\/wp\/v2\/media?parent=45976"}],"curies":[{"name":"wp","href":"https:\/\/api.w.org\/{rel}","templated":true}]}}