{"id":54852,"date":"2026-04-30T02:27:56","date_gmt":"2026-04-30T05:27:56","guid":{"rendered":"https:\/\/enertik.com\/ar\/?post_type=product&#038;p=54852"},"modified":"2026-04-30T05:06:57","modified_gmt":"2026-04-30T08:06:57","slug":"llave-de-transferencia-estatica-goodwe-linea-sts-125kva","status":"publish","type":"product","link":"https:\/\/enertik.com\/ar\/tienda\/fotovoltaica\/inversores-con-conexion-a-red\/accesorios\/llave-de-transferencia-estatica-goodwe-linea-sts-125kva\/","title":{"rendered":"Llave de transferencia est\u00e1tica GoodWe &#8211; L\u00ednea STS 125kVA"},"content":{"rendered":"\t\t<div data-elementor-type=\"product-post\" data-elementor-id=\"54852\" class=\"elementor elementor-54852\" data-elementor-post-type=\"product\">\n\t\t\t\t\t\t<section class=\"wd-negative-gap elementor-section elementor-top-section elementor-element elementor-element-29a2229 Product_Description elementor-section-boxed elementor-section-height-default elementor-section-height-default\" data-id=\"29a2229\" data-element_type=\"section\" data-e-type=\"section\">\n\t\t\t\t\t\t<div class=\"elementor-container elementor-column-gap-default\">\n\t\t\t\t\t<div class=\"elementor-column elementor-col-100 elementor-top-column elementor-element elementor-element-dbe3ca5\" data-id=\"dbe3ca5\" data-element_type=\"column\" data-e-type=\"column\" data-settings=\"{&quot;background_background&quot;:&quot;classic&quot;}\">\n\t\t\t<div class=\"elementor-widget-wrap elementor-element-populated\">\n\t\t\t\t\t\t<section class=\"wd-negative-gap elementor-section elementor-inner-section elementor-element elementor-element-641f278 elementor-section-boxed elementor-section-height-default elementor-section-height-default\" data-id=\"641f278\" data-element_type=\"section\" data-e-type=\"section\">\n\t\t\t\t\t\t<div class=\"elementor-container elementor-column-gap-default\">\n\t\t\t\t\t<div class=\"elementor-column elementor-col-100 elementor-inner-column elementor-element elementor-element-2fb9f3c\" data-id=\"2fb9f3c\" data-element_type=\"column\" data-e-type=\"column\">\n\t\t\t<div class=\"elementor-widget-wrap elementor-element-populated\">\n\t\t\t\t\t\t<div class=\"elementor-element elementor-element-125e69c elementor-widget elementor-widget-wd_tabs\" data-id=\"125e69c\" data-element_type=\"widget\" data-e-type=\"widget\" data-widget_type=\"wd_tabs.default\">\n\t\t\t\t<div class=\"elementor-widget-container\">\n\t\t\t\t\t\t\t<div class=\"wd-tabs tabs-design-default\">\n\t\t\t<div class=\"wd-tabs-header text-center\">\n\t\t\t\t\n\t\t\t\t\n\t\t\t\t<div class=\"wd-nav-wrapper wd-nav-tabs-wrapper wd-mb-action-swipe\">\n\t\t\t\t\t<ul class=\"wd-nav wd-nav-tabs wd-icon-pos-left wd-style-underline\">\n\t\t\t\t\t\t\t\t\t\t\t\t\t\n\t\t\t\t\t\t\t<li>\n\t\t\t\t\t\t\t\t<a href=\"#\" class=\"wd-nav-link\">\n\t\t\t\t\t\t\t\t\t\n\t\t\t\t\t\t\t\t\t<span class=\"nav-link-text wd-tabs-title\">\n\t\t\t\t\t\t\t\t\t\tDESCRIPCI\u00d3N\t\t\t\t\t\t\t\t\t<\/span>\n\t\t\t\t\t\t\t\t<\/a>\n\t\t\t\t\t\t\t<\/li>\n\n\t\t\t\t\t\t\t\t\t\t\t\t\t\n\t\t\t\t\t\t\t<li>\n\t\t\t\t\t\t\t\t<a href=\"#\" class=\"wd-nav-link\">\n\t\t\t\t\t\t\t\t\t\n\t\t\t\t\t\t\t\t\t<span class=\"nav-link-text wd-tabs-title\">\n\t\t\t\t\t\t\t\t\t\tESPECIFICACIONES\t\t\t\t\t\t\t\t\t<\/span>\n\t\t\t\t\t\t\t\t<\/a>\n\t\t\t\t\t\t\t<\/li>\n\n\t\t\t\t\t\t\t\t\t\t\t<\/ul>\n\t\t\t\t<\/div>\n\t\t\t<\/div>\n\n\t\t\t<div class=\"wd-tabs-content-wrapper\">\n\t\t\t\t\t\t\t\t\t\t\t\t\t\t\n\t\t\t\t\t<div class=\"wd-tab-content wd-entry-content\">\n\t\t\t\t\t\t\t\t\t\t\t\t\t<div >\n\t\t\t\t\t\t\t\t<h2>VENTAJAS<\/h2><div class=\"page\" title=\"Page 2\"><div class=\"section\"><div class=\"layoutArea\"><div class=\"column\"><ul><li data-section-id=\"yowqj9\" data-start=\"575\" data-end=\"656\">Dise\u00f1ada para sistemas de almacenamiento de energ\u00eda comerciales e industriales.<\/li><li data-section-id=\"ojm29s\" data-start=\"657\" data-end=\"734\">Permite transiciones suaves entre operaci\u00f3n conectada a red y modo aislado.<\/li><li data-section-id=\"1l8k6xq\" data-start=\"735\" data-end=\"806\">Ayuda a mantener el suministro de cargas cr\u00edticas ante fallas de red.<\/li><li data-section-id=\"1bwup3v\" data-start=\"807\" data-end=\"861\">Compatible con conexi\u00f3n y control de grandes cargas.<\/li><li data-section-id=\"5hg7kf\" data-start=\"862\" data-end=\"902\">Soporta control de generadores di\u00e9sel.<\/li><li data-section-id=\"10uzn8k\" data-start=\"903\" data-end=\"953\">Apta para instalaciones interiores o exteriores.<\/li><li data-section-id=\"1afgyy8\" data-start=\"954\" data-end=\"1007\">Comunicaci\u00f3n RS485 para integraci\u00f3n con el sistema.<\/li><li data-section-id=\"10gp4eg\" data-start=\"1008\" data-end=\"1035\">Grado de protecci\u00f3n IP54.<\/li><\/ul><\/div><\/div><\/div><\/div>\t\t\t\t\t\t\t<\/div>\n\t\t\t\t\t\t\t\t\t\t\t<\/div>\n\n\t\t\t\t\t\t\t\t\t\t\t\t\t\t\n\t\t\t\t\t<div class=\"wd-tab-content wd-entry-content\">\n\t\t\t\t\t\t\t\t\t\t\t\t\t<div >\n\t\t\t\t\t\t\t\t<table><tbody><tr><td class=\"tbLeft\">Modelo<\/td><td>GW125K-STS-G10<\/td><\/tr><tr class=\"tbBorderNone\"><td class=\"tbLeft\">Tipo<\/td><td>Llave de transferencia est\u00e1tica para sistemas de almacenamiento de energ\u00eda C&amp;I<\/td><\/tr><tr><td class=\"tbTit\" colspan=\"2\">Lado de red<\/td><\/tr><tr><td class=\"tbLeft\">Voltaje nominal<\/td><td>127 \/ 220, 220 \/ 380, 230 \/ 400, 240 \/ 415, 3L \/ N \/ PE<\/td><\/tr><tr><td class=\"tbLeft\">Rango de voltaje<\/td><td>114 ~ 280 V (seg\u00fan la normativa local)<\/td><\/tr><tr><td class=\"tbLeft\">Frecuencia nominal<\/td><td>50 \/ 60 Hz<\/td><\/tr><tr><td class=\"tbLeft\">Rango de frecuencia<\/td><td>45 ~ 55 \/ 55 ~ 65 Hz<\/td><\/tr><tr><td class=\"tbLeft\">Corriente nominal<\/td><td>210 A<\/td><\/tr><tr><td class=\"tbLeft\">Corriente m\u00e1xima<\/td><td>210 A<\/td><\/tr><tr><td class=\"tbLeft\">Potencia nominal<\/td><td>125.0 kW (75 @ 220V)<\/td><\/tr><tr class=\"tbBorderNone\"><td class=\"tbLeft\">Potencia aparente m\u00e1xima<\/td><td>137.5 kVA (75 @ 220V)<\/td><\/tr><tr><td class=\"tbTit\" colspan=\"2\">Salida CA (respaldo)<\/td><\/tr><tr><td class=\"tbLeft\">Voltaje nominal<\/td><td>127 \/ 220, 220 \/ 380, 230 \/ 400, 240 \/ 415, 3L \/ N \/ PE<\/td><\/tr><tr><td class=\"tbLeft\">Rango de voltaje<\/td><td>114 ~ 280 V (seg\u00fan la normativa local)<\/td><\/tr><tr><td class=\"tbLeft\">Frecuencia nominal<\/td><td>50 \/ 60 Hz<\/td><\/tr><tr><td class=\"tbLeft\">Rango de frecuencia<\/td><td>45 ~ 55 \/ 55 ~ 65 Hz<\/td><\/tr><tr><td class=\"tbLeft\">Corriente nominal<\/td><td>210 A<\/td><\/tr><tr><td class=\"tbLeft\">Corriente m\u00e1xima<\/td><td>210 A<\/td><\/tr><tr><td class=\"tbLeft\">Potencia nominal<\/td><td>125.0 kW (75 @ 220V)<\/td><\/tr><tr class=\"tbBorderNone\"><td class=\"tbLeft\">Potencia aparente m\u00e1xima<\/td><td>137.5 kVA (75 @ 220V)<\/td><\/tr><tr><td class=\"tbTit\" colspan=\"2\">Puerto inteligente<\/td><\/tr><tr><td class=\"tbLeft\">Voltaje nominal<\/td><td>127 \/ 220, 220 \/ 380, 230 \/ 400, 240 \/ 415, 3L \/ N \/ PE<\/td><\/tr><tr><td class=\"tbLeft\">Rango de voltaje<\/td><td>114 ~ 280 V (seg\u00fan la normativa local)<\/td><\/tr><tr><td class=\"tbLeft\">Frecuencia nominal<\/td><td>50 \/ 60 Hz<\/td><\/tr><tr><td class=\"tbLeft\">Rango de frecuencia<\/td><td>45 ~ 55 \/ 55 ~ 65 Hz<\/td><\/tr><tr><td class=\"tbLeft\">Corriente nominal<\/td><td>210 A<\/td><\/tr><tr><td class=\"tbLeft\">Corriente m\u00e1xima<\/td><td>210 A<\/td><\/tr><tr><td class=\"tbLeft\">Potencia nominal<\/td><td>125.0 kW (75 @ 220V)<\/td><\/tr><tr class=\"tbBorderNone\"><td class=\"tbLeft\">Potencia aparente m\u00e1xima<\/td><td>137.5 kVA (75 @ 220V)<\/td><\/tr><tr><td class=\"tbTit\" colspan=\"2\">Lado del inversor<\/td><\/tr><tr><td class=\"tbLeft\">Voltaje nominal<\/td><td>127 \/ 220, 220 \/ 380, 230 \/ 400, 240 \/ 415, 3L \/ N \/ PE<\/td><\/tr><tr><td class=\"tbLeft\">Rango de voltaje<\/td><td>114 ~ 280 V (seg\u00fan la normativa local)<\/td><\/tr><tr><td class=\"tbLeft\">Frecuencia nominal<\/td><td>50 \/ 60 Hz<\/td><\/tr><tr><td class=\"tbLeft\">Rango de frecuencia<\/td><td>45 ~ 55 \/ 55 ~ 65 Hz<\/td><\/tr><tr><td class=\"tbLeft\">Corriente nominal<\/td><td>210 A<\/td><\/tr><tr><td class=\"tbLeft\">Corriente m\u00e1xima<\/td><td>210 A<\/td><\/tr><tr><td class=\"tbLeft\">Potencia nominal<\/td><td>125.0 kW (75 @ 220V)<\/td><\/tr><tr class=\"tbBorderNone\"><td class=\"tbLeft\">Potencia aparente m\u00e1xima<\/td><td>137.5 kVA (75 @ 220V)<\/td><\/tr><tr><td class=\"tbTit\" colspan=\"2\">Datos generales<\/td><\/tr><tr><td class=\"tbLeft\">Tiempo de transferencia On \/ Off Grid<\/td><td>&lt;4 ms<\/td><\/tr><tr><td class=\"tbLeft\">Rango de temperatura de operaci\u00f3n<\/td><td>-35 ~ +60 \u00b0C<\/td><\/tr><tr><td class=\"tbLeft\">Tipo de instalaci\u00f3n<\/td><td>Interior \/ Exterior<\/td><\/tr><tr><td class=\"tbLeft\">Humedad relativa<\/td><td>0 ~ 100%<\/td><\/tr><tr><td class=\"tbLeft\">Tipo de sistema de suministro el\u00e9ctrico<\/td><td>TN-S, TN-C, TN-C-S, TT<\/td><\/tr><tr><td class=\"tbLeft\">Aplicaci\u00f3n<\/td><td>Estacionario<\/td><\/tr><tr><td class=\"tbLeft\">Tipo de dispositivo de protecci\u00f3n contra cortocircuito<\/td><td>Icc<\/td><\/tr><tr><td class=\"tbLeft\">M\u00e1x. altura de funcionamiento<\/td><td>4000 m<\/td><\/tr><tr><td class=\"tbLeft\">M\u00e9todo de refrigeraci\u00f3n<\/td><td>Refrigeraci\u00f3n por aire inteligente<\/td><\/tr><tr><td class=\"tbLeft\">Comunicaci\u00f3n<\/td><td>RS485<\/td><\/tr><tr><td class=\"tbLeft\">Peso<\/td><td>21 kg<\/td><\/tr><tr><td class=\"tbLeft\">Medidas (Ancho \u00d7 Alto \u00d7 Profundo)<\/td><td>680 \u00d7 620 \u00d7 165 mm<\/td><\/tr><tr><td class=\"tbLeft\">M\u00e9todo de montaje<\/td><td>Soporte de pared<\/td><\/tr><tr><td class=\"tbLeft\">Emisi\u00f3n de ruido<\/td><td>45 dB<\/td><\/tr><tr class=\"tbBorderNone\"><td class=\"tbLeft\">Grado de protecci\u00f3n<\/td><td>IP54<\/td><\/tr><\/tbody><\/table>\t\t\t\t\t\t\t<\/div>\n\t\t\t\t\t\t\t\t\t\t\t<\/div>\n\n\t\t\t\t\t\t\t<\/div>\n\t\t<\/div>\n\t\t\t\t\t\t<\/div>\n\t\t\t\t<\/div>\n\t\t\t\t\t<\/div>\n\t\t<\/div>\n\t\t\t\t\t<\/div>\n\t\t<\/section>\n\t\t\t\t\t<\/div>\n\t\t<\/div>\n\t\t\t\t\t<\/div>\n\t\t<\/section>\n\t\t\t\t<section class=\"wd-negative-gap elementor-section elementor-top-section elementor-element elementor-element-bcf6ce7 Link_Buttons elementor-section-boxed elementor-section-height-default elementor-section-height-default\" data-id=\"bcf6ce7\" data-element_type=\"section\" data-e-type=\"section\" data-settings=\"{&quot;background_background&quot;:&quot;classic&quot;}\">\n\t\t\t\t\t\t<div class=\"elementor-container elementor-column-gap-custom\">\n\t\t\t\t\t<div class=\"elementor-column elementor-col-25 elementor-top-column elementor-element elementor-element-441e76c\" data-id=\"441e76c\" data-element_type=\"column\" data-e-type=\"column\">\n\t\t\t<div class=\"elementor-widget-wrap elementor-element-populated\">\n\t\t\t\t\t\t<div class=\"elementor-element elementor-element-4f526d8 elementor-view-framed elementor-shape-circle elementor-position-block-start elementor-mobile-position-block-start elementor-widget elementor-widget-icon-box\" data-id=\"4f526d8\" data-element_type=\"widget\" data-e-type=\"widget\" data-widget_type=\"icon-box.default\">\n\t\t\t\t\t\t\t<div class=\"elementor-icon-box-wrapper\">\n\n\t\t\t\t\t\t<div class=\"elementor-icon-box-icon\">\n\t\t\t\t<a href=\"https:\/\/enertik.com\/wp-content\/uploads\/sites\/3\/documentos\/manuales\/gw_commercial-smart-inverter-solutions_user-manual-et100-es-2.pdf\" target=\"_blank\" class=\"elementor-icon\" tabindex=\"-1\">\n\t\t\t\t<svg aria-hidden=\"true\" class=\"e-font-icon-svg e-fas-book\" viewBox=\"0 0 448 512\" xmlns=\"http:\/\/www.w3.org\/2000\/svg\"><path d=\"M448 360V24c0-13.3-10.7-24-24-24H96C43 0 0 43 0 96v320c0 53 43 96 96 96h328c13.3 0 24-10.7 24-24v-16c0-7.5-3.5-14.3-8.9-18.7-4.2-15.4-4.2-59.3 0-74.7 5.4-4.3 8.9-11.1 8.9-18.6zM128 134c0-3.3 2.7-6 6-6h212c3.3 0 6 2.7 6 6v20c0 3.3-2.7 6-6 6H134c-3.3 0-6-2.7-6-6v-20zm0 64c0-3.3 2.7-6 6-6h212c3.3 0 6 2.7 6 6v20c0 3.3-2.7 6-6 6H134c-3.3 0-6-2.7-6-6v-20zm253.4 250H96c-17.7 0-32-14.3-32-32 0-17.6 14.4-32 32-32h285.4c-1.9 17.1-1.9 46.9 0 64z\"><\/path><\/svg>\t\t\t\t<\/a>\n\t\t\t<\/div>\n\t\t\t\n\t\t\t\t\t\t<div class=\"elementor-icon-box-content\">\n\n\t\t\t\t\n\t\t\t\t\t\t\t\t\t<p class=\"elementor-icon-box-description\">\n\t\t\t\t\t\tMANUAL\t\t\t\t\t<\/p>\n\t\t\t\t\n\t\t\t<\/div>\n\t\t\t\n\t\t<\/div>\n\t\t\t\t\t\t<\/div>\n\t\t\t\t\t<\/div>\n\t\t<\/div>\n\t\t\t\t<div class=\"elementor-column elementor-col-25 elementor-top-column elementor-element elementor-element-2a10503\" data-id=\"2a10503\" data-element_type=\"column\" data-e-type=\"column\">\n\t\t\t<div class=\"elementor-widget-wrap elementor-element-populated\">\n\t\t\t\t\t\t<div class=\"elementor-element elementor-element-b08a92b elementor-view-framed elementor-shape-circle elementor-position-block-start elementor-mobile-position-block-start elementor-widget elementor-widget-icon-box\" data-id=\"b08a92b\" data-element_type=\"widget\" data-e-type=\"widget\" data-widget_type=\"icon-box.default\">\n\t\t\t\t\t\t\t<div class=\"elementor-icon-box-wrapper\">\n\n\t\t\t\t\t\t<div class=\"elementor-icon-box-icon\">\n\t\t\t\t<a href=\"https:\/\/enertik.com\/wp-content\/uploads\/sites\/3\/documentos\/manuales\/gw_sts-125kw_quick-installation-guide-poly.pdf\" target=\"_blank\" class=\"elementor-icon\" tabindex=\"-1\">\n\t\t\t\t<svg aria-hidden=\"true\" class=\"e-font-icon-svg e-fas-book-reader\" viewBox=\"0 0 512 512\" xmlns=\"http:\/\/www.w3.org\/2000\/svg\"><path d=\"M352 96c0-53.02-42.98-96-96-96s-96 42.98-96 96 42.98 96 96 96 96-42.98 96-96zM233.59 241.1c-59.33-36.32-155.43-46.3-203.79-49.05C13.55 191.13 0 203.51 0 219.14v222.8c0 14.33 11.59 26.28 26.49 27.05 43.66 2.29 131.99 10.68 193.04 41.43 9.37 4.72 20.48-1.71 20.48-11.87V252.56c-.01-4.67-2.32-8.95-6.42-11.46zm248.61-49.05c-48.35 2.74-144.46 12.73-203.78 49.05-4.1 2.51-6.41 6.96-6.41 11.63v245.79c0 10.19 11.14 16.63 20.54 11.9 61.04-30.72 149.32-39.11 192.97-41.4 14.9-.78 26.49-12.73 26.49-27.06V219.14c-.01-15.63-13.56-28.01-29.81-27.09z\"><\/path><\/svg>\t\t\t\t<\/a>\n\t\t\t<\/div>\n\t\t\t\n\t\t\t\t\t\t<div class=\"elementor-icon-box-content\">\n\n\t\t\t\t\n\t\t\t\t\t\t\t\t\t<p class=\"elementor-icon-box-description\">\n\t\t\t\t\t\tGU\u00cdA\t\t\t\t\t<\/p>\n\t\t\t\t\n\t\t\t<\/div>\n\t\t\t\n\t\t<\/div>\n\t\t\t\t\t\t<\/div>\n\t\t\t\t\t<\/div>\n\t\t<\/div>\n\t\t\t\t<div class=\"elementor-column elementor-col-25 elementor-top-column elementor-element elementor-element-308d6c0\" data-id=\"308d6c0\" data-element_type=\"column\" data-e-type=\"column\">\n\t\t\t<div class=\"elementor-widget-wrap elementor-element-populated\">\n\t\t\t\t\t\t<div class=\"elementor-element elementor-element-fa25755 elementor-view-framed elementor-shape-circle elementor-position-block-start elementor-mobile-position-block-start elementor-widget elementor-widget-icon-box\" data-id=\"fa25755\" data-element_type=\"widget\" data-e-type=\"widget\" data-widget_type=\"icon-box.default\">\n\t\t\t\t\t\t\t<div class=\"elementor-icon-box-wrapper\">\n\n\t\t\t\t\t\t<div class=\"elementor-icon-box-icon\">\n\t\t\t\t<a href=\"https:\/\/enertik.com\/wp-content\/uploads\/sites\/3\/documentos\/folletos\/gw_sts-125kw_datasheet_latam-es.pdf\" target=\"_blank\" class=\"elementor-icon\" tabindex=\"-1\">\n\t\t\t\t<svg aria-hidden=\"true\" class=\"e-font-icon-svg e-fas-book-open\" viewBox=\"0 0 576 512\" xmlns=\"http:\/\/www.w3.org\/2000\/svg\"><path d=\"M542.22 32.05c-54.8 3.11-163.72 14.43-230.96 55.59-4.64 2.84-7.27 7.89-7.27 13.17v363.87c0 11.55 12.63 18.85 23.28 13.49 69.18-34.82 169.23-44.32 218.7-46.92 16.89-.89 30.02-14.43 30.02-30.66V62.75c.01-17.71-15.35-31.74-33.77-30.7zM264.73 87.64C197.5 46.48 88.58 35.17 33.78 32.05 15.36 31.01 0 45.04 0 62.75V400.6c0 16.24 13.13 29.78 30.02 30.66 49.49 2.6 149.59 12.11 218.77 46.95 10.62 5.35 23.21-1.94 23.21-13.46V100.63c0-5.29-2.62-10.14-7.27-12.99z\"><\/path><\/svg>\t\t\t\t<\/a>\n\t\t\t<\/div>\n\t\t\t\n\t\t\t\t\t\t<div class=\"elementor-icon-box-content\">\n\n\t\t\t\t\n\t\t\t\t\t\t\t\t\t<p class=\"elementor-icon-box-description\">\n\t\t\t\t\t\tFOLLETO\t\t\t\t\t<\/p>\n\t\t\t\t\n\t\t\t<\/div>\n\t\t\t\n\t\t<\/div>\n\t\t\t\t\t\t<\/div>\n\t\t\t\t\t<\/div>\n\t\t<\/div>\n\t\t\t\t<div class=\"elementor-column elementor-col-25 elementor-top-column elementor-element elementor-element-6d72fed\" data-id=\"6d72fed\" data-element_type=\"column\" data-e-type=\"column\">\n\t\t\t<div class=\"elementor-widget-wrap elementor-element-populated\">\n\t\t\t\t\t\t<div class=\"elementor-element elementor-element-e8a70ae elementor-view-framed elementor-shape-circle elementor-position-block-start elementor-mobile-position-block-start elementor-widget elementor-widget-icon-box\" data-id=\"e8a70ae\" data-element_type=\"widget\" data-e-type=\"widget\" data-widget_type=\"icon-box.default\">\n\t\t\t\t\t\t\t<div class=\"elementor-icon-box-wrapper\">\n\n\t\t\t\t\t\t<div class=\"elementor-icon-box-icon\">\n\t\t\t\t<a href=\"https:\/\/enertik.com\/wp-content\/uploads\/sites\/3\/documentos\/certificados\/cert-goodwe-sts-125k.zip\" target=\"_blank\" class=\"elementor-icon\" tabindex=\"-1\">\n\t\t\t\t<svg aria-hidden=\"true\" class=\"e-font-icon-svg e-fas-medal\" viewBox=\"0 0 512 512\" xmlns=\"http:\/\/www.w3.org\/2000\/svg\"><path d=\"M223.75 130.75L154.62 15.54A31.997 31.997 0 0 0 127.18 0H16.03C3.08 0-4.5 14.57 2.92 25.18l111.27 158.96c29.72-27.77 67.52-46.83 109.56-53.39zM495.97 0H384.82c-11.24 0-21.66 5.9-27.44 15.54l-69.13 115.21c42.04 6.56 79.84 25.62 109.56 53.38L509.08 25.18C516.5 14.57 508.92 0 495.97 0zM256 160c-97.2 0-176 78.8-176 176s78.8 176 176 176 176-78.8 176-176-78.8-176-176-176zm92.52 157.26l-37.93 36.96 8.97 52.22c1.6 9.36-8.26 16.51-16.65 12.09L256 393.88l-46.9 24.65c-8.4 4.45-18.25-2.74-16.65-12.09l8.97-52.22-37.93-36.96c-6.82-6.64-3.05-18.23 6.35-19.59l52.43-7.64 23.43-47.52c2.11-4.28 6.19-6.39 10.28-6.39 4.11 0 8.22 2.14 10.33 6.39l23.43 47.52 52.43 7.64c9.4 1.36 13.17 12.95 6.35 19.59z\"><\/path><\/svg>\t\t\t\t<\/a>\n\t\t\t<\/div>\n\t\t\t\n\t\t\t\t\t\t<div class=\"elementor-icon-box-content\">\n\n\t\t\t\t\n\t\t\t\t\t\t\t\t\t<p class=\"elementor-icon-box-description\">\n\t\t\t\t\t\tCERTIFICADOS\t\t\t\t\t<\/p>\n\t\t\t\t\n\t\t\t<\/div>\n\t\t\t\n\t\t<\/div>\n\t\t\t\t\t\t<\/div>\n\t\t\t\t\t<\/div>\n\t\t<\/div>\n\t\t\t\t\t<\/div>\n\t\t<\/section>\n\t\t\t\t<section class=\"wd-negative-gap elementor-section elementor-top-section elementor-element elementor-element-e502303 mas_recursos elementor-section-boxed elementor-section-height-default elementor-section-height-default\" data-id=\"e502303\" data-element_type=\"section\" data-e-type=\"section\">\n\t\t\t\t\t\t<div class=\"elementor-container elementor-column-gap-default\">\n\t\t\t\t\t<div class=\"elementor-column elementor-col-100 elementor-top-column elementor-element elementor-element-12a1302\" data-id=\"12a1302\" data-element_type=\"column\" data-e-type=\"column\">\n\t\t\t<div class=\"elementor-widget-wrap elementor-element-populated\">\n\t\t\t\t\t\t<div class=\"elementor-element elementor-element-eaa70f5 elementor-widget elementor-widget-wd_text_block\" data-id=\"eaa70f5\" data-element_type=\"widget\" data-e-type=\"widget\" data-widget_type=\"wd_text_block.default\">\n\t\t\t\t<div class=\"elementor-widget-container\">\n\t\t\t\t\t\t\t<div class=\"wd-text-block reset-last-child text-left\">\n\t\t\t\n\t\t\t<h2>\u00a0M\u00c1S INFORMACI\u00d3N\u00a0<\/h2>\n\t\t\t\t\t<\/div>\n\t\t\t\t\t\t<\/div>\n\t\t\t\t<\/div>\n\t\t\t\t<div class=\"elementor-element elementor-element-1b4fa28 elementor-button-success elementor-align-left elementor-mobile-align-left elementor-widget elementor-widget-button\" data-id=\"1b4fa28\" data-element_type=\"widget\" data-e-type=\"widget\" data-widget_type=\"button.default\">\n\t\t\t\t\t\t\t\t\t\t<a class=\"elementor-button elementor-button-link elementor-size-xs elementor-animation-grow\" href=\"https:\/\/enertik.com\/wp-content\/uploads\/sites\/2\/documentos\/certificados\/iso9001-certificate-2021-en.pdf\" target=\"_blank\">\n\t\t\t\t\t\t<span class=\"elementor-button-content-wrapper\">\n\t\t\t\t\t\t<span class=\"elementor-button-icon\">\n\t\t\t\t<svg aria-hidden=\"true\" class=\"e-font-icon-svg e-fab-youtube\" viewBox=\"0 0 576 512\" xmlns=\"http:\/\/www.w3.org\/2000\/svg\"><path d=\"M549.655 124.083c-6.281-23.65-24.787-42.276-48.284-48.597C458.781 64 288 64 288 64S117.22 64 74.629 75.486c-23.497 6.322-42.003 24.947-48.284 48.597-11.412 42.867-11.412 132.305-11.412 132.305s0 89.438 11.412 132.305c6.281 23.65 24.787 41.5 48.284 47.821C117.22 448 288 448 288 448s170.78 0 213.371-11.486c23.497-6.321 42.003-24.171 48.284-47.821 11.412-42.867 11.412-132.305 11.412-132.305s0-89.438-11.412-132.305zm-317.51 213.508V175.185l142.739 81.205-142.739 81.201z\"><\/path><\/svg>\t\t\t<\/span>\n\t\t\t\t\t\t\t\t\t<span class=\"elementor-button-text\">Canal de Youtube Oficial de GoodWe<\/span>\n\t\t\t\t\t<\/span>\n\t\t\t\t\t<\/a>\n\t\t\t\t\t\t\t\t<\/div>\n\t\t\t\t\t<\/div>\n\t\t<\/div>\n\t\t\t\t\t<\/div>\n\t\t<\/section>\n\t\t\t\t<\/div>\n\t\t","protected":false},"excerpt":{"rendered":"<p data-start=\"1678\" data-end=\"2094\">La <strong data-start=\"1681\" data-end=\"1747\">llave de transferencia est\u00e1tica GoodWe GW125K-STS-G10 (STS125)<\/strong> es una soluci\u00f3n de conmutaci\u00f3n de \u00faltima generaci\u00f3n pensada para sistemas de almacenamiento de energ\u00eda <strong data-start=\"1851\" data-end=\"1881\">comerciales e industriales<\/strong>. Dise\u00f1ada para trabajar con los inversores h\u00edbridos <strong data-start=\"1934\" data-end=\"1951\">GoodWe ET-100<\/strong>, permite una coordinaci\u00f3n precisa del sistema para asegurar un funcionamiento confiable tanto en condiciones normales como ante fallas de red.<\/p>\n<p data-start=\"2096\" data-end=\"2593\">Este equipo permite transiciones suaves entre los modos <strong data-start=\"2152\" data-end=\"2163\">on-grid<\/strong> y <strong data-start=\"2166\" data-end=\"2178\">off-grid<\/strong>, mejorando la continuidad del suministro para cargas cr\u00edticas. Cuando se produce una interrupci\u00f3n de la red el\u00e9ctrica, la STS conmuta autom\u00e1ticamente al modo aislado (tiempo de transferencia a nivel de UPS), permitiendo que la energ\u00eda almacenada en bater\u00edas o generada por los <strong data-start=\"2415\" data-end=\"2429\">paneles FV<\/strong> siga abasteciendo los consumos esenciales. Una vez que la red vuelve a estar disponible, el sistema retorna al modo conectado de manera estable, continua y segura.<\/p>\n<p data-start=\"2595\" data-end=\"3093\">Destaca adem\u00e1s por su versatilidad en aplicaciones exigentes y es una opci\u00f3n especialmente adecuada para instalaciones que requieren una <strong data-start=\"137\" data-end=\"174\">conmutaci\u00f3n confiable a nivel UPS<\/strong>, soporte para cargas de mayor exigencia y alta continuidad operativa. Admite conexi\u00f3n e integraci\u00f3n con <strong data-start=\"279\" data-end=\"294\">generadores<\/strong>, incluyendo <strong data-start=\"307\" data-end=\"329\">generadores di\u00e9sel<\/strong>, y permite el control de grandes cargas como <strong data-start=\"375\" data-end=\"404\">bombas de calor y motores<\/strong>, ofreciendo una soluci\u00f3n robusta, flexible y eficiente para proyectos energ\u00e9ticos avanzados en entornos comerciales e industriales. Su dise\u00f1o robusto, junto con su <strong data-start=\"569\" data-end=\"588\">protecci\u00f3n IP54<\/strong>, lo hace apto para instalaciones exteriores y aporta una mayor seguridad y flexibilidad en la gesti\u00f3n energ\u00e9tica de proyectos C&amp;I.<\/p>\n","protected":false},"featured_media":54855,"comment_status":"open","ping_status":"closed","template":"","meta":{"_relevanssi_hide_post":"","_relevanssi_hide_content":"","_relevanssi_pin_for_all":"","_relevanssi_pin_keywords":"","_relevanssi_unpin_keywords":"","_relevanssi_related_keywords":"","_relevanssi_related_include_ids":"","_relevanssi_related_exclude_ids":"","_relevanssi_related_no_append":"","_relevanssi_related_not_related":"","_relevanssi_related_posts":"","_relevanssi_noindex_reason":"","inline_featured_image":false},"product_brand":[],"product_cat":[1692,1694,1691],"product_tag":[],"class_list":{"0":"post-54852","1":"product","2":"type-product","3":"status-publish","4":"has-post-thumbnail","6":"product_cat-accesorios","7":"product_cat-con-backup-hibrido","8":"product_cat-inversores-con-conexion-a-red","9":"pa_marca-goodwe","10":"pa_potencia-100kw","11":"pa_serie-serie-et","13":"first","14":"onbackorder","15":"taxable","16":"shipping-taxable","17":"purchasable","18":"product-type-simple"},"bundled_by":[],"bundle_stock_status":"onbackorder","bundle_stock_quantity":0,"bundle_virtual":false,"bundle_layout":"","bundle_add_to_cart_form_location":"","bundle_editable_in_cart":false,"bundle_sold_individually_context":"","bundle_item_grouping":"","bundle_min_size":"","bundle_max_size":"","bundle_price":[],"bundled_items":[],"bundle_sell_ids":[],"group_of_quantity":0,"min_quantity":0,"max_quantity":"","exclude_order_quantity_value_rules":"no","exclude_category_quantity_rules":"no","combine_variations":"no","exclude_global_add_ons":[],"addons":[],"_links":{"self":[{"href":"https:\/\/enertik.com\/ar\/wp-json\/wp\/v2\/product\/54852","targetHints":{"allow":["GET"]}}],"collection":[{"href":"https:\/\/enertik.com\/ar\/wp-json\/wp\/v2\/product"}],"about":[{"href":"https:\/\/enertik.com\/ar\/wp-json\/wp\/v2\/types\/product"}],"replies":[{"embeddable":true,"href":"https:\/\/enertik.com\/ar\/wp-json\/wp\/v2\/comments?post=54852"}],"version-history":[{"count":10,"href":"https:\/\/enertik.com\/ar\/wp-json\/wp\/v2\/product\/54852\/revisions"}],"predecessor-version":[{"id":54872,"href":"https:\/\/enertik.com\/ar\/wp-json\/wp\/v2\/product\/54852\/revisions\/54872"}],"wp:featuredmedia":[{"embeddable":true,"href":"https:\/\/enertik.com\/ar\/wp-json\/wp\/v2\/media\/54855"}],"wp:attachment":[{"href":"https:\/\/enertik.com\/ar\/wp-json\/wp\/v2\/media?parent=54852"}],"wp:term":[{"taxonomy":"product_brand","embeddable":true,"href":"https:\/\/enertik.com\/ar\/wp-json\/wp\/v2\/product_brand?post=54852"},{"taxonomy":"product_cat","embeddable":true,"href":"https:\/\/enertik.com\/ar\/wp-json\/wp\/v2\/product_cat?post=54852"},{"taxonomy":"product_tag","embeddable":true,"href":"https:\/\/enertik.com\/ar\/wp-json\/wp\/v2\/product_tag?post=54852"}],"curies":[{"name":"wp","href":"https:\/\/api.w.org\/{rel}","templated":true}]}}