{"id":54113,"date":"2026-04-17T05:24:41","date_gmt":"2026-04-17T08:24:41","guid":{"rendered":"https:\/\/enertik.com\/ar\/?post_type=product&#038;p=54113"},"modified":"2026-04-17T22:04:29","modified_gmt":"2026-04-18T01:04:29","slug":"bateria-de-litio-modular-de-alta-tension-goodwe-563-2v-112-6kwh-bat-c-ip55","status":"publish","type":"product","link":"https:\/\/enertik.com\/ar\/tienda\/baterias\/litio\/bateria-de-litio-modular-de-alta-tension-goodwe-5632v-1126kwh-bat-c-ip55\/","title":{"rendered":"Bater\u00eda de Litio Modular de Alta Tensi\u00f3n Goodwe 563.2V 112.6kWh &#8211; BAT-C (IP55)"},"content":{"rendered":"\t\t<div data-elementor-type=\"product-post\" data-elementor-id=\"54113\" class=\"elementor elementor-54113\" data-elementor-post-type=\"product\">\n\t\t\t\t\t\t<section class=\"wd-negative-gap elementor-section elementor-top-section elementor-element elementor-element-5129e33 Product_Description elementor-section-boxed elementor-section-height-default elementor-section-height-default\" data-id=\"5129e33\" data-element_type=\"section\" data-e-type=\"section\">\n\t\t\t\t\t\t<div class=\"elementor-container elementor-column-gap-default\">\n\t\t\t\t\t<div class=\"elementor-column elementor-col-100 elementor-top-column elementor-element elementor-element-37a60de\" data-id=\"37a60de\" data-element_type=\"column\" data-e-type=\"column\" data-settings=\"{&quot;background_background&quot;:&quot;classic&quot;}\">\n\t\t\t<div class=\"elementor-widget-wrap elementor-element-populated\">\n\t\t\t\t\t\t<section class=\"wd-negative-gap elementor-section elementor-inner-section elementor-element elementor-element-59edbbd elementor-section-boxed elementor-section-height-default elementor-section-height-default\" data-id=\"59edbbd\" data-element_type=\"section\" data-e-type=\"section\">\n\t\t\t\t\t\t<div class=\"elementor-container elementor-column-gap-default\">\n\t\t\t\t\t<div class=\"elementor-column elementor-col-100 elementor-inner-column elementor-element elementor-element-44278c5\" data-id=\"44278c5\" data-element_type=\"column\" data-e-type=\"column\">\n\t\t\t<div class=\"elementor-widget-wrap elementor-element-populated\">\n\t\t\t\t\t\t<div class=\"elementor-element elementor-element-ff8e04e elementor-widget elementor-widget-wd_tabs\" data-id=\"ff8e04e\" data-element_type=\"widget\" data-e-type=\"widget\" data-widget_type=\"wd_tabs.default\">\n\t\t\t\t<div class=\"elementor-widget-container\">\n\t\t\t\t\t\t\t<div class=\"wd-tabs tabs-design-default\">\n\t\t\t<div class=\"wd-tabs-header text-center\">\n\t\t\t\t\n\t\t\t\t\n\t\t\t\t<div class=\"wd-nav-wrapper wd-nav-tabs-wrapper wd-mb-action-swipe\">\n\t\t\t\t\t<ul class=\"wd-nav wd-nav-tabs wd-icon-pos-left wd-style-underline\">\n\t\t\t\t\t\t\t\t\t\t\t\t\t\n\t\t\t\t\t\t\t<li>\n\t\t\t\t\t\t\t\t<a href=\"#\" class=\"wd-nav-link\">\n\t\t\t\t\t\t\t\t\t\n\t\t\t\t\t\t\t\t\t<span class=\"nav-link-text wd-tabs-title\">\n\t\t\t\t\t\t\t\t\t\tDESCRIPCI\u00d3N\t\t\t\t\t\t\t\t\t<\/span>\n\t\t\t\t\t\t\t\t<\/a>\n\t\t\t\t\t\t\t<\/li>\n\n\t\t\t\t\t\t\t\t\t\t\t\t\t\n\t\t\t\t\t\t\t<li>\n\t\t\t\t\t\t\t\t<a href=\"#\" class=\"wd-nav-link\">\n\t\t\t\t\t\t\t\t\t\n\t\t\t\t\t\t\t\t\t<span class=\"nav-link-text wd-tabs-title\">\n\t\t\t\t\t\t\t\t\t\tESPECIFICACIONES\t\t\t\t\t\t\t\t\t<\/span>\n\t\t\t\t\t\t\t\t<\/a>\n\t\t\t\t\t\t\t<\/li>\n\n\t\t\t\t\t\t\t\t\t\t\t<\/ul>\n\t\t\t\t<\/div>\n\t\t\t<\/div>\n\n\t\t\t<div class=\"wd-tabs-content-wrapper\">\n\t\t\t\t\t\t\t\t\t\t\t\t\t\t\n\t\t\t\t\t<div class=\"wd-tab-content wd-entry-content\">\n\t\t\t\t\t\t\t\t\t\t\t\t\t<div >\n\t\t\t\t\t\t\t\t<h2>VENTAJAS<\/h2><ul class=\"ul1\"><li class=\"li1\">Sistema de almacenamiento C&amp;I de <span class=\"s1\"><b>112.6 kWh<\/b><\/span> basado en tecnolog\u00eda LFP de alta estabilidad.<\/li><li class=\"li1\">Alta respuesta energ\u00e9tica con <span class=\"s1\"><b>carga 0.9C y descarga 1.1C<\/b><\/span>, ideal para peak shaving y respaldo.<\/li><li>Calidad superior: profundidad de descarga del 100% y 6000 ciclos de vida \u00fatil<\/li><li>Construcci\u00f3n robusta: protecci\u00f3n IP55, con altura m\u00e1xima de funcionamiento de 4000 metros<\/li><li class=\"li1\">Escalable hasta <span class=\"s1\"><b>450 kWh<\/b><\/span> mediante conexi\u00f3n en paralelo de hasta 4 unidades.<\/li><li class=\"li1\">Integraci\u00f3n perfecta con inversores h\u00edbridos GoodWe ET y sistemas con STS.<\/li><li class=\"li1\">Seguridad multicapa con <span class=\"s1\"><b>supresi\u00f3n de incendios por aerosol<\/b><\/span> a nivel de m\u00f3dulo y gabinete.<\/li><li class=\"li1\">Monitoreo de humedad por m\u00f3dulo con <span class=\"s1\"><b>deshumidificaci\u00f3n autom\u00e1tica<\/b><\/span>, mayor fiabilidad a largo plazo.<\/li><li class=\"li1\">Dise\u00f1o robusto para entornos exigentes con protecci\u00f3n <span class=\"s1\"><b>IP55 y anticorrosi\u00f3n C4<\/b><\/span>.<\/li><li class=\"li1\"><span class=\"s1\">Alta eficiencia energ\u00e9tica con <\/span><b>96% de eficiencia de ida y vuelta<\/b><span class=\"s1\">.<\/span><\/li><li class=\"li1\">Sistema optimizado para aplicaciones C&amp;I: respaldo, gesti\u00f3n de carga y reducci\u00f3n de picos.<\/li><li class=\"li1\">Arquitectura modular que facilita instalaci\u00f3n, expansi\u00f3n y mantenimiento.<\/li><\/ul>\t\t\t\t\t\t\t<\/div>\n\t\t\t\t\t\t\t\t\t\t\t<\/div>\n\n\t\t\t\t\t\t\t\t\t\t\t\t\t\t\n\t\t\t\t\t<div class=\"wd-tab-content wd-entry-content\">\n\t\t\t\t\t\t\t\t\t\t\t\t\t<div >\n\t\t\t\t\t\t\t\t<table><tbody><tr><td class=\"tbTit\" colspan=\"2\">Modelo<\/td><\/tr><tr class=\"tbBorderNone\"><td class=\"tbLeft\">Modelo<\/td><td>GW112.6-BAT-AC-G10<\/td><\/tr><tr><td class=\"tbTit\" colspan=\"2\">Sistema de bater\u00eda<\/td><\/tr><tr><td class=\"tbLeft\">Tipo de celda<\/td><td>LFP (LiFePO4)<\/td><\/tr><tr><td class=\"tbLeft\">Capacidad de la celda<\/td><td>100 Ah<\/td><\/tr><tr><td class=\"tbLeft\">Configuraci\u00f3n del pack<\/td><td>Celdas de 3.2V 100Ah x 16S2P = Pack de 102.4 kWh<\/td><\/tr><tr><td class=\"tbLeft\">N\u00famero de packs en total<\/td><td>11 en serie<\/td><\/tr><tr><td class=\"tbLeft\">Energ\u00eda nominal total<\/td><td>112.6 kWh<\/td><\/tr><tr><td class=\"tbLeft\">Energ\u00eda utilizable<\/td><td>110 kWh<\/td><\/tr><tr><td class=\"tbLeft\">Tensi\u00f3n nominal<\/td><td>563.2 V<\/td><\/tr><tr><td class=\"tbLeft\">Rango de tensi\u00f3n operativa<\/td><td>505.12 ~ 635.36 V<\/td><\/tr><tr><td class=\"tbLeft\">Rango de temperatura de carga<\/td><td>-20 ~ +55 \u00b0C<\/td><\/tr><tr><td class=\"tbLeft\">Rango de temperatura de descarga<\/td><td>-20 ~ +55 \u00b0C<\/td><\/tr><tr><td class=\"tbLeft\">Corriente m\u00e1xima de carga \/ descarga<\/td><td>180 \/ 220 A<\/td><\/tr><tr><td class=\"tbLeft\">Tasa m\u00e1xima de carga \/ descarga<\/td><td>0.9C \/ 1.1C<\/td><\/tr><tr><td class=\"tbLeft\">Potencia m\u00e1xima de carga \/ descarga<\/td><td>101.3 \/ 123.9 kW<\/td><\/tr><tr><td class=\"tbLeft\">Vida \u00fatil<\/td><td>6000 ciclos (25\u00b0C, 0.5C, 90% DOD, 70% EOL)<\/td><\/tr><tr class=\"tbBorderNone\"><td class=\"tbLeft\">Profundidad de descarga<\/td><td>100%<\/td><\/tr><tr><td class=\"tbTit\" colspan=\"2\">Eficiencia<\/td><\/tr><tr class=\"tbBorderNone\"><td class=\"tbLeft\">Eficiencia de ida y vuelta<\/td><td>96%<\/td><\/tr><tr><td class=\"tbTit\" colspan=\"2\">Datos generales<\/td><\/tr><tr><td class=\"tbLeft\">Temperatura de operaci\u00f3n<\/td><td>-20 ~ +55 \u00b0C<\/td><\/tr><tr><td class=\"tbLeft\">Temperatura de almacenamiento<\/td><td>+35\u00b0C ~ +45\u00b0C (&lt;6 meses); -20\u00b0C ~ +35\u00b0C (&lt;1 a\u00f1o)<\/td><\/tr><tr><td class=\"tbLeft\">Humedad relativa<\/td><td>0 ~ 100% (sin condensaci\u00f3n)<\/td><\/tr><tr><td class=\"tbLeft\">M\u00e1x. altura de funcionamiento<\/td><td>4000 m<\/td><\/tr><tr><td class=\"tbLeft\">M\u00e9todo de refrigeraci\u00f3n<\/td><td>Aire acondicionado<\/td><\/tr><tr><td class=\"tbLeft\">Interfaz de usuario<\/td><td>LED<\/td><\/tr><tr><td class=\"tbLeft\">Comunicaci\u00f3n<\/td><td>CAN (RS485 opcional)<\/td><\/tr><tr><td class=\"tbLeft\">Peso<\/td><td>&lt;1400 kg<\/td><\/tr><tr><td class=\"tbLeft\">Dimensiones (Ancho \u00d7 Alto \u00d7 Profundo)<\/td><td>1055 \u00d7 2000 \u00d7 1055 mm<\/td><\/tr><tr><td class=\"tbLeft\">Grado de protecci\u00f3n<\/td><td>IP55<\/td><\/tr><tr><td class=\"tbLeft\">Clase anticorrosi\u00f3n<\/td><td>C4 (C5-M opcional)<\/td><\/tr><tr class=\"tbBorderNone\"><td class=\"tbLeft\">Protecci\u00f3n contra incendios<\/td><td>Supresi\u00f3n por aerosol (m\u00f3dulo y gabinete)<\/td><\/tr><\/tbody><\/table>\t\t\t\t\t\t\t<\/div>\n\t\t\t\t\t\t\t\t\t\t\t<\/div>\n\n\t\t\t\t\t\t\t<\/div>\n\t\t<\/div>\n\t\t\t\t\t\t<\/div>\n\t\t\t\t<\/div>\n\t\t\t\t\t<\/div>\n\t\t<\/div>\n\t\t\t\t\t<\/div>\n\t\t<\/section>\n\t\t\t\t\t<\/div>\n\t\t<\/div>\n\t\t\t\t\t<\/div>\n\t\t<\/section>\n\t\t\t\t<section class=\"wd-negative-gap elementor-section elementor-top-section elementor-element elementor-element-9a220eb Link_Buttons elementor-section-boxed elementor-section-height-default elementor-section-height-default\" data-id=\"9a220eb\" data-element_type=\"section\" data-e-type=\"section\" data-settings=\"{&quot;background_background&quot;:&quot;classic&quot;}\">\n\t\t\t\t\t\t<div class=\"elementor-container elementor-column-gap-custom\">\n\t\t\t\t\t<div class=\"elementor-column elementor-col-20 elementor-top-column elementor-element elementor-element-cc5731a\" data-id=\"cc5731a\" data-element_type=\"column\" data-e-type=\"column\">\n\t\t\t<div class=\"elementor-widget-wrap elementor-element-populated\">\n\t\t\t\t\t\t<div class=\"elementor-element elementor-element-5274e44 elementor-view-framed elementor-shape-circle elementor-position-block-start elementor-mobile-position-block-start elementor-widget elementor-widget-icon-box\" data-id=\"5274e44\" data-element_type=\"widget\" data-e-type=\"widget\" data-widget_type=\"icon-box.default\">\n\t\t\t\t\t\t\t<div class=\"elementor-icon-box-wrapper\">\n\n\t\t\t\t\t\t<div class=\"elementor-icon-box-icon\">\n\t\t\t\t<a href=\"https:\/\/enertik.com\/wp-content\/uploads\/sites\/3\/documentos\/manuales\/gw_commercial-smart-inverter-solutions_user-manual-et100-es.pdf\" target=\"_blank\" class=\"elementor-icon\" tabindex=\"-1\">\n\t\t\t\t<svg aria-hidden=\"true\" class=\"e-font-icon-svg e-fas-book\" viewBox=\"0 0 448 512\" xmlns=\"http:\/\/www.w3.org\/2000\/svg\"><path d=\"M448 360V24c0-13.3-10.7-24-24-24H96C43 0 0 43 0 96v320c0 53 43 96 96 96h328c13.3 0 24-10.7 24-24v-16c0-7.5-3.5-14.3-8.9-18.7-4.2-15.4-4.2-59.3 0-74.7 5.4-4.3 8.9-11.1 8.9-18.6zM128 134c0-3.3 2.7-6 6-6h212c3.3 0 6 2.7 6 6v20c0 3.3-2.7 6-6 6H134c-3.3 0-6-2.7-6-6v-20zm0 64c0-3.3 2.7-6 6-6h212c3.3 0 6 2.7 6 6v20c0 3.3-2.7 6-6 6H134c-3.3 0-6-2.7-6-6v-20zm253.4 250H96c-17.7 0-32-14.3-32-32 0-17.6 14.4-32 32-32h285.4c-1.9 17.1-1.9 46.9 0 64z\"><\/path><\/svg>\t\t\t\t<\/a>\n\t\t\t<\/div>\n\t\t\t\n\t\t\t\t\t\t<div class=\"elementor-icon-box-content\">\n\n\t\t\t\t\n\t\t\t\t\t\t\t\t\t<p class=\"elementor-icon-box-description\">\n\t\t\t\t\t\tMANUAL\t\t\t\t\t<\/p>\n\t\t\t\t\n\t\t\t<\/div>\n\t\t\t\n\t\t<\/div>\n\t\t\t\t\t\t<\/div>\n\t\t\t\t\t<\/div>\n\t\t<\/div>\n\t\t\t\t<div class=\"elementor-column elementor-col-20 elementor-top-column elementor-element elementor-element-a1e5603\" data-id=\"a1e5603\" data-element_type=\"column\" data-e-type=\"column\">\n\t\t\t<div class=\"elementor-widget-wrap elementor-element-populated\">\n\t\t\t\t\t\t<div class=\"elementor-element elementor-element-446e022 elementor-view-framed elementor-shape-circle elementor-position-block-start elementor-mobile-position-block-start elementor-widget elementor-widget-icon-box\" data-id=\"446e022\" data-element_type=\"widget\" data-e-type=\"widget\" data-widget_type=\"icon-box.default\">\n\t\t\t\t\t\t\t<div class=\"elementor-icon-box-wrapper\">\n\n\t\t\t\t\t\t<div class=\"elementor-icon-box-icon\">\n\t\t\t\t<a href=\"https:\/\/enertik.com\/wp-content\/uploads\/sites\/3\/documentos\/manuales\/gw_bat-c-61.4-112.6kwh_quick-installation-guide-poly.pdf\" target=\"_blank\" class=\"elementor-icon\" tabindex=\"-1\">\n\t\t\t\t<svg aria-hidden=\"true\" class=\"e-font-icon-svg e-fas-book-reader\" viewBox=\"0 0 512 512\" xmlns=\"http:\/\/www.w3.org\/2000\/svg\"><path d=\"M352 96c0-53.02-42.98-96-96-96s-96 42.98-96 96 42.98 96 96 96 96-42.98 96-96zM233.59 241.1c-59.33-36.32-155.43-46.3-203.79-49.05C13.55 191.13 0 203.51 0 219.14v222.8c0 14.33 11.59 26.28 26.49 27.05 43.66 2.29 131.99 10.68 193.04 41.43 9.37 4.72 20.48-1.71 20.48-11.87V252.56c-.01-4.67-2.32-8.95-6.42-11.46zm248.61-49.05c-48.35 2.74-144.46 12.73-203.78 49.05-4.1 2.51-6.41 6.96-6.41 11.63v245.79c0 10.19 11.14 16.63 20.54 11.9 61.04-30.72 149.32-39.11 192.97-41.4 14.9-.78 26.49-12.73 26.49-27.06V219.14c-.01-15.63-13.56-28.01-29.81-27.09z\"><\/path><\/svg>\t\t\t\t<\/a>\n\t\t\t<\/div>\n\t\t\t\n\t\t\t\t\t\t<div class=\"elementor-icon-box-content\">\n\n\t\t\t\t\n\t\t\t\t\t\t\t\t\t<p class=\"elementor-icon-box-description\">\n\t\t\t\t\t\tGU\u00cdA R\u00c1PIDA\t\t\t\t\t<\/p>\n\t\t\t\t\n\t\t\t<\/div>\n\t\t\t\n\t\t<\/div>\n\t\t\t\t\t\t<\/div>\n\t\t\t\t\t<\/div>\n\t\t<\/div>\n\t\t\t\t<div class=\"elementor-column elementor-col-20 elementor-top-column elementor-element elementor-element-02bee03\" data-id=\"02bee03\" data-element_type=\"column\" data-e-type=\"column\">\n\t\t\t<div class=\"elementor-widget-wrap elementor-element-populated\">\n\t\t\t\t\t\t<div class=\"elementor-element elementor-element-ac1d7a1 elementor-view-framed elementor-shape-circle elementor-position-block-start elementor-mobile-position-block-start elementor-widget elementor-widget-icon-box\" data-id=\"ac1d7a1\" data-element_type=\"widget\" data-e-type=\"widget\" data-widget_type=\"icon-box.default\">\n\t\t\t\t\t\t\t<div class=\"elementor-icon-box-wrapper\">\n\n\t\t\t\t\t\t<div class=\"elementor-icon-box-icon\">\n\t\t\t\t<a href=\"https:\/\/enertik.com\/wp-content\/uploads\/sites\/3\/documentos\/folletos\/gw_bat-60-112_datasheet_latam-es.pdf\" target=\"_blank\" class=\"elementor-icon\" tabindex=\"-1\">\n\t\t\t\t<svg aria-hidden=\"true\" class=\"e-font-icon-svg e-fas-book-open\" viewBox=\"0 0 576 512\" xmlns=\"http:\/\/www.w3.org\/2000\/svg\"><path d=\"M542.22 32.05c-54.8 3.11-163.72 14.43-230.96 55.59-4.64 2.84-7.27 7.89-7.27 13.17v363.87c0 11.55 12.63 18.85 23.28 13.49 69.18-34.82 169.23-44.32 218.7-46.92 16.89-.89 30.02-14.43 30.02-30.66V62.75c.01-17.71-15.35-31.74-33.77-30.7zM264.73 87.64C197.5 46.48 88.58 35.17 33.78 32.05 15.36 31.01 0 45.04 0 62.75V400.6c0 16.24 13.13 29.78 30.02 30.66 49.49 2.6 149.59 12.11 218.77 46.95 10.62 5.35 23.21-1.94 23.21-13.46V100.63c0-5.29-2.62-10.14-7.27-12.99z\"><\/path><\/svg>\t\t\t\t<\/a>\n\t\t\t<\/div>\n\t\t\t\n\t\t\t\t\t\t<div class=\"elementor-icon-box-content\">\n\n\t\t\t\t\n\t\t\t\t\t\t\t\t\t<p class=\"elementor-icon-box-description\">\n\t\t\t\t\t\tFOLLETO\t\t\t\t\t<\/p>\n\t\t\t\t\n\t\t\t<\/div>\n\t\t\t\n\t\t<\/div>\n\t\t\t\t\t\t<\/div>\n\t\t\t\t\t<\/div>\n\t\t<\/div>\n\t\t\t\t<div class=\"elementor-column elementor-col-20 elementor-top-column elementor-element elementor-element-3313050\" data-id=\"3313050\" data-element_type=\"column\" data-e-type=\"column\">\n\t\t\t<div class=\"elementor-widget-wrap elementor-element-populated\">\n\t\t\t\t\t\t<div class=\"elementor-element elementor-element-c0c6498 elementor-view-framed elementor-shape-circle elementor-position-block-start elementor-mobile-position-block-start elementor-widget elementor-widget-icon-box\" data-id=\"c0c6498\" data-element_type=\"widget\" data-e-type=\"widget\" data-widget_type=\"icon-box.default\">\n\t\t\t\t\t\t\t<div class=\"elementor-icon-box-wrapper\">\n\n\t\t\t\t\t\t<div class=\"elementor-icon-box-icon\">\n\t\t\t\t<a href=\"https:\/\/enertik.com\/wp-content\/uploads\/sites\/3\/documentos\/folletos\/gw_battery-compatibility-overview-es.pdf\" target=\"_blank\" class=\"elementor-icon\" tabindex=\"-1\">\n\t\t\t\t<svg aria-hidden=\"true\" class=\"e-font-icon-svg e-fas-list\" viewBox=\"0 0 512 512\" xmlns=\"http:\/\/www.w3.org\/2000\/svg\"><path d=\"M80 368H16a16 16 0 0 0-16 16v64a16 16 0 0 0 16 16h64a16 16 0 0 0 16-16v-64a16 16 0 0 0-16-16zm0-320H16A16 16 0 0 0 0 64v64a16 16 0 0 0 16 16h64a16 16 0 0 0 16-16V64a16 16 0 0 0-16-16zm0 160H16a16 16 0 0 0-16 16v64a16 16 0 0 0 16 16h64a16 16 0 0 0 16-16v-64a16 16 0 0 0-16-16zm416 176H176a16 16 0 0 0-16 16v32a16 16 0 0 0 16 16h320a16 16 0 0 0 16-16v-32a16 16 0 0 0-16-16zm0-320H176a16 16 0 0 0-16 16v32a16 16 0 0 0 16 16h320a16 16 0 0 0 16-16V80a16 16 0 0 0-16-16zm0 160H176a16 16 0 0 0-16 16v32a16 16 0 0 0 16 16h320a16 16 0 0 0 16-16v-32a16 16 0 0 0-16-16z\"><\/path><\/svg>\t\t\t\t<\/a>\n\t\t\t<\/div>\n\t\t\t\n\t\t\t\t\t\t<div class=\"elementor-icon-box-content\">\n\n\t\t\t\t\n\t\t\t\t\t\t\t\t\t<p class=\"elementor-icon-box-description\">\n\t\t\t\t\t\tCOMPATIBILIDAD\t\t\t\t\t<\/p>\n\t\t\t\t\n\t\t\t<\/div>\n\t\t\t\n\t\t<\/div>\n\t\t\t\t\t\t<\/div>\n\t\t\t\t\t<\/div>\n\t\t<\/div>\n\t\t\t\t<div class=\"elementor-column elementor-col-20 elementor-top-column elementor-element elementor-element-52f2876\" data-id=\"52f2876\" data-element_type=\"column\" data-e-type=\"column\">\n\t\t\t<div class=\"elementor-widget-wrap elementor-element-populated\">\n\t\t\t\t\t\t<div class=\"elementor-element elementor-element-23906cd elementor-view-framed elementor-shape-circle elementor-position-block-start elementor-mobile-position-block-start elementor-widget elementor-widget-icon-box\" data-id=\"23906cd\" data-element_type=\"widget\" data-e-type=\"widget\" data-widget_type=\"icon-box.default\">\n\t\t\t\t\t\t\t<div class=\"elementor-icon-box-wrapper\">\n\n\t\t\t\t\t\t<div class=\"elementor-icon-box-icon\">\n\t\t\t\t<a href=\"https:\/\/enertik.com\/wp-content\/uploads\/sites\/3\/documentos\/certificados\/certs-bat-c.zip\" target=\"_blank\" class=\"elementor-icon\" tabindex=\"-1\">\n\t\t\t\t<svg aria-hidden=\"true\" class=\"e-font-icon-svg e-fas-medal\" viewBox=\"0 0 512 512\" xmlns=\"http:\/\/www.w3.org\/2000\/svg\"><path d=\"M223.75 130.75L154.62 15.54A31.997 31.997 0 0 0 127.18 0H16.03C3.08 0-4.5 14.57 2.92 25.18l111.27 158.96c29.72-27.77 67.52-46.83 109.56-53.39zM495.97 0H384.82c-11.24 0-21.66 5.9-27.44 15.54l-69.13 115.21c42.04 6.56 79.84 25.62 109.56 53.38L509.08 25.18C516.5 14.57 508.92 0 495.97 0zM256 160c-97.2 0-176 78.8-176 176s78.8 176 176 176 176-78.8 176-176-78.8-176-176-176zm92.52 157.26l-37.93 36.96 8.97 52.22c1.6 9.36-8.26 16.51-16.65 12.09L256 393.88l-46.9 24.65c-8.4 4.45-18.25-2.74-16.65-12.09l8.97-52.22-37.93-36.96c-6.82-6.64-3.05-18.23 6.35-19.59l52.43-7.64 23.43-47.52c2.11-4.28 6.19-6.39 10.28-6.39 4.11 0 8.22 2.14 10.33 6.39l23.43 47.52 52.43 7.64c9.4 1.36 13.17 12.95 6.35 19.59z\"><\/path><\/svg>\t\t\t\t<\/a>\n\t\t\t<\/div>\n\t\t\t\n\t\t\t\t\t\t<div class=\"elementor-icon-box-content\">\n\n\t\t\t\t\n\t\t\t\t\t\t\t\t\t<p class=\"elementor-icon-box-description\">\n\t\t\t\t\t\tCERTIFICADOS\t\t\t\t\t<\/p>\n\t\t\t\t\n\t\t\t<\/div>\n\t\t\t\n\t\t<\/div>\n\t\t\t\t\t\t<\/div>\n\t\t\t\t\t<\/div>\n\t\t<\/div>\n\t\t\t\t\t<\/div>\n\t\t<\/section>\n\t\t\t\t<section class=\"wd-negative-gap elementor-section elementor-top-section elementor-element elementor-element-a98f74c elementor-section-boxed elementor-section-height-default elementor-section-height-default\" data-id=\"a98f74c\" data-element_type=\"section\" data-e-type=\"section\">\n\t\t\t\t\t\t<div class=\"elementor-container elementor-column-gap-default\">\n\t\t\t\t\t<div class=\"elementor-column elementor-col-100 elementor-top-column elementor-element elementor-element-b56d2cf\" data-id=\"b56d2cf\" data-element_type=\"column\" data-e-type=\"column\">\n\t\t\t<div class=\"elementor-widget-wrap elementor-element-populated\">\n\t\t\t\t\t\t<div class=\"elementor-element elementor-element-044663f color-scheme-inherit text-left elementor-widget elementor-widget-text-editor\" data-id=\"044663f\" data-element_type=\"widget\" data-e-type=\"widget\" data-widget_type=\"text-editor.default\">\n\t\t\t\t\t\t\t\t\t<p class=\"p1\">*Esta bater\u00eda ha sido dise\u00f1ada para integrarse perfectamente con los inversores h\u00edbridos de ALTA tensi\u00f3n GoodWe, como las series ET 100kW. Para una informaci\u00f3n m\u00e1s detallada sobre la instalaci\u00f3n y el funcionamiento conjunto, puede consultarse la documentaci\u00f3n t\u00e9cnica y los manuales de los propios inversores h\u00edbridos.<\/p>\t\t\t\t\t\t\t\t<\/div>\n\t\t\t\t\t<\/div>\n\t\t<\/div>\n\t\t\t\t\t<\/div>\n\t\t<\/section>\n\t\t\t\t<\/div>\n\t\t","protected":false},"excerpt":{"rendered":"<p class=\"p1\">La <span class=\"s1\"><b>GoodWe GW112.6-BAT-AC-G10<\/b><\/span> es una bater\u00eda de litio de alta tensi\u00f3n dise\u00f1ada para aplicaciones <span class=\"s1\"><b>comerciales e industriales (C&amp;I)<\/b><\/span> que requieren almacenamiento energ\u00e9tico confiable, escalable y seguro. Forma parte de la l\u00ednea <span class=\"s1\"><b>BAT-C<\/b><\/span>, disponible en configuraciones de 61,4 kWh, 102,4 kWh y 112,6 kWh, ofreciendo una soluci\u00f3n flexible para proyectos de peque\u00f1a y mediana escala. Integrada con inversores h\u00edbridos GoodWe serie ET y la <span class=\"s1\"><b>STS Box (interruptor de transferencia est\u00e1tica)<\/b><\/span>, permite implementar sistemas completos de almacenamiento para <span class=\"s1\"><b>respaldo, peak shaving y gesti\u00f3n energ\u00e9tica avanzada<\/b><\/span>.<\/p>\n<p class=\"p1\">El sistema est\u00e1 basado en tecnolog\u00eda <span class=\"s1\"><b>LFP (LiFePO4)<\/b><\/span>, conocida por su alta estabilidad t\u00e9rmica y larga vida \u00fatil. Su dise\u00f1o incorpora monitoreo de humedad a nivel de m\u00f3dulo con <span class=\"s1\"><b>deshumidificaci\u00f3n autom\u00e1tica<\/b><\/span>, garantizando condiciones internas \u00f3ptimas incluso en entornos exigentes. Adem\u00e1s, cuenta con un sistema de <span class=\"s1\"><b>supresi\u00f3n de incendios por aerosol<\/b><\/span> tanto a nivel de m\u00f3dulo como de gabinete, proporcionando una protecci\u00f3n multicapa para toda la instalaci\u00f3n.<\/p>\n<p class=\"p1\">Pensada para aplicaciones din\u00e1micas, la bater\u00eda ofrece <span class=\"s1\"><b>alta capacidad de respuesta energ\u00e9tica<\/b><\/span>, con una tasa de carga de hasta <span class=\"s1\"><b>0,9C<\/b><\/span> y descarga de <span class=\"s1\"><b>1,1C<\/b><\/span>, permitiendo gestionar picos de consumo y variaciones de carga de forma eficiente. Su arquitectura modular permite conectar <span class=\"s1\"><b>hasta 4 unidades en paralelo<\/b><\/span>, alcanzando una capacidad total de <span class=\"s1\"><b>hasta 450 kWh<\/b><\/span>, lo que la convierte en una soluci\u00f3n altamente escalable para diferentes tama\u00f1os de proyecto.<\/p>\n","protected":false},"featured_media":54114,"comment_status":"open","ping_status":"closed","template":"","meta":{"_relevanssi_hide_post":"","_relevanssi_hide_content":"","_relevanssi_pin_for_all":"","_relevanssi_pin_keywords":"","_relevanssi_unpin_keywords":"","_relevanssi_related_keywords":"","_relevanssi_related_include_ids":"","_relevanssi_related_exclude_ids":"","_relevanssi_related_no_append":"","_relevanssi_related_not_related":"","_relevanssi_related_posts":"","_relevanssi_noindex_reason":"","inline_featured_image":false},"product_brand":[],"product_cat":[1733,1694,1737],"product_tag":[1958],"class_list":{"0":"post-54113","1":"product","2":"type-product","3":"status-publish","4":"has-post-thumbnail","6":"product_cat-baterias","7":"product_cat-con-backup-hibrido","8":"product_cat-litio","9":"product_tag-nuevos","10":"pa_marca-goodwe","11":"pa_voltaje-alta-tension","13":"first","14":"onbackorder","15":"taxable","16":"shipping-taxable","17":"purchasable","18":"product-type-simple"},"bundled_by":[],"bundle_stock_status":"onbackorder","bundle_stock_quantity":0,"bundle_virtual":false,"bundle_layout":"","bundle_add_to_cart_form_location":"","bundle_editable_in_cart":false,"bundle_sold_individually_context":"","bundle_item_grouping":"","bundle_min_size":"","bundle_max_size":"","bundle_price":[],"bundled_items":[],"bundle_sell_ids":[],"group_of_quantity":0,"min_quantity":0,"max_quantity":"","exclude_order_quantity_value_rules":"no","exclude_category_quantity_rules":"no","combine_variations":"no","exclude_global_add_ons":[],"addons":[],"_links":{"self":[{"href":"https:\/\/enertik.com\/ar\/wp-json\/wp\/v2\/product\/54113","targetHints":{"allow":["GET"]}}],"collection":[{"href":"https:\/\/enertik.com\/ar\/wp-json\/wp\/v2\/product"}],"about":[{"href":"https:\/\/enertik.com\/ar\/wp-json\/wp\/v2\/types\/product"}],"replies":[{"embeddable":true,"href":"https:\/\/enertik.com\/ar\/wp-json\/wp\/v2\/comments?post=54113"}],"version-history":[{"count":8,"href":"https:\/\/enertik.com\/ar\/wp-json\/wp\/v2\/product\/54113\/revisions"}],"predecessor-version":[{"id":54128,"href":"https:\/\/enertik.com\/ar\/wp-json\/wp\/v2\/product\/54113\/revisions\/54128"}],"wp:featuredmedia":[{"embeddable":true,"href":"https:\/\/enertik.com\/ar\/wp-json\/wp\/v2\/media\/54114"}],"wp:attachment":[{"href":"https:\/\/enertik.com\/ar\/wp-json\/wp\/v2\/media?parent=54113"}],"wp:term":[{"taxonomy":"product_brand","embeddable":true,"href":"https:\/\/enertik.com\/ar\/wp-json\/wp\/v2\/product_brand?post=54113"},{"taxonomy":"product_cat","embeddable":true,"href":"https:\/\/enertik.com\/ar\/wp-json\/wp\/v2\/product_cat?post=54113"},{"taxonomy":"product_tag","embeddable":true,"href":"https:\/\/enertik.com\/ar\/wp-json\/wp\/v2\/product_tag?post=54113"}],"curies":[{"name":"wp","href":"https:\/\/api.w.org\/{rel}","templated":true}]}}