{"id":48801,"date":"2026-04-06T21:00:00","date_gmt":"2026-04-07T00:00:00","guid":{"rendered":"https:\/\/enertik.com\/ar\/?post_type=product&#038;p=48801"},"modified":"2026-04-07T13:04:22","modified_gmt":"2026-04-07T16:04:22","slug":"modulo-de-bateria-para-ecoflow-wave-3","status":"publish","type":"product","link":"https:\/\/enertik.com\/ar\/tienda\/respaldo-de-energia\/almacenamiento-ess\/modulo-de-bateria-para-ecoflow-wave-3\/","title":{"rendered":"M\u00f3dulo de bater\u00eda para EcoFlow WAVE 3"},"content":{"rendered":"\t\t<div data-elementor-type=\"product-post\" data-elementor-id=\"48801\" class=\"elementor elementor-48801\" data-elementor-post-type=\"product\">\n\t\t\t\t\t\t<section class=\"wd-negative-gap elementor-section elementor-top-section elementor-element elementor-element-5727752 Product_Description elementor-section-boxed elementor-section-height-default elementor-section-height-default\" data-id=\"5727752\" data-element_type=\"section\" data-e-type=\"section\">\n\t\t\t\t\t\t<div class=\"elementor-container elementor-column-gap-default\">\n\t\t\t\t\t<div class=\"elementor-column elementor-col-100 elementor-top-column elementor-element elementor-element-3c02943\" data-id=\"3c02943\" data-element_type=\"column\" data-e-type=\"column\" data-settings=\"{&quot;background_background&quot;:&quot;classic&quot;}\">\n\t\t\t<div class=\"elementor-widget-wrap elementor-element-populated\">\n\t\t\t\t\t\t<section class=\"wd-negative-gap elementor-section elementor-inner-section elementor-element elementor-element-c722975 elementor-section-boxed elementor-section-height-default elementor-section-height-default\" data-id=\"c722975\" data-element_type=\"section\" data-e-type=\"section\">\n\t\t\t\t\t\t<div class=\"elementor-container elementor-column-gap-default\">\n\t\t\t\t\t<div class=\"elementor-column elementor-col-100 elementor-inner-column elementor-element elementor-element-4cdd396\" data-id=\"4cdd396\" data-element_type=\"column\" data-e-type=\"column\">\n\t\t\t<div class=\"elementor-widget-wrap elementor-element-populated\">\n\t\t\t\t\t\t<div class=\"elementor-element elementor-element-aab9be4 elementor-widget elementor-widget-wd_tabs\" data-id=\"aab9be4\" data-element_type=\"widget\" data-e-type=\"widget\" data-widget_type=\"wd_tabs.default\">\n\t\t\t\t<div class=\"elementor-widget-container\">\n\t\t\t\t\t\t\t<div class=\"wd-tabs tabs-design-default\">\n\t\t\t<div class=\"wd-tabs-header text-center\">\n\t\t\t\t\n\t\t\t\t\n\t\t\t\t<div class=\"wd-nav-wrapper wd-nav-tabs-wrapper wd-mb-action-swipe\">\n\t\t\t\t\t<ul class=\"wd-nav wd-nav-tabs wd-icon-pos-left wd-style-underline\">\n\t\t\t\t\t\t\t\t\t\t\t\t\t\n\t\t\t\t\t\t\t<li>\n\t\t\t\t\t\t\t\t<a href=\"#\" class=\"wd-nav-link\">\n\t\t\t\t\t\t\t\t\t\n\t\t\t\t\t\t\t\t\t<span class=\"nav-link-text wd-tabs-title\">\n\t\t\t\t\t\t\t\t\t\tDESCRIPCI\u00d3N\t\t\t\t\t\t\t\t\t<\/span>\n\t\t\t\t\t\t\t\t<\/a>\n\t\t\t\t\t\t\t<\/li>\n\n\t\t\t\t\t\t\t\t\t\t\t\t\t\n\t\t\t\t\t\t\t<li>\n\t\t\t\t\t\t\t\t<a href=\"#\" class=\"wd-nav-link\">\n\t\t\t\t\t\t\t\t\t\n\t\t\t\t\t\t\t\t\t<span class=\"nav-link-text wd-tabs-title\">\n\t\t\t\t\t\t\t\t\t\tESPECIFICACIONES\t\t\t\t\t\t\t\t\t<\/span>\n\t\t\t\t\t\t\t\t<\/a>\n\t\t\t\t\t\t\t<\/li>\n\n\t\t\t\t\t\t\t\t\t\t\t<\/ul>\n\t\t\t\t<\/div>\n\t\t\t<\/div>\n\n\t\t\t<div class=\"wd-tabs-content-wrapper\">\n\t\t\t\t\t\t\t\t\t\t\t\t\t\t\n\t\t\t\t\t<div class=\"wd-tab-content wd-entry-content\">\n\t\t\t\t\t\t\t\t\t\t\t\t\t<div >\n\t\t\t\t\t\t\t\t<h2>VENTAJAS<\/h2><ul class=\"ul1\"><li class=\"li1\">1024 Wh de capacidad real para extender el uso inal\u00e1mbrico del WAVE 3 entre 2 y 8 horas.<\/li><li class=\"li1\">Bater\u00eda LFP de grado superior, con m\u00e1s de 4000 ciclos garantizando larga vida \u00fatil y m\u00e1xima seguridad.<\/li><li class=\"li1\">Carga y alimentaci\u00f3n simult\u00e1neas: permite usar el WAVE 3 mientras el m\u00f3dulo se carga desde paneles solares, veh\u00edculo o estaci\u00f3n port\u00e1til.<\/li><li class=\"li1\">Entradas de alta potencia: Solar hasta 400 W., Veh\u00edculo hasta 200 W, Estaciones EcoFlow hasta 1000 W.<\/li><li class=\"li1\">Compatible con alternador inteligente EcoFlow<\/li><li class=\"li1\">Perfecto para acampadas y viajes: uso continuo incluso de noche sin depender del coche o generadores.<\/li><li class=\"li1\">IP65: resistente al polvo y chorros de agua, ideal para exteriores.<\/li><li class=\"li1\">Puertos USB para carga independiente:<\/li><li class=\"li1\">USB-A 18 W (QC 3.0) para tel\u00e9fonos y accesorios<\/li><li class=\"li1\">USB-C 140 W (PD 3.1) para laptops, tablets y carga r\u00e1pida<\/li><li class=\"li1\">Integraci\u00f3n segura y estable con WAVE 3: sistema de acoplamiento directo.<\/li><li class=\"li1\">Gesti\u00f3n inteligente desde la aplicaci\u00f3n EcoFlow: control del nivel de bater\u00eda y modos de funcionamiento.<\/li><\/ul>\t\t\t\t\t\t\t<\/div>\n\t\t\t\t\t\t\t\t\t\t\t<\/div>\n\n\t\t\t\t\t\t\t\t\t\t\t\t\t\t\n\t\t\t\t\t<div class=\"wd-tab-content wd-entry-content\">\n\t\t\t\t\t\t\t\t\t\t\t\t\t<div >\n\t\t\t\t\t\t\t\t<table><tbody><!-- CAPACIDAD Y BATER\u00cdA --><tr><td class=\"tbTit\" colspan=\"2\">Bater\u00eda<\/td><\/tr><tr><td class=\"tbLeft\">Qu\u00edmica<\/td><td>LiFePO\u2084 (LFP)<\/td><\/tr><tr><td class=\"tbLeft\">Capacidad<\/td><td>1024 Wh<\/td><\/tr><tr><td class=\"tbLeft\">Ciclos de vida<\/td><td>&gt; 4000 ciclos (hasta el 80% de capacidad)<\/td><\/tr><tr class=\"tbBorderNone\"><td class=\"tbLeft\">Autonom\u00eda t\u00edpica<\/td><td>2\u20138 horas seg\u00fan temperatura ambiente y modo de uso<\/td><\/tr><!-- ENTRADAS DE CARGA --><tr><td class=\"tbTit\" colspan=\"2\">Opciones de carga<\/td><\/tr><tr><td class=\"tbLeft\">Entrada desde estaciones de energ\u00eda port\u00e1tiles Ecoflow (XT150)<\/td><td>Hasta 700 W m\u00e1x. (compatibles modelos con puerto XT150)<\/td><\/tr><tr><td class=\"tbLeft\">Entrada solar (XT60i)<\/td><td>11\u201360 V \u2393 13 A m\u00e1x., 400 W m\u00e1x.<\/td><\/tr><tr><td class=\"tbLeft\">Entrada veh\u00edculo (XT60i)<\/td><td>12\/24 V \u2393 8 A m\u00e1x., 200 W m\u00e1x.<\/td><\/tr><tr class=\"tbBorderNone\"><td class=\"tbLeft\">Alternador inteligente EcoFlow<\/td><td>Compatible (cables no incluidos)<\/td><\/tr><!-- SALIDAS USB --><tr><td class=\"tbTit\" colspan=\"2\">Puertos USB<\/td><\/tr><tr><td class=\"tbLeft\">Salida USB-A<\/td><td>5 V \u2393 2,4 A \/ 9 V \u2393 2 A \/ 12 V \u2393 1,5 A (18 W m\u00e1x.)<\/td><\/tr><tr class=\"tbBorderNone\"><td class=\"tbLeft\">Salida USB-C (PD)<\/td><td>5 V \/ 9 V \/ 12 V \/ 15 V \u2393 3 A m\u00e1x.<br \/>20 V \/ 28 V \u2393 5 A m\u00e1x.<br \/>140 W m\u00e1x. (USB-C PD 3.1)<\/td><\/tr><!-- FUNCIONAMIENTO --><tr><td class=\"tbTit\" colspan=\"2\">Funcionamiento<\/td><\/tr><tr><td class=\"tbLeft\">Modo de operaci\u00f3n<\/td><td>Alimenta el WAVE 3 y se carga simult\u00e1neamente<\/td><\/tr><tr><td class=\"tbLeft\">Clasificaci\u00f3n IP<\/td><td>IP65 (resistente a polvo y chorros de agua)<\/td><\/tr><tr class=\"tbBorderNone\"><td class=\"tbLeft\">Temperatura de operaci\u00f3n<\/td><td>-5 \u00b0C a 50 \u00b0C<\/td><\/tr><!-- F\u00cdSICO --><tr><td class=\"tbTit\" colspan=\"2\">Caracter\u00edsticas f\u00edsicas<\/td><\/tr><tr><td class=\"tbLeft\">Dimensiones<\/td><td>248 \u00d7 205 \u00d7 240 mm<\/td><\/tr><tr><td class=\"tbLeft\">Peso neto<\/td><td>7,8 kg<\/td><\/tr><tr><td class=\"tbLeft\">Grado de protecci\u00f3n<\/td><td>IP65<\/td><\/tr><tr class=\"tbBorderNone\"><td class=\"tbLeft\">Compatibilidad<\/td><td>Exclusiva para EcoFlow WAVE 3<\/td><\/tr><\/tbody><\/table>\t\t\t\t\t\t\t<\/div>\n\t\t\t\t\t\t\t\t\t\t\t<\/div>\n\n\t\t\t\t\t\t\t<\/div>\n\t\t<\/div>\n\t\t\t\t\t\t<\/div>\n\t\t\t\t<\/div>\n\t\t\t\t\t<\/div>\n\t\t<\/div>\n\t\t\t\t\t<\/div>\n\t\t<\/section>\n\t\t\t\t\t<\/div>\n\t\t<\/div>\n\t\t\t\t\t<\/div>\n\t\t<\/section>\n\t\t\t\t<section class=\"wd-negative-gap elementor-section elementor-top-section elementor-element elementor-element-c259ffb Link_Buttons elementor-section-boxed elementor-section-height-default elementor-section-height-default\" data-id=\"c259ffb\" data-element_type=\"section\" data-e-type=\"section\" data-settings=\"{&quot;background_background&quot;:&quot;classic&quot;}\">\n\t\t\t\t\t\t<div class=\"elementor-container elementor-column-gap-custom\">\n\t\t\t\t\t<div class=\"elementor-column elementor-col-20 elementor-top-column elementor-element elementor-element-68b9fc3\" data-id=\"68b9fc3\" data-element_type=\"column\" data-e-type=\"column\">\n\t\t\t<div class=\"elementor-widget-wrap elementor-element-populated\">\n\t\t\t\t\t\t<div class=\"elementor-element elementor-element-e02e281 elementor-view-framed elementor-shape-circle elementor-position-block-start elementor-mobile-position-block-start elementor-widget elementor-widget-icon-box\" data-id=\"e02e281\" data-element_type=\"widget\" data-e-type=\"widget\" data-widget_type=\"icon-box.default\">\n\t\t\t\t\t\t\t<div class=\"elementor-icon-box-wrapper\">\n\n\t\t\t\t\t\t<div class=\"elementor-icon-box-icon\">\n\t\t\t\t<a href=\"https:\/\/enertik.com\/wp-content\/uploads\/sites\/3\/documentos\/manuales\/ecoflow-wave-3-add-on-battery_user-manual_es.pdf\" target=\"_blank\" class=\"elementor-icon\" tabindex=\"-1\">\n\t\t\t\t<svg aria-hidden=\"true\" class=\"e-font-icon-svg e-fas-book\" viewBox=\"0 0 448 512\" xmlns=\"http:\/\/www.w3.org\/2000\/svg\"><path d=\"M448 360V24c0-13.3-10.7-24-24-24H96C43 0 0 43 0 96v320c0 53 43 96 96 96h328c13.3 0 24-10.7 24-24v-16c0-7.5-3.5-14.3-8.9-18.7-4.2-15.4-4.2-59.3 0-74.7 5.4-4.3 8.9-11.1 8.9-18.6zM128 134c0-3.3 2.7-6 6-6h212c3.3 0 6 2.7 6 6v20c0 3.3-2.7 6-6 6H134c-3.3 0-6-2.7-6-6v-20zm0 64c0-3.3 2.7-6 6-6h212c3.3 0 6 2.7 6 6v20c0 3.3-2.7 6-6 6H134c-3.3 0-6-2.7-6-6v-20zm253.4 250H96c-17.7 0-32-14.3-32-32 0-17.6 14.4-32 32-32h285.4c-1.9 17.1-1.9 46.9 0 64z\"><\/path><\/svg>\t\t\t\t<\/a>\n\t\t\t<\/div>\n\t\t\t\n\t\t\t\t\t\t<div class=\"elementor-icon-box-content\">\n\n\t\t\t\t\n\t\t\t\t\t\t\t\t\t<p class=\"elementor-icon-box-description\">\n\t\t\t\t\t\tMANUAL\t\t\t\t\t<\/p>\n\t\t\t\t\n\t\t\t<\/div>\n\t\t\t\n\t\t<\/div>\n\t\t\t\t\t\t<\/div>\n\t\t\t\t\t<\/div>\n\t\t<\/div>\n\t\t\t\t<div class=\"elementor-column elementor-col-20 elementor-top-column elementor-element elementor-element-6df09b9\" data-id=\"6df09b9\" data-element_type=\"column\" data-e-type=\"column\">\n\t\t\t<div class=\"elementor-widget-wrap elementor-element-populated\">\n\t\t\t\t\t\t<div class=\"elementor-element elementor-element-afad0e4 elementor-view-framed elementor-shape-circle elementor-position-block-start elementor-mobile-position-block-start elementor-widget elementor-widget-icon-box\" data-id=\"afad0e4\" data-element_type=\"widget\" data-e-type=\"widget\" data-widget_type=\"icon-box.default\">\n\t\t\t\t\t\t\t<div class=\"elementor-icon-box-wrapper\">\n\n\t\t\t\t\t\t<div class=\"elementor-icon-box-icon\">\n\t\t\t\t<a href=\"https:\/\/enertik.com\/cl\/wp-content\/uploads\/sites\/3\/documentos\/manuales\/ecoflow-wave-3-add-on-battery_quick-start-guide-v1.0.pdf\" target=\"_blank\" class=\"elementor-icon\" tabindex=\"-1\">\n\t\t\t\t<svg aria-hidden=\"true\" class=\"e-font-icon-svg e-fas-book-reader\" viewBox=\"0 0 512 512\" xmlns=\"http:\/\/www.w3.org\/2000\/svg\"><path d=\"M352 96c0-53.02-42.98-96-96-96s-96 42.98-96 96 42.98 96 96 96 96-42.98 96-96zM233.59 241.1c-59.33-36.32-155.43-46.3-203.79-49.05C13.55 191.13 0 203.51 0 219.14v222.8c0 14.33 11.59 26.28 26.49 27.05 43.66 2.29 131.99 10.68 193.04 41.43 9.37 4.72 20.48-1.71 20.48-11.87V252.56c-.01-4.67-2.32-8.95-6.42-11.46zm248.61-49.05c-48.35 2.74-144.46 12.73-203.78 49.05-4.1 2.51-6.41 6.96-6.41 11.63v245.79c0 10.19 11.14 16.63 20.54 11.9 61.04-30.72 149.32-39.11 192.97-41.4 14.9-.78 26.49-12.73 26.49-27.06V219.14c-.01-15.63-13.56-28.01-29.81-27.09z\"><\/path><\/svg>\t\t\t\t<\/a>\n\t\t\t<\/div>\n\t\t\t\n\t\t\t\t\t\t<div class=\"elementor-icon-box-content\">\n\n\t\t\t\t\n\t\t\t\t\t\t\t\t\t<p class=\"elementor-icon-box-description\">\n\t\t\t\t\t\tGU\u00cdA R\u00c1PIDA\t\t\t\t\t<\/p>\n\t\t\t\t\n\t\t\t<\/div>\n\t\t\t\n\t\t<\/div>\n\t\t\t\t\t\t<\/div>\n\t\t\t\t\t<\/div>\n\t\t<\/div>\n\t\t\t\t<div class=\"elementor-column elementor-col-20 elementor-top-column elementor-element elementor-element-529dd32\" data-id=\"529dd32\" data-element_type=\"column\" data-e-type=\"column\">\n\t\t\t<div class=\"elementor-widget-wrap elementor-element-populated\">\n\t\t\t\t\t\t<div class=\"elementor-element elementor-element-68f5bf2 elementor-view-framed elementor-shape-circle elementor-position-block-start elementor-mobile-position-block-start elementor-widget elementor-widget-icon-box\" data-id=\"68f5bf2\" data-element_type=\"widget\" data-e-type=\"widget\" data-widget_type=\"icon-box.default\">\n\t\t\t\t\t\t\t<div class=\"elementor-icon-box-wrapper\">\n\n\t\t\t\t\t\t<div class=\"elementor-icon-box-icon\">\n\t\t\t\t<a href=\"https:\/\/enertik.com\/cl\/wp-content\/uploads\/sites\/3\/documentos\/manuales\/ecoflow-wave-3-add-on-battery_safety-instructions-v1.0.pdf\" target=\"_blank\" class=\"elementor-icon\" tabindex=\"-1\">\n\t\t\t\t<svg aria-hidden=\"true\" class=\"e-font-icon-svg e-fas-check-circle\" viewBox=\"0 0 512 512\" xmlns=\"http:\/\/www.w3.org\/2000\/svg\"><path d=\"M504 256c0 136.967-111.033 248-248 248S8 392.967 8 256 119.033 8 256 8s248 111.033 248 248zM227.314 387.314l184-184c6.248-6.248 6.248-16.379 0-22.627l-22.627-22.627c-6.248-6.249-16.379-6.249-22.628 0L216 308.118l-70.059-70.059c-6.248-6.248-16.379-6.248-22.628 0l-22.627 22.627c-6.248 6.248-6.248 16.379 0 22.627l104 104c6.249 6.249 16.379 6.249 22.628.001z\"><\/path><\/svg>\t\t\t\t<\/a>\n\t\t\t<\/div>\n\t\t\t\n\t\t\t\t\t\t<div class=\"elementor-icon-box-content\">\n\n\t\t\t\t\n\t\t\t\t\t\t\t\t\t<p class=\"elementor-icon-box-description\">\n\t\t\t\t\t\tGU\u00cdA DE SEGURIDAD\t\t\t\t\t<\/p>\n\t\t\t\t\n\t\t\t<\/div>\n\t\t\t\n\t\t<\/div>\n\t\t\t\t\t\t<\/div>\n\t\t\t\t\t<\/div>\n\t\t<\/div>\n\t\t\t\t<div class=\"elementor-column elementor-col-20 elementor-top-column elementor-element elementor-element-416cb4f\" data-id=\"416cb4f\" data-element_type=\"column\" data-e-type=\"column\">\n\t\t\t<div class=\"elementor-widget-wrap elementor-element-populated\">\n\t\t\t\t\t\t<div class=\"elementor-element elementor-element-44bf50d elementor-view-framed elementor-shape-circle elementor-position-block-start elementor-mobile-position-block-start elementor-widget elementor-widget-icon-box\" data-id=\"44bf50d\" data-element_type=\"widget\" data-e-type=\"widget\" data-widget_type=\"icon-box.default\">\n\t\t\t\t\t\t\t<div class=\"elementor-icon-box-wrapper\">\n\n\t\t\t\t\t\t<div class=\"elementor-icon-box-icon\">\n\t\t\t\t<a href=\"https:\/\/play.google.com\/store\/apps\/details?id=com.ecoflow\" target=\"_blank\" class=\"elementor-icon\" tabindex=\"-1\" rel=\"noopener\">\n\t\t\t\t<svg aria-hidden=\"true\" class=\"e-font-icon-svg e-fab-google-play\" viewBox=\"0 0 512 512\" xmlns=\"http:\/\/www.w3.org\/2000\/svg\"><path d=\"M325.3 234.3L104.6 13l280.8 161.2-60.1 60.1zM47 0C34 6.8 25.3 19.2 25.3 35.3v441.3c0 16.1 8.7 28.5 21.7 35.3l256.6-256L47 0zm425.2 225.6l-58.9-34.1-65.7 64.5 65.7 64.5 60.1-34.1c18-14.3 18-46.5-1.2-60.8zM104.6 499l280.8-161.2-60.1-60.1L104.6 499z\"><\/path><\/svg>\t\t\t\t<\/a>\n\t\t\t<\/div>\n\t\t\t\n\t\t\t\t\t\t<div class=\"elementor-icon-box-content\">\n\n\t\t\t\t\n\t\t\t\t\t\t\t\t\t<p class=\"elementor-icon-box-description\">\n\t\t\t\t\t\tAPP ANDROID\t\t\t\t\t<\/p>\n\t\t\t\t\n\t\t\t<\/div>\n\t\t\t\n\t\t<\/div>\n\t\t\t\t\t\t<\/div>\n\t\t\t\t\t<\/div>\n\t\t<\/div>\n\t\t\t\t<div class=\"elementor-column elementor-col-20 elementor-top-column elementor-element elementor-element-f58073e\" data-id=\"f58073e\" data-element_type=\"column\" data-e-type=\"column\">\n\t\t\t<div class=\"elementor-widget-wrap elementor-element-populated\">\n\t\t\t\t\t\t<div class=\"elementor-element elementor-element-3270090 elementor-view-framed elementor-shape-circle elementor-position-block-start elementor-mobile-position-block-start elementor-widget elementor-widget-icon-box\" data-id=\"3270090\" data-element_type=\"widget\" data-e-type=\"widget\" data-widget_type=\"icon-box.default\">\n\t\t\t\t\t\t\t<div class=\"elementor-icon-box-wrapper\">\n\n\t\t\t\t\t\t<div class=\"elementor-icon-box-icon\">\n\t\t\t\t<a href=\"https:\/\/apps.apple.com\/app\/ecoflow-power-a-new-world\/id1506693140\" target=\"_blank\" class=\"elementor-icon\" tabindex=\"-1\" rel=\"noopener\">\n\t\t\t\t<svg aria-hidden=\"true\" class=\"e-font-icon-svg e-fab-app-store-ios\" viewBox=\"0 0 448 512\" xmlns=\"http:\/\/www.w3.org\/2000\/svg\"><path d=\"M400 32H48C21.5 32 0 53.5 0 80v352c0 26.5 21.5 48 48 48h352c26.5 0 48-21.5 48-48V80c0-26.5-21.5-48-48-48zM127 384.5c-5.5 9.6-17.8 12.8-27.3 7.3-9.6-5.5-12.8-17.8-7.3-27.3l14.3-24.7c16.1-4.9 29.3-1.1 39.6 11.4L127 384.5zm138.9-53.9H84c-11 0-20-9-20-20s9-20 20-20h51l65.4-113.2-20.5-35.4c-5.5-9.6-2.2-21.8 7.3-27.3 9.6-5.5 21.8-2.2 27.3 7.3l8.9 15.4 8.9-15.4c5.5-9.6 17.8-12.8 27.3-7.3 9.6 5.5 12.8 17.8 7.3 27.3l-85.8 148.6h62.1c20.2 0 31.5 23.7 22.7 40zm98.1 0h-29l19.6 33.9c5.5 9.6 2.2 21.8-7.3 27.3-9.6 5.5-21.8 2.2-27.3-7.3-32.9-56.9-57.5-99.7-74-128.1-16.7-29-4.8-58 7.1-67.8 13.1 22.7 32.7 56.7 58.9 102h52c11 0 20 9 20 20 0 11.1-9 20-20 20z\"><\/path><\/svg>\t\t\t\t<\/a>\n\t\t\t<\/div>\n\t\t\t\n\t\t\t\t\t\t<div class=\"elementor-icon-box-content\">\n\n\t\t\t\t\n\t\t\t\t\t\t\t\t\t<p class=\"elementor-icon-box-description\">\n\t\t\t\t\t\tAPP IOS\t\t\t\t\t<\/p>\n\t\t\t\t\n\t\t\t<\/div>\n\t\t\t\n\t\t<\/div>\n\t\t\t\t\t\t<\/div>\n\t\t\t\t\t<\/div>\n\t\t<\/div>\n\t\t\t\t\t<\/div>\n\t\t<\/section>\n\t\t\t\t<\/div>\n\t\t","protected":false},"excerpt":{"rendered":"<p class=\"p1\">El M\u00f3dulo de bater\u00eda adicional para EcoFlow WAVE 3 proporciona la autonom\u00eda del aire acondicionado port\u00e1til hasta 2\u20138 horas, seg\u00fan el modo de uso y las condiciones ambientales. Con una capacidad \u00fatil de 1024 Wh y una bater\u00eda LiFePO\u2084 (LFP) de larga duraci\u00f3n, manteniendo m\u00e1s del 80 % de su capacidad incluso despu\u00e9s de 4000 ciclos.<\/p>\n<p class=\"p1\">Dise\u00f1ado para alimentar el WAVE 3 y cargarse al mismo tiempo, este m\u00f3dulo permite un funcionamiento estable incluso en viajes largos o acampadas. Admite m\u00faltiples fuentes de energ\u00eda a trav\u00e9s de sus puertos XT60i, incluyendo paneles solares (hasta 400 W), encendedor de cigarrillos del veh\u00edculo o alternadores inteligentes EcoFlow.<\/p>\n<p class=\"p1\">Alimenta al equipo principal WAVE 3 al mismo tiempo mientras se carga. De forma vice versa, si hay fuente de energ\u00eda conectada al equipo principal WAVE 3, la bater\u00eda tambi\u00e9n ser\u00e1 cargada simult\u00e1neamente desde el equipo principal.<\/p>\n<p class=\"p1\">Su dise\u00f1o sellado con certificaci\u00f3n IP65 le permite soportar polvo, salpicaduras y entornos exigentes en exteriores.<\/p>\n<p class=\"p1\">Adem\u00e1s, integra puertos USB-A y USB-C de alta potencia (PD 140W) para cargar dispositivos m\u00f3viles, tablets y laptops sin depender del aire acondicionado. Su conexi\u00f3n directa con el WAVE 3 asegura una integraci\u00f3n mec\u00e1nica estable y un sistema de gesti\u00f3n inteligente a trav\u00e9s de la aplicaci\u00f3n EcoFlow.<\/p>\n<p class=\"p1\">Este m\u00f3dulo es esencial para quienes buscan uso inal\u00e1mbrico prolongado, viajes sin restricciones y una comodidad t\u00e9rmica confiable durante toda la noche.<\/p>\n","protected":false},"featured_media":48782,"comment_status":"open","ping_status":"closed","template":"","meta":{"_relevanssi_hide_post":"","_relevanssi_hide_content":"","_relevanssi_pin_for_all":"","_relevanssi_pin_keywords":"","_relevanssi_unpin_keywords":"","_relevanssi_related_keywords":"","_relevanssi_related_include_ids":"","_relevanssi_related_exclude_ids":"","_relevanssi_related_no_append":"","_relevanssi_related_not_related":"","_relevanssi_related_posts":"","_relevanssi_noindex_reason":"","inline_featured_image":false},"product_brand":[],"product_cat":[1732,5255,4044],"product_tag":[1958],"class_list":{"0":"post-48801","1":"product","2":"type-product","3":"status-publish","4":"has-post-thumbnail","6":"product_cat-almacenamiento-ess","7":"product_cat-climatizacion-portatil","8":"product_cat-grupo-electrogeno-portatil","9":"product_tag-nuevos","10":"pa_gtin-5252","11":"pa_marca-ecoflow","13":"first","14":"instock","15":"sale","16":"taxable","17":"shipping-taxable","18":"purchasable","19":"product-type-simple"},"bundled_by":[],"bundle_stock_status":"instock","bundle_stock_quantity":3,"bundle_virtual":false,"bundle_layout":"","bundle_add_to_cart_form_location":"","bundle_editable_in_cart":false,"bundle_sold_individually_context":"","bundle_item_grouping":"","bundle_min_size":"","bundle_max_size":"","bundle_price":[],"bundled_items":[],"bundle_sell_ids":[],"group_of_quantity":0,"min_quantity":0,"max_quantity":"","exclude_order_quantity_value_rules":"no","exclude_category_quantity_rules":"no","combine_variations":"no","exclude_global_add_ons":[],"addons":[],"_links":{"self":[{"href":"https:\/\/enertik.com\/ar\/wp-json\/wp\/v2\/product\/48801","targetHints":{"allow":["GET"]}}],"collection":[{"href":"https:\/\/enertik.com\/ar\/wp-json\/wp\/v2\/product"}],"about":[{"href":"https:\/\/enertik.com\/ar\/wp-json\/wp\/v2\/types\/product"}],"replies":[{"embeddable":true,"href":"https:\/\/enertik.com\/ar\/wp-json\/wp\/v2\/comments?post=48801"}],"version-history":[{"count":1,"href":"https:\/\/enertik.com\/ar\/wp-json\/wp\/v2\/product\/48801\/revisions"}],"predecessor-version":[{"id":53507,"href":"https:\/\/enertik.com\/ar\/wp-json\/wp\/v2\/product\/48801\/revisions\/53507"}],"wp:featuredmedia":[{"embeddable":true,"href":"https:\/\/enertik.com\/ar\/wp-json\/wp\/v2\/media\/48782"}],"wp:attachment":[{"href":"https:\/\/enertik.com\/ar\/wp-json\/wp\/v2\/media?parent=48801"}],"wp:term":[{"taxonomy":"product_brand","embeddable":true,"href":"https:\/\/enertik.com\/ar\/wp-json\/wp\/v2\/product_brand?post=48801"},{"taxonomy":"product_cat","embeddable":true,"href":"https:\/\/enertik.com\/ar\/wp-json\/wp\/v2\/product_cat?post=48801"},{"taxonomy":"product_tag","embeddable":true,"href":"https:\/\/enertik.com\/ar\/wp-json\/wp\/v2\/product_tag?post=48801"}],"curies":[{"name":"wp","href":"https:\/\/api.w.org\/{rel}","templated":true}]}}