{"id":48321,"date":"2026-04-06T21:00:00","date_gmt":"2026-04-07T00:00:00","guid":{"rendered":"https:\/\/enertik.com\/ar\/?post_type=product&#038;p=48321"},"modified":"2026-04-07T13:04:22","modified_gmt":"2026-04-07T16:04:22","slug":"accesorio-ecoflow-cable-de-carga-solar-35-m-mc4-mh-a-xt60i","status":"publish","type":"product","link":"https:\/\/enertik.com\/ar\/tienda\/respaldo-de-energia\/almacenamiento-ess\/accesorio-ecoflow-cable-de-carga-solar-35-m-mc4-mh-a-xt60i\/","title":{"rendered":"Accesorio EcoFlow &#8211; Cable de Carga Solar 3,5 m (MC4 M&#038;H a XT60i)"},"content":{"rendered":"","protected":false},"excerpt":{"rendered":"<p>Este cable solar de 3,5 metros permite conectar tu estaci\u00f3n de energ\u00eda EcoFlow a paneles solares para una carga port\u00e1til y eficiente. Incluye conectores MC4 positivo y negativo en una punta para enlazar con el panel solar, y un conector XT60i en la otra punta para las estaciones de energ\u00eda port\u00e1tiles EcoFlow como las series RIVER, DELTA, DELTA Max y DELTA Pro.<\/p>\n<p>Disponible en versiones de 2,5 m y 3,5 m.<\/p>\n<p>(Algunos modelos de estaciones de energ\u00eda port\u00e1tiles \u2014especialmente los de mayor capacidad\u2014 incorporan dos puertos de entrada solar: un puerto XT60i para entrada de baja tensi\u00f3n y otro puerto XT60 para entrada de alta tensi\u00f3n. Este cable est\u00e1 dise\u00f1ado espec\u00edficamente para el puerto XT60i. Para conectar el puerto XT60 (alta tensi\u00f3n), debes utilizar el Cable de Carga Solar Alta FV (MC4 a XT60) EcoFlow \u2013 5 m.)<\/p>\n","protected":false},"featured_media":48313,"comment_status":"open","ping_status":"closed","template":"","meta":{"_relevanssi_hide_post":"","_relevanssi_hide_content":"","_relevanssi_pin_for_all":"","_relevanssi_pin_keywords":"","_relevanssi_unpin_keywords":"","_relevanssi_related_keywords":"","_relevanssi_related_include_ids":"","_relevanssi_related_exclude_ids":"","_relevanssi_related_no_append":"","_relevanssi_related_not_related":"","_relevanssi_related_posts":"","_relevanssi_noindex_reason":"","inline_featured_image":false},"product_brand":[],"product_cat":[1732,4044],"product_tag":[],"class_list":{"0":"post-48321","1":"product","2":"type-product","3":"status-publish","4":"has-post-thumbnail","6":"product_cat-almacenamiento-ess","7":"product_cat-grupo-electrogeno-portatil","8":"pa_gtin-5238","9":"pa_marca-ecoflow","11":"first","12":"instock","13":"sale","14":"taxable","15":"shipping-taxable","16":"purchasable","17":"product-type-simple"},"bundled_by":[],"bundle_stock_status":"instock","bundle_stock_quantity":5,"bundle_virtual":false,"bundle_layout":"","bundle_add_to_cart_form_location":"","bundle_editable_in_cart":false,"bundle_sold_individually_context":"","bundle_item_grouping":"","bundle_min_size":"","bundle_max_size":"","bundle_price":[],"bundled_items":[],"bundle_sell_ids":[],"group_of_quantity":0,"min_quantity":0,"max_quantity":"","exclude_order_quantity_value_rules":"no","exclude_category_quantity_rules":"no","combine_variations":"no","exclude_global_add_ons":[],"addons":[],"_links":{"self":[{"href":"https:\/\/enertik.com\/ar\/wp-json\/wp\/v2\/product\/48321","targetHints":{"allow":["GET"]}}],"collection":[{"href":"https:\/\/enertik.com\/ar\/wp-json\/wp\/v2\/product"}],"about":[{"href":"https:\/\/enertik.com\/ar\/wp-json\/wp\/v2\/types\/product"}],"replies":[{"embeddable":true,"href":"https:\/\/enertik.com\/ar\/wp-json\/wp\/v2\/comments?post=48321"}],"version-history":[{"count":1,"href":"https:\/\/enertik.com\/ar\/wp-json\/wp\/v2\/product\/48321\/revisions"}],"predecessor-version":[{"id":53506,"href":"https:\/\/enertik.com\/ar\/wp-json\/wp\/v2\/product\/48321\/revisions\/53506"}],"wp:featuredmedia":[{"embeddable":true,"href":"https:\/\/enertik.com\/ar\/wp-json\/wp\/v2\/media\/48313"}],"wp:attachment":[{"href":"https:\/\/enertik.com\/ar\/wp-json\/wp\/v2\/media?parent=48321"}],"wp:term":[{"taxonomy":"product_brand","embeddable":true,"href":"https:\/\/enertik.com\/ar\/wp-json\/wp\/v2\/product_brand?post=48321"},{"taxonomy":"product_cat","embeddable":true,"href":"https:\/\/enertik.com\/ar\/wp-json\/wp\/v2\/product_cat?post=48321"},{"taxonomy":"product_tag","embeddable":true,"href":"https:\/\/enertik.com\/ar\/wp-json\/wp\/v2\/product_tag?post=48321"}],"curies":[{"name":"wp","href":"https:\/\/api.w.org\/{rel}","templated":true}]}}