{"id":47751,"date":"2025-12-05T00:57:23","date_gmt":"2025-12-05T03:57:23","guid":{"rendered":"https:\/\/enertik.com\/ar\/?post_type=product&#038;p=47751"},"modified":"2026-04-10T18:34:57","modified_gmt":"2026-04-10T21:34:57","slug":"dummy-victron-multiplus-ii-48-3000-35-32-230v","status":"publish","type":"product","link":"https:\/\/enertik.com\/ar\/tienda\/inversores\/inversores-cargadores\/sin-regulador-solar\/dummy-victron-multiplus-ii-48-3000-35-32-230v\/","title":{"rendered":"Dummy Victron MultiPlus-II 48\/3000\/35-32 230V"},"content":{"rendered":"","protected":false},"excerpt":{"rendered":"<p>Este art\u00edculo corresponde a una unidad dummy del equipo &#8220;MultiPlus-II 48\/3000\/35-32 230V&#8221;. \u00a0Es decir, una carcasa no funcional dise\u00f1ada exclusivamente para exhibici\u00f3n en tiendas f\u00edsicas, showrooms, eventos comerciales o demostraciones t\u00e9cnicas.<\/p>\n<p>Su finalidad es mostrar el aspecto exterior del producto, su tama\u00f1o real, la ubicaci\u00f3n de conexiones, el dise\u00f1o del gabinete y otros elementos visuales que ayudan a la presentaci\u00f3n del equipo.<\/p>\n<p data-start=\"794\" data-end=\"814\"><strong data-start=\"798\" data-end=\"812\">Importante:<\/strong><\/p>\n<p>Esta unidad no contiene componentes internos operativos y no puede ser utilizada como producto real. No genera energ\u00eda, no se conecta el\u00e9ctricamente y no admite ning\u00fan tipo de uso t\u00e9cnico.<br data-start=\"1011\" data-end=\"1014\" \/>Su prop\u00f3sito es \u00fanicamente demostrativo.<\/p>\n<p data-start=\"1060\" data-end=\"1087\"><strong data-start=\"1064\" data-end=\"1085\">Usos recomendados:<\/strong><\/p>\n<ul data-start=\"1088\" data-end=\"1306\">\n<li data-start=\"1088\" data-end=\"1122\">Exhibici\u00f3n en tiendas f\u00edsicas.<\/li>\n<li data-start=\"1123\" data-end=\"1156\">Showrooms y stands de ferias.<\/li>\n<li data-start=\"1157\" data-end=\"1216\">Demostraciones de instalaci\u00f3n o presentaci\u00f3n comercial.<\/li>\n<li data-start=\"1217\" data-end=\"1306\">Escenarios donde se necesita mostrar el dise\u00f1o del producto sin requerir funcionalidad.<\/li>\n<\/ul>\n","protected":false},"featured_media":47753,"comment_status":"open","ping_status":"closed","template":"","meta":{"_relevanssi_hide_post":"","_relevanssi_hide_content":"","_relevanssi_pin_for_all":"","_relevanssi_pin_keywords":"","_relevanssi_unpin_keywords":"","_relevanssi_related_keywords":"","_relevanssi_related_include_ids":"","_relevanssi_related_exclude_ids":"","_relevanssi_related_no_append":"","_relevanssi_related_not_related":"","_relevanssi_related_posts":"","_relevanssi_noindex_reason":"","inline_featured_image":false},"product_brand":[],"product_cat":[1692,1727,1694,1723,1726],"product_tag":[],"class_list":{"0":"post-47751","1":"product","2":"type-product","3":"status-publish","4":"has-post-thumbnail","6":"product_cat-accesorios","7":"product_cat-accesorios-para-inversores-cargadores","8":"product_cat-con-backup-hibrido","9":"product_cat-inversores-cargadores","10":"product_cat-sin-regulador-solar","11":"pa_gtin-5185","12":"pa_marca-victron-energy","13":"pa_potencia-3000w","14":"pa_serie-serie-multiplus-ii","15":"pa_voltaje-48v","17":"first","18":"outofstock","19":"taxable","20":"shipping-taxable","21":"purchasable","22":"product-type-simple"},"bundled_by":[],"bundle_stock_status":"outofstock","bundle_stock_quantity":0,"bundle_virtual":false,"bundle_layout":"","bundle_add_to_cart_form_location":"","bundle_editable_in_cart":false,"bundle_sold_individually_context":"","bundle_item_grouping":"","bundle_min_size":"","bundle_max_size":"","bundle_price":[],"bundled_items":[],"bundle_sell_ids":[],"group_of_quantity":0,"min_quantity":0,"max_quantity":"","exclude_order_quantity_value_rules":"no","exclude_category_quantity_rules":"no","combine_variations":"no","exclude_global_add_ons":[],"addons":[],"_links":{"self":[{"href":"https:\/\/enertik.com\/ar\/wp-json\/wp\/v2\/product\/47751","targetHints":{"allow":["GET"]}}],"collection":[{"href":"https:\/\/enertik.com\/ar\/wp-json\/wp\/v2\/product"}],"about":[{"href":"https:\/\/enertik.com\/ar\/wp-json\/wp\/v2\/types\/product"}],"replies":[{"embeddable":true,"href":"https:\/\/enertik.com\/ar\/wp-json\/wp\/v2\/comments?post=47751"}],"version-history":[{"count":0,"href":"https:\/\/enertik.com\/ar\/wp-json\/wp\/v2\/product\/47751\/revisions"}],"wp:featuredmedia":[{"embeddable":true,"href":"https:\/\/enertik.com\/ar\/wp-json\/wp\/v2\/media\/47753"}],"wp:attachment":[{"href":"https:\/\/enertik.com\/ar\/wp-json\/wp\/v2\/media?parent=47751"}],"wp:term":[{"taxonomy":"product_brand","embeddable":true,"href":"https:\/\/enertik.com\/ar\/wp-json\/wp\/v2\/product_brand?post=47751"},{"taxonomy":"product_cat","embeddable":true,"href":"https:\/\/enertik.com\/ar\/wp-json\/wp\/v2\/product_cat?post=47751"},{"taxonomy":"product_tag","embeddable":true,"href":"https:\/\/enertik.com\/ar\/wp-json\/wp\/v2\/product_tag?post=47751"}],"curies":[{"name":"wp","href":"https:\/\/api.w.org\/{rel}","templated":true}]}}