{"id":47738,"date":"2025-12-05T00:38:24","date_gmt":"2025-12-05T03:38:24","guid":{"rendered":"https:\/\/enertik.com\/ar\/?post_type=product&#038;p=47738"},"modified":"2026-04-10T18:35:59","modified_gmt":"2026-04-10T21:35:59","slug":"accesorios-de-marketing-victron-pegatinas-powered-by-victron-energy-12-pcs","status":"publish","type":"product","link":"https:\/\/enertik.com\/ar\/tienda\/baterias\/accesorios-de-monitoreo-y-proteccion\/materiales-de-marketing-victron-pack-de-stickers-powered-by-victron-energy-caja-x12\/","title":{"rendered":"Materiales de Marketing Victron \u2013 Pack de Stickers &#8220;Powered by Victron Energy&#8221; (Caja x12)"},"content":{"rendered":"","protected":false},"excerpt":{"rendered":"<p data-start=\"270\" data-end=\"612\">Las pegatinas \u201cPowered by Victron Energy\u201d est\u00e1n dise\u00f1adas para instaladores, integradores y profesionales que desean identificar, promover y dar visibilidad a los sistemas energ\u00e9ticos equipados con tecnolog\u00eda Victron. Este producto incluye una caja con 12 pegatinas de alta calidad, listas para aplicar en diversos entornos.<\/p>\n<p data-start=\"614\" data-end=\"933\">Fabricadas con materiales resistentes y adhesivos duraderos, estas pegatinas pueden colocarse en yates, veleros, autocaravanas, campers, furgonetas off-grid, casas rurales, refugios de monta\u00f1a, instalaciones solares residenciales o comerciales, y en cualquier otro proyecto donde se utilicen equipos Victron Energy.<\/p>\n<p data-start=\"935\" data-end=\"1135\">Su funci\u00f3n es comunicar profesionalismo, reforzar la marca del sistema instalado y destacar que la energ\u00eda del proyecto proviene de una soluci\u00f3n robusta, confiable y de est\u00e1ndar internacional.<\/p>\n<p data-start=\"1137\" data-end=\"1170\">Aplicaciones recomendadas:<\/p>\n<ul data-start=\"1171\" data-end=\"1606\">\n<li data-start=\"1171\" data-end=\"1240\">\n<p data-start=\"1173\" data-end=\"1240\">Identificaci\u00f3n visual en barcos y yates con sistemas Victron.<\/p>\n<\/li>\n<li data-start=\"1241\" data-end=\"1332\">\n<p data-start=\"1243\" data-end=\"1332\">Autocaravanas, campers y veh\u00edculos recreativos con instalaci\u00f3n el\u00e9ctrica de equipos Victron.<\/p>\n<\/li>\n<li data-start=\"1333\" data-end=\"1414\">\n<p data-start=\"1335\" data-end=\"1414\">Casas rurales, caba\u00f1as y refugios off-grid alimentados por energ\u00eda solar usando equipos Victron.<\/p>\n<\/li>\n<li data-start=\"1415\" data-end=\"1500\">\n<p data-start=\"1417\" data-end=\"1500\">Cuadros el\u00e9ctricos, gabinetes o superficies cercanas a equipos Victron.<\/p>\n<\/li>\n<li data-start=\"1501\" data-end=\"1606\">\n<p data-start=\"1503\" data-end=\"1606\">Proyectos residenciales y comerciales donde el instalador desea promocionar la marca y su servicio.<\/p>\n<\/li>\n<\/ul>\n","protected":false},"featured_media":47739,"comment_status":"open","ping_status":"closed","template":"","meta":{"_relevanssi_hide_post":"","_relevanssi_hide_content":"","_relevanssi_pin_for_all":"","_relevanssi_pin_keywords":"","_relevanssi_unpin_keywords":"","_relevanssi_related_keywords":"","_relevanssi_related_include_ids":"","_relevanssi_related_exclude_ids":"","_relevanssi_related_no_append":"","_relevanssi_related_not_related":"","_relevanssi_related_posts":"","_relevanssi_noindex_reason":"","inline_featured_image":false},"product_brand":[],"product_cat":[1692,1727,5148,1733,1746],"product_tag":[],"class_list":{"0":"post-47738","1":"product","2":"type-product","3":"status-publish","4":"has-post-thumbnail","6":"product_cat-accesorios","7":"product_cat-accesorios-para-inversores-cargadores","8":"product_cat-accesorios-de-monitoreo-y-proteccion","9":"product_cat-baterias","10":"product_cat-otros-productos","11":"pa_gtin-5184","12":"pa_marca-victron-energy","14":"first","15":"instock","16":"taxable","17":"shipping-taxable","18":"purchasable","19":"product-type-simple"},"bundled_by":[],"bundle_stock_status":"instock","bundle_stock_quantity":21,"bundle_virtual":false,"bundle_layout":"","bundle_add_to_cart_form_location":"","bundle_editable_in_cart":false,"bundle_sold_individually_context":"","bundle_item_grouping":"","bundle_min_size":"","bundle_max_size":"","bundle_price":[],"bundled_items":[],"bundle_sell_ids":[],"group_of_quantity":0,"min_quantity":0,"max_quantity":"","exclude_order_quantity_value_rules":"no","exclude_category_quantity_rules":"no","combine_variations":"no","exclude_global_add_ons":[],"addons":[],"_links":{"self":[{"href":"https:\/\/enertik.com\/ar\/wp-json\/wp\/v2\/product\/47738","targetHints":{"allow":["GET"]}}],"collection":[{"href":"https:\/\/enertik.com\/ar\/wp-json\/wp\/v2\/product"}],"about":[{"href":"https:\/\/enertik.com\/ar\/wp-json\/wp\/v2\/types\/product"}],"replies":[{"embeddable":true,"href":"https:\/\/enertik.com\/ar\/wp-json\/wp\/v2\/comments?post=47738"}],"version-history":[{"count":0,"href":"https:\/\/enertik.com\/ar\/wp-json\/wp\/v2\/product\/47738\/revisions"}],"wp:featuredmedia":[{"embeddable":true,"href":"https:\/\/enertik.com\/ar\/wp-json\/wp\/v2\/media\/47739"}],"wp:attachment":[{"href":"https:\/\/enertik.com\/ar\/wp-json\/wp\/v2\/media?parent=47738"}],"wp:term":[{"taxonomy":"product_brand","embeddable":true,"href":"https:\/\/enertik.com\/ar\/wp-json\/wp\/v2\/product_brand?post=47738"},{"taxonomy":"product_cat","embeddable":true,"href":"https:\/\/enertik.com\/ar\/wp-json\/wp\/v2\/product_cat?post=47738"},{"taxonomy":"product_tag","embeddable":true,"href":"https:\/\/enertik.com\/ar\/wp-json\/wp\/v2\/product_tag?post=47738"}],"curies":[{"name":"wp","href":"https:\/\/api.w.org\/{rel}","templated":true}]}}