{"id":46073,"date":"2026-03-08T21:00:00","date_gmt":"2026-03-09T00:00:00","guid":{"rendered":"https:\/\/enertik.com\/ar\/?post_type=product&#038;p=46073"},"modified":"2026-04-30T04:59:54","modified_gmt":"2026-04-30T07:59:54","slug":"interruptor-automatico-de-transferencia-4p-125a","status":"publish","type":"product","link":"https:\/\/enertik.com\/ar\/tienda\/materiales-electricos\/interruptores\/conmutadores\/interruptor-automatico-de-transferencia-4p-125a\/","title":{"rendered":"Interruptor Autom\u00e1tico de Transferencia &#8211; 4P 125A"},"content":{"rendered":"\t\t<div data-elementor-type=\"product-post\" data-elementor-id=\"46073\" class=\"elementor elementor-46073\" data-elementor-post-type=\"product\">\n\t\t\t\t\t\t<section class=\"wd-negative-gap elementor-section elementor-top-section elementor-element elementor-element-a28a005 Product_Description elementor-section-boxed elementor-section-height-default elementor-section-height-default\" data-id=\"a28a005\" data-element_type=\"section\" data-e-type=\"section\">\n\t\t\t\t\t\t<div class=\"elementor-container elementor-column-gap-default\">\n\t\t\t\t\t<div class=\"elementor-column elementor-col-100 elementor-top-column elementor-element elementor-element-0bda9c7\" data-id=\"0bda9c7\" data-element_type=\"column\" data-e-type=\"column\" data-settings=\"{&quot;background_background&quot;:&quot;classic&quot;}\">\n\t\t\t<div class=\"elementor-widget-wrap elementor-element-populated\">\n\t\t\t\t\t\t<section class=\"wd-negative-gap elementor-section elementor-inner-section elementor-element elementor-element-e086e49 elementor-section-boxed elementor-section-height-default elementor-section-height-default\" data-id=\"e086e49\" data-element_type=\"section\" data-e-type=\"section\">\n\t\t\t\t\t\t<div class=\"elementor-container elementor-column-gap-default\">\n\t\t\t\t\t<div class=\"elementor-column elementor-col-100 elementor-inner-column elementor-element elementor-element-58a6076\" data-id=\"58a6076\" data-element_type=\"column\" data-e-type=\"column\">\n\t\t\t<div class=\"elementor-widget-wrap elementor-element-populated\">\n\t\t\t\t\t\t<div class=\"elementor-element elementor-element-7153659 elementor-widget elementor-widget-wd_tabs\" data-id=\"7153659\" data-element_type=\"widget\" data-e-type=\"widget\" data-widget_type=\"wd_tabs.default\">\n\t\t\t\t<div class=\"elementor-widget-container\">\n\t\t\t\t\t\t\t<div class=\"wd-tabs tabs-design-default\">\n\t\t\t<div class=\"wd-tabs-header text-center\">\n\t\t\t\t\n\t\t\t\t\n\t\t\t\t<div class=\"wd-nav-wrapper wd-nav-tabs-wrapper wd-mb-action-swipe\">\n\t\t\t\t\t<ul class=\"wd-nav wd-nav-tabs wd-icon-pos-left wd-style-underline\">\n\t\t\t\t\t\t\t\t\t\t\t\t\t\n\t\t\t\t\t\t\t<li>\n\t\t\t\t\t\t\t\t<a href=\"#\" class=\"wd-nav-link\">\n\t\t\t\t\t\t\t\t\t\n\t\t\t\t\t\t\t\t\t<span class=\"nav-link-text wd-tabs-title\">\n\t\t\t\t\t\t\t\t\t\tDESCRIPCI\u00d3N\t\t\t\t\t\t\t\t\t<\/span>\n\t\t\t\t\t\t\t\t<\/a>\n\t\t\t\t\t\t\t<\/li>\n\n\t\t\t\t\t\t\t\t\t\t\t\t\t\n\t\t\t\t\t\t\t<li>\n\t\t\t\t\t\t\t\t<a href=\"#\" class=\"wd-nav-link\">\n\t\t\t\t\t\t\t\t\t\n\t\t\t\t\t\t\t\t\t<span class=\"nav-link-text wd-tabs-title\">\n\t\t\t\t\t\t\t\t\t\tESPECIFICACIONES\t\t\t\t\t\t\t\t\t<\/span>\n\t\t\t\t\t\t\t\t<\/a>\n\t\t\t\t\t\t\t<\/li>\n\n\t\t\t\t\t\t\t\t\t\t\t<\/ul>\n\t\t\t\t<\/div>\n\t\t\t<\/div>\n\n\t\t\t<div class=\"wd-tabs-content-wrapper\">\n\t\t\t\t\t\t\t\t\t\t\t\t\t\t\n\t\t\t\t\t<div class=\"wd-tab-content wd-entry-content\">\n\t\t\t\t\t\t\t\t\t\t\t\t\t<div >\n\t\t\t\t\t\t\t\t<h2>VENTAJAS<\/h2><ul class=\"ul1\"><li class=\"li1\">Conmutaci\u00f3n ultrarr\u00e1pida: tiempo de respuesta menor a 50 ms para asegurar continuidad sin interrupciones.<\/li><li class=\"li1\">Alta fiabilidad: fabricado con contactos de plata industrial, lo que mejora la conductividad y extiende la vida \u00fatil del dispositivo.<\/li><li class=\"li1\">Protecci\u00f3n mejorada: cuenta con una c\u00e1mara sofocadora de chispas y arcos, y soporta impactos de hasta 8kV.<\/li><li>Cuenta con tapas en los terminales de conexi\u00f3n para evitar contactos o manipulaciones indeseados.<\/li><li class=\"li1\">Modos de operaci\u00f3n flexibles: funcionamiento autom\u00e1tico o manual, adaptable a diferentes entornos.<\/li><li class=\"li1\">Instalaci\u00f3n en riel DIN de 35 mm, ideal para tableros de distribuci\u00f3n residenciales y comerciales.<\/li><li class=\"li1\">Dise\u00f1o compacto y seguro: con c\u00e1mara de extinci\u00f3n de arco y placas de aislamiento en entradas y salidas.<\/li><li class=\"li1\">Aplicaciones vers\u00e1tiles: perfecto para viviendas, peque\u00f1os comercios, oficinas y sistemas con generadores de respaldo.<\/li><\/ul>\t\t\t\t\t\t\t<\/div>\n\t\t\t\t\t\t\t\t\t\t\t<\/div>\n\n\t\t\t\t\t\t\t\t\t\t\t\t\t\t\n\t\t\t\t\t<div class=\"wd-tab-content wd-entry-content\">\n\t\t\t\t\t\t\t\t\t\t\t\t\t<div >\n\t\t\t\t\t\t\t\t<table><tbody><tr class=\"tbBorderNone\"><td class=\"tbLeft\">Serie<\/td><td>TOMZN TOQ7<\/td><\/tr><tr><td class=\"tbTit\" colspan=\"2\">Especificaciones el\u00e9ctricas<\/td><\/tr><tr><td class=\"tbLeft\">Compatibilidad<\/td><td>Sistemas de 220\/380, 230\/400, 240\/415Vca ; 50\/60Hz<\/td><\/tr><tr><td class=\"tbLeft\">Formato<\/td><td>4 Polos<\/td><\/tr><tr><td class=\"tbLeft\">Corriente de transferencia m\u00e1xima<\/td><td>125 A<\/td><\/tr><tr><td class=\"tbLeft\">Tensi\u00f3n soportada (impulso)<\/td><td>8 kV<\/td><\/tr><tr><td class=\"tbLeft\">Condiciones de trabajo<\/td><td>85 % Us \u2013 110 % Us<\/td><\/tr><tr><td class=\"tbLeft\">Tiempo de conmutaci\u00f3n<\/td><td>&lt; 50 ms<\/td><\/tr><tr class=\"tbBorderNone\"><td class=\"tbLeft\">Voltaje de aislamiento<\/td><td>690 V<\/td><\/tr><tr><td class=\"tbTit\" colspan=\"2\">Especificaciones f\u00edsicas<\/td><\/tr><tr><td class=\"tbLeft\">Montaje<\/td><td>Riel DIN est\u00e1ndar de 35 mm<\/td><\/tr><tr><td class=\"tbLeft\">Material de contactos<\/td><td>Plata industrial<\/td><\/tr><tr><td class=\"tbLeft\">Modos de operaci\u00f3n<\/td><td>Autom\u00e1tico y manual<\/td><\/tr><tr><td class=\"tbLeft\">Aplicaciones t\u00edpicas<\/td><td>Viviendas, oficinas, comercios, generadores de respaldo<\/td><\/tr><\/tbody><\/table>\t\t\t\t\t\t\t<\/div>\n\t\t\t\t\t\t\t\t\t\t\t<\/div>\n\n\t\t\t\t\t\t\t<\/div>\n\t\t<\/div>\n\t\t\t\t\t\t<\/div>\n\t\t\t\t<\/div>\n\t\t\t\t\t<\/div>\n\t\t<\/div>\n\t\t\t\t\t<\/div>\n\t\t<\/section>\n\t\t\t\t\t<\/div>\n\t\t<\/div>\n\t\t\t\t\t<\/div>\n\t\t<\/section>\n\t\t\t\t<section class=\"wd-negative-gap elementor-section elementor-top-section elementor-element elementor-element-9b87d1a Link_Buttons elementor-section-boxed elementor-section-height-default elementor-section-height-default\" data-id=\"9b87d1a\" data-element_type=\"section\" data-e-type=\"section\" data-settings=\"{&quot;background_background&quot;:&quot;classic&quot;}\">\n\t\t\t\t\t\t<div class=\"elementor-container elementor-column-gap-custom\">\n\t\t\t\t\t<div class=\"elementor-column elementor-col-100 elementor-top-column elementor-element elementor-element-d170dae\" data-id=\"d170dae\" data-element_type=\"column\" data-e-type=\"column\">\n\t\t\t<div class=\"elementor-widget-wrap elementor-element-populated\">\n\t\t\t\t\t\t<div class=\"elementor-element elementor-element-75e09af elementor-view-framed elementor-shape-circle elementor-position-block-start elementor-mobile-position-block-start elementor-widget elementor-widget-icon-box\" data-id=\"75e09af\" data-element_type=\"widget\" data-e-type=\"widget\" data-widget_type=\"icon-box.default\">\n\t\t\t\t\t\t\t<div class=\"elementor-icon-box-wrapper\">\n\n\t\t\t\t\t\t<div class=\"elementor-icon-box-icon\">\n\t\t\t\t<a href=\"https:\/\/enertik.com\/wp-content\/uploads\/sites\/3\/documentos\/folletos\/toq7-pv-folleto.pdf\" target=\"_blank\" class=\"elementor-icon\" tabindex=\"-1\">\n\t\t\t\t<svg aria-hidden=\"true\" class=\"e-font-icon-svg e-fas-book-open\" viewBox=\"0 0 576 512\" xmlns=\"http:\/\/www.w3.org\/2000\/svg\"><path d=\"M542.22 32.05c-54.8 3.11-163.72 14.43-230.96 55.59-4.64 2.84-7.27 7.89-7.27 13.17v363.87c0 11.55 12.63 18.85 23.28 13.49 69.18-34.82 169.23-44.32 218.7-46.92 16.89-.89 30.02-14.43 30.02-30.66V62.75c.01-17.71-15.35-31.74-33.77-30.7zM264.73 87.64C197.5 46.48 88.58 35.17 33.78 32.05 15.36 31.01 0 45.04 0 62.75V400.6c0 16.24 13.13 29.78 30.02 30.66 49.49 2.6 149.59 12.11 218.77 46.95 10.62 5.35 23.21-1.94 23.21-13.46V100.63c0-5.29-2.62-10.14-7.27-12.99z\"><\/path><\/svg>\t\t\t\t<\/a>\n\t\t\t<\/div>\n\t\t\t\n\t\t\t\t\t\t<div class=\"elementor-icon-box-content\">\n\n\t\t\t\t\n\t\t\t\t\t\t\t\t\t<p class=\"elementor-icon-box-description\">\n\t\t\t\t\t\tFOLLETO\t\t\t\t\t<\/p>\n\t\t\t\t\n\t\t\t<\/div>\n\t\t\t\n\t\t<\/div>\n\t\t\t\t\t\t<\/div>\n\t\t\t\t\t<\/div>\n\t\t<\/div>\n\t\t\t\t\t<\/div>\n\t\t<\/section>\n\t\t\t\t<\/div>\n\t\t","protected":false},"excerpt":{"rendered":"<p class=\"p1\">Conmutador de transferencia autom\u00e1tico (ATS) &#8211; 4P 125A. Para sistemas de 220\/380Vca trif\u00e1sicos.<\/p>\n<p class=\"p1\">El TOMZN TOQ7 Mini ATS es un conmutador autom\u00e1tico de transferencia de energ\u00eda dise\u00f1ado para aplicaciones residenciales y comerciales que requieren continuidad, seguridad y fiabilidad en el suministro el\u00e9ctrico. Este equipo conmuta autom\u00e1ticamente entre la fuente principal y la fuente de respaldo. Por ejemplo, en un sistema de energ\u00eda solar, puede conmutar la fuente entre el inversor fotovoltaico (fuente principal) y la red el\u00e9ctrica o grupos electr\u00f3genos (fuente de respaldo). Por otro lado, en un sistema de suministro residencial convencional, puede conmutar entre la red el\u00e9ctrica entrante (fuente principal) y los grupos electr\u00f3genos (fuente de respaldo). El cambio de fuente se realiza en menos de 50 ms, garantizando un suministro ininterrumpido para los electrodom\u00e9sticos.<\/p>\n<p class=\"p1\">Fabricado con contactos de plata industrial y un dise\u00f1o compacto para montaje en riel DIN, ofrece alta resistencia, mayor vida \u00fatil y un excelente rendimiento de conducci\u00f3n el\u00e9ctrica. Su modo autom\u00e1tico y manual, junto con la posibilidad de integraci\u00f3n en sistemas de respaldo, lo hacen ideal para viviendas, oficinas, comercios y cargas cr\u00edticas que no pueden quedar sin energ\u00eda.<\/p>\n","protected":false},"featured_media":46059,"comment_status":"open","ping_status":"closed","template":"","meta":{"_relevanssi_hide_post":"","_relevanssi_hide_content":"","_relevanssi_pin_for_all":"","_relevanssi_pin_keywords":"","_relevanssi_unpin_keywords":"","_relevanssi_related_keywords":"","_relevanssi_related_include_ids":"","_relevanssi_related_exclude_ids":"","_relevanssi_related_no_append":"","_relevanssi_related_not_related":"","_relevanssi_related_posts":"","_relevanssi_noindex_reason":"","inline_featured_image":false},"product_brand":[],"product_cat":[5165],"product_tag":[],"class_list":{"0":"post-46073","1":"product","2":"type-product","3":"status-publish","4":"has-post-thumbnail","6":"product_cat-conmutadores","7":"pa_marca-tomzn","8":"pa_voltaje-nominal-220vca","10":"first","11":"outofstock","12":"taxable","13":"shipping-taxable","14":"purchasable","15":"product-type-simple"},"bundled_by":[],"bundle_stock_status":"outofstock","bundle_stock_quantity":0,"bundle_virtual":false,"bundle_layout":"","bundle_add_to_cart_form_location":"","bundle_editable_in_cart":false,"bundle_sold_individually_context":"","bundle_item_grouping":"","bundle_min_size":"","bundle_max_size":"","bundle_price":[],"bundled_items":[],"bundle_sell_ids":[],"group_of_quantity":0,"min_quantity":0,"max_quantity":"","exclude_order_quantity_value_rules":"no","exclude_category_quantity_rules":"no","combine_variations":"no","exclude_global_add_ons":[],"addons":[],"_links":{"self":[{"href":"https:\/\/enertik.com\/ar\/wp-json\/wp\/v2\/product\/46073","targetHints":{"allow":["GET"]}}],"collection":[{"href":"https:\/\/enertik.com\/ar\/wp-json\/wp\/v2\/product"}],"about":[{"href":"https:\/\/enertik.com\/ar\/wp-json\/wp\/v2\/types\/product"}],"replies":[{"embeddable":true,"href":"https:\/\/enertik.com\/ar\/wp-json\/wp\/v2\/comments?post=46073"}],"version-history":[{"count":0,"href":"https:\/\/enertik.com\/ar\/wp-json\/wp\/v2\/product\/46073\/revisions"}],"wp:featuredmedia":[{"embeddable":true,"href":"https:\/\/enertik.com\/ar\/wp-json\/wp\/v2\/media\/46059"}],"wp:attachment":[{"href":"https:\/\/enertik.com\/ar\/wp-json\/wp\/v2\/media?parent=46073"}],"wp:term":[{"taxonomy":"product_brand","embeddable":true,"href":"https:\/\/enertik.com\/ar\/wp-json\/wp\/v2\/product_brand?post=46073"},{"taxonomy":"product_cat","embeddable":true,"href":"https:\/\/enertik.com\/ar\/wp-json\/wp\/v2\/product_cat?post=46073"},{"taxonomy":"product_tag","embeddable":true,"href":"https:\/\/enertik.com\/ar\/wp-json\/wp\/v2\/product_tag?post=46073"}],"curies":[{"name":"wp","href":"https:\/\/api.w.org\/{rel}","templated":true}]}}