{"id":46034,"date":"2026-03-08T21:00:00","date_gmt":"2026-03-09T00:00:00","guid":{"rendered":"https:\/\/enertik.com\/ar\/?post_type=product&#038;p=46034"},"modified":"2026-04-30T04:59:54","modified_gmt":"2026-04-30T07:59:54","slug":"protector-ajustable-de-sobretension-subtension-y-corriente-syn-async-3pn-63a","status":"publish","type":"product","link":"https:\/\/enertik.com\/ar\/tienda\/materiales-electricos\/protecciones\/corriente-alterna\/protector-ajustable-de-sobretension-subtension-y-corriente-syn-async-3p-n-63a\/","title":{"rendered":"Protector Ajustable de Sobretensi\u00f3n\/Subtensi\u00f3n y Corriente (SYN\/ASYNC) &#8211; 3P+N 63A"},"content":{"rendered":"\t\t<div data-elementor-type=\"product-post\" data-elementor-id=\"46034\" class=\"elementor elementor-46034\" data-elementor-post-type=\"product\">\n\t\t\t\t\t\t<section class=\"wd-negative-gap elementor-section elementor-top-section elementor-element elementor-element-17f5443 Product_Description elementor-section-boxed elementor-section-height-default elementor-section-height-default\" data-id=\"17f5443\" data-element_type=\"section\" data-e-type=\"section\">\n\t\t\t\t\t\t<div class=\"elementor-container elementor-column-gap-default\">\n\t\t\t\t\t<div class=\"elementor-column elementor-col-100 elementor-top-column elementor-element elementor-element-25793f9\" data-id=\"25793f9\" data-element_type=\"column\" data-e-type=\"column\" data-settings=\"{&quot;background_background&quot;:&quot;classic&quot;}\">\n\t\t\t<div class=\"elementor-widget-wrap elementor-element-populated\">\n\t\t\t\t\t\t<section class=\"wd-negative-gap elementor-section elementor-inner-section elementor-element elementor-element-3d3fc41 elementor-section-boxed elementor-section-height-default elementor-section-height-default\" data-id=\"3d3fc41\" data-element_type=\"section\" data-e-type=\"section\">\n\t\t\t\t\t\t<div class=\"elementor-container elementor-column-gap-default\">\n\t\t\t\t\t<div class=\"elementor-column elementor-col-100 elementor-inner-column elementor-element elementor-element-086c122\" data-id=\"086c122\" data-element_type=\"column\" data-e-type=\"column\">\n\t\t\t<div class=\"elementor-widget-wrap elementor-element-populated\">\n\t\t\t\t\t\t<div class=\"elementor-element elementor-element-7942289 elementor-widget elementor-widget-wd_tabs\" data-id=\"7942289\" data-element_type=\"widget\" data-e-type=\"widget\" data-widget_type=\"wd_tabs.default\">\n\t\t\t\t<div class=\"elementor-widget-container\">\n\t\t\t\t\t\t\t<div class=\"wd-tabs tabs-design-default\">\n\t\t\t<div class=\"wd-tabs-header text-center\">\n\t\t\t\t\n\t\t\t\t\n\t\t\t\t<div class=\"wd-nav-wrapper wd-nav-tabs-wrapper wd-mb-action-swipe\">\n\t\t\t\t\t<ul class=\"wd-nav wd-nav-tabs wd-icon-pos-left wd-style-underline\">\n\t\t\t\t\t\t\t\t\t\t\t\t\t\n\t\t\t\t\t\t\t<li>\n\t\t\t\t\t\t\t\t<a href=\"#\" class=\"wd-nav-link\">\n\t\t\t\t\t\t\t\t\t\n\t\t\t\t\t\t\t\t\t<span class=\"nav-link-text wd-tabs-title\">\n\t\t\t\t\t\t\t\t\t\tDESCRIPCI\u00d3N\t\t\t\t\t\t\t\t\t<\/span>\n\t\t\t\t\t\t\t\t<\/a>\n\t\t\t\t\t\t\t<\/li>\n\n\t\t\t\t\t\t\t\t\t\t\t\t\t\n\t\t\t\t\t\t\t<li>\n\t\t\t\t\t\t\t\t<a href=\"#\" class=\"wd-nav-link\">\n\t\t\t\t\t\t\t\t\t\n\t\t\t\t\t\t\t\t\t<span class=\"nav-link-text wd-tabs-title\">\n\t\t\t\t\t\t\t\t\t\tESPECIFICACIONES\t\t\t\t\t\t\t\t\t<\/span>\n\t\t\t\t\t\t\t\t<\/a>\n\t\t\t\t\t\t\t<\/li>\n\n\t\t\t\t\t\t\t\t\t\t\t<\/ul>\n\t\t\t\t<\/div>\n\t\t\t<\/div>\n\n\t\t\t<div class=\"wd-tabs-content-wrapper\">\n\t\t\t\t\t\t\t\t\t\t\t\t\t\t\n\t\t\t\t\t<div class=\"wd-tab-content wd-entry-content\">\n\t\t\t\t\t\t\t\t\t\t\t\t\t<div >\n\t\t\t\t\t\t\t\t<h2>VENTAJAS<\/h2><ul class=\"ul1\"><li class=\"li1\">Protecci\u00f3n 6-en-1: sobre\/subtensi\u00f3n, sobrecorriente, desbalance, secuencia y p\u00e9rdida de fase.<\/li><li class=\"li1\">Doble modo (SYN\/ASY): maniobra conjunta o independiente por fase.<\/li><li class=\"li1\">Umbrales y tiempos ajustables (acci\u00f3n\/recuperaci\u00f3n) + retardo de reconexi\u00f3n.<\/li><li class=\"li1\">Medici\u00f3n en tiempo real por fase y calibraci\u00f3n de V\/A (\u00b19,5%).<\/li><li class=\"li1\">Rel\u00e9 magn\u00e9tico 4P\/63 A para corte fiable bajo impacto de corriente.<\/li><li class=\"li1\">Instalaci\u00f3n en rieles DIN, uso intuitivo con teclas y se\u00f1alizaci\u00f3n clara.<\/li><\/ul>\t\t\t\t\t\t\t<\/div>\n\t\t\t\t\t\t\t\t\t\t\t<\/div>\n\n\t\t\t\t\t\t\t\t\t\t\t\t\t\t\n\t\t\t\t\t<div class=\"wd-tab-content wd-entry-content\">\n\t\t\t\t\t\t\t\t\t\t\t\t\t<div >\n\t\t\t\t\t\t\t\t<table><tbody><tr><td class=\"tbLeft\">Modelo<\/td><td>TOMZN TOVPD3-63VAS<\/td><\/tr><tr><td class=\"tbLeft\">Polos \/ salida<\/td><td>4P (3F+N), con rel\u00e9 interno de 63 A<\/td><\/tr><tr><td class=\"tbLeft\">Tensi\u00f3n y frecuencia nominal<\/td><td>Sistema armado de 3\u00d7230V <br \/>(220\/380 o 230\/400 o 240\/415 Vca)<br \/>50\/60 Hz<\/td><\/tr><tr><td class=\"tbLeft\">Corriente nominal<\/td><td>0 ~ 63 A<\/td><\/tr><tr class=\"tbBorderNone\"><td class=\"tbLeft\">Modo de trabajo<\/td><td>SYN : Sincr\u00f3nico (tres fases simult\u00e1neas) <br \/>ASY : Asincr\u00f3nico (fases independientes)<\/td><\/tr><tr><td class=\"tbTit\" colspan=\"2\">Par\u00e1metros de protecci\u00f3n configurables<\/td><\/tr><tr><td class=\"tbLeft\">Sobretensi\u00f3n (U1)<\/td><td>Ajustable : 230 ~ 300 Vca por fase <br \/>(predeterminado : 270 Vca por fase)<\/td><\/tr><tr><td class=\"tbLeft\">Recuperaci\u00f3n tras sobretensi\u00f3n (U2)<\/td><td>Ajustable : 220 ~ 295 V <br \/>(predeterminado : 265 V)<\/td><\/tr><tr><td class=\"tbLeft\">Retardo para recuperaci\u00f3n tras sobretensi\u00f3n (U3)<\/td><td>Ajustable : 1 ~ 500 segundos <br \/>(predeterminado : 30 segundos)<\/td><\/tr><tr><td class=\"tbLeft\">Tiempo de acci\u00f3n para corte ante sobretensi\u00f3n (U4)<\/td><td>Ajustable : 0.1 ~ 30 s <br \/>(predeterminado : 1.0 segundo)<\/td><\/tr><tr><td class=\"tbLeft\">Subtensi\u00f3n (U5)<\/td><td>Ajustable : 140 ~ 210 V<br \/>(predeterminado :170 V)<\/td><\/tr><tr><td class=\"tbLeft\">Recuperaci\u00f3n tras subtensi\u00f3n (U6)<\/td><td>Ajustable : 145 ~ 215 V<br \/>(predeterminado :175 V)<\/td><\/tr><tr><td class=\"tbLeft\">Retardo para recuperaci\u00f3n tras subtensi\u00f3n (U7)<\/td><td>Ajustable : 1 ~ 500 segundos<br \/>(predeterminado : 30 segundos)<\/td><\/tr><tr><td class=\"tbLeft\">Tiempo de acci\u00f3n para corte ante subtensi\u00f3n (U8)<\/td><td>Ajustable : 0.1 ~ 30 s<br \/>(predeterminado : 1.0 segundo)<\/td><\/tr><tr><td class=\"tbLeft\">Calibraci\u00f3n tensi\u00f3n (U9)<\/td><td>Ajustable : \u22129.5% ~ +9.5%<\/td><\/tr><tr><td class=\"tbLeft\">Desbalance 3F (U10)<\/td><td>Ajustable : 20 ~99 V <br \/>(disparo si |\u0394V| \u2265 valor)<\/td><\/tr><tr><td class=\"tbLeft\">Recuperaci\u00f3n tras desbalance (U11)<\/td><td>Ajustable : 15 ~ 94 V<\/td><\/tr><tr><td class=\"tbLeft\">Secuencia de fase (U12)<\/td><td>ON\/OFF<\/td><\/tr><tr><td class=\"tbLeft\">Sobrecorriente (C1)<\/td><td>Ajustable : 1 ~ 63 A \/ OFF<br \/>(predeterminado : 30 A)<\/td><\/tr><tr><td class=\"tbLeft\">Retardo para recuperaci\u00f3n tras sobrecorriente (C2)<\/td><td>Ajustable : 1\u2013500 s <br \/>(predeterminado : 1 s)<\/td><\/tr><tr><td class=\"tbLeft\">Tiempo de acci\u00f3n para corte ante sobrecorriente (C3)<\/td><td>Ajustable : 0.1 ~ 30 segundos<br \/>(predeterminado :1.0 segundo)<\/td><\/tr><tr><td class=\"tbLeft\">Calibraci\u00f3n corriente (C4)<\/td><td>Ajustable : \u22129.5% ~ +9.5%<\/td><\/tr><tr><td class=\"tbLeft\">Duraci\u00f3n en que permite cortes repetidos (C5)<\/td><td>1 ~ 20 segundos \/ OFF<br \/>Al exceder , se requiere reset manual.<\/td><\/tr><tr><td class=\"tbLeft\">Retardo al energizar (P1)<\/td><td>Ajustable : 1~ 500 segundos<br \/>(predeterminado :10 segundos)<\/td><\/tr><tr><td class=\"tbLeft\">P\u00e9rdida de fase<\/td><td>No ajustable<br \/>(Siempre activado)<\/td><\/tr><tr><td class=\"tbLeft\">Montaje \/ carcasa<\/td><td>Riel DIN 35 mm<\/td><\/tr><\/tbody><\/table>\t\t\t\t\t\t\t<\/div>\n\t\t\t\t\t\t\t\t\t\t\t<\/div>\n\n\t\t\t\t\t\t\t<\/div>\n\t\t<\/div>\n\t\t\t\t\t\t<\/div>\n\t\t\t\t<\/div>\n\t\t\t\t\t<\/div>\n\t\t<\/div>\n\t\t\t\t\t<\/div>\n\t\t<\/section>\n\t\t\t\t\t<\/div>\n\t\t<\/div>\n\t\t\t\t\t<\/div>\n\t\t<\/section>\n\t\t\t\t<section class=\"wd-negative-gap elementor-section elementor-top-section elementor-element elementor-element-671c863 Link_Buttons elementor-section-boxed elementor-section-height-default elementor-section-height-default\" data-id=\"671c863\" data-element_type=\"section\" data-e-type=\"section\" data-settings=\"{&quot;background_background&quot;:&quot;classic&quot;}\">\n\t\t\t\t\t\t<div class=\"elementor-container elementor-column-gap-custom\">\n\t\t\t\t\t<div class=\"elementor-column elementor-col-100 elementor-top-column elementor-element elementor-element-9568e9c\" data-id=\"9568e9c\" data-element_type=\"column\" data-e-type=\"column\">\n\t\t\t<div class=\"elementor-widget-wrap elementor-element-populated\">\n\t\t\t\t\t\t<div class=\"elementor-element elementor-element-39cdd92 elementor-view-framed elementor-shape-circle elementor-position-block-start elementor-mobile-position-block-start elementor-widget elementor-widget-icon-box\" data-id=\"39cdd92\" data-element_type=\"widget\" data-e-type=\"widget\" data-widget_type=\"icon-box.default\">\n\t\t\t\t\t\t\t<div class=\"elementor-icon-box-wrapper\">\n\n\t\t\t\t\t\t<div class=\"elementor-icon-box-icon\">\n\t\t\t\t<a href=\"https:\/\/enertik.com\/wp-content\/uploads\/sites\/3\/documentos\/folletos\/tovpd3-63vas-folleto.pdf\" target=\"_blank\" class=\"elementor-icon\" tabindex=\"-1\">\n\t\t\t\t<svg aria-hidden=\"true\" class=\"e-font-icon-svg e-fas-book-open\" viewBox=\"0 0 576 512\" xmlns=\"http:\/\/www.w3.org\/2000\/svg\"><path d=\"M542.22 32.05c-54.8 3.11-163.72 14.43-230.96 55.59-4.64 2.84-7.27 7.89-7.27 13.17v363.87c0 11.55 12.63 18.85 23.28 13.49 69.18-34.82 169.23-44.32 218.7-46.92 16.89-.89 30.02-14.43 30.02-30.66V62.75c.01-17.71-15.35-31.74-33.77-30.7zM264.73 87.64C197.5 46.48 88.58 35.17 33.78 32.05 15.36 31.01 0 45.04 0 62.75V400.6c0 16.24 13.13 29.78 30.02 30.66 49.49 2.6 149.59 12.11 218.77 46.95 10.62 5.35 23.21-1.94 23.21-13.46V100.63c0-5.29-2.62-10.14-7.27-12.99z\"><\/path><\/svg>\t\t\t\t<\/a>\n\t\t\t<\/div>\n\t\t\t\n\t\t\t\t\t\t<div class=\"elementor-icon-box-content\">\n\n\t\t\t\t\n\t\t\t\t\t\t\t\t\t<p class=\"elementor-icon-box-description\">\n\t\t\t\t\t\tFICHA DE DATOS\t\t\t\t\t<\/p>\n\t\t\t\t\n\t\t\t<\/div>\n\t\t\t\n\t\t<\/div>\n\t\t\t\t\t\t<\/div>\n\t\t\t\t\t<\/div>\n\t\t<\/div>\n\t\t\t\t\t<\/div>\n\t\t<\/section>\n\t\t\t\t<\/div>\n\t\t","protected":false},"excerpt":{"rendered":"<p class=\"p1\">Interruptor-protector para sistemas trif\u00e1sicos &#8211; 220\/380 Vca 4P 63A &#8211; Bimodal sincr\u00f3nico \/ asincr\u00f3nico. Protecci\u00f3n ajustable para sobretensi\u00f3n, tensi\u00f3n baja, sobrecorriente y desbalance.<\/p>\n<p class=\"p1\">El TOVPD3-63VAS es un protector de tensi\u00f3n y corriente trif\u00e1sico (3P+N) que supervisa en tiempo real L1-L2-L3 y act\u00faa sobre un rel\u00e9 interno 4P\/63 A para cortar y reconectar autom\u00e1ticamente la l\u00ednea ante sobretensi\u00f3n, subtensi\u00f3n, sobrecorriente, secuencia\/fallo de fase y desbalance. Ideal para tableros residenciales, comerciales y de equipos sensibles (bombas, HVAC, CNC, ascensores), en redes 3\u00d7230V (220\/380, 230\/400, 240\/415 Vca), 50\/60 Hz.<\/p>\n<p class=\"p1\">Ofrece dos modos de trabajo: SYN (sincr\u00f3nico) que abre o cierra las tres fases al mismo tiempo ; ASY (asincr\u00f3nico) que permite que cada fase trabaje independiente, sin interrumpir la energ\u00eda en el resto de fases mientras corta la fase que presenta el problema.<\/p>\n<p>Los umbrales y tiempos son ajustables desde el panel (acci\u00f3n y recuperaci\u00f3n), con retardo de reconexi\u00f3n para evitar reenganches intempestivos. El display LED muestra V\/A por fase y permite calibraci\u00f3n manual de tensi\u00f3n\/corriente, asegurando lecturas precisas y una protecci\u00f3n fina de la instalaci\u00f3n.<\/p>\n<p class=\"p1\">Cumple pr\u00e1cticas de seguridad para protecci\u00f3n de baja tensi\u00f3n y est\u00e1 fabricado en material ign\u00edfuga con dise\u00f1o para riel DIN. Una soluci\u00f3n confiable para alargar la vida de sus equipos y evitar paradas por eventos el\u00e9ctricos.<\/p>\n","protected":false},"featured_media":46035,"comment_status":"open","ping_status":"closed","template":"","meta":{"_relevanssi_hide_post":"","_relevanssi_hide_content":"","_relevanssi_pin_for_all":"","_relevanssi_pin_keywords":"","_relevanssi_unpin_keywords":"","_relevanssi_related_keywords":"","_relevanssi_related_include_ids":"","_relevanssi_related_exclude_ids":"","_relevanssi_related_no_append":"","_relevanssi_related_not_related":"","_relevanssi_related_posts":"","_relevanssi_noindex_reason":"","inline_featured_image":false},"product_brand":[],"product_cat":[5146],"product_tag":[],"class_list":{"0":"post-46034","1":"product","2":"type-product","3":"status-publish","4":"has-post-thumbnail","6":"product_cat-corriente-alterna","7":"pa_marca-tomzn","8":"pa_voltaje-nominal-220vca","10":"first","11":"instock","12":"taxable","13":"shipping-taxable","14":"purchasable","15":"product-type-simple"},"bundled_by":[],"bundle_stock_status":"instock","bundle_stock_quantity":10,"bundle_virtual":false,"bundle_layout":"","bundle_add_to_cart_form_location":"","bundle_editable_in_cart":false,"bundle_sold_individually_context":"","bundle_item_grouping":"","bundle_min_size":"","bundle_max_size":"","bundle_price":[],"bundled_items":[],"bundle_sell_ids":[],"group_of_quantity":0,"min_quantity":0,"max_quantity":"","exclude_order_quantity_value_rules":"no","exclude_category_quantity_rules":"no","combine_variations":"no","exclude_global_add_ons":[],"addons":[],"_links":{"self":[{"href":"https:\/\/enertik.com\/ar\/wp-json\/wp\/v2\/product\/46034","targetHints":{"allow":["GET"]}}],"collection":[{"href":"https:\/\/enertik.com\/ar\/wp-json\/wp\/v2\/product"}],"about":[{"href":"https:\/\/enertik.com\/ar\/wp-json\/wp\/v2\/types\/product"}],"replies":[{"embeddable":true,"href":"https:\/\/enertik.com\/ar\/wp-json\/wp\/v2\/comments?post=46034"}],"version-history":[{"count":0,"href":"https:\/\/enertik.com\/ar\/wp-json\/wp\/v2\/product\/46034\/revisions"}],"wp:featuredmedia":[{"embeddable":true,"href":"https:\/\/enertik.com\/ar\/wp-json\/wp\/v2\/media\/46035"}],"wp:attachment":[{"href":"https:\/\/enertik.com\/ar\/wp-json\/wp\/v2\/media?parent=46034"}],"wp:term":[{"taxonomy":"product_brand","embeddable":true,"href":"https:\/\/enertik.com\/ar\/wp-json\/wp\/v2\/product_brand?post=46034"},{"taxonomy":"product_cat","embeddable":true,"href":"https:\/\/enertik.com\/ar\/wp-json\/wp\/v2\/product_cat?post=46034"},{"taxonomy":"product_tag","embeddable":true,"href":"https:\/\/enertik.com\/ar\/wp-json\/wp\/v2\/product_tag?post=46034"}],"curies":[{"name":"wp","href":"https:\/\/api.w.org\/{rel}","templated":true}]}}