{"id":45619,"date":"2026-02-01T05:12:24","date_gmt":"2026-02-01T08:12:24","guid":{"rendered":"https:\/\/enertik.com\/ar\/?post_type=product&#038;p=45619"},"modified":"2026-04-10T18:38:55","modified_gmt":"2026-04-10T21:38:55","slug":"bateria-de-litio-rackeble-goodwe-51-2v-5kwh-lynx-a-g3","status":"publish","type":"product","link":"https:\/\/enertik.com\/ar\/tienda\/baterias\/litio\/bateria-de-litio-rackeble-goodwe-512v-5kwh-lynx-a-g3\/","title":{"rendered":"Bater\u00eda de Litio Rackeble Goodwe 51.2V 5kWh &#8211; Lynx A G3"},"content":{"rendered":"\t\t<div data-elementor-type=\"product-post\" data-elementor-id=\"45619\" class=\"elementor elementor-45619\" data-elementor-post-type=\"product\">\n\t\t\t\t\t\t<section class=\"wd-negative-gap elementor-section elementor-top-section elementor-element elementor-element-d26135d Product_Description elementor-section-boxed elementor-section-height-default elementor-section-height-default\" data-id=\"d26135d\" data-element_type=\"section\" data-e-type=\"section\">\n\t\t\t\t\t\t<div class=\"elementor-container elementor-column-gap-default\">\n\t\t\t\t\t<div class=\"elementor-column elementor-col-100 elementor-top-column elementor-element elementor-element-cf87979\" data-id=\"cf87979\" data-element_type=\"column\" data-e-type=\"column\" data-settings=\"{&quot;background_background&quot;:&quot;classic&quot;}\">\n\t\t\t<div class=\"elementor-widget-wrap elementor-element-populated\">\n\t\t\t\t\t\t<section class=\"wd-negative-gap elementor-section elementor-inner-section elementor-element elementor-element-8e65dfb elementor-section-boxed elementor-section-height-default elementor-section-height-default\" data-id=\"8e65dfb\" data-element_type=\"section\" data-e-type=\"section\">\n\t\t\t\t\t\t<div class=\"elementor-container elementor-column-gap-default\">\n\t\t\t\t\t<div class=\"elementor-column elementor-col-100 elementor-inner-column elementor-element elementor-element-dd35e67\" data-id=\"dd35e67\" data-element_type=\"column\" data-e-type=\"column\">\n\t\t\t<div class=\"elementor-widget-wrap elementor-element-populated\">\n\t\t\t\t\t\t<div class=\"elementor-element elementor-element-53fa100 elementor-widget elementor-widget-wd_tabs\" data-id=\"53fa100\" data-element_type=\"widget\" data-e-type=\"widget\" data-widget_type=\"wd_tabs.default\">\n\t\t\t\t<div class=\"elementor-widget-container\">\n\t\t\t\t\t\t\t<div class=\"wd-tabs tabs-design-default\">\n\t\t\t<div class=\"wd-tabs-header text-center\">\n\t\t\t\t\n\t\t\t\t\n\t\t\t\t<div class=\"wd-nav-wrapper wd-nav-tabs-wrapper wd-mb-action-swipe\">\n\t\t\t\t\t<ul class=\"wd-nav wd-nav-tabs wd-icon-pos-left wd-style-underline\">\n\t\t\t\t\t\t\t\t\t\t\t\t\t\n\t\t\t\t\t\t\t<li>\n\t\t\t\t\t\t\t\t<a href=\"#\" class=\"wd-nav-link\">\n\t\t\t\t\t\t\t\t\t\n\t\t\t\t\t\t\t\t\t<span class=\"nav-link-text wd-tabs-title\">\n\t\t\t\t\t\t\t\t\t\tDESCRIPCI\u00d3N\t\t\t\t\t\t\t\t\t<\/span>\n\t\t\t\t\t\t\t\t<\/a>\n\t\t\t\t\t\t\t<\/li>\n\n\t\t\t\t\t\t\t\t\t\t\t\t\t\n\t\t\t\t\t\t\t<li>\n\t\t\t\t\t\t\t\t<a href=\"#\" class=\"wd-nav-link\">\n\t\t\t\t\t\t\t\t\t\n\t\t\t\t\t\t\t\t\t<span class=\"nav-link-text wd-tabs-title\">\n\t\t\t\t\t\t\t\t\t\tESPECIFICACIONES\t\t\t\t\t\t\t\t\t<\/span>\n\t\t\t\t\t\t\t\t<\/a>\n\t\t\t\t\t\t\t<\/li>\n\n\t\t\t\t\t\t\t\t\t\t\t<\/ul>\n\t\t\t\t<\/div>\n\t\t\t<\/div>\n\n\t\t\t<div class=\"wd-tabs-content-wrapper\">\n\t\t\t\t\t\t\t\t\t\t\t\t\t\t\n\t\t\t\t\t<div class=\"wd-tab-content wd-entry-content\">\n\t\t\t\t\t\t\t\t\t\t\t\t\t<div >\n\t\t\t\t\t\t\t\t<h2>VENTAJAS<\/h2><ul class=\"ul1\"><li class=\"li1\">5 kWh por m\u00f3dulo, ampliable hasta 150 kWh (30 unidades en paralelo).<\/li><li class=\"li1\">Dise\u00f1o rackeable, apto para instalaci\u00f3n en gabinetes de 19\u201d o en suelo.<\/li><li class=\"li1\">Tecnolog\u00eda LFP segura y estable, con alta densidad energ\u00e9tica y larga vida \u00fatil.<\/li><li class=\"li1\">Corriente de descarga continua de hasta 150 A, con descarga de 1.5C.<\/li><li class=\"li1\">M\u00e1s de 6000 ciclos de vida (70% EOL), garantizando rendimiento duradero.<\/li><li class=\"li1\">Diagn\u00f3stico y actualizaciones remotas a trav\u00e9s del inversor GoodWe.<\/li><li class=\"li1\">Compatibilidad total con inversores h\u00edbridos GoodWe, trabajando de forma confiable y en un\u00edsono como un sistema integrado.<\/li><li class=\"li1\">Gesti\u00f3n inteligente con la app SolarGo para monitoreo y configuraci\u00f3n.<\/li><li class=\"li1\">Dise\u00f1o compacto y ligero, facilita la instalaci\u00f3n y optimiza el espacio.<\/li><li class=\"li1\">Conexiones paralelas flexibles: mano a mano, busbar o combiner box.<\/li><\/ul>\t\t\t\t\t\t\t<\/div>\n\t\t\t\t\t\t\t\t\t\t\t<\/div>\n\n\t\t\t\t\t\t\t\t\t\t\t\t\t\t\n\t\t\t\t\t<div class=\"wd-tab-content wd-entry-content\">\n\t\t\t\t\t\t\t\t\t\t\t\t\t<div >\n\t\t\t\t\t\t\t\t<table><tbody><tr><td class=\"tbLeft\">Marca<\/td><td>GoodWe<\/td><\/tr><tr class=\"tbBorderNone\"><td class=\"tbLeft\">Modelo<\/td><td>Lynx A G3 \u2013 LX A5.0-30<\/td><\/tr><tr><td class=\"tbTit\" colspan=\"2\">Especificaciones el\u00e9ctricas<\/td><\/tr><tr><td class=\"tbLeft\">Energ\u00eda nominal<\/td><td>5.12 kWh<\/td><\/tr><tr><td class=\"tbLeft\">Energ\u00eda utilizable<\/td><td>5.0 kWh<\/td><\/tr><tr><td class=\"tbLeft\">Tipo de celda<\/td><td>LFP (LiFePO4)<\/td><\/tr><tr><td class=\"tbLeft\">Rango de voltaje de operaci\u00f3n<\/td><td>43.2 ~ 58.24 V<\/td><\/tr><tr><td class=\"tbLeft\">Corriente nominal de carga<\/td><td>60 A<\/td><\/tr><tr><td class=\"tbLeft\">Corriente m\u00e1xima de carga continua<\/td><td>90 A<\/td><\/tr><tr><td class=\"tbLeft\">Corriente nominal de descarga<\/td><td>100 A<\/td><\/tr><tr><td class=\"tbLeft\">Corriente m\u00e1xima de descarga continua<\/td><td>150 A<\/td><\/tr><tr><td class=\"tbLeft\">Corriente de descarga en pico<\/td><td>&lt;200 A (30 s)<\/td><\/tr><tr class=\"tbBorderNone\"><td class=\"tbBorderNone\">Potencia m\u00e1xima continua de descarga<\/td><td>7 200 W<\/td><\/tr><tr><td class=\"tbTit\" colspan=\"2\">Gesti\u00f3n y comunicaci\u00f3n<\/td><\/tr><tr><td class=\"tbLeft\">Comunicaci\u00f3n con el inversor<\/td><td>CAN (a trav\u00e9s del protocolo Goodwe)<\/td><\/tr><tr class=\"tbBorderNone\"><td class=\"tbLeft\">Diagn\u00f3stico<\/td><td>Remoto v\u00eda inversor \/ App m\u00f3vil \"SolarGo\"<\/td><\/tr><tr><td class=\"tbTit\" colspan=\"2\">Condiciones ambientales<\/td><\/tr><tr><td class=\"tbLeft\">Temperatura de operaci\u00f3n<\/td><td>Carga: 0 ~ 55 \u00b0C \/ Descarga: \u221220 ~ 55 \u00b0C<\/td><\/tr><tr><td class=\"tbLeft\">Altitud m\u00e1xima<\/td><td>4000 m<\/td><\/tr><tr><td class=\"tbLeft\">Clase de protecci\u00f3n<\/td><td>IP20<\/td><\/tr><tr class=\"tbBorderNone\"><td class=\"tbLeft\">Eficiencia de ciclo<\/td><td>\u226596%<\/td><\/tr><tr><td class=\"tbTit\" colspan=\"2\">Caracter\u00edsticas f\u00edsicas<\/td><\/tr><tr><td class=\"tbLeft\">Dimensiones (mm)<\/td><td>442 \u00d7 133 \u00d7 520 (sin soporte) \/ 483 \u00d7 133 \u00d7 559 (con soporte)<\/td><\/tr><tr><td class=\"tbLeft\">Peso<\/td><td>44 kg<\/td><\/tr><tr class=\"tbBorderNone\"><td class=\"tbLeft\">M\u00e9todos de instalaci\u00f3n<\/td><td>Rack est\u00e1ndar de 19 pulgadas<br \/>Montaje en pared (kit incluido)<br \/>Montaje en suelo<\/td><\/tr><tr><td class=\"tbTit\" colspan=\"2\">Escalabilidad<\/td><\/tr><tr><td class=\"tbLeft\">Unidades en paralelo<\/td><td>Hasta 30 (150 kWh)<\/td><\/tr><tr class=\"tbBorderNone\"><td class=\"tbLeft\">M\u00e9todos de conexi\u00f3n<\/td><td>Mano a mano por cables, Busbar, Caja combinadora<\/td><\/tr><tr><td class=\"tbTit\" colspan=\"2\">Certificaciones<\/td><\/tr><tr><td class=\"tbLeft\">Seguridad<\/td><td>IEC62619, IEC63056, N140<\/td><\/tr><tr><td class=\"tbLeft\">EMC<\/td><td>EN IEC 61000-6-1\/2\/3\/4<\/td><\/tr><tr><td class=\"tbLeft\">Transporte<\/td><td>UN38.3, ADR<\/td><\/tr><tr class=\"tbBorderNone\"><td class=\"tbLeft\">Medio ambiente<\/td><td>RoHS<\/td><\/tr><\/tbody><\/table>\t\t\t\t\t\t\t<\/div>\n\t\t\t\t\t\t\t\t\t\t\t<\/div>\n\n\t\t\t\t\t\t\t<\/div>\n\t\t<\/div>\n\t\t\t\t\t\t<\/div>\n\t\t\t\t<\/div>\n\t\t\t\t\t<\/div>\n\t\t<\/div>\n\t\t\t\t\t<\/div>\n\t\t<\/section>\n\t\t\t\t\t<\/div>\n\t\t<\/div>\n\t\t\t\t\t<\/div>\n\t\t<\/section>\n\t\t\t\t<section class=\"wd-negative-gap elementor-section elementor-top-section elementor-element elementor-element-ecebea0 Link_Buttons elementor-section-boxed elementor-section-height-default elementor-section-height-default\" data-id=\"ecebea0\" data-element_type=\"section\" data-e-type=\"section\" data-settings=\"{&quot;background_background&quot;:&quot;classic&quot;}\">\n\t\t\t\t\t\t<div class=\"elementor-container elementor-column-gap-custom\">\n\t\t\t\t\t<div class=\"elementor-column elementor-col-25 elementor-top-column elementor-element elementor-element-7367004\" data-id=\"7367004\" data-element_type=\"column\" data-e-type=\"column\">\n\t\t\t<div class=\"elementor-widget-wrap elementor-element-populated\">\n\t\t\t\t\t\t<div class=\"elementor-element elementor-element-c8f06ca elementor-view-framed elementor-shape-circle elementor-position-block-start elementor-mobile-position-block-start elementor-widget elementor-widget-icon-box\" data-id=\"c8f06ca\" data-element_type=\"widget\" data-e-type=\"widget\" data-widget_type=\"icon-box.default\">\n\t\t\t\t\t\t\t<div class=\"elementor-icon-box-wrapper\">\n\n\t\t\t\t\t\t<div class=\"elementor-icon-box-icon\">\n\t\t\t\t<a href=\"https:\/\/enertik.com\/wp-content\/uploads\/sites\/3\/documentos\/manuales\/gw_lynx-a-g3_quick-installation-guide-poly.pdf\" target=\"_blank\" class=\"elementor-icon\" tabindex=\"-1\">\n\t\t\t\t<svg aria-hidden=\"true\" class=\"e-font-icon-svg e-fas-book-reader\" viewBox=\"0 0 512 512\" xmlns=\"http:\/\/www.w3.org\/2000\/svg\"><path d=\"M352 96c0-53.02-42.98-96-96-96s-96 42.98-96 96 42.98 96 96 96 96-42.98 96-96zM233.59 241.1c-59.33-36.32-155.43-46.3-203.79-49.05C13.55 191.13 0 203.51 0 219.14v222.8c0 14.33 11.59 26.28 26.49 27.05 43.66 2.29 131.99 10.68 193.04 41.43 9.37 4.72 20.48-1.71 20.48-11.87V252.56c-.01-4.67-2.32-8.95-6.42-11.46zm248.61-49.05c-48.35 2.74-144.46 12.73-203.78 49.05-4.1 2.51-6.41 6.96-6.41 11.63v245.79c0 10.19 11.14 16.63 20.54 11.9 61.04-30.72 149.32-39.11 192.97-41.4 14.9-.78 26.49-12.73 26.49-27.06V219.14c-.01-15.63-13.56-28.01-29.81-27.09z\"><\/path><\/svg>\t\t\t\t<\/a>\n\t\t\t<\/div>\n\t\t\t\n\t\t\t\t\t\t<div class=\"elementor-icon-box-content\">\n\n\t\t\t\t\n\t\t\t\t\t\t\t\t\t<p class=\"elementor-icon-box-description\">\n\t\t\t\t\t\tGU\u00cdA R\u00c1PIDA\t\t\t\t\t<\/p>\n\t\t\t\t\n\t\t\t<\/div>\n\t\t\t\n\t\t<\/div>\n\t\t\t\t\t\t<\/div>\n\t\t\t\t\t<\/div>\n\t\t<\/div>\n\t\t\t\t<div class=\"elementor-column elementor-col-25 elementor-top-column elementor-element elementor-element-5e51cdc\" data-id=\"5e51cdc\" data-element_type=\"column\" data-e-type=\"column\">\n\t\t\t<div class=\"elementor-widget-wrap elementor-element-populated\">\n\t\t\t\t\t\t<div class=\"elementor-element elementor-element-eb472ef elementor-view-framed elementor-shape-circle elementor-position-block-start elementor-mobile-position-block-start elementor-widget elementor-widget-icon-box\" data-id=\"eb472ef\" data-element_type=\"widget\" data-e-type=\"widget\" data-widget_type=\"icon-box.default\">\n\t\t\t\t\t\t\t<div class=\"elementor-icon-box-wrapper\">\n\n\t\t\t\t\t\t<div class=\"elementor-icon-box-icon\">\n\t\t\t\t<a href=\"https:\/\/enertik.com\/wp-content\/uploads\/sites\/3\/documentos\/folletos\/gw_lynx-a-g3_datasheet_latam-es.pdf\" target=\"_blank\" class=\"elementor-icon\" tabindex=\"-1\">\n\t\t\t\t<svg aria-hidden=\"true\" class=\"e-font-icon-svg e-fas-book-open\" viewBox=\"0 0 576 512\" xmlns=\"http:\/\/www.w3.org\/2000\/svg\"><path d=\"M542.22 32.05c-54.8 3.11-163.72 14.43-230.96 55.59-4.64 2.84-7.27 7.89-7.27 13.17v363.87c0 11.55 12.63 18.85 23.28 13.49 69.18-34.82 169.23-44.32 218.7-46.92 16.89-.89 30.02-14.43 30.02-30.66V62.75c.01-17.71-15.35-31.74-33.77-30.7zM264.73 87.64C197.5 46.48 88.58 35.17 33.78 32.05 15.36 31.01 0 45.04 0 62.75V400.6c0 16.24 13.13 29.78 30.02 30.66 49.49 2.6 149.59 12.11 218.77 46.95 10.62 5.35 23.21-1.94 23.21-13.46V100.63c0-5.29-2.62-10.14-7.27-12.99z\"><\/path><\/svg>\t\t\t\t<\/a>\n\t\t\t<\/div>\n\t\t\t\n\t\t\t\t\t\t<div class=\"elementor-icon-box-content\">\n\n\t\t\t\t\n\t\t\t\t\t\t\t\t\t<p class=\"elementor-icon-box-description\">\n\t\t\t\t\t\tFOLLETO\t\t\t\t\t<\/p>\n\t\t\t\t\n\t\t\t<\/div>\n\t\t\t\n\t\t<\/div>\n\t\t\t\t\t\t<\/div>\n\t\t\t\t\t<\/div>\n\t\t<\/div>\n\t\t\t\t<div class=\"elementor-column elementor-col-25 elementor-top-column elementor-element elementor-element-a75e442\" data-id=\"a75e442\" data-element_type=\"column\" data-e-type=\"column\">\n\t\t\t<div class=\"elementor-widget-wrap elementor-element-populated\">\n\t\t\t\t\t\t<div class=\"elementor-element elementor-element-88b7438 elementor-view-framed elementor-shape-circle elementor-position-block-start elementor-mobile-position-block-start elementor-widget elementor-widget-icon-box\" data-id=\"88b7438\" data-element_type=\"widget\" data-e-type=\"widget\" data-widget_type=\"icon-box.default\">\n\t\t\t\t\t\t\t<div class=\"elementor-icon-box-wrapper\">\n\n\t\t\t\t\t\t<div class=\"elementor-icon-box-icon\">\n\t\t\t\t<a href=\"https:\/\/enertik.com\/wp-content\/uploads\/sites\/3\/documentos\/folletos\/gw_battery-compatibility-overview-es.pdf\" target=\"_blank\" class=\"elementor-icon\" tabindex=\"-1\">\n\t\t\t\t<svg aria-hidden=\"true\" class=\"e-font-icon-svg e-fas-list\" viewBox=\"0 0 512 512\" xmlns=\"http:\/\/www.w3.org\/2000\/svg\"><path d=\"M80 368H16a16 16 0 0 0-16 16v64a16 16 0 0 0 16 16h64a16 16 0 0 0 16-16v-64a16 16 0 0 0-16-16zm0-320H16A16 16 0 0 0 0 64v64a16 16 0 0 0 16 16h64a16 16 0 0 0 16-16V64a16 16 0 0 0-16-16zm0 160H16a16 16 0 0 0-16 16v64a16 16 0 0 0 16 16h64a16 16 0 0 0 16-16v-64a16 16 0 0 0-16-16zm416 176H176a16 16 0 0 0-16 16v32a16 16 0 0 0 16 16h320a16 16 0 0 0 16-16v-32a16 16 0 0 0-16-16zm0-320H176a16 16 0 0 0-16 16v32a16 16 0 0 0 16 16h320a16 16 0 0 0 16-16V80a16 16 0 0 0-16-16zm0 160H176a16 16 0 0 0-16 16v32a16 16 0 0 0 16 16h320a16 16 0 0 0 16-16v-32a16 16 0 0 0-16-16z\"><\/path><\/svg>\t\t\t\t<\/a>\n\t\t\t<\/div>\n\t\t\t\n\t\t\t\t\t\t<div class=\"elementor-icon-box-content\">\n\n\t\t\t\t\n\t\t\t\t\t\t\t\t\t<p class=\"elementor-icon-box-description\">\n\t\t\t\t\t\tCOMPATIBILIDAD\t\t\t\t\t<\/p>\n\t\t\t\t\n\t\t\t<\/div>\n\t\t\t\n\t\t<\/div>\n\t\t\t\t\t\t<\/div>\n\t\t\t\t\t<\/div>\n\t\t<\/div>\n\t\t\t\t<div class=\"elementor-column elementor-col-25 elementor-top-column elementor-element elementor-element-2cdf540\" data-id=\"2cdf540\" data-element_type=\"column\" data-e-type=\"column\">\n\t\t\t<div class=\"elementor-widget-wrap elementor-element-populated\">\n\t\t\t\t\t\t<div class=\"elementor-element elementor-element-bf95883 elementor-view-framed elementor-shape-circle elementor-position-block-start elementor-mobile-position-block-start elementor-widget elementor-widget-icon-box\" data-id=\"bf95883\" data-element_type=\"widget\" data-e-type=\"widget\" data-widget_type=\"icon-box.default\">\n\t\t\t\t\t\t\t<div class=\"elementor-icon-box-wrapper\">\n\n\t\t\t\t\t\t<div class=\"elementor-icon-box-icon\">\n\t\t\t\t<a href=\"https:\/\/enertik.com\/wp-content\/uploads\/sites\/3\/documentos\/certificados\/certs-goodwe-battery-lynx-a-g3.zip\" target=\"_blank\" class=\"elementor-icon\" tabindex=\"-1\">\n\t\t\t\t<svg aria-hidden=\"true\" class=\"e-font-icon-svg e-fas-medal\" viewBox=\"0 0 512 512\" xmlns=\"http:\/\/www.w3.org\/2000\/svg\"><path d=\"M223.75 130.75L154.62 15.54A31.997 31.997 0 0 0 127.18 0H16.03C3.08 0-4.5 14.57 2.92 25.18l111.27 158.96c29.72-27.77 67.52-46.83 109.56-53.39zM495.97 0H384.82c-11.24 0-21.66 5.9-27.44 15.54l-69.13 115.21c42.04 6.56 79.84 25.62 109.56 53.38L509.08 25.18C516.5 14.57 508.92 0 495.97 0zM256 160c-97.2 0-176 78.8-176 176s78.8 176 176 176 176-78.8 176-176-78.8-176-176-176zm92.52 157.26l-37.93 36.96 8.97 52.22c1.6 9.36-8.26 16.51-16.65 12.09L256 393.88l-46.9 24.65c-8.4 4.45-18.25-2.74-16.65-12.09l8.97-52.22-37.93-36.96c-6.82-6.64-3.05-18.23 6.35-19.59l52.43-7.64 23.43-47.52c2.11-4.28 6.19-6.39 10.28-6.39 4.11 0 8.22 2.14 10.33 6.39l23.43 47.52 52.43 7.64c9.4 1.36 13.17 12.95 6.35 19.59z\"><\/path><\/svg>\t\t\t\t<\/a>\n\t\t\t<\/div>\n\t\t\t\n\t\t\t\t\t\t<div class=\"elementor-icon-box-content\">\n\n\t\t\t\t\n\t\t\t\t\t\t\t\t\t<p class=\"elementor-icon-box-description\">\n\t\t\t\t\t\tCERTIFICADOS\t\t\t\t\t<\/p>\n\t\t\t\t\n\t\t\t<\/div>\n\t\t\t\n\t\t<\/div>\n\t\t\t\t\t\t<\/div>\n\t\t\t\t\t<\/div>\n\t\t<\/div>\n\t\t\t\t\t<\/div>\n\t\t<\/section>\n\t\t\t\t<section class=\"wd-negative-gap elementor-section elementor-top-section elementor-element elementor-element-fdfa31c elementor-section-boxed elementor-section-height-default elementor-section-height-default\" data-id=\"fdfa31c\" data-element_type=\"section\" data-e-type=\"section\">\n\t\t\t\t\t\t<div class=\"elementor-container elementor-column-gap-default\">\n\t\t\t\t\t<div class=\"elementor-column elementor-col-100 elementor-top-column elementor-element elementor-element-b8dcd39\" data-id=\"b8dcd39\" data-element_type=\"column\" data-e-type=\"column\">\n\t\t\t<div class=\"elementor-widget-wrap elementor-element-populated\">\n\t\t\t\t\t\t<div class=\"elementor-element elementor-element-c602870 color-scheme-inherit text-left elementor-widget elementor-widget-text-editor\" data-id=\"c602870\" data-element_type=\"widget\" data-e-type=\"widget\" data-widget_type=\"text-editor.default\">\n\t\t\t\t\t\t\t\t\t<p class=\"p1\">*Esta bater\u00eda ha sido dise\u00f1ada para integrarse perfectamente con los inversores h\u00edbridos de baja tensi\u00f3n GoodWe, como las series ES Uniq y ES G2, entre otras. Para una informaci\u00f3n m\u00e1s detallada sobre la instalaci\u00f3n y el funcionamiento conjunto, puede consultarse la documentaci\u00f3n t\u00e9cnica y los manuales de los propios inversores h\u00edbridos.<\/p>\t\t\t\t\t\t\t\t<\/div>\n\t\t\t\t\t<\/div>\n\t\t<\/div>\n\t\t\t\t\t<\/div>\n\t\t<\/section>\n\t\t\t\t<\/div>\n\t\t","protected":false},"excerpt":{"rendered":"<p class=\"p1\">La bater\u00eda GoodWe Lynx A G3 es una soluci\u00f3n de almacenamiento de baja tensi\u00f3n dise\u00f1ada para el sector residencial, ideal para optimizar el autoconsumo solar y proporcionar respaldo confiable. Equipada con celdas de litio hierro fosfato (LFP), garantiza la m\u00e1xima seguridad, alta estabilidad de ciclo y una vida \u00fatil prolongada.<\/p>\n<p class=\"p1\">Su dise\u00f1o compacto, ligero y rackeable permite instalarla en gabinetes de 19\u201d o sobre el suelo, ofreciendo flexibilidad en la integraci\u00f3n.<\/p>\n<p class=\"p1\">Cada m\u00f3dulo ofrece 5 kWh nominales, con la posibilidad de conectar hasta 30 unidades en paralelo para alcanzar 150 kWh, adapt\u00e1ndose a hogares con diferentes demandas energ\u00e9ticas.<\/p>\n<p class=\"p1\">Funciona de forma confiable y en perfecto un\u00edsono con los inversores h\u00edbridos de GoodWe, garantizando que bater\u00eda e inversor trabajen en conjunto como un \u00fanico sistema inteligente. Adem\u00e1s, el diagn\u00f3stico y las actualizaciones pueden realizarse de forma remota a trav\u00e9s del inversor, y con la aplicaci\u00f3n SolarGo el usuario obtiene un control \u00e1gil y seguro del sistema.<\/p>\n<p class=\"p1\">Con una corriente de descarga continua de hasta 150 A, un ciclo de vida superior a 6000 ciclos (70% EOL) y opciones flexibles de conexi\u00f3n (mano a mano, busbar o combiner box), la Lynx A G3 es una inversi\u00f3n de valor duradero para la autonom\u00eda energ\u00e9tica residencial.<\/p>\n","protected":false},"featured_media":45620,"comment_status":"open","ping_status":"closed","template":"","meta":{"_relevanssi_hide_post":"","_relevanssi_hide_content":"","_relevanssi_pin_for_all":"","_relevanssi_pin_keywords":"","_relevanssi_unpin_keywords":"","_relevanssi_related_keywords":"","_relevanssi_related_include_ids":"","_relevanssi_related_exclude_ids":"","_relevanssi_related_no_append":"","_relevanssi_related_not_related":"","_relevanssi_related_posts":"","_relevanssi_noindex_reason":"","inline_featured_image":false},"product_brand":[],"product_cat":[1733,1694,1737],"product_tag":[1958],"class_list":{"0":"post-45619","1":"product","2":"type-product","3":"status-publish","4":"has-post-thumbnail","6":"product_cat-baterias","7":"product_cat-con-backup-hibrido","8":"product_cat-litio","9":"product_tag-nuevos","10":"pa_marca-goodwe","11":"pa_voltaje-51-2v","13":"first","14":"instock","15":"taxable","16":"shipping-taxable","17":"purchasable","18":"product-type-simple"},"bundled_by":[],"bundle_stock_status":"instock","bundle_stock_quantity":4,"bundle_virtual":false,"bundle_layout":"","bundle_add_to_cart_form_location":"","bundle_editable_in_cart":false,"bundle_sold_individually_context":"","bundle_item_grouping":"","bundle_min_size":"","bundle_max_size":"","bundle_price":[],"bundled_items":[],"bundle_sell_ids":[],"group_of_quantity":0,"min_quantity":0,"max_quantity":"","exclude_order_quantity_value_rules":"no","exclude_category_quantity_rules":"no","combine_variations":"no","exclude_global_add_ons":[],"addons":[],"_links":{"self":[{"href":"https:\/\/enertik.com\/ar\/wp-json\/wp\/v2\/product\/45619","targetHints":{"allow":["GET"]}}],"collection":[{"href":"https:\/\/enertik.com\/ar\/wp-json\/wp\/v2\/product"}],"about":[{"href":"https:\/\/enertik.com\/ar\/wp-json\/wp\/v2\/types\/product"}],"replies":[{"embeddable":true,"href":"https:\/\/enertik.com\/ar\/wp-json\/wp\/v2\/comments?post=45619"}],"version-history":[{"count":0,"href":"https:\/\/enertik.com\/ar\/wp-json\/wp\/v2\/product\/45619\/revisions"}],"wp:featuredmedia":[{"embeddable":true,"href":"https:\/\/enertik.com\/ar\/wp-json\/wp\/v2\/media\/45620"}],"wp:attachment":[{"href":"https:\/\/enertik.com\/ar\/wp-json\/wp\/v2\/media?parent=45619"}],"wp:term":[{"taxonomy":"product_brand","embeddable":true,"href":"https:\/\/enertik.com\/ar\/wp-json\/wp\/v2\/product_brand?post=45619"},{"taxonomy":"product_cat","embeddable":true,"href":"https:\/\/enertik.com\/ar\/wp-json\/wp\/v2\/product_cat?post=45619"},{"taxonomy":"product_tag","embeddable":true,"href":"https:\/\/enertik.com\/ar\/wp-json\/wp\/v2\/product_tag?post=45619"}],"curies":[{"name":"wp","href":"https:\/\/api.w.org\/{rel}","templated":true}]}}