{"id":45599,"date":"2026-02-01T05:12:24","date_gmt":"2026-02-01T08:12:24","guid":{"rendered":"https:\/\/enertik.com\/ar\/?post_type=product&#038;p=45599"},"modified":"2026-04-10T18:38:55","modified_gmt":"2026-04-10T21:38:55","slug":"bateria-de-litio-modular-de-alta-tension-goodwe-384v-5kwh-lynx-d-ip66","status":"publish","type":"product","link":"https:\/\/enertik.com\/ar\/tienda\/baterias\/litio\/bateria-de-litio-modular-de-alta-tension-goodwe-384v-5kwh-lynx-d-ip66\/","title":{"rendered":"Bater\u00eda de Litio Modular de Alta Tensi\u00f3n Goodwe 384V 5kWh &#8211; Lynx D (IP66)"},"content":{"rendered":"\t\t<div data-elementor-type=\"product-post\" data-elementor-id=\"45599\" class=\"elementor elementor-45599\" data-elementor-post-type=\"product\">\n\t\t\t\t\t\t<section class=\"wd-negative-gap elementor-section elementor-top-section elementor-element elementor-element-2354ed8 Product_Description elementor-section-boxed elementor-section-height-default elementor-section-height-default\" data-id=\"2354ed8\" data-element_type=\"section\" data-e-type=\"section\">\n\t\t\t\t\t\t<div class=\"elementor-container elementor-column-gap-default\">\n\t\t\t\t\t<div class=\"elementor-column elementor-col-100 elementor-top-column elementor-element elementor-element-78e5d29\" data-id=\"78e5d29\" data-element_type=\"column\" data-e-type=\"column\" data-settings=\"{&quot;background_background&quot;:&quot;classic&quot;}\">\n\t\t\t<div class=\"elementor-widget-wrap elementor-element-populated\">\n\t\t\t\t\t\t<section class=\"wd-negative-gap elementor-section elementor-inner-section elementor-element elementor-element-765f725 elementor-section-boxed elementor-section-height-default elementor-section-height-default\" data-id=\"765f725\" data-element_type=\"section\" data-e-type=\"section\">\n\t\t\t\t\t\t<div class=\"elementor-container elementor-column-gap-default\">\n\t\t\t\t\t<div class=\"elementor-column elementor-col-100 elementor-inner-column elementor-element elementor-element-c7bfdb9\" data-id=\"c7bfdb9\" data-element_type=\"column\" data-e-type=\"column\">\n\t\t\t<div class=\"elementor-widget-wrap elementor-element-populated\">\n\t\t\t\t\t\t<div class=\"elementor-element elementor-element-496eee4 elementor-widget elementor-widget-wd_tabs\" data-id=\"496eee4\" data-element_type=\"widget\" data-e-type=\"widget\" data-widget_type=\"wd_tabs.default\">\n\t\t\t\t<div class=\"elementor-widget-container\">\n\t\t\t\t\t\t\t<div class=\"wd-tabs tabs-design-default\">\n\t\t\t<div class=\"wd-tabs-header text-center\">\n\t\t\t\t\n\t\t\t\t\n\t\t\t\t<div class=\"wd-nav-wrapper wd-nav-tabs-wrapper wd-mb-action-swipe\">\n\t\t\t\t\t<ul class=\"wd-nav wd-nav-tabs wd-icon-pos-left wd-style-underline\">\n\t\t\t\t\t\t\t\t\t\t\t\t\t\n\t\t\t\t\t\t\t<li>\n\t\t\t\t\t\t\t\t<a href=\"#\" class=\"wd-nav-link\">\n\t\t\t\t\t\t\t\t\t\n\t\t\t\t\t\t\t\t\t<span class=\"nav-link-text wd-tabs-title\">\n\t\t\t\t\t\t\t\t\t\tDESCRIPCI\u00d3N\t\t\t\t\t\t\t\t\t<\/span>\n\t\t\t\t\t\t\t\t<\/a>\n\t\t\t\t\t\t\t<\/li>\n\n\t\t\t\t\t\t\t\t\t\t\t\t\t\n\t\t\t\t\t\t\t<li>\n\t\t\t\t\t\t\t\t<a href=\"#\" class=\"wd-nav-link\">\n\t\t\t\t\t\t\t\t\t\n\t\t\t\t\t\t\t\t\t<span class=\"nav-link-text wd-tabs-title\">\n\t\t\t\t\t\t\t\t\t\tESPECIFICACIONES\t\t\t\t\t\t\t\t\t<\/span>\n\t\t\t\t\t\t\t\t<\/a>\n\t\t\t\t\t\t\t<\/li>\n\n\t\t\t\t\t\t\t\t\t\t\t<\/ul>\n\t\t\t\t<\/div>\n\t\t\t<\/div>\n\n\t\t\t<div class=\"wd-tabs-content-wrapper\">\n\t\t\t\t\t\t\t\t\t\t\t\t\t\t\n\t\t\t\t\t<div class=\"wd-tab-content wd-entry-content\">\n\t\t\t\t\t\t\t\t\t\t\t\t\t<div >\n\t\t\t\t\t\t\t\t<h2>VENTAJAS<\/h2><ul class=\"ul1\"><li class=\"li1\">Alta eficiencia en alto voltaje<\/li><li class=\"li1\">Expansi\u00f3n flexible: conexi\u00f3n en paralelo de hasta 8 m\u00f3dulos (m\u00e1x. 40 kWh), incluso mezclando bater\u00edas nuevas y antiguas.<\/li><li class=\"li1\">Compatibilidad total con inversores h\u00edbridos GoodWe: operaci\u00f3n conjunta precisa y confiable.<\/li><li class=\"li1\">Protecci\u00f3n avanzada: grado IP66 para uso seguro en interiores o exteriores.<\/li><li class=\"li1\">Rango de operaci\u00f3n amplio: de -20 \u00b0C a +53 \u00b0C en descarga, asegurando rendimiento estable en climas fr\u00edos y c\u00e1lidos.<\/li><li class=\"li1\">F\u00e1cil instalaci\u00f3n: sistema plug &amp; play, admite montaje en suelo o pared (kits opcionales).<\/li><li class=\"li1\">Gesti\u00f3n inteligente: monitoreo y configuraci\u00f3n remota con la app SolarGo.<\/li><li class=\"li1\">Seguridad mejorada: tecnolog\u00eda LFP, reinicio autom\u00e1tico tras baja de voltaje y diagn\u00f3stico remoto.<\/li><li class=\"li1\">Dise\u00f1o est\u00e9tico y moderno: pensado para integrarse en entornos residenciales.<\/li><\/ul>\t\t\t\t\t\t\t<\/div>\n\t\t\t\t\t\t\t\t\t\t\t<\/div>\n\n\t\t\t\t\t\t\t\t\t\t\t\t\t\t\n\t\t\t\t\t<div class=\"wd-tab-content wd-entry-content\">\n\t\t\t\t\t\t\t\t\t\t\t\t\t<div >\n\t\t\t\t\t\t\t\t<table><tbody><!-- Identificaci\u00f3n --><tr><td class=\"tbLeft\">Marca<\/td><td>GoodWe<\/td><\/tr><tr class=\"tbBorderNone\"><td class=\"tbLeft\">Modelo<\/td><td>Lynx D (LX D5.0-10)<\/td><\/tr><!-- El\u00e9ctrico --><tr><td class=\"tbTit\" colspan=\"2\">Especificaciones el\u00e9ctricas<\/td><\/tr><tr><td class=\"tbLeft\">Tipo de celda<\/td><td>LFP (LiFePO\u2084)<\/td><\/tr><tr><td class=\"tbLeft\">Energ\u00eda utilizable<\/td><td>5.0 kWh<\/td><\/tr><tr><td class=\"tbLeft\">Tensi\u00f3n nominal<\/td><td>435 V (carga) \/ 380 V (descarga)<\/td><\/tr><tr><td class=\"tbLeft\">Rango de tensi\u00f3n de operaci\u00f3n<\/td><td>320 ~ 480 Vcc<\/td><\/tr><tr><td class=\"tbLeft\">Potencia nominal<\/td><td>3.0 kW<\/td><\/tr><tr class=\"tbBorderNone\"><td class=\"tbLeft\">Potencia pico<\/td><td>5.0 kW (10 s)<\/td><\/tr><!-- Comunicaci\u00f3n --><tr><td class=\"tbTit\" colspan=\"2\">Gesti\u00f3n y comunicaci\u00f3n<\/td><\/tr><tr><td class=\"tbLeft\">Protocolo<\/td><td>CAN<\/td><\/tr><tr class=\"tbBorderNone\"><td class=\"tbLeft\">Funciones inteligentes<\/td><td>Diagn\u00f3stico y actualizaci\u00f3n remota v\u00eda inversor<br \/>Reinicio autom\u00e1tico tras baja de voltaje<\/td><\/tr><!-- Ambiente --><tr><td class=\"tbTit\" colspan=\"2\">Ambiente<\/td><\/tr><tr><td class=\"tbLeft\">Rango de temperatura de carga<\/td><td>0 ~ +53 \u00b0C<\/td><\/tr><tr><td class=\"tbLeft\">Rango de temperatura de descarga<\/td><td>-20 ~ +53 \u00b0C<\/td><\/tr><tr><td class=\"tbLeft\">Humedad relativa<\/td><td>0 ~ 95 %<\/td><\/tr><tr><td class=\"tbLeft\">Altitud m\u00e1xima de operaci\u00f3n<\/td><td>4000 m<\/td><\/tr><tr class=\"tbBorderNone\"><td class=\"tbLeft\">Protecci\u00f3n<\/td><td>IP66<\/td><\/tr><!-- Instalaci\u00f3n --><tr><td class=\"tbTit\" colspan=\"2\">Instalaci\u00f3n<\/td><\/tr><tr><td class=\"tbLeft\">M\u00e9todo de instalaci\u00f3n<\/td><td>Apilada en suelo o montada en pared<br \/>(kits de montaje por separado)<\/td><\/tr><tr class=\"tbBorderNone\"><td class=\"tbLeft\">Dise\u00f1o<\/td><td>Moderno y elegante, integraci\u00f3n residencial perfecta<\/td><\/tr><!-- Caracter\u00edsticas f\u00edsicas --><tr><td class=\"tbTit\" colspan=\"2\">Caracter\u00edsticas f\u00edsicas<\/td><\/tr><tr><td class=\"tbLeft\">Dimensiones (An \u00d7 Pr \u00d7 Al)<\/td><td>700 \u00d7 380 \u00d7 170 mm<\/td><\/tr><tr><td class=\"tbLeft\">Peso<\/td><td>52 kg<\/td><\/tr><tr class=\"tbBorderNone\"><td class=\"tbLeft\">Escalabilidad<\/td><td>Hasta 8 m\u00f3dulos en paralelo (m\u00e1x. 40 kWh)<br \/>Admite mezcla de m\u00f3dulos nuevos y antiguos<\/td><\/tr><!-- Certificaciones --><tr><td class=\"tbTit\" colspan=\"2\">Certificaciones<\/td><\/tr><tr><td class=\"tbLeft\">Seguridad<\/td><td>IEC62619, IEC60730, VDE2510-50<\/td><\/tr><tr><td class=\"tbLeft\">Transporte<\/td><td>UN38.3, CEC, CE<\/td><\/tr><tr class=\"tbBorderNone\"><td class=\"tbLeft\">Medio ambiente<\/td><td>RoHS<\/td><\/tr><\/tbody><\/table>\t\t\t\t\t\t\t<\/div>\n\t\t\t\t\t\t\t\t\t\t\t<\/div>\n\n\t\t\t\t\t\t\t<\/div>\n\t\t<\/div>\n\t\t\t\t\t\t<\/div>\n\t\t\t\t<\/div>\n\t\t\t\t\t<\/div>\n\t\t<\/div>\n\t\t\t\t\t<\/div>\n\t\t<\/section>\n\t\t\t\t\t<\/div>\n\t\t<\/div>\n\t\t\t\t\t<\/div>\n\t\t<\/section>\n\t\t\t\t<section class=\"wd-negative-gap elementor-section elementor-top-section elementor-element elementor-element-1591df4 Link_Buttons elementor-section-boxed elementor-section-height-default elementor-section-height-default\" data-id=\"1591df4\" data-element_type=\"section\" data-e-type=\"section\" data-settings=\"{&quot;background_background&quot;:&quot;classic&quot;}\">\n\t\t\t\t\t\t<div class=\"elementor-container elementor-column-gap-custom\">\n\t\t\t\t\t<div class=\"elementor-column elementor-col-20 elementor-top-column elementor-element elementor-element-80e506d\" data-id=\"80e506d\" data-element_type=\"column\" data-e-type=\"column\">\n\t\t\t<div class=\"elementor-widget-wrap elementor-element-populated\">\n\t\t\t\t\t\t<div class=\"elementor-element elementor-element-3d84375 elementor-view-framed elementor-shape-circle elementor-position-block-start elementor-mobile-position-block-start elementor-widget elementor-widget-icon-box\" data-id=\"3d84375\" data-element_type=\"widget\" data-e-type=\"widget\" data-widget_type=\"icon-box.default\">\n\t\t\t\t\t\t\t<div class=\"elementor-icon-box-wrapper\">\n\n\t\t\t\t\t\t<div class=\"elementor-icon-box-icon\">\n\t\t\t\t<a href=\"https:\/\/enertik.com\/wp-content\/uploads\/sites\/3\/documentos\/manuales\/gw_lynx-home-d_user-manual-en.pdf\" target=\"_blank\" class=\"elementor-icon\" tabindex=\"-1\">\n\t\t\t\t<svg aria-hidden=\"true\" class=\"e-font-icon-svg e-fas-book\" viewBox=\"0 0 448 512\" xmlns=\"http:\/\/www.w3.org\/2000\/svg\"><path d=\"M448 360V24c0-13.3-10.7-24-24-24H96C43 0 0 43 0 96v320c0 53 43 96 96 96h328c13.3 0 24-10.7 24-24v-16c0-7.5-3.5-14.3-8.9-18.7-4.2-15.4-4.2-59.3 0-74.7 5.4-4.3 8.9-11.1 8.9-18.6zM128 134c0-3.3 2.7-6 6-6h212c3.3 0 6 2.7 6 6v20c0 3.3-2.7 6-6 6H134c-3.3 0-6-2.7-6-6v-20zm0 64c0-3.3 2.7-6 6-6h212c3.3 0 6 2.7 6 6v20c0 3.3-2.7 6-6 6H134c-3.3 0-6-2.7-6-6v-20zm253.4 250H96c-17.7 0-32-14.3-32-32 0-17.6 14.4-32 32-32h285.4c-1.9 17.1-1.9 46.9 0 64z\"><\/path><\/svg>\t\t\t\t<\/a>\n\t\t\t<\/div>\n\t\t\t\n\t\t\t\t\t\t<div class=\"elementor-icon-box-content\">\n\n\t\t\t\t\n\t\t\t\t\t\t\t\t\t<p class=\"elementor-icon-box-description\">\n\t\t\t\t\t\tMANUAL\t\t\t\t\t<\/p>\n\t\t\t\t\n\t\t\t<\/div>\n\t\t\t\n\t\t<\/div>\n\t\t\t\t\t\t<\/div>\n\t\t\t\t\t<\/div>\n\t\t<\/div>\n\t\t\t\t<div class=\"elementor-column elementor-col-20 elementor-top-column elementor-element elementor-element-7974178\" data-id=\"7974178\" data-element_type=\"column\" data-e-type=\"column\">\n\t\t\t<div class=\"elementor-widget-wrap elementor-element-populated\">\n\t\t\t\t\t\t<div class=\"elementor-element elementor-element-e74a334 elementor-view-framed elementor-shape-circle elementor-position-block-start elementor-mobile-position-block-start elementor-widget elementor-widget-icon-box\" data-id=\"e74a334\" data-element_type=\"widget\" data-e-type=\"widget\" data-widget_type=\"icon-box.default\">\n\t\t\t\t\t\t\t<div class=\"elementor-icon-box-wrapper\">\n\n\t\t\t\t\t\t<div class=\"elementor-icon-box-icon\">\n\t\t\t\t<a href=\"https:\/\/enertik.com\/wp-content\/uploads\/sites\/3\/documentos\/manuales\/gw_lynx-d_quick-installation-guide-poly.pdf\" target=\"_blank\" class=\"elementor-icon\" tabindex=\"-1\">\n\t\t\t\t<svg aria-hidden=\"true\" class=\"e-font-icon-svg e-fas-book-reader\" viewBox=\"0 0 512 512\" xmlns=\"http:\/\/www.w3.org\/2000\/svg\"><path d=\"M352 96c0-53.02-42.98-96-96-96s-96 42.98-96 96 42.98 96 96 96 96-42.98 96-96zM233.59 241.1c-59.33-36.32-155.43-46.3-203.79-49.05C13.55 191.13 0 203.51 0 219.14v222.8c0 14.33 11.59 26.28 26.49 27.05 43.66 2.29 131.99 10.68 193.04 41.43 9.37 4.72 20.48-1.71 20.48-11.87V252.56c-.01-4.67-2.32-8.95-6.42-11.46zm248.61-49.05c-48.35 2.74-144.46 12.73-203.78 49.05-4.1 2.51-6.41 6.96-6.41 11.63v245.79c0 10.19 11.14 16.63 20.54 11.9 61.04-30.72 149.32-39.11 192.97-41.4 14.9-.78 26.49-12.73 26.49-27.06V219.14c-.01-15.63-13.56-28.01-29.81-27.09z\"><\/path><\/svg>\t\t\t\t<\/a>\n\t\t\t<\/div>\n\t\t\t\n\t\t\t\t\t\t<div class=\"elementor-icon-box-content\">\n\n\t\t\t\t\n\t\t\t\t\t\t\t\t\t<p class=\"elementor-icon-box-description\">\n\t\t\t\t\t\tGU\u00cdA R\u00c1PIDA\t\t\t\t\t<\/p>\n\t\t\t\t\n\t\t\t<\/div>\n\t\t\t\n\t\t<\/div>\n\t\t\t\t\t\t<\/div>\n\t\t\t\t\t<\/div>\n\t\t<\/div>\n\t\t\t\t<div class=\"elementor-column elementor-col-20 elementor-top-column elementor-element elementor-element-cf955ea\" data-id=\"cf955ea\" data-element_type=\"column\" data-e-type=\"column\">\n\t\t\t<div class=\"elementor-widget-wrap elementor-element-populated\">\n\t\t\t\t\t\t<div class=\"elementor-element elementor-element-48a1b8c elementor-view-framed elementor-shape-circle elementor-position-block-start elementor-mobile-position-block-start elementor-widget elementor-widget-icon-box\" data-id=\"48a1b8c\" data-element_type=\"widget\" data-e-type=\"widget\" data-widget_type=\"icon-box.default\">\n\t\t\t\t\t\t\t<div class=\"elementor-icon-box-wrapper\">\n\n\t\t\t\t\t\t<div class=\"elementor-icon-box-icon\">\n\t\t\t\t<a href=\"https:\/\/enertik.com\/wp-content\/uploads\/sites\/3\/documentos\/folletos\/gw_lynx-d_datasheet-latam-es.pdf\" target=\"_blank\" class=\"elementor-icon\" tabindex=\"-1\">\n\t\t\t\t<svg aria-hidden=\"true\" class=\"e-font-icon-svg e-fas-book-open\" viewBox=\"0 0 576 512\" xmlns=\"http:\/\/www.w3.org\/2000\/svg\"><path d=\"M542.22 32.05c-54.8 3.11-163.72 14.43-230.96 55.59-4.64 2.84-7.27 7.89-7.27 13.17v363.87c0 11.55 12.63 18.85 23.28 13.49 69.18-34.82 169.23-44.32 218.7-46.92 16.89-.89 30.02-14.43 30.02-30.66V62.75c.01-17.71-15.35-31.74-33.77-30.7zM264.73 87.64C197.5 46.48 88.58 35.17 33.78 32.05 15.36 31.01 0 45.04 0 62.75V400.6c0 16.24 13.13 29.78 30.02 30.66 49.49 2.6 149.59 12.11 218.77 46.95 10.62 5.35 23.21-1.94 23.21-13.46V100.63c0-5.29-2.62-10.14-7.27-12.99z\"><\/path><\/svg>\t\t\t\t<\/a>\n\t\t\t<\/div>\n\t\t\t\n\t\t\t\t\t\t<div class=\"elementor-icon-box-content\">\n\n\t\t\t\t\n\t\t\t\t\t\t\t\t\t<p class=\"elementor-icon-box-description\">\n\t\t\t\t\t\tFOLLETO\t\t\t\t\t<\/p>\n\t\t\t\t\n\t\t\t<\/div>\n\t\t\t\n\t\t<\/div>\n\t\t\t\t\t\t<\/div>\n\t\t\t\t\t<\/div>\n\t\t<\/div>\n\t\t\t\t<div class=\"elementor-column elementor-col-20 elementor-top-column elementor-element elementor-element-3a46489\" data-id=\"3a46489\" data-element_type=\"column\" data-e-type=\"column\">\n\t\t\t<div class=\"elementor-widget-wrap elementor-element-populated\">\n\t\t\t\t\t\t<div class=\"elementor-element elementor-element-7dda8e7 elementor-view-framed elementor-shape-circle elementor-position-block-start elementor-mobile-position-block-start elementor-widget elementor-widget-icon-box\" data-id=\"7dda8e7\" data-element_type=\"widget\" data-e-type=\"widget\" data-widget_type=\"icon-box.default\">\n\t\t\t\t\t\t\t<div class=\"elementor-icon-box-wrapper\">\n\n\t\t\t\t\t\t<div class=\"elementor-icon-box-icon\">\n\t\t\t\t<a href=\"https:\/\/enertik.com\/wp-content\/uploads\/sites\/3\/documentos\/folletos\/gw_battery-compatibility-overview-es.pdf\" target=\"_blank\" class=\"elementor-icon\" tabindex=\"-1\">\n\t\t\t\t<svg aria-hidden=\"true\" class=\"e-font-icon-svg e-fas-list\" viewBox=\"0 0 512 512\" xmlns=\"http:\/\/www.w3.org\/2000\/svg\"><path d=\"M80 368H16a16 16 0 0 0-16 16v64a16 16 0 0 0 16 16h64a16 16 0 0 0 16-16v-64a16 16 0 0 0-16-16zm0-320H16A16 16 0 0 0 0 64v64a16 16 0 0 0 16 16h64a16 16 0 0 0 16-16V64a16 16 0 0 0-16-16zm0 160H16a16 16 0 0 0-16 16v64a16 16 0 0 0 16 16h64a16 16 0 0 0 16-16v-64a16 16 0 0 0-16-16zm416 176H176a16 16 0 0 0-16 16v32a16 16 0 0 0 16 16h320a16 16 0 0 0 16-16v-32a16 16 0 0 0-16-16zm0-320H176a16 16 0 0 0-16 16v32a16 16 0 0 0 16 16h320a16 16 0 0 0 16-16V80a16 16 0 0 0-16-16zm0 160H176a16 16 0 0 0-16 16v32a16 16 0 0 0 16 16h320a16 16 0 0 0 16-16v-32a16 16 0 0 0-16-16z\"><\/path><\/svg>\t\t\t\t<\/a>\n\t\t\t<\/div>\n\t\t\t\n\t\t\t\t\t\t<div class=\"elementor-icon-box-content\">\n\n\t\t\t\t\n\t\t\t\t\t\t\t\t\t<p class=\"elementor-icon-box-description\">\n\t\t\t\t\t\tCOMPATIBILIDAD\t\t\t\t\t<\/p>\n\t\t\t\t\n\t\t\t<\/div>\n\t\t\t\n\t\t<\/div>\n\t\t\t\t\t\t<\/div>\n\t\t\t\t\t<\/div>\n\t\t<\/div>\n\t\t\t\t<div class=\"elementor-column elementor-col-20 elementor-top-column elementor-element elementor-element-9dc95c3\" data-id=\"9dc95c3\" data-element_type=\"column\" data-e-type=\"column\">\n\t\t\t<div class=\"elementor-widget-wrap elementor-element-populated\">\n\t\t\t\t\t\t<div class=\"elementor-element elementor-element-b01a44c elementor-view-framed elementor-shape-circle elementor-position-block-start elementor-mobile-position-block-start elementor-widget elementor-widget-icon-box\" data-id=\"b01a44c\" data-element_type=\"widget\" data-e-type=\"widget\" data-widget_type=\"icon-box.default\">\n\t\t\t\t\t\t\t<div class=\"elementor-icon-box-wrapper\">\n\n\t\t\t\t\t\t<div class=\"elementor-icon-box-icon\">\n\t\t\t\t<a href=\"https:\/\/enertik.com\/wp-content\/uploads\/sites\/3\/documentos\/certificados\/certs-goodwe-battery-lynx-d.zip\" target=\"_blank\" class=\"elementor-icon\" tabindex=\"-1\">\n\t\t\t\t<svg aria-hidden=\"true\" class=\"e-font-icon-svg e-fas-medal\" viewBox=\"0 0 512 512\" xmlns=\"http:\/\/www.w3.org\/2000\/svg\"><path d=\"M223.75 130.75L154.62 15.54A31.997 31.997 0 0 0 127.18 0H16.03C3.08 0-4.5 14.57 2.92 25.18l111.27 158.96c29.72-27.77 67.52-46.83 109.56-53.39zM495.97 0H384.82c-11.24 0-21.66 5.9-27.44 15.54l-69.13 115.21c42.04 6.56 79.84 25.62 109.56 53.38L509.08 25.18C516.5 14.57 508.92 0 495.97 0zM256 160c-97.2 0-176 78.8-176 176s78.8 176 176 176 176-78.8 176-176-78.8-176-176-176zm92.52 157.26l-37.93 36.96 8.97 52.22c1.6 9.36-8.26 16.51-16.65 12.09L256 393.88l-46.9 24.65c-8.4 4.45-18.25-2.74-16.65-12.09l8.97-52.22-37.93-36.96c-6.82-6.64-3.05-18.23 6.35-19.59l52.43-7.64 23.43-47.52c2.11-4.28 6.19-6.39 10.28-6.39 4.11 0 8.22 2.14 10.33 6.39l23.43 47.52 52.43 7.64c9.4 1.36 13.17 12.95 6.35 19.59z\"><\/path><\/svg>\t\t\t\t<\/a>\n\t\t\t<\/div>\n\t\t\t\n\t\t\t\t\t\t<div class=\"elementor-icon-box-content\">\n\n\t\t\t\t\n\t\t\t\t\t\t\t\t\t<p class=\"elementor-icon-box-description\">\n\t\t\t\t\t\tCERTIFICADOS\t\t\t\t\t<\/p>\n\t\t\t\t\n\t\t\t<\/div>\n\t\t\t\n\t\t<\/div>\n\t\t\t\t\t\t<\/div>\n\t\t\t\t\t<\/div>\n\t\t<\/div>\n\t\t\t\t\t<\/div>\n\t\t<\/section>\n\t\t\t\t<section class=\"wd-negative-gap elementor-section elementor-top-section elementor-element elementor-element-fae13df elementor-section-boxed elementor-section-height-default elementor-section-height-default\" data-id=\"fae13df\" data-element_type=\"section\" data-e-type=\"section\">\n\t\t\t\t\t\t<div class=\"elementor-container elementor-column-gap-default\">\n\t\t\t\t\t<div class=\"elementor-column elementor-col-100 elementor-top-column elementor-element elementor-element-5c69199\" data-id=\"5c69199\" data-element_type=\"column\" data-e-type=\"column\">\n\t\t\t<div class=\"elementor-widget-wrap elementor-element-populated\">\n\t\t\t\t\t\t<div class=\"elementor-element elementor-element-7c26f1b color-scheme-inherit text-left elementor-widget elementor-widget-text-editor\" data-id=\"7c26f1b\" data-element_type=\"widget\" data-e-type=\"widget\" data-widget_type=\"text-editor.default\">\n\t\t\t\t\t\t\t\t\t<p class=\"p1\">*Esta bater\u00eda ha sido dise\u00f1ada para integrarse perfectamente con los inversores h\u00edbridos de ALTA tensi\u00f3n GoodWe, como las series ET G2. Para una informaci\u00f3n m\u00e1s detallada sobre la instalaci\u00f3n y el funcionamiento conjunto, puede consultarse la documentaci\u00f3n t\u00e9cnica y los manuales de los propios inversores h\u00edbridos.<\/p>\t\t\t\t\t\t\t\t<\/div>\n\t\t\t\t\t<\/div>\n\t\t<\/div>\n\t\t\t\t\t<\/div>\n\t\t<\/section>\n\t\t\t\t<\/div>\n\t\t","protected":false},"excerpt":{"rendered":"<p class=\"p1\">La bater\u00eda de alto voltaje Lynx D de GoodWe ofrece una soluci\u00f3n segura, moderna y eficiente para el almacenamiento residencial de energ\u00eda. Dise\u00f1ada con tecnolog\u00eda de litio LFP de alta estabilidad, garantiza ciclos de vida prolongados y un rendimiento confiable. Su arquitectura modular admite hasta 8 unidades en paralelo, alcanzando un almacenamiento total de 40 kWh.<\/p>\n<p class=\"p1\">Gracias a su dise\u00f1o de alta tensi\u00f3n, las corrientes de carga y descarga son menores, lo que reduce la ca\u00edda de voltaje, permite utilizar cables m\u00e1s delgados y alivia el estr\u00e9s en cada ciclo, alargando la vida \u00fatil.<\/p>\n<p class=\"p1\">La Lynx D trabaja de forma \u00f3ptima y en un\u00edsono con los inversores de almacenamiento GoodWe, asegurando un control preciso de la energ\u00eda y una integraci\u00f3n sin complicaciones.<\/p>\n<p class=\"p1\">Con protecci\u00f3n IP66, puede instalarse tanto en interiores como en exteriores, soportando condiciones exigentes.<\/p>\n<p class=\"p1\">Su instalaci\u00f3n es flexible, ya que admite montaje en suelo o en pared (kits de montaje se venden por separado), y su est\u00e9tica moderna la convierte en una soluci\u00f3n que combina funcionalidad con dise\u00f1o para el hogar.<\/p>\n<p class=\"p1\">Adem\u00e1s, incorpora diagn\u00f3stico y actualizaci\u00f3n remotos, reinicio autom\u00e1tico tras baja de voltaje y supervisi\u00f3n inteligente a trav\u00e9s de la aplicaci\u00f3n SolarGo, aportando una experiencia de uso sencilla y segura.<\/p>\n<p><strong><em>*Es obligatorio utilizar un soporte de piso o de pared para la correcta instalaci\u00f3n de la bater\u00eda (consulte el apartado \u201cAccesorios recomendados\u201d).<\/em><\/strong><\/p>\n","protected":false},"featured_media":45600,"comment_status":"open","ping_status":"closed","template":"","meta":{"_relevanssi_hide_post":"","_relevanssi_hide_content":"","_relevanssi_pin_for_all":"","_relevanssi_pin_keywords":"","_relevanssi_unpin_keywords":"","_relevanssi_related_keywords":"","_relevanssi_related_include_ids":"","_relevanssi_related_exclude_ids":"","_relevanssi_related_no_append":"","_relevanssi_related_not_related":"","_relevanssi_related_posts":"","_relevanssi_noindex_reason":"","inline_featured_image":false},"product_brand":[],"product_cat":[1733,1694,1737],"product_tag":[1958],"class_list":{"0":"post-45599","1":"product","2":"type-product","3":"status-publish","4":"has-post-thumbnail","6":"product_cat-baterias","7":"product_cat-con-backup-hibrido","8":"product_cat-litio","9":"product_tag-nuevos","10":"pa_marca-goodwe","11":"pa_voltaje-alta-tension","13":"first","14":"outofstock","15":"taxable","16":"shipping-taxable","17":"purchasable","18":"product-type-simple"},"bundled_by":[],"bundle_stock_status":"outofstock","bundle_stock_quantity":0,"bundle_virtual":false,"bundle_layout":"","bundle_add_to_cart_form_location":"","bundle_editable_in_cart":false,"bundle_sold_individually_context":"","bundle_item_grouping":"","bundle_min_size":"","bundle_max_size":"","bundle_price":[],"bundled_items":[],"bundle_sell_ids":[],"group_of_quantity":0,"min_quantity":0,"max_quantity":"","exclude_order_quantity_value_rules":"no","exclude_category_quantity_rules":"no","combine_variations":"no","exclude_global_add_ons":[],"addons":[],"_links":{"self":[{"href":"https:\/\/enertik.com\/ar\/wp-json\/wp\/v2\/product\/45599","targetHints":{"allow":["GET"]}}],"collection":[{"href":"https:\/\/enertik.com\/ar\/wp-json\/wp\/v2\/product"}],"about":[{"href":"https:\/\/enertik.com\/ar\/wp-json\/wp\/v2\/types\/product"}],"replies":[{"embeddable":true,"href":"https:\/\/enertik.com\/ar\/wp-json\/wp\/v2\/comments?post=45599"}],"version-history":[{"count":0,"href":"https:\/\/enertik.com\/ar\/wp-json\/wp\/v2\/product\/45599\/revisions"}],"wp:featuredmedia":[{"embeddable":true,"href":"https:\/\/enertik.com\/ar\/wp-json\/wp\/v2\/media\/45600"}],"wp:attachment":[{"href":"https:\/\/enertik.com\/ar\/wp-json\/wp\/v2\/media?parent=45599"}],"wp:term":[{"taxonomy":"product_brand","embeddable":true,"href":"https:\/\/enertik.com\/ar\/wp-json\/wp\/v2\/product_brand?post=45599"},{"taxonomy":"product_cat","embeddable":true,"href":"https:\/\/enertik.com\/ar\/wp-json\/wp\/v2\/product_cat?post=45599"},{"taxonomy":"product_tag","embeddable":true,"href":"https:\/\/enertik.com\/ar\/wp-json\/wp\/v2\/product_tag?post=45599"}],"curies":[{"name":"wp","href":"https:\/\/api.w.org\/{rel}","templated":true}]}}