{"id":44207,"date":"2026-03-08T21:00:00","date_gmt":"2026-03-09T00:00:00","guid":{"rendered":"https:\/\/enertik.com\/ar\/?post_type=product&#038;p=44207"},"modified":"2026-04-05T02:07:29","modified_gmt":"2026-04-05T05:07:29","slug":"cable-electrico-cc-ca-en-50525-pvc-tripolar-32-5-mm%c2%b2-por-metro","status":"publish","type":"product","link":"https:\/\/enertik.com\/ar\/tienda\/otros-productos\/accesorios-y-protecciones\/cable-electrico-cc-ca-en-50525-pvc-tripolar-3x25-mm%C2%B2-por-metro\/","title":{"rendered":"Cable el\u00e9ctrico CC\/CA EN 50525 PVC &#8211; Tripolar 3&#215;2.5 mm\u00b2 (por metro)"},"content":{"rendered":"\t\t<div data-elementor-type=\"product-post\" data-elementor-id=\"44207\" class=\"elementor elementor-44207\" data-elementor-post-type=\"product\">\n\t\t\t\t\t\t<section class=\"wd-negative-gap elementor-section elementor-top-section elementor-element elementor-element-bb141e3 Product_Description elementor-section-boxed elementor-section-height-default elementor-section-height-default\" data-id=\"bb141e3\" data-element_type=\"section\" data-e-type=\"section\">\n\t\t\t\t\t\t<div class=\"elementor-container elementor-column-gap-default\">\n\t\t\t\t\t<div class=\"elementor-column elementor-col-100 elementor-top-column elementor-element elementor-element-7f7f280\" data-id=\"7f7f280\" data-element_type=\"column\" data-e-type=\"column\">\n\t\t\t<div class=\"elementor-widget-wrap elementor-element-populated\">\n\t\t\t\t\t\t<div class=\"elementor-element elementor-element-a39beec Product_Description color-scheme-inherit text-left elementor-widget elementor-widget-text-editor\" data-id=\"a39beec\" data-element_type=\"widget\" data-e-type=\"widget\" data-widget_type=\"text-editor.default\">\n\t\t\t\t\t\t\t\t\t<p style=\"text-align: center;\"><span style=\"text-decoration: underline;\"><strong>ESPECIFICACIONES<\/strong><\/span><\/p>\t\t\t\t\t\t\t\t<\/div>\n\t\t\t\t\t<\/div>\n\t\t<\/div>\n\t\t\t\t\t<\/div>\n\t\t<\/section>\n\t\t\t\t<section class=\"wd-negative-gap elementor-section elementor-top-section elementor-element elementor-element-1d9131e Product_Description elementor-section-boxed elementor-section-height-default elementor-section-height-default\" data-id=\"1d9131e\" data-element_type=\"section\" data-e-type=\"section\">\n\t\t\t\t\t\t<div class=\"elementor-container elementor-column-gap-default\">\n\t\t\t\t\t<div class=\"elementor-column elementor-col-100 elementor-top-column elementor-element elementor-element-6fd1707\" data-id=\"6fd1707\" data-element_type=\"column\" data-e-type=\"column\">\n\t\t\t<div class=\"elementor-widget-wrap elementor-element-populated\">\n\t\t\t\t\t\t<div class=\"elementor-element elementor-element-9e50ffd Product_Description color-scheme-inherit text-left elementor-widget elementor-widget-text-editor\" data-id=\"9e50ffd\" data-element_type=\"widget\" data-e-type=\"widget\" data-widget_type=\"text-editor.default\">\n\t\t\t\t\t\t\t\t\t<p class=\"p1\" style=\"text-align: center;\"><span style=\"text-decoration: underline;\"><strong>H05VV-F Tripolar<br \/><\/strong><\/span>Norma y Certificados : IEC 60227 \/ EN 50525 \/ VDE 0285-525-2-11<br \/>Voltaje nominal : 300\/500 VCA&amp;VCC<br \/>Temperatura de trabajo : -15 \u00b0C a +70 \u00b0C<br \/>Materia conductor : Cobre de clase 5<br \/>Forma : Flexible y multihilado<br \/>Materia de la vaina : PVC<\/p>\t\t\t\t\t\t\t\t<\/div>\n\t\t\t\t\t<\/div>\n\t\t<\/div>\n\t\t\t\t\t<\/div>\n\t\t<\/section>\n\t\t\t\t<section class=\"wd-negative-gap elementor-section elementor-top-section elementor-element elementor-element-a1d4c0d Product_Description elementor-section-boxed elementor-section-height-default elementor-section-height-default\" data-id=\"a1d4c0d\" data-element_type=\"section\" data-e-type=\"section\">\n\t\t\t\t\t\t<div class=\"elementor-container elementor-column-gap-default\">\n\t\t\t\t\t<div class=\"elementor-column elementor-col-100 elementor-top-column elementor-element elementor-element-a7ab86a\" data-id=\"a7ab86a\" data-element_type=\"column\" data-e-type=\"column\">\n\t\t\t<div class=\"elementor-widget-wrap elementor-element-populated\">\n\t\t\t\t\t\t<div class=\"elementor-element elementor-element-2e29ca5 color-scheme-inherit text-left elementor-widget elementor-widget-text-editor\" data-id=\"2e29ca5\" data-element_type=\"widget\" data-e-type=\"widget\" data-widget_type=\"text-editor.default\">\n\t\t\t\t\t\t\t\t\t<h3 class=\"p1\" style=\"text-align: center;\"><strong>\u00bfNo est\u00e1s seguro de qu\u00e9 secci\u00f3n de cable necesitas para tu instalaci\u00f3n?<\/strong><\/h3><p class=\"p1\" style=\"text-align: center;\">Elegir el cable correcto no solo mejora el rendimiento, tambi\u00e9n te ayuda a ahorrar energ\u00eda y aumentar la seguridad de tu instalaci\u00f3n.<br \/>Usa nuestra calculadora de cables online y determina f\u00e1cilmente el tama\u00f1o adecuado en funci\u00f3n de la potencia, el voltaje del sistema y la longitud del cable.<\/p>\t\t\t\t\t\t\t\t<\/div>\n\t\t\t\t\t<\/div>\n\t\t<\/div>\n\t\t\t\t\t<\/div>\n\t\t<\/section>\n\t\t\t\t<section class=\"wd-negative-gap elementor-section elementor-top-section elementor-element elementor-element-a888e21 elementor-section-boxed elementor-section-height-default elementor-section-height-default\" data-id=\"a888e21\" data-element_type=\"section\" data-e-type=\"section\">\n\t\t\t\t\t\t<div class=\"elementor-container elementor-column-gap-default\">\n\t\t\t\t\t<div class=\"elementor-column elementor-col-100 elementor-top-column elementor-element elementor-element-9644ff6\" data-id=\"9644ff6\" data-element_type=\"column\" data-e-type=\"column\">\n\t\t\t<div class=\"elementor-widget-wrap elementor-element-populated\">\n\t\t\t\t\t\t<div class=\"elementor-element elementor-element-8d98676 elementor-widget elementor-widget-html\" data-id=\"8d98676\" data-element_type=\"widget\" data-e-type=\"widget\" data-widget_type=\"html.default\">\n\t\t\t\t\t  <div class=\"enertik-calc\"><!-- wrapper para scope de estilos -->\n    <div class=\"enertik-container\">\n      <div class=\"enertik-card\">\n        <header class=\"enertik-card-header\">\n          <h1>\u26a1 Calculadora de Cables<\/h1>\n          <p>Determine la secci\u00f3n del cable seg\u00fan la ca\u00edda de tensi\u00f3n.<\/p>\n        <\/header>\n\n        <main class=\"enertik-card-body\">\n          <form id=\"calculator-form\" novalidate>\n            <div class=\"form-group\">\n              <label for=\"circuit-type\"><strong>Tipo de Circuito<\/strong><\/label>\n              <select id=\"circuit-type\">\n                <option value=\"dc\">CC (Corriente Continua)<\/option>\n                <option value=\"ac-mono\">AC 1~ (Alterna Monof\u00e1sica)<\/option>\n                <option value=\"ac-tri\">AC 3~ (Alterna Trif\u00e1sica)<\/option>\n              <\/select>\n            <\/div>\n\n            <div class=\"form-row\">\n              <div class=\"form-group\">\n                <label for=\"voltage\"><strong>Voltaje (V)<\/strong><\/label>\n                <input type=\"number\" id=\"voltage\" placeholder=\"12\" required min=\"0\" step=\"0.5\" inputmode=\"decimal\" \/>\n              <\/div>\n              <div class=\"form-group\">\n                <label for=\"current\"><strong>Corriente (A)<\/strong><\/label>\n                <input type=\"number\" id=\"current\" placeholder=\"100\" required min=\"0\" step=\"0.5\" inputmode=\"decimal\" \/>\n              <\/div>\n              <div class=\"form-group\">\n                <label for=\"length\"><strong>Largo (m)<\/strong><\/label>\n                <input type=\"number\" id=\"length\" placeholder=\"2\" required min=\"0\" step=\"0.5\" inputmode=\"decimal\" \/>\n              <\/div>\n            <\/div>\n\n            <button type=\"submit\" class=\"calculate-btn\">Calcular<\/button>\n          <\/form>\n\n          <div class=\"equivalence-link-container\">\n            <a href=\"#\" id=\"open-modal-link\"><strong>Ver tabla de equivalencias AWG \u2194 mm\u00b2<\/strong><\/a>\n          <\/div>\n\n          <div id=\"advisory-box\" class=\"advisory\" role=\"note\" aria-live=\"polite\">\n            <div class=\"advisory-icon\" aria-hidden=\"true\">\u26a0\ufe0f<\/div>\n            <div class=\"advisory-text\">\n              <strong>Aviso:<\/strong> Lo ideal es mantener las ca\u00eddas de tensi\u00f3n en los cables alrededor del 1%. Ca\u00eddas superiores al 3% pueden reducir el rendimiento, provocar disparos de protecci\u00f3n y generar sobrecalentamiento en conductores y conexiones (referencia NEC\/IEC).\n            <\/div>\n          <\/div>\n        <\/main>\n      <\/div>\n\n      <div id=\"results-container\" class=\"results-card hidden\">\n        <div class=\"results-header\">\n          <h2>Opciones de Secci\u00f3n<\/h2>\n          <div class=\"unit-toggle\">\n            <button id=\"unit-mm2\" class=\"active\">mm\u00b2<\/button>\n            <button id=\"unit-awg\">AWG<\/button>\n          <\/div>\n        <\/div>\n\n        <div id=\"results-message\" class=\"results-message hidden\"><\/div>\n        <div id=\"results-list\"><\/div>\n\n        <div class=\"legend\" aria-label=\"Leyenda de colores\">\n          <p><span class=\"dot ok\"><\/span> Recomendado (&lt;3%)<\/p>\n          <p><span class=\"dot warn\"><\/span> No recomendado (3\u20135%)<\/p>\n          <p><span class=\"dot danger\"><\/span> Peligroso (&ge;5%)<\/p>\n        <\/div>\n      <\/div>\n    <\/div>\n\n    <div id=\"equivalence-modal\" class=\"modal-overlay hidden\">\n      <div class=\"modal-content\">\n        <button id=\"close-modal\" class=\"modal-close-btn\" aria-label=\"Cerrar\">&times;<\/button>\n        <h3>Tabla de Equivalencias<\/h3>\n        <p class=\"modal-subtitle\">Calibre AWG y su secci\u00f3n correspondiente en mm\u00b2.<\/p>\n        <div class=\"table-container\">\n          <table>\n            <thead>\n              <tr>\n                <th>AWG<\/th>\n                <th>Secci\u00f3n (mm\u00b2)<\/th>\n              <\/tr>\n            <\/thead>\n            <tbody id=\"equivalence-table-body\"><\/tbody>\n          <\/table>\n        <\/div>\n      <\/div>\n    <\/div>\n  <\/div>\n  \t\t\t\t<\/div>\n\t\t\t\t\t<\/div>\n\t\t<\/div>\n\t\t\t\t\t<\/div>\n\t\t<\/section>\n\t\t\t\t<section class=\"wd-negative-gap elementor-section elementor-top-section elementor-element elementor-element-6f0f88c Product_Description elementor-section-boxed elementor-section-height-default elementor-section-height-default\" data-id=\"6f0f88c\" data-element_type=\"section\" data-e-type=\"section\">\n\t\t\t\t\t\t<div class=\"elementor-container elementor-column-gap-default\">\n\t\t\t\t\t<div class=\"elementor-column elementor-col-100 elementor-top-column elementor-element elementor-element-6cce5e2\" data-id=\"6cce5e2\" data-element_type=\"column\" data-e-type=\"column\">\n\t\t\t<div class=\"elementor-widget-wrap elementor-element-populated\">\n\t\t\t\t\t\t<div class=\"elementor-element elementor-element-72cd0ee color-scheme-inherit text-left elementor-widget elementor-widget-text-editor\" data-id=\"72cd0ee\" data-element_type=\"widget\" data-e-type=\"widget\" data-widget_type=\"text-editor.default\">\n\t\t\t\t\t\t\t\t\t<h3 style=\"text-align: center;\" data-start=\"355\" data-end=\"407\">Escenarios de uso de los cables para CC y CA<\/h3><p data-start=\"409\" data-end=\"803\">Nuestros cables el\u00e9ctricos universales para corriente continua (CC) y corriente alterna (CA) ofrecen la m\u00e1xima flexibilidad para todo tipo de proyectos, desde instalaciones fotovoltaicas hasta aplicaciones el\u00e9ctricas convencionales. Est\u00e1n dise\u00f1ados para garantizar seguridad, durabilidad y un flujo de energ\u00eda confiable, ya sea en baja tensi\u00f3n o en sistemas solares de almacenamiento.<\/p><h5 data-start=\"805\" data-end=\"862\">Usos t\u00edpicos en sistemas fotovoltaicos y el\u00e9ctricos:<\/h5><ul data-start=\"863\" data-end=\"1466\"><li data-start=\"863\" data-end=\"944\"><p data-start=\"865\" data-end=\"944\"><strong data-start=\"865\" data-end=\"910\">Conexi\u00f3n con la salida de CA del inversor<\/strong> hacia la red o cargas internas.<\/p><\/li><li data-start=\"945\" data-end=\"1042\"><p data-start=\"947\" data-end=\"1042\"><strong data-start=\"947\" data-end=\"1002\">Distribuci\u00f3n de circuitos de corriente alterna (CA)<\/strong> en viviendas, comercios e industrias.<\/p><\/li><li data-start=\"1043\" data-end=\"1114\"><p data-start=\"1045\" data-end=\"1114\"><strong data-start=\"1045\" data-end=\"1072\">Conexi\u00f3n entre bater\u00edas<\/strong> en bancos de almacenamiento de energ\u00eda.<\/p><\/li><li data-start=\"1115\" data-end=\"1217\"><p data-start=\"1117\" data-end=\"1217\"><strong data-start=\"1117\" data-end=\"1160\">Interconexi\u00f3n entre bater\u00edas e inversor<\/strong>, asegurando eficiencia y continuidad en el suministro.<\/p><\/li><li data-start=\"1218\" data-end=\"1300\"><p data-start=\"1220\" data-end=\"1300\"><strong data-start=\"1220\" data-end=\"1265\">Conexi\u00f3n entre bater\u00edas y regulador solar<\/strong> en sistemas off-grid e h\u00edbridos.<\/p><\/li><li data-start=\"1301\" data-end=\"1373\"><p data-start=\"1303\" data-end=\"1373\"><strong data-start=\"1303\" data-end=\"1370\">Reparaciones internas en equipos el\u00e9ctricos o electrodom\u00e9sticos<\/strong>.<\/p><\/li><li data-start=\"1374\" data-end=\"1466\"><p data-start=\"1376\" data-end=\"1466\"><strong data-start=\"1376\" data-end=\"1428\">Otros sistemas el\u00e9ctricos con conexiones CC y CA<\/strong>, donde se requiera alta fiabilidad.<\/p><\/li><\/ul><p>\u00a0<\/p><h3 style=\"text-align: center;\" data-start=\"1376\" data-end=\"1466\">Tipo de instalaci\u00f3n permitido<\/h3><p data-start=\"1512\" data-end=\"1795\">Estos cables permiten su instalaci\u00f3n en sistemas fijos de interior y tambi\u00e9n en tubos, canalizaciones o bandejas portacables. Gracias a su dise\u00f1o robusto y flexible, son f\u00e1ciles de manipular y ofrecen un desempe\u00f1o estable a largo plazo en diferentes condiciones de uso.<\/p>\t\t\t\t\t\t\t\t<\/div>\n\t\t\t\t\t<\/div>\n\t\t<\/div>\n\t\t\t\t\t<\/div>\n\t\t<\/section>\n\t\t\t\t<\/div>\n\t\t","protected":false},"excerpt":{"rendered":"<p class=\"p1\">Cable tripolar de cobre flexible, multihilado, con aislamiento en PVC.<\/p>\n<p class=\"p1\">Est\u00e1ndar : IEC 60227 &amp; EN 50525.<\/p>\n<p class=\"p1\">Secci\u00f3n del conductor : 3 x 2,5 mm\u00b2<\/p>\n<p class=\"p1\">Cada conductor est\u00e1 formado por cobre clase 5 (flexible, multihilado), con codificaci\u00f3n de colores est\u00e1ndar:<\/p>\n<ul class=\"ul1\">\n<li class=\"li1\"><b>Marr\u00f3n<\/b>: Fase (L)<\/li>\n<li class=\"li1\"><b>Azul<\/b>: Neutro (N)<\/li>\n<li class=\"li1\"><b>Verde\/Amarillo<\/b>: Tierra (PE)<\/li>\n<\/ul>\n<p class=\"p1\">Gracias a su dise\u00f1o tripolar, permite realizar conexiones completas de CA con un solo cable, simplificando el cableado y mejorando la organizaci\u00f3n y seguridad en la instalaci\u00f3n.<\/p>\n","protected":false},"featured_media":43395,"comment_status":"open","ping_status":"closed","template":"","meta":{"_relevanssi_hide_post":"","_relevanssi_hide_content":"","_relevanssi_pin_for_all":"","_relevanssi_pin_keywords":"","_relevanssi_unpin_keywords":"","_relevanssi_related_keywords":"","_relevanssi_related_include_ids":"","_relevanssi_related_exclude_ids":"","_relevanssi_related_no_append":"","_relevanssi_related_not_related":"","_relevanssi_related_posts":"","_relevanssi_noindex_reason":"","inline_featured_image":false},"product_brand":[],"product_cat":[5067],"product_tag":[],"class_list":{"0":"post-44207","1":"product","2":"type-product","3":"status-publish","4":"has-post-thumbnail","6":"product_cat-cables-electricos","7":"pa_gtin-5134","8":"pa_marca-enertik","10":"first","11":"instock","12":"taxable","13":"shipping-taxable","14":"purchasable","15":"product-type-simple"},"bundled_by":[],"bundle_stock_status":"instock","bundle_stock_quantity":1800,"bundle_virtual":false,"bundle_layout":"","bundle_add_to_cart_form_location":"","bundle_editable_in_cart":false,"bundle_sold_individually_context":"","bundle_item_grouping":"","bundle_min_size":"","bundle_max_size":"","bundle_price":[],"bundled_items":[],"bundle_sell_ids":[],"group_of_quantity":10,"min_quantity":10,"max_quantity":"","exclude_order_quantity_value_rules":"no","exclude_category_quantity_rules":"no","combine_variations":"no","exclude_global_add_ons":[],"addons":[],"_links":{"self":[{"href":"https:\/\/enertik.com\/ar\/wp-json\/wp\/v2\/product\/44207","targetHints":{"allow":["GET"]}}],"collection":[{"href":"https:\/\/enertik.com\/ar\/wp-json\/wp\/v2\/product"}],"about":[{"href":"https:\/\/enertik.com\/ar\/wp-json\/wp\/v2\/types\/product"}],"replies":[{"embeddable":true,"href":"https:\/\/enertik.com\/ar\/wp-json\/wp\/v2\/comments?post=44207"}],"version-history":[{"count":0,"href":"https:\/\/enertik.com\/ar\/wp-json\/wp\/v2\/product\/44207\/revisions"}],"wp:featuredmedia":[{"embeddable":true,"href":"https:\/\/enertik.com\/ar\/wp-json\/wp\/v2\/media\/43395"}],"wp:attachment":[{"href":"https:\/\/enertik.com\/ar\/wp-json\/wp\/v2\/media?parent=44207"}],"wp:term":[{"taxonomy":"product_brand","embeddable":true,"href":"https:\/\/enertik.com\/ar\/wp-json\/wp\/v2\/product_brand?post=44207"},{"taxonomy":"product_cat","embeddable":true,"href":"https:\/\/enertik.com\/ar\/wp-json\/wp\/v2\/product_cat?post=44207"},{"taxonomy":"product_tag","embeddable":true,"href":"https:\/\/enertik.com\/ar\/wp-json\/wp\/v2\/product_tag?post=44207"}],"curies":[{"name":"wp","href":"https:\/\/api.w.org\/{rel}","templated":true}]}}