{"id":36994,"date":"2025-03-11T12:51:54","date_gmt":"2025-03-11T15:51:54","guid":{"rendered":"https:\/\/enertik.com\/ar\/?post_type=product&#038;p=36994"},"modified":"2026-04-05T02:04:27","modified_gmt":"2026-04-05T05:04:27","slug":"funda-de-silicona-para-ruuvitag","status":"publish","type":"product","link":"https:\/\/enertik.com\/ar\/tienda\/inversores\/inversores-cargadores\/accesorios\/funda-de-silicona-para-ruuvitag\/","title":{"rendered":"Funda de Silicona para RuuviTag"},"content":{"rendered":"","protected":false},"excerpt":{"rendered":"<p class=\"p2\">La funda de silicona de multiusos para <em><strong>RuuviTag<\/strong><\/em> est\u00e1 dise\u00f1ada para brindar protecci\u00f3n adicional a los sensores <em><strong>RuuviTag<\/strong><\/em>.<\/p>\n<p class=\"p2\">Fabricada con material de alta calidad, esta funda protege el dispositivo contra impactos y suciedad, prolongando su vida \u00fatil y facilitando su manejo.<\/p>\n<p class=\"p2\">Adem\u00e1s, con esta funda de silicona de multiusos, puedes fijar f\u00e1cilmente el sensor <em><strong>RuuviTag<\/strong><\/em> a cualquier superficie con tornillos, bridas o colg\u00e1ndolo.<\/p>\n","protected":false},"featured_media":36978,"comment_status":"open","ping_status":"closed","template":"","meta":{"_relevanssi_hide_post":"","_relevanssi_hide_content":"","_relevanssi_pin_for_all":"","_relevanssi_pin_keywords":"","_relevanssi_unpin_keywords":"","_relevanssi_related_keywords":"","_relevanssi_related_include_ids":"","_relevanssi_related_exclude_ids":"","_relevanssi_related_no_append":"","_relevanssi_related_not_related":"","_relevanssi_related_posts":"","_relevanssi_noindex_reason":"","inline_featured_image":false},"product_brand":[],"product_cat":[1692,1727],"product_tag":[1958],"class_list":{"0":"post-36994","1":"product","2":"type-product","3":"status-publish","4":"has-post-thumbnail","6":"product_cat-accesorios","7":"product_cat-accesorios-para-inversores-cargadores","8":"product_tag-nuevos","9":"pa_marca-ruuvi","10":"pa_serie-accesorios-monitoreo","11":"pa_serie-accesorios-gx","13":"first","14":"instock","15":"taxable","16":"shipping-taxable","17":"purchasable","18":"product-type-simple"},"bundled_by":[],"bundle_stock_status":"instock","bundle_stock_quantity":15,"bundle_virtual":false,"bundle_layout":"","bundle_add_to_cart_form_location":"","bundle_editable_in_cart":false,"bundle_sold_individually_context":"","bundle_item_grouping":"","bundle_min_size":"","bundle_max_size":"","bundle_price":[],"bundled_items":[],"bundle_sell_ids":[],"group_of_quantity":0,"min_quantity":0,"max_quantity":"","exclude_order_quantity_value_rules":"no","exclude_category_quantity_rules":"no","combine_variations":"no","exclude_global_add_ons":[],"addons":[],"_links":{"self":[{"href":"https:\/\/enertik.com\/ar\/wp-json\/wp\/v2\/product\/36994","targetHints":{"allow":["GET"]}}],"collection":[{"href":"https:\/\/enertik.com\/ar\/wp-json\/wp\/v2\/product"}],"about":[{"href":"https:\/\/enertik.com\/ar\/wp-json\/wp\/v2\/types\/product"}],"replies":[{"embeddable":true,"href":"https:\/\/enertik.com\/ar\/wp-json\/wp\/v2\/comments?post=36994"}],"version-history":[{"count":0,"href":"https:\/\/enertik.com\/ar\/wp-json\/wp\/v2\/product\/36994\/revisions"}],"wp:featuredmedia":[{"embeddable":true,"href":"https:\/\/enertik.com\/ar\/wp-json\/wp\/v2\/media\/36978"}],"wp:attachment":[{"href":"https:\/\/enertik.com\/ar\/wp-json\/wp\/v2\/media?parent=36994"}],"wp:term":[{"taxonomy":"product_brand","embeddable":true,"href":"https:\/\/enertik.com\/ar\/wp-json\/wp\/v2\/product_brand?post=36994"},{"taxonomy":"product_cat","embeddable":true,"href":"https:\/\/enertik.com\/ar\/wp-json\/wp\/v2\/product_cat?post=36994"},{"taxonomy":"product_tag","embeddable":true,"href":"https:\/\/enertik.com\/ar\/wp-json\/wp\/v2\/product_tag?post=36994"}],"curies":[{"name":"wp","href":"https:\/\/api.w.org\/{rel}","templated":true}]}}