{"id":35243,"date":"2025-02-27T03:36:25","date_gmt":"2025-02-27T06:36:25","guid":{"rendered":"https:\/\/enertik.com\/ar\/?post_type=product&#038;p=35243"},"modified":"2026-04-10T18:37:57","modified_gmt":"2026-04-10T21:37:57","slug":"sensor-de-agua-para-bombas-solares-mizu","status":"publish","type":"product","link":"https:\/\/enertik.com\/ar\/tienda\/bombeo-solar\/bombas-solares\/sumergibles\/sensor-de-agua-para-bombas-solares-mizu\/","title":{"rendered":"Sensor de Agua para Bombas Solares Mizu"},"content":{"rendered":"","protected":false},"excerpt":{"rendered":"<p>Sensor de agua para bombas solares Mizu.<\/p>\n<p>Se conecta con el controlador (en las borneras indicadas en el manual de la bomba) para realizar la funci\u00f3n de corte\/encendido autom\u00e1tico seg\u00fan el nivel del agua.<\/p>\n<p>Tipo de sensor: Interruptor (debe estar fijado en la altura donde se pretende indicar como Nivel alto\/Tanque lleno).<\/p>\n<p>Retardo del controlador Mizu: 30 minutos<\/p>\n<p>Cuando el agua inunda el sensor, \u00e9ste env\u00eda una se\u00f1al de corte al controlador de la bomba. El controlador corta la bomba, y espera 30 minutos para volver a revisar si hay se\u00f1al de corte. Si la detecta, no inicia la bomba. Si no la detecta, vuelve a iniciar la bomba.<\/p>\n","protected":false},"featured_media":35244,"comment_status":"open","ping_status":"closed","template":"","meta":{"_relevanssi_hide_post":"","_relevanssi_hide_content":"","_relevanssi_pin_for_all":"","_relevanssi_pin_keywords":"","_relevanssi_unpin_keywords":"","_relevanssi_related_keywords":"","_relevanssi_related_include_ids":"","_relevanssi_related_exclude_ids":"","_relevanssi_related_no_append":"","_relevanssi_related_not_related":"","_relevanssi_related_posts":"","_relevanssi_noindex_reason":"","inline_featured_image":false},"product_brand":[],"product_cat":[1716,1717],"product_tag":[1958],"class_list":{"0":"post-35243","1":"product","2":"type-product","3":"status-publish","4":"has-post-thumbnail","6":"product_cat-bombas-solares","7":"product_cat-sumergibles","8":"product_tag-nuevos","9":"pa_marca-mizu","11":"first","12":"instock","13":"taxable","14":"shipping-taxable","15":"purchasable","16":"product-type-simple"},"bundled_by":[],"bundle_stock_status":"instock","bundle_stock_quantity":26,"bundle_virtual":false,"bundle_layout":"","bundle_add_to_cart_form_location":"","bundle_editable_in_cart":false,"bundle_sold_individually_context":"","bundle_item_grouping":"","bundle_min_size":"","bundle_max_size":"","bundle_price":[],"bundled_items":[],"bundle_sell_ids":[],"group_of_quantity":0,"min_quantity":0,"max_quantity":"","exclude_order_quantity_value_rules":"no","exclude_category_quantity_rules":"no","combine_variations":"no","exclude_global_add_ons":[],"addons":[],"_links":{"self":[{"href":"https:\/\/enertik.com\/ar\/wp-json\/wp\/v2\/product\/35243","targetHints":{"allow":["GET"]}}],"collection":[{"href":"https:\/\/enertik.com\/ar\/wp-json\/wp\/v2\/product"}],"about":[{"href":"https:\/\/enertik.com\/ar\/wp-json\/wp\/v2\/types\/product"}],"replies":[{"embeddable":true,"href":"https:\/\/enertik.com\/ar\/wp-json\/wp\/v2\/comments?post=35243"}],"version-history":[{"count":0,"href":"https:\/\/enertik.com\/ar\/wp-json\/wp\/v2\/product\/35243\/revisions"}],"wp:featuredmedia":[{"embeddable":true,"href":"https:\/\/enertik.com\/ar\/wp-json\/wp\/v2\/media\/35244"}],"wp:attachment":[{"href":"https:\/\/enertik.com\/ar\/wp-json\/wp\/v2\/media?parent=35243"}],"wp:term":[{"taxonomy":"product_brand","embeddable":true,"href":"https:\/\/enertik.com\/ar\/wp-json\/wp\/v2\/product_brand?post=35243"},{"taxonomy":"product_cat","embeddable":true,"href":"https:\/\/enertik.com\/ar\/wp-json\/wp\/v2\/product_cat?post=35243"},{"taxonomy":"product_tag","embeddable":true,"href":"https:\/\/enertik.com\/ar\/wp-json\/wp\/v2\/product_tag?post=35243"}],"curies":[{"name":"wp","href":"https:\/\/api.w.org\/{rel}","templated":true}]}}