{"id":33555,"date":"2025-05-11T13:07:39","date_gmt":"2025-05-11T16:07:39","guid":{"rendered":"https:\/\/enertik.com\/ar\/?post_type=product&#038;p=33555"},"modified":"2026-04-02T05:56:56","modified_gmt":"2026-04-02T08:56:56","slug":"transformador-de-aislamiento-victron-2000w-115-230v","status":"publish","type":"product","link":"https:\/\/enertik.com\/ar\/tienda\/otros-productos\/accesorios-y-protecciones\/transformador-de-aislamiento-victron-2000w-115230v\/","title":{"rendered":"Transformador de aislamiento &#8211; Victron 2000W 115\/230V"},"content":{"rendered":"\t\t<div data-elementor-type=\"product-post\" data-elementor-id=\"33555\" class=\"elementor elementor-33555\" data-elementor-post-type=\"product\">\n\t\t\t\t\t\t<section class=\"wd-negative-gap elementor-section elementor-top-section elementor-element elementor-element-7c9e23a Product_Description elementor-section-boxed elementor-section-height-default elementor-section-height-default\" data-id=\"7c9e23a\" data-element_type=\"section\" data-e-type=\"section\">\n\t\t\t\t\t\t<div class=\"elementor-container elementor-column-gap-default\">\n\t\t\t\t\t<div class=\"elementor-column elementor-col-100 elementor-top-column elementor-element elementor-element-275b167\" data-id=\"275b167\" data-element_type=\"column\" data-e-type=\"column\" data-settings=\"{&quot;background_background&quot;:&quot;classic&quot;}\">\n\t\t\t<div class=\"elementor-widget-wrap elementor-element-populated\">\n\t\t\t\t\t\t<section class=\"wd-negative-gap elementor-section elementor-inner-section elementor-element elementor-element-24e45af elementor-section-boxed elementor-section-height-default elementor-section-height-default\" data-id=\"24e45af\" data-element_type=\"section\" data-e-type=\"section\">\n\t\t\t\t\t\t<div class=\"elementor-container elementor-column-gap-default\">\n\t\t\t\t\t<div class=\"elementor-column elementor-col-100 elementor-inner-column elementor-element elementor-element-bc6a4b7\" data-id=\"bc6a4b7\" data-element_type=\"column\" data-e-type=\"column\">\n\t\t\t<div class=\"elementor-widget-wrap elementor-element-populated\">\n\t\t\t\t\t\t<div class=\"elementor-element elementor-element-93c4aa1 elementor-widget elementor-widget-wd_tabs\" data-id=\"93c4aa1\" data-element_type=\"widget\" data-e-type=\"widget\" data-widget_type=\"wd_tabs.default\">\n\t\t\t\t<div class=\"elementor-widget-container\">\n\t\t\t\t\t\t\t<div class=\"wd-tabs tabs-design-default\">\n\t\t\t<div class=\"wd-tabs-header text-center\">\n\t\t\t\t\n\t\t\t\t\n\t\t\t\t<div class=\"wd-nav-wrapper wd-nav-tabs-wrapper wd-mb-action-swipe\">\n\t\t\t\t\t<ul class=\"wd-nav wd-nav-tabs wd-icon-pos-left wd-style-underline\">\n\t\t\t\t\t\t\t\t\t\t\t\t\t\n\t\t\t\t\t\t\t<li>\n\t\t\t\t\t\t\t\t<a href=\"#\" class=\"wd-nav-link\">\n\t\t\t\t\t\t\t\t\t\n\t\t\t\t\t\t\t\t\t<span class=\"nav-link-text wd-tabs-title\">\n\t\t\t\t\t\t\t\t\t\tDESCRIPCI\u00d3N\t\t\t\t\t\t\t\t\t<\/span>\n\t\t\t\t\t\t\t\t<\/a>\n\t\t\t\t\t\t\t<\/li>\n\n\t\t\t\t\t\t\t\t\t\t\t\t\t\n\t\t\t\t\t\t\t<li>\n\t\t\t\t\t\t\t\t<a href=\"#\" class=\"wd-nav-link\">\n\t\t\t\t\t\t\t\t\t\n\t\t\t\t\t\t\t\t\t<span class=\"nav-link-text wd-tabs-title\">\n\t\t\t\t\t\t\t\t\t\tESPECIFICACIONES\t\t\t\t\t\t\t\t\t<\/span>\n\t\t\t\t\t\t\t\t<\/a>\n\t\t\t\t\t\t\t<\/li>\n\n\t\t\t\t\t\t\t\t\t\t\t<\/ul>\n\t\t\t\t<\/div>\n\t\t\t<\/div>\n\n\t\t\t<div class=\"wd-tabs-content-wrapper\">\n\t\t\t\t\t\t\t\t\t\t\t\t\t\t\n\t\t\t\t\t<div class=\"wd-tab-content wd-entry-content\">\n\t\t\t\t\t\t\t\t\t\t\t\t\t<div >\n\t\t\t\t\t\t\t\t<h2>VENTAJAS<\/h2><ul class=\"ulMiddle\"><li>Vers\u00e1til y confiable\u2028<\/li><li>Entrada 115V o 230V (Selecci\u00f3n manual)<\/li><li>Salida 115V o 230V (Selecci\u00f3n manual)<\/li><li>Previene la corrosi\u00f3n por electr\u00f3lisis en las embarcaciones<\/li><li>Puede aumentar o reducir la tensi\u00f3n de entrada para adecuar la fuente a distintos sistemas<\/li><li>Transmite la electricidad sin ning\u00fan contacto directo con el suministro de toma de puerto<\/li><li>Conexi\u00f3n f\u00e1cil tanto en al lado primario como en el lado secundario<\/li><li>Crea una conexi\u00f3n a tierra para garantizar la seguridad el\u00e9ctrica en las embarcaciones<\/li><li>Mantiene la efectividad de todos los fusibles y los RCDs instalados en el sistema el\u00e9ctrico de las embarcaciones<\/li><\/ul><p>\u00a0<\/p><div class=\"page\" title=\"Page 1\"><div class=\"section\"><div class=\"layoutArea\"><div class=\"column\"><h2>Seguridad y prevencio\u0301n de la electro\u0301lisis<\/h2><p>Aunque probablemente es el elemento ma\u0301s desconocido de la instalacio\u0301n ele\u0301ctrica a bordo de una embarcacio\u0301n, el transformador de aislamiento desempen\u0303a un papel fundamental: la separacio\u0301n ele\u0301ctrica de la red de a bordo en relacio\u0301n con el suministro de toma de puerto.<br \/>Asi\u0301 pues, el transformador de aislamiento es un importante dispositivo de seguridad, que permite adema\u0301s evitar la corrosio\u0301n por electro\u0301lisis.<\/p><\/div><p>La Seguridad es una medida bien conocida en las instalaciones dom\u00e9sticas, donde una toma de tierra garantiza que en caso de problema un fusible o disyuntor diferencial corte inmediatamente el suministro el\u00e9ctrico. Evidentemente, dicho dispositivo de toma de tierra no es viable en una embarcaci\u00f3n, y solamente un transformador de aislamiento permite reconstituir una \"tierra\" de protecci\u00f3n.<\/p><p>La corrosi\u00f3n por electr\u00f3lisis es un fen\u00f3meno que hace gastar mucha tinta y muchos barcos. Est\u00e1 ocasionada por la diferencia natural de potencial entre los metales. Cuando dos de estos metales se encuentran en un l\u00edquido conductor (el agua de mar es uno muy bueno) y una corriente circula en circuito cerrado, el metal menos noble se corromper\u00e1 en beneficio del m\u00e1s noble, cedi\u00e9ndole sus iones.<\/p><p>En la pr\u00e1ctica, el circuito el\u00e9ctrico entre los metales est\u00e1 cerrado a partir del momento en que la embarcaci\u00f3n est\u00e1 conectada a la toma de puerto: una corriente empieza a circular entre el metal de la embarcaci\u00f3n y la masa a puerto y el proceso de corrosi\u00f3n lenta se pone en marcha.<\/p><p>El gran malentendido es que este peligro fatal s\u00f3lo se produce en embarcaciones de acero o de aluminio. En realidad, tan pronto como una parte met\u00e1lica de una embarcaci\u00f3n est\u00e1 en contacto con el agua (como siempre la h\u00e9lice y su \u00e1rbol) el proceso de corrosi\u00f3n por electr\u00f3lisis se pone en marcha al utilizar una conexi\u00f3n el\u00e9ctrica a toma de puerto.<\/p><p>La corrosi\u00f3n por electr\u00f3lisis atacar\u00e1 los \u00e1nodos, las h\u00e9lices, el motor, y en el caso de las embarcaciones met\u00e1licas, el casco y su pintura tan costosa.<br \/>As\u00ed pues, ser\u00eda preferible no conectar la embarcaci\u00f3n a la toma de puerto, pero las normas elementales de seguridad no lo permiten: en caso de fallo, se podr\u00edan producir voltajes muy peligrosos en partes met\u00e1licas y la protecci\u00f3n diferencial resultar\u00eda inoperante.<\/p><p>La mejor soluci\u00f3n para alimentar una embarcaci\u00f3n a partir de la toma de puerto con total seguridad y sin riesgos de corrosi\u00f3n por electr\u00f3lisis la ofrece un transformador de aislamiento.<\/p><p>Este tipo de transformador con bobinados separados transmite la electricidad sin ning\u00fan contacto directo con el suministro de toma de puerto y reconstituye una masa aislada adecuada para la red de a bordo, a la que se conectan todas las masas (partes met\u00e1licas) de la embarcaci\u00f3n. De este modo, el barco queda totalmente protegido y seguro, y los disyuntores diferenciales funcionan con normalidad.<\/p><p>Los complejos problemas de la corrosi\u00f3n por electr\u00f3lisis y sus nefastos efectos se solucionan as\u00ed de manera sencilla y econ\u00f3mica.<\/p><\/div><\/div><\/div>\t\t\t\t\t\t\t<\/div>\n\t\t\t\t\t\t\t\t\t\t\t<\/div>\n\n\t\t\t\t\t\t\t\t\t\t\t\t\t\t\n\t\t\t\t\t<div class=\"wd-tab-content wd-entry-content\">\n\t\t\t\t\t\t\t\t\t\t\t\t\t<div >\n\t\t\t\t\t\t\t\t<table>\n<tbody>\n<tr class=\"tbBorderNone\">\n<td class=\"tbLeft\">Modelo<\/td>\n<td colspan=\"2\">Victron ITR040202041<\/td>\n<\/tr>\n<tr class=\"tbBorderNone\">\n<td class=\"tbTit\" colspan=\"3\">Caracter\u00edsticas el\u00e9ctricas<\/td>\n<\/tr>\n<tr>\n<td class=\"tbLeft\">Voltaje de entrada y salida <\/td>\n<td colspan=\"2\">Entrada : 115V  \/ Salida: 115V<br>\n  Entrada : 230V  \/ Salida: 230V<br>\n  Entrada : 115V  \/ Salida: 230V<br>\n  Entrada : 230V  \/ Salida: 115V<\/td>\n<\/tr>\n<tr>\n  <td class=\"tbLeft\">Corriente nominal de salida<\/td>\n  <td colspan=\"2\">17 A (115 V) \/ 8.5 A (230 V)<\/td>\n\t<\/tr>\n<tr>\n<td class=\"tbLeft\">Frecuencia<\/td>\n<td colspan=\"2\">50 \/ 60 Hz<\/td>\n\t<\/tr>\n\t<tr>\n<td class=\"tbLeft\">Arranque suave<\/td>\n<td colspan=\"2\">S\u00ed<\/td>\n\t<\/tr>\n\t<tr>\n<td class=\"tbLeft\">Tipo de transformador<\/td>\n<td colspan=\"2\">Toroidal (bajo nivel de ruido y ligero)<\/td>\n\t<\/tr>\n\t<tr class=\"tbBorderNone\">\n<td class=\"tbLeft\">Fusible interno<\/td>\n<td colspan=\"2\">S\u00ed<\/td>\n\t<\/tr>\n<tr class=\"tbBorderNone\">\n<td class=\"tbTit\" colspan=\"3\">Caracter\u00edsticas f\u00edsicas<\/td>\n<\/tr>\n<tr>\n<td class=\"tbLeft\">Rango de temperatura de trabajo<\/td>\n<td colspan=\"2\">-20 a 40\u00b0C<\/td>\n<\/tr>\n<tr>\n<td class=\"tbLeft\">Humedad<\/td>\n<td colspan=\"2\">M\u00e1x. 95 % sin condensaci\u00f3n<\/td>\n<\/tr>\n<tr>\n<td class=\"tbLeft\">Carcasa<\/td>\n<td colspan=\"2\">Aluminio (azul RAL 5012)<\/td>\n<\/tr>\n<tr>\n<td class=\"tbLeft\">Grado de protecci\u00f3n<\/td>\n<td colspan=\"2\">IP21<\/td>\n<\/tr>\n<tr>\n<td class=\"tbLeft\">Peso<\/td>\n<td colspan=\"2\">12.7 Kg<\/td>\n<\/tr>\n<tr>\n<td class=\"tbLeft\">Dimensiones (al x an x profundidad)<\/td>\n<td colspan=\"2\">375 x 214 x 110<\/td>\n<\/tr>\n<\/tbody>\n<\/table>\t\t\t\t\t\t\t<\/div>\n\t\t\t\t\t\t\t\t\t\t\t<\/div>\n\n\t\t\t\t\t\t\t<\/div>\n\t\t<\/div>\n\t\t\t\t\t\t<\/div>\n\t\t\t\t<\/div>\n\t\t\t\t\t<\/div>\n\t\t<\/div>\n\t\t\t\t\t<\/div>\n\t\t<\/section>\n\t\t\t\t\t<\/div>\n\t\t<\/div>\n\t\t\t\t\t<\/div>\n\t\t<\/section>\n\t\t\t\t<section class=\"wd-negative-gap elementor-section elementor-top-section elementor-element elementor-element-7357c13 Link_Buttons elementor-section-boxed elementor-section-height-default elementor-section-height-default\" data-id=\"7357c13\" data-element_type=\"section\" data-e-type=\"section\" data-settings=\"{&quot;background_background&quot;:&quot;classic&quot;}\">\n\t\t\t\t\t\t<div class=\"elementor-container elementor-column-gap-custom\">\n\t\t\t\t\t<div class=\"elementor-column elementor-col-50 elementor-top-column elementor-element elementor-element-2693e25\" data-id=\"2693e25\" data-element_type=\"column\" data-e-type=\"column\">\n\t\t\t<div class=\"elementor-widget-wrap elementor-element-populated\">\n\t\t\t\t\t\t<div class=\"elementor-element elementor-element-92526d8 elementor-view-framed elementor-shape-circle elementor-position-block-start elementor-mobile-position-block-start elementor-widget elementor-widget-icon-box\" data-id=\"92526d8\" data-element_type=\"widget\" data-e-type=\"widget\" data-widget_type=\"icon-box.default\">\n\t\t\t\t\t\t\t<div class=\"elementor-icon-box-wrapper\">\n\n\t\t\t\t\t\t<div class=\"elementor-icon-box-icon\">\n\t\t\t\t<a href=\"https:\/\/enertik.com\/wp-content\/uploads\/sites\/3\/documentos\/folletos\/datasheet-isolation-transformers-es.pdf\" target=\"_blank\" class=\"elementor-icon\" tabindex=\"-1\">\n\t\t\t\t<svg aria-hidden=\"true\" class=\"e-font-icon-svg e-fas-book-open\" viewBox=\"0 0 576 512\" xmlns=\"http:\/\/www.w3.org\/2000\/svg\"><path d=\"M542.22 32.05c-54.8 3.11-163.72 14.43-230.96 55.59-4.64 2.84-7.27 7.89-7.27 13.17v363.87c0 11.55 12.63 18.85 23.28 13.49 69.18-34.82 169.23-44.32 218.7-46.92 16.89-.89 30.02-14.43 30.02-30.66V62.75c.01-17.71-15.35-31.74-33.77-30.7zM264.73 87.64C197.5 46.48 88.58 35.17 33.78 32.05 15.36 31.01 0 45.04 0 62.75V400.6c0 16.24 13.13 29.78 30.02 30.66 49.49 2.6 149.59 12.11 218.77 46.95 10.62 5.35 23.21-1.94 23.21-13.46V100.63c0-5.29-2.62-10.14-7.27-12.99z\"><\/path><\/svg>\t\t\t\t<\/a>\n\t\t\t<\/div>\n\t\t\t\n\t\t\t\t\t\t<div class=\"elementor-icon-box-content\">\n\n\t\t\t\t\n\t\t\t\t\t\t\t\t\t<p class=\"elementor-icon-box-description\">\n\t\t\t\t\t\tFOLLETO\t\t\t\t\t<\/p>\n\t\t\t\t\n\t\t\t<\/div>\n\t\t\t\n\t\t<\/div>\n\t\t\t\t\t\t<\/div>\n\t\t\t\t\t<\/div>\n\t\t<\/div>\n\t\t\t\t<div class=\"elementor-column elementor-col-50 elementor-top-column elementor-element elementor-element-8177ca6\" data-id=\"8177ca6\" data-element_type=\"column\" data-e-type=\"column\">\n\t\t\t<div class=\"elementor-widget-wrap elementor-element-populated\">\n\t\t\t\t\t\t<div class=\"elementor-element elementor-element-bd3bb95 elementor-view-framed elementor-shape-circle elementor-position-block-start elementor-mobile-position-block-start elementor-widget elementor-widget-icon-box\" data-id=\"bd3bb95\" data-element_type=\"widget\" data-e-type=\"widget\" data-widget_type=\"icon-box.default\">\n\t\t\t\t\t\t\t<div class=\"elementor-icon-box-wrapper\">\n\n\t\t\t\t\t\t<div class=\"elementor-icon-box-icon\">\n\t\t\t\t<a href=\"https:\/\/enertik.com\/wp-content\/uploads\/sites\/3\/documentos\/manuales\/108939-isolation_transformers-pdf-2000-and-3600w.pdf\" target=\"_blank\" class=\"elementor-icon\" tabindex=\"-1\">\n\t\t\t\t<svg aria-hidden=\"true\" class=\"e-font-icon-svg e-fas-book\" viewBox=\"0 0 448 512\" xmlns=\"http:\/\/www.w3.org\/2000\/svg\"><path d=\"M448 360V24c0-13.3-10.7-24-24-24H96C43 0 0 43 0 96v320c0 53 43 96 96 96h328c13.3 0 24-10.7 24-24v-16c0-7.5-3.5-14.3-8.9-18.7-4.2-15.4-4.2-59.3 0-74.7 5.4-4.3 8.9-11.1 8.9-18.6zM128 134c0-3.3 2.7-6 6-6h212c3.3 0 6 2.7 6 6v20c0 3.3-2.7 6-6 6H134c-3.3 0-6-2.7-6-6v-20zm0 64c0-3.3 2.7-6 6-6h212c3.3 0 6 2.7 6 6v20c0 3.3-2.7 6-6 6H134c-3.3 0-6-2.7-6-6v-20zm253.4 250H96c-17.7 0-32-14.3-32-32 0-17.6 14.4-32 32-32h285.4c-1.9 17.1-1.9 46.9 0 64z\"><\/path><\/svg>\t\t\t\t<\/a>\n\t\t\t<\/div>\n\t\t\t\n\t\t\t\t\t\t<div class=\"elementor-icon-box-content\">\n\n\t\t\t\t\n\t\t\t\t\t\t\t\t\t<p class=\"elementor-icon-box-description\">\n\t\t\t\t\t\tMANUAL\t\t\t\t\t<\/p>\n\t\t\t\t\n\t\t\t<\/div>\n\t\t\t\n\t\t<\/div>\n\t\t\t\t\t\t<\/div>\n\t\t\t\t\t<\/div>\n\t\t<\/div>\n\t\t\t\t\t<\/div>\n\t\t<\/section>\n\t\t\t\t<section class=\"wd-negative-gap elementor-section elementor-top-section elementor-element elementor-element-3886e88 mas_recursos elementor-section-boxed elementor-section-height-default elementor-section-height-default\" data-id=\"3886e88\" data-element_type=\"section\" data-e-type=\"section\">\n\t\t\t\t\t\t<div class=\"elementor-container elementor-column-gap-default\">\n\t\t\t\t\t<div class=\"elementor-column elementor-col-100 elementor-top-column elementor-element elementor-element-a4b92b8\" data-id=\"a4b92b8\" data-element_type=\"column\" data-e-type=\"column\">\n\t\t\t<div class=\"elementor-widget-wrap elementor-element-populated\">\n\t\t\t\t\t\t<div class=\"elementor-element elementor-element-b714ee5 elementor-widget elementor-widget-wd_text_block\" data-id=\"b714ee5\" data-element_type=\"widget\" data-e-type=\"widget\" data-widget_type=\"wd_text_block.default\">\n\t\t\t\t<div class=\"elementor-widget-container\">\n\t\t\t\t\t\t\t<div class=\"wd-text-block reset-last-child text-left\">\n\t\t\t\n\t\t\t<h2>\u00a0M\u00c1S INFORMACI\u00d3N\u00a0<\/h2>\n\t\t\t\t\t<\/div>\n\t\t\t\t\t\t<\/div>\n\t\t\t\t<\/div>\n\t\t\t\t<div class=\"elementor-element elementor-element-a31dad6 elementor-button-success elementor-align-left elementor-mobile-align-left elementor-widget elementor-widget-button\" data-id=\"a31dad6\" data-element_type=\"widget\" data-e-type=\"widget\" data-widget_type=\"button.default\">\n\t\t\t\t\t\t\t\t\t\t<a class=\"elementor-button elementor-button-link elementor-size-xs elementor-animation-grow\" href=\"https:\/\/enertik.com\/wp-content\/uploads\/sites\/2\/documentos\/certificados\/iso9001-certificate-2021-en.pdf\" target=\"_blank\">\n\t\t\t\t\t\t<span class=\"elementor-button-content-wrapper\">\n\t\t\t\t\t\t<span class=\"elementor-button-icon\">\n\t\t\t\t<svg aria-hidden=\"true\" class=\"e-font-icon-svg e-fas-file-alt\" viewBox=\"0 0 384 512\" xmlns=\"http:\/\/www.w3.org\/2000\/svg\"><path d=\"M224 136V0H24C10.7 0 0 10.7 0 24v464c0 13.3 10.7 24 24 24h336c13.3 0 24-10.7 24-24V160H248c-13.2 0-24-10.8-24-24zm64 236c0 6.6-5.4 12-12 12H108c-6.6 0-12-5.4-12-12v-8c0-6.6 5.4-12 12-12h168c6.6 0 12 5.4 12 12v8zm0-64c0 6.6-5.4 12-12 12H108c-6.6 0-12-5.4-12-12v-8c0-6.6 5.4-12 12-12h168c6.6 0 12 5.4 12 12v8zm0-72v8c0 6.6-5.4 12-12 12H108c-6.6 0-12-5.4-12-12v-8c0-6.6 5.4-12 12-12h168c6.6 0 12 5.4 12 12zm96-114.1v6.1H256V0h6.1c6.4 0 12.5 2.5 17 7l97.9 98c4.5 4.5 7 10.6 7 16.9z\"><\/path><\/svg>\t\t\t<\/span>\n\t\t\t\t\t\t\t\t\t<span class=\"elementor-button-text\">Certificado ISO9001<\/span>\n\t\t\t\t\t<\/span>\n\t\t\t\t\t<\/a>\n\t\t\t\t\t\t\t\t<\/div>\n\t\t\t\t<div class=\"elementor-element elementor-element-c43eb2f elementor-button-success elementor-align-left elementor-mobile-align-left elementor-widget elementor-widget-button\" data-id=\"c43eb2f\" data-element_type=\"widget\" data-e-type=\"widget\" data-widget_type=\"button.default\">\n\t\t\t\t\t\t\t\t\t\t<a class=\"elementor-button elementor-button-link elementor-size-xs elementor-animation-grow\" href=\"https:\/\/enertik.com\/wp-content\/uploads\/sites\/3\/documentos\/certificados\/isolationtransformers-ce-2022-07-04.pdf\" target=\"_blank\">\n\t\t\t\t\t\t<span class=\"elementor-button-content-wrapper\">\n\t\t\t\t\t\t<span class=\"elementor-button-icon\">\n\t\t\t\t<svg aria-hidden=\"true\" class=\"e-font-icon-svg e-fas-file-alt\" viewBox=\"0 0 384 512\" xmlns=\"http:\/\/www.w3.org\/2000\/svg\"><path d=\"M224 136V0H24C10.7 0 0 10.7 0 24v464c0 13.3 10.7 24 24 24h336c13.3 0 24-10.7 24-24V160H248c-13.2 0-24-10.8-24-24zm64 236c0 6.6-5.4 12-12 12H108c-6.6 0-12-5.4-12-12v-8c0-6.6 5.4-12 12-12h168c6.6 0 12 5.4 12 12v8zm0-64c0 6.6-5.4 12-12 12H108c-6.6 0-12-5.4-12-12v-8c0-6.6 5.4-12 12-12h168c6.6 0 12 5.4 12 12v8zm0-72v8c0 6.6-5.4 12-12 12H108c-6.6 0-12-5.4-12-12v-8c0-6.6 5.4-12 12-12h168c6.6 0 12 5.4 12 12zm96-114.1v6.1H256V0h6.1c6.4 0 12.5 2.5 17 7l97.9 98c4.5 4.5 7 10.6 7 16.9z\"><\/path><\/svg>\t\t\t<\/span>\n\t\t\t\t\t\t\t\t\t<span class=\"elementor-button-text\">Declaraci\u00f3n de Conformidad CE<\/span>\n\t\t\t\t\t<\/span>\n\t\t\t\t\t<\/a>\n\t\t\t\t\t\t\t\t<\/div>\n\t\t\t\t\t<\/div>\n\t\t<\/div>\n\t\t\t\t\t<\/div>\n\t\t<\/section>\n\t\t\t\t<\/div>\n\t\t","protected":false},"excerpt":{"rendered":"<p>Modelo: 2000W 115\/230V<br \/>\nEl transformador de aislamiento es indispensable en fuentes de alimentaci\u00f3n mar\u00edtimas profesionales. Evita la corrosi\u00f3n electrol\u00edtica y, sobre todo, es un dispositivo que garantiza un sistema el\u00e9ctrico seguro. Los transformadores toroidales garantizan eficacia y funcionamiento silencioso. La funci\u00f3n Softstart (arranque suave) es una funci\u00f3n est\u00e1ndar del transformador que borra las corrientes de llamada al ponerlo bajo tensi\u00f3n y evita cualquier sobrecarga sobre la toma de red. Adem\u00e1s de todas estas ventajas, este transformador tambi\u00e9n cumple la funci\u00f3n tradicional de &#8220;step-up&#8221; y &#8220;step-down&#8221;.<\/p>\n","protected":false},"featured_media":33557,"comment_status":"open","ping_status":"closed","template":"","meta":{"_relevanssi_hide_post":"","_relevanssi_hide_content":"","_relevanssi_pin_for_all":"","_relevanssi_pin_keywords":"","_relevanssi_unpin_keywords":"","_relevanssi_related_keywords":"","_relevanssi_related_include_ids":"","_relevanssi_related_exclude_ids":"","_relevanssi_related_no_append":"","_relevanssi_related_not_related":"","_relevanssi_related_posts":"","_relevanssi_noindex_reason":"","inline_featured_image":false},"product_brand":[],"product_cat":[1692,1727,5147,1723],"product_tag":[],"class_list":{"0":"post-33555","1":"product","2":"type-product","3":"status-publish","4":"has-post-thumbnail","6":"product_cat-accesorios","7":"product_cat-accesorios-para-inversores-cargadores","8":"product_cat-accesorios-materiales-electricos","9":"product_cat-inversores-cargadores","10":"pa_gtin-4615","11":"pa_marca-victron-energy","12":"pa_serie-accesorios","14":"first","15":"instock","16":"taxable","17":"shipping-taxable","18":"purchasable","19":"product-type-simple"},"bundled_by":[],"bundle_stock_status":"instock","bundle_stock_quantity":2,"bundle_virtual":false,"bundle_layout":"","bundle_add_to_cart_form_location":"","bundle_editable_in_cart":false,"bundle_sold_individually_context":"","bundle_item_grouping":"","bundle_min_size":"","bundle_max_size":"","bundle_price":[],"bundled_items":[],"bundle_sell_ids":[],"group_of_quantity":0,"min_quantity":0,"max_quantity":"","exclude_order_quantity_value_rules":"no","exclude_category_quantity_rules":"no","combine_variations":"no","exclude_global_add_ons":[],"addons":[],"_links":{"self":[{"href":"https:\/\/enertik.com\/ar\/wp-json\/wp\/v2\/product\/33555","targetHints":{"allow":["GET"]}}],"collection":[{"href":"https:\/\/enertik.com\/ar\/wp-json\/wp\/v2\/product"}],"about":[{"href":"https:\/\/enertik.com\/ar\/wp-json\/wp\/v2\/types\/product"}],"replies":[{"embeddable":true,"href":"https:\/\/enertik.com\/ar\/wp-json\/wp\/v2\/comments?post=33555"}],"version-history":[{"count":0,"href":"https:\/\/enertik.com\/ar\/wp-json\/wp\/v2\/product\/33555\/revisions"}],"wp:featuredmedia":[{"embeddable":true,"href":"https:\/\/enertik.com\/ar\/wp-json\/wp\/v2\/media\/33557"}],"wp:attachment":[{"href":"https:\/\/enertik.com\/ar\/wp-json\/wp\/v2\/media?parent=33555"}],"wp:term":[{"taxonomy":"product_brand","embeddable":true,"href":"https:\/\/enertik.com\/ar\/wp-json\/wp\/v2\/product_brand?post=33555"},{"taxonomy":"product_cat","embeddable":true,"href":"https:\/\/enertik.com\/ar\/wp-json\/wp\/v2\/product_cat?post=33555"},{"taxonomy":"product_tag","embeddable":true,"href":"https:\/\/enertik.com\/ar\/wp-json\/wp\/v2\/product_tag?post=33555"}],"curies":[{"name":"wp","href":"https:\/\/api.w.org\/{rel}","templated":true}]}}