{"id":33276,"date":"2025-08-14T18:04:20","date_gmt":"2025-08-14T21:04:20","guid":{"rendered":"https:\/\/enertik.com\/ar\/?post_type=product&#038;p=33276"},"modified":"2026-04-02T06:00:24","modified_gmt":"2026-04-02T09:00:24","slug":"regulador-de-carga-para-paneles-solares-mppt-40a-12-24v-epever-xtra4210n-g3","status":"publish","type":"product","link":"https:\/\/enertik.com\/ar\/tienda\/fotovoltaica\/reguladores-solares\/mppt\/regulador-de-carga-para-paneles-solares-mppt-40a-12-24v-epever-xtra4210n-g3\/","title":{"rendered":"Regulador de Carga para Paneles Solares MPPT 40A 12\/24V &#8211; EPEVER XTRA4210N G3"},"content":{"rendered":"\t\t<div data-elementor-type=\"product-post\" data-elementor-id=\"33276\" class=\"elementor elementor-33276\" data-elementor-post-type=\"product\">\n\t\t\t\t\t\t<section class=\"wd-negative-gap elementor-section elementor-top-section elementor-element elementor-element-2e4d075 Product_Description elementor-section-boxed elementor-section-height-default elementor-section-height-default\" data-id=\"2e4d075\" data-element_type=\"section\" data-e-type=\"section\">\n\t\t\t\t\t\t<div class=\"elementor-container elementor-column-gap-default\">\n\t\t\t\t\t<div class=\"elementor-column elementor-col-100 elementor-top-column elementor-element elementor-element-096664b\" data-id=\"096664b\" data-element_type=\"column\" data-e-type=\"column\" data-settings=\"{&quot;background_background&quot;:&quot;classic&quot;}\">\n\t\t\t<div class=\"elementor-widget-wrap elementor-element-populated\">\n\t\t\t\t\t\t<section class=\"wd-negative-gap elementor-section elementor-inner-section elementor-element elementor-element-fae581b elementor-section-boxed elementor-section-height-default elementor-section-height-default\" data-id=\"fae581b\" data-element_type=\"section\" data-e-type=\"section\">\n\t\t\t\t\t\t<div class=\"elementor-container elementor-column-gap-default\">\n\t\t\t\t\t<div class=\"elementor-column elementor-col-100 elementor-inner-column elementor-element elementor-element-f3eef00\" data-id=\"f3eef00\" data-element_type=\"column\" data-e-type=\"column\">\n\t\t\t<div class=\"elementor-widget-wrap elementor-element-populated\">\n\t\t\t\t\t\t<div class=\"elementor-element elementor-element-50d9f6b elementor-widget elementor-widget-wd_tabs\" data-id=\"50d9f6b\" data-element_type=\"widget\" data-e-type=\"widget\" data-widget_type=\"wd_tabs.default\">\n\t\t\t\t<div class=\"elementor-widget-container\">\n\t\t\t\t\t\t\t<div class=\"wd-tabs tabs-design-default\">\n\t\t\t<div class=\"wd-tabs-header text-center\">\n\t\t\t\t\n\t\t\t\t\n\t\t\t\t<div class=\"wd-nav-wrapper wd-nav-tabs-wrapper wd-mb-action-swipe\">\n\t\t\t\t\t<ul class=\"wd-nav wd-nav-tabs wd-icon-pos-left wd-style-underline\">\n\t\t\t\t\t\t\t\t\t\t\t\t\t\n\t\t\t\t\t\t\t<li>\n\t\t\t\t\t\t\t\t<a href=\"#\" class=\"wd-nav-link\">\n\t\t\t\t\t\t\t\t\t\n\t\t\t\t\t\t\t\t\t<span class=\"nav-link-text wd-tabs-title\">\n\t\t\t\t\t\t\t\t\t\tDESCRIPCI\u00d3N\t\t\t\t\t\t\t\t\t<\/span>\n\t\t\t\t\t\t\t\t<\/a>\n\t\t\t\t\t\t\t<\/li>\n\n\t\t\t\t\t\t\t\t\t\t\t\t\t\n\t\t\t\t\t\t\t<li>\n\t\t\t\t\t\t\t\t<a href=\"#\" class=\"wd-nav-link\">\n\t\t\t\t\t\t\t\t\t\n\t\t\t\t\t\t\t\t\t<span class=\"nav-link-text wd-tabs-title\">\n\t\t\t\t\t\t\t\t\t\tESPECIFICACIONES\t\t\t\t\t\t\t\t\t<\/span>\n\t\t\t\t\t\t\t\t<\/a>\n\t\t\t\t\t\t\t<\/li>\n\n\t\t\t\t\t\t\t\t\t\t\t<\/ul>\n\t\t\t\t<\/div>\n\t\t\t<\/div>\n\n\t\t\t<div class=\"wd-tabs-content-wrapper\">\n\t\t\t\t\t\t\t\t\t\t\t\t\t\t\n\t\t\t\t\t<div class=\"wd-tab-content wd-entry-content\">\n\t\t\t\t\t\t\t\t\t\t\t\t\t<div >\n\t\t\t\t\t\t\t\t<h2>VENTAJAS<\/h2><ul><li>Tecnolog\u00eda MPPT, con eficiencia\u00a0garantizada de 99,5%<\/li><li>Permite rastrear el punto de m\u00e1xima potencia de forma r\u00e1pida y precisa<\/li><li>Los algoritmos avanzados permite al controlador operar con potencia de carga m\u00e1xima dentro del rango de temperatura de trabajo<\/li><li>Puede funcionar sin bater\u00eda (conectando la carga a los terminales de salida para bater\u00edas)<\/li><li>Se puede definir y fijar el voltaje de salida de forma constante y estable<\/li><li>Compatible con bater\u00edas de plomo-\u00e1cido y de iones de litio<\/li><li>Puede controlar las cargas conectadas por temporizador<\/li><li>M\u00faltiples modos de trabajo de carga<\/li><li>Dise\u00f1o para montaje en pared<\/li><li>Control preciso para la potencia y la corriente de carga<\/li><li>Gesti\u00f3n de potencia inteligente en funci\u00f3n de la temperatura<\/li><li>Fabricado con componentes electr\u00f3nicos de muy alta calidad<\/li><li>Comunicaci\u00f3n Modbus est\u00e1ndar con interfaz de RS485 aislada<\/li><li>La pantalla LCD integrada muestra estad\u00edsticas y estado de trabajo en tiempo real<\/li><li>Protecci\u00f3n IP33<\/li><\/ul><p>\u00a0<\/p><h2>PRECAUCI\u00d3N<\/h2><ul class=\"ulMiddle\"><li class=\"ulBgColor\">La salida de carga auxiliar puede manejar como m\u00e1ximo 50% de la corriente nominal del equipo. Las cargas de alta potencia como los inversores deben conectarse a los terminales de bater\u00edas.<\/li><\/ul><p>\u00a0<\/p><h2>PROTECCIONES DEL EQUIPO<\/h2><ul><li>Cortocircuito en la entrada PV<\/li><li>Sobrecorriente en la entrada PV<\/li><li>Inversi\u00f3n de polaridad en la entrada PV*<\/li><li>Inversi\u00f3n de polaridad en terminales de bater\u00edas (para bater\u00edas de AGM\/GEL)*<\/li><li>Flujo de corriente reverso<\/li><li>Sobretensi\u00f3n de bater\u00edas<\/li><li>Descarga profunda de bater\u00edas<\/li><li>Sobrecalentamiento de bater\u00edas y del mismo regulador<\/li><li>Temperatura baja (para bater\u00edas de litio)<\/li><li>Cortocircuito en la carga<\/li><li>Sobrecarga<\/li><\/ul><p>\u00a0 \u00a0*Consulte el manual para obtener informaci\u00f3n m\u00e1s completa<\/p>\t\t\t\t\t\t\t<\/div>\n\t\t\t\t\t\t\t\t\t\t\t<\/div>\n\n\t\t\t\t\t\t\t\t\t\t\t\t\t\t\n\t\t\t\t\t<div class=\"wd-tab-content wd-entry-content\">\n\t\t\t\t\t\t\t\t\t\t\t\t\t<div >\n\t\t\t\t\t\t\t\t<table><tbody><tr class=\"tbBorderNone\"><td class=\"tbLeft\">Modelo<\/td><td>XTRA4210N G3<\/td><\/tr><tr><td class=\"tbTit\" colspan=\"3\">Especificaciones t\u00e9cnicas<\/td><\/tr><tr><td class=\"tbLeft\">Bater\u00edas compatibles (presets)<\/td><td>Bater\u00edas comunes : AGM \/ GEL \/ L\u00edquida<br \/>Bater\u00edas de litio : LiFePO4 \/ Li(NiCoMn)O2<br \/>Otras: Par\u00e1metros definidos por el usuario\u00a0<\/td><\/tr><tr><td class=\"tbLeft\">Tensi\u00f3n de sistema<\/td><td>12V \/ 24V; reconocimiento autom\u00e1tico<\/td><\/tr><tr class=\"tbBorderNone\"><td class=\"tbLeft\">Consumo propio<\/td><td>\u226430mA(12V)<br \/>\u226416mA(24V)<\/td><\/tr><tr><td class=\"tbTit\" colspan=\"3\">Datos de entrada CC<\/td><\/tr><tr><td class=\"tbLeft\">Potencia m\u00e1xima de panel<\/td><td>520W (12V) | 1040W (24V)<\/td><\/tr><tr><td class=\"tbLeft\">Tensi\u00f3n m\u00e1xima en terminal del panel<\/td><td>100V(-25\u00b0C), 92V(25\u00b0C)<\/td><\/tr><tr><td class=\"tbLeft\">Voltaje MPPT<\/td><td>(Voltaje de bater\u00eda + 2.0V\uff09~ 72V<\/td><\/tr><tr class=\"tbBorderNone\"><td class=\"tbLeft\">Corriente de entrada m\u00e1xima desde paneles<\/td><td>40A<\/td><\/tr><tr><td class=\"tbTit\" colspan=\"3\">Datos de salida CC<\/td><\/tr><tr><td class=\"tbLeft\">Corriente de salida<\/td><td>40A<\/td><\/tr><tr><td class=\"tbLeft\">Tensi\u00f3n de absorci\u00f3n<\/td><td>AGM: 14.4V \/ 28.8V<br \/>GEL: 14.2V \/ 28.4V<br \/>L\u00edquida: 14.6V \/ 29.2V<br \/>Usuario: 9 ~ 15.5V<\/td><\/tr><tr><td class=\"tbLeft\">Tensi\u00f3n de ecualizaci\u00f3n<\/td><td>AGM: 14.6V \/ 29.2V<br \/>L\u00edquida: 14.8V \/ 29.6V<br \/>Usuario: 9 ~ 15.5V<\/td><\/tr><tr><td class=\"tbLeft\">Tensi\u00f3n de flote<\/td><td>Por defecto: 13.8V \/ 27.6V<br \/>Usuario: 9 ~ 15.5V<\/td><\/tr><tr><td class=\"tbLeft\">Desconexi\u00f3n por bajo voltaje<\/td><td>Por defecto: 11.1V \/ 22.2V<br \/>Usuario: 9 ~ 15.5V<\/td><\/tr><tr><td class=\"tbLeft\">Tensi\u00f3n de reconexi\u00f3n (LRV)<\/td><td>Por defecto: 12.6V \/ 25.2V<br \/>Usuario: 9 ~ 15.5V<\/td><\/tr><tr><td class=\"tbLeft\">Compensaci\u00f3n de temperatura<\/td><td>-3mV\/\u00b0C\/2V (Por defecto)<\/td><\/tr><tr class=\"tbBorderNone\"><td class=\"tbLeft\">Rango de voltaje de bater\u00eda\u00a0<\/td><td>8~32V<\/td><\/tr><tr><td class=\"tbTit\" colspan=\"3\">Datos de salida de carga<\/td><\/tr><tr class=\"tbBorderNone\"><td class=\"tbLeft\">Modos<\/td><td>Siempre encendido, nocturno, vespertino, manual<\/td><\/tr><tr><td class=\"tbTit\" colspan=\"3\">Datos generales<\/td><\/tr><tr><td class=\"tbLeft\">Eficiencia MPPT<\/td><td>\u226599.5%<\/td><\/tr><tr><td class=\"tbLeft\">Conversi\u00f3n de carga m\u00e1xima<\/td><td>98.60%<\/td><\/tr><tr><td class=\"tbLeft\">Puerto de comunicaci\u00f3n<\/td><td>RJ45 (RS485) 5VCC-200mA<\/td><\/tr><tr><td class=\"tbLeft\">Tipo de conexi\u00f3n<\/td><td>Negativo com\u00fan<\/td><\/tr><tr><td class=\"tbLeft\">Grado de protecci\u00f3n<\/td><td>IP33<\/td><\/tr><tr><td class=\"tbLeft\">Temperatura ambiente<\/td><td>-20\u00b0C ~ +55\u00b0C<\/td><\/tr><tr><td class=\"tbLeft\">Humedad<\/td><td>0 ~ 95% RH Sin condensaci\u00f3n<\/td><\/tr><tr class=\"tbBorderNone\"><td class=\"tbLeft\">Secci\u00f3n de cable recomendada para conectar el regulador con PV, bater\u00eda y terminales de carga auxiliar<\/td><td>6AWG (16mm\u00b2)<\/td><\/tr><tr><td class=\"tbTit\" colspan=\"3\">Especificaciones f\u00edsicas<\/td><\/tr><tr><td class=\"tbLeft\">Dimensiones (mm)<\/td><td>255 \u00d7 185\u00a0 \u00d7 67.8<\/td><\/tr><tr><td class=\"tbLeft\">Peso neto (kg)<\/td><td>1.72<\/td><\/tr><\/tbody><\/table>\t\t\t\t\t\t\t<\/div>\n\t\t\t\t\t\t\t\t\t\t\t<\/div>\n\n\t\t\t\t\t\t\t<\/div>\n\t\t<\/div>\n\t\t\t\t\t\t<\/div>\n\t\t\t\t<\/div>\n\t\t\t\t\t<\/div>\n\t\t<\/div>\n\t\t\t\t\t<\/div>\n\t\t<\/section>\n\t\t\t\t\t<\/div>\n\t\t<\/div>\n\t\t\t\t\t<\/div>\n\t\t<\/section>\n\t\t\t\t<section class=\"wd-negative-gap elementor-section elementor-top-section elementor-element elementor-element-0249267 Link_Buttons elementor-section-boxed elementor-section-height-default elementor-section-height-default\" data-id=\"0249267\" data-element_type=\"section\" data-e-type=\"section\" data-settings=\"{&quot;background_background&quot;:&quot;classic&quot;}\">\n\t\t\t\t\t\t<div class=\"elementor-container elementor-column-gap-custom\">\n\t\t\t\t\t<div class=\"elementor-column elementor-col-50 elementor-top-column elementor-element elementor-element-9ac4a9e\" data-id=\"9ac4a9e\" data-element_type=\"column\" data-e-type=\"column\">\n\t\t\t<div class=\"elementor-widget-wrap elementor-element-populated\">\n\t\t\t\t\t\t<div class=\"elementor-element elementor-element-762b1dd elementor-view-framed elementor-shape-circle elementor-position-block-start elementor-mobile-position-block-start elementor-widget elementor-widget-icon-box\" data-id=\"762b1dd\" data-element_type=\"widget\" data-e-type=\"widget\" data-widget_type=\"icon-box.default\">\n\t\t\t\t\t\t\t<div class=\"elementor-icon-box-wrapper\">\n\n\t\t\t\t\t\t<div class=\"elementor-icon-box-icon\">\n\t\t\t\t<a href=\"https:\/\/enertik.com\/wp-content\/uploads\/sites\/3\/documentos\/folletos\/epever-datasheet-xtra-n-g3-series.pdf\" target=\"_blank\" class=\"elementor-icon\" tabindex=\"-1\">\n\t\t\t\t<svg aria-hidden=\"true\" class=\"e-font-icon-svg e-fas-book-open\" viewBox=\"0 0 576 512\" xmlns=\"http:\/\/www.w3.org\/2000\/svg\"><path d=\"M542.22 32.05c-54.8 3.11-163.72 14.43-230.96 55.59-4.64 2.84-7.27 7.89-7.27 13.17v363.87c0 11.55 12.63 18.85 23.28 13.49 69.18-34.82 169.23-44.32 218.7-46.92 16.89-.89 30.02-14.43 30.02-30.66V62.75c.01-17.71-15.35-31.74-33.77-30.7zM264.73 87.64C197.5 46.48 88.58 35.17 33.78 32.05 15.36 31.01 0 45.04 0 62.75V400.6c0 16.24 13.13 29.78 30.02 30.66 49.49 2.6 149.59 12.11 218.77 46.95 10.62 5.35 23.21-1.94 23.21-13.46V100.63c0-5.29-2.62-10.14-7.27-12.99z\"><\/path><\/svg>\t\t\t\t<\/a>\n\t\t\t<\/div>\n\t\t\t\n\t\t\t\t\t\t<div class=\"elementor-icon-box-content\">\n\n\t\t\t\t\n\t\t\t\t\t\t\t\t\t<p class=\"elementor-icon-box-description\">\n\t\t\t\t\t\tFOLLETO\t\t\t\t\t<\/p>\n\t\t\t\t\n\t\t\t<\/div>\n\t\t\t\n\t\t<\/div>\n\t\t\t\t\t\t<\/div>\n\t\t\t\t\t<\/div>\n\t\t<\/div>\n\t\t\t\t<div class=\"elementor-column elementor-col-50 elementor-top-column elementor-element elementor-element-5a35d96\" data-id=\"5a35d96\" data-element_type=\"column\" data-e-type=\"column\">\n\t\t\t<div class=\"elementor-widget-wrap elementor-element-populated\">\n\t\t\t\t\t\t<div class=\"elementor-element elementor-element-434486d elementor-view-framed elementor-shape-circle elementor-position-block-start elementor-mobile-position-block-start elementor-widget elementor-widget-icon-box\" data-id=\"434486d\" data-element_type=\"widget\" data-e-type=\"widget\" data-widget_type=\"icon-box.default\">\n\t\t\t\t\t\t\t<div class=\"elementor-icon-box-wrapper\">\n\n\t\t\t\t\t\t<div class=\"elementor-icon-box-icon\">\n\t\t\t\t<a href=\"https:\/\/enertik.com\/wp-content\/uploads\/sites\/3\/documentos\/manuales\/xtra-n-g3-ble-manual-en-v1.1-1.pdf\" target=\"_blank\" class=\"elementor-icon\" tabindex=\"-1\">\n\t\t\t\t<svg aria-hidden=\"true\" class=\"e-font-icon-svg e-fas-book\" viewBox=\"0 0 448 512\" xmlns=\"http:\/\/www.w3.org\/2000\/svg\"><path d=\"M448 360V24c0-13.3-10.7-24-24-24H96C43 0 0 43 0 96v320c0 53 43 96 96 96h328c13.3 0 24-10.7 24-24v-16c0-7.5-3.5-14.3-8.9-18.7-4.2-15.4-4.2-59.3 0-74.7 5.4-4.3 8.9-11.1 8.9-18.6zM128 134c0-3.3 2.7-6 6-6h212c3.3 0 6 2.7 6 6v20c0 3.3-2.7 6-6 6H134c-3.3 0-6-2.7-6-6v-20zm0 64c0-3.3 2.7-6 6-6h212c3.3 0 6 2.7 6 6v20c0 3.3-2.7 6-6 6H134c-3.3 0-6-2.7-6-6v-20zm253.4 250H96c-17.7 0-32-14.3-32-32 0-17.6 14.4-32 32-32h285.4c-1.9 17.1-1.9 46.9 0 64z\"><\/path><\/svg>\t\t\t\t<\/a>\n\t\t\t<\/div>\n\t\t\t\n\t\t\t\t\t\t<div class=\"elementor-icon-box-content\">\n\n\t\t\t\t\n\t\t\t\t\t\t\t\t\t<p class=\"elementor-icon-box-description\">\n\t\t\t\t\t\tMANUAL\t\t\t\t\t<\/p>\n\t\t\t\t\n\t\t\t<\/div>\n\t\t\t\n\t\t<\/div>\n\t\t\t\t\t\t<\/div>\n\t\t\t\t\t<\/div>\n\t\t<\/div>\n\t\t\t\t\t<\/div>\n\t\t<\/section>\n\t\t\t\t<\/div>\n\t\t","protected":false},"excerpt":{"rendered":"<p class=\"p1\">Los controladores de la serie XTRA-N G3 es un controlador de carga solar de vanguardia.<\/p>\n<p class=\"p1\">Comparado con la generaci\u00f3n anterior, los algoritmos MPPT han mejorado para un seguimiento m\u00e1s eficiente de la energ\u00eda, y la topolog\u00eda electr\u00f3nica se ha redise\u00f1ado para dar unas caracter\u00edsticas invencibles como la regulaci\u00f3n de voltaje independiente, voltaje de salida estable (esta funci\u00f3n permite conectar las cargas directamente al controlador, sin bater\u00edas) y las protecciones electr\u00f3nicas integrales.<\/p>\n<p class=\"p1\">Este controlador de carga solar brinda una soluci\u00f3n confiable y duradera para una variedad de aplicaciones solares, desde veh\u00edculos recreativos a los sistemas dom\u00e9sticos.<\/p>\n<p>Corriente de salida: 40A.<br \/>\nPotencia de entrada: 520W\/12V, 1040W\/24V.<br \/>\nReconocimiento de voltaje autom\u00e1tico. Incluye una salida auxiliar. Permite montaje en pared.<\/p>\n","protected":false},"featured_media":16930,"comment_status":"open","ping_status":"closed","template":"","meta":{"_relevanssi_hide_post":"","_relevanssi_hide_content":"","_relevanssi_pin_for_all":"","_relevanssi_pin_keywords":"","_relevanssi_unpin_keywords":"","_relevanssi_related_keywords":"","_relevanssi_related_include_ids":"","_relevanssi_related_exclude_ids":"","_relevanssi_related_no_append":"","_relevanssi_related_not_related":"","_relevanssi_related_posts":"","_relevanssi_noindex_reason":"","inline_featured_image":false},"product_brand":[],"product_cat":[1699,1697],"product_tag":[],"class_list":{"0":"post-33276","1":"product","2":"type-product","3":"status-publish","4":"has-post-thumbnail","6":"product_cat-mppt","7":"product_cat-reguladores-solares","8":"pa_corriente-40a","9":"pa_marca-epever","10":"pa_mpn-xtra4210n-g3","11":"pa_serie-serie-xtra-g3","12":"pa_voltaje-12v","13":"pa_voltaje-24v","15":"first","16":"outofstock","17":"taxable","18":"shipping-taxable","19":"purchasable","20":"product-type-simple"},"bundled_by":[],"bundle_stock_status":"outofstock","bundle_stock_quantity":0,"bundle_virtual":false,"bundle_layout":"","bundle_add_to_cart_form_location":"","bundle_editable_in_cart":false,"bundle_sold_individually_context":"","bundle_item_grouping":"","bundle_min_size":"","bundle_max_size":"","bundle_price":[],"bundled_items":[],"bundle_sell_ids":[],"group_of_quantity":0,"min_quantity":0,"max_quantity":"","exclude_order_quantity_value_rules":"no","exclude_category_quantity_rules":"no","combine_variations":"no","exclude_global_add_ons":[],"addons":[],"_links":{"self":[{"href":"https:\/\/enertik.com\/ar\/wp-json\/wp\/v2\/product\/33276","targetHints":{"allow":["GET"]}}],"collection":[{"href":"https:\/\/enertik.com\/ar\/wp-json\/wp\/v2\/product"}],"about":[{"href":"https:\/\/enertik.com\/ar\/wp-json\/wp\/v2\/types\/product"}],"replies":[{"embeddable":true,"href":"https:\/\/enertik.com\/ar\/wp-json\/wp\/v2\/comments?post=33276"}],"version-history":[{"count":0,"href":"https:\/\/enertik.com\/ar\/wp-json\/wp\/v2\/product\/33276\/revisions"}],"wp:featuredmedia":[{"embeddable":true,"href":"https:\/\/enertik.com\/ar\/wp-json\/wp\/v2\/media\/16930"}],"wp:attachment":[{"href":"https:\/\/enertik.com\/ar\/wp-json\/wp\/v2\/media?parent=33276"}],"wp:term":[{"taxonomy":"product_brand","embeddable":true,"href":"https:\/\/enertik.com\/ar\/wp-json\/wp\/v2\/product_brand?post=33276"},{"taxonomy":"product_cat","embeddable":true,"href":"https:\/\/enertik.com\/ar\/wp-json\/wp\/v2\/product_cat?post=33276"},{"taxonomy":"product_tag","embeddable":true,"href":"https:\/\/enertik.com\/ar\/wp-json\/wp\/v2\/product_tag?post=33276"}],"curies":[{"name":"wp","href":"https:\/\/api.w.org\/{rel}","templated":true}]}}