{"id":31791,"date":"2024-09-10T05:59:27","date_gmt":"2024-09-10T08:59:27","guid":{"rendered":"https:\/\/enertik.com\/ar\/?post_type=product&#038;p=31791"},"modified":"2026-04-10T18:35:30","modified_gmt":"2026-04-10T21:35:30","slug":"antena-gps-para-modem-de-victron-gx-lte-4g-active-gps-antenna","status":"publish","type":"product","link":"https:\/\/enertik.com\/ar\/tienda\/inversores\/inversores-cargadores\/accesorios\/antena-gps-para-modem-de-victron-gx-lte-4g-active-gps-antenna\/","title":{"rendered":"Antena GPS para M\u00f3dem de Victron GX LTE 4G &#8211; Active GPS Antenna"},"content":{"rendered":"\t\t<div data-elementor-type=\"product-post\" data-elementor-id=\"31791\" class=\"elementor elementor-31791\" data-elementor-post-type=\"product\">\n\t\t\t\t\t\t<section class=\"wd-negative-gap elementor-section elementor-top-section elementor-element elementor-element-13db257 Product_Description elementor-section-boxed elementor-section-height-default elementor-section-height-default\" data-id=\"13db257\" data-element_type=\"section\" data-e-type=\"section\">\n\t\t\t\t\t\t<div class=\"elementor-container elementor-column-gap-default\">\n\t\t\t\t\t<div class=\"elementor-column elementor-col-100 elementor-top-column elementor-element elementor-element-3a4fc46\" data-id=\"3a4fc46\" data-element_type=\"column\" data-e-type=\"column\">\n\t\t\t<div class=\"elementor-widget-wrap elementor-element-populated\">\n\t\t\t\t\t\t<div class=\"elementor-element elementor-element-7d3b3ca elementor-widget elementor-widget-wd_text_block\" data-id=\"7d3b3ca\" data-element_type=\"widget\" data-e-type=\"widget\" data-widget_type=\"wd_text_block.default\">\n\t\t\t\t<div class=\"elementor-widget-container\">\n\t\t\t\t\t\t\t<div class=\"wd-text-block reset-last-child text-left\">\n\t\t\t\n\t\t\t<h2>Experimente la potencia de VRM (Monitoreo por Internet)<\/h2><p>Vea el seguimiento remoto en acci\u00f3n, experimente con VRM en miles de instalaciones reales en todo el mundo o inicie sesi\u00f3n para empezar.<\/p>\n\t\t\t\t\t<\/div>\n\t\t\t\t\t\t<\/div>\n\t\t\t\t<\/div>\n\t\t\t\t\t<\/div>\n\t\t<\/div>\n\t\t\t\t\t<\/div>\n\t\t<\/section>\n\t\t\t\t<section class=\"wd-negative-gap elementor-section elementor-top-section elementor-element elementor-element-24ee8d3 elementor-section-boxed elementor-section-height-default elementor-section-height-default\" data-id=\"24ee8d3\" data-element_type=\"section\" data-e-type=\"section\">\n\t\t\t\t\t\t<div class=\"elementor-container elementor-column-gap-default\">\n\t\t\t\t\t<div class=\"elementor-column elementor-col-50 elementor-top-column elementor-element elementor-element-aff1b29\" data-id=\"aff1b29\" data-element_type=\"column\" data-e-type=\"column\">\n\t\t\t<div class=\"elementor-widget-wrap elementor-element-populated\">\n\t\t\t\t\t\t<div class=\"elementor-element elementor-element-ec86aec elementor-align-center elementor-widget elementor-widget-button\" data-id=\"ec86aec\" data-element_type=\"widget\" data-e-type=\"widget\" data-widget_type=\"button.default\">\n\t\t\t\t\t\t\t\t\t\t<a class=\"elementor-button elementor-button-link elementor-size-md\" href=\"https:\/\/enertik.com\/ar\/vrm-victron-energy\" target=\"_blank\">\n\t\t\t\t\t\t<span class=\"elementor-button-content-wrapper\">\n\t\t\t\t\t\t\t\t\t<span class=\"elementor-button-text\">Ver VRM en acci\u00f3n<\/span>\n\t\t\t\t\t<\/span>\n\t\t\t\t\t<\/a>\n\t\t\t\t\t\t\t\t<\/div>\n\t\t\t\t\t<\/div>\n\t\t<\/div>\n\t\t\t\t<div class=\"elementor-column elementor-col-50 elementor-top-column elementor-element elementor-element-78fc647\" data-id=\"78fc647\" data-element_type=\"column\" data-e-type=\"column\">\n\t\t\t<div class=\"elementor-widget-wrap elementor-element-populated\">\n\t\t\t\t\t\t<div class=\"elementor-element elementor-element-4711a7a elementor-align-center elementor-widget elementor-widget-button\" data-id=\"4711a7a\" data-element_type=\"widget\" data-e-type=\"widget\" data-widget_type=\"button.default\">\n\t\t\t\t\t\t\t\t\t\t<a class=\"elementor-button elementor-button-link elementor-size-md\" href=\"https:\/\/vrm.victronenergy.com\/world\/\" target=\"_blank\" rel=\"noopener\">\n\t\t\t\t\t\t<span class=\"elementor-button-content-wrapper\">\n\t\t\t\t\t\t\t\t\t<span class=\"elementor-button-text\">Explorar el mundo VRM<\/span>\n\t\t\t\t\t<\/span>\n\t\t\t\t\t<\/a>\n\t\t\t\t\t\t\t\t<\/div>\n\t\t\t\t\t<\/div>\n\t\t<\/div>\n\t\t\t\t\t<\/div>\n\t\t<\/section>\n\t\t\t\t<section class=\"wd-negative-gap elementor-section elementor-top-section elementor-element elementor-element-37df117 Product_Description elementor-section-boxed elementor-section-height-default elementor-section-height-default\" data-id=\"37df117\" data-element_type=\"section\" data-e-type=\"section\">\n\t\t\t\t\t\t<div class=\"elementor-container elementor-column-gap-default\">\n\t\t\t\t\t<div class=\"elementor-column elementor-col-100 elementor-top-column elementor-element elementor-element-8e0e38e\" data-id=\"8e0e38e\" data-element_type=\"column\" data-e-type=\"column\">\n\t\t\t<div class=\"elementor-widget-wrap elementor-element-populated\">\n\t\t\t\t\t\t<div class=\"elementor-element elementor-element-35a8831 elementor-widget elementor-widget-wd_text_block\" data-id=\"35a8831\" data-element_type=\"widget\" data-e-type=\"widget\" data-widget_type=\"wd_text_block.default\">\n\t\t\t\t<div class=\"elementor-widget-container\">\n\t\t\t\t\t\t\t<div class=\"wd-text-block reset-last-child text-left\">\n\t\t\t\n\t\t\t<h2>Descargar la aplicaci\u00f3n VRM para m\u00f3vil (Monitoreo por Internet)<\/h2>\n\t\t\t\t\t<\/div>\n\t\t\t\t\t\t<\/div>\n\t\t\t\t<\/div>\n\t\t\t\t\t<\/div>\n\t\t<\/div>\n\t\t\t\t\t<\/div>\n\t\t<\/section>\n\t\t\t\t<section class=\"wd-negative-gap elementor-section elementor-top-section elementor-element elementor-element-513ad77 Product_Description elementor-section-boxed elementor-section-height-default elementor-section-height-default\" data-id=\"513ad77\" data-element_type=\"section\" data-e-type=\"section\">\n\t\t\t\t\t\t<div class=\"elementor-container elementor-column-gap-default\">\n\t\t\t\t\t<div class=\"elementor-column elementor-col-50 elementor-top-column elementor-element elementor-element-6f2311c\" data-id=\"6f2311c\" data-element_type=\"column\" data-e-type=\"column\">\n\t\t\t<div class=\"elementor-widget-wrap elementor-element-populated\">\n\t\t\t\t\t\t<div class=\"elementor-element elementor-element-ecdc33a elementor-widget elementor-widget-image\" data-id=\"ecdc33a\" data-element_type=\"widget\" data-e-type=\"widget\" data-widget_type=\"image.default\">\n\t\t\t\t\t\t\t\t\t\t\t\t\t\t\t\t<a href=\"https:\/\/play.google.com\/store\/apps\/details?id=nl.victronenergy\" target=\"_blank\" rel=\"noopener\">\n\t\t\t\t\t\t\t<img decoding=\"async\" class=\" wd-lazy-fade\" src=\"https:\/\/enertik.com\/ar\/wp-content\/themes\/woodmart\/images\/lazy.svg\" data-src=\"https:\/\/enertik.com\/ar\/wp-content\/uploads\/sites\/2\/elementor\/thumbs\/google-play@2x-1-qj5y77m0hi6oau8n7rh025y5tue5c7ykq12uzkor9c.webp\" title=\"google-play@2x-1\" alt=\"google play@2x\" loading=\"lazy\" \/>\t\t\t\t\t\t\t\t<\/a>\n\t\t\t\t\t\t\t\t\t\t\t\t\t\t\t<\/div>\n\t\t\t\t\t<\/div>\n\t\t<\/div>\n\t\t\t\t<div class=\"elementor-column elementor-col-50 elementor-top-column elementor-element elementor-element-a6d6a68\" data-id=\"a6d6a68\" data-element_type=\"column\" data-e-type=\"column\">\n\t\t\t<div class=\"elementor-widget-wrap elementor-element-populated\">\n\t\t\t\t\t\t<div class=\"elementor-element elementor-element-973e4a9 elementor-widget elementor-widget-image\" data-id=\"973e4a9\" data-element_type=\"widget\" data-e-type=\"widget\" data-widget_type=\"image.default\">\n\t\t\t\t\t\t\t\t\t\t\t\t\t\t\t\t<a href=\"https:\/\/apps.apple.com\/us\/app\/vrm\/id658834560\" target=\"_blank\" rel=\"noopener\">\n\t\t\t\t\t\t\t<img decoding=\"async\" class=\" wd-lazy-fade\" src=\"https:\/\/enertik.com\/ar\/wp-content\/themes\/woodmart\/images\/lazy.svg\" data-src=\"https:\/\/enertik.com\/ar\/wp-content\/uploads\/sites\/2\/elementor\/thumbs\/ios-appstore@2x-1-qj5y7zt66j99z53on3nt4ytznej5r52itwnfdviy2o.webp\" title=\"ios-appstore@2x-1\" alt=\"ios appstore@2x\" loading=\"lazy\" \/>\t\t\t\t\t\t\t\t<\/a>\n\t\t\t\t\t\t\t\t\t\t\t\t\t\t\t<\/div>\n\t\t\t\t\t<\/div>\n\t\t<\/div>\n\t\t\t\t\t<\/div>\n\t\t<\/section>\n\t\t\t\t<section class=\"wd-negative-gap elementor-section elementor-top-section elementor-element elementor-element-2a02b1f Product_Description elementor-section-boxed elementor-section-height-default elementor-section-height-default\" data-id=\"2a02b1f\" data-element_type=\"section\" data-e-type=\"section\">\n\t\t\t\t\t\t<div class=\"elementor-container elementor-column-gap-default\">\n\t\t\t\t\t<div class=\"elementor-column elementor-col-100 elementor-top-column elementor-element elementor-element-9ba0a7e\" data-id=\"9ba0a7e\" data-element_type=\"column\" data-e-type=\"column\">\n\t\t\t<div class=\"elementor-widget-wrap elementor-element-populated\">\n\t\t\t\t\t\t<div class=\"elementor-element elementor-element-996cd25 elementor-widget elementor-widget-wd_text_block\" data-id=\"996cd25\" data-element_type=\"widget\" data-e-type=\"widget\" data-widget_type=\"wd_text_block.default\">\n\t\t\t\t<div class=\"elementor-widget-container\">\n\t\t\t\t\t\t\t<div class=\"wd-text-block reset-last-child text-left\">\n\t\t\t\n\t\t\t<p><span style=\"text-decoration: underline;\"><a href=\"https:\/\/www.victronenergy.com\/live\/vrm_portal:start?_ga=2.130418895.1562092894.1679674936-741391202.1679395731\" target=\"_blank\" rel=\"noopener\">M\u00e1s informaci\u00f3n sobre la plataforma VRM<\/a><\/span><\/p>\n\t\t\t\t\t<\/div>\n\t\t\t\t\t\t<\/div>\n\t\t\t\t<\/div>\n\t\t\t\t\t<\/div>\n\t\t<\/div>\n\t\t\t\t\t<\/div>\n\t\t<\/section>\n\t\t\t\t<section class=\"wd-negative-gap elementor-section elementor-top-section elementor-element elementor-element-a58ca32 Product_Description elementor-section-boxed elementor-section-height-default elementor-section-height-default\" data-id=\"a58ca32\" data-element_type=\"section\" data-e-type=\"section\">\n\t\t\t\t\t\t<div class=\"elementor-container elementor-column-gap-default\">\n\t\t\t\t\t<div class=\"elementor-column elementor-col-100 elementor-top-column elementor-element elementor-element-6eb14cc\" data-id=\"6eb14cc\" data-element_type=\"column\" data-e-type=\"column\">\n\t\t\t<div class=\"elementor-widget-wrap elementor-element-populated\">\n\t\t\t\t\t\t<div class=\"elementor-element elementor-element-1c8979a elementor-widget elementor-widget-wd_text_block\" data-id=\"1c8979a\" data-element_type=\"widget\" data-e-type=\"widget\" data-widget_type=\"wd_text_block.default\">\n\t\t\t\t<div class=\"elementor-widget-container\">\n\t\t\t\t\t\t\t<div class=\"wd-text-block reset-last-child text-left\">\n\t\t\t\n\t\t\t<h2>Descargar la aplicaci\u00f3n Victronconnect (Monitoreo por Bluetooth)<\/h2>\n\t\t\t\t\t<\/div>\n\t\t\t\t\t\t<\/div>\n\t\t\t\t<\/div>\n\t\t\t\t\t<\/div>\n\t\t<\/div>\n\t\t\t\t\t<\/div>\n\t\t<\/section>\n\t\t\t\t<section class=\"wd-negative-gap elementor-section elementor-top-section elementor-element elementor-element-96ae59a elementor-section-boxed elementor-section-height-default elementor-section-height-default\" data-id=\"96ae59a\" data-element_type=\"section\" data-e-type=\"section\">\n\t\t\t\t\t\t<div class=\"elementor-container elementor-column-gap-default\">\n\t\t\t\t\t<div class=\"elementor-column elementor-col-25 elementor-top-column elementor-element elementor-element-e8fdc64\" data-id=\"e8fdc64\" data-element_type=\"column\" data-e-type=\"column\">\n\t\t\t<div class=\"elementor-widget-wrap elementor-element-populated\">\n\t\t\t\t\t\t<div class=\"elementor-element elementor-element-6165dc3 elementor-widget elementor-widget-image\" data-id=\"6165dc3\" data-element_type=\"widget\" data-e-type=\"widget\" data-widget_type=\"image.default\">\n\t\t\t\t\t\t\t\t\t\t\t\t\t\t\t\t<a href=\"https:\/\/play.google.com\/store\/apps\/details?id=com.victronenergy.victronconnect\" target=\"_blank\" rel=\"noopener\">\n\t\t\t\t\t\t\t<img decoding=\"async\" class=\" wd-lazy-fade\" src=\"https:\/\/enertik.com\/ar\/wp-content\/themes\/woodmart\/images\/lazy.svg\" data-src=\"https:\/\/enertik.com\/ar\/wp-content\/uploads\/sites\/2\/elementor\/thumbs\/google-play@2x-1-qj5y77m0hi6oau8n7rh025y5tue5c7ykq12uzkor9c.webp\" title=\"google-play@2x-1\" alt=\"google play@2x\" loading=\"lazy\" \/>\t\t\t\t\t\t\t\t<\/a>\n\t\t\t\t\t\t\t\t\t\t\t\t\t\t\t<\/div>\n\t\t\t\t\t<\/div>\n\t\t<\/div>\n\t\t\t\t<div class=\"elementor-column elementor-col-25 elementor-top-column elementor-element elementor-element-cb26fc8\" data-id=\"cb26fc8\" data-element_type=\"column\" data-e-type=\"column\">\n\t\t\t<div class=\"elementor-widget-wrap elementor-element-populated\">\n\t\t\t\t\t\t<div class=\"elementor-element elementor-element-ce61dec elementor-widget elementor-widget-image\" data-id=\"ce61dec\" data-element_type=\"widget\" data-e-type=\"widget\" data-widget_type=\"image.default\">\n\t\t\t\t\t\t\t\t\t\t\t\t\t\t\t\t<a href=\"https:\/\/apps.apple.com\/us\/app\/victron-connect\/id943840744\" target=\"_blank\" rel=\"noopener\">\n\t\t\t\t\t\t\t<img decoding=\"async\" class=\" wd-lazy-fade\" src=\"https:\/\/enertik.com\/ar\/wp-content\/themes\/woodmart\/images\/lazy.svg\" data-src=\"https:\/\/enertik.com\/ar\/wp-content\/uploads\/sites\/2\/elementor\/thumbs\/ios-appstore@2x-1-qj5y7zt66j99z53on3nt4ytznej5r52itwnfdviy2o.webp\" title=\"ios-appstore@2x-1\" alt=\"ios appstore@2x\" loading=\"lazy\" \/>\t\t\t\t\t\t\t\t<\/a>\n\t\t\t\t\t\t\t\t\t\t\t\t\t\t\t<\/div>\n\t\t\t\t\t<\/div>\n\t\t<\/div>\n\t\t\t\t<div class=\"elementor-column elementor-col-25 elementor-top-column elementor-element elementor-element-87e2250 elementor-hidden-mobile\" data-id=\"87e2250\" data-element_type=\"column\" data-e-type=\"column\">\n\t\t\t<div class=\"elementor-widget-wrap elementor-element-populated\">\n\t\t\t\t\t\t<div class=\"elementor-element elementor-element-707dfe7 elementor-widget elementor-widget-image\" data-id=\"707dfe7\" data-element_type=\"widget\" data-e-type=\"widget\" data-widget_type=\"image.default\">\n\t\t\t\t\t\t\t\t\t\t\t\t\t\t\t\t<a href=\"https:\/\/apps.apple.com\/us\/app\/victron-connect\/id943840744\" target=\"_blank\" rel=\"noopener\">\n\t\t\t\t\t\t\t<img decoding=\"async\" class=\" wd-lazy-fade\" src=\"https:\/\/enertik.com\/ar\/wp-content\/themes\/woodmart\/images\/lazy.svg\" data-src=\"https:\/\/enertik.com\/ar\/wp-content\/uploads\/sites\/2\/elementor\/thumbs\/mac-app-store-badge-1-qj5wy8zxksmuwntcbpy6xsteuy5o0u9oa54ydsp728.webp\" title=\"mac-app-store-badge-1\" alt=\"Mac App Store Badge\" loading=\"lazy\" \/>\t\t\t\t\t\t\t\t<\/a>\n\t\t\t\t\t\t\t\t\t\t\t\t\t\t\t<\/div>\n\t\t\t\t\t<\/div>\n\t\t<\/div>\n\t\t\t\t<div class=\"elementor-column elementor-col-25 elementor-top-column elementor-element elementor-element-ae7f52b elementor-hidden-mobile\" data-id=\"ae7f52b\" data-element_type=\"column\" data-e-type=\"column\">\n\t\t\t<div class=\"elementor-widget-wrap elementor-element-populated\">\n\t\t\t\t\t\t<div class=\"elementor-element elementor-element-fc01804 elementor-widget elementor-widget-image\" data-id=\"fc01804\" data-element_type=\"widget\" data-e-type=\"widget\" data-widget_type=\"image.default\">\n\t\t\t\t\t\t\t\t\t\t\t\t\t\t\t\t<a href=\"https:\/\/apps.apple.com\/us\/app\/victron-connect\/id943840744\" target=\"_blank\" rel=\"noopener\">\n\t\t\t\t\t\t\t<img decoding=\"async\" class=\" wd-lazy-fade\" src=\"https:\/\/enertik.com\/ar\/wp-content\/themes\/woodmart\/images\/lazy.svg\" data-src=\"https:\/\/enertik.com\/ar\/wp-content\/uploads\/sites\/2\/elementor\/thumbs\/download-for-windows-badge2-1-qj5wy2f28ydrkwh98qaxoa3on6agu2qvj7qvpwzpj4.webp\" title=\"download-for-windows-badge2-1\" alt=\"Download For Windows Badge2\" loading=\"lazy\" \/>\t\t\t\t\t\t\t\t<\/a>\n\t\t\t\t\t\t\t\t\t\t\t\t\t\t\t<\/div>\n\t\t\t\t\t<\/div>\n\t\t<\/div>\n\t\t\t\t\t<\/div>\n\t\t<\/section>\n\t\t\t\t<section class=\"wd-negative-gap elementor-section elementor-top-section elementor-element elementor-element-0ec966e Product_Description elementor-section-boxed elementor-section-height-default elementor-section-height-default\" data-id=\"0ec966e\" data-element_type=\"section\" data-e-type=\"section\">\n\t\t\t\t\t\t<div class=\"elementor-container elementor-column-gap-default\">\n\t\t\t\t\t<div class=\"elementor-column elementor-col-100 elementor-top-column elementor-element elementor-element-a15b705\" data-id=\"a15b705\" data-element_type=\"column\" data-e-type=\"column\">\n\t\t\t<div class=\"elementor-widget-wrap elementor-element-populated\">\n\t\t\t\t\t\t<div class=\"elementor-element elementor-element-d70030f elementor-widget elementor-widget-wd_text_block\" data-id=\"d70030f\" data-element_type=\"widget\" data-e-type=\"widget\" data-widget_type=\"wd_text_block.default\">\n\t\t\t\t<div class=\"elementor-widget-container\">\n\t\t\t\t\t\t\t<div class=\"wd-text-block reset-last-child text-left\">\n\t\t\t\n\t\t\t<p><span style=\"text-decoration: underline;\"><a href=\"https:\/\/www.victronenergy.com\/panel-systems-remote-monitoring\/victronconnect\" target=\"_blank\" rel=\"noopener\">M\u00e1s informaci\u00f3n sobre la aplicaci\u00f3n VictronConnect<\/a><\/span><\/p>\n\t\t\t\t\t<\/div>\n\t\t\t\t\t\t<\/div>\n\t\t\t\t<\/div>\n\t\t\t\t\t<\/div>\n\t\t<\/div>\n\t\t\t\t\t<\/div>\n\t\t<\/section>\n\t\t\t\t<\/div>\n\t\t","protected":false},"excerpt":{"rendered":"<div class=\"hidden-xs\">\n<div class=\"productDetail__content-subheader\">\n<p class=\"p1\">Antena de GPS para los m\u00f3dulos GX LTE 4G de Victron.<\/p>\n<p class=\"p1\">Consulte m\u00e1s informaci\u00f3n en: <a href=\"https:\/\/www.victronenergy.com\/media\/pg\/GX_LTE_4G\/es\/appendix.html#UUID-f42ccf5b-dd96-182c-03c1-c85ce39757f5\"><span class=\"s1\">Accesorio\/antenas para GX LTE 4G<\/span><\/a><\/p>\n<\/div>\n<\/div>\n","protected":false},"featured_media":31792,"comment_status":"open","ping_status":"closed","template":"","meta":{"_relevanssi_hide_post":"","_relevanssi_hide_content":"","_relevanssi_pin_for_all":"","_relevanssi_pin_keywords":"","_relevanssi_unpin_keywords":"","_relevanssi_related_keywords":"","_relevanssi_related_include_ids":"","_relevanssi_related_exclude_ids":"","_relevanssi_related_no_append":"","_relevanssi_related_not_related":"","_relevanssi_related_posts":"","_relevanssi_noindex_reason":"","inline_featured_image":false},"product_brand":[],"product_cat":[1692,1727,1723],"product_tag":[],"class_list":{"0":"post-31791","1":"product","2":"type-product","3":"status-publish","4":"has-post-thumbnail","6":"product_cat-accesorios","7":"product_cat-accesorios-para-inversores-cargadores","8":"product_cat-inversores-cargadores","9":"pa_gtin-4458","10":"pa_marca-victron-energy","11":"pa_mpn-gsm900200100","12":"pa_serie-accesorios-monitoreo","14":"first","15":"instock","16":"taxable","17":"shipping-taxable","18":"purchasable","19":"product-type-simple"},"bundled_by":[],"bundle_stock_status":"instock","bundle_stock_quantity":1,"bundle_virtual":false,"bundle_layout":"","bundle_add_to_cart_form_location":"","bundle_editable_in_cart":false,"bundle_sold_individually_context":"","bundle_item_grouping":"","bundle_min_size":"","bundle_max_size":"","bundle_price":[],"bundled_items":[],"bundle_sell_ids":[],"group_of_quantity":0,"min_quantity":0,"max_quantity":"","exclude_order_quantity_value_rules":"no","exclude_category_quantity_rules":"no","combine_variations":"no","exclude_global_add_ons":[],"addons":[],"_links":{"self":[{"href":"https:\/\/enertik.com\/ar\/wp-json\/wp\/v2\/product\/31791","targetHints":{"allow":["GET"]}}],"collection":[{"href":"https:\/\/enertik.com\/ar\/wp-json\/wp\/v2\/product"}],"about":[{"href":"https:\/\/enertik.com\/ar\/wp-json\/wp\/v2\/types\/product"}],"replies":[{"embeddable":true,"href":"https:\/\/enertik.com\/ar\/wp-json\/wp\/v2\/comments?post=31791"}],"version-history":[{"count":0,"href":"https:\/\/enertik.com\/ar\/wp-json\/wp\/v2\/product\/31791\/revisions"}],"wp:featuredmedia":[{"embeddable":true,"href":"https:\/\/enertik.com\/ar\/wp-json\/wp\/v2\/media\/31792"}],"wp:attachment":[{"href":"https:\/\/enertik.com\/ar\/wp-json\/wp\/v2\/media?parent=31791"}],"wp:term":[{"taxonomy":"product_brand","embeddable":true,"href":"https:\/\/enertik.com\/ar\/wp-json\/wp\/v2\/product_brand?post=31791"},{"taxonomy":"product_cat","embeddable":true,"href":"https:\/\/enertik.com\/ar\/wp-json\/wp\/v2\/product_cat?post=31791"},{"taxonomy":"product_tag","embeddable":true,"href":"https:\/\/enertik.com\/ar\/wp-json\/wp\/v2\/product_tag?post=31791"}],"curies":[{"name":"wp","href":"https:\/\/api.w.org\/{rel}","templated":true}]}}