{"id":30873,"date":"2024-07-26T13:18:00","date_gmt":"2024-07-26T16:18:00","guid":{"rendered":"https:\/\/enertik.com\/ar\/tienda\/sin%20categor\u00eda\/regulador-de-continua-dc-1840v-24v-30a\/"},"modified":"2026-04-02T05:58:44","modified_gmt":"2026-04-02T08:58:44","slug":"regulador-de-continua-dc-1840v-24v-30a","status":"publish","type":"product","link":"https:\/\/enertik.com\/ar\/tienda\/otros-productos\/convertidores-de-corriente-continua\/reguladores\/regulador-de-continua-dc-1840v-24v-30a\/","title":{"rendered":"Regulador de Continua DC 18~40V &#8211; 24V 30A"},"content":{"rendered":"\t\t<div data-elementor-type=\"product-post\" data-elementor-id=\"30873\" class=\"elementor elementor-30873\" data-elementor-post-type=\"product\">\n\t\t\t\t\t\t<section class=\"wd-negative-gap elementor-section elementor-top-section elementor-element elementor-element-66c76ec Product_Description elementor-section-boxed elementor-section-height-default elementor-section-height-default\" data-id=\"66c76ec\" data-element_type=\"section\" data-e-type=\"section\">\n\t\t\t\t\t\t<div class=\"elementor-container elementor-column-gap-default\">\n\t\t\t\t\t<div class=\"elementor-column elementor-col-100 elementor-top-column elementor-element elementor-element-19d511c\" data-id=\"19d511c\" data-element_type=\"column\" data-e-type=\"column\" data-settings=\"{&quot;background_background&quot;:&quot;classic&quot;}\">\n\t\t\t<div class=\"elementor-widget-wrap elementor-element-populated\">\n\t\t\t\t\t\t<section class=\"wd-negative-gap elementor-section elementor-inner-section elementor-element elementor-element-668dca3 elementor-section-boxed elementor-section-height-default elementor-section-height-default\" data-id=\"668dca3\" data-element_type=\"section\" data-e-type=\"section\">\n\t\t\t\t\t\t<div class=\"elementor-container elementor-column-gap-default\">\n\t\t\t\t\t<div class=\"elementor-column elementor-col-100 elementor-inner-column elementor-element elementor-element-00f26af\" data-id=\"00f26af\" data-element_type=\"column\" data-e-type=\"column\">\n\t\t\t<div class=\"elementor-widget-wrap elementor-element-populated\">\n\t\t\t\t\t\t<div class=\"elementor-element elementor-element-43db664 elementor-widget elementor-widget-wd_tabs\" data-id=\"43db664\" data-element_type=\"widget\" data-e-type=\"widget\" data-widget_type=\"wd_tabs.default\">\n\t\t\t\t<div class=\"elementor-widget-container\">\n\t\t\t\t\t\t\t<div class=\"wd-tabs tabs-design-default\">\n\t\t\t<div class=\"wd-tabs-header text-center\">\n\t\t\t\t\n\t\t\t\t\n\t\t\t\t<div class=\"wd-nav-wrapper wd-nav-tabs-wrapper wd-mb-action-swipe\">\n\t\t\t\t\t<ul class=\"wd-nav wd-nav-tabs wd-icon-pos-left wd-style-underline\">\n\t\t\t\t\t\t\t\t\t\t\t\t\t\n\t\t\t\t\t\t\t<li>\n\t\t\t\t\t\t\t\t<a href=\"#\" class=\"wd-nav-link\">\n\t\t\t\t\t\t\t\t\t\n\t\t\t\t\t\t\t\t\t<span class=\"nav-link-text wd-tabs-title\">\n\t\t\t\t\t\t\t\t\t\tDESCRIPCI\u00d3N\t\t\t\t\t\t\t\t\t<\/span>\n\t\t\t\t\t\t\t\t<\/a>\n\t\t\t\t\t\t\t<\/li>\n\n\t\t\t\t\t\t\t\t\t\t\t\t\t\n\t\t\t\t\t\t\t<li>\n\t\t\t\t\t\t\t\t<a href=\"#\" class=\"wd-nav-link\">\n\t\t\t\t\t\t\t\t\t\n\t\t\t\t\t\t\t\t\t<span class=\"nav-link-text wd-tabs-title\">\n\t\t\t\t\t\t\t\t\t\tESPECIFICACIONES\t\t\t\t\t\t\t\t\t<\/span>\n\t\t\t\t\t\t\t\t<\/a>\n\t\t\t\t\t\t\t<\/li>\n\n\t\t\t\t\t\t\t\t\t\t\t<\/ul>\n\t\t\t\t<\/div>\n\t\t\t<\/div>\n\n\t\t\t<div class=\"wd-tabs-content-wrapper\">\n\t\t\t\t\t\t\t\t\t\t\t\t\t\t\n\t\t\t\t\t<div class=\"wd-tab-content wd-entry-content\">\n\t\t\t\t\t\t\t\t\t\t\t\t\t<div >\n\t\t\t\t\t\t\t\t<h2>VENTAJAS<\/h2><ul class=\"ulMiddle\"><li class=\"ulBgColor\">Amplio rango de voltaje de entrada<\/li><li>Alta eficiencia<\/li><li class=\"ulBgColor\">100% sellado para protecci\u00f3n contra agua, polvo y vibraciones<\/li><li>Tama\u00f1o y peso reducidos<\/li><li>Refrigeraci\u00f3n por convecci\u00f3n natural<\/li><li class=\"ulBgColor\">Protecciones con auto-recuperaci\u00f3n por: sobre-corriente, sobre-tensi\u00f3n, cortocircuito y sobre-temperatura<\/li><li>Negativo com\u00fan<\/li><li class=\"ulBgColor\">Normas: CE \/ RoHS \/ IP67<\/li><\/ul>\t\t\t\t\t\t\t<\/div>\n\t\t\t\t\t\t\t\t\t\t\t<\/div>\n\n\t\t\t\t\t\t\t\t\t\t\t\t\t\t\n\t\t\t\t\t<div class=\"wd-tab-content wd-entry-content\">\n\t\t\t\t\t\t\t\t\t\t\t\t\t<div >\n\t\t\t\t\t\t\t\t<table>\n<tbody>\n<tr class=\"tbBorderNone\">\n<td class=\"tbLeft\">Modelo<\/td>\n<td>DC-1840-2430<\/td>\n<\/tr>\n<tr class=\"tbBorderNone\">\n<td class=\"tbTit\" colspan=\"2\">Entrada<\/td>\n<\/tr>\n<tr>\n  <td class=\"tbLeft\">Rango de tensi\u00f3n de entrada<\/td>\n  <td>18 ~40VCC<\/td>\n<\/tr>\n\t<tr class=\"tbBorderNone\">\n<td class=\"tbLeft\">Cables<\/td>\n<td>Positivo (Rojo): 16 cm<br>\n  Negativo (Negro) : 16 cm<\/td>\n<\/tr>\n<tr class=\"tbBorderNone\">\n<td class=\"tbTit\" colspan=\"2\">Salida<\/td>\n<\/tr>\n<tr>\n<td class=\"tbLeft\">Eficiencia<\/td>\n<td>98.2%<\/td>\n<\/tr>\n<tr>\n<td class=\"tbLeft\">Tensi\u00f3n de salida<\/td>\n<td>24VCC<\/td>\n<\/tr>\n<tr>\n<td class=\"tbLeft\">Corriente de salida<\/td>\n<td>30A<\/td>\n<\/tr>\n<tr>\n<td class=\"tbLeft\">Potencia  de salida m\u00e1xima<\/td>\n<td>720W<\/td>\n<\/tr>\n<tr>\n  <td class=\"tbLeft\">Autoconsumo sin carga<\/td>\n  <td>120mA<\/td>\n<\/tr>\n<tr>\n  <td class=\"tbLeft\">Regulaci\u00f3n de voltaje<\/td>\n  <td>&lt;1%<\/td>\n<\/tr>\n<tr>\n<td class=\"tbLeft\">Ripple<\/td>\n<td>240-450mVp-p<\/td>\n<\/tr>\n\t<tr class=\"tbBorderNone\">\n<td class=\"tbLeft\">Cables<\/td>\n<td>Positivo (Rojo): 16 cm<br>\nNegativo (Negro) : 16 cm<\/td>\n<\/tr>\n<tr class=\"tbBorderNone\">\n<td class=\"tbTit\" colspan=\"2\">Protecci\u00f3n<\/td>\n<\/tr>\n<tr>\n<td class=\"tbLeft\">Tensi\u00f3n baja<\/td>\n<td>S\u00ed<\/td>\n<\/tr>\n<tr>\n<td class=\"tbLeft\">Sobrecarga<\/td>\n<td>S\u00ed<\/td>\n<\/tr>\n<tr>\n<td class=\"tbLeft\">Temperatura excesiva<\/td>\n<td>S\u00ed<\/td>\n<\/tr>\n<tr class=\"tbBorderNone\">\n<td class=\"tbLeft\">Cortocircuito<\/td>\n<td>S\u00ed<\/td>\n<\/tr>\n<tr class=\"tbBorderNone\">\n<td class=\"tbTit\" colspan=\"2\">Datos generales<\/td>\n<\/tr>\n<tr>\n<td class=\"tbLeft\">Enfriamiento<\/td>\n<td>Convecci\u00f3n<\/td>\n<\/tr>\n<tr>\n<td class=\"tbLeft\">Temperatura de trabajo<\/td>\n<td>-30\u00ba C ~ +80\u00ba C<\/td>\n<\/tr>\n<tr class=\"tbBorderNone\">\n<td class=\"tbLeft\">Grado de protecci\u00f3n<\/td>\n<td>IP67<\/td>\n<\/tr>\n<tr>\n<td class=\"tbTit\" colspan=\"2\">Especificaciones f\u00edsicas<\/td>\n<\/tr>\n<tr>\n<td class=\"tbLeft\">Dimensiones (mm)<\/td>\n<td>100 x 80 x 39<\/td>\n<\/tr>\n<tr>\n<td class=\"tbLeft\">Peso neto (kg)<\/td>\n<td>0.550<\/td>\n<\/tr>\n<\/tbody>\n<\/table>\t\t\t\t\t\t\t<\/div>\n\t\t\t\t\t\t\t\t\t\t\t<\/div>\n\n\t\t\t\t\t\t\t<\/div>\n\t\t<\/div>\n\t\t\t\t\t\t<\/div>\n\t\t\t\t<\/div>\n\t\t\t\t\t<\/div>\n\t\t<\/div>\n\t\t\t\t\t<\/div>\n\t\t<\/section>\n\t\t\t\t\t<\/div>\n\t\t<\/div>\n\t\t\t\t\t<\/div>\n\t\t<\/section>\n\t\t\t\t<\/div>\n\t\t","protected":false},"excerpt":{"rendered":"<p class=\"p1\">Este regulador de corriente continua puede aceptar un rango de voltaje de entrada (18~40 V), detectar de forma autom\u00e1tica si necesita aumentar o disminuir el voltaje , y dar una salida con voltaje y corriente fijos de forma constante.<\/p>\n<p>Adem\u00e1s, tiene funci\u00f3n de auto-recuperaci\u00f3n por: sobre-corriente, sobre-tensi\u00f3n, cortocircuito y sobre-temperatura.<\/p>\n<p>Es peque\u00f1o, ligero, y resistente al agua (IP67).<\/p>\n<p>Puede ser montado en pr\u00e1cticamente cualquier lugar, y es apto para aplicaciones industriales, de telecomunicaciones, yates, sistemas marinos, autocaravana, carritos de golf., etc.<\/p>\n<p class=\"p1\">Salida: 24V 30A<\/p>\n","protected":false},"featured_media":30874,"comment_status":"open","ping_status":"closed","template":"","meta":{"_relevanssi_hide_post":"","_relevanssi_hide_content":"","_relevanssi_pin_for_all":"","_relevanssi_pin_keywords":"","_relevanssi_unpin_keywords":"","_relevanssi_related_keywords":"","_relevanssi_related_include_ids":"","_relevanssi_related_exclude_ids":"","_relevanssi_related_no_append":"","_relevanssi_related_not_related":"","_relevanssi_related_posts":"","_relevanssi_noindex_reason":"","inline_featured_image":false},"product_brand":[],"product_cat":[1759,1762],"product_tag":[],"class_list":{"0":"post-30873","1":"product","2":"type-product","3":"status-publish","4":"has-post-thumbnail","6":"product_cat-convertidores-de-corriente-continua","7":"product_cat-reguladores","8":"pa_corriente-30a","9":"pa_gtin-4378","10":"pa_marca-enertik","11":"pa_mpn-dc-1840-2430","12":"pa_voltaje-24v","13":"pa_voltaje-36vdc","15":"first","16":"instock","17":"taxable","18":"shipping-taxable","19":"purchasable","20":"product-type-simple"},"bundled_by":[],"bundle_stock_status":"instock","bundle_stock_quantity":19,"bundle_virtual":false,"bundle_layout":"","bundle_add_to_cart_form_location":"","bundle_editable_in_cart":false,"bundle_sold_individually_context":"","bundle_item_grouping":"","bundle_min_size":"","bundle_max_size":"","bundle_price":[],"bundled_items":[],"bundle_sell_ids":[],"group_of_quantity":0,"min_quantity":0,"max_quantity":10,"exclude_order_quantity_value_rules":"no","exclude_category_quantity_rules":"no","combine_variations":"no","exclude_global_add_ons":[],"addons":[],"_links":{"self":[{"href":"https:\/\/enertik.com\/ar\/wp-json\/wp\/v2\/product\/30873","targetHints":{"allow":["GET"]}}],"collection":[{"href":"https:\/\/enertik.com\/ar\/wp-json\/wp\/v2\/product"}],"about":[{"href":"https:\/\/enertik.com\/ar\/wp-json\/wp\/v2\/types\/product"}],"replies":[{"embeddable":true,"href":"https:\/\/enertik.com\/ar\/wp-json\/wp\/v2\/comments?post=30873"}],"version-history":[{"count":0,"href":"https:\/\/enertik.com\/ar\/wp-json\/wp\/v2\/product\/30873\/revisions"}],"wp:featuredmedia":[{"embeddable":true,"href":"https:\/\/enertik.com\/ar\/wp-json\/wp\/v2\/media\/30874"}],"wp:attachment":[{"href":"https:\/\/enertik.com\/ar\/wp-json\/wp\/v2\/media?parent=30873"}],"wp:term":[{"taxonomy":"product_brand","embeddable":true,"href":"https:\/\/enertik.com\/ar\/wp-json\/wp\/v2\/product_brand?post=30873"},{"taxonomy":"product_cat","embeddable":true,"href":"https:\/\/enertik.com\/ar\/wp-json\/wp\/v2\/product_cat?post=30873"},{"taxonomy":"product_tag","embeddable":true,"href":"https:\/\/enertik.com\/ar\/wp-json\/wp\/v2\/product_tag?post=30873"}],"curies":[{"name":"wp","href":"https:\/\/api.w.org\/{rel}","templated":true}]}}