{"id":26325,"date":"2024-01-29T13:29:00","date_gmt":"2024-01-29T16:29:00","guid":{"rendered":"https:\/\/enertik.com\/ar\/tienda\/sin%20categor\u00eda\/organizador-de-cables-para-gabinetes-de-rack-estandar-19\/"},"modified":"2026-04-10T18:39:01","modified_gmt":"2026-04-10T21:39:01","slug":"organizador-de-cables-para-gabinetes-de-rack-estandar-19","status":"publish","type":"product","link":"https:\/\/enertik.com\/ar\/tienda\/materiales-electricos\/cajas-y-gabinetes\/organizador-de-cables-para-gabinetes-rack-19\/","title":{"rendered":"Organizador de Cables para Gabinetes Rack 19"},"content":{"rendered":"","protected":false},"excerpt":{"rendered":"<p class=\"p1\">Este organizador de cable ayuda a mantener toda la instalaci\u00f3n en gabinetes de rack limpia y est\u00e9tica. Evita la acumulaci\u00f3n de polvos en los cables y ayuda a mejorar la disipaci\u00f3n de calor.<br \/>\nCompatible con todos los gabinetes de Rack Taiyo 19\u201d.<\/p>\n","protected":false},"featured_media":26326,"comment_status":"open","ping_status":"closed","template":"","meta":{"_relevanssi_hide_post":"","_relevanssi_hide_content":"","_relevanssi_pin_for_all":"","_relevanssi_pin_keywords":"","_relevanssi_unpin_keywords":"","_relevanssi_related_keywords":"","_relevanssi_related_include_ids":"","_relevanssi_related_exclude_ids":"","_relevanssi_related_no_append":"","_relevanssi_related_not_related":"","_relevanssi_related_posts":"","_relevanssi_noindex_reason":"","inline_featured_image":false},"product_brand":[],"product_cat":[5166,3984],"product_tag":[],"class_list":{"0":"post-26325","1":"product","2":"type-product","3":"status-publish","4":"has-post-thumbnail","6":"product_cat-cajas-y-gabinetes","7":"product_cat-gabinetes","8":"pa_gtin-4011","9":"pa_marca-taiyo","10":"pa_mpn-rk19-acc-cm","12":"first","13":"instock","14":"taxable","15":"shipping-taxable","16":"purchasable","17":"product-type-simple"},"bundled_by":[],"bundle_stock_status":"instock","bundle_stock_quantity":3,"bundle_virtual":false,"bundle_layout":"","bundle_add_to_cart_form_location":"","bundle_editable_in_cart":false,"bundle_sold_individually_context":"","bundle_item_grouping":"","bundle_min_size":"","bundle_max_size":"","bundle_price":[],"bundled_items":[],"bundle_sell_ids":[],"group_of_quantity":0,"min_quantity":0,"max_quantity":"","exclude_order_quantity_value_rules":"no","exclude_category_quantity_rules":"no","combine_variations":"no","exclude_global_add_ons":[],"addons":[],"_links":{"self":[{"href":"https:\/\/enertik.com\/ar\/wp-json\/wp\/v2\/product\/26325","targetHints":{"allow":["GET"]}}],"collection":[{"href":"https:\/\/enertik.com\/ar\/wp-json\/wp\/v2\/product"}],"about":[{"href":"https:\/\/enertik.com\/ar\/wp-json\/wp\/v2\/types\/product"}],"replies":[{"embeddable":true,"href":"https:\/\/enertik.com\/ar\/wp-json\/wp\/v2\/comments?post=26325"}],"version-history":[{"count":0,"href":"https:\/\/enertik.com\/ar\/wp-json\/wp\/v2\/product\/26325\/revisions"}],"wp:featuredmedia":[{"embeddable":true,"href":"https:\/\/enertik.com\/ar\/wp-json\/wp\/v2\/media\/26326"}],"wp:attachment":[{"href":"https:\/\/enertik.com\/ar\/wp-json\/wp\/v2\/media?parent=26325"}],"wp:term":[{"taxonomy":"product_brand","embeddable":true,"href":"https:\/\/enertik.com\/ar\/wp-json\/wp\/v2\/product_brand?post=26325"},{"taxonomy":"product_cat","embeddable":true,"href":"https:\/\/enertik.com\/ar\/wp-json\/wp\/v2\/product_cat?post=26325"},{"taxonomy":"product_tag","embeddable":true,"href":"https:\/\/enertik.com\/ar\/wp-json\/wp\/v2\/product_tag?post=26325"}],"curies":[{"name":"wp","href":"https:\/\/api.w.org\/{rel}","templated":true}]}}