{"id":11761,"date":"2023-02-21T11:25:20","date_gmt":"2023-02-21T14:25:20","guid":{"rendered":"https:\/\/test.enertik.com\/ar\/?post_type=product&#038;p=11761"},"modified":"2026-04-10T18:39:21","modified_gmt":"2026-04-10T21:39:21","slug":"embalaje-extra-para-tubo-individual","status":"publish","type":"product","link":"https:\/\/enertik.com\/ar\/tienda\/otros-productos\/embalajes\/embalaje-extra-para-tubo-individual\/","title":{"rendered":"Embalaje Extra para Tubo Individual"},"content":{"rendered":"\t\t<div data-elementor-type=\"product-post\" data-elementor-id=\"11761\" class=\"elementor elementor-11761\" data-elementor-post-type=\"product\">\n\t\t\t\t\t\t<section class=\"wd-negative-gap elementor-section elementor-top-section elementor-element elementor-element-f2ae843 Product_Description elementor-section-boxed elementor-section-height-default elementor-section-height-default\" data-id=\"f2ae843\" data-element_type=\"section\" data-e-type=\"section\">\n\t\t\t\t\t\t<div class=\"elementor-container elementor-column-gap-default\">\n\t\t\t\t\t<div class=\"elementor-column elementor-col-100 elementor-top-column elementor-element elementor-element-636a0bb\" data-id=\"636a0bb\" data-element_type=\"column\" data-e-type=\"column\" data-settings=\"{&quot;background_background&quot;:&quot;classic&quot;}\">\n\t\t\t<div class=\"elementor-widget-wrap elementor-element-populated\">\n\t\t\t\t\t\t<section class=\"wd-negative-gap elementor-section elementor-inner-section elementor-element elementor-element-b2478e4 elementor-section-boxed elementor-section-height-default elementor-section-height-default\" data-id=\"b2478e4\" data-element_type=\"section\" data-e-type=\"section\">\n\t\t\t\t\t\t<div class=\"elementor-container elementor-column-gap-default\">\n\t\t\t\t\t<div class=\"elementor-column elementor-col-100 elementor-inner-column elementor-element elementor-element-d3fe560\" data-id=\"d3fe560\" data-element_type=\"column\" data-e-type=\"column\">\n\t\t\t<div class=\"elementor-widget-wrap elementor-element-populated\">\n\t\t\t\t\t\t<div class=\"elementor-element elementor-element-3bd67ab elementor-widget elementor-widget-wd_tabs\" data-id=\"3bd67ab\" data-element_type=\"widget\" data-e-type=\"widget\" data-widget_type=\"wd_tabs.default\">\n\t\t\t\t<div class=\"elementor-widget-container\">\n\t\t\t\t\t\t\t<div class=\"wd-tabs tabs-design-default\">\n\t\t\t<div class=\"wd-tabs-header text-center\">\n\t\t\t\t\n\t\t\t\t\n\t\t\t\t<div class=\"wd-nav-wrapper wd-nav-tabs-wrapper wd-mb-action-swipe\">\n\t\t\t\t\t<ul class=\"wd-nav wd-nav-tabs wd-icon-pos-left wd-style-underline\">\n\t\t\t\t\t\t\t\t\t\t\t\t\t\n\t\t\t\t\t\t\t<li>\n\t\t\t\t\t\t\t\t<a href=\"#\" class=\"wd-nav-link\">\n\t\t\t\t\t\t\t\t\t\n\t\t\t\t\t\t\t\t\t<span class=\"nav-link-text wd-tabs-title\">\n\t\t\t\t\t\t\t\t\t\tDESCRIPCI\u00d3N\t\t\t\t\t\t\t\t\t<\/span>\n\t\t\t\t\t\t\t\t<\/a>\n\t\t\t\t\t\t\t<\/li>\n\n\t\t\t\t\t\t\t\t\t\t\t<\/ul>\n\t\t\t\t<\/div>\n\t\t\t<\/div>\n\n\t\t\t<div class=\"wd-tabs-content-wrapper\">\n\t\t\t\t\t\t\t\t\t\t\t\t\t\t\n\t\t\t\t\t<div class=\"wd-tab-content wd-entry-content\">\n\t\t\t\t\t\t\t\t\t\t\t\t\t<div >\n\t\t\t\t\t\t\t\t<p>Los tubos se comercializan embalados por cuestiones de seguridad, por lo tanto es necesario comprar este servicio de embalaje cuando se soliciten tubos individuales.<\/p>\t\t\t\t\t\t\t<\/div>\n\t\t\t\t\t\t\t\t\t\t\t<\/div>\n\n\t\t\t\t\t\t\t<\/div>\n\t\t<\/div>\n\t\t\t\t\t\t<\/div>\n\t\t\t\t<\/div>\n\t\t\t\t\t<\/div>\n\t\t<\/div>\n\t\t\t\t\t<\/div>\n\t\t<\/section>\n\t\t\t\t\t<\/div>\n\t\t<\/div>\n\t\t\t\t\t<\/div>\n\t\t<\/section>\n\t\t\t\t<\/div>\n\t\t","protected":false},"excerpt":{"rendered":"<p>Este embalaje adicional est\u00e1 dise\u00f1ado para mejorar la protecci\u00f3n de los Tubos de Vidrio durante el env\u00edo, reduciendo el riesgo de roturas. Sin embargo, nuestra empresa no se hace responsable de los da\u00f1os ocasionados por el maltrato de la empresa de transporte, y no podemos garantizar que los tubos lleguen sin da\u00f1os incluso con este embalaje extra.<\/p>\n","protected":false},"featured_media":10003,"comment_status":"closed","ping_status":"closed","template":"","meta":{"_relevanssi_hide_post":"","_relevanssi_hide_content":"","_relevanssi_pin_for_all":"","_relevanssi_pin_keywords":"","_relevanssi_unpin_keywords":"","_relevanssi_related_keywords":"","_relevanssi_related_include_ids":"","_relevanssi_related_exclude_ids":"","_relevanssi_related_no_append":"","_relevanssi_related_not_related":"","_relevanssi_related_posts":"","_relevanssi_noindex_reason":"","inline_featured_image":false},"product_brand":[],"product_cat":[4177,1711,1712,1713,4633,1709,1710,4632],"product_tag":[],"class_list":{"0":"post-11761","1":"product","2":"type-product","3":"status-publish","4":"has-post-thumbnail","6":"product_cat-embalajes","7":"product_cat-accesorios-de-energia-termica","8":"product_cat-atmosfericos","9":"product_cat-presurizados","10":"product_cat-presurizados-con-serpentin","11":"product_cat-termotanques-solares-atmosfericos","12":"product_cat-termotanques-solares-presurizados","13":"product_cat-termotanques-solares-presurizados-con-serpentin","15":"first","16":"instock","17":"taxable","18":"shipping-taxable","19":"purchasable","20":"product-type-simple"},"bundled_by":[],"bundle_stock_status":"instock","bundle_stock_quantity":99999,"bundle_virtual":false,"bundle_layout":"","bundle_add_to_cart_form_location":"","bundle_editable_in_cart":false,"bundle_sold_individually_context":"","bundle_item_grouping":"","bundle_min_size":"","bundle_max_size":"","bundle_price":[],"bundled_items":[],"bundle_sell_ids":[],"group_of_quantity":0,"min_quantity":0,"max_quantity":"","exclude_order_quantity_value_rules":"no","exclude_category_quantity_rules":"no","combine_variations":"no","exclude_global_add_ons":[],"addons":[],"_links":{"self":[{"href":"https:\/\/enertik.com\/ar\/wp-json\/wp\/v2\/product\/11761","targetHints":{"allow":["GET"]}}],"collection":[{"href":"https:\/\/enertik.com\/ar\/wp-json\/wp\/v2\/product"}],"about":[{"href":"https:\/\/enertik.com\/ar\/wp-json\/wp\/v2\/types\/product"}],"replies":[{"embeddable":true,"href":"https:\/\/enertik.com\/ar\/wp-json\/wp\/v2\/comments?post=11761"}],"version-history":[{"count":0,"href":"https:\/\/enertik.com\/ar\/wp-json\/wp\/v2\/product\/11761\/revisions"}],"wp:featuredmedia":[{"embeddable":true,"href":"https:\/\/enertik.com\/ar\/wp-json\/wp\/v2\/media\/10003"}],"wp:attachment":[{"href":"https:\/\/enertik.com\/ar\/wp-json\/wp\/v2\/media?parent=11761"}],"wp:term":[{"taxonomy":"product_brand","embeddable":true,"href":"https:\/\/enertik.com\/ar\/wp-json\/wp\/v2\/product_brand?post=11761"},{"taxonomy":"product_cat","embeddable":true,"href":"https:\/\/enertik.com\/ar\/wp-json\/wp\/v2\/product_cat?post=11761"},{"taxonomy":"product_tag","embeddable":true,"href":"https:\/\/enertik.com\/ar\/wp-json\/wp\/v2\/product_tag?post=11761"}],"curies":[{"name":"wp","href":"https:\/\/api.w.org\/{rel}","templated":true}]}}