{"id":11753,"date":"2023-02-21T11:25:20","date_gmt":"2023-02-21T14:25:20","guid":{"rendered":"https:\/\/test.enertik.com\/ar\/?post_type=product&#038;p=11753"},"modified":"2026-04-10T18:36:57","modified_gmt":"2026-04-10T21:36:57","slug":"regulador-de-carga-para-paneles-solares-linea-si-12-24v-20a","status":"publish","type":"product","link":"https:\/\/enertik.com\/ar\/tienda\/energia-solar-fotovoltaica\/reguladores-solares\/pwm\/regulador-de-carga-para-paneles-solares-linea-si-12-24v-20a\/","title":{"rendered":"Regulador de Carga para Paneles Solares &#8211; L\u00ednea SI 12\/24V 20A"},"content":{"rendered":"\t\t<div data-elementor-type=\"product-post\" data-elementor-id=\"11753\" class=\"elementor elementor-11753\" data-elementor-post-type=\"product\">\n\t\t\t\t\t\t<section class=\"wd-negative-gap elementor-section elementor-top-section elementor-element elementor-element-66b337e Product_Description elementor-section-boxed elementor-section-height-default elementor-section-height-default\" data-id=\"66b337e\" data-element_type=\"section\" data-e-type=\"section\">\n\t\t\t\t\t\t<div class=\"elementor-container elementor-column-gap-default\">\n\t\t\t\t\t<div class=\"elementor-column elementor-col-100 elementor-top-column elementor-element elementor-element-95e5516\" data-id=\"95e5516\" data-element_type=\"column\" data-e-type=\"column\" data-settings=\"{&quot;background_background&quot;:&quot;classic&quot;}\">\n\t\t\t<div class=\"elementor-widget-wrap elementor-element-populated\">\n\t\t\t\t\t\t<section class=\"wd-negative-gap elementor-section elementor-inner-section elementor-element elementor-element-0694bbe elementor-section-boxed elementor-section-height-default elementor-section-height-default\" data-id=\"0694bbe\" data-element_type=\"section\" data-e-type=\"section\">\n\t\t\t\t\t\t<div class=\"elementor-container elementor-column-gap-default\">\n\t\t\t\t\t<div class=\"elementor-column elementor-col-100 elementor-inner-column elementor-element elementor-element-82c5a42\" data-id=\"82c5a42\" data-element_type=\"column\" data-e-type=\"column\">\n\t\t\t<div class=\"elementor-widget-wrap elementor-element-populated\">\n\t\t\t\t\t\t<div class=\"elementor-element elementor-element-c6b3fa8 elementor-widget elementor-widget-wd_tabs\" data-id=\"c6b3fa8\" data-element_type=\"widget\" data-e-type=\"widget\" data-widget_type=\"wd_tabs.default\">\n\t\t\t\t<div class=\"elementor-widget-container\">\n\t\t\t\t\t\t\t<div class=\"wd-tabs tabs-design-default\">\n\t\t\t<div class=\"wd-tabs-header text-center\">\n\t\t\t\t\n\t\t\t\t\n\t\t\t\t<div class=\"wd-nav-wrapper wd-nav-tabs-wrapper wd-mb-action-swipe\">\n\t\t\t\t\t<ul class=\"wd-nav wd-nav-tabs wd-icon-pos-left wd-style-underline\">\n\t\t\t\t\t\t\t\t\t\t\t\t\t\n\t\t\t\t\t\t\t<li>\n\t\t\t\t\t\t\t\t<a href=\"#\" class=\"wd-nav-link\">\n\t\t\t\t\t\t\t\t\t\n\t\t\t\t\t\t\t\t\t<span class=\"nav-link-text wd-tabs-title\">\n\t\t\t\t\t\t\t\t\t\tDESCRIPCI\u00d3N\t\t\t\t\t\t\t\t\t<\/span>\n\t\t\t\t\t\t\t\t<\/a>\n\t\t\t\t\t\t\t<\/li>\n\n\t\t\t\t\t\t\t\t\t\t\t\t\t\n\t\t\t\t\t\t\t<li>\n\t\t\t\t\t\t\t\t<a href=\"#\" class=\"wd-nav-link\">\n\t\t\t\t\t\t\t\t\t\n\t\t\t\t\t\t\t\t\t<span class=\"nav-link-text wd-tabs-title\">\n\t\t\t\t\t\t\t\t\t\tESPECIFICACIONES\t\t\t\t\t\t\t\t\t<\/span>\n\t\t\t\t\t\t\t\t<\/a>\n\t\t\t\t\t\t\t<\/li>\n\n\t\t\t\t\t\t\t\t\t\t\t<\/ul>\n\t\t\t\t<\/div>\n\t\t\t<\/div>\n\n\t\t\t<div class=\"wd-tabs-content-wrapper\">\n\t\t\t\t\t\t\t\t\t\t\t\t\t\t\n\t\t\t\t\t<div class=\"wd-tab-content wd-entry-content\">\n\t\t\t\t\t\t\t\t\t\t\t\t\t<div >\n\t\t\t\t\t\t\t\t<h2>VENTAJAS<\/h2><ul><li class=\"ulBgColor\">Construcci\u00f3n robusta<\/li><li>Alto nivel de protecci\u00f3n para ambientes severos<\/li><li class=\"ulBgColor\">Alta eficiencia<\/li><li>Dise\u00f1o para montaje en pared<\/li><li class=\"ulBgColor\">F\u00e1cil de instalar y f\u00e1cil de utilizar<\/li><li>Leds indicadores de estado<\/li><\/ul>\t\t\t\t\t\t\t<\/div>\n\t\t\t\t\t\t\t\t\t\t\t<\/div>\n\n\t\t\t\t\t\t\t\t\t\t\t\t\t\t\n\t\t\t\t\t<div class=\"wd-tab-content wd-entry-content\">\n\t\t\t\t\t\t\t\t\t\t\t\t\t<div >\n\t\t\t\t\t\t\t\t<table><tbody><tr class=\"tbBorderNone\"><td class=\"tbLeft\">Modelo<\/td><td>SI-5-12\/24<\/td><td>SI-10-12\/24<\/td><td>SI-20-12\/24<\/td><\/tr><tr class=\"tbBorderNone\"><td class=\"tbTit\" colspan=\"4\">Especificaciones t\u00e9cnicas<\/td><\/tr><tr class=\"tbBorderNone\"><td class=\"tbLeft\">Tensi\u00f3n de sistema<\/td><td colspan=\"3\">12V \/ 24V; reconocimiento autom\u00e1tico<\/td><\/tr><tr class=\"tbBorderNone\"><td class=\"tbTit\" colspan=\"4\">Datos de entrada CC<\/td><\/tr><tr><td class=\"tbLeft\">Corriente del m\u00f3dulo<\/td><td>5A<\/td><td>10A<\/td><td>20A<\/td><\/tr><tr class=\"tbBorderNone\"><td class=\"tbLeft\">Potencia m\u00e1xima de panel<\/td><td>75W (12V)<br \/>150W (24V)<\/td><td>125W (12V)<br \/>250W (24V)<\/td><td>250W (12V)<br \/>500W (24V)<\/td><\/tr><tr class=\"tbBorderNone\"><td class=\"tbTit\" colspan=\"4\">Datos de salida CC<\/td><\/tr><tr><td class=\"tbLeft\">Corriente de salida<\/td><td>5A<\/td><td>10A<\/td><td>20A<\/td><\/tr><tr><td class=\"tbLeft\">Tensi\u00f3n de fondo<\/td><td colspan=\"3\">14.5V \/ 29V<\/td><\/tr><tr><td class=\"tbLeft\">Tensi\u00f3n de absorci\u00f3n<\/td><td colspan=\"3\">14.8V \/ 29.6V<\/td><\/tr><tr><td class=\"tbLeft\">Tensi\u00f3n de flote<\/td><td colspan=\"3\">13.6V \/ 27.2V<\/td><\/tr><tr><td class=\"tbLeft\">Tensi\u00f3n de reconexi\u00f3n (LRV)<\/td><td colspan=\"3\">12.5V \/ 25V<\/td><\/tr><tr class=\"tbBorderNone\"><td class=\"tbLeft\">Protecci\u00f3n contra descarga profunda (LVD)<\/td><td colspan=\"3\">10.8V \/ 21.6V (con carga) \/ 11.3V \/ 22.6V (sin carga)<\/td><\/tr><tr class=\"tbBorderNone\"><td class=\"tbTit\" colspan=\"4\">Datos generales<\/td><\/tr><tr><td class=\"tbLeft\">Temperatura ambiente<\/td><td colspan=\"3\">-30\u00b0C ~ +60\u00b0C<\/td><\/tr><tr><td class=\"tbLeft\">Terminal<\/td><td colspan=\"3\">16 mm\u00b2 \u2013 AWG #6<\/td><\/tr><tr class=\"tbBorderNone\"><td class=\"tbLeft\">Grado de protecci\u00f3n<\/td><td colspan=\"3\">IP67<\/td><\/tr><tr class=\"tbBorderNone\"><td class=\"tbTit\" colspan=\"4\">Especificaciones f\u00edsicas<\/td><\/tr><tr><td class=\"tbLeft\">Dimensiones (mm)<\/td><td colspan=\"2\">66 x 83 x 26<\/td><td>68 x 81 x 23<\/td><\/tr><tr><td class=\"tbLeft\">Peso neto (kg)<\/td><td colspan=\"3\">0.13<\/td><\/tr><\/tbody><\/table>\t\t\t\t\t\t\t<\/div>\n\t\t\t\t\t\t\t\t\t\t\t<\/div>\n\n\t\t\t\t\t\t\t<\/div>\n\t\t<\/div>\n\t\t\t\t\t\t<\/div>\n\t\t\t\t<\/div>\n\t\t\t\t\t<\/div>\n\t\t<\/div>\n\t\t\t\t\t<\/div>\n\t\t<\/section>\n\t\t\t\t\t<\/div>\n\t\t<\/div>\n\t\t\t\t\t<\/div>\n\t\t<\/section>\n\t\t\t\t<section class=\"wd-negative-gap elementor-section elementor-top-section elementor-element elementor-element-f482024 Link_Buttons elementor-section-boxed elementor-section-height-default elementor-section-height-default\" data-id=\"f482024\" data-element_type=\"section\" data-e-type=\"section\" data-settings=\"{&quot;background_background&quot;:&quot;classic&quot;}\">\n\t\t\t\t\t\t<div class=\"elementor-container elementor-column-gap-custom\">\n\t\t\t\t\t<div class=\"elementor-column elementor-col-100 elementor-top-column elementor-element elementor-element-f6b0836\" data-id=\"f6b0836\" data-element_type=\"column\" data-e-type=\"column\">\n\t\t\t<div class=\"elementor-widget-wrap elementor-element-populated\">\n\t\t\t\t\t\t<div class=\"elementor-element elementor-element-726c9ca elementor-view-framed elementor-shape-circle elementor-position-block-start elementor-mobile-position-block-start elementor-widget elementor-widget-icon-box\" data-id=\"726c9ca\" data-element_type=\"widget\" data-e-type=\"widget\" data-widget_type=\"icon-box.default\">\n\t\t\t\t\t\t\t<div class=\"elementor-icon-box-wrapper\">\n\n\t\t\t\t\t\t<div class=\"elementor-icon-box-icon\">\n\t\t\t\t<a href=\"https:\/\/enertik.com\/wp-content\/uploads\/sites\/2\/documentos\/manuales\/manual-regulador-solar-si.pdf\" target=\"_blank\" class=\"elementor-icon\" tabindex=\"-1\">\n\t\t\t\t<svg aria-hidden=\"true\" class=\"e-font-icon-svg e-fas-book\" viewBox=\"0 0 448 512\" xmlns=\"http:\/\/www.w3.org\/2000\/svg\"><path d=\"M448 360V24c0-13.3-10.7-24-24-24H96C43 0 0 43 0 96v320c0 53 43 96 96 96h328c13.3 0 24-10.7 24-24v-16c0-7.5-3.5-14.3-8.9-18.7-4.2-15.4-4.2-59.3 0-74.7 5.4-4.3 8.9-11.1 8.9-18.6zM128 134c0-3.3 2.7-6 6-6h212c3.3 0 6 2.7 6 6v20c0 3.3-2.7 6-6 6H134c-3.3 0-6-2.7-6-6v-20zm0 64c0-3.3 2.7-6 6-6h212c3.3 0 6 2.7 6 6v20c0 3.3-2.7 6-6 6H134c-3.3 0-6-2.7-6-6v-20zm253.4 250H96c-17.7 0-32-14.3-32-32 0-17.6 14.4-32 32-32h285.4c-1.9 17.1-1.9 46.9 0 64z\"><\/path><\/svg>\t\t\t\t<\/a>\n\t\t\t<\/div>\n\t\t\t\n\t\t\t\t\t\t<div class=\"elementor-icon-box-content\">\n\n\t\t\t\t\n\t\t\t\t\t\t\t\t\t<p class=\"elementor-icon-box-description\">\n\t\t\t\t\t\tMANUAL\t\t\t\t\t<\/p>\n\t\t\t\t\n\t\t\t<\/div>\n\t\t\t\n\t\t<\/div>\n\t\t\t\t\t\t<\/div>\n\t\t\t\t\t<\/div>\n\t\t<\/div>\n\t\t\t\t\t<\/div>\n\t\t<\/section>\n\t\t\t\t<\/div>\n\t\t","protected":false},"excerpt":{"rendered":"<p>(Corriente de carga : 20A) Este regulador de carga solar es peque\u00f1o, f\u00e1cil de instalar y f\u00e1cil de utilizar. Tiene un dise\u00f1o simple y compacto y permite montaje en pared.<\/p>\n","protected":false},"featured_media":9237,"comment_status":"open","ping_status":"closed","template":"","meta":{"_relevanssi_hide_post":"","_relevanssi_hide_content":"","_relevanssi_pin_for_all":"","_relevanssi_pin_keywords":"","_relevanssi_unpin_keywords":"","_relevanssi_related_keywords":"","_relevanssi_related_include_ids":"","_relevanssi_related_exclude_ids":"","_relevanssi_related_no_append":"","_relevanssi_related_not_related":"","_relevanssi_related_posts":"","_relevanssi_noindex_reason":"","inline_featured_image":false},"product_brand":[],"product_cat":[1698,1697],"product_tag":[],"class_list":{"0":"post-11753","1":"product","2":"type-product","3":"status-publish","4":"has-post-thumbnail","6":"product_cat-pwm","7":"product_cat-reguladores-solares","8":"pa_corriente-20a","9":"pa_marca-enertik","10":"pa_mpn-si-20-12-24","11":"pa_serie-serie-si","12":"pa_voltaje-12v","13":"pa_voltaje-24v","15":"first","16":"instock","17":"taxable","18":"shipping-taxable","19":"purchasable","20":"product-type-simple"},"bundled_by":[],"bundle_stock_status":"instock","bundle_stock_quantity":15,"bundle_virtual":false,"bundle_layout":"","bundle_add_to_cart_form_location":"","bundle_editable_in_cart":false,"bundle_sold_individually_context":"","bundle_item_grouping":"","bundle_min_size":"","bundle_max_size":"","bundle_price":[],"bundled_items":[],"bundle_sell_ids":[],"group_of_quantity":0,"min_quantity":0,"max_quantity":"","exclude_order_quantity_value_rules":"no","exclude_category_quantity_rules":"no","combine_variations":"no","exclude_global_add_ons":[],"addons":[],"_links":{"self":[{"href":"https:\/\/enertik.com\/ar\/wp-json\/wp\/v2\/product\/11753","targetHints":{"allow":["GET"]}}],"collection":[{"href":"https:\/\/enertik.com\/ar\/wp-json\/wp\/v2\/product"}],"about":[{"href":"https:\/\/enertik.com\/ar\/wp-json\/wp\/v2\/types\/product"}],"replies":[{"embeddable":true,"href":"https:\/\/enertik.com\/ar\/wp-json\/wp\/v2\/comments?post=11753"}],"version-history":[{"count":0,"href":"https:\/\/enertik.com\/ar\/wp-json\/wp\/v2\/product\/11753\/revisions"}],"wp:featuredmedia":[{"embeddable":true,"href":"https:\/\/enertik.com\/ar\/wp-json\/wp\/v2\/media\/9237"}],"wp:attachment":[{"href":"https:\/\/enertik.com\/ar\/wp-json\/wp\/v2\/media?parent=11753"}],"wp:term":[{"taxonomy":"product_brand","embeddable":true,"href":"https:\/\/enertik.com\/ar\/wp-json\/wp\/v2\/product_brand?post=11753"},{"taxonomy":"product_cat","embeddable":true,"href":"https:\/\/enertik.com\/ar\/wp-json\/wp\/v2\/product_cat?post=11753"},{"taxonomy":"product_tag","embeddable":true,"href":"https:\/\/enertik.com\/ar\/wp-json\/wp\/v2\/product_tag?post=11753"}],"curies":[{"name":"wp","href":"https:\/\/api.w.org\/{rel}","templated":true}]}}