{"id":11729,"date":"2023-02-21T11:24:55","date_gmt":"2023-02-21T14:24:55","guid":{"rendered":"https:\/\/test.enertik.com\/ar\/?post_type=product&#038;p=11729"},"modified":"2026-04-05T02:06:50","modified_gmt":"2026-04-05T05:06:50","slug":"bomba-de-calor-para-piscinas-18kw","status":"publish","type":"product","link":"https:\/\/enertik.com\/ar\/tienda\/bombas-de-calor\/bomba-de-calor-para-piscinas-18kw\/","title":{"rendered":"Bomba de Calor para Piscinas 18KW"},"content":{"rendered":"\t\t<div data-elementor-type=\"product-post\" data-elementor-id=\"11729\" class=\"elementor elementor-11729\" data-elementor-post-type=\"product\">\n\t\t\t\t\t\t<section class=\"wd-negative-gap elementor-section elementor-top-section elementor-element elementor-element-e36cce3 Product_Description elementor-section-boxed elementor-section-height-default elementor-section-height-default\" data-id=\"e36cce3\" data-element_type=\"section\" data-e-type=\"section\">\n\t\t\t\t\t\t<div class=\"elementor-container elementor-column-gap-default\">\n\t\t\t\t\t<div class=\"elementor-column elementor-col-100 elementor-top-column elementor-element elementor-element-46c5d35\" data-id=\"46c5d35\" data-element_type=\"column\" data-e-type=\"column\" data-settings=\"{&quot;background_background&quot;:&quot;classic&quot;}\">\n\t\t\t<div class=\"elementor-widget-wrap elementor-element-populated\">\n\t\t\t\t\t\t<section class=\"wd-negative-gap elementor-section elementor-inner-section elementor-element elementor-element-57187d6 elementor-section-boxed elementor-section-height-default elementor-section-height-default\" data-id=\"57187d6\" data-element_type=\"section\" data-e-type=\"section\">\n\t\t\t\t\t\t<div class=\"elementor-container elementor-column-gap-default\">\n\t\t\t\t\t<div class=\"elementor-column elementor-col-100 elementor-inner-column elementor-element elementor-element-d11f8f3\" data-id=\"d11f8f3\" data-element_type=\"column\" data-e-type=\"column\">\n\t\t\t<div class=\"elementor-widget-wrap elementor-element-populated\">\n\t\t\t\t\t\t<div class=\"elementor-element elementor-element-43bf938 elementor-widget elementor-widget-wd_tabs\" data-id=\"43bf938\" data-element_type=\"widget\" data-e-type=\"widget\" data-widget_type=\"wd_tabs.default\">\n\t\t\t\t<div class=\"elementor-widget-container\">\n\t\t\t\t\t\t\t<div class=\"wd-tabs tabs-design-default\">\n\t\t\t<div class=\"wd-tabs-header text-center\">\n\t\t\t\t\n\t\t\t\t\n\t\t\t\t<div class=\"wd-nav-wrapper wd-nav-tabs-wrapper wd-mb-action-swipe\">\n\t\t\t\t\t<ul class=\"wd-nav wd-nav-tabs wd-icon-pos-left wd-style-underline\">\n\t\t\t\t\t\t\t\t\t\t\t\t\t\n\t\t\t\t\t\t\t<li>\n\t\t\t\t\t\t\t\t<a href=\"#\" class=\"wd-nav-link\">\n\t\t\t\t\t\t\t\t\t\n\t\t\t\t\t\t\t\t\t<span class=\"nav-link-text wd-tabs-title\">\n\t\t\t\t\t\t\t\t\t\tDESCRIPCI\u00d3N\t\t\t\t\t\t\t\t\t<\/span>\n\t\t\t\t\t\t\t\t<\/a>\n\t\t\t\t\t\t\t<\/li>\n\n\t\t\t\t\t\t\t\t\t\t\t\t\t\n\t\t\t\t\t\t\t<li>\n\t\t\t\t\t\t\t\t<a href=\"#\" class=\"wd-nav-link\">\n\t\t\t\t\t\t\t\t\t\n\t\t\t\t\t\t\t\t\t<span class=\"nav-link-text wd-tabs-title\">\n\t\t\t\t\t\t\t\t\t\tESPECIFICACIONES\t\t\t\t\t\t\t\t\t<\/span>\n\t\t\t\t\t\t\t\t<\/a>\n\t\t\t\t\t\t\t<\/li>\n\n\t\t\t\t\t\t\t\t\t\t\t<\/ul>\n\t\t\t\t<\/div>\n\t\t\t<\/div>\n\n\t\t\t<div class=\"wd-tabs-content-wrapper\">\n\t\t\t\t\t\t\t\t\t\t\t\t\t\t\n\t\t\t\t\t<div class=\"wd-tab-content wd-entry-content\">\n\t\t\t\t\t\t\t\t\t\t\t\t\t<div >\n\t\t\t\t\t\t\t\t<h2>BOMBAS DE CALOR<\/h2><p>Las bombas de calor Enertik \u2013 L\u00ednea BC son m\u00e1quinas t\u00e9rmicas que toman calor de un espacio fr\u00edo y lo transfieren a otro m\u00e1s caliente. Los equipos para piscina y TODO-EN-UNO poseen un compresor Mitsubishi con tecnolog\u00eda inverter y un motor&nbsp;rotatorio<span style=\"font-size: 14px;\"> CC sin escobilla, que permite el calentamiento del agua a doble velocidad.<\/span><\/p><p>Su operaci\u00f3n es s\u00faper silenciosa, con un nivel de ruido de entre 20 y 35 dB, y con una funci\u00f3n de arranque suave con control de corriente preciso que protege el circuito dom\u00e9stico. Adem\u00e1s cuenta con funci\u00f3n de monitoreo y control por wifi integrado.<\/p><p>Las bombas de calor son una tecnolog\u00eda de calefacci\u00f3n y enfriamiento que utiliza energ\u00eda el\u00e9ctrica para mover el calor de un lugar a otro. En lugar de quemar combustible para producir calor, como lo hacen los sistemas de calefacci\u00f3n convencionales, las bombas de calor extraen calor del aire, del suelo o del agua y lo utilizan para calentar un edificio.<\/p><p>Una de las principales ventajas de las bombas de calor es que son muy eficientes. Porque utilizan electricidad en lugar de combustible para producir calor, suelen ser mucho m\u00e1s eficientes que los sistemas de calefacci\u00f3n convencionales. Adem\u00e1s, las bombas de calor pueden ser utilizadas tanto para calentar como para enfriar un edificio, lo que las convierte en una opci\u00f3n vers\u00e1til para el control del clima en el hogar o en la oficina.<\/p><p><span style=\"font-family: Arial; font-size: 14px; font-style: normal; font-variant-caps: normal;\">Las bombas de calor pueden tomar la electricidad de la red, pero tambi\u00e9n pueden complementarse con sistemas fotovoltaicos de varias maneras :<\/span> Una de ellas es utilizando paneles solares fotovoltaicos para generar electricidad y alimentar la bomba de calor. De esta manera, se puede utilizar energ\u00eda solar para calentar o enfriar un edificio de manera eficiente y sostenible. Otro enfoque es utilizar la energ\u00eda solar para calentar agua caliente, y luego utilizar esa agua caliente para calentar el edificio con una bomba de calor.<\/p><p>Otra forma en que las bombas de calor pueden complementarse con sistemas fotovoltaicos es utilizando la energ\u00eda solar para recargar bater\u00edas de almacenamiento de energ\u00eda. Estas bater\u00edas pueden luego ser utilizadas para alimentar la bomba de calor cuando no hay suficiente energ\u00eda solar disponible, como por ejemplo durante la noche o en d\u00edas nublados.<\/p><h2>VENTAJAS<\/h2><ul><li>Funciona con un COP promedio de 11<\/li><li>Operaci\u00f3n super silenciosa con un nivel de ruido de 20-35 dB<\/li><li>La funci\u00f3n de arranque suave con control de corriente preciso protege el circuito dom\u00e9stico<\/li><li>El motor CC sin escobilla y el compresor MITSUBISHI con tecnolog\u00eda Inverter permiten el calentamiento del agua a doble velocidad<\/li><li>Intercambiador de titanio<\/li><li>El control inteligente mantiene la temperatura de la piscina constante minimizando las fluctuaciones<\/li><li>Con conexiones 50mm est\u00e1ndar sin molestia de instalar adaptadores<\/li><li>Funci\u00f3n de monitoreo y control por Wifi integrada<\/li><\/ul><h2>\u00bfQu\u00e9 significa COP?<\/h2><p>El COP (coeficiente de operatividad o coeficiente de rendimiento) de una bomba de calor es la raz\u00f3n entre el calentamiento o enfriamiento proporcionado y la electricidad consumida. Los coeficiente mayores equivalen a menores costes operativos.&nbsp;<\/p><p>Por ejemplo: Si una bomba de calor tiene una capacidad de calefacci\u00f3n de 16.5kW pero solo necesita 1.5kW de consumo, en este caso el COP es 16.5 \/ 1.5 = 11.&nbsp;<br>Es decir, en este caso por cada kW que consume a la entrada, la bomba de calor da 11kW de energ\u00eda en forma de calor a la salida.<\/p>\t\t\t\t\t\t\t<\/div>\n\t\t\t\t\t\t\t\t\t\t\t<\/div>\n\n\t\t\t\t\t\t\t\t\t\t\t\t\t\t\n\t\t\t\t\t<div class=\"wd-tab-content wd-entry-content\">\n\t\t\t\t\t\t\t\t\t\t\t\t\t<div >\n\t\t\t\t\t\t\t\t<table><tbody><tr><td class=\"tbLeft\" colspan=\"2\">Modelo<\/td><td>BC-F180SPR4<\/td><\/tr><tr class=\"tbBorderNone\"><td class=\"tbLeft\" colspan=\"2\">Tama\u00f1o de piscina recomendado (para mantener el agua en 26~28\u00ba C con temp. ambiente &gt; 15\u00ba C)<\/td><td>35~70 m\u00b3<\/td><\/tr><tr><td class=\"tbTit\" colspan=\"3\">Especificaciones para temperatura ambiente 27\u00ba C DB \/ 24.3\u00ba C WB; temp. entrada\/salida 26~28\u00ba C<\/td><\/tr><tr><td class=\"tbLeft\" colspan=\"2\">Capacidad de calefacci\u00f3n (kW)<\/td><td>4.35 ~ 18.0<\/td><\/tr><tr><td class=\"tbLeft\" colspan=\"2\">Potencia de entrada (kW)<\/td><td>0.306 ~ 2.83<\/td><\/tr><tr><td class=\"tbLeft\" colspan=\"2\">COP<\/td><td>14.2 ~ 6.36<\/td><\/tr><tr><td class=\"tbLeft\">Modo de impulso<\/td><td class=\"tbLeft\">Capacidad de calefacci\u00f3n (kW) \/ COP<\/td><td>18 \/ 6.36<\/td><\/tr><tr><td class=\"tbLeft\">Modo inteligente<\/td><td class=\"tbLeft\">Capacidad de calefacci\u00f3n (kW) \/ COP<\/td><td>14.01 \/ 7.5<\/td><\/tr><tr class=\"tbBorderNone\"><td class=\"tbLeft\">Modo silencioso<\/td><td class=\"tbLeft\">Capacidad de calefacci\u00f3n (kW) \/ COP<\/td><td>8.7 \/ 10<\/td><\/tr><tr><td class=\"tbTit\" colspan=\"3\">Especificaciones para temperatura ambiente 15\u00ba C DB \/ 12\u00ba C WB; temp. entrada\/salida 26\u00ba C<\/td><\/tr><tr><td class=\"tbLeft\" colspan=\"2\">Capacidad de calefacci\u00f3n (kW)<\/td><td>3.42 ~ 13.33<\/td><\/tr><tr><td class=\"tbLeft\" colspan=\"2\">Potencia de entrada (kW)<\/td><td>0.453 ~ 2.693<\/td><\/tr><tr><td class=\"tbLeft\" colspan=\"2\">COP<\/td><td>7.55 ~ 4.95<\/td><\/tr><tr><td class=\"tbLeft\">Modo de impulso<\/td><td class=\"tbLeft\">Capacidad de calefacci\u00f3n (kW) \/ COP<\/td><td>13.33 \/ 4.95<\/td><\/tr><tr><td class=\"tbLeft\">Modo inteligente<\/td><td class=\"tbLeft\">Capacidad de calefacci\u00f3n (kW) \/ COP<\/td><td>10.55 \/ 5.68<\/td><\/tr><tr class=\"tbBorderNone\"><td class=\"tbLeft\">Modo silencioso<\/td><td class=\"tbLeft\">Capacidad de calefacci\u00f3n (kW) \/ COP<\/td><td>6.72 \/ 6.51<\/td><\/tr><tr><td class=\"tbTit\" colspan=\"3\">Especificaciones t\u00e9cnicas<\/td><\/tr><tr><td class=\"tbLeft\" colspan=\"2\">Fuente de alimentaci\u00f3n<\/td><td>220~240VCA \/ 1 Fase \/ 50Hz<\/td><\/tr><tr><td class=\"tbLeft\" colspan=\"2\">Potencia de entrada m\u00e1xima (kW)<\/td><td>3.9<\/td><\/tr><tr><td class=\"tbLeft\" colspan=\"2\">Corriente m\u00e1xima (A)<\/td><td>17.7<\/td><\/tr><tr><td class=\"tbLeft\" colspan=\"2\">Rango de temperatura ajustable<\/td><td>-10\u00ba C ~ 43\u00ba C<\/td><\/tr><tr><td class=\"tbLeft\" colspan=\"2\">Rango de temperatura ambiente de funcionamiento<\/td><td>15\u00ba C ~ 40\u00ba C<\/td><\/tr><tr><td class=\"tbLeft\" colspan=\"2\">Tipo de refrigerante<\/td><td>R32 \/ R410A<\/td><\/tr><tr><td class=\"tbLeft\" colspan=\"2\">Compresor<\/td><td>Mitsubishi el\u00e9ctrico \u2013 tecnolog\u00eda inverter<\/td><\/tr><tr><td class=\"tbLeft\" colspan=\"2\">Presi\u00f3n sonora a 1m<\/td><td>24 ~ 48 dB(A)<\/td><\/tr><tr><td class=\"tbLeft\" colspan=\"2\">Caudal de Agua (m\u00b3\/h)<\/td><td>7.7<\/td><\/tr><tr><td class=\"tbLeft\" colspan=\"2\">Ca\u00edda de presi\u00f3n de agua (kPa)<\/td><td>23<\/td><\/tr><tr><td class=\"tbLeft\" colspan=\"2\">Presi\u00f3n de funcionamiento del agua (MPa)<\/td><td>M\u00e1ximo 0.6 \/ M\u00ednimo 0.1<\/td><\/tr><tr><td class=\"tbLeft\" colspan=\"2\">Presi\u00f3n del agua a la entrada (MPa)<\/td><td>M\u00e1ximo 0.6 \/ M\u00ednimo 0.1<\/td><\/tr><tr><td class=\"tbLeft\" colspan=\"2\">Intercambiador de calor del lado del aire<\/td><td>Intercambiador de aletas hidrof\u00edlicas<\/td><\/tr><tr class=\"tbBorderNone\"><td class=\"tbLeft\" colspan=\"2\">Intercambiador de calor del lado del agua<\/td><td>Intercambiador de calor de tubo de titanio<\/td><\/tr><tr><td class=\"tbTit\" colspan=\"3\">Especificaciones f\u00edsicas<\/td><\/tr><tr><td class=\"tbLeft\" colspan=\"2\">Dimensiones (mm)<\/td><td>1000 x 405 x 660<\/td><\/tr><tr><td class=\"tbLeft\" colspan=\"2\">Peso neto (kg)<\/td><td>52<\/td><\/tr><tr><td class=\"tbLeft\" colspan=\"2\">Conexi\u00f3n de tuber\u00eda de agua (mm)<\/td><td>50<\/td><\/tr><\/tbody><\/table>\t\t\t\t\t\t\t<\/div>\n\t\t\t\t\t\t\t\t\t\t\t<\/div>\n\n\t\t\t\t\t\t\t<\/div>\n\t\t<\/div>\n\t\t\t\t\t\t<\/div>\n\t\t\t\t<\/div>\n\t\t\t\t\t<\/div>\n\t\t<\/div>\n\t\t\t\t\t<\/div>\n\t\t<\/section>\n\t\t\t\t\t<\/div>\n\t\t<\/div>\n\t\t\t\t\t<\/div>\n\t\t<\/section>\n\t\t\t\t<section class=\"wd-negative-gap elementor-section elementor-top-section elementor-element elementor-element-eb78511 Link_Buttons elementor-section-boxed elementor-section-height-default elementor-section-height-default\" data-id=\"eb78511\" data-element_type=\"section\" data-e-type=\"section\" data-settings=\"{&quot;background_background&quot;:&quot;classic&quot;}\">\n\t\t\t\t\t\t<div class=\"elementor-container elementor-column-gap-custom\">\n\t\t\t\t\t<div class=\"elementor-column elementor-col-25 elementor-top-column elementor-element elementor-element-f036053\" data-id=\"f036053\" data-element_type=\"column\" data-e-type=\"column\">\n\t\t\t<div class=\"elementor-widget-wrap elementor-element-populated\">\n\t\t\t\t\t\t<div class=\"elementor-element elementor-element-73508ac elementor-view-framed elementor-shape-circle elementor-position-block-start elementor-mobile-position-block-start elementor-widget elementor-widget-icon-box\" data-id=\"73508ac\" data-element_type=\"widget\" data-e-type=\"widget\" data-widget_type=\"icon-box.default\">\n\t\t\t\t\t\t\t<div class=\"elementor-icon-box-wrapper\">\n\n\t\t\t\t\t\t<div class=\"elementor-icon-box-icon\">\n\t\t\t\t<a href=\"https:\/\/play.google.com\/store\/apps\/details?id=com.tuya.smartlife\" target=\"_blank\" class=\"elementor-icon\" tabindex=\"-1\" rel=\"noopener\">\n\t\t\t\t<svg aria-hidden=\"true\" class=\"e-font-icon-svg e-fab-google-play\" viewBox=\"0 0 512 512\" xmlns=\"http:\/\/www.w3.org\/2000\/svg\"><path d=\"M325.3 234.3L104.6 13l280.8 161.2-60.1 60.1zM47 0C34 6.8 25.3 19.2 25.3 35.3v441.3c0 16.1 8.7 28.5 21.7 35.3l256.6-256L47 0zm425.2 225.6l-58.9-34.1-65.7 64.5 65.7 64.5 60.1-34.1c18-14.3 18-46.5-1.2-60.8zM104.6 499l280.8-161.2-60.1-60.1L104.6 499z\"><\/path><\/svg>\t\t\t\t<\/a>\n\t\t\t<\/div>\n\t\t\t\n\t\t\t\t\t\t<div class=\"elementor-icon-box-content\">\n\n\t\t\t\t\n\t\t\t\t\t\t\t\t\t<p class=\"elementor-icon-box-description\">\n\t\t\t\t\t\tAPLICACI\u00d3N ANDROID\t\t\t\t\t<\/p>\n\t\t\t\t\n\t\t\t<\/div>\n\t\t\t\n\t\t<\/div>\n\t\t\t\t\t\t<\/div>\n\t\t\t\t\t<\/div>\n\t\t<\/div>\n\t\t\t\t<div class=\"elementor-column elementor-col-25 elementor-top-column elementor-element elementor-element-fca1fa5\" data-id=\"fca1fa5\" data-element_type=\"column\" data-e-type=\"column\">\n\t\t\t<div class=\"elementor-widget-wrap elementor-element-populated\">\n\t\t\t\t\t\t<div class=\"elementor-element elementor-element-74103e8 elementor-view-framed elementor-shape-circle elementor-position-block-start elementor-mobile-position-block-start elementor-widget elementor-widget-icon-box\" data-id=\"74103e8\" data-element_type=\"widget\" data-e-type=\"widget\" data-widget_type=\"icon-box.default\">\n\t\t\t\t\t\t\t<div class=\"elementor-icon-box-wrapper\">\n\n\t\t\t\t\t\t<div class=\"elementor-icon-box-icon\">\n\t\t\t\t<a href=\"https:\/\/apps.apple.com\/app\/smart-life-smart-living\/id1115101477\" target=\"_blank\" class=\"elementor-icon\" tabindex=\"-1\" rel=\"noopener\">\n\t\t\t\t<svg aria-hidden=\"true\" class=\"e-font-icon-svg e-fab-app-store-ios\" viewBox=\"0 0 448 512\" xmlns=\"http:\/\/www.w3.org\/2000\/svg\"><path d=\"M400 32H48C21.5 32 0 53.5 0 80v352c0 26.5 21.5 48 48 48h352c26.5 0 48-21.5 48-48V80c0-26.5-21.5-48-48-48zM127 384.5c-5.5 9.6-17.8 12.8-27.3 7.3-9.6-5.5-12.8-17.8-7.3-27.3l14.3-24.7c16.1-4.9 29.3-1.1 39.6 11.4L127 384.5zm138.9-53.9H84c-11 0-20-9-20-20s9-20 20-20h51l65.4-113.2-20.5-35.4c-5.5-9.6-2.2-21.8 7.3-27.3 9.6-5.5 21.8-2.2 27.3 7.3l8.9 15.4 8.9-15.4c5.5-9.6 17.8-12.8 27.3-7.3 9.6 5.5 12.8 17.8 7.3 27.3l-85.8 148.6h62.1c20.2 0 31.5 23.7 22.7 40zm98.1 0h-29l19.6 33.9c5.5 9.6 2.2 21.8-7.3 27.3-9.6 5.5-21.8 2.2-27.3-7.3-32.9-56.9-57.5-99.7-74-128.1-16.7-29-4.8-58 7.1-67.8 13.1 22.7 32.7 56.7 58.9 102h52c11 0 20 9 20 20 0 11.1-9 20-20 20z\"><\/path><\/svg>\t\t\t\t<\/a>\n\t\t\t<\/div>\n\t\t\t\n\t\t\t\t\t\t<div class=\"elementor-icon-box-content\">\n\n\t\t\t\t\n\t\t\t\t\t\t\t\t\t<p class=\"elementor-icon-box-description\">\n\t\t\t\t\t\tAPLICACI\u00d3N APPLE IOS\t\t\t\t\t<\/p>\n\t\t\t\t\n\t\t\t<\/div>\n\t\t\t\n\t\t<\/div>\n\t\t\t\t\t\t<\/div>\n\t\t\t\t\t<\/div>\n\t\t<\/div>\n\t\t\t\t<div class=\"elementor-column elementor-col-25 elementor-top-column elementor-element elementor-element-5ca59bb\" data-id=\"5ca59bb\" data-element_type=\"column\" data-e-type=\"column\">\n\t\t\t<div class=\"elementor-widget-wrap elementor-element-populated\">\n\t\t\t\t\t\t<div class=\"elementor-element elementor-element-aa71000 elementor-view-framed elementor-shape-circle elementor-position-block-start elementor-mobile-position-block-start elementor-widget elementor-widget-icon-box\" data-id=\"aa71000\" data-element_type=\"widget\" data-e-type=\"widget\" data-widget_type=\"icon-box.default\">\n\t\t\t\t\t\t\t<div class=\"elementor-icon-box-wrapper\">\n\n\t\t\t\t\t\t<div class=\"elementor-icon-box-icon\">\n\t\t\t\t<a href=\"https:\/\/enertik.com\/ar\/wp-content\/uploads\/sites\/2\/documentos\/manuales\/manual-bomba-de-calor-para-piscina-bc.pdf\" target=\"_blank\" class=\"elementor-icon\" tabindex=\"-1\">\n\t\t\t\t<svg aria-hidden=\"true\" class=\"e-font-icon-svg e-fas-book\" viewBox=\"0 0 448 512\" xmlns=\"http:\/\/www.w3.org\/2000\/svg\"><path d=\"M448 360V24c0-13.3-10.7-24-24-24H96C43 0 0 43 0 96v320c0 53 43 96 96 96h328c13.3 0 24-10.7 24-24v-16c0-7.5-3.5-14.3-8.9-18.7-4.2-15.4-4.2-59.3 0-74.7 5.4-4.3 8.9-11.1 8.9-18.6zM128 134c0-3.3 2.7-6 6-6h212c3.3 0 6 2.7 6 6v20c0 3.3-2.7 6-6 6H134c-3.3 0-6-2.7-6-6v-20zm0 64c0-3.3 2.7-6 6-6h212c3.3 0 6 2.7 6 6v20c0 3.3-2.7 6-6 6H134c-3.3 0-6-2.7-6-6v-20zm253.4 250H96c-17.7 0-32-14.3-32-32 0-17.6 14.4-32 32-32h285.4c-1.9 17.1-1.9 46.9 0 64z\"><\/path><\/svg>\t\t\t\t<\/a>\n\t\t\t<\/div>\n\t\t\t\n\t\t\t\t\t\t<div class=\"elementor-icon-box-content\">\n\n\t\t\t\t\n\t\t\t\t\t\t\t\t\t<p class=\"elementor-icon-box-description\">\n\t\t\t\t\t\tMANUAL\t\t\t\t\t<\/p>\n\t\t\t\t\n\t\t\t<\/div>\n\t\t\t\n\t\t<\/div>\n\t\t\t\t\t\t<\/div>\n\t\t\t\t\t<\/div>\n\t\t<\/div>\n\t\t\t\t<div class=\"elementor-column elementor-col-25 elementor-top-column elementor-element elementor-element-2d1de2f\" data-id=\"2d1de2f\" data-element_type=\"column\" data-e-type=\"column\">\n\t\t\t<div class=\"elementor-widget-wrap elementor-element-populated\">\n\t\t\t\t\t\t<div class=\"elementor-element elementor-element-b77008f elementor-view-framed elementor-shape-circle elementor-position-block-start elementor-mobile-position-block-start elementor-widget elementor-widget-icon-box\" data-id=\"b77008f\" data-element_type=\"widget\" data-e-type=\"widget\" data-widget_type=\"icon-box.default\">\n\t\t\t\t\t\t\t<div class=\"elementor-icon-box-wrapper\">\n\n\t\t\t\t\t\t<div class=\"elementor-icon-box-icon\">\n\t\t\t\t<a href=\"https:\/\/enertik.com\/wp-content\/uploads\/sites\/3\/documentos\/folletos\/bc-piscina-catalogo-102022.pdf\" target=\"_blank\" class=\"elementor-icon\" tabindex=\"-1\">\n\t\t\t\t<svg aria-hidden=\"true\" class=\"e-font-icon-svg e-fas-book-open\" viewBox=\"0 0 576 512\" xmlns=\"http:\/\/www.w3.org\/2000\/svg\"><path d=\"M542.22 32.05c-54.8 3.11-163.72 14.43-230.96 55.59-4.64 2.84-7.27 7.89-7.27 13.17v363.87c0 11.55 12.63 18.85 23.28 13.49 69.18-34.82 169.23-44.32 218.7-46.92 16.89-.89 30.02-14.43 30.02-30.66V62.75c.01-17.71-15.35-31.74-33.77-30.7zM264.73 87.64C197.5 46.48 88.58 35.17 33.78 32.05 15.36 31.01 0 45.04 0 62.75V400.6c0 16.24 13.13 29.78 30.02 30.66 49.49 2.6 149.59 12.11 218.77 46.95 10.62 5.35 23.21-1.94 23.21-13.46V100.63c0-5.29-2.62-10.14-7.27-12.99z\"><\/path><\/svg>\t\t\t\t<\/a>\n\t\t\t<\/div>\n\t\t\t\n\t\t\t\t\t\t<div class=\"elementor-icon-box-content\">\n\n\t\t\t\t\n\t\t\t\t\t\t\t\t\t<p class=\"elementor-icon-box-description\">\n\t\t\t\t\t\tFOLLETO\t\t\t\t\t<\/p>\n\t\t\t\t\n\t\t\t<\/div>\n\t\t\t\n\t\t<\/div>\n\t\t\t\t\t\t<\/div>\n\t\t\t\t\t<\/div>\n\t\t<\/div>\n\t\t\t\t\t<\/div>\n\t\t<\/section>\n\t\t\t\t<\/div>\n\t\t","protected":false},"excerpt":{"rendered":"<p>Esta bomba de calor para piscinas funciona con un COP promedio de 11. Es decir, por cada 1kW de energ\u00eda consumida el equipo es capaz de calentar con una potencia de 11kW (m\u00e1ximo te\u00f3rico), lo cual es extremadamente eficiente. Incluso puede llegar a tener un COP alrededor de 7 en \u00e9pocas fr\u00edas cuando la temperatura del agua es baja. Esto se logra gracias a las tecnolog\u00edas m\u00e1s avanzadas relacionadas con el intercambio de calor. Aunque el entorno parece fr\u00edo, en realidad hay mucha energ\u00eda disuelta en \u00e9l que desaprovechar\u00edamos si simplemente pusi\u00e9ramos un calentador tradicional. Las bombas de calor son capaces de aprovechar y recolectar energ\u00eda disuelta en el aire (calor) y usarla para calentar agua. Ayudan a reducir el uso de la electricidad, ahorrando dinero y cuidando el medio ambiente.<\/p>\n<p>[Este modelo es apto para piscinas que tienen un tama\u00f1o de 35~70 m\u00b3 para mantener una temperatura del agua entre 26~28\u00ba C con una temperatura ambiente superior a los 15\u00ba C]*<\/p>\n","protected":false},"featured_media":8942,"comment_status":"open","ping_status":"closed","template":"","meta":{"_relevanssi_hide_post":"","_relevanssi_hide_content":"","_relevanssi_pin_for_all":"","_relevanssi_pin_keywords":"","_relevanssi_unpin_keywords":"","_relevanssi_related_keywords":"","_relevanssi_related_include_ids":"","_relevanssi_related_exclude_ids":"","_relevanssi_related_no_append":"","_relevanssi_related_not_related":"","_relevanssi_related_posts":"","_relevanssi_noindex_reason":"","inline_featured_image":false},"product_brand":[],"product_cat":[1739],"product_tag":[1958],"class_list":{"0":"post-11729","1":"product","2":"type-product","3":"status-publish","4":"has-post-thumbnail","6":"product_cat-bombas-de-calor","7":"product_tag-nuevos","8":"pa_gtin-3671","9":"pa_marca-enertik","10":"pa_mpn-bc-f180spr4","12":"first","13":"instock","14":"taxable","15":"shipping-taxable","16":"purchasable","17":"product-type-simple"},"bundled_by":[],"bundle_stock_status":"instock","bundle_stock_quantity":11,"bundle_virtual":false,"bundle_layout":"","bundle_add_to_cart_form_location":"","bundle_editable_in_cart":false,"bundle_sold_individually_context":"","bundle_item_grouping":"","bundle_min_size":"","bundle_max_size":"","bundle_price":[],"bundled_items":[],"bundle_sell_ids":[],"group_of_quantity":0,"min_quantity":0,"max_quantity":"","exclude_order_quantity_value_rules":"no","exclude_category_quantity_rules":"no","combine_variations":"no","exclude_global_add_ons":[],"addons":[],"_links":{"self":[{"href":"https:\/\/enertik.com\/ar\/wp-json\/wp\/v2\/product\/11729","targetHints":{"allow":["GET"]}}],"collection":[{"href":"https:\/\/enertik.com\/ar\/wp-json\/wp\/v2\/product"}],"about":[{"href":"https:\/\/enertik.com\/ar\/wp-json\/wp\/v2\/types\/product"}],"replies":[{"embeddable":true,"href":"https:\/\/enertik.com\/ar\/wp-json\/wp\/v2\/comments?post=11729"}],"version-history":[{"count":0,"href":"https:\/\/enertik.com\/ar\/wp-json\/wp\/v2\/product\/11729\/revisions"}],"wp:featuredmedia":[{"embeddable":true,"href":"https:\/\/enertik.com\/ar\/wp-json\/wp\/v2\/media\/8942"}],"wp:attachment":[{"href":"https:\/\/enertik.com\/ar\/wp-json\/wp\/v2\/media?parent=11729"}],"wp:term":[{"taxonomy":"product_brand","embeddable":true,"href":"https:\/\/enertik.com\/ar\/wp-json\/wp\/v2\/product_brand?post=11729"},{"taxonomy":"product_cat","embeddable":true,"href":"https:\/\/enertik.com\/ar\/wp-json\/wp\/v2\/product_cat?post=11729"},{"taxonomy":"product_tag","embeddable":true,"href":"https:\/\/enertik.com\/ar\/wp-json\/wp\/v2\/product_tag?post=11729"}],"curies":[{"name":"wp","href":"https:\/\/api.w.org\/{rel}","templated":true}]}}