{"id":11625,"date":"2023-02-21T11:23:01","date_gmt":"2023-02-21T14:23:01","guid":{"rendered":"https:\/\/test.enertik.com\/ar\/?post_type=product&#038;p=11625"},"modified":"2026-04-10T18:37:50","modified_gmt":"2026-04-10T21:37:50","slug":"bomba-solar-sumergible-centrifuga-1500w-q7","status":"publish","type":"product","link":"https:\/\/enertik.com\/ar\/tienda\/bombeo-solar\/bombas-solares\/sumergibles\/bomba-solar-sumergible-centrifuga-1500w-q7\/","title":{"rendered":"Bomba Solar Sumergible Centr\u00edfuga 1500W Q7"},"content":{"rendered":"\t\t<div data-elementor-type=\"product-post\" data-elementor-id=\"11625\" class=\"elementor elementor-11625\" data-elementor-post-type=\"product\">\n\t\t\t\t\t\t<section class=\"wd-negative-gap elementor-section elementor-top-section elementor-element elementor-element-2c63a81 Product_Description elementor-section-boxed elementor-section-height-default elementor-section-height-default\" data-id=\"2c63a81\" data-element_type=\"section\" data-e-type=\"section\">\n\t\t\t\t\t\t<div class=\"elementor-container elementor-column-gap-default\">\n\t\t\t\t\t<div class=\"elementor-column elementor-col-100 elementor-top-column elementor-element elementor-element-9d4713b\" data-id=\"9d4713b\" data-element_type=\"column\" data-e-type=\"column\" data-settings=\"{&quot;background_background&quot;:&quot;classic&quot;}\">\n\t\t\t<div class=\"elementor-widget-wrap elementor-element-populated\">\n\t\t\t\t\t\t<section class=\"wd-negative-gap elementor-section elementor-inner-section elementor-element elementor-element-b995be1 elementor-section-boxed elementor-section-height-default elementor-section-height-default\" data-id=\"b995be1\" data-element_type=\"section\" data-e-type=\"section\">\n\t\t\t\t\t\t<div class=\"elementor-container elementor-column-gap-default\">\n\t\t\t\t\t<div class=\"elementor-column elementor-col-100 elementor-inner-column elementor-element elementor-element-e8e3f79\" data-id=\"e8e3f79\" data-element_type=\"column\" data-e-type=\"column\">\n\t\t\t<div class=\"elementor-widget-wrap elementor-element-populated\">\n\t\t\t\t\t\t<div class=\"elementor-element elementor-element-108d088 elementor-widget elementor-widget-wd_tabs\" data-id=\"108d088\" data-element_type=\"widget\" data-e-type=\"widget\" data-widget_type=\"wd_tabs.default\">\n\t\t\t\t<div class=\"elementor-widget-container\">\n\t\t\t\t\t\t\t<div class=\"wd-tabs tabs-design-default\">\n\t\t\t<div class=\"wd-tabs-header text-center\">\n\t\t\t\t\n\t\t\t\t\n\t\t\t\t<div class=\"wd-nav-wrapper wd-nav-tabs-wrapper wd-mb-action-swipe\">\n\t\t\t\t\t<ul class=\"wd-nav wd-nav-tabs wd-icon-pos-left wd-style-underline\">\n\t\t\t\t\t\t\t\t\t\t\t\t\t\n\t\t\t\t\t\t\t<li>\n\t\t\t\t\t\t\t\t<a href=\"#\" class=\"wd-nav-link\">\n\t\t\t\t\t\t\t\t\t\n\t\t\t\t\t\t\t\t\t<span class=\"nav-link-text wd-tabs-title\">\n\t\t\t\t\t\t\t\t\t\tDESCRIPCI\u00d3N\t\t\t\t\t\t\t\t\t<\/span>\n\t\t\t\t\t\t\t\t<\/a>\n\t\t\t\t\t\t\t<\/li>\n\n\t\t\t\t\t\t\t\t\t\t\t\t\t\n\t\t\t\t\t\t\t<li>\n\t\t\t\t\t\t\t\t<a href=\"#\" class=\"wd-nav-link\">\n\t\t\t\t\t\t\t\t\t\n\t\t\t\t\t\t\t\t\t<span class=\"nav-link-text wd-tabs-title\">\n\t\t\t\t\t\t\t\t\t\tESPECIFICACIONES\t\t\t\t\t\t\t\t\t<\/span>\n\t\t\t\t\t\t\t\t<\/a>\n\t\t\t\t\t\t\t<\/li>\n\n\t\t\t\t\t\t\t\t\t\t\t<\/ul>\n\t\t\t\t<\/div>\n\t\t\t<\/div>\n\n\t\t\t<div class=\"wd-tabs-content-wrapper\">\n\t\t\t\t\t\t\t\t\t\t\t\t\t\t\n\t\t\t\t\t<div class=\"wd-tab-content wd-entry-content\">\n\t\t\t\t\t\t\t\t\t\t\t\t\t<div >\n\t\t\t\t\t\t\t\t<h2>VENTAJAS<\/h2><ul><li class=\"ulBgColor\">Sistema independiente, no requiere red el\u00e9ctrica ni combustible<\/li><li>Ecol\u00f3gico y silencioso<\/li><li class=\"ulBgColor\">MPPT para obtener m\u00e1xima potencia de los paneles fotovolt\u00e1icos<\/li><li>Permite ser instalado en lugares remotos<\/li><li class=\"ulBgColor\">Estructura de acero inoxidable AISI 304\/316<\/li><li>Funcionamiento autom\u00e1tico y aut\u00f3nomo<\/li><li class=\"ulBgColor\">Funcionan con paneles solares (PV) o CA<\/li><li>Bajo mantenimiento<\/li><li class=\"ulBgColor\">Incluyen sensor de nivel de pozo (protege la bomba)<\/li><li>Incluyen sensor de nivel de tanque (para control autom\u00e1tico)<\/li><li class=\"ulBgColor\">Instalaci\u00f3n r\u00e1pida y sencilla<\/li><\/ul>\t\t\t\t\t\t\t<\/div>\n\t\t\t\t\t\t\t\t\t\t\t<\/div>\n\n\t\t\t\t\t\t\t\t\t\t\t\t\t\t\n\t\t\t\t\t<div class=\"wd-tab-content wd-entry-content\">\n\t\t\t\t\t\t\t\t\t\t\t\t\t<div >\n\t\t\t\t\t\t\t\t<table><tbody><tr><td class=\"tbLeft\">Modelo<\/td><td>BSSC4-130-1500-150V<\/td><\/tr><tr><td class=\"tbLeft\">Tipo<\/td><td>Sumergible \u2013 Centr\u00edfuga<\/td><\/tr><tr class=\"tbBorderNone\"><td class=\"tbLeft\">Altura manom\u00e9trica m\u00e1xima (m)<\/td><td>130<\/td><\/tr><tr><td class=\"tbTit\" colspan=\"2\">Especificaciones el\u00e9ctricas<\/td><\/tr><tr><td class=\"tbLeft\">Tensi\u00f3n nominal<\/td><td>150VCC<\/td><\/tr><tr><td class=\"tbLeft\">Potencia<\/td><td>1500W<\/td><\/tr><tr><td class=\"tbLeft\">Potencia solar m\u00ednima<\/td><td>2250W<\/td><\/tr><tr><td class=\"tbLeft\">Voltaje (Vmp)<\/td><td>150VCC<\/td><\/tr><tr><td class=\"tbLeft\">Voltaje (Voc)<\/td><td>250VCC<\/td><\/tr><tr class=\"tbBorderNone\"><td class=\"tbLeft\">Conexi\u00f3n a 220VCA [grupo electr\u00f3geno \/ red el\u00e9ctrica] (opcional)<\/td><td>S\u00ed<\/td><\/tr><tr class=\"tbBorderNone\"><td class=\"tbTit\" colspan=\"2\">Paneles solares recomendados<\/td><\/tr><tr><td class=\"tbLeft\">Modelo<\/td><td>PS-120<\/td><\/tr><tr><td class=\"tbLeft\">Potencia total<\/td><td>2400W<\/td><\/tr><tr class=\"tbBorderNone\"><td class=\"tbLeft\">Cantidad de paneles (en serie)<\/td><td>20 x 120W (10 en serie x 2 en paralelo)<\/td><\/tr><tr><td class=\"tbTit\" colspan=\"2\">Caudal<\/td><\/tr><tr class=\"tbBorderNone\"><td class=\"tbLeft\">Caudal m\u00e1ximo (m\u00b3\/h)<\/td><td>7<\/td><\/tr><tr><td class=\"tbTit\" colspan=\"2\">Especificaciones f\u00edsicas<\/td><\/tr><tr><td class=\"tbLeft\">Dimensiones (Largo x Ancho x Alto) en mm<\/td><td>960 x 440 x 220<\/td><\/tr><tr><td class=\"tbLeft\">Peso neto (kg)<\/td><td>29.6<\/td><\/tr><tr><td class=\"tbLeft\">Di\u00e1metro de perforaci\u00f3n (\u201c)<\/td><td>4<\/td><\/tr><tr><td class=\"tbLeft\">Di\u00e1metro ca\u00f1o de salida (\u201c)<\/td><td>2<\/td><\/tr><\/tbody><\/table><p>\u00a0<\/p><h3 style=\"text-align: center;\"><strong>CURVA DE RENDIMIENTO<\/strong><\/h3><p><img decoding=\"async\" class=\" wd-lazy-fade aligncenter wp-image-12740 size-full\" src=\"https:\/\/enertik.com\/ar\/wp-content\/themes\/woodmart\/images\/lazy.svg\" data-src=\"https:\/\/enertik.com\/ar\/wp-content\/uploads\/sites\/2\/imagenes\/bombas-solares\/curva-de-rendimiento-bomba-solar-bssc4-130-1500-150v-edited-1.webp\" alt=\"Curva De Rendimiento Bomba Solar Bssc4 130 1500 150v Edited\" width=\"2054\" height=\"1334\" title=\"\" srcset=\"\" data-srcset=\"https:\/\/enertik.com\/ar\/wp-content\/uploads\/sites\/2\/imagenes\/bombas-solares\/curva-de-rendimiento-bomba-solar-bssc4-130-1500-150v-edited-1.webp 2054w, https:\/\/enertik.com\/ar\/wp-content\/uploads\/sites\/2\/imagenes\/bombas-solares\/curva-de-rendimiento-bomba-solar-bssc4-130-1500-150v-edited-1-300x195.webp 300w, https:\/\/enertik.com\/ar\/wp-content\/uploads\/sites\/2\/imagenes\/bombas-solares\/curva-de-rendimiento-bomba-solar-bssc4-130-1500-150v-edited-1-1232x800.webp 1232w, https:\/\/enertik.com\/ar\/wp-content\/uploads\/sites\/2\/imagenes\/bombas-solares\/curva-de-rendimiento-bomba-solar-bssc4-130-1500-150v-edited-1-768x499.webp 768w, https:\/\/enertik.com\/ar\/wp-content\/uploads\/sites\/2\/imagenes\/bombas-solares\/curva-de-rendimiento-bomba-solar-bssc4-130-1500-150v-edited-1-1536x998.webp 1536w, https:\/\/enertik.com\/ar\/wp-content\/uploads\/sites\/2\/imagenes\/bombas-solares\/curva-de-rendimiento-bomba-solar-bssc4-130-1500-150v-edited-1-2048x1330.webp 2048w, https:\/\/enertik.com\/ar\/wp-content\/uploads\/sites\/2\/imagenes\/bombas-solares\/curva-de-rendimiento-bomba-solar-bssc4-130-1500-150v-edited-1-860x559.webp 860w, https:\/\/enertik.com\/ar\/wp-content\/uploads\/sites\/2\/imagenes\/bombas-solares\/curva-de-rendimiento-bomba-solar-bssc4-130-1500-150v-edited-1-430x279.webp 430w, https:\/\/enertik.com\/ar\/wp-content\/uploads\/sites\/2\/imagenes\/bombas-solares\/curva-de-rendimiento-bomba-solar-bssc4-130-1500-150v-edited-1-700x455.webp 700w, https:\/\/enertik.com\/ar\/wp-content\/uploads\/sites\/2\/imagenes\/bombas-solares\/curva-de-rendimiento-bomba-solar-bssc4-130-1500-150v-edited-1-150x97.webp 150w\" sizes=\"(max-width: 2054px) 100vw, 2054px\" \/><\/p><table><tbody><tr><td class=\"tbTitcentral\">Caudal (m\u00b3\/h)<\/td><td class=\"tbTitcentral\">Altura manom\u00e9trica (m)<\/td><\/tr><tr><td>0<\/td><td>130<\/td><\/tr><tr><td>2<\/td><td>80<\/td><\/tr><tr><td>4<\/td><td>53<\/td><\/tr><tr><td>6<\/td><td>27<\/td><\/tr><\/tbody><\/table>\t\t\t\t\t\t\t<\/div>\n\t\t\t\t\t\t\t\t\t\t\t<\/div>\n\n\t\t\t\t\t\t\t<\/div>\n\t\t<\/div>\n\t\t\t\t\t\t<\/div>\n\t\t\t\t<\/div>\n\t\t\t\t\t<\/div>\n\t\t<\/div>\n\t\t\t\t\t<\/div>\n\t\t<\/section>\n\t\t\t\t\t<\/div>\n\t\t<\/div>\n\t\t\t\t\t<\/div>\n\t\t<\/section>\n\t\t\t\t<section class=\"wd-negative-gap elementor-section elementor-top-section elementor-element elementor-element-2001f46 Link_Buttons elementor-section-boxed elementor-section-height-default elementor-section-height-default\" data-id=\"2001f46\" data-element_type=\"section\" data-e-type=\"section\" data-settings=\"{&quot;background_background&quot;:&quot;classic&quot;}\">\n\t\t\t\t\t\t<div class=\"elementor-container elementor-column-gap-custom\">\n\t\t\t\t\t<div class=\"elementor-column elementor-col-50 elementor-top-column elementor-element elementor-element-7e92f8b\" data-id=\"7e92f8b\" data-element_type=\"column\" data-e-type=\"column\">\n\t\t\t<div class=\"elementor-widget-wrap elementor-element-populated\">\n\t\t\t\t\t\t<div class=\"elementor-element elementor-element-6a93766 elementor-view-framed elementor-shape-circle elementor-position-block-start elementor-mobile-position-block-start elementor-widget elementor-widget-icon-box\" data-id=\"6a93766\" data-element_type=\"widget\" data-e-type=\"widget\" data-widget_type=\"icon-box.default\">\n\t\t\t\t\t\t\t<div class=\"elementor-icon-box-wrapper\">\n\n\t\t\t\t\t\t<div class=\"elementor-icon-box-icon\">\n\t\t\t\t<a href=\"https:\/\/enertik.com\/wp-content\/uploads\/sites\/2\/documentos\/folletos\/catalogo-bombas-de-agua-sumergibles-solares.pdf\" target=\"_blank\" class=\"elementor-icon\" tabindex=\"-1\">\n\t\t\t\t<svg aria-hidden=\"true\" class=\"e-font-icon-svg e-fas-book-open\" viewBox=\"0 0 576 512\" xmlns=\"http:\/\/www.w3.org\/2000\/svg\"><path d=\"M542.22 32.05c-54.8 3.11-163.72 14.43-230.96 55.59-4.64 2.84-7.27 7.89-7.27 13.17v363.87c0 11.55 12.63 18.85 23.28 13.49 69.18-34.82 169.23-44.32 218.7-46.92 16.89-.89 30.02-14.43 30.02-30.66V62.75c.01-17.71-15.35-31.74-33.77-30.7zM264.73 87.64C197.5 46.48 88.58 35.17 33.78 32.05 15.36 31.01 0 45.04 0 62.75V400.6c0 16.24 13.13 29.78 30.02 30.66 49.49 2.6 149.59 12.11 218.77 46.95 10.62 5.35 23.21-1.94 23.21-13.46V100.63c0-5.29-2.62-10.14-7.27-12.99z\"><\/path><\/svg>\t\t\t\t<\/a>\n\t\t\t<\/div>\n\t\t\t\n\t\t\t\t\t\t<div class=\"elementor-icon-box-content\">\n\n\t\t\t\t\n\t\t\t\t\t\t\t\t\t<p class=\"elementor-icon-box-description\">\n\t\t\t\t\t\tFOLLETO\t\t\t\t\t<\/p>\n\t\t\t\t\n\t\t\t<\/div>\n\t\t\t\n\t\t<\/div>\n\t\t\t\t\t\t<\/div>\n\t\t\t\t\t<\/div>\n\t\t<\/div>\n\t\t\t\t<div class=\"elementor-column elementor-col-50 elementor-top-column elementor-element elementor-element-9e29991\" data-id=\"9e29991\" data-element_type=\"column\" data-e-type=\"column\">\n\t\t\t<div class=\"elementor-widget-wrap elementor-element-populated\">\n\t\t\t\t\t\t<div class=\"elementor-element elementor-element-2be76fb elementor-view-framed elementor-shape-circle elementor-position-block-start elementor-mobile-position-block-start elementor-widget elementor-widget-icon-box\" data-id=\"2be76fb\" data-element_type=\"widget\" data-e-type=\"widget\" data-widget_type=\"icon-box.default\">\n\t\t\t\t\t\t\t<div class=\"elementor-icon-box-wrapper\">\n\n\t\t\t\t\t\t<div class=\"elementor-icon-box-icon\">\n\t\t\t\t<a href=\"https:\/\/enertik.com\/wp-content\/uploads\/sites\/2\/documentos\/manuales\/manual-controlador-bomba-solar-bssc.pdf\" target=\"_blank\" class=\"elementor-icon\" tabindex=\"-1\">\n\t\t\t\t<svg aria-hidden=\"true\" class=\"e-font-icon-svg e-fas-book\" viewBox=\"0 0 448 512\" xmlns=\"http:\/\/www.w3.org\/2000\/svg\"><path d=\"M448 360V24c0-13.3-10.7-24-24-24H96C43 0 0 43 0 96v320c0 53 43 96 96 96h328c13.3 0 24-10.7 24-24v-16c0-7.5-3.5-14.3-8.9-18.7-4.2-15.4-4.2-59.3 0-74.7 5.4-4.3 8.9-11.1 8.9-18.6zM128 134c0-3.3 2.7-6 6-6h212c3.3 0 6 2.7 6 6v20c0 3.3-2.7 6-6 6H134c-3.3 0-6-2.7-6-6v-20zm0 64c0-3.3 2.7-6 6-6h212c3.3 0 6 2.7 6 6v20c0 3.3-2.7 6-6 6H134c-3.3 0-6-2.7-6-6v-20zm253.4 250H96c-17.7 0-32-14.3-32-32 0-17.6 14.4-32 32-32h285.4c-1.9 17.1-1.9 46.9 0 64z\"><\/path><\/svg>\t\t\t\t<\/a>\n\t\t\t<\/div>\n\t\t\t\n\t\t\t\t\t\t<div class=\"elementor-icon-box-content\">\n\n\t\t\t\t\n\t\t\t\t\t\t\t\t\t<p class=\"elementor-icon-box-description\">\n\t\t\t\t\t\tMANUAL\t\t\t\t\t<\/p>\n\t\t\t\t\n\t\t\t<\/div>\n\t\t\t\n\t\t<\/div>\n\t\t\t\t\t\t<\/div>\n\t\t\t\t\t<\/div>\n\t\t<\/div>\n\t\t\t\t\t<\/div>\n\t\t<\/section>\n\t\t\t\t<\/div>\n\t\t","protected":false},"excerpt":{"rendered":"<p>Di\u00e1metro 4&#8243;. Potencia: 1500W. Variante con a\u00fan m\u00e1s profundiad m\u00e1xima (Altura manom\u00e9trica m\u00e1xima 130m).Tipo Impeller de acero inoxidable. Sistema independiente con tecnolog\u00eda MPPT. Ideal para ser instalado en lugares remotos ya que funciona de forma autom\u00e1tica y aut\u00f3noma e incluye sensor de nivel de pozo \/ de tanque. Estructura de acero inoxidable. Funcionan con y sin bater\u00edas.<\/p>\n","protected":false},"featured_media":9031,"comment_status":"open","ping_status":"closed","template":"","meta":{"_relevanssi_hide_post":"","_relevanssi_hide_content":"","_relevanssi_pin_for_all":"","_relevanssi_pin_keywords":"","_relevanssi_unpin_keywords":"","_relevanssi_related_keywords":"","_relevanssi_related_include_ids":"","_relevanssi_related_exclude_ids":"","_relevanssi_related_no_append":"","_relevanssi_related_not_related":"","_relevanssi_related_posts":"","_relevanssi_noindex_reason":"","inline_featured_image":false},"product_brand":[],"product_cat":[1716,1717],"product_tag":[],"class_list":{"0":"post-11625","1":"product","2":"type-product","3":"status-publish","4":"has-post-thumbnail","6":"product_cat-bombas-solares","7":"product_cat-sumergibles","8":"pa_altura-130m","9":"pa_caudal-7-m3-h","10":"pa_diametro-770","11":"pa_marca-enertik","12":"pa_mpn-bssc4-130-1500-150v","13":"pa_potencia-1500w","14":"pa_voltaje-150vdc","16":"first","17":"instock","18":"taxable","19":"shipping-taxable","20":"purchasable","21":"product-type-simple"},"bundled_by":[],"bundle_stock_status":"instock","bundle_stock_quantity":1,"bundle_virtual":false,"bundle_layout":"","bundle_add_to_cart_form_location":"","bundle_editable_in_cart":false,"bundle_sold_individually_context":"","bundle_item_grouping":"","bundle_min_size":"","bundle_max_size":"","bundle_price":[],"bundled_items":[],"bundle_sell_ids":[],"group_of_quantity":0,"min_quantity":0,"max_quantity":"","exclude_order_quantity_value_rules":"no","exclude_category_quantity_rules":"no","combine_variations":"no","exclude_global_add_ons":[],"addons":[],"_links":{"self":[{"href":"https:\/\/enertik.com\/ar\/wp-json\/wp\/v2\/product\/11625","targetHints":{"allow":["GET"]}}],"collection":[{"href":"https:\/\/enertik.com\/ar\/wp-json\/wp\/v2\/product"}],"about":[{"href":"https:\/\/enertik.com\/ar\/wp-json\/wp\/v2\/types\/product"}],"replies":[{"embeddable":true,"href":"https:\/\/enertik.com\/ar\/wp-json\/wp\/v2\/comments?post=11625"}],"version-history":[{"count":0,"href":"https:\/\/enertik.com\/ar\/wp-json\/wp\/v2\/product\/11625\/revisions"}],"wp:featuredmedia":[{"embeddable":true,"href":"https:\/\/enertik.com\/ar\/wp-json\/wp\/v2\/media\/9031"}],"wp:attachment":[{"href":"https:\/\/enertik.com\/ar\/wp-json\/wp\/v2\/media?parent=11625"}],"wp:term":[{"taxonomy":"product_brand","embeddable":true,"href":"https:\/\/enertik.com\/ar\/wp-json\/wp\/v2\/product_brand?post=11625"},{"taxonomy":"product_cat","embeddable":true,"href":"https:\/\/enertik.com\/ar\/wp-json\/wp\/v2\/product_cat?post=11625"},{"taxonomy":"product_tag","embeddable":true,"href":"https:\/\/enertik.com\/ar\/wp-json\/wp\/v2\/product_tag?post=11625"}],"curies":[{"name":"wp","href":"https:\/\/api.w.org\/{rel}","templated":true}]}}