{"id":11592,"date":"2023-02-21T11:22:36","date_gmt":"2023-02-21T14:22:36","guid":{"rendered":"https:\/\/test.enertik.com\/ar\/?post_type=product&#038;p=11592"},"modified":"2026-04-02T05:55:44","modified_gmt":"2026-04-02T08:55:44","slug":"inversor-de-onda-senoidal-pura-12v-220v-1200w","status":"publish","type":"product","link":"https:\/\/enertik.com\/ar\/tienda\/inversores\/inversores-senoidal-pura\/inversor-de-onda-senoidal-pura-12v-220v-1200w\/","title":{"rendered":"Inversor de Onda Senoidal Pura 12V &#8211; 220V 1200W"},"content":{"rendered":"\t\t<div data-elementor-type=\"product-post\" data-elementor-id=\"11592\" class=\"elementor elementor-11592\" data-elementor-post-type=\"product\">\n\t\t\t\t\t\t<section class=\"wd-negative-gap elementor-section elementor-top-section elementor-element elementor-element-81597f7 Product_Description elementor-section-boxed elementor-section-height-default elementor-section-height-default\" data-id=\"81597f7\" data-element_type=\"section\" data-e-type=\"section\">\n\t\t\t\t\t\t<div class=\"elementor-container elementor-column-gap-default\">\n\t\t\t\t\t<div class=\"elementor-column elementor-col-100 elementor-top-column elementor-element elementor-element-42fdc3f\" data-id=\"42fdc3f\" data-element_type=\"column\" data-e-type=\"column\" data-settings=\"{&quot;background_background&quot;:&quot;classic&quot;}\">\n\t\t\t<div class=\"elementor-widget-wrap elementor-element-populated\">\n\t\t\t\t\t\t<section class=\"wd-negative-gap elementor-section elementor-inner-section elementor-element elementor-element-f41f6e6 elementor-section-boxed elementor-section-height-default elementor-section-height-default\" data-id=\"f41f6e6\" data-element_type=\"section\" data-e-type=\"section\">\n\t\t\t\t\t\t<div class=\"elementor-container elementor-column-gap-default\">\n\t\t\t\t\t<div class=\"elementor-column elementor-col-100 elementor-inner-column elementor-element elementor-element-8504886\" data-id=\"8504886\" data-element_type=\"column\" data-e-type=\"column\">\n\t\t\t<div class=\"elementor-widget-wrap elementor-element-populated\">\n\t\t\t\t\t\t<div class=\"elementor-element elementor-element-eb18ab3 elementor-widget elementor-widget-wd_tabs\" data-id=\"eb18ab3\" data-element_type=\"widget\" data-e-type=\"widget\" data-widget_type=\"wd_tabs.default\">\n\t\t\t\t<div class=\"elementor-widget-container\">\n\t\t\t\t\t\t\t<div class=\"wd-tabs tabs-design-default\">\n\t\t\t<div class=\"wd-tabs-header text-center\">\n\t\t\t\t\n\t\t\t\t\n\t\t\t\t<div class=\"wd-nav-wrapper wd-nav-tabs-wrapper wd-mb-action-swipe\">\n\t\t\t\t\t<ul class=\"wd-nav wd-nav-tabs wd-icon-pos-left wd-style-underline\">\n\t\t\t\t\t\t\t\t\t\t\t\t\t\n\t\t\t\t\t\t\t<li>\n\t\t\t\t\t\t\t\t<a href=\"#\" class=\"wd-nav-link\">\n\t\t\t\t\t\t\t\t\t\n\t\t\t\t\t\t\t\t\t<span class=\"nav-link-text wd-tabs-title\">\n\t\t\t\t\t\t\t\t\t\tDESCRIPCI\u00d3N\t\t\t\t\t\t\t\t\t<\/span>\n\t\t\t\t\t\t\t\t<\/a>\n\t\t\t\t\t\t\t<\/li>\n\n\t\t\t\t\t\t\t\t\t\t\t\t\t\n\t\t\t\t\t\t\t<li>\n\t\t\t\t\t\t\t\t<a href=\"#\" class=\"wd-nav-link\">\n\t\t\t\t\t\t\t\t\t\n\t\t\t\t\t\t\t\t\t<span class=\"nav-link-text wd-tabs-title\">\n\t\t\t\t\t\t\t\t\t\tESPECIFICACIONES\t\t\t\t\t\t\t\t\t<\/span>\n\t\t\t\t\t\t\t\t<\/a>\n\t\t\t\t\t\t\t<\/li>\n\n\t\t\t\t\t\t\t\t\t\t\t<\/ul>\n\t\t\t\t<\/div>\n\t\t\t<\/div>\n\n\t\t\t<div class=\"wd-tabs-content-wrapper\">\n\t\t\t\t\t\t\t\t\t\t\t\t\t\t\n\t\t\t\t\t<div class=\"wd-tab-content wd-entry-content\">\n\t\t\t\t\t\t\t\t\t\t\t\t\t<div >\n\t\t\t\t\t\t\t\t<h2>VENTAJAS<\/h2><ul class=\"ulMiddle\"><li class=\"ulBgColor\">Salida senoidal pura<\/li><li>Alta potencia de pico<\/li><li class=\"ulBgColor\">Tecnolog\u00eda switching<\/li><li>Control por microprocesador<\/li><li class=\"ulBgColor\">Adaptaci\u00f3n din\u00e1mica de la tensi\u00f3n de salida<\/li><li>Tama\u00f1o y peso reducidos<\/li><li class=\"ulBgColor\">Gabinete de aluminio<\/li><li>Resistente a vibraciones y corrosi\u00f3n<\/li><li class=\"ulBgColor\">Protecciones autom\u00e1ticas (Re-Start)<\/li><li>Forzadores autom\u00e1ticos<\/li><li class=\"ulBgColor\">Borneras de conexi\u00f3n<\/li><li>Cables de alimentaci\u00f3n<\/li><li class=\"ulBgColor\">Alarmas audibles y visuales<\/li><\/ul><h2>PROTECCIONES DEL EQUIPO<\/h2><ul class=\"ulMiddle\"><li class=\"ulBgColor\">Cortocircuito<\/li><li>Sobrecarga<\/li><li class=\"ulBgColor\">Alta tensi\u00f3n de entrada<\/li><li>Baja tensi\u00f3n de entrada<\/li><li class=\"ulBgColor\">Sobre temperatura<\/li><li>Inversi\u00f3n polaridad<\/li><\/ul><p>\u00a0<\/p><p>*** La versi\u00f3n nueva de este modelo cuenta con una mejora en cuanto a la topolog\u00eda el\u00e9ctrica y la eficiencia, y se ha hecho compatible con el panel de control remoto IE-PR (se comercializa por separado). Sin embargo, puede tener solamente un enchufe de salida. Por favor consulte con su representante de venta en caso de dudas.<\/p>\t\t\t\t\t\t\t<\/div>\n\t\t\t\t\t\t\t\t\t\t\t<\/div>\n\n\t\t\t\t\t\t\t\t\t\t\t\t\t\t\n\t\t\t\t\t<div class=\"wd-tab-content wd-entry-content\">\n\t\t\t\t\t\t\t\t\t\t\t\t\t<div >\n\t\t\t\t\t\t\t\t\n<table>\n<tbody>\n<tr class=\"tbBorderNone\">\n<td class=\"tbLeft\">Modelo<\/td>\n<td>IS-1200-12<\/td>\n<td>IS-1200-24<\/td>\n<td>IS-1200-48<\/td>\n<\/tr>\n<tr>\n<td colspan=\"4\" class=\"tbTit\">Especificaciones el\u00e9ctricas<\/td>\n<\/tr>\n<tr>\n<td class=\"tbLeft\">Potencia continua<\/td>\n<td colspan=\"3\">1200W<\/td>\n<\/tr>\n<tr>\n<td class=\"tbLeft\">Potencia de pico<\/td>\n<td colspan=\"3\">2400W<\/td>\n<\/tr>\n<tr>\n<td class=\"tbLeft\">Voltaje de salida<\/td>\n<td colspan=\"3\">220VCA<\/td>\n<\/tr>\n<tr>\n<td class=\"tbLeft\">Regulaci\u00f3n salida<\/td>\n<td colspan=\"3\">\u00b1 5%<\/td>\n<\/tr>\n<tr>\n<td class=\"tbLeft\">Forma de onda<\/td>\n<td colspan=\"3\">Senoidal pura<\/td>\n<\/tr>\n<tr>\n<td class=\"tbLeft\">Voltaje de entrada<\/td>\n<td>10~16VCC<\/td>\n<td>20~32VCC<\/td>\n<td>40~64VCC<\/td>\n<\/tr>\n<tr>\n<td class=\"tbLeft\">Alarma bajo voltaje<\/td>\n<td>11V \u00b1 0,5V<\/td>\n<td>22V \u00b1 1V<\/td>\n<td>44V \u00b1 2V<\/td>\n<\/tr>\n<tr>\n<td class=\"tbLeft\">Protecci\u00f3n bajo voltaje<\/td>\n<td>10V \u00b1 0,5V<\/td>\n<td>20V \u00b1 1V<\/td>\n<td>42V \u00b1 2V<\/td>\n<\/tr>\n<tr>\n<td class=\"tbLeft\">Protecci\u00f3n alto voltaje<\/td>\n<td>16V \u00b1 0,5V<\/td>\n<td>32V \u00b1 1V<\/td>\n<td>64V \u00b1 2V<\/td>\n<\/tr>\n<tr>\n<td class=\"tbLeft\">Frecuencia<\/td>\n<td colspan=\"3\">50Hz \u00b1 3%<\/td>\n<\/tr>\n<tr>\n<td class=\"tbLeft\">Eficiencia<\/td>\n<td colspan=\"3\">&gt; 90%<\/td>\n<\/tr>\n<tr class=\"tbBorderNone\">\n<td class=\"tbLeft\">Corriente en vac\u00edo<\/td>\n<td>&lt; 0,6A<\/td>\n<td>&lt; 0,3A<\/td>\n<td>&lt; 0,1A<\/td>\n<\/tr>\n<tr>\n<td colspan=\"4\" class=\"tbTit\">Datos generales<\/td>\n<\/tr>\n<tr>\n<td class=\"tbLeft\">Refrigeraci\u00f3n<\/td>\n<td colspan=\"3\">Autom\u00e1tica \u2013 Forzador<\/td>\n<\/tr>\n<tr>\n<td class=\"tbLeft\">Cables de conexi\u00f3n<\/td>\n<td colspan=\"3\">S\u00ed<\/td>\n<\/tr>\n<tr>\n<td class=\"tbLeft\">Protecci\u00f3n bajo y alto voltaje de entrada<\/td>\n<td colspan=\"3\">S\u00ed<\/td>\n<\/tr>\n<tr>\n<td class=\"tbLeft\">Protecci\u00f3n de sobrecarga<\/td>\n<td colspan=\"3\">S\u00ed<\/td>\n<\/tr>\n<tr>\n<td class=\"tbLeft\">Protecci\u00f3n de cortocircuito<\/td>\n<td colspan=\"3\">S\u00ed<\/td>\n<\/tr>\n<tr>\n<td class=\"tbLeft\">Protecci\u00f3n de temperatura<\/td>\n<td colspan=\"3\">55\u00baC \u00b1 5\u00baC<\/td>\n<\/tr>\n<tr>\n<td class=\"tbLeft\">Protecci\u00f3n de inversi\u00f3n de polaridad<\/td>\n<td colspan=\"3\">Por Fusible<\/td>\n<\/tr>\n<tr>\n<td class=\"tbLeft\">Temperatura de trabajo<\/td>\n<td colspan=\"3\">-20\u00baC ~ 50\u00baC<\/td>\n<\/tr>\n<tr>\n<td class=\"tbLeft\">Dimensiones (mm)<\/td>\n<td colspan=\"3\">430 x 179 x 82<\/td>\n<\/tr>\n<tr>\n<td class=\"tbLeft\">Peso neto (kg)<\/td>\n<td colspan=\"3\">4<\/td>\n<\/tr>\n<\/tbody>\n<\/table>\t\t\t\t\t\t\t<\/div>\n\t\t\t\t\t\t\t\t\t\t\t<\/div>\n\n\t\t\t\t\t\t\t<\/div>\n\t\t<\/div>\n\t\t\t\t\t\t<\/div>\n\t\t\t\t<\/div>\n\t\t\t\t\t<\/div>\n\t\t<\/div>\n\t\t\t\t\t<\/div>\n\t\t<\/section>\n\t\t\t\t\t<\/div>\n\t\t<\/div>\n\t\t\t\t\t<\/div>\n\t\t<\/section>\n\t\t\t\t<section class=\"wd-negative-gap elementor-section elementor-top-section elementor-element elementor-element-fabde71 Link_Buttons elementor-section-boxed elementor-section-height-default elementor-section-height-default\" data-id=\"fabde71\" data-element_type=\"section\" data-e-type=\"section\" data-settings=\"{&quot;background_background&quot;:&quot;classic&quot;}\">\n\t\t\t\t\t\t<div class=\"elementor-container elementor-column-gap-custom\">\n\t\t\t\t\t<div class=\"elementor-column elementor-col-33 elementor-top-column elementor-element elementor-element-a2d92d8\" data-id=\"a2d92d8\" data-element_type=\"column\" data-e-type=\"column\">\n\t\t\t<div class=\"elementor-widget-wrap elementor-element-populated\">\n\t\t\t\t\t\t<div class=\"elementor-element elementor-element-d7feef1 elementor-view-framed elementor-shape-circle elementor-position-block-start elementor-mobile-position-block-start elementor-widget elementor-widget-icon-box\" data-id=\"d7feef1\" data-element_type=\"widget\" data-e-type=\"widget\" data-widget_type=\"icon-box.default\">\n\t\t\t\t\t\t\t<div class=\"elementor-icon-box-wrapper\">\n\n\t\t\t\t\t\t<div class=\"elementor-icon-box-icon\">\n\t\t\t\t<a href=\"\/ar\/aplicaciones\/\" target=\"_blank\" class=\"elementor-icon\" tabindex=\"-1\">\n\t\t\t\t<svg aria-hidden=\"true\" class=\"e-font-icon-svg e-fas-check\" viewBox=\"0 0 512 512\" xmlns=\"http:\/\/www.w3.org\/2000\/svg\"><path d=\"M173.898 439.404l-166.4-166.4c-9.997-9.997-9.997-26.206 0-36.204l36.203-36.204c9.997-9.998 26.207-9.998 36.204 0L192 312.69 432.095 72.596c9.997-9.997 26.207-9.997 36.204 0l36.203 36.204c9.997 9.997 9.997 26.206 0 36.204l-294.4 294.401c-9.998 9.997-26.207 9.997-36.204-.001z\"><\/path><\/svg>\t\t\t\t<\/a>\n\t\t\t<\/div>\n\t\t\t\n\t\t\t\t\t\t<div class=\"elementor-icon-box-content\">\n\n\t\t\t\t\n\t\t\t\t\t\t\t\t\t<p class=\"elementor-icon-box-description\">\n\t\t\t\t\t\tAPLICACIONES\t\t\t\t\t<\/p>\n\t\t\t\t\n\t\t\t<\/div>\n\t\t\t\n\t\t<\/div>\n\t\t\t\t\t\t<\/div>\n\t\t\t\t\t<\/div>\n\t\t<\/div>\n\t\t\t\t<div class=\"elementor-column elementor-col-33 elementor-top-column elementor-element elementor-element-6325ca2\" data-id=\"6325ca2\" data-element_type=\"column\" data-e-type=\"column\">\n\t\t\t<div class=\"elementor-widget-wrap elementor-element-populated\">\n\t\t\t\t\t\t<div class=\"elementor-element elementor-element-b8be6c1 elementor-view-framed elementor-shape-circle elementor-position-block-start elementor-mobile-position-block-start elementor-widget elementor-widget-icon-box\" data-id=\"b8be6c1\" data-element_type=\"widget\" data-e-type=\"widget\" data-widget_type=\"icon-box.default\">\n\t\t\t\t\t\t\t<div class=\"elementor-icon-box-wrapper\">\n\n\t\t\t\t\t\t<div class=\"elementor-icon-box-icon\">\n\t\t\t\t<a href=\"https:\/\/enertik.com\/wp-content\/uploads\/sites\/2\/documentos\/manuales\/manual-inversor-is-1200.pdf\" target=\"_blank\" class=\"elementor-icon\" tabindex=\"-1\">\n\t\t\t\t<svg aria-hidden=\"true\" class=\"e-font-icon-svg e-fas-book\" viewBox=\"0 0 448 512\" xmlns=\"http:\/\/www.w3.org\/2000\/svg\"><path d=\"M448 360V24c0-13.3-10.7-24-24-24H96C43 0 0 43 0 96v320c0 53 43 96 96 96h328c13.3 0 24-10.7 24-24v-16c0-7.5-3.5-14.3-8.9-18.7-4.2-15.4-4.2-59.3 0-74.7 5.4-4.3 8.9-11.1 8.9-18.6zM128 134c0-3.3 2.7-6 6-6h212c3.3 0 6 2.7 6 6v20c0 3.3-2.7 6-6 6H134c-3.3 0-6-2.7-6-6v-20zm0 64c0-3.3 2.7-6 6-6h212c3.3 0 6 2.7 6 6v20c0 3.3-2.7 6-6 6H134c-3.3 0-6-2.7-6-6v-20zm253.4 250H96c-17.7 0-32-14.3-32-32 0-17.6 14.4-32 32-32h285.4c-1.9 17.1-1.9 46.9 0 64z\"><\/path><\/svg>\t\t\t\t<\/a>\n\t\t\t<\/div>\n\t\t\t\n\t\t\t\t\t\t<div class=\"elementor-icon-box-content\">\n\n\t\t\t\t\n\t\t\t\t\t\t\t\t\t<p class=\"elementor-icon-box-description\">\n\t\t\t\t\t\tMANUAL\t\t\t\t\t<\/p>\n\t\t\t\t\n\t\t\t<\/div>\n\t\t\t\n\t\t<\/div>\n\t\t\t\t\t\t<\/div>\n\t\t\t\t\t<\/div>\n\t\t<\/div>\n\t\t\t\t<div class=\"elementor-column elementor-col-33 elementor-top-column elementor-element elementor-element-b03e92d\" data-id=\"b03e92d\" data-element_type=\"column\" data-e-type=\"column\">\n\t\t\t<div class=\"elementor-widget-wrap elementor-element-populated\">\n\t\t\t\t\t\t<div class=\"elementor-element elementor-element-25204a5 elementor-view-framed elementor-shape-circle elementor-position-block-start elementor-mobile-position-block-start elementor-widget elementor-widget-icon-box\" data-id=\"25204a5\" data-element_type=\"widget\" data-e-type=\"widget\" data-widget_type=\"icon-box.default\">\n\t\t\t\t\t\t\t<div class=\"elementor-icon-box-wrapper\">\n\n\t\t\t\t\t\t<div class=\"elementor-icon-box-icon\">\n\t\t\t\t<a href=\"https:\/\/enertik.com\/wp-content\/uploads\/sites\/2\/documentos\/folletos\/folleto-inversores-is.pdf\" target=\"_blank\" class=\"elementor-icon\" tabindex=\"-1\">\n\t\t\t\t<svg aria-hidden=\"true\" class=\"e-font-icon-svg e-fas-book-open\" viewBox=\"0 0 576 512\" xmlns=\"http:\/\/www.w3.org\/2000\/svg\"><path d=\"M542.22 32.05c-54.8 3.11-163.72 14.43-230.96 55.59-4.64 2.84-7.27 7.89-7.27 13.17v363.87c0 11.55 12.63 18.85 23.28 13.49 69.18-34.82 169.23-44.32 218.7-46.92 16.89-.89 30.02-14.43 30.02-30.66V62.75c.01-17.71-15.35-31.74-33.77-30.7zM264.73 87.64C197.5 46.48 88.58 35.17 33.78 32.05 15.36 31.01 0 45.04 0 62.75V400.6c0 16.24 13.13 29.78 30.02 30.66 49.49 2.6 149.59 12.11 218.77 46.95 10.62 5.35 23.21-1.94 23.21-13.46V100.63c0-5.29-2.62-10.14-7.27-12.99z\"><\/path><\/svg>\t\t\t\t<\/a>\n\t\t\t<\/div>\n\t\t\t\n\t\t\t\t\t\t<div class=\"elementor-icon-box-content\">\n\n\t\t\t\t\n\t\t\t\t\t\t\t\t\t<p class=\"elementor-icon-box-description\">\n\t\t\t\t\t\tFOLLETO\t\t\t\t\t<\/p>\n\t\t\t\t\n\t\t\t<\/div>\n\t\t\t\n\t\t<\/div>\n\t\t\t\t\t\t<\/div>\n\t\t\t\t\t<\/div>\n\t\t<\/div>\n\t\t\t\t\t<\/div>\n\t\t<\/section>\n\t\t\t\t<\/div>\n\t\t","protected":false},"excerpt":{"rendered":"<p>Inversor Senoidal 12v &#8211; 220v &#8211; 1200w<\/p>\n","protected":false},"featured_media":9339,"comment_status":"open","ping_status":"closed","template":"","meta":{"_relevanssi_hide_post":"","_relevanssi_hide_content":"","_relevanssi_pin_for_all":"","_relevanssi_pin_keywords":"","_relevanssi_unpin_keywords":"","_relevanssi_related_keywords":"","_relevanssi_related_include_ids":"","_relevanssi_related_exclude_ids":"","_relevanssi_related_no_append":"","_relevanssi_related_not_related":"","_relevanssi_related_posts":"","_relevanssi_noindex_reason":"","inline_featured_image":false},"product_brand":[],"product_cat":[1729],"product_tag":[],"class_list":{"0":"post-11592","1":"product","2":"type-product","3":"status-publish","4":"has-post-thumbnail","6":"product_cat-inversores-senoidal-pura","7":"pa_gtin-3641","8":"pa_marca-enertik","9":"pa_mpn-is-1200-12","10":"pa_potencia-1200w","11":"pa_voltaje-12v","13":"first","14":"instock","15":"taxable","16":"shipping-taxable","17":"purchasable","18":"product-type-simple"},"bundled_by":[],"bundle_stock_status":"instock","bundle_stock_quantity":1,"bundle_virtual":false,"bundle_layout":"","bundle_add_to_cart_form_location":"","bundle_editable_in_cart":false,"bundle_sold_individually_context":"","bundle_item_grouping":"","bundle_min_size":"","bundle_max_size":"","bundle_price":[],"bundled_items":[],"bundle_sell_ids":[],"group_of_quantity":0,"min_quantity":0,"max_quantity":"","exclude_order_quantity_value_rules":"no","exclude_category_quantity_rules":"no","combine_variations":"no","exclude_global_add_ons":[],"addons":[],"_links":{"self":[{"href":"https:\/\/enertik.com\/ar\/wp-json\/wp\/v2\/product\/11592","targetHints":{"allow":["GET"]}}],"collection":[{"href":"https:\/\/enertik.com\/ar\/wp-json\/wp\/v2\/product"}],"about":[{"href":"https:\/\/enertik.com\/ar\/wp-json\/wp\/v2\/types\/product"}],"replies":[{"embeddable":true,"href":"https:\/\/enertik.com\/ar\/wp-json\/wp\/v2\/comments?post=11592"}],"version-history":[{"count":0,"href":"https:\/\/enertik.com\/ar\/wp-json\/wp\/v2\/product\/11592\/revisions"}],"wp:featuredmedia":[{"embeddable":true,"href":"https:\/\/enertik.com\/ar\/wp-json\/wp\/v2\/media\/9339"}],"wp:attachment":[{"href":"https:\/\/enertik.com\/ar\/wp-json\/wp\/v2\/media?parent=11592"}],"wp:term":[{"taxonomy":"product_brand","embeddable":true,"href":"https:\/\/enertik.com\/ar\/wp-json\/wp\/v2\/product_brand?post=11592"},{"taxonomy":"product_cat","embeddable":true,"href":"https:\/\/enertik.com\/ar\/wp-json\/wp\/v2\/product_cat?post=11592"},{"taxonomy":"product_tag","embeddable":true,"href":"https:\/\/enertik.com\/ar\/wp-json\/wp\/v2\/product_tag?post=11592"}],"curies":[{"name":"wp","href":"https:\/\/api.w.org\/{rel}","templated":true}]}}