{"id":11507,"date":"2023-02-21T11:21:04","date_gmt":"2023-02-21T14:21:04","guid":{"rendered":"https:\/\/test.enertik.com\/ar\/?post_type=product&#038;p=11507"},"modified":"2026-04-10T18:34:21","modified_gmt":"2026-04-10T21:34:21","slug":"inversor-con-conexion-a-red-4200w","status":"publish","type":"product","link":"https:\/\/enertik.com\/ar\/tienda\/energia-solar-fotovoltaica\/inversores-con-conexion-a-red\/sin-backup\/inversor-con-conexion-a-red-4200w\/","title":{"rendered":"Inversor con Conexi\u00f3n a Red 4200W"},"content":{"rendered":"\t\t<div data-elementor-type=\"product-post\" data-elementor-id=\"11507\" class=\"elementor elementor-11507\" data-elementor-post-type=\"product\">\n\t\t\t\t\t\t<section class=\"wd-negative-gap elementor-section elementor-top-section elementor-element elementor-element-e82e714 Product_Description elementor-section-boxed elementor-section-height-default elementor-section-height-default\" data-id=\"e82e714\" data-element_type=\"section\" data-e-type=\"section\">\n\t\t\t\t\t\t<div class=\"elementor-container elementor-column-gap-default\">\n\t\t\t\t\t<div class=\"elementor-column elementor-col-100 elementor-top-column elementor-element elementor-element-cdb7474\" data-id=\"cdb7474\" data-element_type=\"column\" data-e-type=\"column\" data-settings=\"{&quot;background_background&quot;:&quot;classic&quot;}\">\n\t\t\t<div class=\"elementor-widget-wrap elementor-element-populated\">\n\t\t\t\t\t\t<section class=\"wd-negative-gap elementor-section elementor-inner-section elementor-element elementor-element-595efaf elementor-section-boxed elementor-section-height-default elementor-section-height-default\" data-id=\"595efaf\" data-element_type=\"section\" data-e-type=\"section\">\n\t\t\t\t\t\t<div class=\"elementor-container elementor-column-gap-default\">\n\t\t\t\t\t<div class=\"elementor-column elementor-col-100 elementor-inner-column elementor-element elementor-element-dec4d49\" data-id=\"dec4d49\" data-element_type=\"column\" data-e-type=\"column\">\n\t\t\t<div class=\"elementor-widget-wrap elementor-element-populated\">\n\t\t\t\t\t\t<div class=\"elementor-element elementor-element-4e57ef9 elementor-widget elementor-widget-wd_tabs\" data-id=\"4e57ef9\" data-element_type=\"widget\" data-e-type=\"widget\" data-widget_type=\"wd_tabs.default\">\n\t\t\t\t<div class=\"elementor-widget-container\">\n\t\t\t\t\t\t\t<div class=\"wd-tabs tabs-design-default\">\n\t\t\t<div class=\"wd-tabs-header text-center\">\n\t\t\t\t\n\t\t\t\t\n\t\t\t\t<div class=\"wd-nav-wrapper wd-nav-tabs-wrapper wd-mb-action-swipe\">\n\t\t\t\t\t<ul class=\"wd-nav wd-nav-tabs wd-icon-pos-left wd-style-underline\">\n\t\t\t\t\t\t\t\t\t\t\t\t\t\n\t\t\t\t\t\t\t<li>\n\t\t\t\t\t\t\t\t<a href=\"#\" class=\"wd-nav-link\">\n\t\t\t\t\t\t\t\t\t\n\t\t\t\t\t\t\t\t\t<span class=\"nav-link-text wd-tabs-title\">\n\t\t\t\t\t\t\t\t\t\tDESCRIPCI\u00d3N\t\t\t\t\t\t\t\t\t<\/span>\n\t\t\t\t\t\t\t\t<\/a>\n\t\t\t\t\t\t\t<\/li>\n\n\t\t\t\t\t\t\t\t\t\t\t\t\t\n\t\t\t\t\t\t\t<li>\n\t\t\t\t\t\t\t\t<a href=\"#\" class=\"wd-nav-link\">\n\t\t\t\t\t\t\t\t\t\n\t\t\t\t\t\t\t\t\t<span class=\"nav-link-text wd-tabs-title\">\n\t\t\t\t\t\t\t\t\t\tESPECIFICACIONES\t\t\t\t\t\t\t\t\t<\/span>\n\t\t\t\t\t\t\t\t<\/a>\n\t\t\t\t\t\t\t<\/li>\n\n\t\t\t\t\t\t\t\t\t\t\t<\/ul>\n\t\t\t\t<\/div>\n\t\t\t<\/div>\n\n\t\t\t<div class=\"wd-tabs-content-wrapper\">\n\t\t\t\t\t\t\t\t\t\t\t\t\t\t\n\t\t\t\t\t<div class=\"wd-tab-content wd-entry-content\">\n\t\t\t\t\t\t\t\t\t\t\t\t\t<div >\n\t\t\t\t\t\t\t\t<h2>VENTAJAS<\/h2><ul><li class=\"ulBgColor\">Alta potencia de pico<\/li><li>Tama\u00f1o y peso reducidos<\/li><li class=\"ulBgColor\">MPPT de alta velocidad para el seguimiento en tiempo real de energ\u00eda y la mejora de la recolecci\u00f3n de energ\u00eda<\/li><li>Operaci\u00f3n sin transformador para una mayor eficacia al 97%<\/li><li class=\"ulBgColor\">Protecci\u00f3n IP65<\/li><li>Certificaciones UL y T\u00dcV<\/li><li class=\"ulBgColor\">F\u00e1cil de instalar y usar, seguro y fiable<\/li><li>Pantalla OLED y tecnolog\u00eda t\u00e1ctil<\/li><li class=\"ulBgColor\">Construcci\u00f3n robusta<\/li><\/ul><p>\u00a0<\/p><h2 style=\"text-align: left;\"><strong>DATOS DE GENERACI\u00d3N<br \/><\/strong><\/h2><p style=\"text-align: center;\">GENERACI\u00d3N ANUAL = 8553 KWh<\/p><p>\u00a0<\/p><div id=\"attachment_13532\" style=\"width: 810px\" class=\"wp-caption aligncenter\"><img decoding=\"async\" aria-describedby=\"caption-attachment-13532\" class=\" wd-lazy-fade Arreglarfotos wp-image-13532\" title=\"Generacion Hgi 2k\" src=\"https:\/\/enertik.com\/ar\/wp-content\/themes\/woodmart\/images\/lazy.svg\" data-src=\"https:\/\/enertik.com\/ar\/wp-content\/uploads\/sites\/2\/imagenes\/inversores-con-conexion-a-red\/generacion-min4200tlx-1.webp\" alt=\"Generacion Min4200tlx\" width=\"800\" height=\"519\" srcset=\"\" data-srcset=\"https:\/\/enertik.com\/ar\/wp-content\/uploads\/sites\/2\/imagenes\/inversores-con-conexion-a-red\/generacion-min4200tlx-1.webp 1680w, https:\/\/enertik.com\/ar\/wp-content\/uploads\/sites\/2\/imagenes\/inversores-con-conexion-a-red\/generacion-min4200tlx-1-300x195.webp 300w, https:\/\/enertik.com\/ar\/wp-content\/uploads\/sites\/2\/imagenes\/inversores-con-conexion-a-red\/generacion-min4200tlx-1-1233x800.webp 1233w, https:\/\/enertik.com\/ar\/wp-content\/uploads\/sites\/2\/imagenes\/inversores-con-conexion-a-red\/generacion-min4200tlx-1-768x498.webp 768w, https:\/\/enertik.com\/ar\/wp-content\/uploads\/sites\/2\/imagenes\/inversores-con-conexion-a-red\/generacion-min4200tlx-1-1536x997.webp 1536w, https:\/\/enertik.com\/ar\/wp-content\/uploads\/sites\/2\/imagenes\/inversores-con-conexion-a-red\/generacion-min4200tlx-1-860x558.webp 860w, https:\/\/enertik.com\/ar\/wp-content\/uploads\/sites\/2\/imagenes\/inversores-con-conexion-a-red\/generacion-min4200tlx-1-430x279.webp 430w, https:\/\/enertik.com\/ar\/wp-content\/uploads\/sites\/2\/imagenes\/inversores-con-conexion-a-red\/generacion-min4200tlx-1-700x454.webp 700w, https:\/\/enertik.com\/ar\/wp-content\/uploads\/sites\/2\/imagenes\/inversores-con-conexion-a-red\/generacion-min4200tlx-1-150x97.webp 150w\" sizes=\"(max-width: 800px) 100vw, 800px\" \/><p id=\"caption-attachment-13532\" class=\"wp-caption-text\">\u00a0<\/p><\/div>\t\t\t\t\t\t\t<\/div>\n\t\t\t\t\t\t\t\t\t\t\t<\/div>\n\n\t\t\t\t\t\t\t\t\t\t\t\t\t\t\n\t\t\t\t\t<div class=\"wd-tab-content wd-entry-content\">\n\t\t\t\t\t\t\t\t\t\t\t\t\t<div >\n\t\t\t\t\t\t\t\t<table>\n<tbody>\n<tr class=\"tbBorderNone\">\n<td class=\"tbLeft\">Modelo<\/td>\n<td>GROWATT MIN 4200TL-X<\/td>\n<\/tr>\n<tr>\n<td class=\"tbTit\" colspan=\"2\">Especificaciones el\u00e9ctricas<\/td>\n<\/tr>\n<tr>\n<td class=\"tbLeft\">Potencia m\u00e1xima de panel<\/td>\n<td>5880W<\/td>\n<\/tr>\n<tr>\n<td class=\"tbLeft\">Voltaje m\u00e1ximo<\/td>\n<td>550V<\/td>\n<\/tr>\n<tr>\n<td class=\"tbLeft\">Voltaje de encendido<\/td>\n<td>100V<\/td>\n<\/tr>\n<tr>\n<td class=\"tbLeft\">Voltaje nominal<\/td>\n<td>360V<\/td>\n<\/tr>\n<tr>\n<td class=\"tbLeft\">Corriente m\u00e1xima<\/td>\n<td>12.5A<\/td>\n<\/tr>\n<tr>\n<td class=\"tbLeft\">Cantidad de MPPT \/ conexiones p\/MPPT<\/td>\n<td>2\/1<\/td>\n<\/tr>\n<tr class=\"tbBorderNone\">\n<td class=\"tbLeft\">Rango de voltaje de MPPT<\/td>\n<td>80~550V<\/td>\n<\/tr>\n<tr>\n<td class=\"tbTit\" colspan=\"2\">Salida CA<\/td>\n<\/tr>\n<tr>\n<td class=\"tbLeft\">Potencia nominal CA<\/td>\n<td>4200W<\/td>\n<\/tr>\n<tr>\n<td class=\"tbLeft\">Potencia m\u00e1xima CA<\/td>\n<td>4200W<\/td>\n<\/tr>\n<tr>\n<td class=\"tbLeft\">Corriente m\u00e1xima CA<\/td>\n<td>19A<\/td>\n<\/tr>\n<tr>\n<td class=\"tbLeft\">Voltaje nominal<\/td>\n<td>230VCA<\/td>\n<\/tr>\n<tr>\n<td class=\"tbLeft\">Frecuencia de red AC \/ rango<\/td>\n<td>50Hz<\/td>\n<\/tr>\n<tr>\n<td class=\"tbLeft\">Factor de potencia (coseno de fi)<\/td>\n<td>0.8<\/td>\n<\/tr>\n<tr>\n<td class=\"tbLeft\">Distorsi\u00f3n arm\u00f3nica total<\/td>\n<td>&lt; 3%<\/td>\n<\/tr>\n<tr class=\"tbBorderNone\">\n<td class=\"tbLeft\">Tipo de conexi\u00f3n<\/td>\n<td>Monof\u00e1sico<\/td>\n<\/tr>\n<tr>\n<td class=\"tbTit\" colspan=\"2\">Eficiencia<\/td>\n<\/tr>\n<tr>\n<td class=\"tbLeft\">Eficiencia m\u00e1xima<\/td>\n<td>98.4%<\/td>\n<\/tr>\n<tr>\n<td class=\"tbLeft\">Eficiencia Euro<\/td>\n<td>97.5%<\/td>\n<\/tr>\n<tr class=\"tbBorderNone\">\n<td class=\"tbLeft\">Eficiencia MPPT<\/td>\n<td>99.9%<\/td>\n<\/tr>\n<tr>\n<td class=\"tbTit\" colspan=\"2\">Datos generales<\/td>\n<\/tr>\n<tr>\n<td class=\"tbLeft\">Dimensiones (mm)<\/td>\n<td>375 x 350 x 160<\/td>\n<\/tr>\n<tr>\n<td class=\"tbLeft\">Peso neto (kg)<\/td>\n<td>10.8<\/td>\n<\/tr>\n<tr>\n<td class=\"tbLeft\">Temperatura de operaci\u00f3n<\/td>\n<td>-25\u00b0C ~ +60\u00b0C<\/td>\n<\/tr>\n<tr>\n<td class=\"tbLeft\">Protecci\u00f3n para intemperie<\/td>\n<td>IP65<\/td>\n<\/tr>\n<tr>\n<td class=\"tbLeft\">Topolog\u00eda<\/td>\n<td>sin transformador<\/td>\n<\/tr>\n<tr>\n<td class=\"tbLeft\">Consumo interno nocturno<\/td>\n<td>&lt; 1W<\/td>\n<\/tr>\n<tr>\n<td class=\"tbLeft\">Sistema de ventilaci\u00f3n<\/td>\n<td>convencional<\/td>\n<\/tr>\n<tr>\n<td class=\"tbLeft\">Ruido<\/td>\n<td>\u2264 35 dBA<\/td>\n<\/tr>\n<tr>\n<td class=\"tbLeft\">Pantalla LCD<\/td>\n<td>OLED + LED \/ WIFI + APP<\/td>\n<\/tr>\n<\/tbody>\n<\/table>\n\t\t\t\t\t\t\t<\/div>\n\t\t\t\t\t\t\t\t\t\t\t<\/div>\n\n\t\t\t\t\t\t\t<\/div>\n\t\t<\/div>\n\t\t\t\t\t\t<\/div>\n\t\t\t\t<\/div>\n\t\t\t\t\t<\/div>\n\t\t<\/div>\n\t\t\t\t\t<\/div>\n\t\t<\/section>\n\t\t\t\t\t<\/div>\n\t\t<\/div>\n\t\t\t\t\t<\/div>\n\t\t<\/section>\n\t\t\t\t<section class=\"wd-negative-gap elementor-section elementor-top-section elementor-element elementor-element-8b74d43 Link_Buttons elementor-section-boxed elementor-section-height-default elementor-section-height-default\" data-id=\"8b74d43\" data-element_type=\"section\" data-e-type=\"section\" data-settings=\"{&quot;background_background&quot;:&quot;classic&quot;}\">\n\t\t\t\t\t\t<div class=\"elementor-container elementor-column-gap-custom\">\n\t\t\t\t\t<div class=\"elementor-column elementor-col-33 elementor-top-column elementor-element elementor-element-be19a1d\" data-id=\"be19a1d\" data-element_type=\"column\" data-e-type=\"column\">\n\t\t\t<div class=\"elementor-widget-wrap elementor-element-populated\">\n\t\t\t\t\t\t<div class=\"elementor-element elementor-element-c23429e elementor-view-framed elementor-shape-circle elementor-position-block-start elementor-mobile-position-block-start elementor-widget elementor-widget-icon-box\" data-id=\"c23429e\" data-element_type=\"widget\" data-e-type=\"widget\" data-widget_type=\"icon-box.default\">\n\t\t\t\t\t\t\t<div class=\"elementor-icon-box-wrapper\">\n\n\t\t\t\t\t\t<div class=\"elementor-icon-box-icon\">\n\t\t\t\t<a href=\"https:\/\/enertik.com\/wp-content\/uploads\/sites\/2\/documentos\/manuales\/manual_growatt_min.pdf\" target=\"_blank\" class=\"elementor-icon\" tabindex=\"-1\">\n\t\t\t\t<svg aria-hidden=\"true\" class=\"e-font-icon-svg e-fas-book\" viewBox=\"0 0 448 512\" xmlns=\"http:\/\/www.w3.org\/2000\/svg\"><path d=\"M448 360V24c0-13.3-10.7-24-24-24H96C43 0 0 43 0 96v320c0 53 43 96 96 96h328c13.3 0 24-10.7 24-24v-16c0-7.5-3.5-14.3-8.9-18.7-4.2-15.4-4.2-59.3 0-74.7 5.4-4.3 8.9-11.1 8.9-18.6zM128 134c0-3.3 2.7-6 6-6h212c3.3 0 6 2.7 6 6v20c0 3.3-2.7 6-6 6H134c-3.3 0-6-2.7-6-6v-20zm0 64c0-3.3 2.7-6 6-6h212c3.3 0 6 2.7 6 6v20c0 3.3-2.7 6-6 6H134c-3.3 0-6-2.7-6-6v-20zm253.4 250H96c-17.7 0-32-14.3-32-32 0-17.6 14.4-32 32-32h285.4c-1.9 17.1-1.9 46.9 0 64z\"><\/path><\/svg>\t\t\t\t<\/a>\n\t\t\t<\/div>\n\t\t\t\n\t\t\t\t\t\t<div class=\"elementor-icon-box-content\">\n\n\t\t\t\t\n\t\t\t\t\t\t\t\t\t<p class=\"elementor-icon-box-description\">\n\t\t\t\t\t\tMANUAL\t\t\t\t\t<\/p>\n\t\t\t\t\n\t\t\t<\/div>\n\t\t\t\n\t\t<\/div>\n\t\t\t\t\t\t<\/div>\n\t\t\t\t\t<\/div>\n\t\t<\/div>\n\t\t\t\t<div class=\"elementor-column elementor-col-33 elementor-top-column elementor-element elementor-element-931cd5d\" data-id=\"931cd5d\" data-element_type=\"column\" data-e-type=\"column\">\n\t\t\t<div class=\"elementor-widget-wrap elementor-element-populated\">\n\t\t\t\t\t\t<div class=\"elementor-element elementor-element-eb7dcb7 elementor-view-framed elementor-shape-circle elementor-position-block-start elementor-mobile-position-block-start elementor-widget elementor-widget-icon-box\" data-id=\"eb7dcb7\" data-element_type=\"widget\" data-e-type=\"widget\" data-widget_type=\"icon-box.default\">\n\t\t\t\t\t\t\t<div class=\"elementor-icon-box-wrapper\">\n\n\t\t\t\t\t\t<div class=\"elementor-icon-box-icon\">\n\t\t\t\t<a href=\"https:\/\/enertik.com\/wp-content\/uploads\/sites\/2\/documentos\/folletos\/min-2500_6000-tl-x-datasheet.pdf\" target=\"_blank\" class=\"elementor-icon\" tabindex=\"-1\">\n\t\t\t\t<svg aria-hidden=\"true\" class=\"e-font-icon-svg e-far-file-pdf\" viewBox=\"0 0 384 512\" xmlns=\"http:\/\/www.w3.org\/2000\/svg\"><path d=\"M369.9 97.9L286 14C277 5 264.8-.1 252.1-.1H48C21.5 0 0 21.5 0 48v416c0 26.5 21.5 48 48 48h288c26.5 0 48-21.5 48-48V131.9c0-12.7-5.1-25-14.1-34zM332.1 128H256V51.9l76.1 76.1zM48 464V48h160v104c0 13.3 10.7 24 24 24h104v288H48zm250.2-143.7c-12.2-12-47-8.7-64.4-6.5-17.2-10.5-28.7-25-36.8-46.3 3.9-16.1 10.1-40.6 5.4-56-4.2-26.2-37.8-23.6-42.6-5.9-4.4 16.1-.4 38.5 7 67.1-10 23.9-24.9 56-35.4 74.4-20 10.3-47 26.2-51 46.2-3.3 15.8 26 55.2 76.1-31.2 22.4-7.4 46.8-16.5 68.4-20.1 18.9 10.2 41 17 55.8 17 25.5 0 28-28.2 17.5-38.7zm-198.1 77.8c5.1-13.7 24.5-29.5 30.4-35-19 30.3-30.4 35.7-30.4 35zm81.6-190.6c7.4 0 6.7 32.1 1.8 40.8-4.4-13.9-4.3-40.8-1.8-40.8zm-24.4 136.6c9.7-16.9 18-37 24.7-54.7 8.3 15.1 18.9 27.2 30.1 35.5-20.8 4.3-38.9 13.1-54.8 19.2zm131.6-5s-5 6-37.3-7.8c35.1-2.6 40.9 5.4 37.3 7.8z\"><\/path><\/svg>\t\t\t\t<\/a>\n\t\t\t<\/div>\n\t\t\t\n\t\t\t\t\t\t<div class=\"elementor-icon-box-content\">\n\n\t\t\t\t\n\t\t\t\t\t\t\t\t\t<p class=\"elementor-icon-box-description\">\n\t\t\t\t\t\tFICHA DE DATOS\t\t\t\t\t<\/p>\n\t\t\t\t\n\t\t\t<\/div>\n\t\t\t\n\t\t<\/div>\n\t\t\t\t\t\t<\/div>\n\t\t\t\t\t<\/div>\n\t\t<\/div>\n\t\t\t\t<div class=\"elementor-column elementor-col-33 elementor-top-column elementor-element elementor-element-967dcfd\" data-id=\"967dcfd\" data-element_type=\"column\" data-e-type=\"column\">\n\t\t\t<div class=\"elementor-widget-wrap elementor-element-populated\">\n\t\t\t\t\t\t<div class=\"elementor-element elementor-element-604d723 elementor-view-framed elementor-shape-circle elementor-position-block-start elementor-mobile-position-block-start elementor-widget elementor-widget-icon-box\" data-id=\"604d723\" data-element_type=\"widget\" data-e-type=\"widget\" data-widget_type=\"icon-box.default\">\n\t\t\t\t\t\t\t<div class=\"elementor-icon-box-wrapper\">\n\n\t\t\t\t\t\t<div class=\"elementor-icon-box-icon\">\n\t\t\t\t<a href=\"https:\/\/enertik.com\/wp-content\/uploads\/sites\/2\/documentos\/certificados\/min-2500-6000tl-x-certs.zip\" target=\"_blank\" class=\"elementor-icon\" tabindex=\"-1\">\n\t\t\t\t<svg aria-hidden=\"true\" class=\"e-font-icon-svg e-fas-medal\" viewBox=\"0 0 512 512\" xmlns=\"http:\/\/www.w3.org\/2000\/svg\"><path d=\"M223.75 130.75L154.62 15.54A31.997 31.997 0 0 0 127.18 0H16.03C3.08 0-4.5 14.57 2.92 25.18l111.27 158.96c29.72-27.77 67.52-46.83 109.56-53.39zM495.97 0H384.82c-11.24 0-21.66 5.9-27.44 15.54l-69.13 115.21c42.04 6.56 79.84 25.62 109.56 53.38L509.08 25.18C516.5 14.57 508.92 0 495.97 0zM256 160c-97.2 0-176 78.8-176 176s78.8 176 176 176 176-78.8 176-176-78.8-176-176-176zm92.52 157.26l-37.93 36.96 8.97 52.22c1.6 9.36-8.26 16.51-16.65 12.09L256 393.88l-46.9 24.65c-8.4 4.45-18.25-2.74-16.65-12.09l8.97-52.22-37.93-36.96c-6.82-6.64-3.05-18.23 6.35-19.59l52.43-7.64 23.43-47.52c2.11-4.28 6.19-6.39 10.28-6.39 4.11 0 8.22 2.14 10.33 6.39l23.43 47.52 52.43 7.64c9.4 1.36 13.17 12.95 6.35 19.59z\"><\/path><\/svg>\t\t\t\t<\/a>\n\t\t\t<\/div>\n\t\t\t\n\t\t\t\t\t\t<div class=\"elementor-icon-box-content\">\n\n\t\t\t\t\n\t\t\t\t\t\t\t\t\t<p class=\"elementor-icon-box-description\">\n\t\t\t\t\t\tDESCARGAR CERTIFICADOS\t\t\t\t\t<\/p>\n\t\t\t\t\n\t\t\t<\/div>\n\t\t\t\n\t\t<\/div>\n\t\t\t\t\t\t<\/div>\n\t\t\t\t\t<\/div>\n\t\t<\/div>\n\t\t\t\t\t<\/div>\n\t\t<\/section>\n\t\t\t\t<\/div>\n\t\t","protected":false},"excerpt":{"rendered":"<p>Potencia: 4200W. Los inversores con conexi\u00f3n a red serie MIN de Growatt ofrece opciones de potencia de 2500 a 6000W. Est\u00e1n construiods con tama\u00f1o y peso reducidos con un dise\u00f1o robusto, y utiliza la tecnolog\u00eda MPPT de alta velocidad para el seguimiento en tiempo real de energ\u00eda y la mejora de la recolecci\u00f3n de energ\u00eda. Al ser un inversor con conexi\u00f3n a red, es muy f\u00e1cil incorporar el sistema de generaci\u00f3n energ\u00e9tica solar en el sistema el\u00e9ctrico presente en el hogar funsion\u00e1ndose con \u00e9l, sin complicaciones de instalar banco de bater\u00edas y designaci\u00f3n de cargas con suministro solar. Puede verter el excedente a la red para vender electricidad solar o usar la funci\u00f3n inyecci\u00f3n cero para evitar la exportaci\u00f3n a la red y reducir las facturas de luz. Incorpora una pantalla OLED y tecnolog\u00eda t\u00e1ctil. La operaci\u00f3n sin transformador permite un rendimiento a una eficacia al 97%. Protecci\u00f3n IP65.<\/p>\n","protected":false},"featured_media":9379,"comment_status":"open","ping_status":"closed","template":"","meta":{"_relevanssi_hide_post":"","_relevanssi_hide_content":"","_relevanssi_pin_for_all":"","_relevanssi_pin_keywords":"","_relevanssi_unpin_keywords":"","_relevanssi_related_keywords":"","_relevanssi_related_include_ids":"","_relevanssi_related_exclude_ids":"","_relevanssi_related_no_append":"","_relevanssi_related_not_related":"","_relevanssi_related_posts":"","_relevanssi_noindex_reason":"","inline_featured_image":false},"product_brand":[],"product_cat":[1691,1693],"product_tag":[],"class_list":{"0":"post-11507","1":"product","2":"type-product","3":"status-publish","4":"has-post-thumbnail","6":"product_cat-inversores-con-conexion-a-red","7":"product_cat-sin-backup","8":"pa_marca-growatt","9":"pa_mpn-min-4200tl-x","10":"pa_potencia-4200w","11":"pa_serie-serie-min","13":"first","14":"instock","15":"sale","16":"taxable","17":"shipping-taxable","18":"purchasable","19":"product-type-simple"},"bundled_by":[],"bundle_stock_status":"instock","bundle_stock_quantity":11,"bundle_virtual":false,"bundle_layout":"","bundle_add_to_cart_form_location":"","bundle_editable_in_cart":false,"bundle_sold_individually_context":"","bundle_item_grouping":"","bundle_min_size":"","bundle_max_size":"","bundle_price":[],"bundled_items":[],"bundle_sell_ids":[],"group_of_quantity":0,"min_quantity":0,"max_quantity":"","exclude_order_quantity_value_rules":"no","exclude_category_quantity_rules":"no","combine_variations":"no","exclude_global_add_ons":[],"addons":[],"_links":{"self":[{"href":"https:\/\/enertik.com\/ar\/wp-json\/wp\/v2\/product\/11507","targetHints":{"allow":["GET"]}}],"collection":[{"href":"https:\/\/enertik.com\/ar\/wp-json\/wp\/v2\/product"}],"about":[{"href":"https:\/\/enertik.com\/ar\/wp-json\/wp\/v2\/types\/product"}],"replies":[{"embeddable":true,"href":"https:\/\/enertik.com\/ar\/wp-json\/wp\/v2\/comments?post=11507"}],"version-history":[{"count":0,"href":"https:\/\/enertik.com\/ar\/wp-json\/wp\/v2\/product\/11507\/revisions"}],"wp:featuredmedia":[{"embeddable":true,"href":"https:\/\/enertik.com\/ar\/wp-json\/wp\/v2\/media\/9379"}],"wp:attachment":[{"href":"https:\/\/enertik.com\/ar\/wp-json\/wp\/v2\/media?parent=11507"}],"wp:term":[{"taxonomy":"product_brand","embeddable":true,"href":"https:\/\/enertik.com\/ar\/wp-json\/wp\/v2\/product_brand?post=11507"},{"taxonomy":"product_cat","embeddable":true,"href":"https:\/\/enertik.com\/ar\/wp-json\/wp\/v2\/product_cat?post=11507"},{"taxonomy":"product_tag","embeddable":true,"href":"https:\/\/enertik.com\/ar\/wp-json\/wp\/v2\/product_tag?post=11507"}],"curies":[{"name":"wp","href":"https:\/\/api.w.org\/{rel}","templated":true}]}}