{"id":11411,"date":"2023-02-21T11:19:29","date_gmt":"2023-02-21T14:19:29","guid":{"rendered":"https:\/\/test.enertik.com\/ar\/?post_type=product&#038;p=11411"},"modified":"2026-04-10T18:36:40","modified_gmt":"2026-04-10T21:36:40","slug":"balanceador-para-banco-de-baterias-24vcc","status":"publish","type":"product","link":"https:\/\/enertik.com\/ar\/tienda\/baterias\/accesorios-monitoreo-y-proteccion\/balanceador-para-banco-de-baterias-24vcc\/","title":{"rendered":"Balanceador para Banco de Bater\u00edas 24Vcc"},"content":{"rendered":"\t\t<div data-elementor-type=\"product-post\" data-elementor-id=\"11411\" class=\"elementor elementor-11411\" data-elementor-post-type=\"product\">\n\t\t\t\t\t\t<section class=\"wd-negative-gap elementor-section elementor-top-section elementor-element elementor-element-72da994 Product_Description elementor-section-boxed elementor-section-height-default elementor-section-height-default\" data-id=\"72da994\" data-element_type=\"section\" data-e-type=\"section\">\n\t\t\t\t\t\t<div class=\"elementor-container elementor-column-gap-default\">\n\t\t\t\t\t<div class=\"elementor-column elementor-col-100 elementor-top-column elementor-element elementor-element-8fe3a37\" data-id=\"8fe3a37\" data-element_type=\"column\" data-e-type=\"column\" data-settings=\"{&quot;background_background&quot;:&quot;classic&quot;}\">\n\t\t\t<div class=\"elementor-widget-wrap elementor-element-populated\">\n\t\t\t\t\t\t<section class=\"wd-negative-gap elementor-section elementor-inner-section elementor-element elementor-element-1f8d51c elementor-section-boxed elementor-section-height-default elementor-section-height-default\" data-id=\"1f8d51c\" data-element_type=\"section\" data-e-type=\"section\">\n\t\t\t\t\t\t<div class=\"elementor-container elementor-column-gap-default\">\n\t\t\t\t\t<div class=\"elementor-column elementor-col-100 elementor-inner-column elementor-element elementor-element-c5e53aa\" data-id=\"c5e53aa\" data-element_type=\"column\" data-e-type=\"column\">\n\t\t\t<div class=\"elementor-widget-wrap elementor-element-populated\">\n\t\t\t\t\t\t<div class=\"elementor-element elementor-element-922fee9 elementor-widget elementor-widget-wd_tabs\" data-id=\"922fee9\" data-element_type=\"widget\" data-e-type=\"widget\" data-widget_type=\"wd_tabs.default\">\n\t\t\t\t<div class=\"elementor-widget-container\">\n\t\t\t\t\t\t\t<div class=\"wd-tabs tabs-design-default\">\n\t\t\t<div class=\"wd-tabs-header text-center\">\n\t\t\t\t\n\t\t\t\t\n\t\t\t\t<div class=\"wd-nav-wrapper wd-nav-tabs-wrapper wd-mb-action-swipe\">\n\t\t\t\t\t<ul class=\"wd-nav wd-nav-tabs wd-icon-pos-left wd-style-underline\">\n\t\t\t\t\t\t\t\t\t\t\t\t\t\n\t\t\t\t\t\t\t<li>\n\t\t\t\t\t\t\t\t<a href=\"#\" class=\"wd-nav-link\">\n\t\t\t\t\t\t\t\t\t\n\t\t\t\t\t\t\t\t\t<span class=\"nav-link-text wd-tabs-title\">\n\t\t\t\t\t\t\t\t\t\tDESCRIPCI\u00d3N\t\t\t\t\t\t\t\t\t<\/span>\n\t\t\t\t\t\t\t\t<\/a>\n\t\t\t\t\t\t\t<\/li>\n\n\t\t\t\t\t\t\t\t\t\t\t\t\t\n\t\t\t\t\t\t\t<li>\n\t\t\t\t\t\t\t\t<a href=\"#\" class=\"wd-nav-link\">\n\t\t\t\t\t\t\t\t\t\n\t\t\t\t\t\t\t\t\t<span class=\"nav-link-text wd-tabs-title\">\n\t\t\t\t\t\t\t\t\t\tESPECIFICACIONES\t\t\t\t\t\t\t\t\t<\/span>\n\t\t\t\t\t\t\t\t<\/a>\n\t\t\t\t\t\t\t<\/li>\n\n\t\t\t\t\t\t\t\t\t\t\t<\/ul>\n\t\t\t\t<\/div>\n\t\t\t<\/div>\n\n\t\t\t<div class=\"wd-tabs-content-wrapper\">\n\t\t\t\t\t\t\t\t\t\t\t\t\t\t\n\t\t\t\t\t<div class=\"wd-tab-content wd-entry-content\">\n\t\t\t\t\t\t\t\t\t\t\t\t\t<div >\n\t\t\t\t\t\t\t\t<div class=\"page\" title=\"Page 1\"><div class=\"section\"><div class=\"layoutArea\"><div class=\"column\"><h2>APLICACIONES<\/h2><\/div><div class=\"page\" title=\"Page 1\"><div class=\"section\"><div class=\"layoutArea\"><div class=\"column\"><ul><li>Cuando dos o ma\u0301s bateri\u0301as conectadas en serie esta\u0301n en estado de carga \/ descarga \/ libre.<\/li><li>Los voltajes de la bateri\u0301a pueden ser diferentes.<\/li><li>El voltaje de una bateri\u0301a es alto y el otro es bajo.<\/li><\/ul><p>El balanceador de bateri\u0301a igualara\u0301 o equilibrara\u0301 el voltaje de la bateri\u0301a cuando detecte que hay 20 mV entre dos bateri\u0301as. Derivara\u0301 la corriente de una bateri\u0301a (la de mayor voltaje) a la otra bateri\u0301a (la de menor voltaje), hasta que el voltaje de su bateri\u0301a casi sea el mismo. Esto mejorara\u0301 el rendimiento de la bateri\u0301a y extendera\u0301 su vida u\u0301til.<\/p><p>El balanceador de bateri\u0301a se puede utilizar para 24 V, 36 V, 48 V y cualquier otro sistema de bateri\u0301a N * 12V.<br \/>Para sistema de 24 V &gt; 1 unidad<br \/>Para sistema de 36V &gt; 2 unidades<br \/>Para sistema de 48V &gt; 3 unidades<\/p><\/div><\/div><\/div><\/div><\/div><\/div><\/div>\t\t\t\t\t\t\t<\/div>\n\t\t\t\t\t\t\t\t\t\t\t<\/div>\n\n\t\t\t\t\t\t\t\t\t\t\t\t\t\t\n\t\t\t\t\t<div class=\"wd-tab-content wd-entry-content\">\n\t\t\t\t\t\t\t\t\t\t\t\t\t<div >\n\t\t\t\t\t\t\t\t<table>\n<tbody>\n<tr class=\"tbBorderNone\">\n<td class=\"tbLeft\"><span style=\"color: #ffffff;\">Modelo<\/span><\/td>\n<td><span style=\"color: #ffffff;\">BE24<\/span><\/td>\n<\/tr>\n<tr>\n<td class=\"tbTit\" colspan=\"2\"><span style=\"color: #ffffff;\">Especificaciones el\u00e9ctricas<\/span><\/td>\n<\/tr>\n<tr>\n<td class=\"tbLeft\"><span style=\"color: #ffffff;\">Voltaje de bater\u00eda<\/span><\/td>\n<td><span style=\"color: #ffffff;\">2 x 12VCC<\/span><\/td>\n<\/tr>\n<tr>\n<td class=\"tbLeft\"><span style=\"color: #ffffff;\">Corriente optimizada<\/span><\/td>\n<td><span style=\"color: #ffffff;\">0 ~ 5A<\/span><\/td>\n<\/tr>\n<tr>\n<td class=\"tbLeft\"><span style=\"color: #ffffff;\">Corriente en reposo<\/span><\/td>\n<td><span style=\"color: #ffffff;\">&lt; 3mA<\/span><\/td>\n<\/tr>\n<tr>\n<td class=\"tbLeft\"><span style=\"color: #ffffff;\">Desconexi\u00f3n por baja tensi\u00f3n<\/span><\/td>\n<td><span style=\"color: #ffffff;\">10VCC<\/span><\/td>\n<\/tr>\n<tr>\n<td class=\"tbLeft\"><span style=\"color: #ffffff;\">Protecci\u00f3n<\/span><\/td>\n<td><span style=\"color: #ffffff;\">Protecci\u00f3n de inversi\u00f3n de polaridad<\/span><\/td>\n<\/tr>\n<tr class=\"tbBorderNone\">\n<td class=\"tbLeft\"><span style=\"color: #ffffff;\">Longitud de cables (mm)<\/span><\/td>\n<td><span style=\"color: #ffffff;\">340<\/span><\/td>\n<\/tr>\n<tr>\n<td class=\"tbTit\" colspan=\"2\"><span style=\"color: #ffffff;\">Datos generales<\/span><\/td>\n<\/tr>\n<tr>\n<td class=\"tbLeft\"><span style=\"color: #ffffff;\">Dimensiones (mm)<\/span><\/td>\n<td><span style=\"color: #ffffff;\">70 x 70 x 27<\/span><\/td>\n<\/tr>\n<tr>\n<td class=\"tbLeft\"><span style=\"color: #ffffff;\">Peso neto (kg)<\/span><\/td>\n<td><span style=\"color: #ffffff;\">0.170<\/span><\/td>\n<\/tr>\n<\/tbody>\n<\/table>\t\t\t\t\t\t\t<\/div>\n\t\t\t\t\t\t\t\t\t\t\t<\/div>\n\n\t\t\t\t\t\t\t<\/div>\n\t\t<\/div>\n\t\t\t\t\t\t<\/div>\n\t\t\t\t<\/div>\n\t\t\t\t\t<\/div>\n\t\t<\/div>\n\t\t\t\t\t<\/div>\n\t\t<\/section>\n\t\t\t\t\t<\/div>\n\t\t<\/div>\n\t\t\t\t\t<\/div>\n\t\t<\/section>\n\t\t\t\t<section class=\"wd-negative-gap elementor-section elementor-top-section elementor-element elementor-element-756136a elementor-section-boxed elementor-section-height-default elementor-section-height-default\" data-id=\"756136a\" data-element_type=\"section\" data-e-type=\"section\">\n\t\t\t\t\t\t<div class=\"elementor-container elementor-column-gap-default\">\n\t\t\t\t\t<div class=\"elementor-column elementor-col-50 elementor-top-column elementor-element elementor-element-1f9c4dc\" data-id=\"1f9c4dc\" data-element_type=\"column\" data-e-type=\"column\">\n\t\t\t<div class=\"elementor-widget-wrap elementor-element-populated\">\n\t\t\t\t\t\t<div class=\"elementor-element elementor-element-0c85dcd elementor-widget elementor-widget-image\" data-id=\"0c85dcd\" data-element_type=\"widget\" data-e-type=\"widget\" data-widget_type=\"image.default\">\n\t\t\t\t\t\t\t\t\t\t\t\t\t\t\t<img decoding=\"async\" width=\"300\" height=\"272\" src=\"https:\/\/enertik.com\/ar\/wp-content\/themes\/woodmart\/images\/lazy.svg\" class=\"attachment-medium size-medium wp-image-12199 wd-lazy-fade\" alt=\"Be24 2baterias\" srcset=\"\" sizes=\"(max-width: 300px) 100vw, 300px\" data-src=\"https:\/\/enertik.com\/ar\/wp-content\/uploads\/sites\/2\/imagenes\/baterias\/be24-2baterias-1-300x272.webp\" data-srcset=\"https:\/\/enertik.com\/ar\/wp-content\/uploads\/sites\/2\/imagenes\/baterias\/be24-2baterias-1-300x272.webp 300w, https:\/\/enertik.com\/ar\/wp-content\/uploads\/sites\/2\/imagenes\/baterias\/be24-2baterias-1-768x698.webp 768w, https:\/\/enertik.com\/ar\/wp-content\/uploads\/sites\/2\/imagenes\/baterias\/be24-2baterias-1-860x781.webp 860w, https:\/\/enertik.com\/ar\/wp-content\/uploads\/sites\/2\/imagenes\/baterias\/be24-2baterias-1-430x391.webp 430w, https:\/\/enertik.com\/ar\/wp-content\/uploads\/sites\/2\/imagenes\/baterias\/be24-2baterias-1-700x636.webp 700w, https:\/\/enertik.com\/ar\/wp-content\/uploads\/sites\/2\/imagenes\/baterias\/be24-2baterias-1-150x136.webp 150w, https:\/\/enertik.com\/ar\/wp-content\/uploads\/sites\/2\/imagenes\/baterias\/be24-2baterias-1.webp 872w\" title=\"\">\t\t\t\t\t\t\t\t\t\t\t\t\t\t\t<\/div>\n\t\t\t\t<div class=\"elementor-element elementor-element-84bee01 elementor-widget elementor-widget-image\" data-id=\"84bee01\" data-element_type=\"widget\" data-e-type=\"widget\" data-widget_type=\"image.default\">\n\t\t\t\t\t\t\t\t\t\t\t\t\t\t\t<img decoding=\"async\" width=\"300\" height=\"184\" src=\"https:\/\/enertik.com\/ar\/wp-content\/themes\/woodmart\/images\/lazy.svg\" class=\"attachment-medium size-medium wp-image-12201 wd-lazy-fade\" alt=\"Be24 3baterias\" srcset=\"\" sizes=\"(max-width: 300px) 100vw, 300px\" data-src=\"https:\/\/enertik.com\/ar\/wp-content\/uploads\/sites\/2\/imagenes\/baterias\/be24-3baterias-1-300x184.webp\" data-srcset=\"https:\/\/enertik.com\/ar\/wp-content\/uploads\/sites\/2\/imagenes\/baterias\/be24-3baterias-1-300x184.webp 300w, https:\/\/enertik.com\/ar\/wp-content\/uploads\/sites\/2\/imagenes\/baterias\/be24-3baterias-1-1300x800.webp 1300w, https:\/\/enertik.com\/ar\/wp-content\/uploads\/sites\/2\/imagenes\/baterias\/be24-3baterias-1-768x472.webp 768w, https:\/\/enertik.com\/ar\/wp-content\/uploads\/sites\/2\/imagenes\/baterias\/be24-3baterias-1-860x529.webp 860w, https:\/\/enertik.com\/ar\/wp-content\/uploads\/sites\/2\/imagenes\/baterias\/be24-3baterias-1-430x264.webp 430w, https:\/\/enertik.com\/ar\/wp-content\/uploads\/sites\/2\/imagenes\/baterias\/be24-3baterias-1-700x430.webp 700w, https:\/\/enertik.com\/ar\/wp-content\/uploads\/sites\/2\/imagenes\/baterias\/be24-3baterias-1-150x92.webp 150w, https:\/\/enertik.com\/ar\/wp-content\/uploads\/sites\/2\/imagenes\/baterias\/be24-3baterias-1.webp 1376w\" title=\"\">\t\t\t\t\t\t\t\t\t\t\t\t\t\t\t<\/div>\n\t\t\t\t\t<\/div>\n\t\t<\/div>\n\t\t\t\t<div class=\"elementor-column elementor-col-50 elementor-top-column elementor-element elementor-element-dd28285\" data-id=\"dd28285\" data-element_type=\"column\" data-e-type=\"column\">\n\t\t\t<div class=\"elementor-widget-wrap elementor-element-populated\">\n\t\t\t\t\t\t<div class=\"elementor-element elementor-element-6c82222 elementor-widget elementor-widget-image\" data-id=\"6c82222\" data-element_type=\"widget\" data-e-type=\"widget\" data-widget_type=\"image.default\">\n\t\t\t\t\t\t\t\t\t\t\t\t\t\t\t<img decoding=\"async\" width=\"284\" height=\"300\" src=\"https:\/\/enertik.com\/ar\/wp-content\/themes\/woodmart\/images\/lazy.svg\" class=\"attachment-medium size-medium wp-image-12200 wd-lazy-fade\" alt=\"Be24 2bateriasx2\" srcset=\"\" sizes=\"(max-width: 284px) 100vw, 284px\" data-src=\"https:\/\/enertik.com\/ar\/wp-content\/uploads\/sites\/2\/imagenes\/baterias\/be24-2bateriasx2-1-284x300.webp\" data-srcset=\"https:\/\/enertik.com\/ar\/wp-content\/uploads\/sites\/2\/imagenes\/baterias\/be24-2bateriasx2-1-284x300.webp 284w, https:\/\/enertik.com\/ar\/wp-content\/uploads\/sites\/2\/imagenes\/baterias\/be24-2bateriasx2-1-757x800.webp 757w, https:\/\/enertik.com\/ar\/wp-content\/uploads\/sites\/2\/imagenes\/baterias\/be24-2bateriasx2-1-768x811.webp 768w, https:\/\/enertik.com\/ar\/wp-content\/uploads\/sites\/2\/imagenes\/baterias\/be24-2bateriasx2-1-860x908.webp 860w, https:\/\/enertik.com\/ar\/wp-content\/uploads\/sites\/2\/imagenes\/baterias\/be24-2bateriasx2-1-430x454.webp 430w, https:\/\/enertik.com\/ar\/wp-content\/uploads\/sites\/2\/imagenes\/baterias\/be24-2bateriasx2-1-700x739.webp 700w, https:\/\/enertik.com\/ar\/wp-content\/uploads\/sites\/2\/imagenes\/baterias\/be24-2bateriasx2-1-150x158.webp 150w, https:\/\/enertik.com\/ar\/wp-content\/uploads\/sites\/2\/imagenes\/baterias\/be24-2bateriasx2-1.webp 994w\" title=\"\">\t\t\t\t\t\t\t\t\t\t\t\t\t\t\t<\/div>\n\t\t\t\t<div class=\"elementor-element elementor-element-237e153 elementor-widget elementor-widget-image\" data-id=\"237e153\" data-element_type=\"widget\" data-e-type=\"widget\" data-widget_type=\"image.default\">\n\t\t\t\t\t\t\t\t\t\t\t\t\t\t\t<img decoding=\"async\" width=\"300\" height=\"128\" src=\"https:\/\/enertik.com\/ar\/wp-content\/themes\/woodmart\/images\/lazy.svg\" class=\"attachment-medium size-medium wp-image-12202 wd-lazy-fade\" alt=\"Be24 4baterias\" srcset=\"\" sizes=\"(max-width: 300px) 100vw, 300px\" data-src=\"https:\/\/enertik.com\/ar\/wp-content\/uploads\/sites\/2\/imagenes\/baterias\/be24-4baterias-1-300x128.webp\" data-srcset=\"https:\/\/enertik.com\/ar\/wp-content\/uploads\/sites\/2\/imagenes\/baterias\/be24-4baterias-1-300x128.webp 300w, https:\/\/enertik.com\/ar\/wp-content\/uploads\/sites\/2\/imagenes\/baterias\/be24-4baterias-1-1300x554.webp 1300w, https:\/\/enertik.com\/ar\/wp-content\/uploads\/sites\/2\/imagenes\/baterias\/be24-4baterias-1-768x328.webp 768w, https:\/\/enertik.com\/ar\/wp-content\/uploads\/sites\/2\/imagenes\/baterias\/be24-4baterias-1-1536x655.webp 1536w, https:\/\/enertik.com\/ar\/wp-content\/uploads\/sites\/2\/imagenes\/baterias\/be24-4baterias-1-860x367.webp 860w, https:\/\/enertik.com\/ar\/wp-content\/uploads\/sites\/2\/imagenes\/baterias\/be24-4baterias-1-430x183.webp 430w, https:\/\/enertik.com\/ar\/wp-content\/uploads\/sites\/2\/imagenes\/baterias\/be24-4baterias-1-700x299.webp 700w, https:\/\/enertik.com\/ar\/wp-content\/uploads\/sites\/2\/imagenes\/baterias\/be24-4baterias-1-150x64.webp 150w, https:\/\/enertik.com\/ar\/wp-content\/uploads\/sites\/2\/imagenes\/baterias\/be24-4baterias-1.webp 1810w\" title=\"\">\t\t\t\t\t\t\t\t\t\t\t\t\t\t\t<\/div>\n\t\t\t\t\t<\/div>\n\t\t<\/div>\n\t\t\t\t\t<\/div>\n\t\t<\/section>\n\t\t\t\t<section class=\"wd-negative-gap elementor-section elementor-top-section elementor-element elementor-element-899390f Link_Buttons elementor-section-boxed elementor-section-height-default elementor-section-height-default\" data-id=\"899390f\" data-element_type=\"section\" data-e-type=\"section\" data-settings=\"{&quot;background_background&quot;:&quot;classic&quot;}\">\n\t\t\t\t\t\t<div class=\"elementor-container elementor-column-gap-custom\">\n\t\t\t\t\t<div class=\"elementor-column elementor-col-100 elementor-top-column elementor-element elementor-element-89b7bb1\" data-id=\"89b7bb1\" data-element_type=\"column\" data-e-type=\"column\">\n\t\t\t<div class=\"elementor-widget-wrap elementor-element-populated\">\n\t\t\t\t\t\t<div class=\"elementor-element elementor-element-ef6742d elementor-view-framed elementor-shape-circle elementor-position-block-start elementor-mobile-position-block-start elementor-widget elementor-widget-icon-box\" data-id=\"ef6742d\" data-element_type=\"widget\" data-e-type=\"widget\" data-widget_type=\"icon-box.default\">\n\t\t\t\t\t\t\t<div class=\"elementor-icon-box-wrapper\">\n\n\t\t\t\t\t\t<div class=\"elementor-icon-box-icon\">\n\t\t\t\t<a href=\"https:\/\/enertik.com\/wp-content\/uploads\/sites\/2\/documentos\/manuales\/manual-balanceador-de-baterias-be-24.pdf\" target=\"_blank\" class=\"elementor-icon\" tabindex=\"-1\">\n\t\t\t\t<svg aria-hidden=\"true\" class=\"e-font-icon-svg e-fas-book\" viewBox=\"0 0 448 512\" xmlns=\"http:\/\/www.w3.org\/2000\/svg\"><path d=\"M448 360V24c0-13.3-10.7-24-24-24H96C43 0 0 43 0 96v320c0 53 43 96 96 96h328c13.3 0 24-10.7 24-24v-16c0-7.5-3.5-14.3-8.9-18.7-4.2-15.4-4.2-59.3 0-74.7 5.4-4.3 8.9-11.1 8.9-18.6zM128 134c0-3.3 2.7-6 6-6h212c3.3 0 6 2.7 6 6v20c0 3.3-2.7 6-6 6H134c-3.3 0-6-2.7-6-6v-20zm0 64c0-3.3 2.7-6 6-6h212c3.3 0 6 2.7 6 6v20c0 3.3-2.7 6-6 6H134c-3.3 0-6-2.7-6-6v-20zm253.4 250H96c-17.7 0-32-14.3-32-32 0-17.6 14.4-32 32-32h285.4c-1.9 17.1-1.9 46.9 0 64z\"><\/path><\/svg>\t\t\t\t<\/a>\n\t\t\t<\/div>\n\t\t\t\n\t\t\t\t\t\t<div class=\"elementor-icon-box-content\">\n\n\t\t\t\t\n\t\t\t\t\t\t\t\t\t<p class=\"elementor-icon-box-description\">\n\t\t\t\t\t\tMANUAL\t\t\t\t\t<\/p>\n\t\t\t\t\n\t\t\t<\/div>\n\t\t\t\n\t\t<\/div>\n\t\t\t\t\t\t<\/div>\n\t\t\t\t\t<\/div>\n\t\t<\/div>\n\t\t\t\t\t<\/div>\n\t\t<\/section>\n\t\t\t\t<\/div>\n\t\t","protected":false},"excerpt":{"rendered":"<p class=\"p1\">El balanceador de bater\u00edas Enertik BE24 se utiliza para las bater\u00edas de plomo-\u00e1cido de 12 VCC que est\u00e1n conectadas en serie para mantener el equilibrio del voltaje de la bater\u00eda. (Todas las bater\u00edas de plomo-\u00e1cido Gel \/ &#8211; Flood \/ AGM est\u00e1n bien).<br \/>\nLongitud de cables : 340 mm.<br \/>\nTiene protecci\u00f3n contra inversi\u00f3n de polaridad.<\/p>\n","protected":false},"featured_media":9266,"comment_status":"open","ping_status":"closed","template":"","meta":{"_relevanssi_hide_post":"","_relevanssi_hide_content":"","_relevanssi_pin_for_all":"","_relevanssi_pin_keywords":"","_relevanssi_unpin_keywords":"","_relevanssi_related_keywords":"","_relevanssi_related_include_ids":"","_relevanssi_related_exclude_ids":"","_relevanssi_related_no_append":"","_relevanssi_related_not_related":"","_relevanssi_related_posts":"","_relevanssi_noindex_reason":"","inline_featured_image":false},"product_brand":[],"product_cat":[5147,5148,1733],"product_tag":[1958],"class_list":{"0":"post-11411","1":"product","2":"type-product","3":"status-publish","4":"has-post-thumbnail","6":"product_cat-accesorios-materiales-electricos","7":"product_cat-accesorios-de-monitoreo-y-proteccion","8":"product_cat-baterias","9":"product_tag-nuevos","10":"pa_gtin-3540","11":"pa_marca-enertik","12":"pa_mpn-be24","13":"pa_voltaje-24v","15":"first","16":"instock","17":"taxable","18":"shipping-taxable","19":"purchasable","20":"product-type-simple"},"bundled_by":[],"bundle_stock_status":"instock","bundle_stock_quantity":122,"bundle_virtual":false,"bundle_layout":"","bundle_add_to_cart_form_location":"","bundle_editable_in_cart":false,"bundle_sold_individually_context":"","bundle_item_grouping":"","bundle_min_size":"","bundle_max_size":"","bundle_price":[],"bundled_items":[],"bundle_sell_ids":[],"group_of_quantity":0,"min_quantity":0,"max_quantity":30,"exclude_order_quantity_value_rules":"no","exclude_category_quantity_rules":"no","combine_variations":"no","exclude_global_add_ons":[],"addons":[],"_links":{"self":[{"href":"https:\/\/enertik.com\/ar\/wp-json\/wp\/v2\/product\/11411","targetHints":{"allow":["GET"]}}],"collection":[{"href":"https:\/\/enertik.com\/ar\/wp-json\/wp\/v2\/product"}],"about":[{"href":"https:\/\/enertik.com\/ar\/wp-json\/wp\/v2\/types\/product"}],"replies":[{"embeddable":true,"href":"https:\/\/enertik.com\/ar\/wp-json\/wp\/v2\/comments?post=11411"}],"version-history":[{"count":0,"href":"https:\/\/enertik.com\/ar\/wp-json\/wp\/v2\/product\/11411\/revisions"}],"wp:featuredmedia":[{"embeddable":true,"href":"https:\/\/enertik.com\/ar\/wp-json\/wp\/v2\/media\/9266"}],"wp:attachment":[{"href":"https:\/\/enertik.com\/ar\/wp-json\/wp\/v2\/media?parent=11411"}],"wp:term":[{"taxonomy":"product_brand","embeddable":true,"href":"https:\/\/enertik.com\/ar\/wp-json\/wp\/v2\/product_brand?post=11411"},{"taxonomy":"product_cat","embeddable":true,"href":"https:\/\/enertik.com\/ar\/wp-json\/wp\/v2\/product_cat?post=11411"},{"taxonomy":"product_tag","embeddable":true,"href":"https:\/\/enertik.com\/ar\/wp-json\/wp\/v2\/product_tag?post=11411"}],"curies":[{"name":"wp","href":"https:\/\/api.w.org\/{rel}","templated":true}]}}