{"id":11268,"date":"2023-02-21T11:16:49","date_gmt":"2023-02-21T14:16:49","guid":{"rendered":"https:\/\/test.enertik.com\/ar\/?post_type=product&#038;p=11268"},"modified":"2026-04-02T05:58:39","modified_gmt":"2026-04-02T08:58:39","slug":"reductor-de-continua-dc-24v-12v-20a","status":"publish","type":"product","link":"https:\/\/enertik.com\/ar\/tienda\/otros-productos\/convertidores-de-corriente-continua\/reductores\/reductor-de-continua-dc-24v-12v-20a\/","title":{"rendered":"Reductor de Continua DC 24V &#8211; 12V 20A"},"content":{"rendered":"\t\t<div data-elementor-type=\"product-post\" data-elementor-id=\"11268\" class=\"elementor elementor-11268\" data-elementor-post-type=\"product\">\n\t\t\t\t\t\t<section class=\"wd-negative-gap elementor-section elementor-top-section elementor-element elementor-element-75c6005 Product_Description elementor-section-boxed elementor-section-height-default elementor-section-height-default\" data-id=\"75c6005\" data-element_type=\"section\" data-e-type=\"section\">\n\t\t\t\t\t\t<div class=\"elementor-container elementor-column-gap-default\">\n\t\t\t\t\t<div class=\"elementor-column elementor-col-100 elementor-top-column elementor-element elementor-element-bf24f11\" data-id=\"bf24f11\" data-element_type=\"column\" data-e-type=\"column\" data-settings=\"{&quot;background_background&quot;:&quot;classic&quot;}\">\n\t\t\t<div class=\"elementor-widget-wrap elementor-element-populated\">\n\t\t\t\t\t\t<section class=\"wd-negative-gap elementor-section elementor-inner-section elementor-element elementor-element-3c71ade elementor-section-boxed elementor-section-height-default elementor-section-height-default\" data-id=\"3c71ade\" data-element_type=\"section\" data-e-type=\"section\">\n\t\t\t\t\t\t<div class=\"elementor-container elementor-column-gap-default\">\n\t\t\t\t\t<div class=\"elementor-column elementor-col-100 elementor-inner-column elementor-element elementor-element-4909899\" data-id=\"4909899\" data-element_type=\"column\" data-e-type=\"column\">\n\t\t\t<div class=\"elementor-widget-wrap elementor-element-populated\">\n\t\t\t\t\t\t<div class=\"elementor-element elementor-element-e10ab72 elementor-widget elementor-widget-wd_tabs\" data-id=\"e10ab72\" data-element_type=\"widget\" data-e-type=\"widget\" data-widget_type=\"wd_tabs.default\">\n\t\t\t\t<div class=\"elementor-widget-container\">\n\t\t\t\t\t\t\t<div class=\"wd-tabs tabs-design-default\">\n\t\t\t<div class=\"wd-tabs-header text-center\">\n\t\t\t\t\n\t\t\t\t\n\t\t\t\t<div class=\"wd-nav-wrapper wd-nav-tabs-wrapper wd-mb-action-swipe\">\n\t\t\t\t\t<ul class=\"wd-nav wd-nav-tabs wd-icon-pos-left wd-style-underline\">\n\t\t\t\t\t\t\t\t\t\t\t\t\t\n\t\t\t\t\t\t\t<li>\n\t\t\t\t\t\t\t\t<a href=\"#\" class=\"wd-nav-link\">\n\t\t\t\t\t\t\t\t\t\n\t\t\t\t\t\t\t\t\t<span class=\"nav-link-text wd-tabs-title\">\n\t\t\t\t\t\t\t\t\t\tDESCRIPCI\u00d3N\t\t\t\t\t\t\t\t\t<\/span>\n\t\t\t\t\t\t\t\t<\/a>\n\t\t\t\t\t\t\t<\/li>\n\n\t\t\t\t\t\t\t\t\t\t\t\t\t\n\t\t\t\t\t\t\t<li>\n\t\t\t\t\t\t\t\t<a href=\"#\" class=\"wd-nav-link\">\n\t\t\t\t\t\t\t\t\t\n\t\t\t\t\t\t\t\t\t<span class=\"nav-link-text wd-tabs-title\">\n\t\t\t\t\t\t\t\t\t\tESPECIFICACIONES\t\t\t\t\t\t\t\t\t<\/span>\n\t\t\t\t\t\t\t\t<\/a>\n\t\t\t\t\t\t\t<\/li>\n\n\t\t\t\t\t\t\t\t\t\t\t<\/ul>\n\t\t\t\t<\/div>\n\t\t\t<\/div>\n\n\t\t\t<div class=\"wd-tabs-content-wrapper\">\n\t\t\t\t\t\t\t\t\t\t\t\t\t\t\n\t\t\t\t\t<div class=\"wd-tab-content wd-entry-content\">\n\t\t\t\t\t\t\t\t\t\t\t\t\t<div >\n\t\t\t\t\t\t\t\t<h2>VENTAJAS<\/h2><ul class=\"ulMiddle\"><li class=\"ulBgColor\">Amplio rango de voltaje de entrada<\/li><li>Alta eficiencia de hasta 90%<\/li><li class=\"ulBgColor\">100% sellado para protecci\u00f3n contra agua, polvo y vibraciones<\/li><li>Tama\u00f1o y peso reducidos<\/li><li>Refrigeraci\u00f3n por convecci\u00f3n natural<\/li><li class=\"ulBgColor\">Protecciones con auto-recuperaci\u00f3n por: sobre-corriente, sobre-tensi\u00f3n, cortocircuito y sobre-temperatura<\/li><li>Negativo com\u00fan<\/li><li class=\"ulBgColor\">Normas: CE \/ RoHS \/ IP68<\/li><\/ul>\t\t\t\t\t\t\t<\/div>\n\t\t\t\t\t\t\t\t\t\t\t<\/div>\n\n\t\t\t\t\t\t\t\t\t\t\t\t\t\t\n\t\t\t\t\t<div class=\"wd-tab-content wd-entry-content\">\n\t\t\t\t\t\t\t\t\t\t\t\t\t<div >\n\t\t\t\t\t\t\t\t<table><tbody><tr class=\"tbBorderNone\"><td class=\"tbLeft\">Modelo<\/td><td>DC-24-1220<\/td><\/tr><tr class=\"tbBorderNone\"><td class=\"tbTit\" colspan=\"2\">Entrada<\/td><\/tr><tr><td class=\"tbLeft\">Tensi\u00f3n de entrada<\/td><td>24VCC<\/td><\/tr><tr class=\"tbBorderNone\"><td class=\"tbLeft\">Rango de tensi\u00f3n de entrada<\/td><td>18-35VCC<\/td><\/tr><tr class=\"tbBorderNone\"><td class=\"tbTit\" colspan=\"2\">Salida<\/td><\/tr><tr><td class=\"tbLeft\">Eficiencia<\/td><td>94% (media carga), 92% (carga completa)<\/td><\/tr><tr><td class=\"tbLeft\">Tensi\u00f3n de salida<\/td><td>12VCC<\/td><\/tr><tr><td class=\"tbLeft\">Corriente de salida<\/td><td>20A<\/td><\/tr><tr><td class=\"tbLeft\">Potencia nominal de salida<\/td><td>240W<\/td><\/tr><tr><td class=\"tbLeft\">Pico de potencia de salida<\/td><td>250W<\/td><\/tr><tr><td class=\"tbLeft\">Regulaci\u00f3n de voltaje<\/td><td>&lt;1%<\/td><\/tr><tr class=\"tbBorderNone\"><td class=\"tbLeft\">Ripple<\/td><td>&lt;50mv<\/td><\/tr><tr class=\"tbBorderNone\"><td class=\"tbTit\" colspan=\"2\">Protecci\u00f3n<\/td><\/tr><tr><td class=\"tbLeft\">Protecci\u00f3n por sobretensi\u00f3n<\/td><td>S\u00ed<\/td><\/tr><tr><td class=\"tbLeft\">Protecci\u00f3n de sobrecorriente<\/td><td>S\u00ed<\/td><\/tr><tr><td class=\"tbLeft\">Protecci\u00f3n de temperatura<\/td><td>S\u00ed<\/td><\/tr><tr class=\"tbBorderNone\"><td class=\"tbLeft\">Protecci\u00f3n de cortocircuito<\/td><td>S\u00ed<\/td><\/tr><tr class=\"tbBorderNone\"><td class=\"tbTit\" colspan=\"2\">Datos generales<\/td><\/tr><tr><td class=\"tbLeft\">Enfriamiento<\/td><td>Convecci\u00f3n<\/td><\/tr><tr><td class=\"tbLeft\">Temperatura de trabajo<\/td><td>-30\u00ba C ~ +80\u00ba C<\/td><\/tr><tr class=\"tbBorderNone\"><td class=\"tbLeft\">Grado de protecci\u00f3n<\/td><td>IP68<\/td><\/tr><tr><td class=\"tbTit\" colspan=\"2\">Especificaciones f\u00edsicas<\/td><\/tr><tr><td class=\"tbLeft\">Dimensiones (mm)<\/td><td>74 x 74 x 32<\/td><\/tr><tr><td class=\"tbLeft\">Peso neto (kg)<\/td><td>0.300<\/td><\/tr><\/tbody><\/table>\t\t\t\t\t\t\t<\/div>\n\t\t\t\t\t\t\t\t\t\t\t<\/div>\n\n\t\t\t\t\t\t\t<\/div>\n\t\t<\/div>\n\t\t\t\t\t\t<\/div>\n\t\t\t\t<\/div>\n\t\t\t\t\t<\/div>\n\t\t<\/div>\n\t\t\t\t\t<\/div>\n\t\t<\/section>\n\t\t\t\t\t<\/div>\n\t\t<\/div>\n\t\t\t\t\t<\/div>\n\t\t<\/section>\n\t\t\t\t<\/div>\n\t\t","protected":false},"excerpt":{"rendered":"<p>(Reductor 24V a 12V 20A) IP68. Carcasa de aluminio inyectado, sellado con resina epoxy. Alta eficiencia de hasta 90%. 100% sellado para protecci\u00f3n contra agua, polvo y vibraciones. Refrigeraci\u00f3n por convecci\u00f3n natural y protecciones con auto-recuperaci\u00f3n por: sobre-corriente, sobre-tensi\u00f3n, cortocircuito y sobre-temperatura. Tama\u00f1o y peso reducidos.<\/p>\n","protected":false},"featured_media":9954,"comment_status":"open","ping_status":"closed","template":"","meta":{"_relevanssi_hide_post":"","_relevanssi_hide_content":"","_relevanssi_pin_for_all":"","_relevanssi_pin_keywords":"","_relevanssi_unpin_keywords":"","_relevanssi_related_keywords":"","_relevanssi_related_include_ids":"","_relevanssi_related_exclude_ids":"","_relevanssi_related_no_append":"","_relevanssi_related_not_related":"","_relevanssi_related_posts":"","_relevanssi_noindex_reason":"","inline_featured_image":false},"product_brand":[],"product_cat":[1759,1761],"product_tag":[],"class_list":{"0":"post-11268","1":"product","2":"type-product","3":"status-publish","4":"has-post-thumbnail","6":"product_cat-convertidores-de-corriente-continua","7":"product_cat-reductores","8":"pa_corriente-20a","9":"pa_gtin-3496","10":"pa_marca-enertik","11":"pa_mpn-dc-24-1220","12":"pa_voltaje-24v","14":"first","15":"instock","16":"taxable","17":"shipping-taxable","18":"purchasable","19":"product-type-simple"},"bundled_by":[],"bundle_stock_status":"instock","bundle_stock_quantity":210,"bundle_virtual":false,"bundle_layout":"","bundle_add_to_cart_form_location":"","bundle_editable_in_cart":false,"bundle_sold_individually_context":"","bundle_item_grouping":"","bundle_min_size":"","bundle_max_size":"","bundle_price":[],"bundled_items":[],"bundle_sell_ids":[],"group_of_quantity":0,"min_quantity":0,"max_quantity":50,"exclude_order_quantity_value_rules":"no","exclude_category_quantity_rules":"no","combine_variations":"no","exclude_global_add_ons":[],"addons":[],"_links":{"self":[{"href":"https:\/\/enertik.com\/ar\/wp-json\/wp\/v2\/product\/11268","targetHints":{"allow":["GET"]}}],"collection":[{"href":"https:\/\/enertik.com\/ar\/wp-json\/wp\/v2\/product"}],"about":[{"href":"https:\/\/enertik.com\/ar\/wp-json\/wp\/v2\/types\/product"}],"replies":[{"embeddable":true,"href":"https:\/\/enertik.com\/ar\/wp-json\/wp\/v2\/comments?post=11268"}],"version-history":[{"count":0,"href":"https:\/\/enertik.com\/ar\/wp-json\/wp\/v2\/product\/11268\/revisions"}],"wp:featuredmedia":[{"embeddable":true,"href":"https:\/\/enertik.com\/ar\/wp-json\/wp\/v2\/media\/9954"}],"wp:attachment":[{"href":"https:\/\/enertik.com\/ar\/wp-json\/wp\/v2\/media?parent=11268"}],"wp:term":[{"taxonomy":"product_brand","embeddable":true,"href":"https:\/\/enertik.com\/ar\/wp-json\/wp\/v2\/product_brand?post=11268"},{"taxonomy":"product_cat","embeddable":true,"href":"https:\/\/enertik.com\/ar\/wp-json\/wp\/v2\/product_cat?post=11268"},{"taxonomy":"product_tag","embeddable":true,"href":"https:\/\/enertik.com\/ar\/wp-json\/wp\/v2\/product_tag?post=11268"}],"curies":[{"name":"wp","href":"https:\/\/api.w.org\/{rel}","templated":true}]}}